{"id":6309,"date":"2025-08-19T14:26:42","date_gmt":"2025-08-19T06:26:42","guid":{"rendered":"https:\/\/www.mekeltech.com\/?post_type=product&#038;p=6309"},"modified":"2025-11-07T11:26:37","modified_gmt":"2025-11-07T03:26:37","slug":"mekel-7kw-charging-station-for-tesla-models","status":"publish","type":"product","link":"https:\/\/www.mekeltech.com\/pt\/product\/mekel-7kw-charging-station-for-tesla-models\/","title":{"rendered":"Esta\u00e7\u00e3o de carregamento Mekel 7kW para modelos Tesla"},"content":{"rendered":"<div data-elementor-type=\"wp-post\" data-elementor-id=\"6309\" class=\"elementor elementor-6309\" data-elementor-post-type=\"product\">\n\t\t\t\t<div class=\"elementor-element elementor-element-70ef9f68 e-flex e-con-boxed e-con e-parent\" data-id=\"70ef9f68\" data-element_type=\"container\">\n\t\t\t\t\t<div class=\"e-con-inner\">\n\t\t\t\t<div class=\"elementor-element elementor-element-840ef34 elementor-widget elementor-widget-heading\" data-id=\"840ef34\" data-element_type=\"widget\" data-widget_type=\"heading.default\">\n\t\t\t\t<div class=\"elementor-widget-container\">\n\t\t\t\t\t<h2 class=\"elementor-heading-title elementor-size-default\">Seguran\u00e7a e integra\u00e7\u00e3o perfeita<\/h2>\t\t\t\t<\/div>\n\t\t\t\t<\/div>\n\t\t\t\t<div class=\"elementor-element elementor-element-753e2cf7 elementor-widget elementor-widget-text-editor\" data-id=\"753e2cf7\" data-element_type=\"widget\" data-widget_type=\"text-editor.default\">\n\t\t\t\t<div class=\"elementor-widget-container\">\n\t\t\t\t\t\t\t\t\t<p><strong>Esta\u00e7\u00e3o de carregamento AC 7kW EV fi\u00e1vel e compacta, optimizada para ve\u00edculos Tesla em ambientes residenciais e comerciais ligeiros:<\/strong> A esta\u00e7\u00e3o de carregamento de 7 kW da Mekel \u00e9 uma solu\u00e7\u00e3o potente e eficiente em termos de espa\u00e7o, especificamente concebida para uma compatibilidade perfeita com todos os modelos da Tesla, incluindo o Modelo 3, Modelo Y, Modelo S e Modelo X. Ideal para garagens dom\u00e9sticas, complexos de apartamentos ou pequenas empresas, inclui conectores compat\u00edveis com a Tesla, tais como as op\u00e7\u00f5es NACS (Norma de carregamento norte-americana), Tipo 2 e GBT para garantir uma adapta\u00e7\u00e3o universal nos mercados globais. Constru\u00eddo de acordo com as normas IEC 61851-1 e IEC 62196-2, este carregador proporciona um carregamento fi\u00e1vel e de elevado desempenho adaptado aos sistemas de bateria avan\u00e7ados da Tesla, promovendo uma transfer\u00eancia de energia eficiente e uma autonomia alargada do ve\u00edculo.<\/p>\t\t\t\t\t\t\t\t<\/div>\n\t\t\t\t<\/div>\n\t\t\t\t<div class=\"elementor-element elementor-element-423384aa elementor-widget__width-inherit elementor-widget elementor-widget-heading\" data-id=\"423384aa\" data-element_type=\"widget\" data-widget_type=\"heading.default\">\n\t\t\t\t<div class=\"elementor-widget-container\">\n\t\t\t\t\t<h2 class=\"elementor-heading-title elementor-size-default\">Principais especifica\u00e7\u00f5es t\u00e9cnicas da esta\u00e7\u00e3o de carregamento de 7kW<\/h2>\t\t\t\t<\/div>\n\t\t\t\t<\/div>\n\t\t\t\t<div class=\"elementor-element elementor-element-123ebf5 elementor-widget__width-initial elementor-widget elementor-widget-tablepress-table\" data-id=\"123ebf5\" data-element_type=\"widget\" data-widget_type=\"tablepress-table.default\">\n\t\t\t\t\t\n<table id=\"tablepress-24\" class=\"tablepress tablepress-id-24\">\n<tbody class=\"row-striping row-hover\">\n<tr class=\"row-1\">\n\t<td class=\"column-1\"><strong>Tens\u00e3o de entrada\/sa\u00edda<\/strong><\/td><td class=\"column-2\">230Vac +15%<\/td>\n<\/tr>\n<tr class=\"row-2\">\n\t<td class=\"column-1\"><strong>Corrente m\u00e1xima de carregamento<\/strong><\/td><td class=\"column-2\">32A (optimizado para as necessidades de carregamento de n\u00edvel 2 da Tesla)<\/td>\n<\/tr>\n<tr class=\"row-3\">\n\t<td class=\"column-1\"><strong>Frequ\u00eancia de funcionamento<\/strong><\/td><td class=\"column-2\">50Hz<\/td>\n<\/tr>\n<tr class=\"row-4\">\n\t<td class=\"column-1\"><strong>Gama de temperaturas de funcionamento<\/strong><\/td><td class=\"column-2\">-25\u00b0C a +50\u00b0C<\/td>\n<\/tr>\n<tr class=\"row-5\">\n\t<td class=\"column-1\"><strong>Intervalo de temperatura de armazenamento<strong><\/td><td class=\"column-2\">-40\u00b0C a +60\u00b0C<\/td>\n<\/tr>\n<tr class=\"row-6\">\n\t<td class=\"column-1\"><strong>Classifica\u00e7\u00e3o do inv\u00f3lucro<strong><\/td><td class=\"column-2\">IP65 (\u00e0 prova de p\u00f3 e protegido contra jactos de \u00e1gua, perfeito para o carregamento Tesla no exterior) <\/td>\n<\/tr>\n<tr class=\"row-7\">\n\t<td class=\"column-1\"><strong>Instala\u00e7\u00e3o<strong><\/td><td class=\"column-2\">Configura\u00e7\u00e3o flex\u00edvel de montagem na parede ou em pedestal <\/td>\n<\/tr>\n<tr class=\"row-8\">\n\t<td class=\"column-1\"><strong>Dimens\u00f5es<strong><\/td><td class=\"column-2\">186 mm x 354 mm x 111 mm <\/td>\n<\/tr>\n<tr class=\"row-9\">\n\t<td class=\"column-1\"><strong>Comunica\u00e7\u00e3o<strong><\/td><td class=\"column-2\">HCI Bluetooth \/ Wi-Fi \/ 4G (para uma f\u00e1cil integra\u00e7\u00e3o com o ecossistema de aplica\u00e7\u00f5es da Tesla) <\/td>\n<\/tr>\n<tr class=\"row-10\">\n\t<td class=\"column-1\"><strong>Certifica\u00e7\u00e3o<strong><\/td><td class=\"column-2\">Em conformidade com a norma CE<\/td>\n<\/tr>\n<\/tbody>\n<\/table>\n\t\t\t\t<\/div>\n\t\t\t\t<div class=\"elementor-element elementor-element-5df35276 elementor-widget__width-inherit elementor-widget elementor-widget-heading\" data-id=\"5df35276\" data-element_type=\"widget\" data-widget_type=\"heading.default\">\n\t\t\t\t<div class=\"elementor-widget-container\">\n\t\t\t\t\t<h2 class=\"elementor-heading-title elementor-size-default\">Carater\u00edsticas de seguran\u00e7a multi-camadas incorporadas<\/h2>\t\t\t\t<\/div>\n\t\t\t\t<\/div>\n\t\t\t\t<div class=\"elementor-element elementor-element-2c0e90f5 elementor-widget elementor-widget-text-editor\" data-id=\"2c0e90f5\" data-element_type=\"widget\" data-widget_type=\"text-editor.default\">\n\t\t\t\t<div class=\"elementor-widget-container\">\n\t\t\t\t\t\t\t\t\t<p>Concebida a pensar nos propriet\u00e1rios de Tesla, a esta\u00e7\u00e3o de carregamento de 7kW inclui protec\u00e7\u00f5es abrangentes para salvaguardar o seu ve\u00edculo:<\/p><ul><li>Prote\u00e7\u00e3o contra sobre\/subtens\u00e3o<\/li><li>Limita\u00e7\u00e3o de sobrecorrente<\/li><li>Monitoriza\u00e7\u00e3o e corte de temperatura (ativa-se a 80\u00b0C, recupera a 60\u00b0C)<\/li><li>Prote\u00e7\u00e3o contra corrente de fuga<\/li><li>Circuito de seguran\u00e7a de liga\u00e7\u00e3o do rel\u00e9<\/li><li>Bot\u00e3o de paragem de emerg\u00eancia<\/li><\/ul>\t\t\t\t\t\t\t\t<\/div>\n\t\t\t\t<\/div>\n\t\t\t\t<div class=\"elementor-element elementor-element-2342652f elementor-widget__width-inherit elementor-widget elementor-widget-heading\" data-id=\"2342652f\" data-element_type=\"widget\" data-widget_type=\"heading.default\">\n\t\t\t\t<div class=\"elementor-widget-container\">\n\t\t\t\t\t<h2 class=\"elementor-heading-title elementor-size-default\">Modos operacionais inteligentes para compatibilidade com a Tesla<\/h2>\t\t\t\t<\/div>\n\t\t\t\t<\/div>\n\t\t\t\t<div class=\"elementor-element elementor-element-574d319f elementor-widget elementor-widget-text-editor\" data-id=\"574d319f\" data-element_type=\"widget\" data-widget_type=\"text-editor.default\">\n\t\t\t\t<div class=\"elementor-widget-container\">\n\t\t\t\t\t\t\t\t\t<ul><li><b><\/b>M\u00faltiplas op\u00e7\u00f5es de inicia\u00e7\u00e3o de carregamento (App, RFID)<\/li><li>Supervis\u00e3o da temperatura em tempo real para proteger as baterias Tesla<\/li><li>Sa\u00edda de corrente adapt\u00e1velBaseada nas condi\u00e7\u00f5es de carga, alinhando-se com as exig\u00eancias din\u00e2micas de energia da Tesla<\/li><li>Indica\u00e7\u00e3o do estado de carregamento:<br \/><strong>Inativo:<\/strong> Verde s\u00f3lido<br \/><strong>Liga\u00e7\u00e3o:<\/strong> Verde intermitente<br \/><strong>Carregamento:<\/strong> Azul intermitente<br \/><strong>Completo:<\/strong> S\u00f3lido azul<br \/><strong>Erro:<\/strong> Vermelho intermitente com c\u00f3digos de diagn\u00f3stico<\/li><\/ul>\t\t\t\t\t\t\t\t<\/div>\n\t\t\t\t<\/div>\n\t\t\t\t<div class=\"elementor-element elementor-element-6b688abf elementor-widget__width-inherit elementor-widget elementor-widget-heading\" data-id=\"6b688abf\" data-element_type=\"widget\" data-widget_type=\"heading.default\">\n\t\t\t\t<div class=\"elementor-widget-container\">\n\t\t\t\t\t<h2 class=\"elementor-heading-title elementor-size-default\">Processo de carregamento simples e seguro para ve\u00edculos Tesla<\/h2>\t\t\t\t<\/div>\n\t\t\t\t<\/div>\n\t\t\t\t<div class=\"elementor-element elementor-element-2498198 elementor-widget elementor-widget-text-editor\" data-id=\"2498198\" data-element_type=\"widget\" data-widget_type=\"text-editor.default\">\n\t\t\t\t<div class=\"elementor-widget-container\">\n\t\t\t\t\t\t\t\t\t<p>Ligue a esta\u00e7\u00e3o de carregamento de 7 kW ao seu Tesla e esta inicia automaticamente o fornecimento de energia, reconhecendo e adaptando-se aos requisitos do seu ve\u00edculo. O sistema de controlo inteligente integra-se com aplica\u00e7\u00f5es compat\u00edveis, permitindo aos propriet\u00e1rios de Tesla monitorizar, pausar ou parar o carregamento remotamente - reduzindo o esfor\u00e7o manual e maximizando a conveni\u00eancia e a sa\u00fade da bateria.<\/p>\t\t\t\t\t\t\t\t<\/div>\n\t\t\t\t<\/div>\n\t\t\t\t<div class=\"elementor-element elementor-element-cba0402 elementor-widget elementor-widget-heading\" data-id=\"cba0402\" data-element_type=\"widget\" data-widget_type=\"heading.default\">\n\t\t\t\t<div class=\"elementor-widget-container\">\n\t\t\t\t\t<h2 class=\"elementor-heading-title elementor-size-default\">Instala\u00e7\u00e3o e funcionamento - Plug and Power para propriet\u00e1rios de Tesla<\/h2>\t\t\t\t<\/div>\n\t\t\t\t<\/div>\n\t\t\t\t<div class=\"elementor-element elementor-element-abd6745 elementor-widget elementor-widget-text-editor\" data-id=\"abd6745\" data-element_type=\"widget\" data-widget_type=\"text-editor.default\">\n\t\t\t\t<div class=\"elementor-widget-container\">\n\t\t\t\t\t\t\t\t\t<p>Concebida para uma configura\u00e7\u00e3o r\u00e1pida, a esta\u00e7\u00e3o de carregamento de 7 kW \u00e9 perfeita para os entusiastas da Tesla. Quer seja montada na parede na sua garagem ou num pedestal no exterior, a sua caixa IP65 resistente \u00e0s intemp\u00e9ries garante a durabilidade em qualquer ambiente sem comprometer a velocidade ou a efici\u00eancia do carregamento.<\/p>\t\t\t\t\t\t\t\t<\/div>\n\t\t\t\t<\/div>\n\t\t\t\t<div class=\"elementor-element elementor-element-bb10f07 elementor-widget elementor-widget-heading\" data-id=\"bb10f07\" data-element_type=\"widget\" data-widget_type=\"heading.default\">\n\t\t\t\t<div class=\"elementor-widget-container\">\n\t\t\t\t\t<h2 class=\"elementor-heading-title elementor-size-default\">Porqu\u00ea escolher esta esta\u00e7\u00e3o de carregamento Mekel 7kW para o seu Tesla?<\/h2>\t\t\t\t<\/div>\n\t\t\t\t<\/div>\n\t\t\t\t<div class=\"elementor-element elementor-element-8166f19 elementor-widget elementor-widget-text-editor\" data-id=\"8166f19\" data-element_type=\"widget\" data-widget_type=\"text-editor.default\">\n\t\t\t\t<div class=\"elementor-widget-container\">\n\t\t\t\t\t\t\t\t\t<ul><li><b><\/b><strong><b>Seguran\u00e7a certificada<\/b><\/strong>: Conjunto completo de carater\u00edsticas de prote\u00e7\u00e3o para um carregamento di\u00e1rio sem preocupa\u00e7\u00f5es dos modelos Tesla.<\/li><li><b><\/b><strong><b>Controlo inteligente de aplica\u00e7\u00f5es<\/b><\/strong>: Liga-se \u00e0 aplica\u00e7\u00e3o \"Homelife\" para gest\u00e3o remota, complementando a conetividade pr\u00f3pria da Tesla.<\/li><li><b><\/b><strong><b>Sem ecr\u00e3, sem complica\u00e7\u00f5es<\/b><\/strong>: Design simplificado centrado na fiabilidade e facilidade, ideal para configura\u00e7\u00f5es de carregamento dom\u00e9stico Tesla.<\/li><\/ul>\t\t\t\t\t\t\t\t<\/div>\n\t\t\t\t<\/div>\n\t\t\t\t\t<\/div>\n\t\t\t\t<\/div>\n\t\t\t\t<\/div>","protected":false},"excerpt":{"rendered":"<p>Seguran\u00e7a e integra\u00e7\u00e3o perfeita Esta\u00e7\u00e3o de carregamento AC 7kW EV fi\u00e1vel e compacta optimizada para ve\u00edculos Tesla em ambientes residenciais e comerciais ligeiros: A esta\u00e7\u00e3o de carregamento 7kW da Mekel \u00e9 uma solu\u00e7\u00e3o potente e eficiente em termos de espa\u00e7o, especificamente concebida para uma compatibilidade perfeita com todos os modelos Tesla, incluindo o Modelo 3, Modelo Y, Modelo S e Modelo X. Ideal para garagens dom\u00e9sticas, [...]<\/p>","protected":false},"author":5,"featured_media":6310,"menu_order":0,"template":"","format":"standard","meta":{"_acf_changed":false,"site-sidebar-layout":"no-sidebar","site-content-layout":"page-builder","ast-site-content-layout":"full-width-container","site-content-style":"default","site-sidebar-style":"default","ast-global-header-display":"","ast-banner-title-visibility":"","ast-main-header-display":"","ast-hfb-above-header-display":"","ast-hfb-below-header-display":"","ast-hfb-mobile-header-display":"","site-post-title":"disabled","ast-breadcrumbs-content":"","ast-featured-img":"disabled","footer-sml-layout":"","ast-disable-related-posts":"","theme-transparent-header-meta":"","adv-header-id-meta":"","stick-header-meta":"","header-above-stick-meta":"","header-main-stick-meta":"","header-below-stick-meta":"","astra-migrate-meta-layouts":"set","ast-page-background-enabled":"default","ast-page-background-meta":{"desktop":{"background-color":"","background-image":"","background-repeat":"repeat","background-position":"center center","background-size":"auto","background-attachment":"scroll","background-type":"","background-media":"","overlay-type":"","overlay-color":"","overlay-opacity":"","overlay-gradient":""},"tablet":{"background-color":"","background-image":"","background-repeat":"repeat","background-position":"center center","background-size":"auto","background-attachment":"scroll","background-type":"","background-media":"","overlay-type":"","overlay-color":"","overlay-opacity":"","overlay-gradient":""},"mobile":{"background-color":"","background-image":"","background-repeat":"repeat","background-position":"center center","background-size":"auto","background-attachment":"scroll","background-type":"","background-media":"","overlay-type":"","overlay-color":"","overlay-opacity":"","overlay-gradient":""}},"ast-content-background-meta":{"desktop":{"background-color":"var(--ast-global-color-5)","background-image":"","background-repeat":"repeat","background-position":"center center","background-size":"auto","background-attachment":"scroll","background-type":"","background-media":"","overlay-type":"","overlay-color":"","overlay-opacity":"","overlay-gradient":""},"tablet":{"background-color":"var(--ast-global-color-5)","background-image":"","background-repeat":"repeat","background-position":"center center","background-size":"auto","background-attachment":"scroll","background-type":"","background-media":"","overlay-type":"","overlay-color":"","overlay-opacity":"","overlay-gradient":""},"mobile":{"background-color":"var(--ast-global-color-5)","background-image":"","background-repeat":"repeat","background-position":"center center","background-size":"auto","background-attachment":"scroll","background-type":"","background-media":"","overlay-type":"","overlay-color":"","overlay-opacity":"","overlay-gradient":""}},"footnotes":""},"product-category":[86,124],"product-tag":[],"class_list":["post-6309","product","type-product","status-publish","format-standard","has-post-thumbnail","hentry","product-category-charging-stations","product-category-tesla-charger"],"acf":[],"_links":{"self":[{"href":"https:\/\/www.mekeltech.com\/pt\/wp-json\/wp\/v2\/product\/6309","targetHints":{"allow":["GET"]}}],"collection":[{"href":"https:\/\/www.mekeltech.com\/pt\/wp-json\/wp\/v2\/product"}],"about":[{"href":"https:\/\/www.mekeltech.com\/pt\/wp-json\/wp\/v2\/types\/product"}],"author":[{"embeddable":true,"href":"https:\/\/www.mekeltech.com\/pt\/wp-json\/wp\/v2\/users\/5"}],"version-history":[{"count":16,"href":"https:\/\/www.mekeltech.com\/pt\/wp-json\/wp\/v2\/product\/6309\/revisions"}],"predecessor-version":[{"id":8053,"href":"https:\/\/www.mekeltech.com\/pt\/wp-json\/wp\/v2\/product\/6309\/revisions\/8053"}],"wp:featuredmedia":[{"embeddable":true,"href":"https:\/\/www.mekeltech.com\/pt\/wp-json\/wp\/v2\/media\/6310"}],"wp:attachment":[{"href":"https:\/\/www.mekeltech.com\/pt\/wp-json\/wp\/v2\/media?parent=6309"}],"wp:term":[{"taxonomy":"product-category","embeddable":true,"href":"https:\/\/www.mekeltech.com\/pt\/wp-json\/wp\/v2\/product-category?post=6309"},{"taxonomy":"product-tag","embeddable":true,"href":"https:\/\/www.mekeltech.com\/pt\/wp-json\/wp\/v2\/product-tag?post=6309"}],"curies":[{"name":"wp","href":"https:\/\/api.w.org\/{rel}","templated":true}]}}