{"id":6293,"date":"2025-08-19T14:11:01","date_gmt":"2025-08-19T06:11:01","guid":{"rendered":"https:\/\/www.mekeltech.com\/?post_type=product&#038;p=6293"},"modified":"2025-11-07T11:26:58","modified_gmt":"2025-11-07T03:26:58","slug":"mekel-7kw-charging-station-for-hyundai-electric-vehicles","status":"publish","type":"product","link":"https:\/\/www.mekeltech.com\/pt\/product\/mekel-7kw-charging-station-for-hyundai-electric-vehicles\/","title":{"rendered":"Esta\u00e7\u00e3o de carregamento Mekel 7kW para ve\u00edculos el\u00e9ctricos Hyundai"},"content":{"rendered":"<div data-elementor-type=\"wp-post\" data-elementor-id=\"6293\" class=\"elementor elementor-6293\" data-elementor-post-type=\"product\">\n\t\t\t\t<div class=\"elementor-element elementor-element-4efdc9a2 e-flex e-con-boxed e-con e-parent\" data-id=\"4efdc9a2\" data-element_type=\"container\">\n\t\t\t\t\t<div class=\"e-con-inner\">\n\t\t\t\t<div class=\"elementor-element elementor-element-86027d2 elementor-widget elementor-widget-heading\" data-id=\"86027d2\" data-element_type=\"widget\" data-widget_type=\"heading.default\">\n\t\t\t\t<div class=\"elementor-widget-container\">\n\t\t\t\t\t<h2 class=\"elementor-heading-title elementor-size-default\">Dependable &amp; User-Friendly Design<\/h2>\t\t\t\t<\/div>\n\t\t\t\t<\/div>\n\t\t\t\t<div class=\"elementor-element elementor-element-1aee0b14 elementor-widget elementor-widget-text-editor\" data-id=\"1aee0b14\" data-element_type=\"widget\" data-widget_type=\"text-editor.default\">\n\t\t\t\t<div class=\"elementor-widget-container\">\n\t\t\t\t\t\t\t\t\t<p><strong>Compact, High-Performance AC 7kW Charging Station Tailored for Hyundai EVs in Home and Small Business Environments:<\/strong> The Mekel 7kW Charging Station for Hyundai Electric Vehicle is a robust, space-saving solution crafted for seamless integration with all Hyundai electric vehicle models, such as the IONIQ 5, IONIQ 6, KONA Electric, and SANTA FE Plug-in Hybrid. Perfect for residential garages, apartment complexes, or light commercial settings, it offers Hyundai-compatible connectors like Type 2, CCS, and NACS for global compatibility. Adhering to IEC 61851-1 and IEC 62196-2 standards, this charger ensures consistent, high-efficiency charging optimized for Hyundai\u2019s sophisticated battery technology, supporting enhanced energy delivery and prolonged driving range.<\/p>\t\t\t\t\t\t\t\t<\/div>\n\t\t\t\t<\/div>\n\t\t\t\t<div class=\"elementor-element elementor-element-18211e0 elementor-widget elementor-widget-heading\" data-id=\"18211e0\" data-element_type=\"widget\" data-widget_type=\"heading.default\">\n\t\t\t\t<div class=\"elementor-widget-container\">\n\t\t\t\t\t<h2 class=\"elementor-heading-title elementor-size-default\">Technical Specifications of 7kW Charging Station for Hyundai Electric Vehicles<\/h2>\t\t\t\t<\/div>\n\t\t\t\t<\/div>\n\t\t\t\t<div class=\"elementor-element elementor-element-6f5c225 elementor-widget__width-initial elementor-widget elementor-widget-tablepress-table\" data-id=\"6f5c225\" data-element_type=\"widget\" data-widget_type=\"tablepress-table.default\">\n\t\t\t\t\t\n<table id=\"tablepress-23\" class=\"tablepress tablepress-id-23\">\n<tbody class=\"row-striping row-hover\">\n<tr class=\"row-1\">\n\t<td class=\"column-1\"><strong>Tens\u00e3o de entrada\/sa\u00edda<\/strong><\/td><td class=\"column-2\">230Vac +15%<\/td>\n<\/tr>\n<tr class=\"row-2\">\n\t<td class=\"column-1\"><strong>Corrente m\u00e1xima de carregamento<\/strong><\/td><td class=\"column-2\">32A(fine-tuned for Hyundai\u2019s Level 2 charging requirements) <\/td>\n<\/tr>\n<tr class=\"row-3\">\n\t<td class=\"column-1\"><strong>Frequ\u00eancia de funcionamento<\/strong><\/td><td class=\"column-2\">50Hz<\/td>\n<\/tr>\n<tr class=\"row-4\">\n\t<td class=\"column-1\"><strong>Temperatura de funcionamento<\/strong><\/td><td class=\"column-2\">-25\u00b0C a +50\u00b0C<\/td>\n<\/tr>\n<tr class=\"row-5\">\n\t<td class=\"column-1\"><strong>Temperatura de armazenamento<strong><\/td><td class=\"column-2\">-40\u00b0C a +60\u00b0C<\/td>\n<\/tr>\n<tr class=\"row-6\">\n\t<td class=\"column-1\"><strong>Classifica\u00e7\u00e3o do inv\u00f3lucro<strong><\/td><td class=\"column-2\">IP65(dust-proof and resistant to water jets, ideal for outdoor Hyundai charging)  <\/td>\n<\/tr>\n<tr class=\"row-7\">\n\t<td class=\"column-1\"><strong>Installation Options<strong><\/td><td class=\"column-2\">Versatile wall or pedestal mounting <\/td>\n<\/tr>\n<tr class=\"row-8\">\n\t<td class=\"column-1\"><strong>Dimens\u00f5es<strong><\/td><td class=\"column-2\">186 mm x 354 mm x 111 mm <\/td>\n<\/tr>\n<tr class=\"row-9\">\n\t<td class=\"column-1\"><strong>Conectividade<strong><\/td><td class=\"column-2\">HCI Bluetooth, Wi-Fi, and 4G <\/td>\n<\/tr>\n<tr class=\"row-10\">\n\t<td class=\"column-1\"><strong>Certifica\u00e7\u00e3o<strong><\/td><td class=\"column-2\">Em conformidade com a norma CE<\/td>\n<\/tr>\n<\/tbody>\n<\/table>\n\t\t\t\t<\/div>\n\t\t\t\t<div class=\"elementor-element elementor-element-7ad9a17c elementor-widget__width-inherit elementor-widget elementor-widget-heading\" data-id=\"7ad9a17c\" data-element_type=\"widget\" data-widget_type=\"heading.default\">\n\t\t\t\t<div class=\"elementor-widget-container\">\n\t\t\t\t\t<h2 class=\"elementor-heading-title elementor-size-default\">Advanced Safety Features<\/h2>\t\t\t\t<\/div>\n\t\t\t\t<\/div>\n\t\t\t\t<div class=\"elementor-element elementor-element-323125d7 elementor-widget elementor-widget-text-editor\" data-id=\"323125d7\" data-element_type=\"widget\" data-widget_type=\"text-editor.default\">\n\t\t\t\t<div class=\"elementor-widget-container\">\n\t\t\t\t\t\t\t\t\t<p>Tailored for Hyundai EV owners, the 7kW Charging Station for Hyundai Electric Vehicles incorporate a robust set of protective mechanisms to ensure vehicle safety:<\/p><ul><li>Over\/Under-Voltage Safeguards<\/li><li>Overcurrent Protection<\/li><li>Temperature Monitoring with Auto-Shutdown (Triggers at 80\u00b0C, resumes at 60\u00b0C)<\/li><li>Leakage Current Detection<\/li><li>Relay Bonding Safety System<\/li><li>Emergency Stop Function<\/li><\/ul>\t\t\t\t\t\t\t\t<\/div>\n\t\t\t\t<\/div>\n\t\t\t\t<div class=\"elementor-element elementor-element-5b959abc elementor-widget__width-inherit elementor-widget elementor-widget-heading\" data-id=\"5b959abc\" data-element_type=\"widget\" data-widget_type=\"heading.default\">\n\t\t\t\t<div class=\"elementor-widget-container\">\n\t\t\t\t\t<h2 class=\"elementor-heading-title elementor-size-default\">Intelligent Charging Modes for Hyundai EVs<\/h2>\t\t\t\t<\/div>\n\t\t\t\t<\/div>\n\t\t\t\t<div class=\"elementor-element elementor-element-34c006 elementor-widget elementor-widget-text-editor\" data-id=\"34c006\" data-element_type=\"widget\" data-widget_type=\"text-editor.default\">\n\t\t\t\t<div class=\"elementor-widget-container\">\n\t\t\t\t\t\t\t\t\t<ul><li>Flexible Charging Activation (App or RFID)<\/li><li>Real-Time Thermal Monitoring to protect Hyundai battery systems<\/li><li>Dynamic Current Adjustment to match Hyundai\u2019s power requirements<\/li><li>Charging Status Indicators:<br \/><strong>Inativo:<\/strong> Steady green<br \/><strong>Connected:<\/strong> Flashing green<br \/><strong>Carregamento:<\/strong> Flashing blue<br \/><strong>Finished:<\/strong> Steady blue<br \/><strong>Fault:<\/strong> Flashing red with error codes<\/li><\/ul>\t\t\t\t\t\t\t\t<\/div>\n\t\t\t\t<\/div>\n\t\t\t\t<div class=\"elementor-element elementor-element-6966b969 elementor-widget__width-inherit elementor-widget elementor-widget-heading\" data-id=\"6966b969\" data-element_type=\"widget\" data-widget_type=\"heading.default\">\n\t\t\t\t<div class=\"elementor-widget-container\">\n\t\t\t\t\t<h2 class=\"elementor-heading-title elementor-size-default\">Effortless, Secure Charging for Hyundai EVs<\/h2>\t\t\t\t<\/div>\n\t\t\t\t<\/div>\n\t\t\t\t<div class=\"elementor-element elementor-element-1d691e9b elementor-widget elementor-widget-text-editor\" data-id=\"1d691e9b\" data-element_type=\"widget\" data-widget_type=\"text-editor.default\">\n\t\t\t\t<div class=\"elementor-widget-container\">\n\t\t\t\t\t\t\t\t\t<p>Simply plug 7kW Charging Station for Hyundai Electric Vehicles into your Hyundai EV, and it automatically begins power delivery, adapting to your vehicle\u2019s specific needs. Its smart system syncs with compatible apps, enabling Hyundai owners to remotely monitor, pause, or stop charging, ensuring ease of use and optimal battery performance with minimal effort.<\/p>\t\t\t\t\t\t\t\t<\/div>\n\t\t\t\t<\/div>\n\t\t\t\t<div class=\"elementor-element elementor-element-1ddabbac elementor-widget__width-inherit elementor-widget elementor-widget-heading\" data-id=\"1ddabbac\" data-element_type=\"widget\" data-widget_type=\"heading.default\">\n\t\t\t\t<div class=\"elementor-widget-container\">\n\t\t\t\t\t<h2 class=\"elementor-heading-title elementor-size-default\">Easy Setup &amp; Operation \u2013 Power Up Your Hyundai<\/h2>\t\t\t\t<\/div>\n\t\t\t\t<\/div>\n\t\t\t\t<div class=\"elementor-element elementor-element-33f65ee elementor-widget elementor-widget-text-editor\" data-id=\"33f65ee\" data-element_type=\"widget\" data-widget_type=\"text-editor.default\">\n\t\t\t\t<div class=\"elementor-widget-container\">\n\t\t\t\t\t\t\t\t\t<p>Designed for straightforward installation, the 7kW Charging Station is ideal for Hyundai EV drivers. Whether mounted on a garage wall or set up as a freestanding pedestal outdoors, its IP65-rated, weatherproof enclosure guarantees durability in any setting while maintaining top charging performance.<\/p>\t\t\t\t\t\t\t\t<\/div>\n\t\t\t\t<\/div>\n\t\t\t\t<div class=\"elementor-element elementor-element-6265403 elementor-widget elementor-widget-heading\" data-id=\"6265403\" data-element_type=\"widget\" data-widget_type=\"heading.default\">\n\t\t\t\t<div class=\"elementor-widget-container\">\n\t\t\t\t\t<h2 class=\"elementor-heading-title elementor-size-default\">Why Choose the Mekel 7kW Charging Station for Your Hyundai EV?<\/h2>\t\t\t\t<\/div>\n\t\t\t\t<\/div>\n\t\t\t\t<div class=\"elementor-element elementor-element-6766460 elementor-widget elementor-widget-text-editor\" data-id=\"6766460\" data-element_type=\"widget\" data-widget_type=\"text-editor.default\">\n\t\t\t\t<div class=\"elementor-widget-container\">\n\t\t\t\t\t\t\t\t\t<ul><li>Certified Safety: Comprehensive protective features for reliable, daily charging of Hyundai EVs.<\/li><li>Smart Connectivity: Links to the \u201cHomelife\u201d app for remote control, enhancing Hyundai\u2019s connected features.<\/li><li>Minimalist Design: No screen, no complexity \u2013 a reliable, user-friendly solution for Hyundai home charging.<\/li><\/ul>\t\t\t\t\t\t\t\t<\/div>\n\t\t\t\t<\/div>\n\t\t\t\t\t<\/div>\n\t\t\t\t<\/div>\n\t\t\t\t<\/div>","protected":false},"excerpt":{"rendered":"<p>Dependable &amp; User-Friendly Design Compact, High-Performance AC 7kW Charging Station Tailored for Hyundai EVs in Home and Small Business Environments: The Mekel 7kW Charging Station for Hyundai Electric Vehicle is a robust, space-saving solution crafted for seamless integration with all Hyundai electric vehicle models, such as the IONIQ 5, IONIQ 6, KONA Electric, and SANTA [&hellip;]<\/p>","protected":false},"author":5,"featured_media":6294,"menu_order":0,"template":"","format":"standard","meta":{"_acf_changed":false,"site-sidebar-layout":"no-sidebar","site-content-layout":"page-builder","ast-site-content-layout":"full-width-container","site-content-style":"default","site-sidebar-style":"default","ast-global-header-display":"","ast-banner-title-visibility":"","ast-main-header-display":"","ast-hfb-above-header-display":"","ast-hfb-below-header-display":"","ast-hfb-mobile-header-display":"","site-post-title":"disabled","ast-breadcrumbs-content":"","ast-featured-img":"disabled","footer-sml-layout":"","ast-disable-related-posts":"","theme-transparent-header-meta":"","adv-header-id-meta":"","stick-header-meta":"","header-above-stick-meta":"","header-main-stick-meta":"","header-below-stick-meta":"","astra-migrate-meta-layouts":"set","ast-page-background-enabled":"default","ast-page-background-meta":{"desktop":{"background-color":"","background-image":"","background-repeat":"repeat","background-position":"center center","background-size":"auto","background-attachment":"scroll","background-type":"","background-media":"","overlay-type":"","overlay-color":"","overlay-opacity":"","overlay-gradient":""},"tablet":{"background-color":"","background-image":"","background-repeat":"repeat","background-position":"center center","background-size":"auto","background-attachment":"scroll","background-type":"","background-media":"","overlay-type":"","overlay-color":"","overlay-opacity":"","overlay-gradient":""},"mobile":{"background-color":"","background-image":"","background-repeat":"repeat","background-position":"center center","background-size":"auto","background-attachment":"scroll","background-type":"","background-media":"","overlay-type":"","overlay-color":"","overlay-opacity":"","overlay-gradient":""}},"ast-content-background-meta":{"desktop":{"background-color":"var(--ast-global-color-5)","background-image":"","background-repeat":"repeat","background-position":"center center","background-size":"auto","background-attachment":"scroll","background-type":"","background-media":"","overlay-type":"","overlay-color":"","overlay-opacity":"","overlay-gradient":""},"tablet":{"background-color":"var(--ast-global-color-5)","background-image":"","background-repeat":"repeat","background-position":"center center","background-size":"auto","background-attachment":"scroll","background-type":"","background-media":"","overlay-type":"","overlay-color":"","overlay-opacity":"","overlay-gradient":""},"mobile":{"background-color":"var(--ast-global-color-5)","background-image":"","background-repeat":"repeat","background-position":"center center","background-size":"auto","background-attachment":"scroll","background-type":"","background-media":"","overlay-type":"","overlay-color":"","overlay-opacity":"","overlay-gradient":""}},"footnotes":""},"product-category":[86,125],"product-tag":[],"class_list":["post-6293","product","type-product","status-publish","format-standard","has-post-thumbnail","hentry","product-category-charging-stations","product-category-hyundai-charger"],"acf":[],"_links":{"self":[{"href":"https:\/\/www.mekeltech.com\/pt\/wp-json\/wp\/v2\/product\/6293","targetHints":{"allow":["GET"]}}],"collection":[{"href":"https:\/\/www.mekeltech.com\/pt\/wp-json\/wp\/v2\/product"}],"about":[{"href":"https:\/\/www.mekeltech.com\/pt\/wp-json\/wp\/v2\/types\/product"}],"author":[{"embeddable":true,"href":"https:\/\/www.mekeltech.com\/pt\/wp-json\/wp\/v2\/users\/5"}],"version-history":[{"count":22,"href":"https:\/\/www.mekeltech.com\/pt\/wp-json\/wp\/v2\/product\/6293\/revisions"}],"predecessor-version":[{"id":6804,"href":"https:\/\/www.mekeltech.com\/pt\/wp-json\/wp\/v2\/product\/6293\/revisions\/6804"}],"wp:featuredmedia":[{"embeddable":true,"href":"https:\/\/www.mekeltech.com\/pt\/wp-json\/wp\/v2\/media\/6294"}],"wp:attachment":[{"href":"https:\/\/www.mekeltech.com\/pt\/wp-json\/wp\/v2\/media?parent=6293"}],"wp:term":[{"taxonomy":"product-category","embeddable":true,"href":"https:\/\/www.mekeltech.com\/pt\/wp-json\/wp\/v2\/product-category?post=6293"},{"taxonomy":"product-tag","embeddable":true,"href":"https:\/\/www.mekeltech.com\/pt\/wp-json\/wp\/v2\/product-tag?post=6293"}],"curies":[{"name":"wp","href":"https:\/\/api.w.org\/{rel}","templated":true}]}}