{"id":6076,"date":"2025-08-18T11:11:25","date_gmt":"2025-08-18T03:11:25","guid":{"rendered":"https:\/\/www.mekeltech.com\/?post_type=product&#038;p=6076"},"modified":"2025-11-07T11:28:03","modified_gmt":"2025-11-07T03:28:03","slug":"mekel-7-22kw-series-charging-station-for-bmw-evs","status":"publish","type":"product","link":"https:\/\/www.mekeltech.com\/pt\/product\/mekel-7-22kw-series-charging-station-for-bmw-evs\/","title":{"rendered":"Esta\u00e7\u00e3o de carregamento da s\u00e9rie Mekel 7-22kW para BMW EVs"},"content":{"rendered":"<div data-elementor-type=\"wp-post\" data-elementor-id=\"6076\" class=\"elementor elementor-6076\" data-elementor-post-type=\"product\">\n\t\t\t\t<div class=\"elementor-element elementor-element-2d6be227 e-flex e-con-boxed e-con e-parent\" data-id=\"2d6be227\" data-element_type=\"container\">\n\t\t\t\t\t<div class=\"e-con-inner\">\n\t\t\t\t<div class=\"elementor-element elementor-element-37021bfc elementor-widget__width-inherit elementor-widget elementor-widget-heading\" data-id=\"37021bfc\" data-element_type=\"widget\" data-widget_type=\"heading.default\">\n\t\t\t\t<div class=\"elementor-widget-container\">\n\t\t\t\t\t<h2 class=\"elementor-heading-title elementor-size-default\">Seguro, eficiente e adaptado aos ve\u00edculos el\u00e9ctricos BMW<\/h2>\t\t\t\t<\/div>\n\t\t\t\t<\/div>\n\t\t\t\t<div class=\"elementor-element elementor-element-e8dbb4d elementor-widget elementor-widget-text-editor\" data-id=\"e8dbb4d\" data-element_type=\"widget\" data-widget_type=\"text-editor.default\">\n\t\t\t\t<div class=\"elementor-widget-container\">\n\t\t\t\t\t\t\t\t\t<p><strong>Carregamento compacto e fi\u00e1vel para propriet\u00e1rios de BMW em casas e complexos residenciais:<\/strong> A Esta\u00e7\u00e3o de Carregamento da S\u00e9rie 7-22kW da Mekel para BMW EV \u00e9 uma solu\u00e7\u00e3o elegante e de alto desempenho criada para uma compatibilidade perfeita com os ve\u00edculos el\u00e9ctricos da BMW, incluindo modelos como o i4, iX, i7 e iX2. Concebida para garagens dom\u00e9sticas, complexos de apartamentos ou pequenos espa\u00e7os comerciais, inclui conectores Tipo 2 compat\u00edveis com a BMW (com op\u00e7\u00f5es Tipo 1 e NACS dispon\u00edveis para mercados globais). Em conformidade com as normas IEC 61851-1, IEC 61851-21-2, UL 2231 e UL 2594, este carregador assegura um carregamento fi\u00e1vel e eficiente, adaptado aos sistemas de bateria avan\u00e7ados da BMW, optimizando o fornecimento de energia e suportando uma autonomia de condu\u00e7\u00e3o alargada.<\/p>\t\t\t\t\t\t\t\t<\/div>\n\t\t\t\t<\/div>\n\t\t\t\t<div class=\"elementor-element elementor-element-04405c5 elementor-widget elementor-widget-heading\" data-id=\"04405c5\" data-element_type=\"widget\" data-widget_type=\"heading.default\">\n\t\t\t\t<div class=\"elementor-widget-container\">\n\t\t\t\t\t<h2 class=\"elementor-heading-title elementor-size-default\">Especifica\u00e7\u00f5es t\u00e9cnicas da esta\u00e7\u00e3o de carregamento da s\u00e9rie 7-22kW<\/h2>\t\t\t\t<\/div>\n\t\t\t\t<\/div>\n\t\t\t\t<div class=\"elementor-element elementor-element-fc7e180 elementor-widget__width-initial elementor-widget elementor-widget-tablepress-table\" data-id=\"fc7e180\" data-element_type=\"widget\" data-widget_type=\"tablepress-table.default\">\n\t\t\t\t\t\n<table id=\"tablepress-21\" class=\"tablepress tablepress-id-21\">\n<tbody class=\"row-striping row-hover\">\n<tr class=\"row-1\">\n\t<td class=\"column-1\"><strong>Tens\u00e3o de entrada\/sa\u00edda<\/strong><\/td><td class=\"column-2\">230Vac +15%<\/td>\n<\/tr>\n<tr class=\"row-2\">\n\t<td class=\"column-1\"><strong>Corrente m\u00e1xima de carregamento<\/strong><\/td><td class=\"column-2\">32A<\/td>\n<\/tr>\n<tr class=\"row-3\">\n\t<td class=\"column-1\"><strong>Frequ\u00eancia de funcionamento<\/strong><\/td><td class=\"column-2\">50-60Hz<\/td>\n<\/tr>\n<tr class=\"row-4\">\n\t<td class=\"column-1\"><strong>Gama de temperaturas de funcionamento<\/strong><\/td><td class=\"column-2\">-20\u00b0C a +50\u00b0C<\/td>\n<\/tr>\n<tr class=\"row-5\">\n\t<td class=\"column-1\"><strong>Gama de temperaturas de armazenamento<strong><\/td><td class=\"column-2\">-45\u00b0C a +60\u00b0C<\/td>\n<\/tr>\n<tr class=\"row-6\">\n\t<td class=\"column-1\"><strong>Classifica\u00e7\u00e3o do inv\u00f3lucro<strong><\/td><td class=\"column-2\">IP55 (esta\u00e7\u00e3o de carregamento \u00e0 prova de intemp\u00e9ries para utiliza\u00e7\u00e3o no exterior)<\/td>\n<\/tr>\n<tr class=\"row-7\">\n\t<td class=\"column-1\"><strong>Instala\u00e7\u00e3o<strong><\/td><td class=\"column-2\">Configura\u00e7\u00e3o flex\u00edvel de montagem na parede ou em pedestal<\/td>\n<\/tr>\n<tr class=\"row-8\">\n\t<td class=\"column-1\"><strong>Dimens\u00f5es<strong><\/td><td class=\"column-2\">196 mm x 320 mm x 97 mm<\/td>\n<\/tr>\n<tr class=\"row-9\">\n\t<td class=\"column-1\"><strong>Conectividade<strong><\/td><td class=\"column-2\">HCI Bluetooth, Wi-Fi e 4G (para integra\u00e7\u00e3o com o ecossistema de aplica\u00e7\u00f5es da VinFast)<\/td>\n<\/tr>\n<tr class=\"row-10\">\n\t<td class=\"column-1\"><strong>Certifica\u00e7\u00e3o<strong><\/td><td class=\"column-2\">Em conformidade com a norma CE<\/td>\n<\/tr>\n<\/tbody>\n<\/table>\n\t\t\t\t<\/div>\n\t\t\t\t<div class=\"elementor-element elementor-element-4aedccb elementor-widget elementor-widget-heading\" data-id=\"4aedccb\" data-element_type=\"widget\" data-widget_type=\"heading.default\">\n\t\t\t\t<div class=\"elementor-widget-container\">\n\t\t\t\t\t<h2 class=\"elementor-heading-title elementor-size-default\">Carater\u00edsticas de seguran\u00e7a multi-camadas incorporadas<\/h2>\t\t\t\t<\/div>\n\t\t\t\t<\/div>\n\t\t\t\t<div class=\"elementor-element elementor-element-ed497b1 elementor-widget elementor-widget-text-editor\" data-id=\"ed497b1\" data-element_type=\"widget\" data-widget_type=\"text-editor.default\">\n\t\t\t\t<div class=\"elementor-widget-container\">\n\t\t\t\t\t\t\t\t\t<p>Concebido a pensar nos propriet\u00e1rios de BMW EVs com esta\u00e7\u00f5es de carregamento da s\u00e9rie 7-22kW, o carregador inclui protec\u00e7\u00f5es robustas para salvaguardar o seu ve\u00edculo:<\/p><ul><li>Prote\u00e7\u00e3o contra sobre\/subtens\u00e3o<\/li><li>Limita\u00e7\u00e3o de sobrecorrente<\/li><li>Prote\u00e7\u00e3o contra corrente de fuga<\/li><\/ul>\t\t\t\t\t\t\t\t<\/div>\n\t\t\t\t<\/div>\n\t\t\t\t<div class=\"elementor-element elementor-element-ecabdd2 elementor-widget elementor-widget-heading\" data-id=\"ecabdd2\" data-element_type=\"widget\" data-widget_type=\"heading.default\">\n\t\t\t\t<div class=\"elementor-widget-container\">\n\t\t\t\t\t<h2 class=\"elementor-heading-title elementor-size-default\">Carregamento seguro e sem esfor\u00e7o para BMW EVs<\/h2>\t\t\t\t<\/div>\n\t\t\t\t<\/div>\n\t\t\t\t<div class=\"elementor-element elementor-element-b003b34 elementor-widget elementor-widget-text-editor\" data-id=\"b003b34\" data-element_type=\"widget\" data-widget_type=\"text-editor.default\">\n\t\t\t\t<div class=\"elementor-widget-container\">\n\t\t\t\t\t\t\t\t\t<p>Basta ligar a esta\u00e7\u00e3o de carregamento da s\u00e9rie 7-22kW ao seu BMW EV, e esta inicia automaticamente o fornecimento de energia, adaptando-se \u00e0s necessidades espec\u00edficas do seu ve\u00edculo. O sistema inteligente integrado sincroniza-se com a aplica\u00e7\u00e3o \"Homelife\", permitindo que os propriet\u00e1rios da BMW monitorizem remotamente, programem ou pausem as sess\u00f5es de carregamento, garantindo conveni\u00eancia e desempenho ideal da bateria com o m\u00ednimo de esfor\u00e7o.<\/p>\t\t\t\t\t\t\t\t<\/div>\n\t\t\t\t<\/div>\n\t\t\t\t<div class=\"elementor-element elementor-element-4ab37f3 elementor-widget elementor-widget-heading\" data-id=\"4ab37f3\" data-element_type=\"widget\" data-widget_type=\"heading.default\">\n\t\t\t\t<div class=\"elementor-widget-container\">\n\t\t\t\t\t<h2 class=\"elementor-heading-title elementor-size-default\">Instala\u00e7\u00e3o r\u00e1pida e funcionamento fi\u00e1vel para propriet\u00e1rios de BMW<\/h2>\t\t\t\t<\/div>\n\t\t\t\t<\/div>\n\t\t\t\t<div class=\"elementor-element elementor-element-3099ee4 elementor-widget elementor-widget-text-editor\" data-id=\"3099ee4\" data-element_type=\"widget\" data-widget_type=\"text-editor.default\">\n\t\t\t\t<div class=\"elementor-widget-container\">\n\t\t\t\t\t\t\t\t\t<p>A nossa esta\u00e7\u00e3o de carregamento da s\u00e9rie 7-22kW foi concebida para uma instala\u00e7\u00e3o r\u00e1pida e sem complica\u00e7\u00f5es, perfeita para os entusiastas da BMW. Quer seja montada na parede da sua garagem ou instalada como pedestal no exterior, a sua caixa resistente \u00e0s intemp\u00e9ries e com classifica\u00e7\u00e3o IP55 garante durabilidade sem comprometer a efici\u00eancia do carregamento, tornando-a a escolha ideal para o carregamento di\u00e1rio de ve\u00edculos BMW.<\/p>\t\t\t\t\t\t\t\t<\/div>\n\t\t\t\t<\/div>\n\t\t\t\t<div class=\"elementor-element elementor-element-10d4d85 elementor-widget elementor-widget-heading\" data-id=\"10d4d85\" data-element_type=\"widget\" data-widget_type=\"heading.default\">\n\t\t\t\t<div class=\"elementor-widget-container\">\n\t\t\t\t\t<h2 class=\"elementor-heading-title elementor-size-default\">Porqu\u00ea escolher a esta\u00e7\u00e3o de carregamento da s\u00e9rie 7-22kW para BMW EVs?<\/h2>\t\t\t\t<\/div>\n\t\t\t\t<\/div>\n\t\t\t\t<div class=\"elementor-element elementor-element-b8faed9 elementor-widget elementor-widget-text-editor\" data-id=\"b8faed9\" data-element_type=\"widget\" data-widget_type=\"text-editor.default\">\n\t\t\t\t<div class=\"elementor-widget-container\">\n\t\t\t\t\t\t\t\t\t<ul><li><b><\/b><strong>Seguran\u00e7a certificada da esta\u00e7\u00e3o de carregamento<\/strong>: As protec\u00e7\u00f5es abrangentes garantem um carregamento seguro e fi\u00e1vel para os sofisticados sistemas EV da BMW.<\/li><li><b><\/b><strong><b>Design minimalista e compat\u00edvel com a BMW<\/b><\/strong>: O funcionamento sem ecr\u00e3 combina na perfei\u00e7\u00e3o com a est\u00e9tica elegante da BMW, perfeita para o carregamento em casa.<\/li><li><b><\/b><strong><b>Conectividade inteligente<\/b><\/strong>: A aplica\u00e7\u00e3o \"Homelife\" complementa o ConnectedDrive da BMW, oferecendo controlo remoto e otimiza\u00e7\u00e3o do carregamento.<\/li><\/ul>\t\t\t\t\t\t\t\t<\/div>\n\t\t\t\t<\/div>\n\t\t\t\t<div class=\"elementor-element elementor-element-63435266 elementor-widget__width-inherit elementor-widget elementor-widget-heading\" data-id=\"63435266\" data-element_type=\"widget\" data-widget_type=\"heading.default\">\n\t\t\t\t<div class=\"elementor-widget-container\">\n\t\t\t\t\t<h2 class=\"elementor-heading-title elementor-size-default\">FAQ<\/h2>\t\t\t\t<\/div>\n\t\t\t\t<\/div>\n\t\t\t\t<div class=\"elementor-element elementor-element-30d54b36 elementor-widget elementor-widget-n-accordion\" data-id=\"30d54b36\" data-element_type=\"widget\" data-settings=\"{&quot;default_state&quot;:&quot;expanded&quot;,&quot;max_items_expended&quot;:&quot;one&quot;,&quot;n_accordion_animation_duration&quot;:{&quot;unit&quot;:&quot;ms&quot;,&quot;size&quot;:400,&quot;sizes&quot;:[]}}\" data-widget_type=\"nested-accordion.default\">\n\t\t\t\t<div class=\"elementor-widget-container\">\n\t\t\t\t\t\t\t<div class=\"e-n-accordion\" aria-label=\"Acorde\u00e3o. Abrir liga\u00e7\u00f5es com Enter ou Espa\u00e7o, fechar com Escape e navegar com Setas\">\n\t\t\t\t\t\t<details id=\"e-n-accordion-item-8190\" class=\"e-n-accordion-item\" open>\n\t\t\t\t<summary class=\"e-n-accordion-item-title\" data-accordion-index=\"1\" tabindex=\"0\" aria-expanded=\"true\" aria-controls=\"e-n-accordion-item-8190\" >\n\t\t\t\t\t<span class='e-n-accordion-item-title-header'><div class=\"e-n-accordion-item-title-text\"> Quanto tempo \u00e9 que a Esta\u00e7\u00e3o de Carregamento da S\u00e9rie 7-22kW demora a carregar um BMW EV com os Carregadores Mekel? <\/div><\/span>\n\t\t\t\t\t\t\t<span class='e-n-accordion-item-title-icon'>\n\t\t\t<span class='e-opened' ><svg aria-hidden=\"true\" class=\"e-font-icon-svg e-fas-minus\" viewbox=\"0 0 448 512\" xmlns=\"http:\/\/www.w3.org\/2000\/svg\"><path d=\"M416 208H32c-17.67 0-32 14.33-32 32v32c0 17.67 14.33 32 32 32h384c17.67 0 32-14.33 32-32v-32c0-17.67-14.33-32-32-32z\"><\/path><\/svg><\/span>\n\t\t\t<span class='e-closed'><svg aria-hidden=\"true\" class=\"e-font-icon-svg e-fas-plus\" viewbox=\"0 0 448 512\" xmlns=\"http:\/\/www.w3.org\/2000\/svg\"><path d=\"M416 208H272V64c0-17.67-14.33-32-32-32h-32c-17.67 0-32 14.33-32 32v144H32c-17.67 0-32 14.33-32 32v32c0 17.67 14.33 32 32 32h144v144c0 17.67 14.33 32 32 32h32c17.67 0 32-14.33 32-32V304h144c17.67 0 32-14.33 32-32v-32c0-17.67-14.33-32-32-32z\"><\/path><\/svg><\/span>\n\t\t<\/span>\n\n\t\t\t\t\t\t<\/summary>\n\t\t\t\t<div role=\"region\" aria-labelledby=\"e-n-accordion-item-8190\" class=\"elementor-element elementor-element-1764f8f1 e-con-full e-flex e-con e-child\" data-id=\"1764f8f1\" data-element_type=\"container\">\n\t\t\t\t<div class=\"elementor-element elementor-element-11ea3029 elementor-widget__width-inherit elementor-widget elementor-widget-text-editor\" data-id=\"11ea3029\" data-element_type=\"widget\" data-widget_type=\"text-editor.default\">\n\t\t\t\t<div class=\"elementor-widget-container\">\n\t\t\t\t\t\t\t\t\t<p>A esta\u00e7\u00e3o de carregamento da s\u00e9rie 7-22kW para BMW EVs carrega totalmente os BMW EVs, como o i4 ou iX, em cerca de 8 horas, tornando-a ideal para o carregamento noturno em casas ou complexos de apartamentos.<\/p>\t\t\t\t\t\t\t\t<\/div>\n\t\t\t\t<\/div>\n\t\t\t\t<\/div>\n\t\t\t\t\t<\/details>\n\t\t\t\t\t\t<details id=\"e-n-accordion-item-8191\" class=\"e-n-accordion-item\" >\n\t\t\t\t<summary class=\"e-n-accordion-item-title\" data-accordion-index=\"2\" tabindex=\"-1\" aria-expanded=\"false\" aria-controls=\"e-n-accordion-item-8191\" >\n\t\t\t\t\t<span class='e-n-accordion-item-title-header'><div class=\"e-n-accordion-item-title-text\"> Como posso escolher entre os modelos de carregador b\u00e1sico e inteligente para o meu BMW EV? <\/div><\/span>\n\t\t\t\t\t\t\t<span class='e-n-accordion-item-title-icon'>\n\t\t\t<span class='e-opened' ><svg aria-hidden=\"true\" class=\"e-font-icon-svg e-fas-minus\" viewbox=\"0 0 448 512\" xmlns=\"http:\/\/www.w3.org\/2000\/svg\"><path d=\"M416 208H32c-17.67 0-32 14.33-32 32v32c0 17.67 14.33 32 32 32h384c17.67 0 32-14.33 32-32v-32c0-17.67-14.33-32-32-32z\"><\/path><\/svg><\/span>\n\t\t\t<span class='e-closed'><svg aria-hidden=\"true\" class=\"e-font-icon-svg e-fas-plus\" viewbox=\"0 0 448 512\" xmlns=\"http:\/\/www.w3.org\/2000\/svg\"><path d=\"M416 208H272V64c0-17.67-14.33-32-32-32h-32c-17.67 0-32 14.33-32 32v144H32c-17.67 0-32 14.33-32 32v32c0 17.67 14.33 32 32 32h144v144c0 17.67 14.33 32 32 32h32c17.67 0 32-14.33 32-32V304h144c17.67 0 32-14.33 32-32v-32c0-17.67-14.33-32-32-32z\"><\/path><\/svg><\/span>\n\t\t<\/span>\n\n\t\t\t\t\t\t<\/summary>\n\t\t\t\t<div role=\"region\" aria-labelledby=\"e-n-accordion-item-8191\" class=\"elementor-element elementor-element-6d6b92a e-con-full e-flex e-con e-child\" data-id=\"6d6b92a\" data-element_type=\"container\">\n\t\t\t\t<div class=\"elementor-element elementor-element-12066cb6 elementor-widget__width-inherit elementor-widget elementor-widget-text-editor\" data-id=\"12066cb6\" data-element_type=\"widget\" data-widget_type=\"text-editor.default\">\n\t\t\t\t<div class=\"elementor-widget-container\">\n\t\t\t\t\t\t\t\t\t<p>Os modelos b\u00e1sicos s\u00e3o adequados para propriet\u00e1rios de BMW em \u00e1reas com tarifas de eletricidade consistentes, oferecendo uma funcionalidade simples de ligar e usar. Os carregadores inteligentes oferecem funcionalidades avan\u00e7adas, como rastreio de energia, controlo remoto atrav\u00e9s da aplica\u00e7\u00e3o \"Homelife\" e programa\u00e7\u00e3o fora de horas de ponta, ideais para condutores de BMW que procuram um maior controlo ou aplica\u00e7\u00f5es comerciais.<\/p>\t\t\t\t\t\t\t\t<\/div>\n\t\t\t\t<\/div>\n\t\t\t\t<\/div>\n\t\t\t\t\t<\/details>\n\t\t\t\t\t\t<details id=\"e-n-accordion-item-8192\" class=\"e-n-accordion-item\" >\n\t\t\t\t<summary class=\"e-n-accordion-item-title\" data-accordion-index=\"3\" tabindex=\"-1\" aria-expanded=\"false\" aria-controls=\"e-n-accordion-item-8192\" >\n\t\t\t\t\t<span class='e-n-accordion-item-title-header'><div class=\"e-n-accordion-item-title-text\">  A Esta\u00e7\u00e3o de Carregamento da S\u00e9rie 7-22kW da Mekel \u00e9 adequada para a utiliza\u00e7\u00e3o di\u00e1ria do BMW EV? <\/div><\/span>\n\t\t\t\t\t\t\t<span class='e-n-accordion-item-title-icon'>\n\t\t\t<span class='e-opened' ><svg aria-hidden=\"true\" class=\"e-font-icon-svg e-fas-minus\" viewbox=\"0 0 448 512\" xmlns=\"http:\/\/www.w3.org\/2000\/svg\"><path d=\"M416 208H32c-17.67 0-32 14.33-32 32v32c0 17.67 14.33 32 32 32h384c17.67 0 32-14.33 32-32v-32c0-17.67-14.33-32-32-32z\"><\/path><\/svg><\/span>\n\t\t\t<span class='e-closed'><svg aria-hidden=\"true\" class=\"e-font-icon-svg e-fas-plus\" viewbox=\"0 0 448 512\" xmlns=\"http:\/\/www.w3.org\/2000\/svg\"><path d=\"M416 208H272V64c0-17.67-14.33-32-32-32h-32c-17.67 0-32 14.33-32 32v144H32c-17.67 0-32 14.33-32 32v32c0 17.67 14.33 32 32 32h144v144c0 17.67 14.33 32 32 32h32c17.67 0 32-14.33 32-32V304h144c17.67 0 32-14.33 32-32v-32c0-17.67-14.33-32-32-32z\"><\/path><\/svg><\/span>\n\t\t<\/span>\n\n\t\t\t\t\t\t<\/summary>\n\t\t\t\t<div role=\"region\" aria-labelledby=\"e-n-accordion-item-8192\" class=\"elementor-element elementor-element-7671a948 e-con-full e-flex e-con e-child\" data-id=\"7671a948\" data-element_type=\"container\">\n\t\t\t\t<div class=\"elementor-element elementor-element-100dc179 elementor-widget__width-inherit elementor-widget elementor-widget-text-editor\" data-id=\"100dc179\" data-element_type=\"widget\" data-widget_type=\"text-editor.default\">\n\t\t\t\t<div class=\"elementor-widget-container\">\n\t\t\t\t\t\t\t\t\t<p>Sim, a Esta\u00e7\u00e3o de Carregamento da S\u00e9rie 7-22kW da Mekel para BMW EVs \u00e9 constru\u00edda para durabilidade e carregamento di\u00e1rio consistente de BMW EVs, desde que o seu sistema el\u00e9trico esteja corretamente configurado e instalado.<\/p>\t\t\t\t\t\t\t\t<\/div>\n\t\t\t\t<\/div>\n\t\t\t\t<\/div>\n\t\t\t\t\t<\/details>\n\t\t\t\t\t<\/div>\n\t\t\t\t\t\t<\/div>\n\t\t\t\t<\/div>\n\t\t\t\t\t<\/div>\n\t\t\t\t<\/div>\n\t\t\t\t<\/div>","protected":false},"excerpt":{"rendered":"<p>Safe, Efficient &amp; Tailored for BMW EVs Compact and Reliable Charging for BMW Owners in Homes and Residential Complexes: Mekel\u2019s 7-22kW Series Charging Station for BMW EV is a sleek, high-performance solution crafted for seamless compatibility with BMW electric vehicles, including models like the i4, iX, i7, and iX2. Designed for home garages, apartment complexes, [&hellip;]<\/p>","protected":false},"author":5,"featured_media":6081,"menu_order":0,"template":"","format":"standard","meta":{"_acf_changed":false,"site-sidebar-layout":"no-sidebar","site-content-layout":"page-builder","ast-site-content-layout":"full-width-container","site-content-style":"default","site-sidebar-style":"default","ast-global-header-display":"","ast-banner-title-visibility":"","ast-main-header-display":"","ast-hfb-above-header-display":"","ast-hfb-below-header-display":"","ast-hfb-mobile-header-display":"","site-post-title":"disabled","ast-breadcrumbs-content":"","ast-featured-img":"disabled","footer-sml-layout":"","ast-disable-related-posts":"","theme-transparent-header-meta":"","adv-header-id-meta":"","stick-header-meta":"","header-above-stick-meta":"","header-main-stick-meta":"","header-below-stick-meta":"","astra-migrate-meta-layouts":"set","ast-page-background-enabled":"default","ast-page-background-meta":{"desktop":{"background-color":"","background-image":"","background-repeat":"repeat","background-position":"center center","background-size":"auto","background-attachment":"scroll","background-type":"","background-media":"","overlay-type":"","overlay-color":"","overlay-opacity":"","overlay-gradient":""},"tablet":{"background-color":"","background-image":"","background-repeat":"repeat","background-position":"center center","background-size":"auto","background-attachment":"scroll","background-type":"","background-media":"","overlay-type":"","overlay-color":"","overlay-opacity":"","overlay-gradient":""},"mobile":{"background-color":"","background-image":"","background-repeat":"repeat","background-position":"center center","background-size":"auto","background-attachment":"scroll","background-type":"","background-media":"","overlay-type":"","overlay-color":"","overlay-opacity":"","overlay-gradient":""}},"ast-content-background-meta":{"desktop":{"background-color":"var(--ast-global-color-5)","background-image":"","background-repeat":"repeat","background-position":"center center","background-size":"auto","background-attachment":"scroll","background-type":"","background-media":"","overlay-type":"","overlay-color":"","overlay-opacity":"","overlay-gradient":""},"tablet":{"background-color":"var(--ast-global-color-5)","background-image":"","background-repeat":"repeat","background-position":"center center","background-size":"auto","background-attachment":"scroll","background-type":"","background-media":"","overlay-type":"","overlay-color":"","overlay-opacity":"","overlay-gradient":""},"mobile":{"background-color":"var(--ast-global-color-5)","background-image":"","background-repeat":"repeat","background-position":"center center","background-size":"auto","background-attachment":"scroll","background-type":"","background-media":"","overlay-type":"","overlay-color":"","overlay-opacity":"","overlay-gradient":""}},"footnotes":""},"product-category":[128,86],"product-tag":[],"class_list":["post-6076","product","type-product","status-publish","format-standard","has-post-thumbnail","hentry","product-category-bmw-charger","product-category-charging-stations"],"acf":[],"_links":{"self":[{"href":"https:\/\/www.mekeltech.com\/pt\/wp-json\/wp\/v2\/product\/6076","targetHints":{"allow":["GET"]}}],"collection":[{"href":"https:\/\/www.mekeltech.com\/pt\/wp-json\/wp\/v2\/product"}],"about":[{"href":"https:\/\/www.mekeltech.com\/pt\/wp-json\/wp\/v2\/types\/product"}],"author":[{"embeddable":true,"href":"https:\/\/www.mekeltech.com\/pt\/wp-json\/wp\/v2\/users\/5"}],"version-history":[{"count":35,"href":"https:\/\/www.mekeltech.com\/pt\/wp-json\/wp\/v2\/product\/6076\/revisions"}],"predecessor-version":[{"id":7150,"href":"https:\/\/www.mekeltech.com\/pt\/wp-json\/wp\/v2\/product\/6076\/revisions\/7150"}],"wp:featuredmedia":[{"embeddable":true,"href":"https:\/\/www.mekeltech.com\/pt\/wp-json\/wp\/v2\/media\/6081"}],"wp:attachment":[{"href":"https:\/\/www.mekeltech.com\/pt\/wp-json\/wp\/v2\/media?parent=6076"}],"wp:term":[{"taxonomy":"product-category","embeddable":true,"href":"https:\/\/www.mekeltech.com\/pt\/wp-json\/wp\/v2\/product-category?post=6076"},{"taxonomy":"product-tag","embeddable":true,"href":"https:\/\/www.mekeltech.com\/pt\/wp-json\/wp\/v2\/product-tag?post=6076"}],"curies":[{"name":"wp","href":"https:\/\/api.w.org\/{rel}","templated":true}]}}