{"id":5322,"date":"2025-07-20T17:03:39","date_gmt":"2025-07-20T09:03:39","guid":{"rendered":"https:\/\/www.mekeltech.com\/?post_type=product&#038;p=5322"},"modified":"2025-11-07T11:30:03","modified_gmt":"2025-11-07T03:30:03","slug":"7kw-bolt-series-ev-charging-station","status":"publish","type":"product","link":"https:\/\/www.mekeltech.com\/pt\/product\/7kw-bolt-series-ev-charging-station\/","title":{"rendered":"Esta\u00e7\u00e3o de carregamento AC EV da s\u00e9rie Bolt de 7kW"},"content":{"rendered":"<div data-elementor-type=\"wp-post\" data-elementor-id=\"5322\" class=\"elementor elementor-5322\" data-elementor-post-type=\"product\">\n\t\t\t\t<div class=\"elementor-element elementor-element-4c283dd6 e-flex e-con-boxed e-con e-parent\" data-id=\"4c283dd6\" data-element_type=\"container\">\n\t\t\t\t\t<div class=\"e-con-inner\">\n\t\t\t\t<div class=\"elementor-element elementor-element-9bd4d94 elementor-widget elementor-widget-heading\" data-id=\"9bd4d94\" data-element_type=\"widget\" data-widget_type=\"heading.default\">\n\t\t\t\t<div class=\"elementor-widget-container\">\n\t\t\t\t\t<h2 class=\"elementor-heading-title elementor-size-default\">Introdu\u00e7\u00e3o \u00e0 esta\u00e7\u00e3o de carregamento AC EV da s\u00e9rie Bolt de 7kW<\/h2>\t\t\t\t<\/div>\n\t\t\t\t<\/div>\n\t\t\t\t<div class=\"elementor-element elementor-element-59ea24b elementor-widget elementor-widget-text-editor\" data-id=\"59ea24b\" data-element_type=\"widget\" data-widget_type=\"text-editor.default\">\n\t\t\t\t<div class=\"elementor-widget-container\">\n\t\t\t\t\t\t\t\t\t<p>A esta\u00e7\u00e3o de carregamento de ve\u00edculos el\u00e9ctricos da s\u00e9rie Bolt de 7kW foi concebida para condutores que procuram uma solu\u00e7\u00e3o fi\u00e1vel, eficiente e f\u00e1cil de utilizar para o carregamento de ve\u00edculos el\u00e9ctricos residenciais e comerciais ligeiros. Este carregador AC EV compacto combina alto desempenho com conetividade inteligente, oferecendo uma integra\u00e7\u00e3o perfeita em garagens dom\u00e9sticas, complexos de apartamentos e instala\u00e7\u00f5es de pequenas empresas. Com op\u00e7\u00f5es flex\u00edveis de instala\u00e7\u00e3o na parede ou em pedestal, garante comodidade para qualquer configura\u00e7\u00e3o. Concebida para durabilidade e seguran\u00e7a, a s\u00e9rie Bolt proporciona um desempenho de carregamento consistente para uma vasta gama de ve\u00edculos el\u00e9ctricos, tornando-a a escolha ideal para um carregamento di\u00e1rio sustent\u00e1vel e sem complica\u00e7\u00f5es.<\/p>\t\t\t\t\t\t\t\t<\/div>\n\t\t\t\t<\/div>\n\t\t\t\t<div class=\"elementor-element elementor-element-27ddf955 elementor-widget__width-inherit elementor-widget elementor-widget-heading\" data-id=\"27ddf955\" data-element_type=\"widget\" data-widget_type=\"heading.default\">\n\t\t\t\t<div class=\"elementor-widget-container\">\n\t\t\t\t\t<h2 class=\"elementor-heading-title elementor-size-default\">Esta\u00e7\u00e3o de carregamento de ve\u00edculos el\u00e9ctricos da s\u00e9rie Bolt de 7kW para utiliza\u00e7\u00e3o residencial e comercial ligeira<\/h2>\t\t\t\t<\/div>\n\t\t\t\t<\/div>\n\t\t\t\t<div class=\"elementor-element elementor-element-7a01444a elementor-widget elementor-widget-text-editor\" data-id=\"7a01444a\" data-element_type=\"widget\" data-widget_type=\"text-editor.default\">\n\t\t\t\t<div class=\"elementor-widget-container\">\n\t\t\t\t\t\t\t\t\t<p>Esta esta\u00e7\u00e3o de carregamento de ve\u00edculos el\u00e9ctricos da s\u00e9rie Bolt de 7 kW \u00e9 um carregador de ve\u00edculos el\u00e9ctricos potente, mas compacto, concebido para o carregamento de ve\u00edculos el\u00e9ctricos dom\u00e9sticos e aplica\u00e7\u00f5es comerciais ligeiras. Equipada com conectores Tipo 2 (NACS e GBT tamb\u00e9m dispon\u00edveis) e em conformidade com as normas IEC 61851-1 e IEC 62196-2, garante um desempenho de carregamento fi\u00e1vel e seguran\u00e7a nos mercados globais. A esta\u00e7\u00e3o de carregamento de ve\u00edculos el\u00e9ctricos da s\u00e9rie Bolt de 7 kW para uso residencial e comercial ligeiro foi concebida para satisfazer as necessidades dos utilizadores quotidianos, fornecendo um fornecimento de energia est\u00e1vel para v\u00e1rios modelos de ve\u00edculos el\u00e9ctricos, mantendo um design elegante e econ\u00f3mico em termos de espa\u00e7o.<\/p>\t\t\t\t\t\t\t\t<\/div>\n\t\t\t\t<\/div>\n\t\t\t\t<div class=\"elementor-element elementor-element-de8f08d elementor-widget__width-initial elementor-widget elementor-widget-image\" data-id=\"de8f08d\" data-element_type=\"widget\" data-widget_type=\"image.default\">\n\t\t\t\t<div class=\"elementor-widget-container\">\n\t\t\t\t\t\t\t\t\t\t\t\t\t\t\t<img fetchpriority=\"high\" decoding=\"async\" width=\"2560\" height=\"2560\" src=\"https:\/\/www.mekeltech.com\/wp-content\/uploads\/2025\/07\/Features-scaled.webp\" class=\"attachment-full size-full wp-image-5293\" alt=\"Cores da esta\u00e7\u00e3o de carregamento da s\u00e9rie Bolt de 7kW\" srcset=\"https:\/\/www.mekeltech.com\/wp-content\/uploads\/2025\/07\/Features-scaled.webp 2560w, https:\/\/www.mekeltech.com\/wp-content\/uploads\/2025\/07\/Features-300x300.webp 300w, https:\/\/www.mekeltech.com\/wp-content\/uploads\/2025\/07\/Features-1024x1024.webp 1024w, https:\/\/www.mekeltech.com\/wp-content\/uploads\/2025\/07\/Features-150x150.webp 150w, https:\/\/www.mekeltech.com\/wp-content\/uploads\/2025\/07\/Features-768x768.webp 768w, https:\/\/www.mekeltech.com\/wp-content\/uploads\/2025\/07\/Features-1536x1536.webp 1536w, https:\/\/www.mekeltech.com\/wp-content\/uploads\/2025\/07\/Features-2048x2048.webp 2048w, https:\/\/www.mekeltech.com\/wp-content\/uploads\/2025\/07\/Features-12x12.webp 12w\" sizes=\"(max-width: 2560px) 100vw, 2560px\" \/>\t\t\t\t\t\t\t\t\t\t\t\t\t\t\t<\/div>\n\t\t\t\t<\/div>\n\t\t\t\t<div class=\"elementor-element elementor-element-5bbeaee7 elementor-widget__width-inherit elementor-widget elementor-widget-heading\" data-id=\"5bbeaee7\" data-element_type=\"widget\" data-widget_type=\"heading.default\">\n\t\t\t\t<div class=\"elementor-widget-container\">\n\t\t\t\t\t<h2 class=\"elementor-heading-title elementor-size-default\">Principais especifica\u00e7\u00f5es t\u00e9cnicas de <span>Esta\u00e7\u00e3o de carregamento de ve\u00edculos el\u00e9ctricos da s\u00e9rie Bolt de 7kW<\/span><span><\/span><br><\/h2>\t\t\t\t<\/div>\n\t\t\t\t<\/div>\n\t\t\t\t<div class=\"elementor-element elementor-element-6ed10e9 elementor-widget__width-inherit elementor-widget elementor-widget-shortcode\" data-id=\"6ed10e9\" data-element_type=\"widget\" data-widget_type=\"shortcode.default\">\n\t\t\t\t<div class=\"elementor-widget-container\">\n\t\t\t\t\t\t\t<div class=\"elementor-shortcode\">\n<table id=\"tablepress-16\" class=\"tablepress tablepress-id-16\">\n<tbody class=\"row-striping row-hover\">\n<tr class=\"row-1\">\n\t<td class=\"column-1\"><b>Tens\u00e3o de entrada\/sa\u00edda<\/b><\/td><td class=\"column-2\">230Vac \u00b115%<\/td>\n<\/tr>\n<tr class=\"row-2\">\n\t<td class=\"column-1\"><b>Corrente m\u00e1xima de carregamento<\/b><\/td><td class=\"column-2\">32A<\/td>\n<\/tr>\n<tr class=\"row-3\">\n\t<td class=\"column-1\"><b>Frequ\u00eancia de funcionamento<\/b><\/td><td class=\"column-2\">50Hz<\/td>\n<\/tr>\n<tr class=\"row-4\">\n\t<td class=\"column-1\"><b>Gama de temperaturas de funcionamento<\/b><\/td><td class=\"column-2\">-25\u00b0C a +50\u00b0C<\/td>\n<\/tr>\n<tr class=\"row-5\">\n\t<td class=\"column-1\"><b>Intervalo de temperatura de armazenamento<\/b><\/td><td class=\"column-2\">-40\u00b0C a +60\u00b0C<\/td>\n<\/tr>\n<tr class=\"row-6\">\n\t<td class=\"column-1\"><b>Classifica\u00e7\u00e3o do inv\u00f3lucro<\/b><\/td><td class=\"column-2\">IP65 (\u00e0 prova de p\u00f3 e protegido contra jactos de \u00e1gua)<\/td>\n<\/tr>\n<tr class=\"row-7\">\n\t<td class=\"column-1\"><b>Instala\u00e7\u00e3o<\/b><\/td><td class=\"column-2\">Configura\u00e7\u00e3o flex\u00edvel de montagem na parede ou em pedestal<\/td>\n<\/tr>\n<tr class=\"row-8\">\n\t<td class=\"column-1\"><b>Dimens\u00f5es<\/b><\/td><td class=\"column-2\">186 mm x 354 mm x 111 mm<\/td>\n<\/tr>\n<tr class=\"row-9\">\n\t<td class=\"column-1\"><b>Comunica\u00e7\u00e3o<\/b><\/td><td class=\"column-2\">HCI Bluetooth \/ Wi-Fi \/ 4G<\/td>\n<\/tr>\n<tr class=\"row-10\">\n\t<td class=\"column-1\"><b>Certifica\u00e7\u00e3o<\/b><\/td><td class=\"column-2\">Em conformidade com a norma CE<\/td>\n<\/tr>\n<\/tbody>\n<\/table>\n<\/div>\n\t\t\t\t\t\t<\/div>\n\t\t\t\t<\/div>\n\t\t\t\t<div class=\"elementor-element elementor-element-1f68b3b1 elementor-widget__width-inherit elementor-widget elementor-widget-heading\" data-id=\"1f68b3b1\" data-element_type=\"widget\" data-widget_type=\"heading.default\">\n\t\t\t\t<div class=\"elementor-widget-container\">\n\t\t\t\t\t<h2 class=\"elementor-heading-title elementor-size-default\">Carater\u00edsticas de seguran\u00e7a multi-camadas incorporadas<\/h2>\t\t\t\t<\/div>\n\t\t\t\t<\/div>\n\t\t\t\t<div class=\"elementor-element elementor-element-fdade0c elementor-widget elementor-widget-text-editor\" data-id=\"fdade0c\" data-element_type=\"widget\" data-widget_type=\"text-editor.default\">\n\t\t\t\t<div class=\"elementor-widget-container\">\n\t\t\t\t\t\t\t\t\t<p data-start=\"2973\" data-end=\"3100\">O carregador para ve\u00edculos el\u00e9ctricos da s\u00e9rie Bolt de 7kW integra v\u00e1rias protec\u00e7\u00f5es de seguran\u00e7a para garantir sempre um carregamento est\u00e1vel e seguro:<\/p><ul><li data-start=\"3103\" data-end=\"3134\">Prote\u00e7\u00e3o contra sobre\/subtens\u00e3o<\/li><li data-start=\"3137\" data-end=\"3159\">Limita\u00e7\u00e3o de sobreintensidade<\/li><li data-start=\"3162\" data-end=\"3231\">Monitoriza\u00e7\u00e3o da temperatura em tempo real com corte e recupera\u00e7\u00e3o autom\u00e1ticos<\/li><li data-start=\"3234\" data-end=\"3262\">Prote\u00e7\u00e3o contra corrente de fuga<\/li><li data-start=\"3265\" data-end=\"3295\">Circuito de seguran\u00e7a de liga\u00e7\u00e3o do rel\u00e9<\/li><li data-start=\"3298\" data-end=\"3340\">Bot\u00e3o de paragem de emerg\u00eancia para um encerramento r\u00e1pido<\/li><\/ul><p data-start=\"3342\" data-end=\"3438\">Estas carater\u00edsticas fazem dela uma das esta\u00e7\u00f5es de carregamento de ve\u00edculos el\u00e9ctricos dom\u00e9sticos mais fi\u00e1veis para utiliza\u00e7\u00e3o di\u00e1ria.<\/p>\t\t\t\t\t\t\t\t<\/div>\n\t\t\t\t<\/div>\n\t\t\t\t<div class=\"elementor-element elementor-element-3914d2e3 elementor-widget__width-inherit elementor-widget elementor-widget-heading\" data-id=\"3914d2e3\" data-element_type=\"widget\" data-widget_type=\"heading.default\">\n\t\t\t\t<div class=\"elementor-widget-container\">\n\t\t\t\t\t<h2 class=\"elementor-heading-title elementor-size-default\">Modos operacionais inteligentes <\/h2>\t\t\t\t<\/div>\n\t\t\t\t<\/div>\n\t\t\t\t<div class=\"elementor-element elementor-element-68287f7f elementor-widget elementor-widget-text-editor\" data-id=\"68287f7f\" data-element_type=\"widget\" data-widget_type=\"text-editor.default\">\n\t\t\t\t<div class=\"elementor-widget-container\">\n\t\t\t\t\t\t\t\t\t<p data-start=\"3479\" data-end=\"3777\">A esta\u00e7\u00e3o de carregamento de ve\u00edculos el\u00e9ctricos da s\u00e9rie Bolt de 7kW suporta v\u00e1rias op\u00e7\u00f5es de inicia\u00e7\u00e3o de carregamento, incluindo controlo por aplica\u00e7\u00e3o m\u00f3vel e autentica\u00e7\u00e3o RFID. A supervis\u00e3o da temperatura em tempo real e a sa\u00edda de corrente adapt\u00e1vel garantem efici\u00eancia e seguran\u00e7a. Indicadores LED claros apresentam o estado do carregamento num relance:<\/p><ul><li data-start=\"3780\" data-end=\"3799\">Inativo: Verde s\u00f3lido<\/li><li data-start=\"3802\" data-end=\"3827\">Liga\u00e7\u00e3o: Verde intermitente<\/li><li data-start=\"3830\" data-end=\"3855\">Carregamento: Azul intermitente<\/li><li data-start=\"3858\" data-end=\"3880\">Completo: S\u00f3lido azul<\/li><li data-start=\"3883\" data-end=\"3926\">Erro: Vermelho intermitente com c\u00f3digos de diagn\u00f3stico<\/li><\/ul>\t\t\t\t\t\t\t\t<\/div>\n\t\t\t\t<\/div>\n\t\t\t\t<div class=\"elementor-element elementor-element-2cfbc15a elementor-widget__width-inherit elementor-widget elementor-widget-heading\" data-id=\"2cfbc15a\" data-element_type=\"widget\" data-widget_type=\"heading.default\">\n\t\t\t\t<div class=\"elementor-widget-container\">\n\t\t\t\t\t<h2 class=\"elementor-heading-title elementor-size-default\">Processo de carregamento simples e seguro de <span>Esta\u00e7\u00e3o de carregamento de ve\u00edculos el\u00e9ctricos da s\u00e9rie Bolt de 7kW<\/span><span><\/span><br><\/h2>\t\t\t\t<\/div>\n\t\t\t\t<\/div>\n\t\t\t\t<div class=\"elementor-element elementor-element-731a2499 elementor-widget elementor-widget-text-editor\" data-id=\"731a2499\" data-element_type=\"widget\" data-widget_type=\"text-editor.default\">\n\t\t\t\t<div class=\"elementor-widget-container\">\n\t\t\t\t\t\t\t\t\t<p>Uma vez ligada ao seu ve\u00edculo el\u00e9trico, a esta\u00e7\u00e3o de carregamento de ve\u00edculos el\u00e9ctricos da s\u00e9rie Bolt de 7kW come\u00e7a automaticamente a fornecer energia. Os utilizadores podem monitorizar, pausar ou parar o carregamento remotamente atrav\u00e9s de uma aplica\u00e7\u00e3o compat\u00edvel, reduzindo o manuseamento manual e aumentando a conveni\u00eancia.<\/p>\t\t\t\t\t\t\t\t<\/div>\n\t\t\t\t<\/div>\n\t\t\t\t<div class=\"elementor-element elementor-element-b6120fa elementor-widget__width-inherit elementor-widget elementor-widget-heading\" data-id=\"b6120fa\" data-element_type=\"widget\" data-widget_type=\"heading.default\">\n\t\t\t\t<div class=\"elementor-widget-container\">\n\t\t\t\t\t<h2 class=\"elementor-heading-title elementor-size-default\">Instala\u00e7\u00e3o e funcionamento <span>- Ficha e alimenta\u00e7\u00e3o<\/span><span><\/span><br><\/h2>\t\t\t\t<\/div>\n\t\t\t\t<\/div>\n\t\t\t\t<div class=\"elementor-element elementor-element-eb00a85 elementor-widget elementor-widget-text-editor\" data-id=\"eb00a85\" data-element_type=\"widget\" data-widget_type=\"text-editor.default\">\n\t\t\t\t<div class=\"elementor-widget-container\">\n\t\t\t\t\t\t\t\t\t<p data-start=\"4269\" data-end=\"4510\">A esta\u00e7\u00e3o de carregamento de ve\u00edculos el\u00e9ctricos da s\u00e9rie Bolt de 7kW foi concebida para uma instala\u00e7\u00e3o r\u00e1pida e simples. Quer seja montada na parede ou num pedestal, a sua caixa resistente \u00e0s intemp\u00e9ries assegura a durabilidade em ambientes exteriores sem comprometer o desempenho.<\/p>\t\t\t\t\t\t\t\t<\/div>\n\t\t\t\t<\/div>\n\t\t\t\t<div class=\"elementor-element elementor-element-33f6a2aa elementor-widget__width-inherit elementor-widget elementor-widget-heading\" data-id=\"33f6a2aa\" data-element_type=\"widget\" data-widget_type=\"heading.default\">\n\t\t\t\t<div class=\"elementor-widget-container\">\n\t\t\t\t\t<h2 class=\"elementor-heading-title elementor-size-default\">Porqu\u00ea escolher a esta\u00e7\u00e3o de carregamento de ve\u00edculos el\u00e9ctricos da s\u00e9rie Bolt de 7kW?<\/h2>\t\t\t\t<\/div>\n\t\t\t\t<\/div>\n\t\t\t\t<div class=\"elementor-element elementor-element-964621e elementor-widget elementor-widget-text-editor\" data-id=\"964621e\" data-element_type=\"widget\" data-widget_type=\"text-editor.default\">\n\t\t\t\t<div class=\"elementor-widget-container\">\n\t\t\t\t\t\t\t\t\t<ul><li data-start=\"4558\" data-end=\"4654\"><strong data-start=\"4558\" data-end=\"4579\">Seguran\u00e7a certificada:<\/strong> Totalmente equipado com mecanismos de prote\u00e7\u00e3o avan\u00e7ados para uma utiliza\u00e7\u00e3o di\u00e1ria segura.<\/li><li data-start=\"4657\" data-end=\"4739\"><strong data-start=\"4657\" data-end=\"4679\">Controlo por aplica\u00e7\u00e3o inteligente:<\/strong> Gest\u00e3o remota sem problemas atrav\u00e9s da aplica\u00e7\u00e3o m\u00f3vel \"Homelife\".<\/li><li data-start=\"4742\" data-end=\"4837\"><strong data-start=\"4742\" data-end=\"4764\">Design minimalista:<\/strong> Sem ecr\u00e3 para uma manuten\u00e7\u00e3o reduzida, ideal para ambientes residenciais.<\/li><\/ul>\t\t\t\t\t\t\t\t<\/div>\n\t\t\t\t<\/div>\n\t\t\t\t\t<\/div>\n\t\t\t\t<\/div>\n\t\t\t\t<\/div>","protected":false},"excerpt":{"rendered":"<p>Introduction to 7kW Bolt Series AC EV Charging Station The 7kW Bolt Series EV Charging Station is designed for drivers seeking a reliable, efficient, and user-friendly solution for both residential EV charging and light commercial EV charging. This compact AC EV charger combines high performance with smart connectivity, offering seamless integration into home garages, apartment [&hellip;]<\/p>","protected":false},"author":4,"featured_media":5398,"menu_order":0,"template":"","format":"standard","meta":{"_acf_changed":false,"site-sidebar-layout":"default","site-content-layout":"page-builder","ast-site-content-layout":"default","site-content-style":"default","site-sidebar-style":"default","ast-global-header-display":"","ast-banner-title-visibility":"","ast-main-header-display":"","ast-hfb-above-header-display":"","ast-hfb-below-header-display":"","ast-hfb-mobile-header-display":"","site-post-title":"disabled","ast-breadcrumbs-content":"","ast-featured-img":"disabled","footer-sml-layout":"","ast-disable-related-posts":"","theme-transparent-header-meta":"","adv-header-id-meta":"","stick-header-meta":"","header-above-stick-meta":"","header-main-stick-meta":"","header-below-stick-meta":"","astra-migrate-meta-layouts":"set","ast-page-background-enabled":"default","ast-page-background-meta":{"desktop":{"background-color":"","background-image":"","background-repeat":"repeat","background-position":"center center","background-size":"auto","background-attachment":"scroll","background-type":"","background-media":"","overlay-type":"","overlay-color":"","overlay-opacity":"","overlay-gradient":""},"tablet":{"background-color":"","background-image":"","background-repeat":"repeat","background-position":"center center","background-size":"auto","background-attachment":"scroll","background-type":"","background-media":"","overlay-type":"","overlay-color":"","overlay-opacity":"","overlay-gradient":""},"mobile":{"background-color":"","background-image":"","background-repeat":"repeat","background-position":"center center","background-size":"auto","background-attachment":"scroll","background-type":"","background-media":"","overlay-type":"","overlay-color":"","overlay-opacity":"","overlay-gradient":""}},"ast-content-background-meta":{"desktop":{"background-color":"var(--ast-global-color-5)","background-image":"","background-repeat":"repeat","background-position":"center center","background-size":"auto","background-attachment":"scroll","background-type":"","background-media":"","overlay-type":"","overlay-color":"","overlay-opacity":"","overlay-gradient":""},"tablet":{"background-color":"var(--ast-global-color-5)","background-image":"","background-repeat":"repeat","background-position":"center center","background-size":"auto","background-attachment":"scroll","background-type":"","background-media":"","overlay-type":"","overlay-color":"","overlay-opacity":"","overlay-gradient":""},"mobile":{"background-color":"var(--ast-global-color-5)","background-image":"","background-repeat":"repeat","background-position":"center center","background-size":"auto","background-attachment":"scroll","background-type":"","background-media":"","overlay-type":"","overlay-color":"","overlay-opacity":"","overlay-gradient":""}},"footnotes":""},"product-category":[116,86],"product-tag":[],"class_list":["post-5322","product","type-product","status-publish","format-standard","has-post-thumbnail","hentry","product-category-ac-charging-station","product-category-charging-stations"],"acf":[],"_links":{"self":[{"href":"https:\/\/www.mekeltech.com\/pt\/wp-json\/wp\/v2\/product\/5322","targetHints":{"allow":["GET"]}}],"collection":[{"href":"https:\/\/www.mekeltech.com\/pt\/wp-json\/wp\/v2\/product"}],"about":[{"href":"https:\/\/www.mekeltech.com\/pt\/wp-json\/wp\/v2\/types\/product"}],"author":[{"embeddable":true,"href":"https:\/\/www.mekeltech.com\/pt\/wp-json\/wp\/v2\/users\/4"}],"version-history":[{"count":23,"href":"https:\/\/www.mekeltech.com\/pt\/wp-json\/wp\/v2\/product\/5322\/revisions"}],"predecessor-version":[{"id":7819,"href":"https:\/\/www.mekeltech.com\/pt\/wp-json\/wp\/v2\/product\/5322\/revisions\/7819"}],"wp:featuredmedia":[{"embeddable":true,"href":"https:\/\/www.mekeltech.com\/pt\/wp-json\/wp\/v2\/media\/5398"}],"wp:attachment":[{"href":"https:\/\/www.mekeltech.com\/pt\/wp-json\/wp\/v2\/media?parent=5322"}],"wp:term":[{"taxonomy":"product-category","embeddable":true,"href":"https:\/\/www.mekeltech.com\/pt\/wp-json\/wp\/v2\/product-category?post=5322"},{"taxonomy":"product-tag","embeddable":true,"href":"https:\/\/www.mekeltech.com\/pt\/wp-json\/wp\/v2\/product-tag?post=5322"}],"curies":[{"name":"wp","href":"https:\/\/api.w.org\/{rel}","templated":true}]}}