{"id":5310,"date":"2025-07-20T16:55:24","date_gmt":"2025-07-20T08:55:24","guid":{"rendered":"https:\/\/www.mekeltech.com\/?post_type=product&#038;p=5310"},"modified":"2025-11-07T11:35:24","modified_gmt":"2025-11-07T03:35:24","slug":"7kw-pulse-series-ev-charging-station","status":"publish","type":"product","link":"https:\/\/www.mekeltech.com\/pt\/product\/7kw-pulse-series-ev-charging-station\/","title":{"rendered":"Esta\u00e7\u00e3o de carregamento AC EV da s\u00e9rie Pulse de 7kW"},"content":{"rendered":"<div data-elementor-type=\"wp-post\" data-elementor-id=\"5310\" class=\"elementor elementor-5310\" data-elementor-post-type=\"product\">\n\t\t\t\t<div class=\"elementor-element elementor-element-47391fed e-flex e-con-boxed e-con e-parent\" data-id=\"47391fed\" data-element_type=\"container\">\n\t\t\t\t\t<div class=\"e-con-inner\">\n\t\t\t\t<div class=\"elementor-element elementor-element-81a621d elementor-widget elementor-widget-heading\" data-id=\"81a621d\" data-element_type=\"widget\" data-widget_type=\"heading.default\">\n\t\t\t\t<div class=\"elementor-widget-container\">\n\t\t\t\t\t<h2 class=\"elementor-heading-title elementor-size-default\">Introdu\u00e7\u00e3o \u00e0 esta\u00e7\u00e3o de carregamento de ve\u00edculos el\u00e9ctricos da s\u00e9rie Pulse de 7kW<\/h2>\t\t\t\t<\/div>\n\t\t\t\t<\/div>\n\t\t\t\t<div class=\"elementor-element elementor-element-01ece3f elementor-widget elementor-widget-text-editor\" data-id=\"01ece3f\" data-element_type=\"widget\" data-widget_type=\"text-editor.default\">\n\t\t\t\t<div class=\"elementor-widget-container\">\n\t\t\t\t\t\t\t\t\t<p data-start=\"582\" data-end=\"1333\">A esta\u00e7\u00e3o de carregamento de VE da s\u00e9rie Pulse de 7kW da Mekel \u00e9 uma solu\u00e7\u00e3o avan\u00e7ada de carregamento dom\u00e9stico e residencial concebida para propriet\u00e1rios de ve\u00edculos el\u00e9ctricos que procuram efici\u00eancia, seguran\u00e7a e comodidade. A esta\u00e7\u00e3o de carregamento de ve\u00edculos el\u00e9ctricos da s\u00e9rie Pulse de 7kW oferece um desempenho consistente em ambientes interiores e exteriores, tornando-a perfeita para garagens dom\u00e9sticas, complexos de apartamentos e pequenas instala\u00e7\u00f5es comerciais.<br data-start=\"970\" data-end=\"973\" \/>Com op\u00e7\u00f5es de instala\u00e7\u00e3o flex\u00edveis, compatibilidade com conectores Tipo 2, Tipo 1 e NACS e cumprimento das normas de seguran\u00e7a internacionais, a S\u00e9rie Pulse garante um carregamento fi\u00e1vel de ve\u00edculos el\u00e9ctricos para uma vasta gama de modelos EV. Concebida com um perfil elegante e economizador de espa\u00e7o, oferece uma experi\u00eancia de carregamento de alta qualidade para as necessidades modernas de mobilidade el\u00e9ctrica.<\/p>\t\t\t\t\t\t\t\t<\/div>\n\t\t\t\t<\/div>\n\t\t\t\t<div class=\"elementor-element elementor-element-15cfc62 elementor-widget__width-inherit elementor-widget elementor-widget-heading\" data-id=\"15cfc62\" data-element_type=\"widget\" data-widget_type=\"heading.default\">\n\t\t\t\t<div class=\"elementor-widget-container\">\n\t\t\t\t\t<h2 class=\"elementor-heading-title elementor-size-default\">Esta\u00e7\u00e3o de carregamento de ve\u00edculos el\u00e9ctricos da s\u00e9rie Pulse de 7kW para casas e complexos residenciais<\/h2>\t\t\t\t<\/div>\n\t\t\t\t<\/div>\n\t\t\t\t<div class=\"elementor-element elementor-element-54a05936 elementor-widget elementor-widget-text-editor\" data-id=\"54a05936\" data-element_type=\"widget\" data-widget_type=\"text-editor.default\">\n\t\t\t\t<div class=\"elementor-widget-container\">\n\t\t\t\t\t\t\t\t\t<p data-start=\"1413\" data-end=\"2036\">A esta\u00e7\u00e3o de carregamento de ve\u00edculos el\u00e9ctricos da s\u00e9rie Pulse de 7kW da Mekel \u00e9 ideal para ambientes de carregamento compactos, desde garagens privadas a lugares de estacionamento partilhados em edif\u00edcios residenciais. Concebida para cumprir as normas globais de seguran\u00e7a e desempenho, tais como IEC 61851-1, IEC 61851-21-2, UL 2231 e UL 2594, proporciona tranquilidade para o carregamento di\u00e1rio de ve\u00edculos el\u00e9ctricos.<br data-start=\"1765\" data-end=\"1768\" \/>A unidade suporta v\u00e1rias op\u00e7\u00f5es de conectores de carregamento - Tipo 2, Tipo 1 e NACS - tornando-a compat\u00edvel com uma vasta gama de marcas de VE. O seu inv\u00f3lucro com classifica\u00e7\u00e3o IP55 garante um funcionamento fi\u00e1vel, mesmo em condi\u00e7\u00f5es climat\u00e9ricas dif\u00edceis, permitindo uma utiliza\u00e7\u00e3o tanto no interior como no exterior.<\/p>\t\t\t\t\t\t\t\t<\/div>\n\t\t\t\t<\/div>\n\t\t\t\t<div class=\"elementor-element elementor-element-3f9703da elementor-widget__width-inherit elementor-widget elementor-widget-heading\" data-id=\"3f9703da\" data-element_type=\"widget\" data-widget_type=\"heading.default\">\n\t\t\t\t<div class=\"elementor-widget-container\">\n\t\t\t\t\t<h2 class=\"elementor-heading-title elementor-size-default\">Principais especifica\u00e7\u00f5es t\u00e9cnicas da esta\u00e7\u00e3o de carregamento de ve\u00edculos el\u00e9ctricos da s\u00e9rie Pulse de 7kW<\/h2>\t\t\t\t<\/div>\n\t\t\t\t<\/div>\n\t\t\t\t<div class=\"elementor-element elementor-element-1b55473a elementor-widget__width-inherit elementor-widget elementor-widget-shortcode\" data-id=\"1b55473a\" data-element_type=\"widget\" data-widget_type=\"shortcode.default\">\n\t\t\t\t<div class=\"elementor-widget-container\">\n\t\t\t\t\t\t\t<div class=\"elementor-shortcode\">\n<table id=\"tablepress-15\" class=\"tablepress tablepress-id-15\">\n<tbody class=\"row-striping row-hover\">\n<tr class=\"row-1\">\n\t<td class=\"column-1\"><b>Tens\u00e3o de entrada\/sa\u00edda<\/b><\/td><td class=\"column-2\">230Vac \u00b115%<\/td>\n<\/tr>\n<tr class=\"row-2\">\n\t<td class=\"column-1\"><b>Corrente m\u00e1xima de carregamento<\/b><\/td><td class=\"column-2\">32A<\/td>\n<\/tr>\n<tr class=\"row-3\">\n\t<td class=\"column-1\"><b>Frequ\u00eancia de funcionamento<\/b><\/td><td class=\"column-2\">50-60Hz<\/td>\n<\/tr>\n<tr class=\"row-4\">\n\t<td class=\"column-1\"><b>Gama de temperaturas de funcionamento<\/b><\/td><td class=\"column-2\">-20\u00b0C a +50\u00b0C<\/td>\n<\/tr>\n<tr class=\"row-5\">\n\t<td class=\"column-1\"><b>Intervalo de temperatura de armazenamento<\/b><\/td><td class=\"column-2\">-45\u00b0C a +60\u00b0C<\/td>\n<\/tr>\n<tr class=\"row-6\">\n\t<td class=\"column-1\"><b>Classifica\u00e7\u00e3o do inv\u00f3lucro<\/b><\/td><td class=\"column-2\">IP55 (estanque ao p\u00f3 e protegido contra jactos de \u00e1gua)<\/td>\n<\/tr>\n<tr class=\"row-7\">\n\t<td class=\"column-1\"><b>Instala\u00e7\u00e3o<\/b><\/td><td class=\"column-2\">Configura\u00e7\u00e3o flex\u00edvel de montagem na parede ou em pedestal<\/td>\n<\/tr>\n<tr class=\"row-8\">\n\t<td class=\"column-1\"><b>Dimens\u00f5es<\/b><\/td><td class=\"column-2\">196 mm x 320 mm x 97 mm<\/td>\n<\/tr>\n<tr class=\"row-9\">\n\t<td class=\"column-1\"><b>Comunica\u00e7\u00e3o<\/b><\/td><td class=\"column-2\">HCI Bluetooth \/ Wi-Fi \/ 4G<\/td>\n<\/tr>\n<tr class=\"row-10\">\n\t<td class=\"column-1\"><b>Certifica\u00e7\u00e3o<\/b><\/td><td class=\"column-2\">Em conformidade com a norma CE<\/td>\n<\/tr>\n<\/tbody>\n<\/table>\n<\/div>\n\t\t\t\t\t\t<\/div>\n\t\t\t\t<\/div>\n\t\t\t\t<div class=\"elementor-element elementor-element-26e33b52 elementor-widget__width-inherit elementor-widget elementor-widget-heading\" data-id=\"26e33b52\" data-element_type=\"widget\" data-widget_type=\"heading.default\">\n\t\t\t\t<div class=\"elementor-widget-container\">\n\t\t\t\t\t<h2 class=\"elementor-heading-title elementor-size-default\">Carater\u00edsticas de seguran\u00e7a multi-camadas incorporadas<\/h2>\t\t\t\t<\/div>\n\t\t\t\t<\/div>\n\t\t\t\t<div class=\"elementor-element elementor-element-73aa4f6e elementor-widget elementor-widget-text-editor\" data-id=\"73aa4f6e\" data-element_type=\"widget\" data-widget_type=\"text-editor.default\">\n\t\t\t\t<div class=\"elementor-widget-container\">\n\t\t\t\t\t\t\t\t\t<p data-start=\"2530\" data-end=\"2675\">A esta\u00e7\u00e3o de carregamento de ve\u00edculos el\u00e9ctricos da s\u00e9rie Pulse de 7kW incorpora v\u00e1rios sistemas de prote\u00e7\u00e3o para salvaguardar tanto o ve\u00edculo como a rede el\u00e9ctrica. As carater\u00edsticas incluem:<\/p><ul><li data-start=\"2678\" data-end=\"2709\">Prote\u00e7\u00e3o contra sobre\/subtens\u00e3o<\/li><li data-start=\"2712\" data-end=\"2734\">Limita\u00e7\u00e3o de sobreintensidade<\/li><li data-start=\"2737\" data-end=\"2765\">Prote\u00e7\u00e3o contra corrente de fuga<\/li><\/ul><p data-start=\"2767\" data-end=\"2892\">Estas medidas de seguran\u00e7a garantem sess\u00f5es de carregamento est\u00e1veis, minimizando os riscos e maximizando a fiabilidade a longo prazo para utiliza\u00e7\u00e3o di\u00e1ria.<\/p>\t\t\t\t\t\t\t\t<\/div>\n\t\t\t\t<\/div>\n\t\t\t\t<div class=\"elementor-element elementor-element-50c43177 elementor-widget__width-inherit elementor-widget elementor-widget-heading\" data-id=\"50c43177\" data-element_type=\"widget\" data-widget_type=\"heading.default\">\n\t\t\t\t<div class=\"elementor-widget-container\">\n\t\t\t\t\t<h2 class=\"elementor-heading-title elementor-size-default\">Opera\u00e7\u00e3o de carregamento segura e sem esfor\u00e7o <\/h2>\t\t\t\t<\/div>\n\t\t\t\t<\/div>\n\t\t\t\t<div class=\"elementor-element elementor-element-1cad065e elementor-widget elementor-widget-text-editor\" data-id=\"1cad065e\" data-element_type=\"widget\" data-widget_type=\"text-editor.default\">\n\t\t\t\t<div class=\"elementor-widget-container\">\n\t\t\t\t\t\t\t\t\t<p>Com o seu design plug-and-play, a esta\u00e7\u00e3o de carregamento de ve\u00edculos el\u00e9ctricos da s\u00e9rie Pulse de 7kW come\u00e7a a carregar automaticamente assim que \u00e9 ligada a um ve\u00edculo compat\u00edvel. A conetividade inteligente integrada suporta a opera\u00e7\u00e3o remota baseada em aplica\u00e7\u00f5es via Bluetooth, Wi-Fi ou 4G, dando aos utilizadores o controlo sobre as sess\u00f5es de carregamento a qualquer hora e em qualquer lugar. Isto torna a monitoriza\u00e7\u00e3o, a programa\u00e7\u00e3o e a gest\u00e3o da energia f\u00e1ceis e eficientes.<\/p>\t\t\t\t\t\t\t\t<\/div>\n\t\t\t\t<\/div>\n\t\t\t\t<div class=\"elementor-element elementor-element-12020b23 elementor-widget__width-inherit elementor-widget elementor-widget-heading\" data-id=\"12020b23\" data-element_type=\"widget\" data-widget_type=\"heading.default\">\n\t\t\t\t<div class=\"elementor-widget-container\">\n\t\t\t\t\t<h2 class=\"elementor-heading-title elementor-size-default\">Instala\u00e7\u00e3o r\u00e1pida e utiliza\u00e7\u00e3o fi\u00e1vel<\/h2>\t\t\t\t<\/div>\n\t\t\t\t<\/div>\n\t\t\t\t<div class=\"elementor-element elementor-element-135a00cf elementor-widget elementor-widget-text-editor\" data-id=\"135a00cf\" data-element_type=\"widget\" data-widget_type=\"text-editor.default\">\n\t\t\t\t<div class=\"elementor-widget-container\">\n\t\t\t\t\t\t\t\t\t<p>A esta\u00e7\u00e3o de carregamento de ve\u00edculos el\u00e9ctricos da s\u00e9rie Pulse de 7kW da Mekel foi concebida para uma instala\u00e7\u00e3o sem complica\u00e7\u00f5es. O seu design minimalista e sem ecr\u00e3 acelera a implementa\u00e7\u00e3o e reduz as necessidades de manuten\u00e7\u00e3o. Quer seja instalada numa parede ou num pedestal, a caixa com classifica\u00e7\u00e3o IP55 oferece durabilidade contra poeira, chuva e outros factores ambientais, tornando-a adequada para aplica\u00e7\u00f5es residenciais e comerciais ligeiras.<\/p>\t\t\t\t\t\t\t\t<\/div>\n\t\t\t\t<\/div>\n\t\t\t\t<div class=\"elementor-element elementor-element-66821b2 elementor-widget__width-inherit elementor-widget elementor-widget-heading\" data-id=\"66821b2\" data-element_type=\"widget\" data-widget_type=\"heading.default\">\n\t\t\t\t<div class=\"elementor-widget-container\">\n\t\t\t\t\t<h2 class=\"elementor-heading-title elementor-size-default\">Porqu\u00ea escolher esta esta\u00e7\u00e3o de carregamento de ve\u00edculos el\u00e9ctricos da s\u00e9rie Pulse de 7kW da Mekel?<\/h2>\t\t\t\t<\/div>\n\t\t\t\t<\/div>\n\t\t\t\t<div class=\"elementor-element elementor-element-e859d8c elementor-widget elementor-widget-text-editor\" data-id=\"e859d8c\" data-element_type=\"widget\" data-widget_type=\"text-editor.default\">\n\t\t\t\t<div class=\"elementor-widget-container\">\n\t\t\t\t\t\t\t\t\t<ul><li data-start=\"3802\" data-end=\"3893\"><strong data-start=\"3802\" data-end=\"3828\">Conce\u00e7\u00e3o de seguran\u00e7a de confian\u00e7a:<\/strong> V\u00e1rias protec\u00e7\u00f5es incorporadas garantem um funcionamento seguro a longo prazo.<\/li><li data-start=\"3896\" data-end=\"3994\"><strong data-start=\"3896\" data-end=\"3926\">Design minimalista e moderno:<\/strong> A estrutura sem ecr\u00e3 \u00e9 ideal para o carregamento di\u00e1rio de ve\u00edculos el\u00e9ctricos em casa.<\/li><li data-start=\"3997\" data-end=\"4090\"><strong data-start=\"3997\" data-end=\"4022\">Compatibilidade global:<\/strong> Suporta os principais tipos de conectores e cumpre as normas internacionais.<\/li><\/ul>\t\t\t\t\t\t\t\t<\/div>\n\t\t\t\t<\/div>\n\t\t\t\t<div class=\"elementor-element elementor-element-1d2bdbc5 elementor-widget__width-inherit elementor-widget elementor-widget-heading\" data-id=\"1d2bdbc5\" data-element_type=\"widget\" data-widget_type=\"heading.default\">\n\t\t\t\t<div class=\"elementor-widget-container\">\n\t\t\t\t\t<h2 class=\"elementor-heading-title elementor-size-default\">FAQ<\/h2>\t\t\t\t<\/div>\n\t\t\t\t<\/div>\n\t\t\t\t<div class=\"elementor-element elementor-element-1115fca8 elementor-widget elementor-widget-n-accordion\" data-id=\"1115fca8\" data-element_type=\"widget\" data-settings=\"{&quot;default_state&quot;:&quot;expanded&quot;,&quot;max_items_expended&quot;:&quot;one&quot;,&quot;n_accordion_animation_duration&quot;:{&quot;unit&quot;:&quot;ms&quot;,&quot;size&quot;:400,&quot;sizes&quot;:[]}}\" data-widget_type=\"nested-accordion.default\">\n\t\t\t\t<div class=\"elementor-widget-container\">\n\t\t\t\t\t\t\t<div class=\"e-n-accordion\" aria-label=\"Acorde\u00e3o. Abrir liga\u00e7\u00f5es com Enter ou Espa\u00e7o, fechar com Escape e navegar com Setas\">\n\t\t\t\t\t\t<details id=\"e-n-accordion-item-2860\" class=\"e-n-accordion-item\" open>\n\t\t\t\t<summary class=\"e-n-accordion-item-title\" data-accordion-index=\"1\" tabindex=\"0\" aria-expanded=\"true\" aria-controls=\"e-n-accordion-item-2860\" >\n\t\t\t\t\t<span class='e-n-accordion-item-title-header'><div class=\"e-n-accordion-item-title-text\"> P: Quanto tempo demora a Esta\u00e7\u00e3o de Carregamento de VE da S\u00e9rie Pulse de 7kW a carregar um VE com um carregador CA da S\u00e9rie Pulse da Mekel? <\/div><\/span>\n\t\t\t\t\t\t\t<span class='e-n-accordion-item-title-icon'>\n\t\t\t<span class='e-opened' ><svg aria-hidden=\"true\" class=\"e-font-icon-svg e-fas-minus\" viewbox=\"0 0 448 512\" xmlns=\"http:\/\/www.w3.org\/2000\/svg\"><path d=\"M416 208H32c-17.67 0-32 14.33-32 32v32c0 17.67 14.33 32 32 32h384c17.67 0 32-14.33 32-32v-32c0-17.67-14.33-32-32-32z\"><\/path><\/svg><\/span>\n\t\t\t<span class='e-closed'><svg aria-hidden=\"true\" class=\"e-font-icon-svg e-fas-plus\" viewbox=\"0 0 448 512\" xmlns=\"http:\/\/www.w3.org\/2000\/svg\"><path d=\"M416 208H272V64c0-17.67-14.33-32-32-32h-32c-17.67 0-32 14.33-32 32v144H32c-17.67 0-32 14.33-32 32v32c0 17.67 14.33 32 32 32h144v144c0 17.67 14.33 32 32 32h32c17.67 0 32-14.33 32-32V304h144c17.67 0 32-14.33 32-32v-32c0-17.67-14.33-32-32-32z\"><\/path><\/svg><\/span>\n\t\t<\/span>\n\n\t\t\t\t\t\t<\/summary>\n\t\t\t\t<div role=\"region\" aria-labelledby=\"e-n-accordion-item-2860\" class=\"elementor-element elementor-element-74f26f6c e-con-full e-flex e-con e-child\" data-id=\"74f26f6c\" data-element_type=\"container\">\n\t\t\t\t<div class=\"elementor-element elementor-element-5951754f elementor-widget__width-inherit elementor-widget elementor-widget-text-editor\" data-id=\"5951754f\" data-element_type=\"widget\" data-widget_type=\"text-editor.default\">\n\t\t\t\t<div class=\"elementor-widget-container\">\n\t\t\t\t\t\t\t\t\t<p>R: Esta esta\u00e7\u00e3o de carregamento de ve\u00edculos el\u00e9ctricos da s\u00e9rie Pulse de 7kW demora normalmente cerca de 8 horas a carregar completamente, o que a torna ideal para o carregamento noturno em casas e complexos residenciais.<\/p>\t\t\t\t\t\t\t\t<\/div>\n\t\t\t\t<\/div>\n\t\t\t\t<\/div>\n\t\t\t\t\t<\/details>\n\t\t\t\t\t\t<details id=\"e-n-accordion-item-2861\" class=\"e-n-accordion-item\" >\n\t\t\t\t<summary class=\"e-n-accordion-item-title\" data-accordion-index=\"2\" tabindex=\"-1\" aria-expanded=\"false\" aria-controls=\"e-n-accordion-item-2861\" >\n\t\t\t\t\t<span class='e-n-accordion-item-title-header'><div class=\"e-n-accordion-item-title-text\"> P: Como posso escolher entre os modelos de carregador b\u00e1sico e inteligente? <\/div><\/span>\n\t\t\t\t\t\t\t<span class='e-n-accordion-item-title-icon'>\n\t\t\t<span class='e-opened' ><svg aria-hidden=\"true\" class=\"e-font-icon-svg e-fas-minus\" viewbox=\"0 0 448 512\" xmlns=\"http:\/\/www.w3.org\/2000\/svg\"><path d=\"M416 208H32c-17.67 0-32 14.33-32 32v32c0 17.67 14.33 32 32 32h384c17.67 0 32-14.33 32-32v-32c0-17.67-14.33-32-32-32z\"><\/path><\/svg><\/span>\n\t\t\t<span class='e-closed'><svg aria-hidden=\"true\" class=\"e-font-icon-svg e-fas-plus\" viewbox=\"0 0 448 512\" xmlns=\"http:\/\/www.w3.org\/2000\/svg\"><path d=\"M416 208H272V64c0-17.67-14.33-32-32-32h-32c-17.67 0-32 14.33-32 32v144H32c-17.67 0-32 14.33-32 32v32c0 17.67 14.33 32 32 32h144v144c0 17.67 14.33 32 32 32h32c17.67 0 32-14.33 32-32V304h144c17.67 0 32-14.33 32-32v-32c0-17.67-14.33-32-32-32z\"><\/path><\/svg><\/span>\n\t\t<\/span>\n\n\t\t\t\t\t\t<\/summary>\n\t\t\t\t<div role=\"region\" aria-labelledby=\"e-n-accordion-item-2861\" class=\"elementor-element elementor-element-634d8957 e-con-full e-flex e-con e-child\" data-id=\"634d8957\" data-element_type=\"container\">\n\t\t\t\t<div class=\"elementor-element elementor-element-286b3940 elementor-widget__width-inherit elementor-widget elementor-widget-text-editor\" data-id=\"286b3940\" data-element_type=\"widget\" data-widget_type=\"text-editor.default\">\n\t\t\t\t<div class=\"elementor-widget-container\">\n\t\t\t\t\t\t\t\t\t<p>R: Os modelos b\u00e1sicos s\u00e3o perfeitos para uma utiliza\u00e7\u00e3o dom\u00e9stica simples, especialmente em \u00e1reas com tarifas de eletricidade fixas. As esta\u00e7\u00f5es de carregamento de ve\u00edculos el\u00e9ctricos inteligentes da s\u00e9rie Pulse de 7kW oferecem funcionalidades avan\u00e7adas, tais como monitoriza\u00e7\u00e3o de energia, controlo remoto e programa\u00e7\u00e3o fora de horas de ponta - ideal para utilizadores que procuram solu\u00e7\u00f5es de carregamento inteligentes.<\/p>\t\t\t\t\t\t\t\t<\/div>\n\t\t\t\t<\/div>\n\t\t\t\t<\/div>\n\t\t\t\t\t<\/details>\n\t\t\t\t\t\t<details id=\"e-n-accordion-item-2862\" class=\"e-n-accordion-item\" >\n\t\t\t\t<summary class=\"e-n-accordion-item-title\" data-accordion-index=\"3\" tabindex=\"-1\" aria-expanded=\"false\" aria-controls=\"e-n-accordion-item-2862\" >\n\t\t\t\t\t<span class='e-n-accordion-item-title-header'><div class=\"e-n-accordion-item-title-text\"> P: As esta\u00e7\u00f5es de carregamento de ve\u00edculos el\u00e9ctricos da s\u00e9rie Pulse de 7kW da Mekel s\u00e3o adequadas para uma utiliza\u00e7\u00e3o di\u00e1ria a longo prazo? <\/div><\/span>\n\t\t\t\t\t\t\t<span class='e-n-accordion-item-title-icon'>\n\t\t\t<span class='e-opened' ><svg aria-hidden=\"true\" class=\"e-font-icon-svg e-fas-minus\" viewbox=\"0 0 448 512\" xmlns=\"http:\/\/www.w3.org\/2000\/svg\"><path d=\"M416 208H32c-17.67 0-32 14.33-32 32v32c0 17.67 14.33 32 32 32h384c17.67 0 32-14.33 32-32v-32c0-17.67-14.33-32-32-32z\"><\/path><\/svg><\/span>\n\t\t\t<span class='e-closed'><svg aria-hidden=\"true\" class=\"e-font-icon-svg e-fas-plus\" viewbox=\"0 0 448 512\" xmlns=\"http:\/\/www.w3.org\/2000\/svg\"><path d=\"M416 208H272V64c0-17.67-14.33-32-32-32h-32c-17.67 0-32 14.33-32 32v144H32c-17.67 0-32 14.33-32 32v32c0 17.67 14.33 32 32 32h144v144c0 17.67 14.33 32 32 32h32c17.67 0 32-14.33 32-32V304h144c17.67 0 32-14.33 32-32v-32c0-17.67-14.33-32-32-32z\"><\/path><\/svg><\/span>\n\t\t<\/span>\n\n\t\t\t\t\t\t<\/summary>\n\t\t\t\t<div role=\"region\" aria-labelledby=\"e-n-accordion-item-2862\" class=\"elementor-element elementor-element-5f9d202c e-con-full e-flex e-con e-child\" data-id=\"5f9d202c\" data-element_type=\"container\">\n\t\t\t\t<div class=\"elementor-element elementor-element-279de42b elementor-widget__width-inherit elementor-widget elementor-widget-text-editor\" data-id=\"279de42b\" data-element_type=\"widget\" data-widget_type=\"text-editor.default\">\n\t\t\t\t<div class=\"elementor-widget-container\">\n\t\t\t\t\t\t\t\t\t<p>R: Sim. Constru\u00eddas para durar, as Esta\u00e7\u00f5es de Carregamento de VE da S\u00e9rie Pulse de 7kW da Mekel foram concebidas para suportar os ciclos de carregamento di\u00e1rios, desde que o seu sistema el\u00e9trico esteja corretamente configurado e instalado profissionalmente.<\/p>\t\t\t\t\t\t\t\t<\/div>\n\t\t\t\t<\/div>\n\t\t\t\t<\/div>\n\t\t\t\t\t<\/details>\n\t\t\t\t\t<\/div>\n\t\t\t\t\t\t<\/div>\n\t\t\t\t<\/div>\n\t\t\t\t\t<\/div>\n\t\t\t\t<\/div>\n\t\t\t\t<\/div>","protected":false},"excerpt":{"rendered":"<p>Introduction to 7kW Pulse Series EV Charging Station The Mekel 7kW Pulse Series EV charging station is an advanced home and residential charging solution engineered for electric vehicle owners seeking efficiency, safety, and convenience. The 7kW Pulse Series EV Charging Station delivers consistent performance in both indoor and outdoor environments, making it a perfect fit [&hellip;]<\/p>","protected":false},"author":4,"featured_media":5535,"menu_order":0,"template":"","format":"standard","meta":{"_acf_changed":false,"site-sidebar-layout":"no-sidebar","site-content-layout":"page-builder","ast-site-content-layout":"full-width-container","site-content-style":"default","site-sidebar-style":"default","ast-global-header-display":"","ast-banner-title-visibility":"","ast-main-header-display":"","ast-hfb-above-header-display":"","ast-hfb-below-header-display":"","ast-hfb-mobile-header-display":"","site-post-title":"disabled","ast-breadcrumbs-content":"","ast-featured-img":"disabled","footer-sml-layout":"","ast-disable-related-posts":"","theme-transparent-header-meta":"","adv-header-id-meta":"","stick-header-meta":"","header-above-stick-meta":"","header-main-stick-meta":"","header-below-stick-meta":"","astra-migrate-meta-layouts":"set","ast-page-background-enabled":"default","ast-page-background-meta":{"desktop":{"background-color":"","background-image":"","background-repeat":"repeat","background-position":"center center","background-size":"auto","background-attachment":"scroll","background-type":"","background-media":"","overlay-type":"","overlay-color":"","overlay-opacity":"","overlay-gradient":""},"tablet":{"background-color":"","background-image":"","background-repeat":"repeat","background-position":"center center","background-size":"auto","background-attachment":"scroll","background-type":"","background-media":"","overlay-type":"","overlay-color":"","overlay-opacity":"","overlay-gradient":""},"mobile":{"background-color":"","background-image":"","background-repeat":"repeat","background-position":"center center","background-size":"auto","background-attachment":"scroll","background-type":"","background-media":"","overlay-type":"","overlay-color":"","overlay-opacity":"","overlay-gradient":""}},"ast-content-background-meta":{"desktop":{"background-color":"var(--ast-global-color-5)","background-image":"","background-repeat":"repeat","background-position":"center center","background-size":"auto","background-attachment":"scroll","background-type":"","background-media":"","overlay-type":"","overlay-color":"","overlay-opacity":"","overlay-gradient":""},"tablet":{"background-color":"var(--ast-global-color-5)","background-image":"","background-repeat":"repeat","background-position":"center center","background-size":"auto","background-attachment":"scroll","background-type":"","background-media":"","overlay-type":"","overlay-color":"","overlay-opacity":"","overlay-gradient":""},"mobile":{"background-color":"var(--ast-global-color-5)","background-image":"","background-repeat":"repeat","background-position":"center center","background-size":"auto","background-attachment":"scroll","background-type":"","background-media":"","overlay-type":"","overlay-color":"","overlay-opacity":"","overlay-gradient":""}},"footnotes":""},"product-category":[116,86],"product-tag":[],"class_list":["post-5310","product","type-product","status-publish","format-standard","has-post-thumbnail","hentry","product-category-ac-charging-station","product-category-charging-stations"],"acf":[],"_links":{"self":[{"href":"https:\/\/www.mekeltech.com\/pt\/wp-json\/wp\/v2\/product\/5310","targetHints":{"allow":["GET"]}}],"collection":[{"href":"https:\/\/www.mekeltech.com\/pt\/wp-json\/wp\/v2\/product"}],"about":[{"href":"https:\/\/www.mekeltech.com\/pt\/wp-json\/wp\/v2\/types\/product"}],"author":[{"embeddable":true,"href":"https:\/\/www.mekeltech.com\/pt\/wp-json\/wp\/v2\/users\/4"}],"version-history":[{"count":22,"href":"https:\/\/www.mekeltech.com\/pt\/wp-json\/wp\/v2\/product\/5310\/revisions"}],"predecessor-version":[{"id":7822,"href":"https:\/\/www.mekeltech.com\/pt\/wp-json\/wp\/v2\/product\/5310\/revisions\/7822"}],"wp:featuredmedia":[{"embeddable":true,"href":"https:\/\/www.mekeltech.com\/pt\/wp-json\/wp\/v2\/media\/5535"}],"wp:attachment":[{"href":"https:\/\/www.mekeltech.com\/pt\/wp-json\/wp\/v2\/media?parent=5310"}],"wp:term":[{"taxonomy":"product-category","embeddable":true,"href":"https:\/\/www.mekeltech.com\/pt\/wp-json\/wp\/v2\/product-category?post=5310"},{"taxonomy":"product-tag","embeddable":true,"href":"https:\/\/www.mekeltech.com\/pt\/wp-json\/wp\/v2\/product-tag?post=5310"}],"curies":[{"name":"wp","href":"https:\/\/api.w.org\/{rel}","templated":true}]}}