{"id":4505,"date":"2025-06-18T16:47:51","date_gmt":"2025-06-18T08:47:51","guid":{"rendered":"https:\/\/www.mekeltech.com\/?post_type=product&#038;p=4505"},"modified":"2025-06-18T17:52:01","modified_gmt":"2025-06-18T09:52:01","slug":"type-2-standard-charging-connectors","status":"publish","type":"product","link":"https:\/\/www.mekeltech.com\/pt\/product\/type-2-standard-charging-connectors\/","title":{"rendered":"Conectores de carregamento padr\u00e3o tipo 2"},"content":{"rendered":"<p>Mekel Type 2 Female and Male Connectors feature ergonomic design and are proven to be of exceptional durability, safety proof, and weather resistance. Now available in Single and three-phase variations, connectors also include internal conduction components.<\/p>\n\n\n\n<h2 class=\"wp-block-heading\">What are Type 2 Female and Male Connectors?<\/h2>\n\n\n\n<p>Type 2 Female and Male Connectors are used for assembly of Type 2 AC charging cables. <\/p>\n\n\n\n<p>O <strong>Female Connector<\/strong> is used for the end that plugs directly into the Type 2 or CCS2 vehicle sockets. <\/p>\n\n\n\n<p>O <strong>Male Connector<\/strong> is used to connect to AC charging stations. <\/p>\n\n\n\n<p>Should the client intend to procure for assembly of tethered charging stations, the Female Connector is sufficient, as that is the end for connection with the vehicle charging socket.<\/p>\n\n\n\n<h2 class=\"wp-block-heading\">Como \u00e9 que funciona?<\/h2>\n\n\n\n<p>Internal cables of Type 2 charging cable, following cable sheath removal are to be stamped along with corresponding terminals provided along with the connectors. The terminals are then assembled onto the exterior PC and nylon casing components of the connectors.<\/p>\n\n\n\n<p>The conduction and relay of electricity is done through the terminals of the Type 2 Female and Male Connectors to charge the EV from the charging station.<\/p>\n\n\n\n<h2 class=\"wp-block-heading\">Why Choose Mekel Type 2 to Type 2 Charging Connectors?<\/h2>\n\n\n\n<h3 class=\"wp-block-heading\">Industry-Leading Certifications<\/h3>\n\n\n\n<p>Tested and certified by the prestigious TUV Rheinland test laboratory for TUV, CE, and UKCA certifications. Mekel takes pride in our products in providing certified safety to all end users.<\/p>\n\n\n\n<h3 class=\"wp-block-heading\">Qualidade robusta<\/h3>\n\n\n\n<p>Built with the utmost quality material, Mekel\u2019s Type 2 connectors deliver you the utmost value through product longevity. Built to endure 10,000+ usage cycles, our Type 2 connectors are suitable for all businesses and individual end consumers on a daily usage basis.<\/p>\n\n\n\n<h3 class=\"wp-block-heading\">Protegido contra ambientes e condi\u00e7\u00f5es climat\u00e9ricas extremas<\/h3>\n\n\n\n<p>Mekel\u2019s Type 2 Connectors come with ingress protection levels of IP65 to withstand rainy and snowy conditions. It has been tested to operate under extreme weather conditions ranging from -35\u00b0C to +50\u00b0C. Tested in all ranges of environments, the connectors are suitable for use in countries along the equator and extreme freezing weather in the Nordic countries as well.<\/p>\n\n\n\n<h3 class=\"wp-block-heading\">Key Features of Mekel Type 2 Connectors<\/h3>\n\n\n\n<p>1. TUV, CE, UKCA, RoHS Certified<\/p>\n\n\n\n<ol class=\"wp-block-list\">\n<li><\/li>\n<\/ol>\n\n\n\n<p>2. Flexible Customization Solutions: Laser Engraving of Logo, Length, Color, Packaging<\/p>\n\n\n\n<p>3. 2 Years Warranty<\/p>\n\n\n\n<p>4. Extensive Global Delivery Network<\/p>\n\n\n\n<p>5. Superior Water Resistance Protection<\/p>\n\n\n\n<h2 class=\"wp-block-heading\">FAQ<\/h2>\n\n\n\n<p><strong>Q: Which connector do I need if I am manufacturing charging stations<\/strong><\/p>\n\n\n\n<p>A: If you are building tethered charging stations, in which the station end of the Type 2 charging cable is tethered onto your charging station, you would just need the Female Connector. The Female Connector is to be attached to the charging end of the cable and used to connect the Electric Vehicle<\/p>\n\n\n\n<p><strong>Q: Are the Connectors compatible with Battery Electric Vehicle (BEV) and Plug-in Hybrid Electric Vehicle (PHEV)?<\/strong><\/p>\n\n\n\n<p>A: Please check the car\u2019s charging inlet to see if it is Type 2 (Mennekes, 7 pins) or CCS 2 (7 pins + 2 pins). The Type 2 Female Connector is compatible with BEV and PHEV with Type 2 and CCS charging inlets. The Male Connector is compatible with charging stations, not for vehicles.<\/p>\n\n\n\n<p><strong>Q: Do the connectors come with quality certification?<\/strong><\/p>\n\n\n\n<p>A: Yes. Our Type 2 Connectors are TUV, CE, and UKCA compliant. These are the most stringent certification requirements in Europe and the UK. Ensuring leading quality is our top priority.<\/p>","protected":false},"excerpt":{"rendered":"<p>Mekel Type 2 Female and Male Connectors feature ergonomic design and are proven to be of exceptional durability, safety proof, and weather resistance. Now available in Single and three-phase variations, connectors also include internal conduction components. What are Type 2 Female and Male Connectors? Type 2 Female and Male Connectors are used for assembly of [&hellip;]<\/p>","protected":false},"author":4,"featured_media":4509,"menu_order":0,"template":"","format":"standard","meta":{"_acf_changed":false,"site-sidebar-layout":"default","site-content-layout":"","ast-site-content-layout":"default","site-content-style":"default","site-sidebar-style":"default","ast-global-header-display":"","ast-banner-title-visibility":"","ast-main-header-display":"","ast-hfb-above-header-display":"","ast-hfb-below-header-display":"","ast-hfb-mobile-header-display":"","site-post-title":"","ast-breadcrumbs-content":"","ast-featured-img":"","footer-sml-layout":"","ast-disable-related-posts":"","theme-transparent-header-meta":"","adv-header-id-meta":"","stick-header-meta":"","header-above-stick-meta":"","header-main-stick-meta":"","header-below-stick-meta":"","astra-migrate-meta-layouts":"set","ast-page-background-enabled":"default","ast-page-background-meta":{"desktop":{"background-color":"","background-image":"","background-repeat":"repeat","background-position":"center center","background-size":"auto","background-attachment":"scroll","background-type":"","background-media":"","overlay-type":"","overlay-color":"","overlay-opacity":"","overlay-gradient":""},"tablet":{"background-color":"","background-image":"","background-repeat":"repeat","background-position":"center center","background-size":"auto","background-attachment":"scroll","background-type":"","background-media":"","overlay-type":"","overlay-color":"","overlay-opacity":"","overlay-gradient":""},"mobile":{"background-color":"","background-image":"","background-repeat":"repeat","background-position":"center center","background-size":"auto","background-attachment":"scroll","background-type":"","background-media":"","overlay-type":"","overlay-color":"","overlay-opacity":"","overlay-gradient":""}},"ast-content-background-meta":{"desktop":{"background-color":"var(--ast-global-color-5)","background-image":"","background-repeat":"repeat","background-position":"center center","background-size":"auto","background-attachment":"scroll","background-type":"","background-media":"","overlay-type":"","overlay-color":"","overlay-opacity":"","overlay-gradient":""},"tablet":{"background-color":"var(--ast-global-color-5)","background-image":"","background-repeat":"repeat","background-position":"center center","background-size":"auto","background-attachment":"scroll","background-type":"","background-media":"","overlay-type":"","overlay-color":"","overlay-opacity":"","overlay-gradient":""},"mobile":{"background-color":"var(--ast-global-color-5)","background-image":"","background-repeat":"repeat","background-position":"center center","background-size":"auto","background-attachment":"scroll","background-type":"","background-media":"","overlay-type":"","overlay-color":"","overlay-opacity":"","overlay-gradient":""}},"footnotes":""},"product-category":[90],"product-tag":[],"class_list":["post-4505","product","type-product","status-publish","format-standard","has-post-thumbnail","hentry","product-category-charging-cable"],"acf":[],"_links":{"self":[{"href":"https:\/\/www.mekeltech.com\/pt\/wp-json\/wp\/v2\/product\/4505","targetHints":{"allow":["GET"]}}],"collection":[{"href":"https:\/\/www.mekeltech.com\/pt\/wp-json\/wp\/v2\/product"}],"about":[{"href":"https:\/\/www.mekeltech.com\/pt\/wp-json\/wp\/v2\/types\/product"}],"author":[{"embeddable":true,"href":"https:\/\/www.mekeltech.com\/pt\/wp-json\/wp\/v2\/users\/4"}],"version-history":[{"count":4,"href":"https:\/\/www.mekeltech.com\/pt\/wp-json\/wp\/v2\/product\/4505\/revisions"}],"predecessor-version":[{"id":5994,"href":"https:\/\/www.mekeltech.com\/pt\/wp-json\/wp\/v2\/product\/4505\/revisions\/5994"}],"wp:featuredmedia":[{"embeddable":true,"href":"https:\/\/www.mekeltech.com\/pt\/wp-json\/wp\/v2\/media\/4509"}],"wp:attachment":[{"href":"https:\/\/www.mekeltech.com\/pt\/wp-json\/wp\/v2\/media?parent=4505"}],"wp:term":[{"taxonomy":"product-category","embeddable":true,"href":"https:\/\/www.mekeltech.com\/pt\/wp-json\/wp\/v2\/product-category?post=4505"},{"taxonomy":"product-tag","embeddable":true,"href":"https:\/\/www.mekeltech.com\/pt\/wp-json\/wp\/v2\/product-tag?post=4505"}],"curies":[{"name":"wp","href":"https:\/\/api.w.org\/{rel}","templated":true}]}}