{"id":2981,"date":"2025-05-25T15:27:44","date_gmt":"2025-05-25T07:27:44","guid":{"rendered":"https:\/\/mekeltech.com\/?post_type=product&#038;p=2981"},"modified":"2025-09-05T10:41:59","modified_gmt":"2025-09-05T02:41:59","slug":"dc-charging-controller","status":"publish","type":"product","link":"https:\/\/www.mekeltech.com\/pt\/product\/dc-charging-controller\/","title":{"rendered":"Controlador de carregamento DC"},"content":{"rendered":"<div data-elementor-type=\"wp-post\" data-elementor-id=\"2981\" class=\"elementor elementor-2981\" data-elementor-post-type=\"product\">\n\t\t\t\t<div class=\"elementor-element elementor-element-40a01cfc e-flex e-con-boxed e-con e-parent\" data-id=\"40a01cfc\" data-element_type=\"container\">\n\t\t\t\t\t<div class=\"e-con-inner\">\n\t\t\t\t<div class=\"elementor-element elementor-element-85de9aa elementor-widget elementor-widget-heading\" data-id=\"85de9aa\" data-element_type=\"widget\" data-widget_type=\"heading.default\">\n\t\t\t\t<div class=\"elementor-widget-container\">\n\t\t\t\t\t<h2 class=\"elementor-heading-title elementor-size-default\">Introdu\u00e7\u00e3o ao controlador de carregamento DC<\/h2>\t\t\t\t<\/div>\n\t\t\t\t<\/div>\n\t\t\t\t<div class=\"elementor-element elementor-element-e2110a0 elementor-widget elementor-widget-text-editor\" data-id=\"e2110a0\" data-element_type=\"widget\" data-widget_type=\"text-editor.default\">\n\t\t\t\t<div class=\"elementor-widget-container\">\n\t\t\t\t\t\t\t\t\t<p>O controlador de carregamento DC DC da Mekel \u00e9 uma unidade de controlo de alto desempenho respons\u00e1vel pelas fun\u00e7\u00f5es de monitoriza\u00e7\u00e3o, controlo, comunica\u00e7\u00e3o e prote\u00e7\u00e3o de todo o processo de carregamento. Disp\u00f5e de monitoriza\u00e7\u00e3o em tempo real da tens\u00e3o, corrente, temperatura e estado de falha, garantindo uma efici\u00eancia m\u00e1xima (\u226596%) e um servi\u00e7o ininterrupto em cen\u00e1rios de carregamento p\u00fablicos e comerciais. Com suporte integrado para os protocolos CCS, CHAdeMO e GB\/T, para al\u00e9m da conformidade com as normas IEC 61851-23 e ISO 15118, o nosso controlador proporciona uma gest\u00e3o de carregamento inteligente e diagn\u00f3stico remoto.<\/p>\t\t\t\t\t\t\t\t<\/div>\n\t\t\t\t<\/div>\n\t\t\t\t<div class=\"elementor-element elementor-element-b0e9e6a elementor-widget elementor-widget-heading\" data-id=\"b0e9e6a\" data-element_type=\"widget\" data-widget_type=\"heading.default\">\n\t\t\t\t<div class=\"elementor-widget-container\">\n\t\t\t\t\t<h2 class=\"elementor-heading-title elementor-size-default\">Como funciona o controlador de carregamento DC?<\/h2>\t\t\t\t<\/div>\n\t\t\t\t<\/div>\n\t\t\t\t<div class=\"elementor-element elementor-element-8118dc1 elementor-widget elementor-widget-text-editor\" data-id=\"8118dc1\" data-element_type=\"widget\" data-widget_type=\"text-editor.default\">\n\t\t\t\t<div class=\"elementor-widget-container\">\n\t\t\t\t\t\t\t\t\t<p>Ap\u00f3s a verifica\u00e7\u00e3o bem sucedida do utilizador, o controlador de carregamento DC estabelece comunica\u00e7\u00e3o com o sistema de gest\u00e3o da bateria do ve\u00edculo (BMS) e inicia o processo de carregamento. Durante o carregamento, o controlador monitoriza em tempo real<strong>\u00a0<\/strong>tens\u00e3o, corrente, temperatura, etc. e ajusta a sa\u00edda com base no feedback do BMS. Se ocorrerem problemas como sobretens\u00e3o ou sobreaquecimento, o controlador ativa os mecanismos de seguran\u00e7a e regista os dados da falha. Quando o carregamento estiver conclu\u00eddo, o controlador desliga o circuito em seguran\u00e7a, trata da contagem e da fatura\u00e7\u00e3o e comunica com a nuvem para qualquer outro relat\u00f3rio inteligente.<\/p>\t\t\t\t\t\t\t\t<\/div>\n\t\t\t\t<\/div>\n\t\t\t\t<div class=\"elementor-element elementor-element-e3577ea elementor-widget elementor-widget-heading\" data-id=\"e3577ea\" data-element_type=\"widget\" data-widget_type=\"heading.default\">\n\t\t\t\t<div class=\"elementor-widget-container\">\n\t\t\t\t\t<h2 class=\"elementor-heading-title elementor-size-default\">Porqu\u00ea escolher o controlador de carregamento DC da Mekel?<\/h2>\t\t\t\t<\/div>\n\t\t\t\t<\/div>\n\t\t\t\t<div class=\"elementor-element elementor-element-2748d70 elementor-widget elementor-widget-heading\" data-id=\"2748d70\" data-element_type=\"widget\" data-widget_type=\"heading.default\">\n\t\t\t\t<div class=\"elementor-widget-container\">\n\t\t\t\t\t<h3 class=\"elementor-heading-title elementor-size-default\">Gest\u00e3o de energia escal\u00e1vel<\/h3>\t\t\t\t<\/div>\n\t\t\t\t<\/div>\n\t\t\t\t<div class=\"elementor-element elementor-element-4c6943e elementor-widget elementor-widget-text-editor\" data-id=\"4c6943e\" data-element_type=\"widget\" data-widget_type=\"text-editor.default\">\n\t\t\t\t<div class=\"elementor-widget-container\">\n\t\t\t\t\t\t\t\t\t<p>O nosso controlador de carregamento DC suporta v\u00e1rios m\u00f3dulos de pot\u00eancia em paralelo, permitindo aos operadores de esta\u00e7\u00f5es de carregamento aumentar a capacidade atrav\u00e9s da adi\u00e7\u00e3o ou troca a quente de m\u00f3dulos sem tempo de inatividade. Esta arquitetura modular reduz as despesas de capital para os operadores e simplifica a manuten\u00e7\u00e3o, uma vez que os m\u00f3dulos individuais podem ser reparados ou substitu\u00eddos sem colocar toda a esta\u00e7\u00e3o offline<\/p>\t\t\t\t\t\t\t\t<\/div>\n\t\t\t\t<\/div>\n\t\t\t\t<div class=\"elementor-element elementor-element-6800afa elementor-widget elementor-widget-heading\" data-id=\"6800afa\" data-element_type=\"widget\" data-widget_type=\"heading.default\">\n\t\t\t\t<div class=\"elementor-widget-container\">\n\t\t\t\t\t<h3 class=\"elementor-heading-title elementor-size-default\">Seguran\u00e7a e fiabilidade avan\u00e7adas<\/h3>\t\t\t\t<\/div>\n\t\t\t\t<\/div>\n\t\t\t\t<div class=\"elementor-element elementor-element-9e9c837 elementor-widget elementor-widget-text-editor\" data-id=\"9e9c837\" data-element_type=\"widget\" data-widget_type=\"text-editor.default\">\n\t\t\t\t<div class=\"elementor-widget-container\">\n\t\t\t\t\t\t\t\t\t<p>Equipado com mecanismos de prote\u00e7\u00e3o abrangentes, o controlador de carregamento CC desliga automaticamente os m\u00f3dulos defeituosos e desencadeia sequ\u00eancias de encerramento seguras para proteger os utilizadores e o equipamento. O controlador de carregamento CC tem um MTBF superior a 500 000 horas, garantindo fiabilidade a longo prazo em ambientes exigentes, como superesta\u00e7\u00f5es rodovi\u00e1rias e dep\u00f3sitos de frotas.<\/p>\t\t\t\t\t\t\t\t<\/div>\n\t\t\t\t<\/div>\n\t\t\t\t<div class=\"elementor-element elementor-element-62c6537 elementor-widget elementor-widget-heading\" data-id=\"62c6537\" data-element_type=\"widget\" data-widget_type=\"heading.default\">\n\t\t\t\t<div class=\"elementor-widget-container\">\n\t\t\t\t\t<h3 class=\"elementor-heading-title elementor-size-default\">Conectividade inteligente e conformidade abrangente<\/h3>\t\t\t\t<\/div>\n\t\t\t\t<\/div>\n\t\t\t\t<div class=\"elementor-element elementor-element-9a283df elementor-widget elementor-widget-text-editor\" data-id=\"9a283df\" data-element_type=\"widget\" data-widget_type=\"text-editor.default\">\n\t\t\t\t<div class=\"elementor-widget-container\">\n\t\t\t\t\t\t\t\t\t<p>Com interfaces CAN, RS485 e Ethernet, portas 4G\/LTE e Wi-Fi, o controlador de carregamento DC integra-se perfeitamente com sistemas de back-office para monitoriza\u00e7\u00e3o remota, actualiza\u00e7\u00f5es de firmware e opera\u00e7\u00f5es de gest\u00e3o de carga. O suporte para Plug &amp; Charge da norma ISO 15118 permite uma autentica\u00e7\u00e3o segura e uma fatura\u00e7\u00e3o automatizada, preparando a sua infraestrutura para fun\u00e7\u00f5es V2G e de rede inteligente emergentes.<\/p>\t\t\t\t\t\t\t\t<\/div>\n\t\t\t\t<\/div>\n\t\t\t\t<div class=\"elementor-element elementor-element-71d855e elementor-widget elementor-widget-heading\" data-id=\"71d855e\" data-element_type=\"widget\" data-widget_type=\"heading.default\">\n\t\t\t\t<div class=\"elementor-widget-container\">\n\t\t\t\t\t<h2 class=\"elementor-heading-title elementor-size-default\">Principais carater\u00edsticas do controlador de carregamento DC<\/h2>\t\t\t\t<\/div>\n\t\t\t\t<\/div>\n\t\t\t\t<div class=\"elementor-element elementor-element-7476077 elementor-widget elementor-widget-text-editor\" data-id=\"7476077\" data-element_type=\"widget\" data-widget_type=\"text-editor.default\">\n\t\t\t\t<div class=\"elementor-widget-container\">\n\t\t\t\t\t\t\t\t\t<ul>\n<li>Suporte modular para minimizar o tempo de inatividade<\/li>\n<li>Medidas rigorosas de seguran\u00e7a e durabilidade<\/li>\n<li>Carater\u00edsticas de conetividade inteligente<\/li>\n<li>Integra\u00e7\u00e3o f\u00e1cil<\/li>\n<li>Apoio \u00e0 entrega global e \u00e0 cadeia de fornecimento \u00a0<\/li>\n<\/ul>\t\t\t\t\t\t\t\t<\/div>\n\t\t\t\t<\/div>\n\t\t\t\t\t<\/div>\n\t\t\t\t<\/div>\n\t\t\t\t<\/div>","protected":false},"excerpt":{"rendered":"<p>Introduction to DC Charging Controller Mekel\u2019s DC DC charging controller is a high-performance control unit responsible for the monitoring, control, communication, and protection functions of the entire charging process. It features real-time monitoring of voltage, current, temperature, and fault status, ensuring peak efficiency (\u226596%) and uninterrupted service in public and commercial charging scenarios. With integrated [&hellip;]<\/p>","protected":false},"author":1,"featured_media":2983,"menu_order":0,"template":"","format":"standard","meta":{"_acf_changed":true,"site-sidebar-layout":"default","site-content-layout":"","ast-site-content-layout":"default","site-content-style":"default","site-sidebar-style":"default","ast-global-header-display":"","ast-banner-title-visibility":"","ast-main-header-display":"","ast-hfb-above-header-display":"","ast-hfb-below-header-display":"","ast-hfb-mobile-header-display":"","site-post-title":"","ast-breadcrumbs-content":"","ast-featured-img":"","footer-sml-layout":"","ast-disable-related-posts":"","theme-transparent-header-meta":"","adv-header-id-meta":"","stick-header-meta":"","header-above-stick-meta":"","header-main-stick-meta":"","header-below-stick-meta":"","astra-migrate-meta-layouts":"set","ast-page-background-enabled":"default","ast-page-background-meta":{"desktop":{"background-color":"","background-image":"","background-repeat":"repeat","background-position":"center center","background-size":"auto","background-attachment":"scroll","background-type":"","background-media":"","overlay-type":"","overlay-color":"","overlay-opacity":"","overlay-gradient":""},"tablet":{"background-color":"","background-image":"","background-repeat":"repeat","background-position":"center center","background-size":"auto","background-attachment":"scroll","background-type":"","background-media":"","overlay-type":"","overlay-color":"","overlay-opacity":"","overlay-gradient":""},"mobile":{"background-color":"","background-image":"","background-repeat":"repeat","background-position":"center center","background-size":"auto","background-attachment":"scroll","background-type":"","background-media":"","overlay-type":"","overlay-color":"","overlay-opacity":"","overlay-gradient":""}},"ast-content-background-meta":{"desktop":{"background-color":"var(--ast-global-color-5)","background-image":"","background-repeat":"repeat","background-position":"center center","background-size":"auto","background-attachment":"scroll","background-type":"","background-media":"","overlay-type":"","overlay-color":"","overlay-opacity":"","overlay-gradient":""},"tablet":{"background-color":"var(--ast-global-color-5)","background-image":"","background-repeat":"repeat","background-position":"center center","background-size":"auto","background-attachment":"scroll","background-type":"","background-media":"","overlay-type":"","overlay-color":"","overlay-opacity":"","overlay-gradient":""},"mobile":{"background-color":"var(--ast-global-color-5)","background-image":"","background-repeat":"repeat","background-position":"center center","background-size":"auto","background-attachment":"scroll","background-type":"","background-media":"","overlay-type":"","overlay-color":"","overlay-opacity":"","overlay-gradient":""}},"footnotes":""},"product-category":[106],"product-tag":[],"class_list":["post-2981","product","type-product","status-publish","format-standard","has-post-thumbnail","hentry","product-category-dc-charging-controller"],"acf":[],"_links":{"self":[{"href":"https:\/\/www.mekeltech.com\/pt\/wp-json\/wp\/v2\/product\/2981","targetHints":{"allow":["GET"]}}],"collection":[{"href":"https:\/\/www.mekeltech.com\/pt\/wp-json\/wp\/v2\/product"}],"about":[{"href":"https:\/\/www.mekeltech.com\/pt\/wp-json\/wp\/v2\/types\/product"}],"author":[{"embeddable":true,"href":"https:\/\/www.mekeltech.com\/pt\/wp-json\/wp\/v2\/users\/1"}],"version-history":[{"count":14,"href":"https:\/\/www.mekeltech.com\/pt\/wp-json\/wp\/v2\/product\/2981\/revisions"}],"predecessor-version":[{"id":6933,"href":"https:\/\/www.mekeltech.com\/pt\/wp-json\/wp\/v2\/product\/2981\/revisions\/6933"}],"wp:featuredmedia":[{"embeddable":true,"href":"https:\/\/www.mekeltech.com\/pt\/wp-json\/wp\/v2\/media\/2983"}],"wp:attachment":[{"href":"https:\/\/www.mekeltech.com\/pt\/wp-json\/wp\/v2\/media?parent=2981"}],"wp:term":[{"taxonomy":"product-category","embeddable":true,"href":"https:\/\/www.mekeltech.com\/pt\/wp-json\/wp\/v2\/product-category?post=2981"},{"taxonomy":"product-tag","embeddable":true,"href":"https:\/\/www.mekeltech.com\/pt\/wp-json\/wp\/v2\/product-tag?post=2981"}],"curies":[{"name":"wp","href":"https:\/\/api.w.org\/{rel}","templated":true}]}}