{"id":2896,"date":"2025-05-25T13:46:28","date_gmt":"2025-05-25T05:46:28","guid":{"rendered":"https:\/\/mekeltech.com\/?post_type=product&#038;p=2896"},"modified":"2025-08-22T15:36:19","modified_gmt":"2025-08-22T07:36:19","slug":"30kw-dc-charging-module","status":"publish","type":"product","link":"https:\/\/www.mekeltech.com\/pt\/product\/30kw-dc-charging-module\/","title":{"rendered":"M\u00f3dulo de carregamento DC de 30kW"},"content":{"rendered":"<div data-elementor-type=\"wp-post\" data-elementor-id=\"2896\" class=\"elementor elementor-2896\" data-elementor-post-type=\"product\">\n\t\t\t\t<div class=\"elementor-element elementor-element-13feab28 e-flex e-con-boxed e-con e-parent\" data-id=\"13feab28\" data-element_type=\"container\">\n\t\t\t\t\t<div class=\"e-con-inner\">\n\t\t\t\t<div class=\"elementor-element elementor-element-fe21823 elementor-widget elementor-widget-heading\" data-id=\"fe21823\" data-element_type=\"widget\" data-widget_type=\"heading.default\">\n\t\t\t\t<div class=\"elementor-widget-container\">\n\t\t\t\t\t<h2 class=\"elementor-heading-title elementor-size-default\">Introdu\u00e7\u00e3o ao M\u00f3dulo de Carregamento Mekel 30kW DC<\/h2>\t\t\t\t<\/div>\n\t\t\t\t<\/div>\n\t\t\t\t<div class=\"elementor-element elementor-element-276505b elementor-widget elementor-widget-text-editor\" data-id=\"276505b\" data-element_type=\"widget\" data-widget_type=\"text-editor.default\">\n\t\t\t\t<div class=\"elementor-widget-container\">\n\t\t\t\t\t\t\t\t\t<p>O M\u00f3dulo de Carregamento DC da Mekel \u00e9 uma unidade de convers\u00e3o de energia de alto desempenho que \u00e9 crucial para o funcionamento das esta\u00e7\u00f5es de carregamento DC. Dispon\u00edveis de 20KW a 30KW de sa\u00edda por m\u00f3dulo e suportando uma vasta gama de tens\u00f5es de 150V a 1000V DC, os nossos m\u00f3dulos s\u00e3o empilh\u00e1veis dentro do arm\u00e1rio de carregamento para proporcionar um carregamento r\u00e1pido e fi\u00e1vel. Com uma efici\u00eancia m\u00e1xima de \u226596%, sistemas de controlo inteligentes e carater\u00edsticas de seguran\u00e7a robustas, temos o m\u00f3dulo de carregamento CC perfeito para as necessidades da sua esta\u00e7\u00e3o de carregamento.<\/p>\t\t\t\t\t\t\t\t<\/div>\n\t\t\t\t<\/div>\n\t\t\t\t<div class=\"elementor-element elementor-element-abaec29 elementor-widget elementor-widget-heading\" data-id=\"abaec29\" data-element_type=\"widget\" data-widget_type=\"heading.default\">\n\t\t\t\t<div class=\"elementor-widget-container\">\n\t\t\t\t\t<h2 class=\"elementor-heading-title elementor-size-default\">Como funciona um m\u00f3dulo de carregamento DC?<\/h2>\t\t\t\t<\/div>\n\t\t\t\t<\/div>\n\t\t\t\t<div class=\"elementor-element elementor-element-0c5c828 elementor-widget elementor-widget-text-editor\" data-id=\"0c5c828\" data-element_type=\"widget\" data-widget_type=\"text-editor.default\">\n\t\t\t\t<div class=\"elementor-widget-container\">\n\t\t\t\t\t\t\t\t\t<p>O m\u00f3dulo de alimenta\u00e7\u00e3o CC converte a energia de entrada CA numa sa\u00edda CC regulada adequada para o carregamento r\u00e1pido CC. Mant\u00e9m a sa\u00edda de energia constante numa vasta gama de tens\u00f5es para garantir um desempenho de carregamento consistente. Os algoritmos de controlo avan\u00e7ados gerem a tens\u00e3o e a corrente, enquanto os mecanismos de prote\u00e7\u00e3o integrados protegem contra sobretens\u00e3o, sobrecorrente, curto-circuitos e anomalias t\u00e9rmicas. As interfaces de comunica\u00e7\u00e3o, como os protocolos CAN, facilitam a integra\u00e7\u00e3o perfeita com os sistemas de gest\u00e3o de esta\u00e7\u00f5es de carregamento para monitoriza\u00e7\u00e3o e controlo em tempo real.<\/p>\t\t\t\t\t\t\t\t<\/div>\n\t\t\t\t<\/div>\n\t\t\t\t<div class=\"elementor-element elementor-element-f02d7ee elementor-widget elementor-widget-heading\" data-id=\"f02d7ee\" data-element_type=\"widget\" data-widget_type=\"heading.default\">\n\t\t\t\t<div class=\"elementor-widget-container\">\n\t\t\t\t\t<h2 class=\"elementor-heading-title elementor-size-default\">Porqu\u00ea escolher o m\u00f3dulo de carregamento Mekel 30kW DC?<\/h2>\t\t\t\t<\/div>\n\t\t\t\t<\/div>\n\t\t\t\t<div class=\"elementor-element elementor-element-7fb6fe2 elementor-widget elementor-widget-heading\" data-id=\"7fb6fe2\" data-element_type=\"widget\" data-widget_type=\"heading.default\">\n\t\t\t\t<div class=\"elementor-widget-container\">\n\t\t\t\t\t<h3 class=\"elementor-heading-title elementor-size-default\">Elevada efici\u00eancia e desempenho<\/h3>\t\t\t\t<\/div>\n\t\t\t\t<\/div>\n\t\t\t\t<div class=\"elementor-element elementor-element-4a392bc elementor-widget elementor-widget-text-editor\" data-id=\"4a392bc\" data-element_type=\"widget\" data-widget_type=\"text-editor.default\">\n\t\t\t\t<div class=\"elementor-widget-container\">\n\t\t\t\t\t\t\t\t\t<p>Com uma efici\u00eancia de convers\u00e3o de energia excecional, os nossos m\u00f3dulos de alimenta\u00e7\u00e3o CC t\u00eam uma efici\u00eancia de pico de \u226596% com perdas de energia m\u00ednimas, o que permite poupar custos operacionais. A ampla gama de tens\u00e3o de sa\u00edda e a capacidade de manter uma sa\u00edda de energia constante garantem a compatibilidade com diferentes baterias de bordo de EV e ajudam a aumentar a satisfa\u00e7\u00e3o do cliente.<\/p>\t\t\t\t\t\t\t\t<\/div>\n\t\t\t\t<\/div>\n\t\t\t\t<div class=\"elementor-element elementor-element-a047f5d elementor-widget elementor-widget-heading\" data-id=\"a047f5d\" data-element_type=\"widget\" data-widget_type=\"heading.default\">\n\t\t\t\t<div class=\"elementor-widget-container\">\n\t\t\t\t\t<h3 class=\"elementor-heading-title elementor-size-default\">Seguran\u00e7a e fiabilidade robustas<\/h3>\t\t\t\t<\/div>\n\t\t\t\t<\/div>\n\t\t\t\t<div class=\"elementor-element elementor-element-4827519 elementor-widget elementor-widget-text-editor\" data-id=\"4827519\" data-element_type=\"widget\" data-widget_type=\"text-editor.default\">\n\t\t\t\t<div class=\"elementor-widget-container\">\n\t\t\t\t\t\t\t\t\t<p>Equipados com carater\u00edsticas de prote\u00e7\u00e3o m\u00faltiplas, incluindo sobretens\u00e3o, sobrecorrente, curto-circuito e riscos de sobreaquecimento, os nossos m\u00f3dulos de carregamento CC garantem um funcionamento seguro em condi\u00e7\u00f5es de funcionamento vari\u00e1veis. Com uma classifica\u00e7\u00e3o MTBF (Tempo m\u00e9dio entre falhas) de at\u00e9 500.000 horas, os m\u00f3dulos de carregamento da Mekel t\u00eam um forte registo de fiabilidade e longevidade em condi\u00e7\u00f5es exigentes.<\/p>\t\t\t\t\t\t\t\t<\/div>\n\t\t\t\t<\/div>\n\t\t\t\t<div class=\"elementor-element elementor-element-ee661b6 elementor-widget elementor-widget-heading\" data-id=\"ee661b6\" data-element_type=\"widget\" data-widget_type=\"heading.default\">\n\t\t\t\t<div class=\"elementor-widget-container\">\n\t\t\t\t\t<h3 class=\"elementor-heading-title elementor-size-default\">Integra\u00e7\u00e3o vers\u00e1til e conformidade<\/h3>\t\t\t\t<\/div>\n\t\t\t\t<\/div>\n\t\t\t\t<div class=\"elementor-element elementor-element-00d21ed elementor-widget elementor-widget-text-editor\" data-id=\"00d21ed\" data-element_type=\"widget\" data-widget_type=\"text-editor.default\">\n\t\t\t\t<div class=\"elementor-widget-container\">\n\t\t\t\t\t\t\t\t\t<p>Os m\u00f3dulos de carregamento CC da Mekel foram concebidos para uma f\u00e1cil integra\u00e7\u00e3o nas infra-estruturas de carregamento existentes, suportando protocolos de comunica\u00e7\u00e3o padr\u00e3o como o CAN para interoperabilidade. Os nossos m\u00f3dulos cumprem as normas internacionais, incluindo UL2202, IEC61851-1, IEC61851-23 e IEC61851-21-2, garantindo o alinhamento com os requisitos internacionais de seguran\u00e7a e funcionamento.<\/p>\t\t\t\t\t\t\t\t<\/div>\n\t\t\t\t<\/div>\n\t\t\t\t<div class=\"elementor-element elementor-element-f026999 elementor-widget elementor-widget-heading\" data-id=\"f026999\" data-element_type=\"widget\" data-widget_type=\"heading.default\">\n\t\t\t\t<div class=\"elementor-widget-container\">\n\t\t\t\t\t<h2 class=\"elementor-heading-title elementor-size-default\">Carater\u00edsticas principais<\/h2>\t\t\t\t<\/div>\n\t\t\t\t<\/div>\n\t\t\t\t<div class=\"elementor-element elementor-element-3e5cf685 elementor-widget elementor-widget-text-editor\" data-id=\"3e5cf685\" data-element_type=\"widget\" data-widget_type=\"text-editor.default\">\n\t\t\t\t<div class=\"elementor-widget-container\">\n\t\t\t\t\t\t\t\t\t\n<ul class=\"wp-block-list\">\n<li>Efici\u00eancia e desempenho excepcionais<\/li>\n\n<li>Garantia de 2 anos \u00a0<\/li>\n\n<li>Carater\u00edsticas de seguran\u00e7a abrangentes<\/li>\n\n<li>Integra\u00e7\u00e3o f\u00e1cil<\/li>\n\n<li>Apoio \u00e0 entrega global e \u00e0 cadeia de fornecimento \u00a0<\/li>\n<\/ul>\n<!-- \/wp:list -->\t\t\t\t\t\t\t\t<\/div>\n\t\t\t\t<\/div>\n\t\t\t\t\t<\/div>\n\t\t\t\t<\/div>\n\t\t\t\t<\/div>","protected":false},"excerpt":{"rendered":"<p>Introduction to Mekel 30kW DC Charging Module Mekel\u2019s DC Charging Module is a high-performance power conversion unit that is crucial for the functioning of DC charging stations. Available from 20KW to 30KW of output per module and supporting a wide voltage range of 150V to 1000V DC, our modules are stackable within the charging cabinet\u00a0to [&hellip;]<\/p>","protected":false},"author":1,"featured_media":2897,"menu_order":0,"template":"","format":"standard","meta":{"_acf_changed":false,"site-sidebar-layout":"default","site-content-layout":"","ast-site-content-layout":"default","site-content-style":"default","site-sidebar-style":"default","ast-global-header-display":"","ast-banner-title-visibility":"","ast-main-header-display":"","ast-hfb-above-header-display":"","ast-hfb-below-header-display":"","ast-hfb-mobile-header-display":"","site-post-title":"","ast-breadcrumbs-content":"","ast-featured-img":"","footer-sml-layout":"","ast-disable-related-posts":"","theme-transparent-header-meta":"","adv-header-id-meta":"","stick-header-meta":"","header-above-stick-meta":"","header-main-stick-meta":"","header-below-stick-meta":"","astra-migrate-meta-layouts":"set","ast-page-background-enabled":"default","ast-page-background-meta":{"desktop":{"background-color":"","background-image":"","background-repeat":"repeat","background-position":"center center","background-size":"auto","background-attachment":"scroll","background-type":"","background-media":"","overlay-type":"","overlay-color":"","overlay-opacity":"","overlay-gradient":""},"tablet":{"background-color":"","background-image":"","background-repeat":"repeat","background-position":"center center","background-size":"auto","background-attachment":"scroll","background-type":"","background-media":"","overlay-type":"","overlay-color":"","overlay-opacity":"","overlay-gradient":""},"mobile":{"background-color":"","background-image":"","background-repeat":"repeat","background-position":"center center","background-size":"auto","background-attachment":"scroll","background-type":"","background-media":"","overlay-type":"","overlay-color":"","overlay-opacity":"","overlay-gradient":""}},"ast-content-background-meta":{"desktop":{"background-color":"var(--ast-global-color-5)","background-image":"","background-repeat":"repeat","background-position":"center center","background-size":"auto","background-attachment":"scroll","background-type":"","background-media":"","overlay-type":"","overlay-color":"","overlay-opacity":"","overlay-gradient":""},"tablet":{"background-color":"var(--ast-global-color-5)","background-image":"","background-repeat":"repeat","background-position":"center center","background-size":"auto","background-attachment":"scroll","background-type":"","background-media":"","overlay-type":"","overlay-color":"","overlay-opacity":"","overlay-gradient":""},"mobile":{"background-color":"var(--ast-global-color-5)","background-image":"","background-repeat":"repeat","background-position":"center center","background-size":"auto","background-attachment":"scroll","background-type":"","background-media":"","overlay-type":"","overlay-color":"","overlay-opacity":"","overlay-gradient":""}},"footnotes":""},"product-category":[105],"product-tag":[],"class_list":["post-2896","product","type-product","status-publish","format-standard","has-post-thumbnail","hentry","product-category-dc-charging-module"],"acf":[],"_links":{"self":[{"href":"https:\/\/www.mekeltech.com\/pt\/wp-json\/wp\/v2\/product\/2896","targetHints":{"allow":["GET"]}}],"collection":[{"href":"https:\/\/www.mekeltech.com\/pt\/wp-json\/wp\/v2\/product"}],"about":[{"href":"https:\/\/www.mekeltech.com\/pt\/wp-json\/wp\/v2\/types\/product"}],"author":[{"embeddable":true,"href":"https:\/\/www.mekeltech.com\/pt\/wp-json\/wp\/v2\/users\/1"}],"version-history":[{"count":18,"href":"https:\/\/www.mekeltech.com\/pt\/wp-json\/wp\/v2\/product\/2896\/revisions"}],"predecessor-version":[{"id":6963,"href":"https:\/\/www.mekeltech.com\/pt\/wp-json\/wp\/v2\/product\/2896\/revisions\/6963"}],"wp:featuredmedia":[{"embeddable":true,"href":"https:\/\/www.mekeltech.com\/pt\/wp-json\/wp\/v2\/media\/2897"}],"wp:attachment":[{"href":"https:\/\/www.mekeltech.com\/pt\/wp-json\/wp\/v2\/media?parent=2896"}],"wp:term":[{"taxonomy":"product-category","embeddable":true,"href":"https:\/\/www.mekeltech.com\/pt\/wp-json\/wp\/v2\/product-category?post=2896"},{"taxonomy":"product-tag","embeddable":true,"href":"https:\/\/www.mekeltech.com\/pt\/wp-json\/wp\/v2\/product-tag?post=2896"}],"curies":[{"name":"wp","href":"https:\/\/api.w.org\/{rel}","templated":true}]}}