{"id":2859,"date":"2025-05-09T07:59:57","date_gmt":"2025-05-09T07:59:57","guid":{"rendered":"https:\/\/mekeltech.com\/?post_type=product&#038;p=2859"},"modified":"2025-08-21T09:45:44","modified_gmt":"2025-08-21T01:45:44","slug":"dc-v2l-discharger-for-tesla-nacs-port","status":"publish","type":"product","link":"https:\/\/www.mekeltech.com\/pt\/product\/dc-v2l-discharger-for-tesla-nacs-port\/","title":{"rendered":"Descarregador DC V2L para porta NACS da Tesla - Solu\u00e7\u00e3o de alimenta\u00e7\u00e3o port\u00e1til para ve\u00edculos el\u00e9ctricos"},"content":{"rendered":"<div data-elementor-type=\"wp-post\" data-elementor-id=\"2859\" class=\"elementor elementor-2859\" data-elementor-post-type=\"product\">\n\t\t\t\t<div class=\"elementor-element elementor-element-4a0c9806 e-flex e-con-boxed e-con e-parent\" data-id=\"4a0c9806\" data-element_type=\"container\">\n\t\t\t\t\t<div class=\"e-con-inner\">\n\t\t\t\t<div class=\"elementor-element elementor-element-4f6cc8a elementor-widget elementor-widget-heading\" data-id=\"4f6cc8a\" data-element_type=\"widget\" data-widget_type=\"heading.default\">\n\t\t\t\t<div class=\"elementor-widget-container\">\n\t\t\t\t\t<h2 class=\"elementor-heading-title elementor-size-default\">Descarregador DC V2L para porta Tesla NACS<\/h2>\t\t\t\t<\/div>\n\t\t\t\t<\/div>\n\t\t\t\t<div class=\"elementor-element elementor-element-dbd82cd elementor-widget elementor-widget-text-editor\" data-id=\"dbd82cd\" data-element_type=\"widget\" data-widget_type=\"text-editor.default\">\n\t\t\t\t<div class=\"elementor-widget-container\">\n\t\t\t\t\t\t\t\t\t<div data-lark-html-role=\"root\"><span class=\"text-only\" data-eleid=\"10\"><span class=\"text-only\" data-eleid=\"10\">Tem um Tesla \/ um modelo de EV que n\u00e3o tem fun\u00e7\u00f5es V2L incorporadas? Agora com os nossos inovadores descarregadores DC V2L <span style=\"font-size: 16px;\">para Tesla NACS<\/span><\/span><\/span><span class=\"text-only\" data-eleid=\"10\">Com o nosso descarregador DC V2L, pode utilizar sem esfor\u00e7o a bateria do seu autom\u00f3vel para alimentar os seus aparelhos electr\u00f3nicos quando estiver na estrada. O nosso descarregador DC V2L utiliza a porta de carregamento DC do autom\u00f3vel como fonte de energia e possui 2 tomadas com pot\u00eancia at\u00e9 3,5KW para a porta Tesla NACS e 5KW para a porta CCS2. Pode utiliz\u00e1-lo para alimentar todos os seus aparelhos de campismo, tais como grelhador, fog\u00e3o, frigor\u00edfico, luzes e muito mais. Tamb\u00e9m pode ser utilizado para uma reserva de energia de emerg\u00eancia durante cortes de energia.<\/span><\/div>\t\t\t\t\t\t\t\t<\/div>\n\t\t\t\t<\/div>\n\t\t\t\t<div class=\"elementor-element elementor-element-b47661f elementor-widget elementor-widget-heading\" data-id=\"b47661f\" data-element_type=\"widget\" data-widget_type=\"heading.default\">\n\t\t\t\t<div class=\"elementor-widget-container\">\n\t\t\t\t\t<h2 class=\"elementor-heading-title elementor-size-default\">Como funciona o nosso descarregador DC V2L para Tesla NACS? <\/h2>\t\t\t\t<\/div>\n\t\t\t\t<\/div>\n\t\t\t\t<div class=\"elementor-element elementor-element-53e5d74d elementor-widget elementor-widget-text-editor\" data-id=\"53e5d74d\" data-element_type=\"widget\" data-widget_type=\"text-editor.default\">\n\t\t\t\t<div class=\"elementor-widget-container\">\n\t\t\t\t\t\t\t\t\t<p data-start=\"1160\" data-end=\"1477\">Normalmente, os ve\u00edculos com capacidade V2L incorporada fornecem energia CA diretamente atrav\u00e9s da porta de carregamento, que pode ser utilizada com um simples adaptador V2L. No entanto, muitos modelos de ve\u00edculos el\u00e9ctricos - como o Tesla - n\u00e3o possuem fun\u00e7\u00f5es V2L nativas. Este facto pode ser frustrante para os propriet\u00e1rios de ve\u00edculos el\u00e9ctricos que pretendem tirar o m\u00e1ximo partido da capacidade da bateria do seu ve\u00edculo.<\/p><p data-start=\"1479\" data-end=\"1889\">O Descarregador Mekel DC V2L para Tesla NACS resolve esta limita\u00e7\u00e3o extraindo energia DC diretamente da porta de carregamento DC do seu autom\u00f3vel e convertendo-a em energia AC atrav\u00e9s de um inversor incorporado. Isto garante uma convers\u00e3o de energia segura e eficiente para alimentar os seus aparelhos. Basta ligar o descarregador \u00e0 porta de carregamento do seu ve\u00edculo, lig\u00e1-lo e est\u00e1 pronto a alimentar os seus dispositivos, tal como se estivesse a ligar a uma tomada dom\u00e9stica.<\/p>\t\t\t\t\t\t\t\t<\/div>\n\t\t\t\t<\/div>\n\t\t\t\t<div class=\"elementor-element elementor-element-d2d73f4 elementor-widget elementor-widget-heading\" data-id=\"d2d73f4\" data-element_type=\"widget\" data-widget_type=\"heading.default\">\n\t\t\t\t<div class=\"elementor-widget-container\">\n\t\t\t\t\t<h2 class=\"elementor-heading-title elementor-size-default\">Principais carater\u00edsticas do descarregador DC V2L para porta Tesla NACS<\/h2>\t\t\t\t<\/div>\n\t\t\t\t<\/div>\n\t\t\t\t<div class=\"elementor-element elementor-element-7eccb48 elementor-widget elementor-widget-text-editor\" data-id=\"7eccb48\" data-element_type=\"widget\" data-widget_type=\"text-editor.default\">\n\t\t\t\t<div class=\"elementor-widget-container\">\n\t\t\t\t\t\t\t\t\t<ul><li data-lark-html-role=\"root\"><span class=\"text-only\" data-eleid=\"22\">Para ve\u00edculos sem fun\u00e7\u00f5es V2L incorporadas <\/span><\/li><li data-lark-html-role=\"root\"><span class=\"text-only\" data-eleid=\"24\">Funciona com portas NACS (Tesla) ou CCS2 <\/span><\/li><li data-lark-html-role=\"root\"><span class=\"text-only\" data-eleid=\"26\">Sa\u00edda de alta pot\u00eancia at\u00e9 5KW <\/span><\/li><li data-lark-html-role=\"root\"><span class=\"text-only\" data-eleid=\"28\">Tomadas de sa\u00edda duplas<\/span><\/li><\/ul>\t\t\t\t\t\t\t\t<\/div>\n\t\t\t\t<\/div>\n\t\t\t\t\t<\/div>\n\t\t\t\t<\/div>\n\t\t\t\t<\/div>","protected":false},"excerpt":{"rendered":"<p>DC V2L Discharger for Tesla NACS Port Do you own a Tesla \/ an EV model that doesn\u2019t have built-in V2L functions? Now with our innovative DC V2L dischargers for Tesla NACS, you can effortlessly use your car battery to power your electronic appliances when you are on the road. Our DC V2L Discharger uses [&hellip;]<\/p>","protected":false},"author":1,"featured_media":2860,"menu_order":0,"template":"","format":"standard","meta":{"_acf_changed":false,"site-sidebar-layout":"default","site-content-layout":"","ast-site-content-layout":"default","site-content-style":"default","site-sidebar-style":"default","ast-global-header-display":"","ast-banner-title-visibility":"","ast-main-header-display":"","ast-hfb-above-header-display":"","ast-hfb-below-header-display":"","ast-hfb-mobile-header-display":"","site-post-title":"","ast-breadcrumbs-content":"","ast-featured-img":"","footer-sml-layout":"","ast-disable-related-posts":"","theme-transparent-header-meta":"","adv-header-id-meta":"","stick-header-meta":"","header-above-stick-meta":"","header-main-stick-meta":"","header-below-stick-meta":"","astra-migrate-meta-layouts":"set","ast-page-background-enabled":"default","ast-page-background-meta":{"desktop":{"background-color":"","background-image":"","background-repeat":"repeat","background-position":"center center","background-size":"auto","background-attachment":"scroll","background-type":"","background-media":"","overlay-type":"","overlay-color":"","overlay-opacity":"","overlay-gradient":""},"tablet":{"background-color":"","background-image":"","background-repeat":"repeat","background-position":"center center","background-size":"auto","background-attachment":"scroll","background-type":"","background-media":"","overlay-type":"","overlay-color":"","overlay-opacity":"","overlay-gradient":""},"mobile":{"background-color":"","background-image":"","background-repeat":"repeat","background-position":"center center","background-size":"auto","background-attachment":"scroll","background-type":"","background-media":"","overlay-type":"","overlay-color":"","overlay-opacity":"","overlay-gradient":""}},"ast-content-background-meta":{"desktop":{"background-color":"var(--ast-global-color-5)","background-image":"","background-repeat":"repeat","background-position":"center center","background-size":"auto","background-attachment":"scroll","background-type":"","background-media":"","overlay-type":"","overlay-color":"","overlay-opacity":"","overlay-gradient":""},"tablet":{"background-color":"var(--ast-global-color-5)","background-image":"","background-repeat":"repeat","background-position":"center center","background-size":"auto","background-attachment":"scroll","background-type":"","background-media":"","overlay-type":"","overlay-color":"","overlay-opacity":"","overlay-gradient":""},"mobile":{"background-color":"var(--ast-global-color-5)","background-image":"","background-repeat":"repeat","background-position":"center center","background-size":"auto","background-attachment":"scroll","background-type":"","background-media":"","overlay-type":"","overlay-color":"","overlay-opacity":"","overlay-gradient":""}},"footnotes":""},"product-category":[93],"product-tag":[],"class_list":["post-2859","product","type-product","status-publish","format-standard","has-post-thumbnail","hentry","product-category-vehicle-to-load-v2l"],"acf":[],"_links":{"self":[{"href":"https:\/\/www.mekeltech.com\/pt\/wp-json\/wp\/v2\/product\/2859","targetHints":{"allow":["GET"]}}],"collection":[{"href":"https:\/\/www.mekeltech.com\/pt\/wp-json\/wp\/v2\/product"}],"about":[{"href":"https:\/\/www.mekeltech.com\/pt\/wp-json\/wp\/v2\/types\/product"}],"author":[{"embeddable":true,"href":"https:\/\/www.mekeltech.com\/pt\/wp-json\/wp\/v2\/users\/1"}],"version-history":[{"count":20,"href":"https:\/\/www.mekeltech.com\/pt\/wp-json\/wp\/v2\/product\/2859\/revisions"}],"predecessor-version":[{"id":6116,"href":"https:\/\/www.mekeltech.com\/pt\/wp-json\/wp\/v2\/product\/2859\/revisions\/6116"}],"wp:featuredmedia":[{"embeddable":true,"href":"https:\/\/www.mekeltech.com\/pt\/wp-json\/wp\/v2\/media\/2860"}],"wp:attachment":[{"href":"https:\/\/www.mekeltech.com\/pt\/wp-json\/wp\/v2\/media?parent=2859"}],"wp:term":[{"taxonomy":"product-category","embeddable":true,"href":"https:\/\/www.mekeltech.com\/pt\/wp-json\/wp\/v2\/product-category?post=2859"},{"taxonomy":"product-tag","embeddable":true,"href":"https:\/\/www.mekeltech.com\/pt\/wp-json\/wp\/v2\/product-tag?post=2859"}],"curies":[{"name":"wp","href":"https:\/\/api.w.org\/{rel}","templated":true}]}}