{"id":2855,"date":"2025-05-10T07:58:42","date_gmt":"2025-05-10T07:58:42","guid":{"rendered":"https:\/\/mekeltech.com\/?post_type=product&#038;p=2855"},"modified":"2025-09-05T11:37:20","modified_gmt":"2025-09-05T03:37:20","slug":"dc-v2l-discharger-for-ccs2-port","status":"publish","type":"product","link":"https:\/\/www.mekeltech.com\/pt\/product\/dc-v2l-discharger-for-ccs2-port\/","title":{"rendered":"Descarregador DC V2L para porta CCS2 - Solu\u00e7\u00e3o de energia port\u00e1til para ve\u00edculos el\u00e9ctricos"},"content":{"rendered":"<div data-elementor-type=\"wp-post\" data-elementor-id=\"2855\" class=\"elementor elementor-2855\" data-elementor-post-type=\"product\">\n\t\t\t\t<div class=\"elementor-element elementor-element-4a95899e e-flex e-con-boxed e-con e-parent\" data-id=\"4a95899e\" data-element_type=\"container\">\n\t\t\t\t\t<div class=\"e-con-inner\">\n\t\t\t\t<div class=\"elementor-element elementor-element-da866a4 elementor-widget elementor-widget-heading\" data-id=\"da866a4\" data-element_type=\"widget\" data-widget_type=\"heading.default\">\n\t\t\t\t<div class=\"elementor-widget-container\">\n\t\t\t\t\t<h2 class=\"elementor-heading-title elementor-size-default\">Descarregador DC V2L para porta CCS2<\/h2>\t\t\t\t<\/div>\n\t\t\t\t<\/div>\n\t\t\t\t<div class=\"elementor-element elementor-element-1ee4811 elementor-widget elementor-widget-text-editor\" data-id=\"1ee4811\" data-element_type=\"widget\" data-widget_type=\"text-editor.default\">\n\t\t\t\t<div class=\"elementor-widget-container\">\n\t\t\t\t\t\t\t\t\t<div data-lark-html-role=\"root\"><span class=\"text-only\" data-eleid=\"10\"> Tem um Tesla ou um modelo de ve\u00edculo el\u00e9trico que n\u00e3o tem fun\u00e7\u00f5es V2L incorporadas? Agora, com os nossos inovadores descarregadores DC V2L para a porta CCS2, pode utilizar sem esfor\u00e7o a bateria do seu autom\u00f3vel para alimentar os seus aparelhos electr\u00f3nicos quando estiver na estrada. O nosso descarregador DC V2L utiliza a porta de carregamento DC do autom\u00f3vel como fonte de alimenta\u00e7\u00e3o e disp\u00f5e de 2 sa\u00eddas com pot\u00eancia at\u00e9 3,5KW para a porta Tesla NACS e 5KW para a porta CCS2. Pode utiliz\u00e1-lo para alimentar todos os seus aparelhos de campismo, tais como grelhador, fog\u00e3o, frigor\u00edfico, luzes e muito mais. Tamb\u00e9m pode ser utilizado para uma reserva de energia de emerg\u00eancia durante cortes de energia.<\/span><\/div>\t\t\t\t\t\t\t\t<\/div>\n\t\t\t\t<\/div>\n\t\t\t\t<div class=\"elementor-element elementor-element-f2c233c elementor-widget elementor-widget-heading\" data-id=\"f2c233c\" data-element_type=\"widget\" data-widget_type=\"heading.default\">\n\t\t\t\t<div class=\"elementor-widget-container\">\n\t\t\t\t\t<h2 class=\"elementor-heading-title elementor-size-default\">\nComo funciona o nosso descarregador DC V2L para a porta CCS2?<\/h2>\t\t\t\t<\/div>\n\t\t\t\t<\/div>\n\t\t\t\t<div class=\"elementor-element elementor-element-5cf6907c elementor-widget elementor-widget-text-editor\" data-id=\"5cf6907c\" data-element_type=\"widget\" data-widget_type=\"text-editor.default\">\n\t\t\t\t<div class=\"elementor-widget-container\">\n\t\t\t\t\t\t\t\t\t<div data-lark-html-role=\"root\"><span class=\"text-only\" data-eleid=\"15\">Normalmente, os ve\u00edculos que suportam V2L fornecem corrente CA diretamente atrav\u00e9s da sua porta de carregamento, que \u00e9 depois utilizada para alimentar aparelhos electr\u00f3nicos com um simples adaptador V2L. No entanto, alguns ve\u00edculos, como o Tesla, n\u00e3o suportam a V2L desta forma t\u00edpica, o que pode ser um problema para os propriet\u00e1rios que n\u00e3o querem comprometer o seu estilo de vida ativo. <\/span> <span class=\"text-only\" data-eleid=\"17\">O descarregador DC V2L da Mekel para a porta CCS2 contorna de forma inteligente este constrangimento, extraindo energia DC diretamente da porta de carregamento DC do autom\u00f3vel, que \u00e9 depois convertida em energia AC atrav\u00e9s do inversor do descarregador para alimentar em seguran\u00e7a os seus aparelhos externos. Basta ligar \u00e0 porta de carregamento do autom\u00f3vel, ligar o dispositivo e este estar\u00e1 pronto a carregar os seus aparelhos. <\/span><\/div>\t\t\t\t\t\t\t\t<\/div>\n\t\t\t\t<\/div>\n\t\t\t\t<div class=\"elementor-element elementor-element-3d00db9 elementor-widget elementor-widget-heading\" data-id=\"3d00db9\" data-element_type=\"widget\" data-widget_type=\"heading.default\">\n\t\t\t\t<div class=\"elementor-widget-container\">\n\t\t\t\t\t<h2 class=\"elementor-heading-title elementor-size-default\">Principais carater\u00edsticas do descarregador DC V2L para porta CCS2<\/h2>\t\t\t\t<\/div>\n\t\t\t\t<\/div>\n\t\t\t\t<div class=\"elementor-element elementor-element-bc22011 elementor-widget elementor-widget-text-editor\" data-id=\"bc22011\" data-element_type=\"widget\" data-widget_type=\"text-editor.default\">\n\t\t\t\t<div class=\"elementor-widget-container\">\n\t\t\t\t\t\t\t\t\t<ul>\n<li data-lark-html-role=\"root\"><span class=\"text-only\" data-eleid=\"22\">Para ve\u00edculos sem fun\u00e7\u00f5es V2L incorporadas <\/span><\/li>\n<li data-lark-html-role=\"root\"><span class=\"text-only\" data-eleid=\"24\">Funciona com portas NACS (Tesla) ou CCS2 <\/span><\/li>\n<li data-lark-html-role=\"root\"><span class=\"text-only\" data-eleid=\"26\">Sa\u00edda de alta pot\u00eancia at\u00e9 5KW <\/span><\/li>\n<li data-lark-html-role=\"root\"><span class=\"text-only\" data-eleid=\"28\">Tomadas de sa\u00edda duplas<\/span><\/li>\n<\/ul>\t\t\t\t\t\t\t\t<\/div>\n\t\t\t\t<\/div>\n\t\t\t\t\t<\/div>\n\t\t\t\t<\/div>\n\t\t\t\t<\/div>","protected":false},"excerpt":{"rendered":"<p>DC V2L Discharger for CCS2 Port Do you own a Tesla \/ an EV model that doesn\u2019t have built-in V2L functions? Now with our innovative DC V2L dischargers for CCS2 Port, you can effortlessly use your car battery to power your electronic appliances when you are on the road. Our DC V2L Discharger uses the [&hellip;]<\/p>","protected":false},"author":1,"featured_media":2857,"menu_order":0,"template":"","format":"standard","meta":{"_acf_changed":true,"site-sidebar-layout":"default","site-content-layout":"","ast-site-content-layout":"default","site-content-style":"default","site-sidebar-style":"default","ast-global-header-display":"","ast-banner-title-visibility":"","ast-main-header-display":"","ast-hfb-above-header-display":"","ast-hfb-below-header-display":"","ast-hfb-mobile-header-display":"","site-post-title":"disabled","ast-breadcrumbs-content":"","ast-featured-img":"disabled","footer-sml-layout":"","ast-disable-related-posts":"","theme-transparent-header-meta":"","adv-header-id-meta":"","stick-header-meta":"","header-above-stick-meta":"","header-main-stick-meta":"","header-below-stick-meta":"","astra-migrate-meta-layouts":"set","ast-page-background-enabled":"default","ast-page-background-meta":{"desktop":{"background-color":"","background-image":"","background-repeat":"repeat","background-position":"center center","background-size":"auto","background-attachment":"scroll","background-type":"","background-media":"","overlay-type":"","overlay-color":"","overlay-opacity":"","overlay-gradient":""},"tablet":{"background-color":"","background-image":"","background-repeat":"repeat","background-position":"center center","background-size":"auto","background-attachment":"scroll","background-type":"","background-media":"","overlay-type":"","overlay-color":"","overlay-opacity":"","overlay-gradient":""},"mobile":{"background-color":"","background-image":"","background-repeat":"repeat","background-position":"center center","background-size":"auto","background-attachment":"scroll","background-type":"","background-media":"","overlay-type":"","overlay-color":"","overlay-opacity":"","overlay-gradient":""}},"ast-content-background-meta":{"desktop":{"background-color":"var(--ast-global-color-5)","background-image":"","background-repeat":"repeat","background-position":"center center","background-size":"auto","background-attachment":"scroll","background-type":"","background-media":"","overlay-type":"","overlay-color":"","overlay-opacity":"","overlay-gradient":""},"tablet":{"background-color":"var(--ast-global-color-5)","background-image":"","background-repeat":"repeat","background-position":"center center","background-size":"auto","background-attachment":"scroll","background-type":"","background-media":"","overlay-type":"","overlay-color":"","overlay-opacity":"","overlay-gradient":""},"mobile":{"background-color":"var(--ast-global-color-5)","background-image":"","background-repeat":"repeat","background-position":"center center","background-size":"auto","background-attachment":"scroll","background-type":"","background-media":"","overlay-type":"","overlay-color":"","overlay-opacity":"","overlay-gradient":""}},"footnotes":""},"product-category":[93],"product-tag":[],"class_list":["post-2855","product","type-product","status-publish","format-standard","has-post-thumbnail","hentry","product-category-vehicle-to-load-v2l"],"acf":[],"_links":{"self":[{"href":"https:\/\/www.mekeltech.com\/pt\/wp-json\/wp\/v2\/product\/2855","targetHints":{"allow":["GET"]}}],"collection":[{"href":"https:\/\/www.mekeltech.com\/pt\/wp-json\/wp\/v2\/product"}],"about":[{"href":"https:\/\/www.mekeltech.com\/pt\/wp-json\/wp\/v2\/types\/product"}],"author":[{"embeddable":true,"href":"https:\/\/www.mekeltech.com\/pt\/wp-json\/wp\/v2\/users\/1"}],"version-history":[{"count":27,"href":"https:\/\/www.mekeltech.com\/pt\/wp-json\/wp\/v2\/product\/2855\/revisions"}],"predecessor-version":[{"id":7162,"href":"https:\/\/www.mekeltech.com\/pt\/wp-json\/wp\/v2\/product\/2855\/revisions\/7162"}],"wp:featuredmedia":[{"embeddable":true,"href":"https:\/\/www.mekeltech.com\/pt\/wp-json\/wp\/v2\/media\/2857"}],"wp:attachment":[{"href":"https:\/\/www.mekeltech.com\/pt\/wp-json\/wp\/v2\/media?parent=2855"}],"wp:term":[{"taxonomy":"product-category","embeddable":true,"href":"https:\/\/www.mekeltech.com\/pt\/wp-json\/wp\/v2\/product-category?post=2855"},{"taxonomy":"product-tag","embeddable":true,"href":"https:\/\/www.mekeltech.com\/pt\/wp-json\/wp\/v2\/product-tag?post=2855"}],"curies":[{"name":"wp","href":"https:\/\/api.w.org\/{rel}","templated":true}]}}