{"id":2847,"date":"2025-05-01T07:50:03","date_gmt":"2025-05-01T07:50:03","guid":{"rendered":"https:\/\/mekeltech.com\/?post_type=product&#038;p=2847"},"modified":"2025-09-04T10:43:01","modified_gmt":"2025-09-04T02:43:01","slug":"european-to-tesla-dc-ev-charging-adapter-type2-ccs2","status":"publish","type":"product","link":"https:\/\/www.mekeltech.com\/pt\/product\/european-to-tesla-dc-ev-charging-adapter-type2-ccs2\/","title":{"rendered":"Adaptador de carregamento europeu para ve\u00edculos el\u00e9ctricos Tesla DC (Tipo 2 - CCS2)"},"content":{"rendered":"<p>Fi\u00e1vel e f\u00e1cil de utilizar, o adaptador de carregamento EV DC Tipo 2 para CCS2 permite que os ve\u00edculos com porta padr\u00e3o europeia (Tipo 2) efectuem um carregamento r\u00e1pido utilizando carregadores DC Tesla (CCS2). O produto tem um design compacto para facilitar a arruma\u00e7\u00e3o e \u00e9 plug-and-play sem necessidade de configura\u00e7\u00f5es adicionais. \u00c9 fornecido com resist\u00eancia \u00e0 \u00e1gua IP54 e resist\u00eancia \u00e0 temperatura de -30\u00b0C a +50\u00b0C para seguran\u00e7a e durabilidade em que pode confiar.<\/p>\n\n\n\n<h2 class=\"wp-block-heading has-medium-font-size\"><strong>Uma solu\u00e7\u00e3o para cada padr\u00e3o de carregamento<\/strong><strong><\/strong><\/h2>\n\n\n\n<p>A nossa linha de adaptadores de carregamento de ve\u00edculos el\u00e9ctricos fornece solu\u00e7\u00f5es de convers\u00e3o para todas as normas de carregamento em todo o mundo, incluindo convers\u00f5es entre portas de carregamento americanas do tipo 1, Tesla NACS, europeias do tipo 2, chinesas GBT e japonesas Chademo.  Fale connosco para saber mais sobre os produtos adaptadores perfeitos para os seus respectivos mercados<\/p>\n\n\n\n<h3 class=\"wp-block-heading has-medium-font-size\"><strong>Qualidade de constru\u00e7\u00e3o superior<\/strong><strong><\/strong><\/h3>\n\n\n\n<p>Os nossos adaptadores s\u00e3o fabricados com um inv\u00f3lucro termopl\u00e1stico de alta resist\u00eancia que proporciona uma grande durabilidade e uma liga de cobre prateado que proporciona uma condutividade de primeira classe, o que ajudar\u00e1 a aumentar a satisfa\u00e7\u00e3o dos seus clientes<\/p>\n\n\n\n<h3 class=\"wp-block-heading has-medium-font-size\"><strong>F\u00e1cil de utilizar e de viajar<\/strong><strong><\/strong><\/h3>\n\n\n\n<p>Os nossos adaptadores t\u00eam um design compacto sem comprometer a funcionalidade. Suporta carregamento de alta velocidade em CA ou CC, cabendo confortavelmente dentro de um porta-luvas. Basta encaixar na pistola de carregamento e ligar \u00e0 porta de carregamento do ve\u00edculo para uma experi\u00eancia de carregamento sem problemas<\/p>\n\n\n\n<h2 class=\"wp-block-heading has-medium-font-size\"><strong>Produto Alto<\/strong><strong>luz<\/strong><strong><\/strong><\/h2>\n\n\n\n<ul class=\"wp-block-list\">\n<li>Todos os padr\u00f5es de carregamento<\/li>\n\n\n\n<li>Materiais Premium<\/li>\n\n\n\n<li>Prote\u00e7\u00e3o contra as intemp\u00e9ries<\/li>\n\n\n\n<li>Prontid\u00e3o da produ\u00e7\u00e3o<\/li>\n\n\n\n<li>Entrega r\u00e1pida<\/li>\n<\/ul>\n\n\n\n<h2 class=\"wp-block-heading has-medium-font-size\"><strong>Produto<\/strong><strong>&nbsp;<\/strong><strong>Detalhes<\/strong><strong><\/strong><\/h2>\n\n\n\n<figure class=\"wp-block-table\"><table class=\"has-fixed-layout\"><tbody><tr><td><strong>Nome do produto<\/strong><strong><\/strong><\/td><td><strong>Tipo 2 para CCS2<\/strong> <strong>Adaptador de carregamento DC<\/strong><\/td><\/tr><tr><td><strong>Corrente nominal<\/strong><strong><\/strong><\/td><td><strong>M\u00e1ximo 250A<\/strong><strong><\/strong><\/td><\/tr><tr><td><strong>Tens\u00e3o nominal <\/strong><strong><\/strong><\/td><td><strong>M\u00e1ximo 1000V DC<\/strong><strong><\/strong><\/td><\/tr><tr><td><strong>Resist\u00eancia \u00e0 \u00e1gua <\/strong><strong><\/strong><\/td><td><strong>IP54 (quando ligado \u00e0 tomada)<\/strong><strong><\/strong><\/td><\/tr><tr><td><strong>Concha exterior <\/strong><strong><\/strong><\/td><td><strong>Termopl\u00e1stico<\/strong><strong>\uff08TBC\uff09<\/strong><strong><\/strong><\/td><\/tr><tr><td><strong>Pino condutor<\/strong><strong><\/strong><\/td><td><strong>Liga de cobre, banhada a prata<\/strong><strong><\/strong><\/td><\/tr><tr><td><strong>Temperatura de funcionamento <\/strong><strong><\/strong><\/td><td><strong>-30\u00b0C a +50\u00b0C<\/strong><strong><\/strong><\/td><\/tr><tr><td><strong>Peso l\u00edquido<\/strong><strong><\/strong><\/td><td><strong>1,6 kg<\/strong><strong><\/strong><\/td><\/tr><tr><td><strong>Dimens\u00f5es<\/strong><strong><\/strong><\/td><td><strong>294*95*145mm<\/strong><strong><\/strong><\/td><\/tr><\/tbody><\/table><\/figure>\n\n\n\n<p class=\"has-medium-font-size\"><\/p>\n\n\n\n<h2 class=\"wp-block-heading has-medium-font-size\"><strong>FAQ<\/strong><strong><\/strong><\/h2>\n\n\n\n<p><strong>Qual \u00e9 a fun\u00e7\u00e3o de um adaptador de carregamento de ve\u00edculos el\u00e9ctricos? <\/strong><\/p>\n\n\n\n<p>Um adaptador de carregamento de ve\u00edculos el\u00e9ctricos permite que um ve\u00edculo utilize uma esta\u00e7\u00e3o de carregamento com uma norma de carregamento diferente. Por exemplo, um carro importado da China que tenha uma porta de carregamento do tipo GBT pode carregar com a ficha Tipo 2 da Europa, utilizando um adaptador Tipo 2 para GBT.<\/p>\n\n\n\n<p><strong class=\"\">P: Que certifica\u00e7\u00f5es de seguran\u00e7a tem este Tipo 2-CCS2 DC <strong>Adaptador de carregamento para ve\u00edculos el\u00e9ctricos<\/strong> passou?<\/strong><\/p>\n\n\n\n<p>R: Possui certifica\u00e7\u00e3o CE\/ROHS, e os componentes principais passaram o teste de resist\u00eancia ao p\u00f3 e \u00e0 \u00e1gua ISO 20653 e a certifica\u00e7\u00e3o retardadora de chama UL94 V-0.<\/p>\n\n\n\n<p><strong>P: Qual \u00e9 a pot\u00eancia deste Tipo 2-CCS2 <strong>Adaptador de carregamento para ve\u00edculos el\u00e9ctricos<\/strong> suporte para carregamento r\u00e1pido?<\/strong><\/p>\n\n\n\n<p>R: Este produto suporta um carregamento r\u00e1pido at\u00e9 250A\/1000V DC (250kW), satisfazendo as necessidades de carregamento a velocidades extremas dos modelos mais comuns.<\/p>\n\n\n\n<p><strong class=\"\">P: Pode isto ser europeu para a Tesla DC <strong>Adaptador de carregamento para ve\u00edculos el\u00e9ctricos<\/strong> ser utilizado normalmente num ambiente de baixa temperatura de -20\u2103?<\/strong><\/p>\n\n\n\n<p>R: Sim, este <strong class=\"\">Adaptador de carregamento para ve\u00edculos el\u00e9ctricos<\/strong> passou o teste de frio extremo de -30\u2103, e o sensor de temperatura incorporado \u00e9 utilizado para monitoriza\u00e7\u00e3o em tempo real para garantir um funcionamento seguro em toda a gama de temperaturas de -30\u00b0C a 50\u00b0C.<\/p>\n\n\n\n<p><strong class=\"\">P: Este <strong>Adaptador de carregamento para ve\u00edculos el\u00e9ctricos<\/strong> requerem instala\u00e7\u00e3o ou configura\u00e7\u00e3o adicional?<\/strong><\/p>\n\n\n\n<p>R: N\u00e3o \u00e9 necess\u00e1ria qualquer configura\u00e7\u00e3o. O nosso <strong class=\"\">Adaptador de carregamento para ve\u00edculos el\u00e9ctricos<\/strong> \u00e9 totalmente plug-and-play e est\u00e1 pronto a utilizar para uma experi\u00eancia sem complica\u00e7\u00f5es.<\/p>","protected":false},"excerpt":{"rendered":"<p>Fi\u00e1vel e f\u00e1cil de utilizar, o adaptador de carregamento EV DC Tipo 2 para CCS2 permite que os ve\u00edculos com porta padr\u00e3o europeia (Tipo 2) efectuem carregamentos r\u00e1pidos utilizando carregadores DC Tesla (CCS2). O produto tem um design compacto para facilitar a arruma\u00e7\u00e3o e \u00e9 plug-and-play sem necessidade de configura\u00e7\u00f5es adicionais. \u00c9 fornecido com resist\u00eancia \u00e0 \u00e1gua IP54 e resist\u00eancia a temperaturas de -30\u00b0C [...]<\/p>","protected":false},"author":1,"featured_media":3359,"menu_order":0,"template":"","format":"standard","meta":{"_acf_changed":true,"site-sidebar-layout":"default","site-content-layout":"","ast-site-content-layout":"default","site-content-style":"default","site-sidebar-style":"default","ast-global-header-display":"","ast-banner-title-visibility":"","ast-main-header-display":"","ast-hfb-above-header-display":"","ast-hfb-below-header-display":"","ast-hfb-mobile-header-display":"","site-post-title":"","ast-breadcrumbs-content":"","ast-featured-img":"","footer-sml-layout":"","ast-disable-related-posts":"","theme-transparent-header-meta":"","adv-header-id-meta":"","stick-header-meta":"","header-above-stick-meta":"","header-main-stick-meta":"","header-below-stick-meta":"","astra-migrate-meta-layouts":"set","ast-page-background-enabled":"default","ast-page-background-meta":{"desktop":{"background-color":"","background-image":"","background-repeat":"repeat","background-position":"center center","background-size":"auto","background-attachment":"scroll","background-type":"","background-media":"","overlay-type":"","overlay-color":"","overlay-opacity":"","overlay-gradient":""},"tablet":{"background-color":"","background-image":"","background-repeat":"repeat","background-position":"center center","background-size":"auto","background-attachment":"scroll","background-type":"","background-media":"","overlay-type":"","overlay-color":"","overlay-opacity":"","overlay-gradient":""},"mobile":{"background-color":"","background-image":"","background-repeat":"repeat","background-position":"center center","background-size":"auto","background-attachment":"scroll","background-type":"","background-media":"","overlay-type":"","overlay-color":"","overlay-opacity":"","overlay-gradient":""}},"ast-content-background-meta":{"desktop":{"background-color":"var(--ast-global-color-5)","background-image":"","background-repeat":"repeat","background-position":"center center","background-size":"auto","background-attachment":"scroll","background-type":"","background-media":"","overlay-type":"","overlay-color":"","overlay-opacity":"","overlay-gradient":""},"tablet":{"background-color":"var(--ast-global-color-5)","background-image":"","background-repeat":"repeat","background-position":"center center","background-size":"auto","background-attachment":"scroll","background-type":"","background-media":"","overlay-type":"","overlay-color":"","overlay-opacity":"","overlay-gradient":""},"mobile":{"background-color":"var(--ast-global-color-5)","background-image":"","background-repeat":"repeat","background-position":"center center","background-size":"auto","background-attachment":"scroll","background-type":"","background-media":"","overlay-type":"","overlay-color":"","overlay-opacity":"","overlay-gradient":""}},"footnotes":""},"product-category":[89],"product-tag":[],"class_list":["post-2847","product","type-product","status-publish","format-standard","has-post-thumbnail","hentry","product-category-charging-adapter"],"acf":[],"_links":{"self":[{"href":"https:\/\/www.mekeltech.com\/pt\/wp-json\/wp\/v2\/product\/2847","targetHints":{"allow":["GET"]}}],"collection":[{"href":"https:\/\/www.mekeltech.com\/pt\/wp-json\/wp\/v2\/product"}],"about":[{"href":"https:\/\/www.mekeltech.com\/pt\/wp-json\/wp\/v2\/types\/product"}],"author":[{"embeddable":true,"href":"https:\/\/www.mekeltech.com\/pt\/wp-json\/wp\/v2\/users\/1"}],"version-history":[{"count":8,"href":"https:\/\/www.mekeltech.com\/pt\/wp-json\/wp\/v2\/product\/2847\/revisions"}],"predecessor-version":[{"id":7092,"href":"https:\/\/www.mekeltech.com\/pt\/wp-json\/wp\/v2\/product\/2847\/revisions\/7092"}],"wp:featuredmedia":[{"embeddable":true,"href":"https:\/\/www.mekeltech.com\/pt\/wp-json\/wp\/v2\/media\/3359"}],"wp:attachment":[{"href":"https:\/\/www.mekeltech.com\/pt\/wp-json\/wp\/v2\/media?parent=2847"}],"wp:term":[{"taxonomy":"product-category","embeddable":true,"href":"https:\/\/www.mekeltech.com\/pt\/wp-json\/wp\/v2\/product-category?post=2847"},{"taxonomy":"product-tag","embeddable":true,"href":"https:\/\/www.mekeltech.com\/pt\/wp-json\/wp\/v2\/product-tag?post=2847"}],"curies":[{"name":"wp","href":"https:\/\/api.w.org\/{rel}","templated":true}]}}