{"id":2843,"date":"2025-05-03T07:45:54","date_gmt":"2025-05-03T07:45:54","guid":{"rendered":"https:\/\/mekeltech.com\/?post_type=product&#038;p=2843"},"modified":"2025-09-05T10:51:46","modified_gmt":"2025-09-05T02:51:46","slug":"ccs2-chademo-ev-charging-adapters","status":"publish","type":"product","link":"https:\/\/www.mekeltech.com\/pt\/product\/ccs2-chademo-ev-charging-adapters\/","title":{"rendered":"Adaptadores de carregamento para ve\u00edculos el\u00e9ctricos CCS2-CHAdeMO"},"content":{"rendered":"<h2 class=\"wp-block-heading\">Introdu\u00e7\u00e3o \u00e0 corrente cont\u00ednua europeia e japonesa (CCS2-CHAdeMO)<\/h2>\n\n\n\n<p>Fi\u00e1veis e f\u00e1ceis de utilizar, os adaptadores de carregamento CCS2 para CHAdeMO DC EV permitem que os ve\u00edculos com porta padr\u00e3o japonesa (CHAdeMO) carreguem rapidamente utilizando carregadores DC padr\u00e3o europeus (CCS2). O produto tem um design compacto para facilitar a arruma\u00e7\u00e3o e \u00e9 \"plug-and-play\" sem necessidade de configura\u00e7\u00f5es adicionais. \u00c9 fornecido com resist\u00eancia \u00e0 \u00e1gua IP54 e resist\u00eancia \u00e0 temperatura de -30\u00b0C a +50\u00b0C para seguran\u00e7a e durabilidade em que pode confiar.<\/p>\n\n\n\n<h2 class=\"wp-block-heading\">Carater\u00edsticas dos adaptadores de carregamento Mekel EV<\/h2>\n\n\n\n<h3 class=\"wp-block-heading\">Uma solu\u00e7\u00e3o para cada padr\u00e3o de carregamento<\/h3>\n\n\n\n<p>A nossa linha de adaptadores de carregamento de ve\u00edculos el\u00e9ctricos fornece solu\u00e7\u00f5es de convers\u00e3o para todas as normas de carregamento em todo o mundo, incluindo convers\u00f5es entre portas de carregamento americanas do tipo 1, Tesla NACS, europeias do tipo 2, chinesas GBT e japonesas Chademo.  Fale connosco para saber mais sobre os produtos adaptadores perfeitos para os seus respectivos mercados.<\/p>\n\n\n\n<h3 class=\"wp-block-heading has-medium-font-size\"><strong>Qualidade de constru\u00e7\u00e3o superior<\/strong><strong><\/strong><\/h3>\n\n\n\n<p>Os nossos adaptadores s\u00e3o fabricados com um inv\u00f3lucro termopl\u00e1stico de alta resist\u00eancia que proporciona uma grande durabilidade e uma liga de cobre prateado que proporciona uma condutividade de primeira classe, o que ajudar\u00e1 a aumentar a satisfa\u00e7\u00e3o dos seus clientes<\/p>\n\n\n\n<h3 class=\"wp-block-heading has-medium-font-size\"><strong>F\u00e1cil de utilizar e de viajar<\/strong><strong><\/strong><\/h3>\n\n\n\n<p>Os nossos adaptadores t\u00eam um design compacto sem comprometer a funcionalidade. Suporta carregamento de alta velocidade em CA ou CC, cabendo confortavelmente dentro de um porta-luvas. Basta encaixar na pistola de carregamento e ligar \u00e0 porta de carregamento do ve\u00edculo para uma experi\u00eancia de carregamento sem problemas<\/p>\n\n\n\n<h2 class=\"wp-block-heading\"><strong>Produto Alto<\/strong><strong>luz<\/strong><strong><\/strong><\/h2>\n\n\n\n<p>Todos os padr\u00f5es de carregamento<\/p>\n\n\n\n<p>Materiais Premium<\/p>\n\n\n\n<p>Prote\u00e7\u00e3o contra as intemp\u00e9ries<\/p>\n\n\n\n<p>Prontid\u00e3o da produ\u00e7\u00e3o<\/p>\n\n\n\n<p>Entrega r\u00e1pida<\/p>\n\n\n\n<h2 class=\"wp-block-heading has-medium-font-size\"><strong>Produto<\/strong><strong>&nbsp;<\/strong><strong>Detalhes<\/strong><strong><\/strong><\/h2>\n\n\n\n<figure class=\"wp-block-table\"><table class=\"has-fixed-layout\"><tbody><tr><td><strong>Nome do produto<\/strong><strong><\/strong><\/td><td><strong>CCS2 para CHAdeMO<\/strong> <strong>Adaptador de carregamento<\/strong><\/td><\/tr><tr><td><strong>Corrente nominal<\/strong><strong><\/strong><\/td><td><strong>M\u00e1ximo 250A<\/strong><strong><\/strong><\/td><\/tr><tr><td><strong>Tens\u00e3o nominal <\/strong><strong><\/strong><\/td><td><strong>M\u00e1ximo 1000V DC<\/strong><strong><\/strong><\/td><\/tr><tr><td><strong>Resist\u00eancia \u00e0 \u00e1gua <\/strong><strong><\/strong><\/td><td><strong>IP54 (quando ligado \u00e0 tomada)<\/strong><strong><\/strong><\/td><\/tr><tr><td><strong>Concha exterior <\/strong><strong><\/strong><\/td><td><strong>Termopl\u00e1stico<\/strong><strong>\uff08TBC\uff09<\/strong><strong><\/strong><\/td><\/tr><tr><td><strong>Pino condutor<\/strong><strong><\/strong><\/td><td><strong>Liga de cobre, banhada a prata<\/strong><strong><\/strong><\/td><\/tr><tr><td><strong>Temperatura de funcionamento <\/strong><strong><\/strong><\/td><td><strong>-30\u00b0C a +50\u00b0C<\/strong><strong><\/strong><\/td><\/tr><tr><td><strong>Peso l\u00edquido<\/strong><strong><\/strong><\/td><td><strong>1,6 kg<\/strong><strong><\/strong><\/td><\/tr><tr><td><strong>Dimens\u00f5es<\/strong><strong><\/strong><\/td><td><strong>294*95*145mm<\/strong><\/td><\/tr><\/tbody><\/table><\/figure>\n\n\n\n<h2 class=\"wp-block-heading has-medium-font-size\"><strong>FAQ<\/strong><strong><\/strong><\/h2>\n\n\n\n<p class=\"has-medium-font-size\">Qual \u00e9 a fun\u00e7\u00e3o de um adaptador de carregamento de ve\u00edculos el\u00e9ctricos? <\/p>\n\n\n\n<p>Um adaptador de carregamento de ve\u00edculos el\u00e9ctricos permite que um ve\u00edculo utilize uma esta\u00e7\u00e3o de carregamento com uma norma de carregamento diferente. Por exemplo, um autom\u00f3vel importado da China que tenha uma porta de carregamento do tipo CHAdeMO pode carregar com a ficha Tipo 2 da Europa, utilizando um adaptador Tipo 2 para CHAdeMO.<\/p>\n\n\n\n<p class=\"has-medium-font-size\">Estes adaptadores de carregamento de ve\u00edculos el\u00e9ctricos CCS2 para CHAdeMO DC carregam mais lentamente do que o adaptador original?<\/p>\n\n\n\n<p>R: Este produto utiliza condutores de liga de cobre banhados a prata (resist\u00eancia &lt; 0,2m\u03a9), perda de pot\u00eancia &lt; 0,3% e a efici\u00eancia de carregamento \u00e9 equivalente a pilhas de carregamento direto.<\/p>\n\n\n\n<p class=\"has-medium-font-size\">Qual a pot\u00eancia suportada por estes adaptadores de carregamento de ve\u00edculos el\u00e9ctricos CCS2-CHAdeMO para o carregamento r\u00e1pido?<\/p>\n\n\n\n<p>R: Este produto suporta um carregamento r\u00e1pido at\u00e9 250A\/1000V DC (250kW), satisfazendo as necessidades de carregamento a velocidades extremas dos modelos mais comuns.<\/p>\n\n\n\n<p class=\"has-medium-font-size\">Este adaptador CCS2 para CHAdeMO DC pode ser usado normalmente em um ambiente de baixa temperatura de -20 \u2103?<\/p>\n\n\n\n<p>R: Sim, estes <strong>Adaptadores para carregamento de ve\u00edculos el\u00e9ctricos<\/strong> passaram o teste de frio extremo de -30\u2103, e o sensor de temperatura incorporado \u00e9 utilizado para monitoriza\u00e7\u00e3o em tempo real para garantir um funcionamento seguro em toda a gama de temperaturas de -30\u00b0C a 50\u00b0C.<\/p>\n\n\n\n<p><\/p>","protected":false},"excerpt":{"rendered":"<p>Introduction to European to Japanese DC (CCS2-CHAdeMO) Reliable and easy to use, the CCS2 to CHAdeMO DC EV charging adapters allow vehicles with Japanese standard port (CHAdeMO ) to fast charge using European standard DC chargers (CCS2). The product has a compact&nbsp;design for easy storage and is plug-and-play without needing additional setups. Comes with IP54 [&hellip;]<\/p>","protected":false},"author":1,"featured_media":3352,"menu_order":0,"template":"","format":"standard","meta":{"_acf_changed":true,"site-sidebar-layout":"default","site-content-layout":"","ast-site-content-layout":"default","site-content-style":"default","site-sidebar-style":"default","ast-global-header-display":"","ast-banner-title-visibility":"","ast-main-header-display":"","ast-hfb-above-header-display":"","ast-hfb-below-header-display":"","ast-hfb-mobile-header-display":"","site-post-title":"","ast-breadcrumbs-content":"","ast-featured-img":"","footer-sml-layout":"","ast-disable-related-posts":"","theme-transparent-header-meta":"","adv-header-id-meta":"","stick-header-meta":"","header-above-stick-meta":"","header-main-stick-meta":"","header-below-stick-meta":"","astra-migrate-meta-layouts":"set","ast-page-background-enabled":"default","ast-page-background-meta":{"desktop":{"background-color":"","background-image":"","background-repeat":"repeat","background-position":"center center","background-size":"auto","background-attachment":"scroll","background-type":"","background-media":"","overlay-type":"","overlay-color":"","overlay-opacity":"","overlay-gradient":""},"tablet":{"background-color":"","background-image":"","background-repeat":"repeat","background-position":"center center","background-size":"auto","background-attachment":"scroll","background-type":"","background-media":"","overlay-type":"","overlay-color":"","overlay-opacity":"","overlay-gradient":""},"mobile":{"background-color":"","background-image":"","background-repeat":"repeat","background-position":"center center","background-size":"auto","background-attachment":"scroll","background-type":"","background-media":"","overlay-type":"","overlay-color":"","overlay-opacity":"","overlay-gradient":""}},"ast-content-background-meta":{"desktop":{"background-color":"var(--ast-global-color-5)","background-image":"","background-repeat":"repeat","background-position":"center center","background-size":"auto","background-attachment":"scroll","background-type":"","background-media":"","overlay-type":"","overlay-color":"","overlay-opacity":"","overlay-gradient":""},"tablet":{"background-color":"var(--ast-global-color-5)","background-image":"","background-repeat":"repeat","background-position":"center center","background-size":"auto","background-attachment":"scroll","background-type":"","background-media":"","overlay-type":"","overlay-color":"","overlay-opacity":"","overlay-gradient":""},"mobile":{"background-color":"var(--ast-global-color-5)","background-image":"","background-repeat":"repeat","background-position":"center center","background-size":"auto","background-attachment":"scroll","background-type":"","background-media":"","overlay-type":"","overlay-color":"","overlay-opacity":"","overlay-gradient":""}},"footnotes":""},"product-category":[89],"product-tag":[],"class_list":["post-2843","product","type-product","status-publish","format-standard","has-post-thumbnail","hentry","product-category-charging-adapter"],"acf":[],"_links":{"self":[{"href":"https:\/\/www.mekeltech.com\/pt\/wp-json\/wp\/v2\/product\/2843","targetHints":{"allow":["GET"]}}],"collection":[{"href":"https:\/\/www.mekeltech.com\/pt\/wp-json\/wp\/v2\/product"}],"about":[{"href":"https:\/\/www.mekeltech.com\/pt\/wp-json\/wp\/v2\/types\/product"}],"author":[{"embeddable":true,"href":"https:\/\/www.mekeltech.com\/pt\/wp-json\/wp\/v2\/users\/1"}],"version-history":[{"count":7,"href":"https:\/\/www.mekeltech.com\/pt\/wp-json\/wp\/v2\/product\/2843\/revisions"}],"predecessor-version":[{"id":7093,"href":"https:\/\/www.mekeltech.com\/pt\/wp-json\/wp\/v2\/product\/2843\/revisions\/7093"}],"wp:featuredmedia":[{"embeddable":true,"href":"https:\/\/www.mekeltech.com\/pt\/wp-json\/wp\/v2\/media\/3352"}],"wp:attachment":[{"href":"https:\/\/www.mekeltech.com\/pt\/wp-json\/wp\/v2\/media?parent=2843"}],"wp:term":[{"taxonomy":"product-category","embeddable":true,"href":"https:\/\/www.mekeltech.com\/pt\/wp-json\/wp\/v2\/product-category?post=2843"},{"taxonomy":"product-tag","embeddable":true,"href":"https:\/\/www.mekeltech.com\/pt\/wp-json\/wp\/v2\/product-tag?post=2843"}],"curies":[{"name":"wp","href":"https:\/\/api.w.org\/{rel}","templated":true}]}}