{"id":2841,"date":"2025-05-04T07:43:48","date_gmt":"2025-05-04T07:43:48","guid":{"rendered":"https:\/\/mekeltech.com\/?post_type=product&#038;p=2841"},"modified":"2025-08-07T11:58:34","modified_gmt":"2025-08-07T03:58:34","slug":"european-to-chinese-dc-ccs2-gbt-ev-charging-adapters","status":"publish","type":"product","link":"https:\/\/www.mekeltech.com\/pt\/product\/european-to-chinese-dc-ccs2-gbt-ev-charging-adapters\/","title":{"rendered":"Adaptadores de carregamento de ve\u00edculos el\u00e9ctricos europeus para chin\u00eas (CCS2-GBT)"},"content":{"rendered":"<h2 class=\"wp-block-heading\">Introdu\u00e7\u00e3o aos adaptadores de carregamento de ve\u00edculos el\u00e9ctricos da Europa para a China (CCS2-GBT)<\/h2>\n\n\n\n<p>Fi\u00e1veis e f\u00e1ceis de utilizar, os adaptadores de carregamento CCS2 para GBT DC EV permitem que os ve\u00edculos com porta de padr\u00e3o chin\u00eas (GBT) carreguem rapidamente utilizando carregadores DC de padr\u00e3o europeu (CCS2). O produto tem um design compacto para facilitar a arruma\u00e7\u00e3o e \u00e9 plug-and-play sem necessidade de configura\u00e7\u00f5es adicionais. \u00c9 fornecido com resist\u00eancia \u00e0 \u00e1gua IP54 e resist\u00eancia \u00e0 temperatura de -30\u00b0C a +50\u00b0C para seguran\u00e7a e durabilidade em que pode confiar.<\/p>\n\n\n\n<h2 class=\"wp-block-heading\">Carater\u00edsticas dos adaptadores de carregamento Mekel EV<\/h2>\n\n\n\n<h3 class=\"wp-block-heading has-medium-font-size\"><strong>Uma solu\u00e7\u00e3o para cada padr\u00e3o de carregamento<\/strong><strong><\/strong><\/h3>\n\n\n\n<p>A linha de adaptadores de carregamento de ve\u00edculos el\u00e9ctricos da Mekel fornece solu\u00e7\u00f5es de convers\u00e3o para todas as normas de carregamento em todo o mundo, incluindo convers\u00f5es entre<strong>&nbsp;Tipo 1 americano, NACS da Tesla, Tipo 2 europeu, GBT chin\u00eas e Chademo japon\u00eas<\/strong>&nbsp;portas de carregamento.  Fale connosco para saber mais sobre os produtos adaptadores perfeitos para os seus respectivos mercados<\/p>\n\n\n\n<h3 class=\"wp-block-heading has-medium-font-size\"><strong>Qualidade de constru\u00e7\u00e3o superior<\/strong><strong><\/strong><\/h3>\n\n\n\n<p>Os nossos adaptadores de carregamento s\u00e3o fabricados com um inv\u00f3lucro termopl\u00e1stico de alta resist\u00eancia que proporciona uma grande durabilidade e uma liga de cobre prateado que proporciona uma condutividade de primeira classe, o que ajudar\u00e1 a aumentar a satisfa\u00e7\u00e3o dos seus clientes<\/p>\n\n\n\n<h3 class=\"wp-block-heading has-medium-font-size\"><strong>F\u00e1cil de utilizar e de viajar<\/strong><strong><\/strong><\/h3>\n\n\n\n<p>Os nossos adaptadores de carregamento de ve\u00edculos el\u00e9ctricos t\u00eam um design compacto sem comprometer a funcionalidade. Suporta carregamento de alta velocidade em CA ou CC, cabendo confortavelmente dentro de um porta-luvas. Basta encaixar na pistola de carregamento e ligar \u00e0 porta de carregamento do ve\u00edculo para uma experi\u00eancia de carregamento sem problemas<\/p>\n\n\n\n<h2 class=\"wp-block-heading\"><strong>Produto Alto<\/strong><strong>luz<\/strong><strong><\/strong><\/h2>\n\n\n\n<ul class=\"wp-block-list\">\n<li>Todos os padr\u00f5es de carregamento<\/li>\n\n\n\n<li>Materiais Premium<\/li>\n\n\n\n<li>Prote\u00e7\u00e3o contra as intemp\u00e9ries<\/li>\n\n\n\n<li>Prontid\u00e3o da produ\u00e7\u00e3o<\/li>\n\n\n\n<li>Entrega r\u00e1pida<\/li>\n<\/ul>\n\n\n\n<h2 class=\"wp-block-heading\"><strong>Especifica\u00e7\u00f5es do produto<\/strong><\/h2>\n\n\n\n<figure class=\"wp-block-table\"><table class=\"has-fixed-layout\"><tbody><tr><td><strong>Nome do produto<\/strong><strong><\/strong><\/td><td><strong>Adaptador de carregamento CCS2 para GBT<\/strong><strong><\/strong><\/td><\/tr><tr><td><strong>Corrente nominal<\/strong><strong><\/strong><\/td><td><strong>M\u00e1ximo 250A<\/strong><strong><\/strong><\/td><\/tr><tr><td><strong>Tens\u00e3o nominal <\/strong><strong><\/strong><\/td><td><strong>M\u00e1ximo 1000V DC<\/strong><strong><\/strong><\/td><\/tr><tr><td><strong>Resist\u00eancia \u00e0 \u00e1gua<\/strong><\/td><td><strong>IP54 (quando ligado \u00e0 tomada)<\/strong><strong><\/strong><\/td><\/tr><tr><td><strong>Concha exterior <\/strong><strong><\/strong><\/td><td><strong>Termopl\u00e1stico<\/strong><strong>\uff08TBC\uff09<\/strong><strong><\/strong><\/td><\/tr><tr><td><strong>Pino condutor<\/strong><strong><\/strong><\/td><td><strong>Liga de cobre, banhada a prata<\/strong><strong><\/strong><\/td><\/tr><tr><td><strong>Temperatura de funcionamento <\/strong><strong><\/strong><\/td><td><strong>-30\u00b0C a +50\u00b0C<\/strong><strong><\/strong><\/td><\/tr><tr><td><strong>Peso l\u00edquido<\/strong><strong><\/strong><\/td><td><strong>1,6 kg<\/strong><strong><\/strong><\/td><\/tr><tr><td><strong>Dimens\u00f5es<\/strong><strong><\/strong><\/td><td><strong>294*95*145mm<\/strong><strong><\/strong><\/td><\/tr><\/tbody><\/table><\/figure>\n\n\n\n<h2 class=\"wp-block-heading\"><strong>FAQ<\/strong><\/h2>\n\n\n\n<p><strong>P: Estes adaptadores de carregamento de ve\u00edculos el\u00e9ctricos de corrente cont\u00ednua europeus para chineses carregam mais lentamente do que o adaptador original?<\/strong><br>R: Este produto utiliza condutores de liga de cobre banhados a prata (resist\u00eancia &lt; 0,2m\u03a9), perda de pot\u00eancia &lt; 0,3% e a efici\u00eancia de carregamento \u00e9 equivalente a pilhas de carregamento direto.<\/p>\n\n\n\n<p><strong>P: Quais as certifica\u00e7\u00f5es de seguran\u00e7a que este adaptador de carregamento CCS2-GBT DC EV obteve?<\/strong><br>R: Possui certifica\u00e7\u00e3o CE\/ROHS, e os componentes principais passaram o teste de resist\u00eancia ao p\u00f3 e \u00e0 \u00e1gua ISO 20653 e a certifica\u00e7\u00e3o retardadora de chama UL94 V-0.<\/p>\n\n\n\n<p><strong>P: Qual a pot\u00eancia suportada pelos adaptadores de carregamento de ve\u00edculos el\u00e9ctricos CCS2-GBT para carregamento r\u00e1pido?<\/strong><br>R: Este produto suporta um carregamento r\u00e1pido at\u00e9 250A\/1000V DC (250kW), satisfazendo as necessidades de carregamento a velocidades extremas dos modelos mais comuns.<\/p>\n\n\n\n<p><strong>P: Este adaptador DC europeu para chin\u00eas pode ser usado normalmente em um ambiente de baixa temperatura de -20 \u2103?<\/strong><br>R Sim, esses adaptadores de carregamento EV passaram no teste de frio extremo de -30 \u2103 e o sensor de temperatura embutido \u00e9 usado para monitoramento em tempo real para garantir uma opera\u00e7\u00e3o segura em toda a faixa de temperatura de -30 \u00b0 C a 50 \u00b0 C.<\/p>","protected":false},"excerpt":{"rendered":"<p>Introdu\u00e7\u00e3o aos adaptadores de carregamento de ve\u00edculos el\u00e9ctricos CCS2-GBT (European to Chinese DC) Fi\u00e1veis e f\u00e1ceis de utilizar, os adaptadores de carregamento de ve\u00edculos el\u00e9ctricos CCS2 para GBT DC permitem que os ve\u00edculos com porta de padr\u00e3o chin\u00eas (GBT) carreguem rapidamente utilizando carregadores DC de padr\u00e3o europeu (CCS2). O produto tem um design compacto para facilitar a arruma\u00e7\u00e3o e \u00e9 plug-and-play sem necessidade de configura\u00e7\u00f5es adicionais. \u00c9 fornecido [...]<\/p>","protected":false},"author":1,"featured_media":3338,"menu_order":0,"template":"","format":"standard","meta":{"_acf_changed":false,"site-sidebar-layout":"default","site-content-layout":"","ast-site-content-layout":"default","site-content-style":"default","site-sidebar-style":"default","ast-global-header-display":"","ast-banner-title-visibility":"","ast-main-header-display":"","ast-hfb-above-header-display":"","ast-hfb-below-header-display":"","ast-hfb-mobile-header-display":"","site-post-title":"","ast-breadcrumbs-content":"","ast-featured-img":"","footer-sml-layout":"","ast-disable-related-posts":"","theme-transparent-header-meta":"","adv-header-id-meta":"","stick-header-meta":"","header-above-stick-meta":"","header-main-stick-meta":"","header-below-stick-meta":"","astra-migrate-meta-layouts":"set","ast-page-background-enabled":"default","ast-page-background-meta":{"desktop":{"background-color":"","background-image":"","background-repeat":"repeat","background-position":"center center","background-size":"auto","background-attachment":"scroll","background-type":"","background-media":"","overlay-type":"","overlay-color":"","overlay-opacity":"","overlay-gradient":""},"tablet":{"background-color":"","background-image":"","background-repeat":"repeat","background-position":"center center","background-size":"auto","background-attachment":"scroll","background-type":"","background-media":"","overlay-type":"","overlay-color":"","overlay-opacity":"","overlay-gradient":""},"mobile":{"background-color":"","background-image":"","background-repeat":"repeat","background-position":"center center","background-size":"auto","background-attachment":"scroll","background-type":"","background-media":"","overlay-type":"","overlay-color":"","overlay-opacity":"","overlay-gradient":""}},"ast-content-background-meta":{"desktop":{"background-color":"var(--ast-global-color-5)","background-image":"","background-repeat":"repeat","background-position":"center center","background-size":"auto","background-attachment":"scroll","background-type":"","background-media":"","overlay-type":"","overlay-color":"","overlay-opacity":"","overlay-gradient":""},"tablet":{"background-color":"var(--ast-global-color-5)","background-image":"","background-repeat":"repeat","background-position":"center center","background-size":"auto","background-attachment":"scroll","background-type":"","background-media":"","overlay-type":"","overlay-color":"","overlay-opacity":"","overlay-gradient":""},"mobile":{"background-color":"var(--ast-global-color-5)","background-image":"","background-repeat":"repeat","background-position":"center center","background-size":"auto","background-attachment":"scroll","background-type":"","background-media":"","overlay-type":"","overlay-color":"","overlay-opacity":"","overlay-gradient":""}},"footnotes":""},"product-category":[89],"product-tag":[],"class_list":["post-2841","product","type-product","status-publish","format-standard","has-post-thumbnail","hentry","product-category-charging-adapter"],"acf":[],"_links":{"self":[{"href":"https:\/\/www.mekeltech.com\/pt\/wp-json\/wp\/v2\/product\/2841","targetHints":{"allow":["GET"]}}],"collection":[{"href":"https:\/\/www.mekeltech.com\/pt\/wp-json\/wp\/v2\/product"}],"about":[{"href":"https:\/\/www.mekeltech.com\/pt\/wp-json\/wp\/v2\/types\/product"}],"author":[{"embeddable":true,"href":"https:\/\/www.mekeltech.com\/pt\/wp-json\/wp\/v2\/users\/1"}],"version-history":[{"count":11,"href":"https:\/\/www.mekeltech.com\/pt\/wp-json\/wp\/v2\/product\/2841\/revisions"}],"predecessor-version":[{"id":7090,"href":"https:\/\/www.mekeltech.com\/pt\/wp-json\/wp\/v2\/product\/2841\/revisions\/7090"}],"wp:featuredmedia":[{"embeddable":true,"href":"https:\/\/www.mekeltech.com\/pt\/wp-json\/wp\/v2\/media\/3338"}],"wp:attachment":[{"href":"https:\/\/www.mekeltech.com\/pt\/wp-json\/wp\/v2\/media?parent=2841"}],"wp:term":[{"taxonomy":"product-category","embeddable":true,"href":"https:\/\/www.mekeltech.com\/pt\/wp-json\/wp\/v2\/product-category?post=2841"},{"taxonomy":"product-tag","embeddable":true,"href":"https:\/\/www.mekeltech.com\/pt\/wp-json\/wp\/v2\/product-tag?post=2841"}],"curies":[{"name":"wp","href":"https:\/\/api.w.org\/{rel}","templated":true}]}}