{"id":2701,"date":"2025-05-09T18:42:39","date_gmt":"2025-05-09T10:42:39","guid":{"rendered":"https:\/\/mekeltech.com\/?post_type=product&#038;p=2701"},"modified":"2025-08-25T15:56:13","modified_gmt":"2025-08-25T07:56:13","slug":"pillar-stand","status":"publish","type":"product","link":"https:\/\/www.mekeltech.com\/pt\/product\/pillar-stand\/","title":{"rendered":"Suporte para pilar"},"content":{"rendered":"<div data-elementor-type=\"wp-post\" data-elementor-id=\"2701\" class=\"elementor elementor-2701\" data-elementor-post-type=\"product\">\n\t\t\t\t<div class=\"elementor-element elementor-element-3c28ffb e-flex e-con-boxed e-con e-parent\" data-id=\"3c28ffb\" data-element_type=\"container\">\n\t\t\t\t\t<div class=\"e-con-inner\">\n\t\t\t\t<div class=\"elementor-element elementor-element-23a2c62 elementor-widget elementor-widget-heading\" data-id=\"23a2c62\" data-element_type=\"widget\" data-widget_type=\"heading.default\">\n\t\t\t\t<div class=\"elementor-widget-container\">\n\t\t\t\t\t<h2 class=\"elementor-heading-title elementor-size-default\">Introdu\u00e7\u00e3o ao suporte de pilar<\/h2>\t\t\t\t<\/div>\n\t\t\t\t<\/div>\n\t\t\t\t<div class=\"elementor-element elementor-element-49a6f33 elementor-widget elementor-widget-text-editor\" data-id=\"49a6f33\" data-element_type=\"widget\" data-widget_type=\"text-editor.default\">\n\t\t\t\t<div class=\"elementor-widget-container\">\n\t\t\t\t\t\t\t\t\t<p>Oferecemos suportes de pilares montados no ch\u00e3o que proporcionam uma base segura para a instala\u00e7\u00e3o de esta\u00e7\u00f5es de carregamento de ve\u00edculos el\u00e9ctricos em qualquer ambiente. Sem complica\u00e7\u00f5es de instala\u00e7\u00e3o, os suportes s\u00e3o fabricados com materiais refor\u00e7ados de primeira qualidade para proporcionar uma estabilidade e durabilidade \u00f3ptimas. S\u00e3o fornecidos com uma constru\u00e7\u00e3o \u00e0 prova de intemp\u00e9ries com acabamento revestido a p\u00f3 anti-corros\u00e3o, garantindo resist\u00eancia em condi\u00e7\u00f5es exteriores adversas. O design da calha oculta permite uma cablagem interna segura e organizada.<\/p>\n<p>Quer seja para garagens, parques de estacionamento ou \u00e1reas de carregamento p\u00fablicas, os nossos suportes de pilares fornecem solu\u00e7\u00f5es fi\u00e1veis e vers\u00e1teis para apoiar a instala\u00e7\u00e3o de infra-estruturas de carregamento de ve\u00edculos el\u00e9ctricos.<\/p>\t\t\t\t\t\t\t\t<\/div>\n\t\t\t\t<\/div>\n\t\t\t\t<div class=\"elementor-element elementor-element-6318802 elementor-widget elementor-widget-heading\" data-id=\"6318802\" data-element_type=\"widget\" data-widget_type=\"heading.default\">\n\t\t\t\t<div class=\"elementor-widget-container\">\n\t\t\t\t\t<h2 class=\"elementor-heading-title elementor-size-default\">Porqu\u00ea escolher o suporte de pilar da Mekel para instala\u00e7\u00e3o<\/h2>\t\t\t\t<\/div>\n\t\t\t\t<\/div>\n\t\t\t\t<div class=\"elementor-element elementor-element-b447c2c elementor-widget elementor-widget-heading\" data-id=\"b447c2c\" data-element_type=\"widget\" data-widget_type=\"heading.default\">\n\t\t\t\t<div class=\"elementor-widget-container\">\n\t\t\t\t\t<h3 class=\"elementor-heading-title elementor-size-default\">Durabilidade excecional e resist\u00eancia \u00e0s intemp\u00e9ries<\/h3>\t\t\t\t<\/div>\n\t\t\t\t<\/div>\n\t\t\t\t<div class=\"elementor-element elementor-element-c72225d elementor-widget elementor-widget-text-editor\" data-id=\"c72225d\" data-element_type=\"widget\" data-widget_type=\"text-editor.default\">\n\t\t\t\t<div class=\"elementor-widget-container\">\n\t\t\t\t\t\t\t\t\t<p>Fabricado em a\u00e7o revestido a p\u00f3 ou em alum\u00ednio de qualidade aeroespacial, o nosso suporte de pilar foi concebido para resistir a condi\u00e7\u00f5es exteriores adversas, incluindo chuva\/neve e exposi\u00e7\u00e3o aos raios UV. Isto traduz-se em anos de desempenho fi\u00e1vel e sem manuten\u00e7\u00e3o, mantendo a sua infraestrutura de carregamento fi\u00e1vel e com bom desempenho em qualquer clima.<\/p>\t\t\t\t\t\t\t\t<\/div>\n\t\t\t\t<\/div>\n\t\t\t\t<div class=\"elementor-element elementor-element-9473831 elementor-widget elementor-widget-heading\" data-id=\"9473831\" data-element_type=\"widget\" data-widget_type=\"heading.default\">\n\t\t\t\t<div class=\"elementor-widget-container\">\n\t\t\t\t\t<h3 class=\"elementor-heading-title elementor-size-default\">Design flex\u00edvel e preparado para o futuro<\/h3>\t\t\t\t<\/div>\n\t\t\t\t<\/div>\n\t\t\t\t<div class=\"elementor-element elementor-element-4350366 elementor-widget elementor-widget-text-editor\" data-id=\"4350366\" data-element_type=\"widget\" data-widget_type=\"text-editor.default\">\n\t\t\t\t<div class=\"elementor-widget-container\">\n\t\t\t\t\t\t\t\t\t<p>Com suportes de montagem universais e padr\u00f5es de parafusos ajust\u00e1veis, os nossos suportes de pilar acomodam uma grande variedade de esta\u00e7\u00f5es de carregamento CA e CC, tornando-os compat\u00edveis com dispositivos de carregamento actuais e futuros. A sua constru\u00e7\u00e3o modular permite que os cabos e fios sejam trocados ou actualizados sem desmontar todo o pedestal, poupando-lhe tempo e custos.<\/p>\t\t\t\t\t\t\t\t<\/div>\n\t\t\t\t<\/div>\n\t\t\t\t<div class=\"elementor-element elementor-element-d1aca09 elementor-widget elementor-widget-heading\" data-id=\"d1aca09\" data-element_type=\"widget\" data-widget_type=\"heading.default\">\n\t\t\t\t<div class=\"elementor-widget-container\">\n\t\t\t\t\t<h3 class=\"elementor-heading-title elementor-size-default\">Personaliza\u00e7\u00e3o de especifica\u00e7\u00f5es e materiais<\/h3>\t\t\t\t<\/div>\n\t\t\t\t<\/div>\n\t\t\t\t<div class=\"elementor-element elementor-element-91aed74 elementor-widget elementor-widget-text-editor\" data-id=\"91aed74\" data-element_type=\"widget\" data-widget_type=\"text-editor.default\">\n\t\t\t\t<div class=\"elementor-widget-container\">\n\t\t\t\t\t\t\t\t\t<p>Oferecemos uma personaliza\u00e7\u00e3o alargada para satisfazer diversas necessidades de instala\u00e7\u00e3o e de marca. Isto inclui materiais personalizados, especifica\u00e7\u00f5es t\u00e9cnicas, acabamentos a cores e log\u00f3tipo da marca. O nosso objetivo \u00e9 facilitar a instala\u00e7\u00e3o dos seus dispositivos de carregamento e ajudar a promover a imagem da sua marca.<\/p>\t\t\t\t\t\t\t\t<\/div>\n\t\t\t\t<\/div>\n\t\t\t\t<div class=\"elementor-element elementor-element-bf8bf96 elementor-widget elementor-widget-heading\" data-id=\"bf8bf96\" data-element_type=\"widget\" data-widget_type=\"heading.default\">\n\t\t\t\t<div class=\"elementor-widget-container\">\n\t\t\t\t\t<h2 class=\"elementor-heading-title elementor-size-default\">Carater\u00edsticas do suporte para colunas<\/h2>\t\t\t\t<\/div>\n\t\t\t\t<\/div>\n\t\t\t\t<div class=\"elementor-element elementor-element-bde2b74 elementor-widget elementor-widget-text-editor\" data-id=\"bde2b74\" data-element_type=\"widget\" data-widget_type=\"text-editor.default\">\n\t\t\t\t<div class=\"elementor-widget-container\">\n\t\t\t\t\t\t\t\t\t<ul>\n<li>Materiais duradouros<\/li>\n<li>Amigo do instalador<\/li>\n<li>Op\u00e7\u00f5es de personaliza\u00e7\u00e3o<\/li>\n<li>Apoio ao cliente<\/li>\n<\/ul>\t\t\t\t\t\t\t\t<\/div>\n\t\t\t\t<\/div>\n\t\t\t\t\t<\/div>\n\t\t\t\t<\/div>\n\t\t\t\t<\/div>","protected":false},"excerpt":{"rendered":"<p>Introdu\u00e7\u00e3o ao suporte de pilar Oferecemos suportes de pilar montados no ch\u00e3o que proporcionam uma base segura para a instala\u00e7\u00e3o de esta\u00e7\u00f5es de carregamento de VE em qualquer ambiente. Sem complica\u00e7\u00f5es de instala\u00e7\u00e3o, os suportes s\u00e3o fabricados com materiais refor\u00e7ados de primeira qualidade para proporcionar uma estabilidade e durabilidade \u00f3ptimas. S\u00e3o fornecidos com uma constru\u00e7\u00e3o \u00e0 prova de intemp\u00e9ries com acabamento revestido a p\u00f3 anti-corros\u00e3o, garantindo resist\u00eancia em condi\u00e7\u00f5es adversas [...]<\/p>","protected":false},"author":1,"featured_media":2874,"menu_order":0,"template":"","format":"standard","meta":{"_acf_changed":false,"site-sidebar-layout":"default","site-content-layout":"","ast-site-content-layout":"default","site-content-style":"default","site-sidebar-style":"default","ast-global-header-display":"","ast-banner-title-visibility":"","ast-main-header-display":"","ast-hfb-above-header-display":"","ast-hfb-below-header-display":"","ast-hfb-mobile-header-display":"","site-post-title":"","ast-breadcrumbs-content":"","ast-featured-img":"","footer-sml-layout":"","ast-disable-related-posts":"","theme-transparent-header-meta":"","adv-header-id-meta":"","stick-header-meta":"","header-above-stick-meta":"","header-main-stick-meta":"","header-below-stick-meta":"","astra-migrate-meta-layouts":"set","ast-page-background-enabled":"default","ast-page-background-meta":{"desktop":{"background-color":"","background-image":"","background-repeat":"repeat","background-position":"center center","background-size":"auto","background-attachment":"scroll","background-type":"","background-media":"","overlay-type":"","overlay-color":"","overlay-opacity":"","overlay-gradient":""},"tablet":{"background-color":"","background-image":"","background-repeat":"repeat","background-position":"center center","background-size":"auto","background-attachment":"scroll","background-type":"","background-media":"","overlay-type":"","overlay-color":"","overlay-opacity":"","overlay-gradient":""},"mobile":{"background-color":"","background-image":"","background-repeat":"repeat","background-position":"center center","background-size":"auto","background-attachment":"scroll","background-type":"","background-media":"","overlay-type":"","overlay-color":"","overlay-opacity":"","overlay-gradient":""}},"ast-content-background-meta":{"desktop":{"background-color":"var(--ast-global-color-5)","background-image":"","background-repeat":"repeat","background-position":"center center","background-size":"auto","background-attachment":"scroll","background-type":"","background-media":"","overlay-type":"","overlay-color":"","overlay-opacity":"","overlay-gradient":""},"tablet":{"background-color":"var(--ast-global-color-5)","background-image":"","background-repeat":"repeat","background-position":"center center","background-size":"auto","background-attachment":"scroll","background-type":"","background-media":"","overlay-type":"","overlay-color":"","overlay-opacity":"","overlay-gradient":""},"mobile":{"background-color":"var(--ast-global-color-5)","background-image":"","background-repeat":"repeat","background-position":"center center","background-size":"auto","background-attachment":"scroll","background-type":"","background-media":"","overlay-type":"","overlay-color":"","overlay-opacity":"","overlay-gradient":""}},"footnotes":""},"product-category":[102],"product-tag":[],"class_list":["post-2701","product","type-product","status-publish","format-standard","has-post-thumbnail","hentry","product-category-pillar-stand"],"acf":[],"_links":{"self":[{"href":"https:\/\/www.mekeltech.com\/pt\/wp-json\/wp\/v2\/product\/2701","targetHints":{"allow":["GET"]}}],"collection":[{"href":"https:\/\/www.mekeltech.com\/pt\/wp-json\/wp\/v2\/product"}],"about":[{"href":"https:\/\/www.mekeltech.com\/pt\/wp-json\/wp\/v2\/types\/product"}],"author":[{"embeddable":true,"href":"https:\/\/www.mekeltech.com\/pt\/wp-json\/wp\/v2\/users\/1"}],"version-history":[{"count":14,"href":"https:\/\/www.mekeltech.com\/pt\/wp-json\/wp\/v2\/product\/2701\/revisions"}],"predecessor-version":[{"id":6997,"href":"https:\/\/www.mekeltech.com\/pt\/wp-json\/wp\/v2\/product\/2701\/revisions\/6997"}],"wp:featuredmedia":[{"embeddable":true,"href":"https:\/\/www.mekeltech.com\/pt\/wp-json\/wp\/v2\/media\/2874"}],"wp:attachment":[{"href":"https:\/\/www.mekeltech.com\/pt\/wp-json\/wp\/v2\/media?parent=2701"}],"wp:term":[{"taxonomy":"product-category","embeddable":true,"href":"https:\/\/www.mekeltech.com\/pt\/wp-json\/wp\/v2\/product-category?post=2701"},{"taxonomy":"product-tag","embeddable":true,"href":"https:\/\/www.mekeltech.com\/pt\/wp-json\/wp\/v2\/product-tag?post=2701"}],"curies":[{"name":"wp","href":"https:\/\/api.w.org\/{rel}","templated":true}]}}