{"id":2424,"date":"2025-05-05T06:56:13","date_gmt":"2025-05-05T06:56:13","guid":{"rendered":"https:\/\/mekeltech.com\/?post_type=product&#038;p=2424"},"modified":"2025-08-07T12:19:23","modified_gmt":"2025-08-07T04:19:23","slug":"ccs2-to-gbt-dc-ev-charging-adapter","status":"publish","type":"product","link":"https:\/\/www.mekeltech.com\/pt\/product\/ccs2-to-gbt-dc-ev-charging-adapter\/","title":{"rendered":"Adaptador de carregamento de ve\u00edculos el\u00e9ctricos CCS2 para GBT DC"},"content":{"rendered":"<div data-elementor-type=\"wp-post\" data-elementor-id=\"2424\" class=\"elementor elementor-2424\" data-elementor-post-type=\"product\">\n\t\t\t\t<div class=\"elementor-element elementor-element-1ed46942 e-flex e-con-boxed e-con e-parent\" data-id=\"1ed46942\" data-element_type=\"container\">\n\t\t\t\t\t<div class=\"e-con-inner\">\n\t\t\t\t<div class=\"elementor-element elementor-element-f17077f elementor-widget elementor-widget-text-editor\" data-id=\"f17077f\" data-element_type=\"widget\" data-widget_type=\"text-editor.default\">\n\t\t\t\t<div class=\"elementor-widget-container\">\n\t\t\t\t\t\t\t\t\t\n<p>Fi\u00e1veis e f\u00e1ceis de utilizar, os adaptadores de carregamento CCS2 para GBT DC EV permitem que os ve\u00edculos com porta de padr\u00e3o chin\u00eas (GBT) carreguem rapidamente utilizando carregadores DC de padr\u00e3o europeu (CCS2). O produto tem um design compacto para facilitar a arruma\u00e7\u00e3o e \u00e9 plug-and-play sem necessidade de configura\u00e7\u00f5es adicionais. \u00c9 fornecido com resist\u00eancia \u00e0 \u00e1gua IP54 e resist\u00eancia \u00e0 temperatura de -30\u00b0C a +50\u00b0C para seguran\u00e7a e durabilidade em que pode confiar.<\/p>\n\n<h2 class=\"wp-block-heading has-medium-font-size\"><strong>Uma solu\u00e7\u00e3o para cada padr\u00e3o de carregamento<\/strong><\/h2>\n\n<p>Our EV charging adapter lineup provides conversion solutions for every charging standard across\u00a0the world, including conversions between\u00a0American\u00a0Type 1, Tesla\u00a0NACS, European\u00a0Type 2, Chinese\u00a0GBT, and Japanese\u00a0Chademo\u00a0charging ports. \u00a0Speak with us to find out about the perfect adaptor products for your respective markets<\/p>\n\n<h2 class=\"wp-block-heading has-medium-font-size\"><strong>Qualidade de constru\u00e7\u00e3o superior<\/strong><\/h2>\n\n<p>Our adapters are made with high-strength thermoplastic\u00a0shell that provide great durability and silver-plated\u00a0copper alloy that delivers top-class conductivity, which will help drive your customers\u2019\u00a0satisfaction<\/p>\n\n<h2 class=\"wp-block-heading has-medium-font-size\"><strong>F\u00e1cil de utilizar e de viajar<\/strong><\/h2>\n\n<p>Our adapters boast compact designs without compromising functionality. It supports high speed AC or DC charging, all while fits comfortably\u00a0inside a glovebox. Simply fit onto the charging gun and plug into vehicle\u2019s charging port fora seamless\u00a0charging experience<\/p>\n\n<h2 class=\"wp-block-heading has-medium-font-size\"><strong>Produto Alto<\/strong><strong>luz<\/strong><\/h2>\n\n<ul class=\"wp-block-list\">\n<li>Todos os padr\u00f5es de carregamento<\/li>\n\n<li>Materiais Premium<\/li>\n\n<li>Prote\u00e7\u00e3o contra as intemp\u00e9ries<\/li>\n\n<li>Prontid\u00e3o da produ\u00e7\u00e3o<\/li>\n\n<li>Entrega r\u00e1pida<\/li>\n<\/ul>\n\n<h2 class=\"wp-block-heading has-medium-font-size\"><strong><strong>Product Specifications<\/strong><\/strong><\/h2>\n\n<figure class=\"wp-block-table\">\n<table class=\"has-fixed-layout\">\n<tbody>\n<tr>\n<td><strong>Nome do produto<\/strong><\/td>\n<td><strong>Adaptador de carregamento CCS2 para GBT<\/strong><\/td>\n<\/tr>\n<tr>\n<td><strong>Corrente nominal<\/strong><\/td>\n<td><strong>M\u00e1ximo 250A<\/strong><\/td>\n<\/tr>\n<tr>\n<td><strong>Tens\u00e3o nominal <\/strong><\/td>\n<td><strong>M\u00e1ximo 1000V DC<\/strong><\/td>\n<\/tr>\n<tr>\n<td><strong>Resist\u00eancia \u00e0 \u00e1gua <\/strong><\/td>\n<td><strong>IP54 (quando ligado \u00e0 tomada)<\/strong><\/td>\n<\/tr>\n<tr>\n<td><strong>Concha exterior <\/strong><\/td>\n<td><strong>Termopl\u00e1stico<\/strong><strong>\uff08TBC\uff09<\/strong><\/td>\n<\/tr>\n<tr>\n<td><strong>Pino condutor<\/strong><\/td>\n<td><strong>Liga de cobre, banhada a prata<\/strong><\/td>\n<\/tr>\n<tr>\n<td><strong>Temperatura de funcionamento <\/strong><\/td>\n<td><strong>-30\u00b0C a +50\u00b0C<\/strong><\/td>\n<\/tr>\n<tr>\n<td><strong>Peso l\u00edquido<\/strong><\/td>\n<td><strong>1,6 kg<\/strong><\/td>\n<\/tr>\n<tr>\n<td><strong>Dimens\u00f5es<\/strong><\/td>\n<td><strong>294*95*145mm<\/strong><\/td>\n<\/tr>\n<\/tbody>\n<\/table>\n<\/figure>\n\n<h2 class=\"wp-block-heading has-medium-font-size\"><strong>FAQ<\/strong><\/h2>\n\n<p class=\"has-medium-font-size\"><strong>Q: What is the function of an EV charging adapter?<\/strong><\/p>\n\n<p>Um adaptador de carregamento de ve\u00edculos el\u00e9ctricos permite que um ve\u00edculo utilize uma esta\u00e7\u00e3o de carregamento com uma norma de carregamento diferente. Por exemplo, um carro importado da China que tenha uma porta de carregamento do tipo GBT pode carregar com a ficha Tipo 2 da Europa, utilizando um adaptador Tipo 2 para GBT.<\/p>\n\n<p><strong class=\"\">Q: Will this CCS2 to GBT DC EV charging adapter charge slower than the original one?<\/strong><\/p>\n\n<p>R: Este produto utiliza condutores de liga de cobre banhados a prata (resist\u00eancia &lt; 0,2m\u03a9), perda de pot\u00eancia &lt; 0,3% e a efici\u00eancia de carregamento \u00e9 equivalente a pilhas de carregamento direto.<\/p>\n\n<p><strong class=\"\">Q: What safety certifications has this CCS2 to GBT DC EV charging adapter passed?<\/strong><\/p>\n\n<p>R: Possui certifica\u00e7\u00e3o CE\/ROHS, e os componentes principais passaram o teste de resist\u00eancia ao p\u00f3 e \u00e0 \u00e1gua ISO 20653 e a certifica\u00e7\u00e3o retardadora de chama UL94 V-0.<\/p>\n\n<p><strong class=\"\">Q: How much power does this CCS2 to GBT EV charging adapter support for fast charging?<\/strong><\/p>\n\n<p>R: Este produto suporta um carregamento r\u00e1pido at\u00e9 250A\/1000V DC (250kW), satisfazendo as necessidades de carregamento a velocidades extremas dos modelos mais comuns.<\/p>\n\n<p><strong class=\"\">Q: Can this CCS2 to GBT DC EV charging adapter be used normally in a low-temperature environment of -20\u2103?<\/strong><\/p>\n\n<p>R: Sim, este <strong class=\"\">Adaptador de carregamento para ve\u00edculos el\u00e9ctricos<\/strong> passou o teste de frio extremo de -30\u2103, e o sensor de temperatura incorporado \u00e9 utilizado para monitoriza\u00e7\u00e3o em tempo real para garantir um funcionamento seguro em toda a gama de temperaturas de -30\u00b0C a 50\u00b0C.<\/p>\n\t\t\t\t\t\t\t\t<\/div>\n\t\t\t\t<\/div>\n\t\t\t\t\t<\/div>\n\t\t\t\t<\/div>\n\t\t\t\t<\/div>","protected":false},"excerpt":{"rendered":"<p>Reliable and easy to use, the CCS2 to GBT DC EV charging adapters allow vehicles with Chinese standard port (GBT) to fast charge using European standard DC chargers (CCS2). The product has a compact\u00a0design for easy storage and is plug-and-play without needing additional setups. Comes with IP54 water resistance and temperature endurance of -30\u00b0C to [&hellip;]<\/p>","protected":false},"author":1,"featured_media":3496,"menu_order":15,"template":"","format":"standard","meta":{"_acf_changed":false,"site-sidebar-layout":"default","site-content-layout":"","ast-site-content-layout":"default","site-content-style":"default","site-sidebar-style":"default","ast-global-header-display":"","ast-banner-title-visibility":"","ast-main-header-display":"","ast-hfb-above-header-display":"","ast-hfb-below-header-display":"","ast-hfb-mobile-header-display":"","site-post-title":"","ast-breadcrumbs-content":"","ast-featured-img":"","footer-sml-layout":"","ast-disable-related-posts":"","theme-transparent-header-meta":"","adv-header-id-meta":"","stick-header-meta":"","header-above-stick-meta":"","header-main-stick-meta":"","header-below-stick-meta":"","astra-migrate-meta-layouts":"set","ast-page-background-enabled":"default","ast-page-background-meta":{"desktop":{"background-color":"","background-image":"","background-repeat":"repeat","background-position":"center center","background-size":"auto","background-attachment":"scroll","background-type":"","background-media":"","overlay-type":"","overlay-color":"","overlay-opacity":"","overlay-gradient":""},"tablet":{"background-color":"","background-image":"","background-repeat":"repeat","background-position":"center center","background-size":"auto","background-attachment":"scroll","background-type":"","background-media":"","overlay-type":"","overlay-color":"","overlay-opacity":"","overlay-gradient":""},"mobile":{"background-color":"","background-image":"","background-repeat":"repeat","background-position":"center center","background-size":"auto","background-attachment":"scroll","background-type":"","background-media":"","overlay-type":"","overlay-color":"","overlay-opacity":"","overlay-gradient":""}},"ast-content-background-meta":{"desktop":{"background-color":"var(--ast-global-color-5)","background-image":"","background-repeat":"repeat","background-position":"center center","background-size":"auto","background-attachment":"scroll","background-type":"","background-media":"","overlay-type":"","overlay-color":"","overlay-opacity":"","overlay-gradient":""},"tablet":{"background-color":"var(--ast-global-color-5)","background-image":"","background-repeat":"repeat","background-position":"center center","background-size":"auto","background-attachment":"scroll","background-type":"","background-media":"","overlay-type":"","overlay-color":"","overlay-opacity":"","overlay-gradient":""},"mobile":{"background-color":"var(--ast-global-color-5)","background-image":"","background-repeat":"repeat","background-position":"center center","background-size":"auto","background-attachment":"scroll","background-type":"","background-media":"","overlay-type":"","overlay-color":"","overlay-opacity":"","overlay-gradient":""}},"footnotes":""},"product-category":[89],"product-tag":[],"class_list":["post-2424","product","type-product","status-publish","format-standard","has-post-thumbnail","hentry","product-category-charging-adapter"],"acf":[],"_links":{"self":[{"href":"https:\/\/www.mekeltech.com\/pt\/wp-json\/wp\/v2\/product\/2424","targetHints":{"allow":["GET"]}}],"collection":[{"href":"https:\/\/www.mekeltech.com\/pt\/wp-json\/wp\/v2\/product"}],"about":[{"href":"https:\/\/www.mekeltech.com\/pt\/wp-json\/wp\/v2\/types\/product"}],"author":[{"embeddable":true,"href":"https:\/\/www.mekeltech.com\/pt\/wp-json\/wp\/v2\/users\/1"}],"version-history":[{"count":9,"href":"https:\/\/www.mekeltech.com\/pt\/wp-json\/wp\/v2\/product\/2424\/revisions"}],"predecessor-version":[{"id":5823,"href":"https:\/\/www.mekeltech.com\/pt\/wp-json\/wp\/v2\/product\/2424\/revisions\/5823"}],"wp:featuredmedia":[{"embeddable":true,"href":"https:\/\/www.mekeltech.com\/pt\/wp-json\/wp\/v2\/media\/3496"}],"wp:attachment":[{"href":"https:\/\/www.mekeltech.com\/pt\/wp-json\/wp\/v2\/media?parent=2424"}],"wp:term":[{"taxonomy":"product-category","embeddable":true,"href":"https:\/\/www.mekeltech.com\/pt\/wp-json\/wp\/v2\/product-category?post=2424"},{"taxonomy":"product-tag","embeddable":true,"href":"https:\/\/www.mekeltech.com\/pt\/wp-json\/wp\/v2\/product-tag?post=2424"}],"curies":[{"name":"wp","href":"https:\/\/api.w.org\/{rel}","templated":true}]}}