{"id":2278,"date":"2025-05-11T06:36:48","date_gmt":"2025-05-11T06:36:48","guid":{"rendered":"https:\/\/mekeltech.com\/?post_type=product&#038;p=2278"},"modified":"2025-09-05T10:38:57","modified_gmt":"2025-09-05T02:38:57","slug":"v2l-with-digital-display","status":"publish","type":"product","link":"https:\/\/www.mekeltech.com\/pt\/product\/v2l-with-digital-display\/","title":{"rendered":"V2L com ecr\u00e3 digital"},"content":{"rendered":"<div data-elementor-type=\"wp-post\" data-elementor-id=\"2278\" class=\"elementor elementor-2278\" data-elementor-post-type=\"product\">\n\t\t\t\t<div class=\"elementor-element elementor-element-73c0587a e-flex e-con-boxed e-con e-parent\" data-id=\"73c0587a\" data-element_type=\"container\">\n\t\t\t\t\t<div class=\"e-con-inner\">\n\t\t\t\t<div class=\"elementor-element elementor-element-96a467c elementor-widget elementor-widget-heading\" data-id=\"96a467c\" data-element_type=\"widget\" data-widget_type=\"heading.default\">\n\t\t\t\t<div class=\"elementor-widget-container\">\n\t\t\t\t\t<h2 class=\"elementor-heading-title elementor-size-default\">Padr\u00e3o para V2L com ecr\u00e3 digital<\/h2>\t\t\t\t<\/div>\n\t\t\t\t<\/div>\n\t\t\t\t<div class=\"elementor-element elementor-element-2d41dae elementor-widget elementor-widget-text-editor\" data-id=\"2d41dae\" data-element_type=\"widget\" data-widget_type=\"text-editor.default\">\n\t\t\t\t<div class=\"elementor-widget-container\">\n\t\t\t\t\t\t\t\t\t<ul class=\"wp-block-list\">\n<li>Pot\u00eancia de sa\u00edda: At\u00e9 3,6 kW (1 fase, 16 amperes)<\/li>\n<!-- \/wp:list-item --><!-- wp:list-item -->\n<li>Tipo de conetor: Tipo 2<\/li>\n<!-- \/wp:list-item --><!-- wp:list-item -->\n<li>Tipo de tomada: Schuko, UK 3 Pinos, Tomada m\u00faltipla<\/li>\n<!-- \/wp:list-item --><!-- wp:list-item -->\n<li>Op\u00e7\u00e3o de cabo: Dispon\u00edvel em op\u00e7\u00f5es de 3m, 5m e 10m<\/li>\n<!-- \/wp:list-item --><!-- wp:list-item -->\n<li>Ve\u00edculos compat\u00edveis: Hyundai Ioniq 5, Kia EV6, MG ZS EV, BYD Atto 3, Genesis GV60\/GV70 e outros VEs compat\u00edveis com V2L<\/li>\n<!-- \/wp:list-item --><!-- wp:list-item -->\n<li>Certifica\u00e7\u00f5es: CE<\/li>\n<\/ul>\t\t\t\t\t\t\t\t<\/div>\n\t\t\t\t<\/div>\n\t\t\t\t<div class=\"elementor-element elementor-element-ccbf9c6 elementor-widget elementor-widget-text-editor\" data-id=\"ccbf9c6\" data-element_type=\"widget\" data-widget_type=\"text-editor.default\">\n\t\t\t\t<div class=\"elementor-widget-container\">\n\t\t\t\t\t\t\t\t\t<p>O adaptador V2L (Vehicle-to-Load) da Mekel com visor digital transforma os VEs (Ve\u00edculos El\u00e9ctricos) numa fonte de energia vers\u00e1til, permitindo aos utilizadores utilizar a bateria do VE para alimentar dispositivos externos. Concebido para uma integra\u00e7\u00e3o perfeita com VEs com capacidade V2L, este adaptador suporta uma s\u00e9rie de aplica\u00e7\u00f5es, desde acampamentos e aventuras ao ar livre at\u00e9 \u00e0 energia de reserva de emerg\u00eancia durante falhas. Com carater\u00edsticas de seguran\u00e7a robustas e compatibilidade com as principais normas globais, o Mekel V2L com visor digital fornece energia fi\u00e1vel e em movimento, tanto para necessidades pessoais como comerciais.<\/p>\t\t\t\t\t\t\t\t<\/div>\n\t\t\t\t<\/div>\n\t\t\t\t<div class=\"elementor-element elementor-element-ab3761a elementor-widget elementor-widget-heading\" data-id=\"ab3761a\" data-element_type=\"widget\" data-widget_type=\"heading.default\">\n\t\t\t\t<div class=\"elementor-widget-container\">\n\t\t\t\t\t<h2 class=\"elementor-heading-title elementor-size-default\">O que \u00e9 o V2L com ecr\u00e3 digital? <\/h2>\t\t\t\t<\/div>\n\t\t\t\t<\/div>\n\t\t\t\t<div class=\"elementor-element elementor-element-b179d57 elementor-widget elementor-widget-text-editor\" data-id=\"b179d57\" data-element_type=\"widget\" data-widget_type=\"text-editor.default\">\n\t\t\t\t<div class=\"elementor-widget-container\">\n\t\t\t\t\t\t\t\t\t<p>Um V2L com ecr\u00e3 digital \u00e9 um dispositivo especializado que se liga \u00e0 porta de carregamento de um ve\u00edculo el\u00e9trico, permitindo que a bateria de alta capacidade do ve\u00edculo forne\u00e7a energia CA a dispositivos externos. Os ve\u00edculos que suportam V2L convertem a corrente cont\u00ednua (CC) da bateria em corrente alternada (CA) a bordo e fornecem CA atrav\u00e9s do V2L com ecr\u00e3 digital. Permite aos utilizadores alimentar aparelhos de uso intensivo como fog\u00f5es el\u00e9ctricos, computadores port\u00e1teis, ferramentas el\u00e9ctricas ou mesmo carregar outro EV. Ideal para locais remotos, campismo ou cen\u00e1rios de emerg\u00eancia, o V2L com Visor Digital liberta o potencial inexplorado da bateria do seu VE, transformando-o num banco de energia m\u00f3vel.<\/p>\t\t\t\t\t\t\t\t<\/div>\n\t\t\t\t<\/div>\n\t\t\t\t<div class=\"elementor-element elementor-element-6c75e56 elementor-widget elementor-widget-heading\" data-id=\"6c75e56\" data-element_type=\"widget\" data-widget_type=\"heading.default\">\n\t\t\t\t<div class=\"elementor-widget-container\">\n\t\t\t\t\t<h2 class=\"elementor-heading-title elementor-size-default\">Como funciona o V2L com ecr\u00e3 digital?<\/h2>\t\t\t\t<\/div>\n\t\t\t\t<\/div>\n\t\t\t\t<div class=\"elementor-element elementor-element-d5500ed elementor-widget elementor-widget-text-editor\" data-id=\"d5500ed\" data-element_type=\"widget\" data-widget_type=\"text-editor.default\">\n\t\t\t\t<div class=\"elementor-widget-container\">\n\t\t\t\t\t\t\t\t\t<p>O Mekel V2L com Visor Digital liga-se diretamente \u00e0 porta de carregamento Tipo 2 de um VE compat\u00edvel com V2L. Uma vez ligado, o inversor de bordo do ve\u00edculo converte a energia CC da bateria em energia CA, que \u00e9 ent\u00e3o fornecida atrav\u00e9s da tomada de 230 V do adaptador para o dispositivo ligado. Os utilizadores activam o modo V2L atrav\u00e9s do sistema de infoentretenimento do ve\u00edculo, com limites de descarga personaliz\u00e1veis para preservar a autonomia da bateria durante a condu\u00e7\u00e3o. O adaptador suporta at\u00e9 16A para dispositivos de maior pot\u00eancia, garantindo flexibilidade em v\u00e1rios cen\u00e1rios.<\/p>\t\t\t\t\t\t\t\t<\/div>\n\t\t\t\t<\/div>\n\t\t\t\t<div class=\"elementor-element elementor-element-007ca1e elementor-widget elementor-widget-heading\" data-id=\"007ca1e\" data-element_type=\"widget\" data-widget_type=\"heading.default\">\n\t\t\t\t<div class=\"elementor-widget-container\">\n\t\t\t\t\t<h2 class=\"elementor-heading-title elementor-size-default\">Porqu\u00ea escolher o Mekel V2L com ecr\u00e3 digital?<\/h2>\t\t\t\t<\/div>\n\t\t\t\t<\/div>\n\t\t\t\t<div class=\"elementor-element elementor-element-1715c9e elementor-widget elementor-widget-heading\" data-id=\"1715c9e\" data-element_type=\"widget\" data-widget_type=\"heading.default\">\n\t\t\t\t<div class=\"elementor-widget-container\">\n\t\t\t\t\t<h3 class=\"elementor-heading-title elementor-size-default\">Solu\u00e7\u00e3o de energia vers\u00e1til<\/h3>\t\t\t\t<\/div>\n\t\t\t\t<\/div>\n\t\t\t\t<div class=\"elementor-element elementor-element-3ed9a7e elementor-widget elementor-widget-text-editor\" data-id=\"3ed9a7e\" data-element_type=\"widget\" data-widget_type=\"text-editor.default\">\n\t\t\t\t<div class=\"elementor-widget-container\">\n\t\t\t\t\t\t\t\t\t<p>O Mekel V2L com ecr\u00e3 digital permite que os propriet\u00e1rios de ve\u00edculos el\u00e9ctricos aproveitem a bateria do seu ve\u00edculo para uma vasta gama de aplica\u00e7\u00f5es. Quer seja para alimentar uma m\u00e1quina de caf\u00e9 numa viagem de campismo, para fazer funcionar ferramentas el\u00e9ctricas num local de trabalho remoto ou para manter aparelhos essenciais como frigor\u00edficos a funcionar durante um apag\u00e3o, este adaptador fornece at\u00e9 3,6 kW de energia fi\u00e1vel. O V2L com ecr\u00e3 digital \u00e9 compat\u00edvel com a utiliza\u00e7\u00e3o dom\u00e9stica e comercial, tornando-o um acess\u00f3rio essencial para os propriet\u00e1rios de VE modernos.<\/p>\t\t\t\t\t\t\t\t<\/div>\n\t\t\t\t<\/div>\n\t\t\t\t<div class=\"elementor-element elementor-element-01c21cd elementor-widget elementor-widget-heading\" data-id=\"01c21cd\" data-element_type=\"widget\" data-widget_type=\"heading.default\">\n\t\t\t\t<div class=\"elementor-widget-container\">\n\t\t\t\t\t<h3 class=\"elementor-heading-title elementor-size-default\">Compatibilidade universal<\/h3>\t\t\t\t<\/div>\n\t\t\t\t<\/div>\n\t\t\t\t<div class=\"elementor-element elementor-element-c931501 elementor-widget elementor-widget-text-editor\" data-id=\"c931501\" data-element_type=\"widget\" data-widget_type=\"text-editor.default\">\n\t\t\t\t<div class=\"elementor-widget-container\">\n\t\t\t\t\t\t\t\t\t<p>Concebido com um conetor de tipo 2, o adaptador \u00e9 compat\u00edvel com uma lista crescente de ve\u00edculos el\u00e9ctricos com capacidade V2L, incluindo o Hyundai Ioniq 5, o Kia EV6, o MG ZS EV e o BYD Atto 3. A sua conformidade com as normas globais garante que pode ser utilizado em v\u00e1rios mercados, da Europa \u00e0 Am\u00e9rica do Norte.<\/p>\t\t\t\t\t\t\t\t<\/div>\n\t\t\t\t<\/div>\n\t\t\t\t<div class=\"elementor-element elementor-element-c1c7d79 elementor-widget elementor-widget-heading\" data-id=\"c1c7d79\" data-element_type=\"widget\" data-widget_type=\"heading.default\">\n\t\t\t\t<div class=\"elementor-widget-container\">\n\t\t\t\t\t<h3 class=\"elementor-heading-title elementor-size-default\">Comprimentos de cabo personaliz\u00e1veis para V2L com ecr\u00e3 digital<\/h3>\t\t\t\t<\/div>\n\t\t\t\t<\/div>\n\t\t\t\t<div class=\"elementor-element elementor-element-9eb2fac elementor-widget elementor-widget-text-editor\" data-id=\"9eb2fac\" data-element_type=\"widget\" data-widget_type=\"text-editor.default\">\n\t\t\t\t<div class=\"elementor-widget-container\">\n\t\t\t\t\t\t\t\t\t<p>A variante de cabo com v\u00e1rias tomadas est\u00e1 dispon\u00edvel em comprimentos de 3m, 5m e 10m. O comprimento personaliz\u00e1vel permite que o Mekel V2L com ecr\u00e3 digital se adapte a v\u00e1rios casos de utiliza\u00e7\u00e3o, desde liga\u00e7\u00f5es curtas para utiliza\u00e7\u00e3o dom\u00e9stica at\u00e9 ao alcance alargado para aplica\u00e7\u00f5es exteriores ou comerciais. Os clientes podem selecionar o comprimento que melhor se adapta \u00e0s suas necessidades de conveni\u00eancia e portabilidade.<\/p>\t\t\t\t\t\t\t\t<\/div>\n\t\t\t\t<\/div>\n\t\t\t\t<div class=\"elementor-element elementor-element-0917b6b elementor-widget elementor-widget-heading\" data-id=\"0917b6b\" data-element_type=\"widget\" data-widget_type=\"heading.default\">\n\t\t\t\t<div class=\"elementor-widget-container\">\n\t\t\t\t\t<h3 class=\"elementor-heading-title elementor-size-default\">Vasta gama de modelos orientados para fins espec\u00edficos<\/h3>\t\t\t\t<\/div>\n\t\t\t\t<\/div>\n\t\t\t\t<div class=\"elementor-element elementor-element-1725825 elementor-widget elementor-widget-text-editor\" data-id=\"1725825\" data-element_type=\"widget\" data-widget_type=\"text-editor.default\">\n\t\t\t\t<div class=\"elementor-widget-container\">\n\t\t\t\t\t\t\t\t\t<p>A Mekel fornece v\u00e1rios modelos de V2L com ecr\u00e3 digital, para v\u00e1rias fun\u00e7\u00f5es e or\u00e7amentos. Estes incluem o V2L standard com ecr\u00e3 digital, a variante premium com ecr\u00e3 LCD para carregamento e a variante multi-socket para carregamento de v\u00e1rios aparelhos. Quer os clientes estejam orientados para o or\u00e7amento ou para as fun\u00e7\u00f5es, a Mekel tem a solu\u00e7\u00e3o adequada ao produto para satisfazer os requisitos dos clientes.<\/p>\t\t\t\t\t\t\t\t<\/div>\n\t\t\t\t<\/div>\n\t\t\t\t<div class=\"elementor-element elementor-element-831abff elementor-widget elementor-widget-heading\" data-id=\"831abff\" data-element_type=\"widget\" data-widget_type=\"heading.default\">\n\t\t\t\t<div class=\"elementor-widget-container\">\n\t\t\t\t\t<h3 class=\"elementor-heading-title elementor-size-default\">Solu\u00e7\u00f5es de personaliza\u00e7\u00e3o flex\u00edveis<\/h3>\t\t\t\t<\/div>\n\t\t\t\t<\/div>\n\t\t\t\t<div class=\"elementor-element elementor-element-1818af7 elementor-widget elementor-widget-text-editor\" data-id=\"1818af7\" data-element_type=\"widget\" data-widget_type=\"text-editor.default\">\n\t\t\t\t<div class=\"elementor-widget-container\">\n\t\t\t\t\t\t\t\t\t<p>A personaliza\u00e7\u00e3o da grava\u00e7\u00e3o a laser est\u00e1 dispon\u00edvel, permitindo que os clientes gravem o seu log\u00f3tipo no V2L com visor digital. A Mekel tamb\u00e9m se dedica \u00e0 conce\u00e7\u00e3o e aquisi\u00e7\u00e3o de embalagens personaliz\u00e1veis para apoiar ainda mais os clientes na comunica\u00e7\u00e3o da sua identidade de marca de forma completa aos consumidores finais.<\/p>\t\t\t\t\t\t\t\t<\/div>\n\t\t\t\t<\/div>\n\t\t\t\t<div class=\"elementor-element elementor-element-7edd3bf elementor-widget elementor-widget-heading\" data-id=\"7edd3bf\" data-element_type=\"widget\" data-widget_type=\"heading.default\">\n\t\t\t\t<div class=\"elementor-widget-container\">\n\t\t\t\t\t<h2 class=\"elementor-heading-title elementor-size-default\">Principais carater\u00edsticas do Mekel V2L com ecr\u00e3 digital<\/h2>\t\t\t\t<\/div>\n\t\t\t\t<\/div>\n\t\t\t\t<div class=\"elementor-element elementor-element-2bcd456 elementor-widget elementor-widget-text-editor\" data-id=\"2bcd456\" data-element_type=\"widget\" data-widget_type=\"text-editor.default\">\n\t\t\t\t<div class=\"elementor-widget-container\">\n\t\t\t\t\t\t\t\t\t<ul>\n<li>Sa\u00edda de alta pot\u00eancia at\u00e9 3,6 kW<\/li>\n<li>Conector tipo 2 para compatibilidade EV universal<\/li>\n<li>V\u00e1rias op\u00e7\u00f5es de comprimento de cabo para variantes de tomadas m\u00faltiplas<\/li>\n<li>Op\u00e7\u00f5es de tomadas \u00e0 prova de intemp\u00e9ries para durabilidade no exterior<\/li>\n<li>Suporta uma vasta gama de VEs com capacidade V2L<\/li>\n<li>Design plug-and-play de f\u00e1cil utiliza\u00e7\u00e3o<\/li>\n<\/ul>\t\t\t\t\t\t\t\t<\/div>\n\t\t\t\t<\/div>\n\t\t\t\t<div class=\"elementor-element elementor-element-e9417a1 elementor-widget elementor-widget-heading\" data-id=\"e9417a1\" data-element_type=\"widget\" data-widget_type=\"heading.default\">\n\t\t\t\t<div class=\"elementor-widget-container\">\n\t\t\t\t\t<h2 class=\"elementor-heading-title elementor-size-default\">Testemunhos de clientes sobre o V2L com ecr\u00e3 digital<\/h2>\t\t\t\t<\/div>\n\t\t\t\t<\/div>\n\t\t\t\t<div class=\"elementor-element elementor-element-f33790f elementor-widget elementor-widget-text-editor\" data-id=\"f33790f\" data-element_type=\"widget\" data-widget_type=\"text-editor.default\">\n\t\t\t\t<div class=\"elementor-widget-container\">\n\t\t\t\t\t\t\t\t\t<p>\"O Mekel V2L com ecr\u00e3 digital tem sido um divisor de \u00e1guas para as nossas viagens de campismo em fam\u00edlia. Utiliz\u00e1mo-lo com o nosso Kia EV6 para alimentar um frigor\u00edfico port\u00e1til e luzes de corda, e funcionou perfeitamente. O cabo de 5 metros deu-nos bastante alcance. Recomendo-o vivamente a qualquer pessoa que tenha um ve\u00edculo el\u00e9trico com capacidade V2L!\" - Sarah, entusiasta de actividades ao ar livre<\/p>\t\t\t\t\t\t\t\t<\/div>\n\t\t\t\t<\/div>\n\t\t\t\t<div class=\"elementor-element elementor-element-5cb7097 elementor-widget elementor-widget-heading\" data-id=\"5cb7097\" data-element_type=\"widget\" data-widget_type=\"heading.default\">\n\t\t\t\t<div class=\"elementor-widget-container\">\n\t\t\t\t\t<h2 class=\"elementor-heading-title elementor-size-default\">FAQ<\/h2>\t\t\t\t<\/div>\n\t\t\t\t<\/div>\n\t\t\t\t<div class=\"elementor-element elementor-element-9145808 elementor-widget elementor-widget-n-accordion\" data-id=\"9145808\" data-element_type=\"widget\" data-settings=\"{&quot;default_state&quot;:&quot;expanded&quot;,&quot;max_items_expended&quot;:&quot;one&quot;,&quot;n_accordion_animation_duration&quot;:{&quot;unit&quot;:&quot;ms&quot;,&quot;size&quot;:400,&quot;sizes&quot;:[]}}\" data-widget_type=\"nested-accordion.default\">\n\t\t\t\t<div class=\"elementor-widget-container\">\n\t\t\t\t\t\t\t<div class=\"e-n-accordion\" aria-label=\"Acorde\u00e3o. Abrir liga\u00e7\u00f5es com Enter ou Espa\u00e7o, fechar com Escape e navegar com Setas\">\n\t\t\t\t\t\t<details id=\"e-n-accordion-item-1520\" class=\"e-n-accordion-item\" open>\n\t\t\t\t<summary class=\"e-n-accordion-item-title\" data-accordion-index=\"1\" tabindex=\"0\" aria-expanded=\"true\" aria-controls=\"e-n-accordion-item-1520\" >\n\t\t\t\t\t<span class='e-n-accordion-item-title-header'><div class=\"e-n-accordion-item-title-text\"> Que ve\u00edculos el\u00e9ctricos s\u00e3o compat\u00edveis com o Mekel V2L com visor digital? <\/div><\/span>\n\t\t\t\t\t\t\t<span class='e-n-accordion-item-title-icon'>\n\t\t\t<span class='e-opened' ><svg aria-hidden=\"true\" class=\"e-font-icon-svg e-fas-minus\" viewbox=\"0 0 448 512\" xmlns=\"http:\/\/www.w3.org\/2000\/svg\"><path d=\"M416 208H32c-17.67 0-32 14.33-32 32v32c0 17.67 14.33 32 32 32h384c17.67 0 32-14.33 32-32v-32c0-17.67-14.33-32-32-32z\"><\/path><\/svg><\/span>\n\t\t\t<span class='e-closed'><svg aria-hidden=\"true\" class=\"e-font-icon-svg e-fas-plus\" viewbox=\"0 0 448 512\" xmlns=\"http:\/\/www.w3.org\/2000\/svg\"><path d=\"M416 208H272V64c0-17.67-14.33-32-32-32h-32c-17.67 0-32 14.33-32 32v144H32c-17.67 0-32 14.33-32 32v32c0 17.67 14.33 32 32 32h144v144c0 17.67 14.33 32 32 32h32c17.67 0 32-14.33 32-32V304h144c17.67 0 32-14.33 32-32v-32c0-17.67-14.33-32-32-32z\"><\/path><\/svg><\/span>\n\t\t<\/span>\n\n\t\t\t\t\t\t<\/summary>\n\t\t\t\t<div role=\"region\" aria-labelledby=\"e-n-accordion-item-1520\" class=\"elementor-element elementor-element-88cb4ce e-con-full e-flex e-con e-child\" data-id=\"88cb4ce\" data-element_type=\"container\">\n\t\t\t\t<div class=\"elementor-element elementor-element-aea238c elementor-widget elementor-widget-text-editor\" data-id=\"aea238c\" data-element_type=\"widget\" data-widget_type=\"text-editor.default\">\n\t\t\t\t<div class=\"elementor-widget-container\">\n\t\t\t\t\t\t\t\t\t<p>O adaptador \u00e9 compat\u00edvel com ve\u00edculos el\u00e9ctricos compat\u00edveis com V2L, incluindo o Hyundai Ioniq 5, Kia EV6, MG ZS EV, BYD Atto 3, Genesis GV60\/GV70, entre outros. Os consumidores devem consultar o manual do ve\u00edculo para confirmar o suporte V2L.<\/p>\t\t\t\t\t\t\t\t<\/div>\n\t\t\t\t<\/div>\n\t\t\t\t<\/div>\n\t\t\t\t\t<\/details>\n\t\t\t\t\t\t<details id=\"e-n-accordion-item-1521\" class=\"e-n-accordion-item\" >\n\t\t\t\t<summary class=\"e-n-accordion-item-title\" data-accordion-index=\"2\" tabindex=\"-1\" aria-expanded=\"false\" aria-controls=\"e-n-accordion-item-1521\" >\n\t\t\t\t\t<span class='e-n-accordion-item-title-header'><div class=\"e-n-accordion-item-title-text\"> Que aparelhos podem ser alimentados pelo V2L com ecr\u00e3 digital? <\/div><\/span>\n\t\t\t\t\t\t\t<span class='e-n-accordion-item-title-icon'>\n\t\t\t<span class='e-opened' ><svg aria-hidden=\"true\" class=\"e-font-icon-svg e-fas-minus\" viewbox=\"0 0 448 512\" xmlns=\"http:\/\/www.w3.org\/2000\/svg\"><path d=\"M416 208H32c-17.67 0-32 14.33-32 32v32c0 17.67 14.33 32 32 32h384c17.67 0 32-14.33 32-32v-32c0-17.67-14.33-32-32-32z\"><\/path><\/svg><\/span>\n\t\t\t<span class='e-closed'><svg aria-hidden=\"true\" class=\"e-font-icon-svg e-fas-plus\" viewbox=\"0 0 448 512\" xmlns=\"http:\/\/www.w3.org\/2000\/svg\"><path d=\"M416 208H272V64c0-17.67-14.33-32-32-32h-32c-17.67 0-32 14.33-32 32v144H32c-17.67 0-32 14.33-32 32v32c0 17.67 14.33 32 32 32h144v144c0 17.67 14.33 32 32 32h32c17.67 0 32-14.33 32-32V304h144c17.67 0 32-14.33 32-32v-32c0-17.67-14.33-32-32-32z\"><\/path><\/svg><\/span>\n\t\t<\/span>\n\n\t\t\t\t\t\t<\/summary>\n\t\t\t\t<div role=\"region\" aria-labelledby=\"e-n-accordion-item-1521\" class=\"elementor-element elementor-element-1b6aa00 e-con-full e-flex e-con e-child\" data-id=\"1b6aa00\" data-element_type=\"container\">\n\t\t\t\t<div class=\"elementor-element elementor-element-da0611a elementor-widget elementor-widget-text-editor\" data-id=\"da0611a\" data-element_type=\"widget\" data-widget_type=\"text-editor.default\">\n\t\t\t\t<div class=\"elementor-widget-container\">\n\t\t\t\t\t\t\t\t\t<p>Pode alimentar aparelhos como um forno port\u00e1til e um grelhador durante o campismo, bem como frigor\u00edficos e luzes durante falhas de energia. O limiar superior de pot\u00eancia de sa\u00edda \u00e9 de 3,6kw, o que \u00e9 suficiente para a maioria dos electrodom\u00e9sticos dispon\u00edveis.<\/p>\t\t\t\t\t\t\t\t<\/div>\n\t\t\t\t<\/div>\n\t\t\t\t<\/div>\n\t\t\t\t\t<\/details>\n\t\t\t\t\t<\/div>\n\t\t\t\t\t\t<\/div>\n\t\t\t\t<\/div>\n\t\t\t\t\t<\/div>\n\t\t\t\t<\/div>\n\t\t\t\t<\/div>","protected":false},"excerpt":{"rendered":"<p>Padr\u00e3o para V2L com ecr\u00e3 digital Pot\u00eancia de sa\u00edda: At\u00e9 3,6 kW (1 fase, 16 amperes) Tipo de conetor: Tipo 2 Tipo de tomada: Schuko, UK 3 Pin, Multi socket Op\u00e7\u00e3o de cabo: Dispon\u00edvel em op\u00e7\u00f5es de 3m, 5m e 10m Ve\u00edculos compat\u00edveis: Hyundai Ioniq 5, Kia EV6, MG ZS EV, BYD Atto 3, Genesis GV60\/GV70 e outros ve\u00edculos compat\u00edveis com V2L [...]<\/p>","protected":false},"author":1,"featured_media":2280,"menu_order":0,"template":"","format":"standard","meta":{"_acf_changed":false,"site-sidebar-layout":"default","site-content-layout":"","ast-site-content-layout":"default","site-content-style":"default","site-sidebar-style":"default","ast-global-header-display":"","ast-banner-title-visibility":"","ast-main-header-display":"","ast-hfb-above-header-display":"","ast-hfb-below-header-display":"","ast-hfb-mobile-header-display":"","site-post-title":"","ast-breadcrumbs-content":"","ast-featured-img":"","footer-sml-layout":"","ast-disable-related-posts":"","theme-transparent-header-meta":"","adv-header-id-meta":"","stick-header-meta":"","header-above-stick-meta":"","header-main-stick-meta":"","header-below-stick-meta":"","astra-migrate-meta-layouts":"set","ast-page-background-enabled":"default","ast-page-background-meta":{"desktop":{"background-color":"","background-image":"","background-repeat":"repeat","background-position":"center center","background-size":"auto","background-attachment":"scroll","background-type":"","background-media":"","overlay-type":"","overlay-color":"","overlay-opacity":"","overlay-gradient":""},"tablet":{"background-color":"","background-image":"","background-repeat":"repeat","background-position":"center center","background-size":"auto","background-attachment":"scroll","background-type":"","background-media":"","overlay-type":"","overlay-color":"","overlay-opacity":"","overlay-gradient":""},"mobile":{"background-color":"","background-image":"","background-repeat":"repeat","background-position":"center center","background-size":"auto","background-attachment":"scroll","background-type":"","background-media":"","overlay-type":"","overlay-color":"","overlay-opacity":"","overlay-gradient":""}},"ast-content-background-meta":{"desktop":{"background-color":"var(--ast-global-color-5)","background-image":"","background-repeat":"repeat","background-position":"center center","background-size":"auto","background-attachment":"scroll","background-type":"","background-media":"","overlay-type":"","overlay-color":"","overlay-opacity":"","overlay-gradient":""},"tablet":{"background-color":"var(--ast-global-color-5)","background-image":"","background-repeat":"repeat","background-position":"center center","background-size":"auto","background-attachment":"scroll","background-type":"","background-media":"","overlay-type":"","overlay-color":"","overlay-opacity":"","overlay-gradient":""},"mobile":{"background-color":"var(--ast-global-color-5)","background-image":"","background-repeat":"repeat","background-position":"center center","background-size":"auto","background-attachment":"scroll","background-type":"","background-media":"","overlay-type":"","overlay-color":"","overlay-opacity":"","overlay-gradient":""}},"footnotes":""},"product-category":[93],"product-tag":[],"class_list":["post-2278","product","type-product","status-publish","format-standard","has-post-thumbnail","hentry","product-category-vehicle-to-load-v2l"],"acf":[],"_links":{"self":[{"href":"https:\/\/www.mekeltech.com\/pt\/wp-json\/wp\/v2\/product\/2278","targetHints":{"allow":["GET"]}}],"collection":[{"href":"https:\/\/www.mekeltech.com\/pt\/wp-json\/wp\/v2\/product"}],"about":[{"href":"https:\/\/www.mekeltech.com\/pt\/wp-json\/wp\/v2\/types\/product"}],"author":[{"embeddable":true,"href":"https:\/\/www.mekeltech.com\/pt\/wp-json\/wp\/v2\/users\/1"}],"version-history":[{"count":14,"href":"https:\/\/www.mekeltech.com\/pt\/wp-json\/wp\/v2\/product\/2278\/revisions"}],"predecessor-version":[{"id":7130,"href":"https:\/\/www.mekeltech.com\/pt\/wp-json\/wp\/v2\/product\/2278\/revisions\/7130"}],"wp:featuredmedia":[{"embeddable":true,"href":"https:\/\/www.mekeltech.com\/pt\/wp-json\/wp\/v2\/media\/2280"}],"wp:attachment":[{"href":"https:\/\/www.mekeltech.com\/pt\/wp-json\/wp\/v2\/media?parent=2278"}],"wp:term":[{"taxonomy":"product-category","embeddable":true,"href":"https:\/\/www.mekeltech.com\/pt\/wp-json\/wp\/v2\/product-category?post=2278"},{"taxonomy":"product-tag","embeddable":true,"href":"https:\/\/www.mekeltech.com\/pt\/wp-json\/wp\/v2\/product-tag?post=2278"}],"curies":[{"name":"wp","href":"https:\/\/api.w.org\/{rel}","templated":true}]}}