{"id":2272,"date":"2025-05-13T06:34:33","date_gmt":"2025-05-13T06:34:33","guid":{"rendered":"https:\/\/mekeltech.com\/?post_type=product&#038;p=2272"},"modified":"2025-08-21T14:04:22","modified_gmt":"2025-08-21T06:04:22","slug":"vehicle-to-load-multi-socket","status":"publish","type":"product","link":"https:\/\/www.mekeltech.com\/pt\/product\/vehicle-to-load-multi-socket\/","title":{"rendered":"V2L Multi-socket"},"content":{"rendered":"<div data-elementor-type=\"wp-post\" data-elementor-id=\"2272\" class=\"elementor elementor-2272\" data-elementor-post-type=\"product\">\n\t\t\t\t<div class=\"elementor-element elementor-element-43132950 e-flex e-con-boxed e-con e-parent\" data-id=\"43132950\" data-element_type=\"container\">\n\t\t\t\t\t<div class=\"e-con-inner\">\n\t\t\t\t<div class=\"elementor-element elementor-element-e1d08f0 elementor-widget elementor-widget-heading\" data-id=\"e1d08f0\" data-element_type=\"widget\" data-widget_type=\"heading.default\">\n\t\t\t\t<div class=\"elementor-widget-container\">\n\t\t\t\t\t<h2 class=\"elementor-heading-title elementor-size-default\">Padr\u00e3o para adaptador multi-socket V2L<\/h2>\t\t\t\t<\/div>\n\t\t\t\t<\/div>\n\t\t\t\t<div class=\"elementor-element elementor-element-1a161fe elementor-widget elementor-widget-text-editor\" data-id=\"1a161fe\" data-element_type=\"widget\" data-widget_type=\"text-editor.default\">\n\t\t\t\t<div class=\"elementor-widget-container\">\n\t\t\t\t\t\t\t\t\t<ul>\n<li>Pot\u00eancia de sa\u00edda: At\u00e9 3,6 kW (1 fase, 16 amperes)<\/li>\n<li>Tipo de conetor: Tipo 2<\/li>\n<li>Tipo de tomada: Schuko, UK 3 Pinos, Tomada m\u00faltipla<\/li>\n<li>Op\u00e7\u00e3o de cabo: Dispon\u00edvel em op\u00e7\u00f5es de 3m, 5m e 10m<\/li>\n<li>Ve\u00edculos compat\u00edveis: Hyundai Ioniq 5, Kia EV6, MG ZS EV, BYD Atto 3, Genesis GV60\/GV70 e outros VEs compat\u00edveis com V2L<\/li>\n<li>Certifica\u00e7\u00f5es: CE<\/li>\n<\/ul>\t\t\t\t\t\t\t\t<\/div>\n\t\t\t\t<\/div>\n\t\t\t\t<div class=\"elementor-element elementor-element-b2e5a49 elementor-widget elementor-widget-text-editor\" data-id=\"b2e5a49\" data-element_type=\"widget\" data-widget_type=\"text-editor.default\">\n\t\t\t\t<div class=\"elementor-widget-container\">\n\t\t\t\t\t\t\t\t\t<p>Os Adaptadores Multi-Socket Mekel Vehicle-to-Load (V2L) transformam os EVs (Ve\u00edculos El\u00e9ctricos) numa fonte de energia vers\u00e1til, permitindo aos utilizadores utilizar a bateria do EV para alimentar dispositivos externos. Concebido para uma integra\u00e7\u00e3o perfeita com VEs com capacidade V2L, este adaptador suporta uma s\u00e9rie de aplica\u00e7\u00f5es, desde campismo e aventuras ao ar livre at\u00e9 energia de reserva de emerg\u00eancia durante falhas. Com carater\u00edsticas de seguran\u00e7a robustas e compatibilidade com as principais normas globais, o adaptador Mekel V2L Multi-Socket fornece energia fi\u00e1vel e em movimento, tanto para necessidades pessoais como comerciais.<\/p>\t\t\t\t\t\t\t\t<\/div>\n\t\t\t\t<\/div>\n\t\t\t\t<div class=\"elementor-element elementor-element-33c76eb elementor-widget elementor-widget-heading\" data-id=\"33c76eb\" data-element_type=\"widget\" data-widget_type=\"heading.default\">\n\t\t\t\t<div class=\"elementor-widget-container\">\n\t\t\t\t\t<h2 class=\"elementor-heading-title elementor-size-default\">O que \u00e9 um adaptador multi-socket V2L?<\/h2>\t\t\t\t<\/div>\n\t\t\t\t<\/div>\n\t\t\t\t<div class=\"elementor-element elementor-element-ed878dd elementor-widget elementor-widget-text-editor\" data-id=\"ed878dd\" data-element_type=\"widget\" data-widget_type=\"text-editor.default\">\n\t\t\t\t<div class=\"elementor-widget-container\">\n\t\t\t\t\t\t\t\t\t<p data-pm-slice=\"0 0 []\">Um adaptador V2L Multi-Socket (adaptador ve\u00edculo-carga) \u00e9 um dispositivo especializado que se liga \u00e0 porta de carregamento do seu ve\u00edculo el\u00e9trico, permitindo o carregamento bidirecional e permitindo que a energia da bateria flua para o exterior como energia CA. A tecnologia \"ve\u00edculo para carga\" funciona convertendo a corrente cont\u00ednua (CC) da bateria do ve\u00edculo em corrente alternada (CA) atrav\u00e9s do inversor de bordo e, em seguida, fornecendo-a atrav\u00e9s da tomada do adaptador V2L. Isto permite-lhe fazer funcionar aparelhos de alta pot\u00eancia, como fog\u00f5es el\u00e9ctricos, computadores port\u00e1teis, ferramentas el\u00e9ctricas ou mesmo carregar outro ve\u00edculo el\u00e9trico. Quer esteja a acampar, a viver num local fora da rede ou a enfrentar um apag\u00e3o, o Adaptador EV V2L Multi-Socket transforma o seu autom\u00f3vel numa esta\u00e7\u00e3o de energia m\u00f3vel.<\/p>\t\t\t\t\t\t\t\t<\/div>\n\t\t\t\t<\/div>\n\t\t\t\t<div class=\"elementor-element elementor-element-aa7e011 elementor-widget elementor-widget-heading\" data-id=\"aa7e011\" data-element_type=\"widget\" data-widget_type=\"heading.default\">\n\t\t\t\t<div class=\"elementor-widget-container\">\n\t\t\t\t\t<h2 class=\"elementor-heading-title elementor-size-default\">Como funciona o adaptador multi-socketV2L?<\/h2>\t\t\t\t<\/div>\n\t\t\t\t<\/div>\n\t\t\t\t<div class=\"elementor-element elementor-element-9fb83bb elementor-widget elementor-widget-text-editor\" data-id=\"9fb83bb\" data-element_type=\"widget\" data-widget_type=\"text-editor.default\">\n\t\t\t\t<div class=\"elementor-widget-container\">\n\t\t\t\t\t\t\t\t\t<p data-pm-slice=\"0 0 []\">O Adaptador Multi-Socket V2L da Mekel liga-se diretamente \u00e0 porta de carregamento Tipo 2 de um VE com capacidade V2L. Uma vez ligado, o inversor de bordo do ve\u00edculo el\u00e9trico converte a corrente cont\u00ednua da bateria em corrente alternada, fornecendo at\u00e9 3,6 kW de energia cont\u00ednua atrav\u00e9s de uma tomada de 230V. Os utilizadores podem ativar o modo V2L a partir do sistema de infoentretenimento do ve\u00edculo, ajustando os limites de descarga para preservar a autonomia de condu\u00e7\u00e3o. Suportando at\u00e9 16A, o adaptador alimenta dispositivos desde m\u00e1quinas de caf\u00e9 a aparelhos de ar condicionado port\u00e1teis, assegurando flexibilidade tanto para a energia V2L no exterior como para as necessidades de backup em casa.<\/p>\t\t\t\t\t\t\t\t<\/div>\n\t\t\t\t<\/div>\n\t\t\t\t<div class=\"elementor-element elementor-element-c221f2b elementor-widget elementor-widget-heading\" data-id=\"c221f2b\" data-element_type=\"widget\" data-widget_type=\"heading.default\">\n\t\t\t\t<div class=\"elementor-widget-container\">\n\t\t\t\t\t<h2 class=\"elementor-heading-title elementor-size-default\">Porqu\u00ea escolher o Adaptador Multi-Socket Mekel V2L?<\/h2>\t\t\t\t<\/div>\n\t\t\t\t<\/div>\n\t\t\t\t<div class=\"elementor-element elementor-element-428d93a elementor-widget elementor-widget-heading\" data-id=\"428d93a\" data-element_type=\"widget\" data-widget_type=\"heading.default\">\n\t\t\t\t<div class=\"elementor-widget-container\">\n\t\t\t\t\t<h2 class=\"elementor-heading-title elementor-size-default\">Solu\u00e7\u00e3o de energia vers\u00e1til<\/h2>\t\t\t\t<\/div>\n\t\t\t\t<\/div>\n\t\t\t\t<div class=\"elementor-element elementor-element-cb967ed elementor-widget elementor-widget-text-editor\" data-id=\"cb967ed\" data-element_type=\"widget\" data-widget_type=\"text-editor.default\">\n\t\t\t\t<div class=\"elementor-widget-container\">\n\t\t\t\t\t\t\t\t\t<p>O adaptador de ve\u00edculo para carga da Mekel permite que os propriet\u00e1rios de ve\u00edculos el\u00e9ctricos libertem todo o potencial do seu ve\u00edculo. Desde o funcionamento de uma m\u00e1quina de caf\u00e9 numa viagem de campismo at\u00e9 \u00e0 alimenta\u00e7\u00e3o de ferramentas num local remoto ou \u00e0 manuten\u00e7\u00e3o de aparelhos essenciais em funcionamento durante falhas de energia, esta solu\u00e7\u00e3o de energia V2L suporta at\u00e9 3,6 kW de energia fi\u00e1vel. Perfeita para configura\u00e7\u00f5es de alimenta\u00e7\u00e3o de campismo EV, vida fora da rede e prepara\u00e7\u00e3o para emerg\u00eancias.<\/p>\t\t\t\t\t\t\t\t<\/div>\n\t\t\t\t<\/div>\n\t\t\t\t<div class=\"elementor-element elementor-element-23b40d3 elementor-widget elementor-widget-heading\" data-id=\"23b40d3\" data-element_type=\"widget\" data-widget_type=\"heading.default\">\n\t\t\t\t<div class=\"elementor-widget-container\">\n\t\t\t\t\t<h3 class=\"elementor-heading-title elementor-size-default\">Compatibilidade universal<\/h3>\t\t\t\t<\/div>\n\t\t\t\t<\/div>\n\t\t\t\t<div class=\"elementor-element elementor-element-29893c2 elementor-widget elementor-widget-text-editor\" data-id=\"29893c2\" data-element_type=\"widget\" data-widget_type=\"text-editor.default\">\n\t\t\t\t<div class=\"elementor-widget-container\">\n\t\t\t\t\t\t\t\t\t<p>Equipado com um conetor de Tipo 2, o Adaptador Multi-Socket V2L \u00e9 compat\u00edvel com ve\u00edculos el\u00e9ctricos populares com capacidade V2L, como o Hyundai Ioniq 5, Kia EV6, MG ZS EV, BYD Atto 3 e outros. A sua conformidade com as normas internacionais de carregamento garante que a funcionalidade V2L funciona sem problemas em diferentes regi\u00f5es.<\/p>\t\t\t\t\t\t\t\t<\/div>\n\t\t\t\t<\/div>\n\t\t\t\t<div class=\"elementor-element elementor-element-6ecbedd elementor-widget elementor-widget-heading\" data-id=\"6ecbedd\" data-element_type=\"widget\" data-widget_type=\"heading.default\">\n\t\t\t\t<div class=\"elementor-widget-container\">\n\t\t\t\t\t<h3 class=\"elementor-heading-title elementor-size-default\">Comprimentos de cabo personaliz\u00e1veis<\/h3>\t\t\t\t<\/div>\n\t\t\t\t<\/div>\n\t\t\t\t<div class=\"elementor-element elementor-element-a0724de elementor-widget elementor-widget-text-editor\" data-id=\"a0724de\" data-element_type=\"widget\" data-widget_type=\"text-editor.default\">\n\t\t\t\t<div class=\"elementor-widget-container\">\n\t\t\t\t\t\t\t\t\t<p>As nossas op\u00e7\u00f5es de cabos V2L com v\u00e1rias tomadas incluem comprimentos de 3 m, 5 m e 10 m, ideais para tudo, desde liga\u00e7\u00f5es dom\u00e9sticas a configura\u00e7\u00f5es exteriores alargadas. Escolha o tamanho certo para o seu ve\u00edculo para carregar a aplica\u00e7\u00e3o - quer seja para uma utiliza\u00e7\u00e3o dom\u00e9stica compacta ou para um parque de campismo espa\u00e7oso.<\/p>\t\t\t\t\t\t\t\t<\/div>\n\t\t\t\t<\/div>\n\t\t\t\t<div class=\"elementor-element elementor-element-f328cce elementor-widget elementor-widget-heading\" data-id=\"f328cce\" data-element_type=\"widget\" data-widget_type=\"heading.default\">\n\t\t\t\t<div class=\"elementor-widget-container\">\n\t\t\t\t\t<h3 class=\"elementor-heading-title elementor-size-default\">Vasta gama de modelos orientados para fins espec\u00edficos<\/h3>\t\t\t\t<\/div>\n\t\t\t\t<\/div>\n\t\t\t\t<div class=\"elementor-element elementor-element-a56cd4f elementor-widget elementor-widget-text-editor\" data-id=\"a56cd4f\" data-element_type=\"widget\" data-widget_type=\"text-editor.default\">\n\t\t\t\t<div class=\"elementor-widget-container\">\n\t\t\t\t\t\t\t\t\t<p>A Mekel fornece v\u00e1rios modelos de adaptadores V2L Multi-Socket, para v\u00e1rias fun\u00e7\u00f5es e or\u00e7amentos. Estes incluem o adaptador V2L padr\u00e3o, a variante premium com ecr\u00e3 LCD para carregamento e a variante multi-socket para carregamento de v\u00e1rios aparelhos. Quer os clientes estejam orientados para o or\u00e7amento ou para a fun\u00e7\u00e3o, a Mekel tem a solu\u00e7\u00e3o adequada ao produto para satisfazer os requisitos dos clientes.<\/p>\t\t\t\t\t\t\t\t<\/div>\n\t\t\t\t<\/div>\n\t\t\t\t<div class=\"elementor-element elementor-element-9f69f2e elementor-widget elementor-widget-heading\" data-id=\"9f69f2e\" data-element_type=\"widget\" data-widget_type=\"heading.default\">\n\t\t\t\t<div class=\"elementor-widget-container\">\n\t\t\t\t\t<h3 class=\"elementor-heading-title elementor-size-default\">Solu\u00e7\u00f5es de personaliza\u00e7\u00e3o flex\u00edveis<\/h3>\t\t\t\t<\/div>\n\t\t\t\t<\/div>\n\t\t\t\t<div class=\"elementor-element elementor-element-003b2b8 elementor-widget elementor-widget-text-editor\" data-id=\"003b2b8\" data-element_type=\"widget\" data-widget_type=\"text-editor.default\">\n\t\t\t\t<div class=\"elementor-widget-container\">\n\t\t\t\t\t\t\t\t\t<p>Fornecemos grava\u00e7\u00e3o a laser personalizada para log\u00f3tipos de marcas e designs de embalagens \u00e0 medida para ajudar os distribuidores e fabricantes a aumentar a visibilidade da marca no mercado de acess\u00f3rios para ve\u00edculos el\u00e9ctricos.<\/p>\t\t\t\t\t\t\t\t<\/div>\n\t\t\t\t<\/div>\n\t\t\t\t<div class=\"elementor-element elementor-element-bde86b7 elementor-widget elementor-widget-heading\" data-id=\"bde86b7\" data-element_type=\"widget\" data-widget_type=\"heading.default\">\n\t\t\t\t<div class=\"elementor-widget-container\">\n\t\t\t\t\t<h2 class=\"elementor-heading-title elementor-size-default\">Principais carater\u00edsticas do adaptador multi-socket Mekel V2L<\/h2>\t\t\t\t<\/div>\n\t\t\t\t<\/div>\n\t\t\t\t<div class=\"elementor-element elementor-element-576200b8 elementor-widget elementor-widget-text-editor\" data-id=\"576200b8\" data-element_type=\"widget\" data-widget_type=\"text-editor.default\">\n\t\t\t\t<div class=\"elementor-widget-container\">\n\t\t\t\t\t\t\t\t\t<ul>\n<li>Sa\u00edda de alta pot\u00eancia at\u00e9 3,6 kW<!-- \/wp:list-item --><!-- wp:list-item --><\/li>\n<li>Conector tipo 2 para compatibilidade EV universal<!-- \/wp:list-item --><!-- wp:list-item --><\/li>\n<li>V\u00e1rias op\u00e7\u00f5es de comprimento de cabo para variantes de tomadas m\u00faltiplas<!-- \/wp:list-item --><!-- wp:list-item --><\/li>\n<li>Op\u00e7\u00f5es de tomadas \u00e0 prova de intemp\u00e9ries para durabilidade no exterior<!-- \/wp:list-item --><!-- wp:list-item --><\/li>\n<li>Suporta uma vasta gama de VEs com capacidade V2L<!-- \/wp:list-item --><!-- wp:list-item --><\/li>\n<li>Design \"plug-and-play\" de f\u00e1cil utiliza\u00e7\u00e3o para qualquer aplica\u00e7\u00e3o de adaptador multi-socket V2L<\/li>\n<\/ul>\n<p><!-- \/wp:list-item --><\/p>\n<p><!-- \/wp:list --><!-- wp:paragraph --><\/p>\n<p><!-- \/wp:paragraph --><\/p>\t\t\t\t\t\t\t\t<\/div>\n\t\t\t\t<\/div>\n\t\t\t\t<div class=\"elementor-element elementor-element-b579928 elementor-widget elementor-widget-heading\" data-id=\"b579928\" data-element_type=\"widget\" data-widget_type=\"heading.default\">\n\t\t\t\t<div class=\"elementor-widget-container\">\n\t\t\t\t\t<h2 class=\"elementor-heading-title elementor-size-default\">Testemunhos de clientes<\/h2>\t\t\t\t<\/div>\n\t\t\t\t<\/div>\n\t\t\t\t<div class=\"elementor-element elementor-element-dbe7d15 elementor-widget elementor-widget-text-editor\" data-id=\"dbe7d15\" data-element_type=\"widget\" data-widget_type=\"text-editor.default\">\n\t\t\t\t<div class=\"elementor-widget-container\">\n\t\t\t\t\t\t\t\t\t<p>\"O adaptador de tomadas m\u00faltiplas Mekel V2L tem sido um divisor de \u00e1guas para as nossas viagens de campismo. Com o nosso Kia EV6, aliment\u00e1mos um frigor\u00edfico port\u00e1til, luzes e at\u00e9 um grelhador el\u00e9trico. O cabo de 5m facilita a instala\u00e7\u00e3o. Altamente recomendado para quem quer tirar o m\u00e1ximo partido da tecnologia de ve\u00edculo para carga.\" - Sarah, entusiasta de actividades ao ar livre<\/p>\t\t\t\t\t\t\t\t<\/div>\n\t\t\t\t<\/div>\n\t\t\t\t<div class=\"elementor-element elementor-element-fdee408 elementor-widget elementor-widget-heading\" data-id=\"fdee408\" data-element_type=\"widget\" data-widget_type=\"heading.default\">\n\t\t\t\t<div class=\"elementor-widget-container\">\n\t\t\t\t\t<h2 class=\"elementor-heading-title elementor-size-default\">FAQ <\/h2>\t\t\t\t<\/div>\n\t\t\t\t<\/div>\n\t\t\t\t<div class=\"elementor-element elementor-element-f50f1c5 elementor-widget elementor-widget-n-accordion\" data-id=\"f50f1c5\" data-element_type=\"widget\" data-settings=\"{&quot;default_state&quot;:&quot;expanded&quot;,&quot;max_items_expended&quot;:&quot;one&quot;,&quot;n_accordion_animation_duration&quot;:{&quot;unit&quot;:&quot;ms&quot;,&quot;size&quot;:400,&quot;sizes&quot;:[]}}\" data-widget_type=\"nested-accordion.default\">\n\t\t\t\t<div class=\"elementor-widget-container\">\n\t\t\t\t\t\t\t<div class=\"e-n-accordion\" aria-label=\"Acorde\u00e3o. Abrir liga\u00e7\u00f5es com Enter ou Espa\u00e7o, fechar com Escape e navegar com Setas\">\n\t\t\t\t\t\t<details id=\"e-n-accordion-item-2560\" class=\"e-n-accordion-item\" open>\n\t\t\t\t<summary class=\"e-n-accordion-item-title\" data-accordion-index=\"1\" tabindex=\"0\" aria-expanded=\"true\" aria-controls=\"e-n-accordion-item-2560\" >\n\t\t\t\t\t<span class='e-n-accordion-item-title-header'><div class=\"e-n-accordion-item-title-text\"> Que ve\u00edculos el\u00e9ctricos s\u00e3o compat\u00edveis com o adaptador multi-socket Mekel V2L? <\/div><\/span>\n\t\t\t\t\t\t\t<span class='e-n-accordion-item-title-icon'>\n\t\t\t<span class='e-opened' ><svg aria-hidden=\"true\" class=\"e-font-icon-svg e-fas-minus\" viewbox=\"0 0 448 512\" xmlns=\"http:\/\/www.w3.org\/2000\/svg\"><path d=\"M416 208H32c-17.67 0-32 14.33-32 32v32c0 17.67 14.33 32 32 32h384c17.67 0 32-14.33 32-32v-32c0-17.67-14.33-32-32-32z\"><\/path><\/svg><\/span>\n\t\t\t<span class='e-closed'><svg aria-hidden=\"true\" class=\"e-font-icon-svg e-fas-plus\" viewbox=\"0 0 448 512\" xmlns=\"http:\/\/www.w3.org\/2000\/svg\"><path d=\"M416 208H272V64c0-17.67-14.33-32-32-32h-32c-17.67 0-32 14.33-32 32v144H32c-17.67 0-32 14.33-32 32v32c0 17.67 14.33 32 32 32h144v144c0 17.67 14.33 32 32 32h32c17.67 0 32-14.33 32-32V304h144c17.67 0 32-14.33 32-32v-32c0-17.67-14.33-32-32-32z\"><\/path><\/svg><\/span>\n\t\t<\/span>\n\n\t\t\t\t\t\t<\/summary>\n\t\t\t\t<div role=\"region\" aria-labelledby=\"e-n-accordion-item-2560\" class=\"elementor-element elementor-element-adc2455 e-con-full e-flex e-con e-child\" data-id=\"adc2455\" data-element_type=\"container\">\n\t\t\t\t<div class=\"elementor-element elementor-element-90efc59 elementor-widget elementor-widget-text-editor\" data-id=\"90efc59\" data-element_type=\"widget\" data-widget_type=\"text-editor.default\">\n\t\t\t\t<div class=\"elementor-widget-container\">\n\t\t\t\t\t\t\t\t\t<p>Compat\u00edvel com muitos VEs preparados para V2L, incluindo Hyundai Ioniq 5, Kia EV6, MG ZS EV, BYD Atto 3, Genesis GV60\/GV70 e muito mais. Confirme sempre a capacidade de carga do ve\u00edculo no manual do seu EV.<\/p>\t\t\t\t\t\t\t\t<\/div>\n\t\t\t\t<\/div>\n\t\t\t\t<\/div>\n\t\t\t\t\t<\/details>\n\t\t\t\t\t\t<details id=\"e-n-accordion-item-2561\" class=\"e-n-accordion-item\" >\n\t\t\t\t<summary class=\"e-n-accordion-item-title\" data-accordion-index=\"2\" tabindex=\"-1\" aria-expanded=\"false\" aria-controls=\"e-n-accordion-item-2561\" >\n\t\t\t\t\t<span class='e-n-accordion-item-title-header'><div class=\"e-n-accordion-item-title-text\"> Que aparelhos podem ser alimentados pelo adaptador multi-sockets V2L? <\/div><\/span>\n\t\t\t\t\t\t\t<span class='e-n-accordion-item-title-icon'>\n\t\t\t<span class='e-opened' ><svg aria-hidden=\"true\" class=\"e-font-icon-svg e-fas-minus\" viewbox=\"0 0 448 512\" xmlns=\"http:\/\/www.w3.org\/2000\/svg\"><path d=\"M416 208H32c-17.67 0-32 14.33-32 32v32c0 17.67 14.33 32 32 32h384c17.67 0 32-14.33 32-32v-32c0-17.67-14.33-32-32-32z\"><\/path><\/svg><\/span>\n\t\t\t<span class='e-closed'><svg aria-hidden=\"true\" class=\"e-font-icon-svg e-fas-plus\" viewbox=\"0 0 448 512\" xmlns=\"http:\/\/www.w3.org\/2000\/svg\"><path d=\"M416 208H272V64c0-17.67-14.33-32-32-32h-32c-17.67 0-32 14.33-32 32v144H32c-17.67 0-32 14.33-32 32v32c0 17.67 14.33 32 32 32h144v144c0 17.67 14.33 32 32 32h32c17.67 0 32-14.33 32-32V304h144c17.67 0 32-14.33 32-32v-32c0-17.67-14.33-32-32-32z\"><\/path><\/svg><\/span>\n\t\t<\/span>\n\n\t\t\t\t\t\t<\/summary>\n\t\t\t\t<div role=\"region\" aria-labelledby=\"e-n-accordion-item-2561\" class=\"elementor-element elementor-element-c65d493 e-con-full e-flex e-con e-child\" data-id=\"c65d493\" data-element_type=\"container\">\n\t\t\t\t<div class=\"elementor-element elementor-element-9f449c1 elementor-widget elementor-widget-text-editor\" data-id=\"9f449c1\" data-element_type=\"widget\" data-widget_type=\"text-editor.default\">\n\t\t\t\t<div class=\"elementor-widget-container\">\n\t\t\t\t\t\t\t\t\t<p>Com uma pot\u00eancia de at\u00e9 3,6 kW, pode alimentar equipamento de campismo (frigor\u00edficos, grelhadores, luzes), bens essenciais para a casa (frigor\u00edficos, ventoinhas, aquecedores) e ferramentas para trabalhos fora da rede. Perfeita para ve\u00edculos para carregar energia de campismo ou para uma reserva de emerg\u00eancia em casa.<\/p>\t\t\t\t\t\t\t\t<\/div>\n\t\t\t\t<\/div>\n\t\t\t\t<\/div>\n\t\t\t\t\t<\/details>\n\t\t\t\t\t<\/div>\n\t\t\t\t\t\t<\/div>\n\t\t\t\t<\/div>\n\t\t\t\t\t<\/div>\n\t\t\t\t<\/div>\n\t\t\t\t<\/div>","protected":false},"excerpt":{"rendered":"<p>Standard for V2L Multi-Socket Adapter Power Output: Up to 3.6 kW (1 Phase, 16 Amp) Connector Type: Type 2 Socket Type: Schuko, UK 3 Pin, Multi socket Cable Option: Available in 3m, 5m, and 10m options Compatible Vehicles: Hyundai Ioniq 5, Kia EV6, MG ZS EV, BYD Atto 3, Genesis GV60\/GV70, and other V2L-enabled EVs [&hellip;]<\/p>","protected":false},"author":1,"featured_media":2273,"menu_order":0,"template":"","format":"standard","meta":{"_acf_changed":false,"site-sidebar-layout":"default","site-content-layout":"","ast-site-content-layout":"default","site-content-style":"default","site-sidebar-style":"default","ast-global-header-display":"","ast-banner-title-visibility":"","ast-main-header-display":"","ast-hfb-above-header-display":"","ast-hfb-below-header-display":"","ast-hfb-mobile-header-display":"","site-post-title":"","ast-breadcrumbs-content":"","ast-featured-img":"","footer-sml-layout":"","ast-disable-related-posts":"","theme-transparent-header-meta":"","adv-header-id-meta":"","stick-header-meta":"","header-above-stick-meta":"","header-main-stick-meta":"","header-below-stick-meta":"","astra-migrate-meta-layouts":"set","ast-page-background-enabled":"default","ast-page-background-meta":{"desktop":{"background-color":"","background-image":"","background-repeat":"repeat","background-position":"center center","background-size":"auto","background-attachment":"scroll","background-type":"","background-media":"","overlay-type":"","overlay-color":"","overlay-opacity":"","overlay-gradient":""},"tablet":{"background-color":"","background-image":"","background-repeat":"repeat","background-position":"center center","background-size":"auto","background-attachment":"scroll","background-type":"","background-media":"","overlay-type":"","overlay-color":"","overlay-opacity":"","overlay-gradient":""},"mobile":{"background-color":"","background-image":"","background-repeat":"repeat","background-position":"center center","background-size":"auto","background-attachment":"scroll","background-type":"","background-media":"","overlay-type":"","overlay-color":"","overlay-opacity":"","overlay-gradient":""}},"ast-content-background-meta":{"desktop":{"background-color":"var(--ast-global-color-5)","background-image":"","background-repeat":"repeat","background-position":"center center","background-size":"auto","background-attachment":"scroll","background-type":"","background-media":"","overlay-type":"","overlay-color":"","overlay-opacity":"","overlay-gradient":""},"tablet":{"background-color":"var(--ast-global-color-5)","background-image":"","background-repeat":"repeat","background-position":"center center","background-size":"auto","background-attachment":"scroll","background-type":"","background-media":"","overlay-type":"","overlay-color":"","overlay-opacity":"","overlay-gradient":""},"mobile":{"background-color":"var(--ast-global-color-5)","background-image":"","background-repeat":"repeat","background-position":"center center","background-size":"auto","background-attachment":"scroll","background-type":"","background-media":"","overlay-type":"","overlay-color":"","overlay-opacity":"","overlay-gradient":""}},"footnotes":""},"product-category":[93],"product-tag":[],"class_list":["post-2272","product","type-product","status-publish","format-standard","has-post-thumbnail","hentry","product-category-vehicle-to-load-v2l"],"acf":[],"_links":{"self":[{"href":"https:\/\/www.mekeltech.com\/pt\/wp-json\/wp\/v2\/product\/2272","targetHints":{"allow":["GET"]}}],"collection":[{"href":"https:\/\/www.mekeltech.com\/pt\/wp-json\/wp\/v2\/product"}],"about":[{"href":"https:\/\/www.mekeltech.com\/pt\/wp-json\/wp\/v2\/types\/product"}],"author":[{"embeddable":true,"href":"https:\/\/www.mekeltech.com\/pt\/wp-json\/wp\/v2\/users\/1"}],"version-history":[{"count":23,"href":"https:\/\/www.mekeltech.com\/pt\/wp-json\/wp\/v2\/product\/2272\/revisions"}],"predecessor-version":[{"id":6781,"href":"https:\/\/www.mekeltech.com\/pt\/wp-json\/wp\/v2\/product\/2272\/revisions\/6781"}],"wp:featuredmedia":[{"embeddable":true,"href":"https:\/\/www.mekeltech.com\/pt\/wp-json\/wp\/v2\/media\/2273"}],"wp:attachment":[{"href":"https:\/\/www.mekeltech.com\/pt\/wp-json\/wp\/v2\/media?parent=2272"}],"wp:term":[{"taxonomy":"product-category","embeddable":true,"href":"https:\/\/www.mekeltech.com\/pt\/wp-json\/wp\/v2\/product-category?post=2272"},{"taxonomy":"product-tag","embeddable":true,"href":"https:\/\/www.mekeltech.com\/pt\/wp-json\/wp\/v2\/product-tag?post=2272"}],"curies":[{"name":"wp","href":"https:\/\/api.w.org\/{rel}","templated":true}]}}