{"id":2250,"date":"2025-05-09T12:40:40","date_gmt":"2025-05-09T04:40:40","guid":{"rendered":"https:\/\/mekeltech.com\/?post_type=product&#038;p=2250"},"modified":"2025-08-25T16:18:08","modified_gmt":"2025-08-25T08:18:08","slug":"typeb-rccb","status":"publish","type":"product","link":"https:\/\/www.mekeltech.com\/pt\/product\/typeb-rccb\/","title":{"rendered":"TipoB RCCB"},"content":{"rendered":"<div data-elementor-type=\"wp-post\" data-elementor-id=\"2250\" class=\"elementor elementor-2250\" data-elementor-post-type=\"product\">\n\t\t\t\t<div class=\"elementor-element elementor-element-bdf2ac9 e-flex e-con-boxed e-con e-parent\" data-id=\"bdf2ac9\" data-element_type=\"container\">\n\t\t\t\t\t<div class=\"e-con-inner\">\n\t\t\t\t<div class=\"elementor-element elementor-element-260cf6e elementor-widget elementor-widget-heading\" data-id=\"260cf6e\" data-element_type=\"widget\" data-widget_type=\"heading.default\">\n\t\t\t\t<div class=\"elementor-widget-container\">\n\t\t\t\t\t<h2 class=\"elementor-heading-title elementor-size-default\">Introdu\u00e7\u00e3o ao RCCB de tipo B<\/h2>\t\t\t\t<\/div>\n\t\t\t\t<\/div>\n\t\t\t\t<div class=\"elementor-element elementor-element-266336f elementor-widget elementor-widget-text-editor\" data-id=\"266336f\" data-element_type=\"widget\" data-widget_type=\"text-editor.default\">\n\t\t\t\t<div class=\"elementor-widget-container\">\n\t\t\t\t\t\t\t\t\t<p>O RCCB TypeB (Residual Current Circuit Breaker, intercambi\u00e1vel com \"RCB\") \u00e9 um componente de seguran\u00e7a cr\u00edtico para instala\u00e7\u00f5es de carregadores de ve\u00edculos el\u00e9ctricos. \u00c9 instalado a montante do carregador de ve\u00edculos el\u00e9ctricos e corta o circuito quando detecta qualquer desequil\u00edbrio de corrente nos fios el\u00e9ctricos e neutros, o que pode indicar uma fuga de corrente para a terra. Isto \u00e9 feito para proteger o utilizador de perigos graves, incluindo choques el\u00e9ctricos e riscos de inc\u00eandio.<\/p>\n<p>A MEKEL fornece uma linha completa de RCCBs Tipo B concebidos para cumprir as mais recentes normas internacionais de seguran\u00e7a de carregamento, incluindo a IEC 61851 e a IEC 60364-7-722. Isto inclui o RCCB Tipo A + 6mA DC e o RCCB Tipo B. Envie-nos um inqu\u00e9rito e encontraremos o RCCB certo para as suas necessidades de instala\u00e7\u00e3o.<\/p>\t\t\t\t\t\t\t\t<\/div>\n\t\t\t\t<\/div>\n\t\t\t\t<div class=\"elementor-element elementor-element-cc29208 elementor-widget elementor-widget-heading\" data-id=\"cc29208\" data-element_type=\"widget\" data-widget_type=\"heading.default\">\n\t\t\t\t<div class=\"elementor-widget-container\">\n\t\t\t\t\t<h2 class=\"elementor-heading-title elementor-size-default\">Porqu\u00ea escolher o TypeB RCCB?<\/h2>\t\t\t\t<\/div>\n\t\t\t\t<\/div>\n\t\t\t\t<div class=\"elementor-element elementor-element-71f5849 elementor-widget elementor-widget-heading\" data-id=\"71f5849\" data-element_type=\"widget\" data-widget_type=\"heading.default\">\n\t\t\t\t<div class=\"elementor-widget-container\">\n\t\t\t\t\t<h3 class=\"elementor-heading-title elementor-size-default\">Prote\u00e7\u00e3o para qualquer configura\u00e7\u00e3o de carregamento<\/h3>\t\t\t\t<\/div>\n\t\t\t\t<\/div>\n\t\t\t\t<div class=\"elementor-element elementor-element-ec2ae4a elementor-widget elementor-widget-text-editor\" data-id=\"ec2ae4a\" data-element_type=\"widget\" data-widget_type=\"text-editor.default\">\n\t\t\t\t<div class=\"elementor-widget-container\">\n\t\t\t\t\t\t\t\t\t<p>Oferecemos dispositivos RCCB do tipo B para situa\u00e7\u00f5es de carregamento em todos os tipos de locais e dispositivos. Quer se trate de uma utiliza\u00e7\u00e3o dom\u00e9stica ou comercial, de um carregamento AC monof\u00e1sico ou trif\u00e1sico, ou de um carregamento DC, temos o produto RCCB TypeB certo para a sua configura\u00e7\u00e3o de carregamento.<\/p>\t\t\t\t\t\t\t\t<\/div>\n\t\t\t\t<\/div>\n\t\t\t\t<div class=\"elementor-element elementor-element-5c68a09 elementor-widget elementor-widget-heading\" data-id=\"5c68a09\" data-element_type=\"widget\" data-widget_type=\"heading.default\">\n\t\t\t\t<div class=\"elementor-widget-container\">\n\t\t\t\t\t<h3 class=\"elementor-heading-title elementor-size-default\">Qualidade e certifica\u00e7\u00e3o de confian\u00e7a<\/h3>\t\t\t\t<\/div>\n\t\t\t\t<\/div>\n\t\t\t\t<div class=\"elementor-element elementor-element-d364e80 elementor-widget elementor-widget-text-editor\" data-id=\"d364e80\" data-element_type=\"widget\" data-widget_type=\"text-editor.default\">\n\t\t\t\t<div class=\"elementor-widget-container\">\n\t\t\t\t\t\t\t\t\t<p>Apenas comercializamos produtos RCCB de tipo B dos fabricantes de primeira linha que cumprem os mais rigorosos requisitos de certifica\u00e7\u00e3o da UE\/EUA e que exportaram para a Europa, as Am\u00e9ricas, o M\u00e9dio Oriente e o Sudeste Asi\u00e1tico. Junte-se aos nossos clientes em todo o mundo para obter a garantia de qualidade do produto e paz de esp\u00edrito.<\/p>\t\t\t\t\t\t\t\t<\/div>\n\t\t\t\t<\/div>\n\t\t\t\t<div class=\"elementor-element elementor-element-0a497da elementor-widget elementor-widget-heading\" data-id=\"0a497da\" data-element_type=\"widget\" data-widget_type=\"heading.default\">\n\t\t\t\t<div class=\"elementor-widget-container\">\n\t\t\t\t\t<h3 class=\"elementor-heading-title elementor-size-default\">Apoio ao cliente excecional e dedicado<\/h3>\t\t\t\t<\/div>\n\t\t\t\t<\/div>\n\t\t\t\t<div class=\"elementor-element elementor-element-4be450b elementor-widget elementor-widget-text-editor\" data-id=\"4be450b\" data-element_type=\"widget\" data-widget_type=\"text-editor.default\">\n\t\t\t\t<div class=\"elementor-widget-container\">\n\t\t\t\t\t\t\t\t\t<p>Compreendemos que a situa\u00e7\u00e3o de cada cliente \u00e9 \u00fanica e que o carregamento de VE pode ser novo e opaco para alguns, raz\u00e3o pela qual a MEKEL oferece uma consulta gratuita do produto para que possa fazer a escolha certa para o seu neg\u00f3cio. Tamb\u00e9m oferecemos apoio t\u00e9cnico gratuito durante a instala\u00e7\u00e3o do produto para o ajudar a evitar problemas numa fase inicial e reduzir a taxa de reclama\u00e7\u00f5es dos clientes.<\/p>\t\t\t\t\t\t\t\t<\/div>\n\t\t\t\t<\/div>\n\t\t\t\t<div class=\"elementor-element elementor-element-73fb410 elementor-widget elementor-widget-heading\" data-id=\"73fb410\" data-element_type=\"widget\" data-widget_type=\"heading.default\">\n\t\t\t\t<div class=\"elementor-widget-container\">\n\t\t\t\t\t<h2 class=\"elementor-heading-title elementor-size-default\">Destaque do produto RCCB tipo B<\/h2>\t\t\t\t<\/div>\n\t\t\t\t<\/div>\n\t\t\t\t<div class=\"elementor-element elementor-element-7e71ce4 elementor-widget elementor-widget-text-editor\" data-id=\"7e71ce4\" data-element_type=\"widget\" data-widget_type=\"text-editor.default\">\n\t\t\t\t<div class=\"elementor-widget-container\">\n\t\t\t\t\t\t\t\t\t<ul class=\"wp-block-list\">\n<li>Todas as situa\u00e7\u00f5es de carregamento<\/li>\n<li>Certifica\u00e7\u00e3o e garantia<\/li>\n<li>Apoio ao cliente excecional<\/li>\n<li>Entrega r\u00e1pida<\/li>\n<\/ul>\t\t\t\t\t\t\t\t<\/div>\n\t\t\t\t<\/div>\n\t\t\t\t\t<\/div>\n\t\t\t\t<\/div>\n\t\t\t\t<\/div>","protected":false},"excerpt":{"rendered":"<p>Introduction to TypeB RCCB The TypeB RCCB (Residual Current Circuit Breaker, interchangeable with \u201cRCB\u201d) is a critical safety component for EV charger installations. It is installed at the upstream of the EV charger and cuts off the circuit upon detecting any current imbalance in the live and neutral wires, which could indicate a current leakage [&hellip;]<\/p>","protected":false},"author":1,"featured_media":2255,"menu_order":0,"template":"","format":"standard","meta":{"_acf_changed":false,"site-sidebar-layout":"default","site-content-layout":"","ast-site-content-layout":"default","site-content-style":"default","site-sidebar-style":"default","ast-global-header-display":"","ast-banner-title-visibility":"","ast-main-header-display":"","ast-hfb-above-header-display":"","ast-hfb-below-header-display":"","ast-hfb-mobile-header-display":"","site-post-title":"","ast-breadcrumbs-content":"","ast-featured-img":"","footer-sml-layout":"","ast-disable-related-posts":"","theme-transparent-header-meta":"","adv-header-id-meta":"","stick-header-meta":"","header-above-stick-meta":"","header-main-stick-meta":"","header-below-stick-meta":"","astra-migrate-meta-layouts":"set","ast-page-background-enabled":"default","ast-page-background-meta":{"desktop":{"background-color":"","background-image":"","background-repeat":"repeat","background-position":"center center","background-size":"auto","background-attachment":"scroll","background-type":"","background-media":"","overlay-type":"","overlay-color":"","overlay-opacity":"","overlay-gradient":""},"tablet":{"background-color":"","background-image":"","background-repeat":"repeat","background-position":"center center","background-size":"auto","background-attachment":"scroll","background-type":"","background-media":"","overlay-type":"","overlay-color":"","overlay-opacity":"","overlay-gradient":""},"mobile":{"background-color":"","background-image":"","background-repeat":"repeat","background-position":"center center","background-size":"auto","background-attachment":"scroll","background-type":"","background-media":"","overlay-type":"","overlay-color":"","overlay-opacity":"","overlay-gradient":""}},"ast-content-background-meta":{"desktop":{"background-color":"var(--ast-global-color-5)","background-image":"","background-repeat":"repeat","background-position":"center center","background-size":"auto","background-attachment":"scroll","background-type":"","background-media":"","overlay-type":"","overlay-color":"","overlay-opacity":"","overlay-gradient":""},"tablet":{"background-color":"var(--ast-global-color-5)","background-image":"","background-repeat":"repeat","background-position":"center center","background-size":"auto","background-attachment":"scroll","background-type":"","background-media":"","overlay-type":"","overlay-color":"","overlay-opacity":"","overlay-gradient":""},"mobile":{"background-color":"var(--ast-global-color-5)","background-image":"","background-repeat":"repeat","background-position":"center center","background-size":"auto","background-attachment":"scroll","background-type":"","background-media":"","overlay-type":"","overlay-color":"","overlay-opacity":"","overlay-gradient":""}},"footnotes":""},"product-category":[95],"product-tag":[],"class_list":["post-2250","product","type-product","status-publish","format-standard","has-post-thumbnail","hentry","product-category-circuit-breaker"],"acf":[],"_links":{"self":[{"href":"https:\/\/www.mekeltech.com\/pt\/wp-json\/wp\/v2\/product\/2250","targetHints":{"allow":["GET"]}}],"collection":[{"href":"https:\/\/www.mekeltech.com\/pt\/wp-json\/wp\/v2\/product"}],"about":[{"href":"https:\/\/www.mekeltech.com\/pt\/wp-json\/wp\/v2\/types\/product"}],"author":[{"embeddable":true,"href":"https:\/\/www.mekeltech.com\/pt\/wp-json\/wp\/v2\/users\/1"}],"version-history":[{"count":11,"href":"https:\/\/www.mekeltech.com\/pt\/wp-json\/wp\/v2\/product\/2250\/revisions"}],"predecessor-version":[{"id":7005,"href":"https:\/\/www.mekeltech.com\/pt\/wp-json\/wp\/v2\/product\/2250\/revisions\/7005"}],"wp:featuredmedia":[{"embeddable":true,"href":"https:\/\/www.mekeltech.com\/pt\/wp-json\/wp\/v2\/media\/2255"}],"wp:attachment":[{"href":"https:\/\/www.mekeltech.com\/pt\/wp-json\/wp\/v2\/media?parent=2250"}],"wp:term":[{"taxonomy":"product-category","embeddable":true,"href":"https:\/\/www.mekeltech.com\/pt\/wp-json\/wp\/v2\/product-category?post=2250"},{"taxonomy":"product-tag","embeddable":true,"href":"https:\/\/www.mekeltech.com\/pt\/wp-json\/wp\/v2\/product-tag?post=2250"}],"curies":[{"name":"wp","href":"https:\/\/api.w.org\/{rel}","templated":true}]}}