{"id":2233,"date":"2025-05-08T10:40:02","date_gmt":"2025-05-08T10:40:02","guid":{"rendered":"https:\/\/mekeltech.com\/?post_type=product&#038;p=2233"},"modified":"2025-08-06T10:28:26","modified_gmt":"2025-08-06T02:28:26","slug":"3-7kw-brd-series-with-type-2-plug","status":"publish","type":"product","link":"https:\/\/www.mekeltech.com\/pt\/product\/3-7kw-brd-series-with-type-2-plug\/","title":{"rendered":"Carregador port\u00e1til para ve\u00edculos el\u00e9ctricos de 3,7kw - com ficha tipo 2"},"content":{"rendered":"<div data-elementor-type=\"wp-post\" data-elementor-id=\"2233\" class=\"elementor elementor-2233\" data-elementor-post-type=\"product\">\n\t\t\t\t<div class=\"elementor-element elementor-element-58449f64 e-flex e-con-boxed e-con e-parent\" data-id=\"58449f64\" data-element_type=\"container\">\n\t\t\t\t\t<div class=\"e-con-inner\">\n\t\t\t\t<div class=\"elementor-element elementor-element-6ebf6c99 elementor-widget elementor-widget-text-editor\" data-id=\"6ebf6c99\" data-element_type=\"widget\" data-widget_type=\"text-editor.default\">\n\t\t\t\t<div class=\"elementor-widget-container\">\n\t\t\t\t\t\t\t\t\t\n<h2 class=\"wp-block-heading has-medium-font-size\"><strong>Carregador port\u00e1til para ve\u00edculos el\u00e9ctricos de 16A 3,7kW<\/strong><\/h2>\n\n<p>O carregador port\u00e1til para ve\u00edculos el\u00e9ctricos de 3,7 kW da Mekel oferece a conveni\u00eancia de ligar e carregar sem problemas, quer seja fixado num local ou utilizado em movimento. Constru\u00eddo para se adaptar a ambientes interiores e exteriores, \u00e9 o carregador fi\u00e1vel e port\u00e1til para os propriet\u00e1rios de ve\u00edculos el\u00e9ctricos que procuram um carregamento f\u00e1cil e fi\u00e1vel em casa ou onde quer que viajem.<\/p>\n\n<h2 class=\"wp-block-heading has-medium-font-size\"><strong>Quanto tempo demora a carregar um ve\u00edculo el\u00e9trico?<\/strong><\/h2>\n\n<p>O tempo que demora a carregar um ve\u00edculo el\u00e9trico depende da capacidade da bateria e do n\u00edvel de carga atual. Ao contr\u00e1rio dos carregadores de 32A de maior pot\u00eancia, o carregador port\u00e1til de 3,7kW 16A da Mekel d\u00e1 prioridade a um carregamento est\u00e1vel e fi\u00e1vel em detrimento da velocidade. Para um ve\u00edculo el\u00e9trico de tamanho m\u00e9dio t\u00edpico, espera-se uma carga completa em cerca de 11-12 horas - perfeito para paragens nocturnas durante uma viagem. Para carregamentos mais curtos, fornece cerca de 20-30 km de autonomia por hora, assegurando que o seu VE est\u00e1 pronto para a pr\u00f3xima etapa da sua aventura pela manh\u00e3.<\/p>\n\n<h2 class=\"has-medium-font-size\"><strong>Durabilidade robusta: Constru\u00eddo para a vida selvagem<\/strong><\/h2>\n\n<p>O carregador port\u00e1til monof\u00e1sico Mekel 16A foi concebido para suportar as condi\u00e7\u00f5es exteriores mais adversas. Quer seja acidentalmente rolado por um ve\u00edculo, deixado cair em terreno rochoso ou exposto aos elementos, este carregador resiste. Concebido para a natureza imprevis\u00edvel das viagens, continua a proporcionar um desempenho consistente, independentemente do desafio.<\/p>\n\n<h2 class=\"has-medium-font-size\"><strong>Ideal para aventuras ao ar livre<\/strong><\/h2>\n\n<p>Para os viajantes que vivem fora da grelha - campistas, entusiastas de caravanas ou trabalhadores remotos - este carregador port\u00e1til de ve\u00edculos el\u00e9ctricos \u00e9 um divisor de \u00e1guas. O seu design compacto e f\u00e1cil de embalar adapta-se facilmente ao seu equipamento, garantindo que pode carregar onde quer que a sua viagem o leve. Mantenha o seu VE alimentado e os seus planos no caminho certo, mesmo no meio do nada.<\/p>\n\n<h2 class=\"has-medium-font-size\"><strong>Leve e pronto para viajar<\/strong><\/h2>\n\n<p>Carregamento Plug-and-Play sem complica\u00e7\u00f5es<br \/>O cabo do carregador port\u00e1til Mekel foi concebido para ser port\u00e1til, tornando-o f\u00e1cil de transportar na estrada. N\u00e3o s\u00e3o necess\u00e1rias configura\u00e7\u00f5es complexas - basta ligar o cabo Mode 2 a uma tomada dom\u00e9stica ou p\u00fablica compat\u00edvel, ligar a outra extremidade \u00e0 tomada do seu VE e come\u00e7ar a carregar. Este design simples \u00e9 perfeito para utilizadores sem acesso a esta\u00e7\u00f5es de carregamento fixas, oferecendo flexibilidade onde quer que se desloque.<\/p>\n\n<h2 class=\"has-medium-font-size\"><strong>Constru\u00eddo para o manter em movimento<\/strong><\/h2>\n\n<p>Materiais de alta qualidade para uma pot\u00eancia fi\u00e1vel<br \/>A qualidade \u00e9 importante quando se est\u00e1 a carregar longe da civiliza\u00e7\u00e3o. O carregador port\u00e1til para ve\u00edculos el\u00e9ctricos Mekel 240V utiliza componentes de primeira qualidade, incluindo cabos de cobre puro 100%, para uma condutividade e efici\u00eancia superiores. Isto assegura um carregamento mais r\u00e1pido e fi\u00e1vel e um desempenho duradouro, mesmo com uma utiliza\u00e7\u00e3o frequente. Menos tempo de inatividade, mais explora\u00e7\u00e3o - confie neste carregador para alimentar as suas viagens sem falhas.<\/p>\n\n<h2 class=\"has-medium-font-size\"><strong>Porqu\u00ea escolher o carregador port\u00e1til para ve\u00edculos el\u00e9ctricos Mekel 3.6kW 16A?<\/strong><\/h2>\n\n<ul class=\"wp-block-list\">\n<li>Carregamento remoto\n<ul class=\"wp-block-list\">\n<li>Perfeito para recargas nocturnas em locais remotos, dando-lhe uma bateria completa ao nascer do sol para o dia seguinte.<\/li>\n<\/ul>\n<\/li>\n\n<li>Flexibilidade de desloca\u00e7\u00e3o\n<ul class=\"wp-block-list\">\n<li>Recarregue o seu ve\u00edculo el\u00e9trico em qualquer paragem com uma tomada Schuko correspondente ou outra tomada de corrente correspondente, tornando as viagens a zonas rurais ou desvios espont\u00e2neos sem infra-estruturas de carregamento livres de problemas.<\/li>\n<\/ul>\n<\/li>\n\n<li>Linha de vida fora da rede\n<ul class=\"wp-block-list\">\n<li>Quando estiver encalhado com a bateria fraca e sem esta\u00e7\u00f5es \u00e0 vista, este carregador port\u00e1til guardado na bagageira pode salvar o dia.<\/li>\n<\/ul>\n<\/li>\n\n<li>Energia amiga da carteira\n<ul class=\"wp-block-list\">\n<li>Evite os carregadores p\u00fablicos caros, carregando a bateria em parques de campismo ou em casa de amigos, mantendo o seu or\u00e7amento de viagem intacto.<\/li>\n<\/ul>\n<\/li>\n<\/ul>\n\t\t\t\t\t\t\t\t<\/div>\n\t\t\t\t<\/div>\n\t\t\t\t\t<\/div>\n\t\t\t\t<\/div>\n\t\t\t\t<\/div>","protected":false},"excerpt":{"rendered":"<p>16A 3.7kW Portable EV Charger The Mekel 3.7kW Portable EV Charger offers seamless plug-and-charge convenience, whether fixed in one spot or used on the move. Built to suit both indoor and outdoor settings, it is the dependable and portable charger for EV owners seeking easy, reliable charging at home or wherever they travel. How Long [&hellip;]<\/p>","protected":false},"author":1,"featured_media":2234,"menu_order":0,"template":"","format":"standard","meta":{"_acf_changed":false,"site-sidebar-layout":"default","site-content-layout":"","ast-site-content-layout":"default","site-content-style":"default","site-sidebar-style":"default","ast-global-header-display":"","ast-banner-title-visibility":"","ast-main-header-display":"","ast-hfb-above-header-display":"","ast-hfb-below-header-display":"","ast-hfb-mobile-header-display":"","site-post-title":"","ast-breadcrumbs-content":"","ast-featured-img":"","footer-sml-layout":"","ast-disable-related-posts":"","theme-transparent-header-meta":"","adv-header-id-meta":"","stick-header-meta":"","header-above-stick-meta":"","header-main-stick-meta":"","header-below-stick-meta":"","astra-migrate-meta-layouts":"set","ast-page-background-enabled":"default","ast-page-background-meta":{"desktop":{"background-color":"","background-image":"","background-repeat":"repeat","background-position":"center center","background-size":"auto","background-attachment":"scroll","background-type":"","background-media":"","overlay-type":"","overlay-color":"","overlay-opacity":"","overlay-gradient":""},"tablet":{"background-color":"","background-image":"","background-repeat":"repeat","background-position":"center center","background-size":"auto","background-attachment":"scroll","background-type":"","background-media":"","overlay-type":"","overlay-color":"","overlay-opacity":"","overlay-gradient":""},"mobile":{"background-color":"","background-image":"","background-repeat":"repeat","background-position":"center center","background-size":"auto","background-attachment":"scroll","background-type":"","background-media":"","overlay-type":"","overlay-color":"","overlay-opacity":"","overlay-gradient":""}},"ast-content-background-meta":{"desktop":{"background-color":"var(--ast-global-color-5)","background-image":"","background-repeat":"repeat","background-position":"center center","background-size":"auto","background-attachment":"scroll","background-type":"","background-media":"","overlay-type":"","overlay-color":"","overlay-opacity":"","overlay-gradient":""},"tablet":{"background-color":"var(--ast-global-color-5)","background-image":"","background-repeat":"repeat","background-position":"center center","background-size":"auto","background-attachment":"scroll","background-type":"","background-media":"","overlay-type":"","overlay-color":"","overlay-opacity":"","overlay-gradient":""},"mobile":{"background-color":"var(--ast-global-color-5)","background-image":"","background-repeat":"repeat","background-position":"center center","background-size":"auto","background-attachment":"scroll","background-type":"","background-media":"","overlay-type":"","overlay-color":"","overlay-opacity":"","overlay-gradient":""}},"footnotes":""},"product-category":[92],"product-tag":[],"class_list":["post-2233","product","type-product","status-publish","format-standard","has-post-thumbnail","hentry","product-category-portable-charger"],"acf":[],"_links":{"self":[{"href":"https:\/\/www.mekeltech.com\/pt\/wp-json\/wp\/v2\/product\/2233","targetHints":{"allow":["GET"]}}],"collection":[{"href":"https:\/\/www.mekeltech.com\/pt\/wp-json\/wp\/v2\/product"}],"about":[{"href":"https:\/\/www.mekeltech.com\/pt\/wp-json\/wp\/v2\/types\/product"}],"author":[{"embeddable":true,"href":"https:\/\/www.mekeltech.com\/pt\/wp-json\/wp\/v2\/users\/1"}],"version-history":[{"count":14,"href":"https:\/\/www.mekeltech.com\/pt\/wp-json\/wp\/v2\/product\/2233\/revisions"}],"predecessor-version":[{"id":5925,"href":"https:\/\/www.mekeltech.com\/pt\/wp-json\/wp\/v2\/product\/2233\/revisions\/5925"}],"wp:featuredmedia":[{"embeddable":true,"href":"https:\/\/www.mekeltech.com\/pt\/wp-json\/wp\/v2\/media\/2234"}],"wp:attachment":[{"href":"https:\/\/www.mekeltech.com\/pt\/wp-json\/wp\/v2\/media?parent=2233"}],"wp:term":[{"taxonomy":"product-category","embeddable":true,"href":"https:\/\/www.mekeltech.com\/pt\/wp-json\/wp\/v2\/product-category?post=2233"},{"taxonomy":"product-tag","embeddable":true,"href":"https:\/\/www.mekeltech.com\/pt\/wp-json\/wp\/v2\/product-tag?post=2233"}],"curies":[{"name":"wp","href":"https:\/\/api.w.org\/{rel}","templated":true}]}}