{"id":2225,"date":"2025-05-25T06:05:03","date_gmt":"2025-05-24T22:05:03","guid":{"rendered":"https:\/\/mekeltech.com\/?post_type=product&#038;p=2225"},"modified":"2025-09-05T10:39:31","modified_gmt":"2025-09-05T02:39:31","slug":"digital-display","status":"publish","type":"product","link":"https:\/\/www.mekeltech.com\/pt\/product\/digital-display\/","title":{"rendered":"Ecr\u00e3 digital"},"content":{"rendered":"<div data-elementor-type=\"wp-post\" data-elementor-id=\"2225\" class=\"elementor elementor-2225\" data-elementor-post-type=\"product\">\n\t\t\t\t<div class=\"elementor-element elementor-element-4cdb5fe4 e-flex e-con-boxed e-con e-parent\" data-id=\"4cdb5fe4\" data-element_type=\"container\">\n\t\t\t\t\t<div class=\"e-con-inner\">\n\t\t\t\t<div class=\"elementor-element elementor-element-9727433 elementor-widget elementor-widget-heading\" data-id=\"9727433\" data-element_type=\"widget\" data-widget_type=\"heading.default\">\n\t\t\t\t<div class=\"elementor-widget-container\">\n\t\t\t\t\t<h2 class=\"elementor-heading-title elementor-size-default\">O que s\u00e3o os visores digitais para esta\u00e7\u00f5es de carregamento de ve\u00edculos el\u00e9ctricos da Mekel?<\/h2>\t\t\t\t<\/div>\n\t\t\t\t<\/div>\n\t\t\t\t<div class=\"elementor-element elementor-element-52946ea elementor-widget elementor-widget-text-editor\" data-id=\"52946ea\" data-element_type=\"widget\" data-widget_type=\"text-editor.default\">\n\t\t\t\t<div class=\"elementor-widget-container\">\n\t\t\t\t\t\t\t\t\t<p>Os ecr\u00e3s digitais para esta\u00e7\u00f5es de carregamento de ve\u00edculos el\u00e9ctricos da Mekel s\u00e3o m\u00f3dulos de visualiza\u00e7\u00e3o compactos e de n\u00edvel industrial concebidos para esta\u00e7\u00f5es de carregamento de ve\u00edculos el\u00e9ctricos. Com v\u00e1rios tamanhos de ecr\u00e3, desde 4,3 polegadas para esta\u00e7\u00f5es de carregamento CA at\u00e9 10,1 polegadas para esta\u00e7\u00f5es de carregamento CC, estes ecr\u00e3s oferecem imagens n\u00edtidas e \u00e2ngulos de visualiza\u00e7\u00e3o amplos. Este ecr\u00e3 serve de interface de utilizador para as esta\u00e7\u00f5es de carregamento, fornecendo feedback em tempo real, actualiza\u00e7\u00f5es de estado e op\u00e7\u00f5es de controlo. A compatibilidade com uma vasta gama de solu\u00e7\u00f5es de postos de carregamento torna-os perfeitos para os mercados globais, incluindo a Europa, o Sudeste Asi\u00e1tico e o M\u00e9dio Oriente, tornando-os um componente vers\u00e1til para infra-estruturas de carregamento de ve\u00edculos el\u00e9ctricos p\u00fablicas e privadas.<\/p>\t\t\t\t\t\t\t\t<\/div>\n\t\t\t\t<\/div>\n\t\t\t\t<div class=\"elementor-element elementor-element-b3bbc9d elementor-widget elementor-widget-heading\" data-id=\"b3bbc9d\" data-element_type=\"widget\" data-widget_type=\"heading.default\">\n\t\t\t\t<div class=\"elementor-widget-container\">\n\t\t\t\t\t<h2 class=\"elementor-heading-title elementor-size-default\">Como funciona o ecr\u00e3 digital?<\/h2>\t\t\t\t<\/div>\n\t\t\t\t<\/div>\n\t\t\t\t<div class=\"elementor-element elementor-element-7da81578 elementor-widget elementor-widget-text-editor\" data-id=\"7da81578\" data-element_type=\"widget\" data-widget_type=\"text-editor.default\">\n\t\t\t\t<div class=\"elementor-widget-container\">\n\t\t\t\t\t\t\t\t\t<p>Os ecr\u00e3s digitais integram-se perfeitamente nas esta\u00e7\u00f5es de carregamento de ve\u00edculos el\u00e9ctricos atrav\u00e9s de liga\u00e7\u00f5es TTL e RS232 para alimenta\u00e7\u00e3o e comunica\u00e7\u00e3o em s\u00e9rie. Alimentado por um chip ASIC e um sistema operativo pr\u00f3prios, processa os dados de forma eficiente e faz a interface com os sistemas de controlo da esta\u00e7\u00e3o de carregamento. Tamb\u00e9m est\u00e3o dispon\u00edveis pain\u00e9is de ecr\u00e3 t\u00e1til, que permitem uma intera\u00e7\u00e3o intuitiva com o utilizador. A luminosidade de 800 nits garante a visibilidade em ambientes exteriores com muita luz. Os m\u00f3dulos Wi-Fi e USB opcionais permitem actualiza\u00e7\u00f5es remotas e transfer\u00eancias de dados, aumentando a flexibilidade operacional.<\/p>\t\t\t\t\t\t\t\t<\/div>\n\t\t\t\t<\/div>\n\t\t\t\t<div class=\"elementor-element elementor-element-00e6dfd elementor-widget elementor-widget-heading\" data-id=\"00e6dfd\" data-element_type=\"widget\" data-widget_type=\"heading.default\">\n\t\t\t\t<div class=\"elementor-widget-container\">\n\t\t\t\t\t<h2 class=\"elementor-heading-title elementor-size-default\">Porqu\u00ea escolher o ecr\u00e3 digital da esta\u00e7\u00e3o de carregamento de ve\u00edculos el\u00e9ctricos da Mekel?<\/h2>\t\t\t\t<\/div>\n\t\t\t\t<\/div>\n\t\t\t\t<div class=\"elementor-element elementor-element-b69ee21 elementor-widget elementor-widget-heading\" data-id=\"b69ee21\" data-element_type=\"widget\" data-widget_type=\"heading.default\">\n\t\t\t\t<div class=\"elementor-widget-container\">\n\t\t\t\t\t<h3 class=\"elementor-heading-title elementor-size-default\">Fiabilidade l\u00edder na ind\u00fastria<\/h3>\t\t\t\t<\/div>\n\t\t\t\t<\/div>\n\t\t\t\t<div class=\"elementor-element elementor-element-eb14644 elementor-widget elementor-widget-text-editor\" data-id=\"eb14644\" data-element_type=\"widget\" data-widget_type=\"text-editor.default\">\n\t\t\t\t<div class=\"elementor-widget-container\">\n\t\t\t\t\t\t\t\t\t<p>Concebidos e testados para cumprir rigorosas normas industriais, os ecr\u00e3s digitais possuem prote\u00e7\u00e3o anti-UV e revestimento isolante, garantindo resist\u00eancia contra factores ambientais adversos. Com uma dura\u00e7\u00e3o da retroilumina\u00e7\u00e3o superior a 30 000 horas e um painel t\u00e1til classificado para mais de 1 000 000 toques, garante um desempenho a longo prazo para esta\u00e7\u00f5es de carregamento com muito tr\u00e1fego.<\/p>\t\t\t\t\t\t\t\t<\/div>\n\t\t\t\t<\/div>\n\t\t\t\t<div class=\"elementor-element elementor-element-24fe28c elementor-widget elementor-widget-heading\" data-id=\"24fe28c\" data-element_type=\"widget\" data-widget_type=\"heading.default\">\n\t\t\t\t<div class=\"elementor-widget-container\">\n\t\t\t\t\t<h3 class=\"elementor-heading-title elementor-size-default\">Qualidade robusta <\/h3>\t\t\t\t<\/div>\n\t\t\t\t<\/div>\n\t\t\t\t<div class=\"elementor-element elementor-element-9d97e4b elementor-widget elementor-widget-text-editor\" data-id=\"9d97e4b\" data-element_type=\"widget\" data-widget_type=\"text-editor.default\">\n\t\t\t\t<div class=\"elementor-widget-container\">\n\t\t\t\t\t\t\t\t\t<p>Constru\u00eddos para durar, os ecr\u00e3s digitais podem suportar temperaturas extremas at\u00e9 60\u00b0C durante o funcionamento e um ambiente de humidade at\u00e9 90% RH. A mem\u00f3ria flash personaliz\u00e1vel tamb\u00e9m suporta mais de 100.000 ciclos de reescrita, proporcionando um amplo armazenamento para fontes, \u00edcones e actualiza\u00e7\u00f5es de firmware. A robustez destes ecr\u00e3s reduz os custos de manuten\u00e7\u00e3o e o tempo de inatividade para os operadores das esta\u00e7\u00f5es de carregamento.<\/p>\t\t\t\t\t\t\t\t<\/div>\n\t\t\t\t<\/div>\n\t\t\t\t<div class=\"elementor-element elementor-element-7117e94 elementor-widget elementor-widget-heading\" data-id=\"7117e94\" data-element_type=\"widget\" data-widget_type=\"heading.default\">\n\t\t\t\t<div class=\"elementor-widget-container\">\n\t\t\t\t\t<h3 class=\"elementor-heading-title elementor-size-default\">Carater\u00edsticas dos visores digitais das esta\u00e7\u00f5es de carregamento Mekel<\/h3>\t\t\t\t<\/div>\n\t\t\t\t<\/div>\n\t\t\t\t<div class=\"elementor-element elementor-element-15d20c1 elementor-widget elementor-widget-text-editor\" data-id=\"15d20c1\" data-element_type=\"widget\" data-widget_type=\"text-editor.default\">\n\t\t\t\t<div class=\"elementor-widget-container\">\n\t\t\t\t\t\t\t\t\t<ul>\n<li>Resolu\u00e7\u00e3o de 480 x 800 a 1024 x 600<\/li>\n<li>Ecr\u00e3 de 3 a 10,1 polegadas<\/li>\n<li>Brilho de 800 nit com controlo ajust\u00e1vel<\/li>\n<li>Anti-UV e revestimento isolante para prote\u00e7\u00e3o ambiental<\/li>\n<li>Tipo de ecr\u00e3 IPS TFT \/ TN TFT<\/li>\n<li>Garantia de 2 anos<\/li>\n<li>Rede de distribui\u00e7\u00e3o global<\/li>\n<li>16MB de mem\u00f3ria flash, expans\u00edvel at\u00e9 64Mbytes<\/li>\n<li>Liga\u00e7\u00e3o TTL ou RS232<\/li>\n<li>Mais de 1 milh\u00e3o de ciclos de vida do ecr\u00e3 t\u00e1til<\/li>\n<\/ul>\t\t\t\t\t\t\t\t<\/div>\n\t\t\t\t<\/div>\n\t\t\t\t<div class=\"elementor-element elementor-element-82f5986 elementor-widget elementor-widget-text-editor\" data-id=\"82f5986\" data-element_type=\"widget\" data-widget_type=\"text-editor.default\">\n\t\t\t\t<div class=\"elementor-widget-container\">\n\t\t\t\t\t\t\t\t\t<p><strong>Experi\u00eancia do utilizador melhorada:<\/strong> Os ecr\u00e3s digitais de alta resolu\u00e7\u00e3o e o ecr\u00e3 t\u00e1til capacitivo de resposta r\u00e1pida proporcionam uma interface de f\u00e1cil utiliza\u00e7\u00e3o para os condutores de VE. Os ecr\u00e3s digitais fornecem o estado do carregamento, os n\u00edveis de pot\u00eancia e os alertas de erro com clareza e precis\u00e3o.<\/p>\n<p><strong>Alta compatibilidade com v\u00e1rios tamanhos de carca\u00e7a:<\/strong> Com uma vasta gama de op\u00e7\u00f5es de tamanho e resolu\u00e7\u00e3o de ecr\u00e3, \u00e9 garantida uma configura\u00e7\u00e3o que se adapta \u00e0 sua escolha de design e tamanho da esta\u00e7\u00e3o de carregamento.<\/p>\n<p><strong>Op\u00e7\u00f5es de personaliza\u00e7\u00e3o flex\u00edveis:<\/strong> Constru\u00eddo sobre um chip ASIC e software pr\u00f3prios, as personaliza\u00e7\u00f5es incluem a integra\u00e7\u00e3o de interfaces e log\u00f3tipos. A Mekel est\u00e1 tamb\u00e9m empenhada em apoiar a conce\u00e7\u00e3o de embalagens, permitindo aos clientes alinhar o produto com a identidade da sua marca e as necessidades do mercado.<\/p>\t\t\t\t\t\t\t\t<\/div>\n\t\t\t\t<\/div>\n\t\t\t\t<div class=\"elementor-element elementor-element-a7f4cfe elementor-widget elementor-widget-heading\" data-id=\"a7f4cfe\" data-element_type=\"widget\" data-widget_type=\"heading.default\">\n\t\t\t\t<div class=\"elementor-widget-container\">\n\t\t\t\t\t<h2 class=\"elementor-heading-title elementor-size-default\">Testemunhos de clientes<\/h2>\t\t\t\t<\/div>\n\t\t\t\t<\/div>\n\t\t\t\t<div class=\"elementor-element elementor-element-fdd727d elementor-widget elementor-widget-text-editor\" data-id=\"fdd727d\" data-element_type=\"widget\" data-widget_type=\"text-editor.default\">\n\t\t\t\t<div class=\"elementor-widget-container\">\n\t\t\t\t\t\t\t\t\t<p>\"Integr\u00e1mos os ecr\u00e3s digitais de 5 polegadas da Mekel na nossa \u00faltima linha de esta\u00e7\u00f5es de carregamento de ve\u00edculos el\u00e9ctricos e os resultados t\u00eam sido excelentes. O brilho e a capacidade de resposta ao toque s\u00e3o excelentes, mesmo sob luz solar direta. A equipa da Mekel colaborou connosco para personalizar a interface, assegurando que combinava perfeitamente com a nossa marca. Apreciamos a fiabilidade e clareza gerais da Mekel\". - Mark, Fabricante de Esta\u00e7\u00f5es de Carregamento EV<\/p>\t\t\t\t\t\t\t\t<\/div>\n\t\t\t\t<\/div>\n\t\t\t\t<div class=\"elementor-element elementor-element-c09351e elementor-widget elementor-widget-heading\" data-id=\"c09351e\" data-element_type=\"widget\" data-widget_type=\"heading.default\">\n\t\t\t\t<div class=\"elementor-widget-container\">\n\t\t\t\t\t<h2 class=\"elementor-heading-title elementor-size-default\">FAQ<\/h2>\t\t\t\t<\/div>\n\t\t\t\t<\/div>\n\t\t\t\t<div class=\"elementor-element elementor-element-955bb1b elementor-widget elementor-widget-n-accordion\" data-id=\"955bb1b\" data-element_type=\"widget\" data-settings=\"{&quot;default_state&quot;:&quot;expanded&quot;,&quot;max_items_expended&quot;:&quot;one&quot;,&quot;n_accordion_animation_duration&quot;:{&quot;unit&quot;:&quot;ms&quot;,&quot;size&quot;:400,&quot;sizes&quot;:[]}}\" data-widget_type=\"nested-accordion.default\">\n\t\t\t\t<div class=\"elementor-widget-container\">\n\t\t\t\t\t\t\t<div class=\"e-n-accordion\" aria-label=\"Acorde\u00e3o. Abrir liga\u00e7\u00f5es com Enter ou Espa\u00e7o, fechar com Escape e navegar com Setas\">\n\t\t\t\t\t\t<details id=\"e-n-accordion-item-1560\" class=\"e-n-accordion-item\" open>\n\t\t\t\t<summary class=\"e-n-accordion-item-title\" data-accordion-index=\"1\" tabindex=\"0\" aria-expanded=\"true\" aria-controls=\"e-n-accordion-item-1560\" >\n\t\t\t\t\t<span class='e-n-accordion-item-title-header'><div class=\"e-n-accordion-item-title-text\"> Os ecr\u00e3s digitais s\u00e3o compat\u00edveis com todas as esta\u00e7\u00f5es de carregamento de ve\u00edculos el\u00e9ctricos? <\/div><\/span>\n\t\t\t\t\t\t\t<span class='e-n-accordion-item-title-icon'>\n\t\t\t<span class='e-opened' ><svg aria-hidden=\"true\" class=\"e-font-icon-svg e-fas-minus\" viewbox=\"0 0 448 512\" xmlns=\"http:\/\/www.w3.org\/2000\/svg\"><path d=\"M416 208H32c-17.67 0-32 14.33-32 32v32c0 17.67 14.33 32 32 32h384c17.67 0 32-14.33 32-32v-32c0-17.67-14.33-32-32-32z\"><\/path><\/svg><\/span>\n\t\t\t<span class='e-closed'><svg aria-hidden=\"true\" class=\"e-font-icon-svg e-fas-plus\" viewbox=\"0 0 448 512\" xmlns=\"http:\/\/www.w3.org\/2000\/svg\"><path d=\"M416 208H272V64c0-17.67-14.33-32-32-32h-32c-17.67 0-32 14.33-32 32v144H32c-17.67 0-32 14.33-32 32v32c0 17.67 14.33 32 32 32h144v144c0 17.67 14.33 32 32 32h32c17.67 0 32-14.33 32-32V304h144c17.67 0 32-14.33 32-32v-32c0-17.67-14.33-32-32-32z\"><\/path><\/svg><\/span>\n\t\t<\/span>\n\n\t\t\t\t\t\t<\/summary>\n\t\t\t\t<div role=\"region\" aria-labelledby=\"e-n-accordion-item-1560\" class=\"elementor-element elementor-element-9859ab4 e-con-full e-flex e-con e-child\" data-id=\"9859ab4\" data-element_type=\"container\">\n\t\t\t\t<div class=\"elementor-element elementor-element-ecd113d elementor-widget elementor-widget-text-editor\" data-id=\"ecd113d\" data-element_type=\"widget\" data-widget_type=\"text-editor.default\">\n\t\t\t\t<div class=\"elementor-widget-container\">\n\t\t\t\t\t\t\t\t\t<p>Os ecr\u00e3s s\u00e3o compat\u00edveis com a maioria das esta\u00e7\u00f5es de carregamento de ve\u00edculos el\u00e9ctricos. Confirme a interface do seu sistema, os requisitos de tens\u00e3o e a tomada de liga\u00e7\u00e3o antes da integra\u00e7\u00e3o.<\/p>\t\t\t\t\t\t\t\t<\/div>\n\t\t\t\t<\/div>\n\t\t\t\t<\/div>\n\t\t\t\t\t<\/details>\n\t\t\t\t\t\t<details id=\"e-n-accordion-item-1561\" class=\"e-n-accordion-item\" >\n\t\t\t\t<summary class=\"e-n-accordion-item-title\" data-accordion-index=\"2\" tabindex=\"-1\" aria-expanded=\"false\" aria-controls=\"e-n-accordion-item-1561\" >\n\t\t\t\t\t<span class='e-n-accordion-item-title-header'><div class=\"e-n-accordion-item-title-text\"> O ecr\u00e3 digital possui certifica\u00e7\u00f5es de qualidade? <\/div><\/span>\n\t\t\t\t\t\t\t<span class='e-n-accordion-item-title-icon'>\n\t\t\t<span class='e-opened' ><svg aria-hidden=\"true\" class=\"e-font-icon-svg e-fas-minus\" viewbox=\"0 0 448 512\" xmlns=\"http:\/\/www.w3.org\/2000\/svg\"><path d=\"M416 208H32c-17.67 0-32 14.33-32 32v32c0 17.67 14.33 32 32 32h384c17.67 0 32-14.33 32-32v-32c0-17.67-14.33-32-32-32z\"><\/path><\/svg><\/span>\n\t\t\t<span class='e-closed'><svg aria-hidden=\"true\" class=\"e-font-icon-svg e-fas-plus\" viewbox=\"0 0 448 512\" xmlns=\"http:\/\/www.w3.org\/2000\/svg\"><path d=\"M416 208H272V64c0-17.67-14.33-32-32-32h-32c-17.67 0-32 14.33-32 32v144H32c-17.67 0-32 14.33-32 32v32c0 17.67 14.33 32 32 32h144v144c0 17.67 14.33 32 32 32h32c17.67 0 32-14.33 32-32V304h144c17.67 0 32-14.33 32-32v-32c0-17.67-14.33-32-32-32z\"><\/path><\/svg><\/span>\n\t\t<\/span>\n\n\t\t\t\t\t\t<\/summary>\n\t\t\t\t<div role=\"region\" aria-labelledby=\"e-n-accordion-item-1561\" class=\"elementor-element elementor-element-6a6cc2c e-con-full e-flex e-con e-child\" data-id=\"6a6cc2c\" data-element_type=\"container\">\n\t\t\t\t<div class=\"elementor-element elementor-element-69abc0f elementor-widget elementor-widget-text-editor\" data-id=\"69abc0f\" data-element_type=\"widget\" data-widget_type=\"text-editor.default\">\n\t\t\t\t<div class=\"elementor-widget-container\">\n\t\t\t\t\t\t\t\t\t<p>Sim, cumpre as normas de n\u00edvel industrial com carater\u00edsticas anti-UV e de revestimento isolante, apoiadas por testes rigorosos e uma garantia de 2 anos.<\/p>\t\t\t\t\t\t\t\t<\/div>\n\t\t\t\t<\/div>\n\t\t\t\t<\/div>\n\t\t\t\t\t<\/details>\n\t\t\t\t\t\t<details id=\"e-n-accordion-item-1562\" class=\"e-n-accordion-item\" >\n\t\t\t\t<summary class=\"e-n-accordion-item-title\" data-accordion-index=\"3\" tabindex=\"-1\" aria-expanded=\"false\" aria-controls=\"e-n-accordion-item-1562\" >\n\t\t\t\t\t<span class='e-n-accordion-item-title-header'><div class=\"e-n-accordion-item-title-text\"> Onde \u00e9 que este ecr\u00e3 digital pode ser utilizado? <\/div><\/span>\n\t\t\t\t\t\t\t<span class='e-n-accordion-item-title-icon'>\n\t\t\t<span class='e-opened' ><svg aria-hidden=\"true\" class=\"e-font-icon-svg e-fas-minus\" viewbox=\"0 0 448 512\" xmlns=\"http:\/\/www.w3.org\/2000\/svg\"><path d=\"M416 208H32c-17.67 0-32 14.33-32 32v32c0 17.67 14.33 32 32 32h384c17.67 0 32-14.33 32-32v-32c0-17.67-14.33-32-32-32z\"><\/path><\/svg><\/span>\n\t\t\t<span class='e-closed'><svg aria-hidden=\"true\" class=\"e-font-icon-svg e-fas-plus\" viewbox=\"0 0 448 512\" xmlns=\"http:\/\/www.w3.org\/2000\/svg\"><path d=\"M416 208H272V64c0-17.67-14.33-32-32-32h-32c-17.67 0-32 14.33-32 32v144H32c-17.67 0-32 14.33-32 32v32c0 17.67 14.33 32 32 32h144v144c0 17.67 14.33 32 32 32h32c17.67 0 32-14.33 32-32V304h144c17.67 0 32-14.33 32-32v-32c0-17.67-14.33-32-32-32z\"><\/path><\/svg><\/span>\n\t\t<\/span>\n\n\t\t\t\t\t\t<\/summary>\n\t\t\t\t<div role=\"region\" aria-labelledby=\"e-n-accordion-item-1562\" class=\"elementor-element elementor-element-9fa674d e-con-full e-flex e-con e-child\" data-id=\"9fa674d\" data-element_type=\"container\">\n\t\t\t\t<div class=\"elementor-element elementor-element-b7af20c elementor-widget elementor-widget-text-editor\" data-id=\"b7af20c\" data-element_type=\"widget\" data-widget_type=\"text-editor.default\">\n\t\t\t\t<div class=\"elementor-widget-container\">\n\t\t\t\t\t\t\t\t\t<p>\u00c9 ideal para esta\u00e7\u00f5es de carregamento AC (7kW a 22kW) em locais p\u00fablicos, comerciais ou residenciais. Tamb\u00e9m est\u00e3o dispon\u00edveis ecr\u00e3s digitais de 10,1 polegadas para integra\u00e7\u00e3o com esta\u00e7\u00f5es de carregamento r\u00e1pido DC. Consulte um representante da Mekel para encontrar a melhor solu\u00e7\u00e3o para as suas necessidades de constru\u00e7\u00e3o.<\/p>\t\t\t\t\t\t\t\t<\/div>\n\t\t\t\t<\/div>\n\t\t\t\t<\/div>\n\t\t\t\t\t<\/details>\n\t\t\t\t\t<\/div>\n\t\t\t\t\t\t<\/div>\n\t\t\t\t<\/div>\n\t\t\t\t\t<\/div>\n\t\t\t\t<\/div>\n\t\t\t\t<\/div>","protected":false},"excerpt":{"rendered":"<p>What are Mekel EV Charging Station&nbsp;Digital Displays? The Mekel EV Charging Station digital displays are compact, industrial-grade display module engineered for EV charging stations. Featuring a various screen sizes from 4.3 inch for AC charging stations to 10.1 inch for DC charging stations, these screens deliver crisp visuals and wide viewing angles. This display serves [&hellip;]<\/p>","protected":false},"author":1,"featured_media":3372,"menu_order":0,"template":"","format":"standard","meta":{"_acf_changed":true,"site-sidebar-layout":"default","site-content-layout":"","ast-site-content-layout":"default","site-content-style":"default","site-sidebar-style":"default","ast-global-header-display":"","ast-banner-title-visibility":"","ast-main-header-display":"","ast-hfb-above-header-display":"","ast-hfb-below-header-display":"","ast-hfb-mobile-header-display":"","site-post-title":"","ast-breadcrumbs-content":"","ast-featured-img":"","footer-sml-layout":"","ast-disable-related-posts":"","theme-transparent-header-meta":"","adv-header-id-meta":"","stick-header-meta":"","header-above-stick-meta":"","header-main-stick-meta":"","header-below-stick-meta":"","astra-migrate-meta-layouts":"set","ast-page-background-enabled":"default","ast-page-background-meta":{"desktop":{"background-color":"","background-image":"","background-repeat":"repeat","background-position":"center center","background-size":"auto","background-attachment":"scroll","background-type":"","background-media":"","overlay-type":"","overlay-color":"","overlay-opacity":"","overlay-gradient":""},"tablet":{"background-color":"","background-image":"","background-repeat":"repeat","background-position":"center center","background-size":"auto","background-attachment":"scroll","background-type":"","background-media":"","overlay-type":"","overlay-color":"","overlay-opacity":"","overlay-gradient":""},"mobile":{"background-color":"","background-image":"","background-repeat":"repeat","background-position":"center center","background-size":"auto","background-attachment":"scroll","background-type":"","background-media":"","overlay-type":"","overlay-color":"","overlay-opacity":"","overlay-gradient":""}},"ast-content-background-meta":{"desktop":{"background-color":"var(--ast-global-color-5)","background-image":"","background-repeat":"repeat","background-position":"center center","background-size":"auto","background-attachment":"scroll","background-type":"","background-media":"","overlay-type":"","overlay-color":"","overlay-opacity":"","overlay-gradient":""},"tablet":{"background-color":"var(--ast-global-color-5)","background-image":"","background-repeat":"repeat","background-position":"center center","background-size":"auto","background-attachment":"scroll","background-type":"","background-media":"","overlay-type":"","overlay-color":"","overlay-opacity":"","overlay-gradient":""},"mobile":{"background-color":"var(--ast-global-color-5)","background-image":"","background-repeat":"repeat","background-position":"center center","background-size":"auto","background-attachment":"scroll","background-type":"","background-media":"","overlay-type":"","overlay-color":"","overlay-opacity":"","overlay-gradient":""}},"footnotes":""},"product-category":[98],"product-tag":[],"class_list":["post-2225","product","type-product","status-publish","format-standard","has-post-thumbnail","hentry","product-category-digital-display"],"acf":[],"_links":{"self":[{"href":"https:\/\/www.mekeltech.com\/pt\/wp-json\/wp\/v2\/product\/2225","targetHints":{"allow":["GET"]}}],"collection":[{"href":"https:\/\/www.mekeltech.com\/pt\/wp-json\/wp\/v2\/product"}],"about":[{"href":"https:\/\/www.mekeltech.com\/pt\/wp-json\/wp\/v2\/types\/product"}],"author":[{"embeddable":true,"href":"https:\/\/www.mekeltech.com\/pt\/wp-json\/wp\/v2\/users\/1"}],"version-history":[{"count":10,"href":"https:\/\/www.mekeltech.com\/pt\/wp-json\/wp\/v2\/product\/2225\/revisions"}],"predecessor-version":[{"id":6815,"href":"https:\/\/www.mekeltech.com\/pt\/wp-json\/wp\/v2\/product\/2225\/revisions\/6815"}],"wp:featuredmedia":[{"embeddable":true,"href":"https:\/\/www.mekeltech.com\/pt\/wp-json\/wp\/v2\/media\/3372"}],"wp:attachment":[{"href":"https:\/\/www.mekeltech.com\/pt\/wp-json\/wp\/v2\/media?parent=2225"}],"wp:term":[{"taxonomy":"product-category","embeddable":true,"href":"https:\/\/www.mekeltech.com\/pt\/wp-json\/wp\/v2\/product-category?post=2225"},{"taxonomy":"product-tag","embeddable":true,"href":"https:\/\/www.mekeltech.com\/pt\/wp-json\/wp\/v2\/product-tag?post=2225"}],"curies":[{"name":"wp","href":"https:\/\/api.w.org\/{rel}","templated":true}]}}