{"id":2221,"date":"2025-05-06T09:59:20","date_gmt":"2025-05-06T09:59:20","guid":{"rendered":"https:\/\/mekeltech.com\/?post_type=product&#038;p=2221"},"modified":"2025-06-18T18:06:28","modified_gmt":"2025-06-18T10:06:28","slug":"type-2-to-type-2-charging-cable","status":"publish","type":"product","link":"https:\/\/www.mekeltech.com\/pt\/product\/type-2-to-type-2-charging-cable\/","title":{"rendered":"Cabo de carregamento de tipo 2 para tipo 2"},"content":{"rendered":"<h2 class=\"wp-block-heading\"><strong>Tipo 2 Padr\u00e3o<\/strong><\/h2>\n\n\n\n<ul class=\"wp-block-list\">\n<li>32A \/ 16A | 3 fases \/ 1 fase<\/li>\n\n\n\n<li>Certifica\u00e7\u00e3o TUV, CE, UKCA, RoHS<\/li>\n\n\n\n<li>Material de revestimento exterior TPU retardador de chama<\/li>\n<\/ul>\n\n\n\n<p>O Cabo de Carregamento EV Tipo 2 para Tipo 2 da Mekel proporciona uma compatibilidade sem esfor\u00e7o para ve\u00edculos el\u00e9ctricos equipados com uma tomada Tipo 2 ou CCS 2. O cabo apresenta um design ergon\u00f3mico para as fichas de pega, tanto na entrada do ve\u00edculo como nas extremidades da esta\u00e7\u00e3o de carregamento. Fabricado com materiais de alta qualidade e concebido para cumprir as normas actuais mais rigorosas da UE, este cabo garante uma experi\u00eancia de carregamento fi\u00e1vel e segura em cada utiliza\u00e7\u00e3o.<\/p>\n\n\n\n<h2 class=\"wp-block-heading\"><strong>O que \u00e9 um cabo de carregamento de tipo 2 para tipo 2?<\/strong><\/h2>\n\n\n\n<p>Um cabo de carregamento de Tipo 2 para Tipo 2 \u00e9 utilizado para carregar ve\u00edculos el\u00e9ctricos (VEs) em carregadores p\u00fablicos ou dom\u00e9sticos de VEs. Estes carregadores de ve\u00edculos el\u00e9ctricos s\u00e3o normalmente carregadores de corrente alternada (CA) com uma gama de pot\u00eancia de 7kw a 22kw e n\u00e3o t\u00eam um cabo ligado \u00e0 extremidade da esta\u00e7\u00e3o de carregamento. Este cabo de carregamento \u00e9 especialmente \u00fatil em zonas como a Europa, onde dominam os carregadores de tipo 2. Outros carregadores de tipo 2 dominantes em \u00e1reas geogr\u00e1ficas do Sudeste Asi\u00e1tico e do M\u00e9dio Oriente tamb\u00e9m utilizam este produto. Funciona como um conetor, permitindo aos utilizadores carregar em diferentes esta\u00e7\u00f5es de carregamento, quer estejam em viagem ou em casa.<\/p>\n\n\n\n<h2 class=\"wp-block-heading\"><strong>Como \u00e9 que funciona?&nbsp;<\/strong><\/h2>\n\n\n\n<p>A ficha macho Tipo 2 do cabo liga-se \u00e0 esta\u00e7\u00e3o de carregamento, enquanto a ficha f\u00eamea \u00e9 ligada ao ve\u00edculo. A configura\u00e7\u00e3o assegura um fornecimento \u00f3timo de energia el\u00e9ctrica e a comunica\u00e7\u00e3o entre a esta\u00e7\u00e3o e o VE. Isto permite um carregamento seguro com n\u00edveis de pot\u00eancia adequados e a capacidade de identificar quaisquer problemas durante o processo.<\/p>\n\n\n\n<h2 class=\"wp-block-heading\"><strong>Porqu\u00ea escolher o cabo de carregamento Mekel Tipo 2 para Tipo 2?<\/strong><\/h2>\n\n\n\n<h3 class=\"wp-block-heading\"><strong>Certifica\u00e7\u00f5es l\u00edderes do sector<\/strong><\/h3>\n\n\n\n<p>Testado e certificado pelo prestigiado laborat\u00f3rio de testes TUV Rheinland para as certifica\u00e7\u00f5es TUV, CE e UKCA, o cabo de carregamento tipo 2 foi submetido a testes rigorosos como nenhum outro produto compar\u00e1vel no mercado. Isto garante que cada utilizador carregue o seu ve\u00edculo el\u00e9trico com tranquilidade, sabendo que a seguran\u00e7a certificada \u00e9 a prioridade m\u00e1xima da constru\u00e7\u00e3o.<\/p>\n\n\n\n<h3 class=\"wp-block-heading\"><strong>Qualidade robusta<\/strong><\/h3>\n\n\n\n<p>Quer esteja a operar uma rede de esta\u00e7\u00f5es de carregamento de ve\u00edculos el\u00e9ctricos ou uma frota de ve\u00edculos el\u00e9ctricos, o Cabo de Carregamento de Ve\u00edculos El\u00e9ctricos Tipo 2 da Mekel oferece-lhe o m\u00e1ximo valor atrav\u00e9s da longevidade e robustez do produto. Comprovado em ambientes de teste de ciclos de utiliza\u00e7\u00e3o, este cabo foi constru\u00eddo para suportar mais de 10.000 ciclos de utiliza\u00e7\u00e3o. Adequado para todas as empresas e clientes individuais numa base de utiliza\u00e7\u00e3o di\u00e1ria.<\/p>\n\n\n\n<h3 class=\"wp-block-heading\"><strong>Protegido contra ambientes e condi\u00e7\u00f5es climat\u00e9ricas extremas<\/strong><\/h3>\n\n\n\n<p>O Cabo de Carregamento Tipo 2 da Mekel proporciona desempenho independentemente de ambientes de frio glacial ou de calor derretido. Com n\u00edveis de prote\u00e7\u00e3o de entrada de 65\/54, o cabo foi concebido para resistir a condi\u00e7\u00f5es de chuva e neve. Este cabo foi concebido para ser utilizado em toda a gama de ambientes, incluindo condi\u00e7\u00f5es climat\u00e9ricas de calor extremo nos pa\u00edses situados ao longo do equador e condi\u00e7\u00f5es climat\u00e9ricas de frio extremo tamb\u00e9m nos pa\u00edses n\u00f3rdicos.<\/p>\n\n\n\n<h2 class=\"wp-block-heading\"><strong>Principais carater\u00edsticas do cabo de carregamento Mekel Tipo 2<\/strong><\/h2>\n\n\n\n<ul class=\"wp-block-list\">\n<li>Certifica\u00e7\u00e3o TUV, CE, UKCA, RoHS<\/li>\n\n\n\n<li>Solu\u00e7\u00f5es flex\u00edveis de personaliza\u00e7\u00e3o: Grava\u00e7\u00e3o a laser do log\u00f3tipo, comprimento, cor, embalagem<\/li>\n\n\n\n<li>2 anos de garantia<\/li>\n\n\n\n<li>Prote\u00e7\u00e3o superior contra a \u00e1gua<\/li>\n\n\n\n<li>Extensa rede de distribui\u00e7\u00e3o global<\/li>\n<\/ul>\n\n\n\n<h2 class=\"wp-block-heading\"><strong>Especifica\u00e7\u00f5es t\u00e9cnicas<\/strong><\/h2>\n\n\n\n<h2 class=\"wp-block-heading\"><strong>Porqu\u00ea escolher o cabo de carregamento Mekel Tipo 2<\/strong><\/h2>\n\n\n\n<ul class=\"wp-block-list\">\n<li><strong>Carregamento r\u00e1pido<\/strong><\/li>\n\n\n\n<li><strong>Compatibilidade entre mercados<\/strong>\n<ul class=\"wp-block-list\">\n<li>O Cabo de Carregamento Tipo 2 da Mekel \u00e9 compat\u00edvel com os principais mercados, incluindo a Europa, o Sudeste Asi\u00e1tico e o M\u00e9dio Oriente, permitindo flexibilidade no carregamento, independentemente da sua frota e da rede de esta\u00e7\u00f5es de carregamento<\/li>\n<\/ul>\n<\/li>\n\n\n\n<li><strong>Op\u00e7\u00f5es de personaliza\u00e7\u00e3o flex\u00edveis<\/strong>\n<ul class=\"wp-block-list\">\n<li>Personalizado de acordo com a sua prefer\u00eancia de cor, comprimento, log\u00f3tipo do produto e embalagem do produto, apresentando a marca da sua empresa para gerar consci\u00eancia e tra\u00e7\u00e3o entre os utilizadores.<\/li>\n<\/ul>\n<\/li>\n<\/ul>\n\n\n\n<h2 class=\"wp-block-heading\"><strong>Testemunhos de clientes<\/strong><\/h2>\n\n\n\n<p>\"Adicion\u00e1mos os cabos de carregamento Tipo 2 da Mekel para complementar os nossos produtos de acess\u00f3rios para ve\u00edculos el\u00e9ctricos que temos distribu\u00eddo atrav\u00e9s da nossa loja online. Estamos muito satisfeitos com a forma como a equipa da Mekel trabalhou connosco na coloca\u00e7\u00e3o do log\u00f3tipo, no layout e no design geral da embalagem. Isto era importante para n\u00f3s, pois quer\u00edamos ter consist\u00eancia na representa\u00e7\u00e3o da nossa imagem de marca. O feedback dos clientes sobre o design e a qualidade tem sido brilhante. Esperamos continuar a aumentar o nosso volume como resultado\"<\/p>\n\n\n\n<ul class=\"wp-block-list\">\n<li>James, Distribuidor Online<\/li>\n<\/ul>\n\n\n\n<h2 class=\"wp-block-heading\"><strong>FAQ<\/strong><\/h2>\n\n\n\n<p><strong>P: Este cabo \u00e9 compat\u00edvel com Ve\u00edculos El\u00e9ctricos a Bateria (BEV) e Ve\u00edculos El\u00e9ctricos H\u00edbridos de Plug-in (PHEV)?<\/strong><\/p>\n\n\n\n<p>R: Verificar se a entrada de carregamento do autom\u00f3vel \u00e9 do tipo 2 (Mennekes, 7 pinos) ou CCS 2 (7 pinos + 2 pinos). O nosso cabo \u00e9 compat\u00edvel com VEB e VEPI com entradas de carregamento do tipo 2 e CCS.<\/p>\n\n\n\n<p><strong>P: O cabo \u00e9 fornecido com certifica\u00e7\u00e3o de qualidade?<\/strong><\/p>\n\n\n\n<p>R: Sim. Os nossos cabos de carregamento de tipo 2 est\u00e3o em conformidade com as normas TUV, CE e UKCA. Estes s\u00e3o os requisitos de certifica\u00e7\u00e3o mais rigorosos na Europa e no Reino Unido. Garantir uma qualidade de topo \u00e9 a nossa principal prioridade<\/p>\n\n\n\n<p><strong>P: Onde pode ser utilizado o cabo de carregamento de tipo 2?<\/strong><\/p>\n\n\n\n<p>R: O cabo de carregamento de tipo 2 pode ser utilizado em qualquer posto de carregamento CA com uma tomada de tipo 2, independentemente de se tratar de um posto de carregamento p\u00fablico ou de uma caixa de parede instalada em casa. Normalmente, existem postos de carregamento com tomadas de tipo 2 na Europa, no Sudeste Asi\u00e1tico e no M\u00e9dio Oriente. Assim, o cabo de carregamento de tipo 2 \u00e9 altamente vers\u00e1til e compat\u00edvel.<\/p>\n\n\n\n<p><strong>P: Como escolher o cabo correto?<\/strong><\/p>\n\n\n\n<p>R: Pode verificar as normas de carregamento do ve\u00edculo e da esta\u00e7\u00e3o de carregamento para determinar a quantidade de kW que o autom\u00f3vel pode carregar. Recomenda-se 22kw, uma vez que \u00e9 compat\u00edvel com todos os ve\u00edculos e esta\u00e7\u00f5es de carregamento CA e pode reduzir para 11kw e 7kw de carregamento em diferentes cen\u00e1rios. Em termos de comprimento, 5 m \u00e9 ideal para a utiliza\u00e7\u00e3o di\u00e1ria em casa e na estrada. Em alguns ambientes comerciais, podem ser necess\u00e1rios cabos de maior comprimento. Recomenda-se a medi\u00e7\u00e3o dessas dist\u00e2ncias antes da decis\u00e3o de compra.<\/p>\n\n\n\n<p><strong>P: Pode ser utilizado para um carregamento r\u00e1pido DC?<\/strong><\/p>\n\n\n\n<p>R: N\u00e3o. O nosso cabo tipo 2 foi concebido para funcionar com o carregamento r\u00e1pido CA e n\u00e3o deve ser utilizado para o carregamento r\u00e1pido CC. O carregamento DC requer uma interface de carregamento e um cabo diferentes.<\/p>","protected":false},"excerpt":{"rendered":"<p>O Cabo de Carregamento EV Tipo 2 Standard Mekel Tipo 2 para Tipo 2 proporciona uma compatibilidade sem esfor\u00e7o para ve\u00edculos el\u00e9ctricos equipados com uma tomada Tipo 2 ou CCS 2. O cabo apresenta um design ergon\u00f3mico para as fichas de pega, tanto na entrada do ve\u00edculo como nas extremidades da esta\u00e7\u00e3o de carregamento. Fabricado com materiais de alta qualidade e concebido para cumprir as actuais normas [...]<\/p>","protected":false},"author":1,"featured_media":3405,"menu_order":0,"template":"","format":"standard","meta":{"_acf_changed":false,"site-sidebar-layout":"default","site-content-layout":"","ast-site-content-layout":"default","site-content-style":"default","site-sidebar-style":"default","ast-global-header-display":"","ast-banner-title-visibility":"","ast-main-header-display":"","ast-hfb-above-header-display":"","ast-hfb-below-header-display":"","ast-hfb-mobile-header-display":"","site-post-title":"","ast-breadcrumbs-content":"","ast-featured-img":"","footer-sml-layout":"","ast-disable-related-posts":"","theme-transparent-header-meta":"","adv-header-id-meta":"","stick-header-meta":"","header-above-stick-meta":"","header-main-stick-meta":"","header-below-stick-meta":"","astra-migrate-meta-layouts":"set","ast-page-background-enabled":"default","ast-page-background-meta":{"desktop":{"background-color":"","background-image":"","background-repeat":"repeat","background-position":"center center","background-size":"auto","background-attachment":"scroll","background-type":"","background-media":"","overlay-type":"","overlay-color":"","overlay-opacity":"","overlay-gradient":""},"tablet":{"background-color":"","background-image":"","background-repeat":"repeat","background-position":"center center","background-size":"auto","background-attachment":"scroll","background-type":"","background-media":"","overlay-type":"","overlay-color":"","overlay-opacity":"","overlay-gradient":""},"mobile":{"background-color":"","background-image":"","background-repeat":"repeat","background-position":"center center","background-size":"auto","background-attachment":"scroll","background-type":"","background-media":"","overlay-type":"","overlay-color":"","overlay-opacity":"","overlay-gradient":""}},"ast-content-background-meta":{"desktop":{"background-color":"var(--ast-global-color-5)","background-image":"","background-repeat":"repeat","background-position":"center center","background-size":"auto","background-attachment":"scroll","background-type":"","background-media":"","overlay-type":"","overlay-color":"","overlay-opacity":"","overlay-gradient":""},"tablet":{"background-color":"var(--ast-global-color-5)","background-image":"","background-repeat":"repeat","background-position":"center center","background-size":"auto","background-attachment":"scroll","background-type":"","background-media":"","overlay-type":"","overlay-color":"","overlay-opacity":"","overlay-gradient":""},"mobile":{"background-color":"var(--ast-global-color-5)","background-image":"","background-repeat":"repeat","background-position":"center center","background-size":"auto","background-attachment":"scroll","background-type":"","background-media":"","overlay-type":"","overlay-color":"","overlay-opacity":"","overlay-gradient":""}},"footnotes":""},"product-category":[90],"product-tag":[],"class_list":["post-2221","product","type-product","status-publish","format-standard","has-post-thumbnail","hentry","product-category-charging-cable"],"acf":[],"_links":{"self":[{"href":"https:\/\/www.mekeltech.com\/pt\/wp-json\/wp\/v2\/product\/2221","targetHints":{"allow":["GET"]}}],"collection":[{"href":"https:\/\/www.mekeltech.com\/pt\/wp-json\/wp\/v2\/product"}],"about":[{"href":"https:\/\/www.mekeltech.com\/pt\/wp-json\/wp\/v2\/types\/product"}],"author":[{"embeddable":true,"href":"https:\/\/www.mekeltech.com\/pt\/wp-json\/wp\/v2\/users\/1"}],"version-history":[{"count":8,"href":"https:\/\/www.mekeltech.com\/pt\/wp-json\/wp\/v2\/product\/2221\/revisions"}],"predecessor-version":[{"id":4523,"href":"https:\/\/www.mekeltech.com\/pt\/wp-json\/wp\/v2\/product\/2221\/revisions\/4523"}],"wp:featuredmedia":[{"embeddable":true,"href":"https:\/\/www.mekeltech.com\/pt\/wp-json\/wp\/v2\/media\/3405"}],"wp:attachment":[{"href":"https:\/\/www.mekeltech.com\/pt\/wp-json\/wp\/v2\/media?parent=2221"}],"wp:term":[{"taxonomy":"product-category","embeddable":true,"href":"https:\/\/www.mekeltech.com\/pt\/wp-json\/wp\/v2\/product-category?post=2221"},{"taxonomy":"product-tag","embeddable":true,"href":"https:\/\/www.mekeltech.com\/pt\/wp-json\/wp\/v2\/product-tag?post=2221"}],"curies":[{"name":"wp","href":"https:\/\/api.w.org\/{rel}","templated":true}]}}