{"id":2794,"date":"2025-05-13T03:05:01","date_gmt":"2025-05-13T03:05:01","guid":{"rendered":"https:\/\/mekeltech.com\/?page_id=2794"},"modified":"2025-08-21T11:43:12","modified_gmt":"2025-08-21T03:43:12","slug":"customer-cases","status":"publish","type":"page","link":"https:\/\/www.mekeltech.com\/pt\/customer-cases\/","title":{"rendered":"Casos de clientes"},"content":{"rendered":"<div data-elementor-type=\"wp-page\" data-elementor-id=\"2794\" class=\"elementor elementor-2794\" data-elementor-post-type=\"page\">\n\t\t\t\t<div class=\"elementor-element elementor-element-55974a8 e-flex e-con-boxed e-con e-parent\" data-id=\"55974a8\" data-element_type=\"container\" data-settings=\"{&quot;background_background&quot;:&quot;classic&quot;}\">\n\t\t\t\t\t<div class=\"e-con-inner\">\n\t\t<div class=\"elementor-element elementor-element-c61b5fd e-con-full e-flex e-con e-child\" data-id=\"c61b5fd\" data-element_type=\"container\">\n\t\t<div class=\"elementor-element elementor-element-74d7cfc e-con-full e-flex e-con e-child\" data-id=\"74d7cfc\" data-element_type=\"container\" data-settings=\"{&quot;background_background&quot;:&quot;classic&quot;}\">\n\t\t\t\t<div class=\"elementor-element elementor-element-ae83ca3 elementor-widget elementor-widget-heading\" data-id=\"ae83ca3\" data-element_type=\"widget\" data-widget_type=\"heading.default\">\n\t\t\t\t<div class=\"elementor-widget-container\">\n\t\t\t\t\t<h1 class=\"elementor-heading-title elementor-size-default\">Casos de clientes<\/h1>\t\t\t\t<\/div>\n\t\t\t\t<\/div>\n\t\t\t\t<div class=\"elementor-element elementor-element-eee93c6 elementor-widget elementor-widget-breadcrumbs\" data-id=\"eee93c6\" data-element_type=\"widget\" data-widget_type=\"breadcrumbs.default\">\n\t\t\t\t<div class=\"elementor-widget-container\">\n\t\t\t\t\t<nav aria-label=\"p\u00e3o ralado\" class=\"rank-math-breadcrumb\"><p><span class=\"last\">In\u00edcio<\/span><\/p><\/nav>\t\t\t\t<\/div>\n\t\t\t\t<\/div>\n\t\t\t\t<\/div>\n\t\t<div class=\"elementor-element elementor-element-acb531d e-con-full e-flex e-con e-child\" data-id=\"acb531d\" data-element_type=\"container\">\n\t\t\t\t<\/div>\n\t\t\t\t<\/div>\n\t\t\t\t\t<\/div>\n\t\t\t\t<\/div>\n\t\t<div class=\"elementor-element elementor-element-2195dfa e-flex e-con-boxed e-con e-parent\" data-id=\"2195dfa\" data-element_type=\"container\">\n\t\t\t\t\t<div class=\"e-con-inner\">\n\t\t\t\t<div class=\"elementor-element elementor-element-1b3995e elementor-widget elementor-widget-text-editor\" data-id=\"1b3995e\" data-element_type=\"widget\" data-widget_type=\"text-editor.default\">\n\t\t\t\t<div class=\"elementor-widget-container\">\n\t\t\t\t\t\t\t\t\t<p>A Mekel tem sido uma for\u00e7a motriz na revolu\u00e7\u00e3o dos VE desde <strong>2015<\/strong>. Como profissional <strong>Acess\u00f3rios e equipamento de carregamento de ve\u00edculos el\u00e9ctricos <\/strong>fabricante e fornecedor global com sede em <strong>Xangai<\/strong>com escrit\u00f3rios estrat\u00e9gicos em <strong>Shenzhen<\/strong> e <strong>Singapura<\/strong>, ajud\u00e1mos clientes em mais de <strong>50<\/strong> os pa\u00edses ultrapassem os principais obst\u00e1culos \u00e0 ado\u00e7\u00e3o dos VE.<\/p><p>Como seu parceiro de carregamento de ve\u00edculos el\u00e9ctricos, oferecemos mais do que pe\u00e7as e acess\u00f3rios normalizados. Fornecemos solu\u00e7\u00f5es abrangentes: <strong>fornecimento completo, personaliza\u00e7\u00e3o e OEM\/ODM<\/strong>SDK e apoio t\u00e9cnico, servi\u00e7o profissional de apoio ao cliente e log\u00edstica global.<\/p><p>Abaixo est\u00e3o os resultados tang\u00edveis do nosso modelo de parceria. Saiba como as empresas globais aproveitaram a experi\u00eancia, os processos de fabrico flex\u00edveis e o apoio inabal\u00e1vel da MekelTech para atingir os seus objectivos.<\/p><p>Explore estas hist\u00f3rias reais de sucesso para saber como a MekelTech pode ser o catalisador para realizar os seus sonhos de carregamento de ve\u00edculos el\u00e9ctricos. Estamos empenhados na sua satisfa\u00e7\u00e3o e na cria\u00e7\u00e3o de parcerias duradouras que impulsionem o crescimento da ind\u00fastria.<\/p>\t\t\t\t\t\t\t\t<\/div>\n\t\t\t\t<\/div>\n\t\t\t\t<div class=\"elementor-element elementor-element-d66edd7 e-n-tabs-mobile elementor-widget elementor-widget-n-tabs\" data-id=\"d66edd7\" data-element_type=\"widget\" data-settings=\"{&quot;horizontal_scroll&quot;:&quot;disable&quot;}\" data-widget_type=\"nested-tabs.default\">\n\t\t\t\t<div class=\"elementor-widget-container\">\n\t\t\t\t\t\t\t<div class=\"e-n-tabs\" data-widget-number=\"224849367\" aria-label=\"Schede. Apri gli elementi con Invio o Spazio, chiudili con Esc e naviga con i tasti freccia.\">\n\t\t\t<div class=\"e-n-tabs-heading\" role=\"tablist\">\n\t\t\t\t\t<button id=\"e-n-tab-title-2248493671\" data-tab-title-id=\"e-n-tab-title-2248493671\" class=\"e-n-tab-title\" aria-selected=\"true\" data-tab-index=\"1\" role=\"tab\" tabindex=\"0\" aria-controls=\"e-n-tab-content-2248493671\" style=\"--n-tabs-title-order: 1;\">\n\t\t\t\t\t\t<span class=\"e-n-tab-title-text\">\n\t\t\t\tOEM\/ODM\t\t\t<\/span>\n\t\t<\/button>\n\t\t\t\t<button id=\"e-n-tab-title-2248493672\" data-tab-title-id=\"e-n-tab-title-2248493672\" class=\"e-n-tab-title\" aria-selected=\"false\" data-tab-index=\"2\" role=\"tab\" tabindex=\"-1\" aria-controls=\"e-n-tab-content-2248493672\" style=\"--n-tabs-title-order: 2;\">\n\t\t\t\t\t\t<span class=\"e-n-tab-title-text\">\n\t\t\t\tGrossista\/retalhista\t\t\t<\/span>\n\t\t<\/button>\n\t\t\t\t\t<\/div>\n\t\t\t<div class=\"e-n-tabs-content\">\n\t\t\t\t<div id=\"e-n-tab-content-2248493671\" role=\"tabpanel\" aria-labelledby=\"e-n-tab-title-2248493671\" data-tab-index=\"1\" style=\"--n-tabs-title-order: 1;\" class=\"e-active elementor-element elementor-element-581622f e-con-full e-flex e-con e-child\" data-id=\"581622f\" data-element_type=\"container\">\n\t\t\t\t<div class=\"elementor-element elementor-element-bf65b28 elementor-grid-3 elementor-grid-tablet-2 elementor-grid-mobile-1 elementor-posts--thumbnail-top elementor-widget elementor-widget-posts\" data-id=\"bf65b28\" data-element_type=\"widget\" data-settings=\"{&quot;classic_columns&quot;:&quot;3&quot;,&quot;classic_columns_tablet&quot;:&quot;2&quot;,&quot;classic_columns_mobile&quot;:&quot;1&quot;,&quot;classic_row_gap&quot;:{&quot;unit&quot;:&quot;px&quot;,&quot;size&quot;:35,&quot;sizes&quot;:[]},&quot;classic_row_gap_tablet&quot;:{&quot;unit&quot;:&quot;px&quot;,&quot;size&quot;:&quot;&quot;,&quot;sizes&quot;:[]},&quot;classic_row_gap_mobile&quot;:{&quot;unit&quot;:&quot;px&quot;,&quot;size&quot;:&quot;&quot;,&quot;sizes&quot;:[]}}\" data-widget_type=\"posts.classic\">\n\t\t\t\t<div class=\"elementor-widget-container\">\n\t\t\t\t\t\t\t<div class=\"elementor-posts-container elementor-posts elementor-posts--skin-classic elementor-grid\" role=\"list\">\n\t\t\t\t<article class=\"elementor-post elementor-grid-item post-4394 post type-post status-publish format-standard has-post-thumbnail hentry category-case-studies category-oem-odm\" role=\"listitem\">\n\t\t\t\t<a class=\"elementor-post__thumbnail__link\" href=\"https:\/\/www.mekeltech.com\/pt\/ev-charging-accessories-for-european-ev-manufacturer\/\" tabindex=\"-1\" >\n\t\t\t<div class=\"elementor-post__thumbnail\"><img fetchpriority=\"high\" decoding=\"async\" width=\"800\" height=\"600\" src=\"https:\/\/www.mekeltech.com\/wp-content\/uploads\/2025\/05\/17.webp\" class=\"attachment-full size-full wp-image-3480\" alt=\"Acess\u00f3rios de carregamento para ve\u00edculos el\u00e9ctricos\" srcset=\"https:\/\/www.mekeltech.com\/wp-content\/uploads\/2025\/05\/17.webp 800w, https:\/\/www.mekeltech.com\/wp-content\/uploads\/2025\/05\/17-300x225.webp 300w, https:\/\/www.mekeltech.com\/wp-content\/uploads\/2025\/05\/17-768x576.webp 768w\" sizes=\"(max-width: 800px) 100vw, 800px\" \/><\/div>\n\t\t<\/a>\n\t\t\t\t<div class=\"elementor-post__text\">\n\t\t\t\t<h2 class=\"elementor-post__title\">\n\t\t\t<a href=\"https:\/\/www.mekeltech.com\/pt\/ev-charging-accessories-for-european-ev-manufacturer\/\" >\n\t\t\t\tAcess\u00f3rios de carregamento de ve\u00edculos el\u00e9ctricos para fabricantes europeus de ve\u00edculos el\u00e9ctricos\t\t\t<\/a>\n\t\t<\/h2>\n\t\t\t\t<div class=\"elementor-post__meta-data\">\n\t\t\t\t\t<span class=\"elementor-post-date\">\n\t\t\tjunho 10, 2025\t\t<\/span>\n\t\t\t\t<\/div>\n\t\t\t\t<div class=\"elementor-post__excerpt\">\n\t\t\t<p>O cliente \u00e9 um fabricante de ve\u00edculos el\u00e9ctricos em ascens\u00e3o na Europa, destinado a produzir ve\u00edculos el\u00e9ctricos de luxo topo de gama, valorizando a qualidade do produto e o bom gosto est\u00e9tico como as suas principais prioridades. A Mekel formou uma parceria estrat\u00e9gica com o cliente para fornecer acess\u00f3rios para ve\u00edculos el\u00e9ctricos, incluindo tudo, desde esta\u00e7\u00f5es de carregamento e cabos<\/p>\n\t\t<\/div>\n\t\t\n\t\t<a class=\"elementor-post__read-more\" href=\"https:\/\/www.mekeltech.com\/pt\/ev-charging-accessories-for-european-ev-manufacturer\/\" aria-label=\"Read more about EV Charging Accessories for European EV Manufacturer\" tabindex=\"-1\" >\n\t\t\tLer mais \"\t\t<\/a>\n\n\t\t\t\t<\/div>\n\t\t\t\t<\/article>\n\t\t\t\t<\/div>\n\t\t\n\t\t\t\t\t\t<\/div>\n\t\t\t\t<\/div>\n\t\t\t\t<\/div>\n\t\t<div id=\"e-n-tab-content-2248493672\" role=\"tabpanel\" aria-labelledby=\"e-n-tab-title-2248493672\" data-tab-index=\"2\" style=\"--n-tabs-title-order: 2;\" class=\"elementor-element elementor-element-b646687 e-con-full e-flex e-con e-child\" data-id=\"b646687\" data-element_type=\"container\">\n\t\t\t\t<div class=\"elementor-element elementor-element-f1f13c6 elementor-grid-3 elementor-grid-tablet-2 elementor-grid-mobile-1 elementor-posts--thumbnail-top elementor-widget elementor-widget-posts\" data-id=\"f1f13c6\" data-element_type=\"widget\" data-settings=\"{&quot;classic_columns&quot;:&quot;3&quot;,&quot;classic_columns_tablet&quot;:&quot;2&quot;,&quot;classic_columns_mobile&quot;:&quot;1&quot;,&quot;classic_row_gap&quot;:{&quot;unit&quot;:&quot;px&quot;,&quot;size&quot;:35,&quot;sizes&quot;:[]},&quot;classic_row_gap_tablet&quot;:{&quot;unit&quot;:&quot;px&quot;,&quot;size&quot;:&quot;&quot;,&quot;sizes&quot;:[]},&quot;classic_row_gap_mobile&quot;:{&quot;unit&quot;:&quot;px&quot;,&quot;size&quot;:&quot;&quot;,&quot;sizes&quot;:[]}}\" data-widget_type=\"posts.classic\">\n\t\t\t\t<div class=\"elementor-widget-container\">\n\t\t\t\t\t\t\t<div class=\"elementor-posts-container elementor-posts elementor-posts--skin-classic elementor-grid\" role=\"list\">\n\t\t\t\t<article class=\"elementor-post elementor-grid-item post-4402 post type-post status-publish format-standard has-post-thumbnail hentry category-case-studies category-wholesaler-retailer\" role=\"listitem\">\n\t\t\t\t<a class=\"elementor-post__thumbnail__link\" href=\"https:\/\/www.mekeltech.com\/pt\/ev-charging-accessories-for-auto-parts-distributor-in-uae\/\" tabindex=\"-1\" >\n\t\t\t<div class=\"elementor-post__thumbnail\"><img decoding=\"async\" width=\"800\" height=\"800\" src=\"https:\/\/www.mekeltech.com\/wp-content\/uploads\/2025\/04\/124.webp\" class=\"attachment-full size-full wp-image-3496\" alt=\"Adaptador CCS2 para GBT DC\" srcset=\"https:\/\/www.mekeltech.com\/wp-content\/uploads\/2025\/04\/124.webp 800w, https:\/\/www.mekeltech.com\/wp-content\/uploads\/2025\/04\/124-300x300.webp 300w, https:\/\/www.mekeltech.com\/wp-content\/uploads\/2025\/04\/124-150x150.webp 150w, https:\/\/www.mekeltech.com\/wp-content\/uploads\/2025\/04\/124-768x768.webp 768w\" sizes=\"(max-width: 800px) 100vw, 800px\" \/><\/div>\n\t\t<\/a>\n\t\t\t\t<div class=\"elementor-post__text\">\n\t\t\t\t<h2 class=\"elementor-post__title\">\n\t\t\t<a href=\"https:\/\/www.mekeltech.com\/pt\/ev-charging-accessories-for-auto-parts-distributor-in-uae\/\" >\n\t\t\t\tAcess\u00f3rios de carregamento de ve\u00edculos el\u00e9ctricos para distribuidor de pe\u00e7as autom\u00f3veis nos EAU\t\t\t<\/a>\n\t\t<\/h2>\n\t\t\t\t<div class=\"elementor-post__meta-data\">\n\t\t\t\t\t<span class=\"elementor-post-date\">\n\t\t\tjunho 12, 2025\t\t<\/span>\n\t\t\t\t<\/div>\n\t\t\t\t<div class=\"elementor-post__excerpt\">\n\t\t\t<p>O cliente \u00e9 um grande distribuidor de pe\u00e7as para autom\u00f3veis com lojas f\u00edsicas localizadas no Dubai, Abu Dhabi e Sharjah.   As vendas de ve\u00edculos el\u00e9ctricos nos Emirados \u00c1rabes Unidos aumentaram significativamente no ano passado com o aumento das importa\u00e7\u00f5es de ve\u00edculos el\u00e9ctricos da China, da UE e do Jap\u00e3o. A equipa de produtos do cliente rapidamente escolheu<\/p>\n\t\t<\/div>\n\t\t\n\t\t<a class=\"elementor-post__read-more\" href=\"https:\/\/www.mekeltech.com\/pt\/ev-charging-accessories-for-auto-parts-distributor-in-uae\/\" aria-label=\"Read more about EV Charging Accessories for Auto Parts Distributor in UAE\" tabindex=\"-1\" >\n\t\t\tLer mais \"\t\t<\/a>\n\n\t\t\t\t<\/div>\n\t\t\t\t<\/article>\n\t\t\t\t<article class=\"elementor-post elementor-grid-item post-4400 post type-post status-publish format-standard has-post-thumbnail hentry category-case-studies category-wholesaler-retailer\" role=\"listitem\">\n\t\t\t\t<a class=\"elementor-post__thumbnail__link\" href=\"https:\/\/www.mekeltech.com\/pt\/ev-charging-accessories-for-large-scale-wholesaler-in-germany\/\" tabindex=\"-1\" >\n\t\t\t<div class=\"elementor-post__thumbnail\"><img decoding=\"async\" width=\"612\" height=\"408\" src=\"https:\/\/www.mekeltech.com\/wp-content\/uploads\/2025\/06\/istockphoto-1292252309-612x612-1.jpg\" class=\"attachment-full size-full wp-image-3822\" alt=\"cabo de carregamento ev\" srcset=\"https:\/\/www.mekeltech.com\/wp-content\/uploads\/2025\/06\/istockphoto-1292252309-612x612-1.jpg 612w, https:\/\/www.mekeltech.com\/wp-content\/uploads\/2025\/06\/istockphoto-1292252309-612x612-1-300x200.jpg 300w\" sizes=\"(max-width: 612px) 100vw, 612px\" \/><\/div>\n\t\t<\/a>\n\t\t\t\t<div class=\"elementor-post__text\">\n\t\t\t\t<h2 class=\"elementor-post__title\">\n\t\t\t<a href=\"https:\/\/www.mekeltech.com\/pt\/ev-charging-accessories-for-large-scale-wholesaler-in-germany\/\" >\n\t\t\t\tAcess\u00f3rios de carregamento de ve\u00edculos el\u00e9ctricos para um grande grossista na Alemanha\t\t\t<\/a>\n\t\t<\/h2>\n\t\t\t\t<div class=\"elementor-post__meta-data\">\n\t\t\t\t\t<span class=\"elementor-post-date\">\n\t\t\tjunho 11, 2025\t\t<\/span>\n\t\t\t\t<\/div>\n\t\t\t\t<div class=\"elementor-post__excerpt\">\n\t\t\t<p>O cliente \u00e9 um grande grossista na Alemanha que vende tudo, desde produtos b\u00e1sicos para o lar a aparelhos electr\u00f3nicos. Tendo em conta o r\u00e1pido crescimento da procura de aparelhos relacionados com VE na Alemanha, o Cliente selecionou a Mekel como seu parceiro ODM para desenvolver e fabricar carregadores de VE dom\u00e9sticos<\/p>\n\t\t<\/div>\n\t\t\n\t\t<a class=\"elementor-post__read-more\" href=\"https:\/\/www.mekeltech.com\/pt\/ev-charging-accessories-for-large-scale-wholesaler-in-germany\/\" aria-label=\"Read more about EV Charging Accessories for Large-scale Wholesaler in Germany\" tabindex=\"-1\" >\n\t\t\tLer mais \"\t\t<\/a>\n\n\t\t\t\t<\/div>\n\t\t\t\t<\/article>\n\t\t\t\t<article class=\"elementor-post elementor-grid-item post-4390 post type-post status-publish format-standard has-post-thumbnail hentry category-case-studies category-wholesaler-retailer\" role=\"listitem\">\n\t\t\t\t<a class=\"elementor-post__thumbnail__link\" href=\"https:\/\/www.mekeltech.com\/pt\/custom-v2l-accessories-solution-powers-south-american-ev-importer\/\" tabindex=\"-1\" >\n\t\t\t<div class=\"elementor-post__thumbnail\"><img loading=\"lazy\" decoding=\"async\" width=\"1280\" height=\"960\" src=\"https:\/\/www.mekeltech.com\/wp-content\/uploads\/2025\/06\/2.jpeg\" class=\"attachment-full size-full wp-image-4418\" alt=\"Esta\u00e7\u00e3o de carregamento de ve\u00edculos el\u00e9ctricos\" srcset=\"https:\/\/www.mekeltech.com\/wp-content\/uploads\/2025\/06\/2.jpeg 1280w, https:\/\/www.mekeltech.com\/wp-content\/uploads\/2025\/06\/2-300x225.jpeg 300w, https:\/\/www.mekeltech.com\/wp-content\/uploads\/2025\/06\/2-1024x768.jpeg 1024w, https:\/\/www.mekeltech.com\/wp-content\/uploads\/2025\/06\/2-768x576.jpeg 768w, https:\/\/www.mekeltech.com\/wp-content\/uploads\/2025\/06\/2-16x12.jpeg 16w\" sizes=\"(max-width: 1280px) 100vw, 1280px\" \/><\/div>\n\t\t<\/a>\n\t\t\t\t<div class=\"elementor-post__text\">\n\t\t\t\t<h2 class=\"elementor-post__title\">\n\t\t\t<a href=\"https:\/\/www.mekeltech.com\/pt\/custom-v2l-accessories-solution-powers-south-american-ev-importer\/\" >\n\t\t\t\tSolu\u00e7\u00e3o personalizada de acess\u00f3rios V2L alimenta importador de VEs da Am\u00e9rica do Sul\t\t\t<\/a>\n\t\t<\/h2>\n\t\t\t\t<div class=\"elementor-post__meta-data\">\n\t\t\t\t\t<span class=\"elementor-post-date\">\n\t\t\tjunho 9, 2025\t\t<\/span>\n\t\t\t\t<\/div>\n\t\t\t\t<div class=\"elementor-post__excerpt\">\n\t\t\t<p>O cliente \u00e9 um grande importador de ve\u00edculos el\u00e9ctricos na Am\u00e9rica do Sul e queria incluir acess\u00f3rios V2L em todas as vendas de autom\u00f3veis para atrair clientes activos ao ar livre. O cliente contactou a Mekel relativamente a uma encomenda personalizada e exigiu um prazo desafiante de<\/p>\n\t\t<\/div>\n\t\t\n\t\t<a class=\"elementor-post__read-more\" href=\"https:\/\/www.mekeltech.com\/pt\/custom-v2l-accessories-solution-powers-south-american-ev-importer\/\" aria-label=\"Read more about Custom V2L Accessories Solution Powers South American EV Importer\" tabindex=\"-1\" >\n\t\t\tLer mais \"\t\t<\/a>\n\n\t\t\t\t<\/div>\n\t\t\t\t<\/article>\n\t\t\t\t<article class=\"elementor-post elementor-grid-item post-4397 post type-post status-publish format-standard has-post-thumbnail hentry category-case-studies category-wholesaler-retailer\" role=\"listitem\">\n\t\t\t\t<a class=\"elementor-post__thumbnail__link\" href=\"https:\/\/www.mekeltech.com\/pt\/ev-charging-accessories-for-bulgarian-car-dealership-chain\/\" tabindex=\"-1\" >\n\t\t\t<div class=\"elementor-post__thumbnail\"><img loading=\"lazy\" decoding=\"async\" width=\"1152\" height=\"864\" src=\"https:\/\/www.mekeltech.com\/wp-content\/uploads\/2025\/06\/1.jpeg\" class=\"attachment-full size-full wp-image-4417\" alt=\"Acess\u00f3rio de carregamento de ve\u00edculos el\u00e9ctricos\" srcset=\"https:\/\/www.mekeltech.com\/wp-content\/uploads\/2025\/06\/1.jpeg 1152w, https:\/\/www.mekeltech.com\/wp-content\/uploads\/2025\/06\/1-300x225.jpeg 300w, https:\/\/www.mekeltech.com\/wp-content\/uploads\/2025\/06\/1-1024x768.jpeg 1024w, https:\/\/www.mekeltech.com\/wp-content\/uploads\/2025\/06\/1-768x576.jpeg 768w, https:\/\/www.mekeltech.com\/wp-content\/uploads\/2025\/06\/1-16x12.jpeg 16w\" sizes=\"(max-width: 1152px) 100vw, 1152px\" \/><\/div>\n\t\t<\/a>\n\t\t\t\t<div class=\"elementor-post__text\">\n\t\t\t\t<h2 class=\"elementor-post__title\">\n\t\t\t<a href=\"https:\/\/www.mekeltech.com\/pt\/ev-charging-accessories-for-bulgarian-car-dealership-chain\/\" >\n\t\t\t\tAcess\u00f3rios de carregamento de ve\u00edculos el\u00e9ctricos para a cadeia de concession\u00e1rios de autom\u00f3veis da Bulg\u00e1ria\t\t\t<\/a>\n\t\t<\/h2>\n\t\t\t\t<div class=\"elementor-post__meta-data\">\n\t\t\t\t\t<span class=\"elementor-post-date\">\n\t\t\t8 de junho de 2025\t\t<\/span>\n\t\t\t\t<\/div>\n\t\t\t\t<div class=\"elementor-post__excerpt\">\n\t\t\t<p>O cliente \u00e9 uma grande cadeia de concession\u00e1rios de autom\u00f3veis na Bulg\u00e1ria que registou um crescimento significativo nas suas vendas de ve\u00edculos el\u00e9ctricos. Tendo encontrado problemas de qualidade com o seu fornecedor anterior e necessitando de um parceiro de fornecimento mais experiente para servir o seu r\u00e1pido crescimento,<\/p>\n\t\t<\/div>\n\t\t\n\t\t<a class=\"elementor-post__read-more\" href=\"https:\/\/www.mekeltech.com\/pt\/ev-charging-accessories-for-bulgarian-car-dealership-chain\/\" aria-label=\"Read more about EV Charging Accessories for Bulgarian Car Dealership Chain\" tabindex=\"-1\" >\n\t\t\tLer mais \"\t\t<\/a>\n\n\t\t\t\t<\/div>\n\t\t\t\t<\/article>\n\t\t\t\t<article class=\"elementor-post elementor-grid-item post-4405 post type-post status-publish format-standard has-post-thumbnail hentry category-case-studies category-wholesaler-retailer\" role=\"listitem\">\n\t\t\t\t<a class=\"elementor-post__thumbnail__link\" href=\"https:\/\/www.mekeltech.com\/pt\/home-charging-station-and-accessories-for-e-commerce-retailer-in-thailand\/\" tabindex=\"-1\" >\n\t\t\t<div class=\"elementor-post__thumbnail\"><img loading=\"lazy\" decoding=\"async\" width=\"800\" height=\"800\" src=\"https:\/\/www.mekeltech.com\/wp-content\/uploads\/2025\/05\/115-1.webp\" class=\"attachment-full size-full wp-image-3302\" alt=\"instalar uma esta\u00e7\u00e3o de carregamento de ve\u00edculos el\u00e9ctricos\" srcset=\"https:\/\/www.mekeltech.com\/wp-content\/uploads\/2025\/05\/115-1.webp 800w, https:\/\/www.mekeltech.com\/wp-content\/uploads\/2025\/05\/115-1-300x300.webp 300w, https:\/\/www.mekeltech.com\/wp-content\/uploads\/2025\/05\/115-1-150x150.webp 150w, https:\/\/www.mekeltech.com\/wp-content\/uploads\/2025\/05\/115-1-768x768.webp 768w\" sizes=\"(max-width: 800px) 100vw, 800px\" \/><\/div>\n\t\t<\/a>\n\t\t\t\t<div class=\"elementor-post__text\">\n\t\t\t\t<h2 class=\"elementor-post__title\">\n\t\t\t<a href=\"https:\/\/www.mekeltech.com\/pt\/home-charging-station-and-accessories-for-e-commerce-retailer-in-thailand\/\" >\n\t\t\t\tEsta\u00e7\u00e3o de carregamento dom\u00e9stico e acess\u00f3rios para um retalhista de com\u00e9rcio eletr\u00f3nico na Tail\u00e2ndia\t\t\t<\/a>\n\t\t<\/h2>\n\t\t\t\t<div class=\"elementor-post__meta-data\">\n\t\t\t\t\t<span class=\"elementor-post-date\">\n\t\t\tjunho 7, 2025\t\t<\/span>\n\t\t\t\t<\/div>\n\t\t\t\t<div class=\"elementor-post__excerpt\">\n\t\t\t<p>O cliente \u00e9 um conhecido retalhista de com\u00e9rcio eletr\u00f3nico de acess\u00f3rios relacionados com ve\u00edculos el\u00e9ctricos na Tail\u00e2ndia e tem milh\u00f5es de vendas anuais nas principais plataformas de com\u00e9rcio eletr\u00f3nico, incluindo a Sharpee e a Lazada. O cliente pretendia acrescentar produtos de carregamento de ve\u00edculos el\u00e9ctricos \u00e0 sua oferta de produtos e estava \u00e0 procura de um fornecedor com<\/p>\n\t\t<\/div>\n\t\t\n\t\t<a class=\"elementor-post__read-more\" href=\"https:\/\/www.mekeltech.com\/pt\/home-charging-station-and-accessories-for-e-commerce-retailer-in-thailand\/\" aria-label=\"Read more about Home Charging Station and Accessories for E-commerce Retailer in Thailand\" tabindex=\"-1\" >\n\t\t\tLer mais \"\t\t<\/a>\n\n\t\t\t\t<\/div>\n\t\t\t\t<\/article>\n\t\t\t\t<\/div>\n\t\t\n\t\t\t\t\t\t<\/div>\n\t\t\t\t<\/div>\n\t\t\t\t<\/div>\n\t\t\t\t\t<\/div>\n\t\t<\/div>\n\t\t\t\t\t\t<\/div>\n\t\t\t\t<\/div>\n\t\t\t\t\t<\/div>\n\t\t\t\t<\/div>\n\t\t\t\t<\/div>","protected":false},"excerpt":{"rendered":"<p>Customer Cases Home Mekel has been a driving force in the EV revolution since 2015. As a professional EV charging accessories and equipment manufacturer and global supplier headquartered in Shanghai, with strategic offices in Shenzhen and Singapore, we have helped customers in more than 50 countries overcome key barriers to EV adoption. As your one-stop [&hellip;]<\/p>","protected":false},"author":1,"featured_media":0,"parent":0,"menu_order":0,"comment_status":"closed","ping_status":"closed","template":"","meta":{"_acf_changed":false,"site-sidebar-layout":"no-sidebar","site-content-layout":"page-builder","ast-site-content-layout":"full-width-container","site-content-style":"unboxed","site-sidebar-style":"unboxed","ast-global-header-display":"","ast-banner-title-visibility":"","ast-main-header-display":"","ast-hfb-above-header-display":"","ast-hfb-below-header-display":"","ast-hfb-mobile-header-display":"","site-post-title":"disabled","ast-breadcrumbs-content":"","ast-featured-img":"disabled","footer-sml-layout":"","ast-disable-related-posts":"","theme-transparent-header-meta":"","adv-header-id-meta":"","stick-header-meta":"","header-above-stick-meta":"","header-main-stick-meta":"","header-below-stick-meta":"","astra-migrate-meta-layouts":"set","ast-page-background-enabled":"default","ast-page-background-meta":{"desktop":{"background-color":"","background-image":"","background-repeat":"repeat","background-position":"center center","background-size":"auto","background-attachment":"scroll","background-type":"","background-media":"","overlay-type":"","overlay-color":"","overlay-opacity":"","overlay-gradient":""},"tablet":{"background-color":"","background-image":"","background-repeat":"repeat","background-position":"center center","background-size":"auto","background-attachment":"scroll","background-type":"","background-media":"","overlay-type":"","overlay-color":"","overlay-opacity":"","overlay-gradient":""},"mobile":{"background-color":"","background-image":"","background-repeat":"repeat","background-position":"center center","background-size":"auto","background-attachment":"scroll","background-type":"","background-media":"","overlay-type":"","overlay-color":"","overlay-opacity":"","overlay-gradient":""}},"ast-content-background-meta":{"desktop":{"background-color":"var(--ast-global-color-5)","background-image":"","background-repeat":"repeat","background-position":"center center","background-size":"auto","background-attachment":"scroll","background-type":"","background-media":"","overlay-type":"","overlay-color":"","overlay-opacity":"","overlay-gradient":""},"tablet":{"background-color":"var(--ast-global-color-5)","background-image":"","background-repeat":"repeat","background-position":"center center","background-size":"auto","background-attachment":"scroll","background-type":"","background-media":"","overlay-type":"","overlay-color":"","overlay-opacity":"","overlay-gradient":""},"mobile":{"background-color":"var(--ast-global-color-5)","background-image":"","background-repeat":"repeat","background-position":"center center","background-size":"auto","background-attachment":"scroll","background-type":"","background-media":"","overlay-type":"","overlay-color":"","overlay-opacity":"","overlay-gradient":""}},"footnotes":""},"class_list":["post-2794","page","type-page","status-publish","hentry"],"acf":[],"_links":{"self":[{"href":"https:\/\/www.mekeltech.com\/pt\/wp-json\/wp\/v2\/pages\/2794","targetHints":{"allow":["GET"]}}],"collection":[{"href":"https:\/\/www.mekeltech.com\/pt\/wp-json\/wp\/v2\/pages"}],"about":[{"href":"https:\/\/www.mekeltech.com\/pt\/wp-json\/wp\/v2\/types\/page"}],"author":[{"embeddable":true,"href":"https:\/\/www.mekeltech.com\/pt\/wp-json\/wp\/v2\/users\/1"}],"replies":[{"embeddable":true,"href":"https:\/\/www.mekeltech.com\/pt\/wp-json\/wp\/v2\/comments?post=2794"}],"version-history":[{"count":63,"href":"https:\/\/www.mekeltech.com\/pt\/wp-json\/wp\/v2\/pages\/2794\/revisions"}],"predecessor-version":[{"id":6772,"href":"https:\/\/www.mekeltech.com\/pt\/wp-json\/wp\/v2\/pages\/2794\/revisions\/6772"}],"wp:attachment":[{"href":"https:\/\/www.mekeltech.com\/pt\/wp-json\/wp\/v2\/media?parent=2794"}],"curies":[{"name":"wp","href":"https:\/\/api.w.org\/{rel}","templated":true}]}}