{"id":2570,"date":"2025-04-27T02:30:13","date_gmt":"2025-04-27T02:30:13","guid":{"rendered":"https:\/\/mekeltech.com\/?page_id=2570"},"modified":"2025-09-23T11:03:05","modified_gmt":"2025-09-23T03:03:05","slug":"installer-operator","status":"publish","type":"page","link":"https:\/\/www.mekeltech.com\/pt\/installer-operator\/","title":{"rendered":"Instalador\/operador"},"content":{"rendered":"<div data-elementor-type=\"wp-page\" data-elementor-id=\"2570\" class=\"elementor elementor-2570\" data-elementor-post-type=\"page\">\n\t\t\t\t<div class=\"elementor-element elementor-element-5a744de e-flex e-con-boxed e-con e-parent\" data-id=\"5a744de\" data-element_type=\"container\" data-settings=\"{&quot;background_background&quot;:&quot;classic&quot;}\">\n\t\t\t\t\t<div class=\"e-con-inner\">\n\t\t<div class=\"elementor-element elementor-element-2b381b7 e-con-full e-flex e-con e-child\" data-id=\"2b381b7\" data-element_type=\"container\">\n\t\t<div class=\"elementor-element elementor-element-3ca7829 e-con-full e-flex e-con e-child\" data-id=\"3ca7829\" data-element_type=\"container\" data-settings=\"{&quot;background_background&quot;:&quot;classic&quot;}\">\n\t\t\t\t<div class=\"elementor-element elementor-element-73667ec elementor-widget elementor-widget-heading\" data-id=\"73667ec\" data-element_type=\"widget\" data-widget_type=\"heading.default\">\n\t\t\t\t<div class=\"elementor-widget-container\">\n\t\t\t\t\t<h1 class=\"elementor-heading-title elementor-size-default\">Instalador\/<br>Operador<\/h1>\t\t\t\t<\/div>\n\t\t\t\t<\/div>\n\t\t\t\t<div class=\"elementor-element elementor-element-9143bfb elementor-widget elementor-widget-breadcrumbs\" data-id=\"9143bfb\" data-element_type=\"widget\" data-widget_type=\"breadcrumbs.default\">\n\t\t\t\t<div class=\"elementor-widget-container\">\n\t\t\t\t\t<nav aria-label=\"p\u00e3o ralado\" class=\"rank-math-breadcrumb\"><p><span class=\"last\">In\u00edcio<\/span><\/p><\/nav>\t\t\t\t<\/div>\n\t\t\t\t<\/div>\n\t\t\t\t<\/div>\n\t\t<div class=\"elementor-element elementor-element-0b689fd e-con-full e-flex e-con e-child\" data-id=\"0b689fd\" data-element_type=\"container\">\n\t\t\t\t<\/div>\n\t\t\t\t<\/div>\n\t\t\t\t\t<\/div>\n\t\t\t\t<\/div>\n\t\t<div class=\"elementor-element elementor-element-314f721 e-flex e-con-boxed e-con e-parent\" data-id=\"314f721\" data-element_type=\"container\">\n\t\t\t\t\t<div class=\"e-con-inner\">\n\t\t<div class=\"elementor-element elementor-element-19e6577 e-con-full e-flex e-con e-child\" data-id=\"19e6577\" data-element_type=\"container\">\n\t\t<div class=\"elementor-element elementor-element-b2bd6d3 e-con-full e-flex e-con e-child\" data-id=\"b2bd6d3\" data-element_type=\"container\">\n\t\t\t\t<div class=\"elementor-element elementor-element-55db75f elementor-invisible elementor-widget elementor-widget-heading\" data-id=\"55db75f\" data-element_type=\"widget\" data-settings=\"{&quot;_animation&quot;:&quot;fadeInLeft&quot;}\" data-widget_type=\"heading.default\">\n\t\t\t\t<div class=\"elementor-widget-container\">\n\t\t\t\t\t<h2 class=\"elementor-heading-title elementor-size-default\">Instalador\/operador<\/h2>\t\t\t\t<\/div>\n\t\t\t\t<\/div>\n\t\t\t\t<div class=\"elementor-element elementor-element-fdb2183 elementor-widget-mobile__width-initial elementor-widget elementor-widget-text-editor\" data-id=\"fdb2183\" data-element_type=\"widget\" data-widget_type=\"text-editor.default\">\n\t\t\t\t<div class=\"elementor-widget-container\">\n\t\t\t\t\t\t\t\t\t<p>\u00c0 medida que s\u00e3o lan\u00e7ados novos modelos de carregadores e que as normas de seguran\u00e7a el\u00e9ctrica s\u00e3o actualizadas regularmente para acompanhar as crescentes exig\u00eancias em mat\u00e9ria de carregamento, os nossos clientes que se dedicam \u00e0 instala\u00e7\u00e3o e ao funcionamento de esta\u00e7\u00f5es de carregamento partilham a sua dificuldade em encontrar os acess\u00f3rios de instala\u00e7\u00e3o adequados, incluindo pedestal\/base de carregador, cablagem, caixa de prote\u00e7\u00e3o e produtos de seguran\u00e7a, incluindo unidades MCB e RCD, unidades de liga\u00e7\u00e3o \u00e0 terra e equipamento de teste de carregadores.<\/p>\t\t\t\t\t\t\t\t<\/div>\n\t\t\t\t<\/div>\n\t\t\t\t<div class=\"elementor-element elementor-element-1412e37 elementor-widget elementor-widget-text-editor\" data-id=\"1412e37\" data-element_type=\"widget\" data-widget_type=\"text-editor.default\">\n\t\t\t\t<div class=\"elementor-widget-container\">\n\t\t\t\t\t\t\t\t\t<p>Sendo n\u00f3s pr\u00f3prios experientes em projectos de instala\u00e7\u00e3o, a MEKEL compreende as dificuldades espec\u00edficas dos nossos clientes instaladores\/operadores. Oferecemos uma grande variedade de acess\u00f3rios de instala\u00e7\u00e3o e seguran\u00e7a el\u00e9ctrica que se adaptam a diferentes tipos de carregadores e condi\u00e7\u00f5es de circuitos dom\u00e9sticos\/edif\u00edcios para tornar a instala\u00e7\u00e3o e o funcionamento das esta\u00e7\u00f5es de carregamento f\u00e1ceis e seguros. \u00a0<\/p>\t\t\t\t\t\t\t\t<\/div>\n\t\t\t\t<\/div>\n\t\t\t\t<\/div>\n\t\t<div class=\"elementor-element elementor-element-e1131c1 e-con-full e-flex e-con e-child\" data-id=\"e1131c1\" data-element_type=\"container\">\n\t\t\t\t<div class=\"elementor-element elementor-element-67211b2 elementor-widget elementor-widget-image\" data-id=\"67211b2\" data-element_type=\"widget\" data-widget_type=\"image.default\">\n\t\t\t\t<div class=\"elementor-widget-container\">\n\t\t\t\t\t\t\t\t\t\t\t\t\t\t\t<img fetchpriority=\"high\" decoding=\"async\" width=\"2560\" height=\"1707\" src=\"https:\/\/www.mekeltech.com\/wp-content\/uploads\/2025\/06\/Solution-Installer-scaled.webp\" class=\"attachment-full size-full wp-image-3996\" alt=\"esta\u00e7\u00e3o de carregamento comercial\" srcset=\"https:\/\/www.mekeltech.com\/wp-content\/uploads\/2025\/06\/Solution-Installer-scaled.webp 2560w, https:\/\/www.mekeltech.com\/wp-content\/uploads\/2025\/06\/Solution-Installer-300x200.webp 300w, https:\/\/www.mekeltech.com\/wp-content\/uploads\/2025\/06\/Solution-Installer-1024x683.webp 1024w, https:\/\/www.mekeltech.com\/wp-content\/uploads\/2025\/06\/Solution-Installer-768x512.webp 768w, https:\/\/www.mekeltech.com\/wp-content\/uploads\/2025\/06\/Solution-Installer-1536x1024.webp 1536w, https:\/\/www.mekeltech.com\/wp-content\/uploads\/2025\/06\/Solution-Installer-2048x1365.webp 2048w\" sizes=\"(max-width: 2560px) 100vw, 2560px\" \/>\t\t\t\t\t\t\t\t\t\t\t\t\t\t\t<\/div>\n\t\t\t\t<\/div>\n\t\t\t\t<\/div>\n\t\t\t\t<\/div>\n\t\t\t\t\t<\/div>\n\t\t\t\t<\/div>\n\t\t<div class=\"elementor-element elementor-element-8bff3c5 e-flex e-con-boxed e-con e-parent\" data-id=\"8bff3c5\" data-element_type=\"container\">\n\t\t\t\t\t<div class=\"e-con-inner\">\n\t\t\t\t<div class=\"elementor-element elementor-element-7c55693 elementor-invisible elementor-widget elementor-widget-heading\" data-id=\"7c55693\" data-element_type=\"widget\" data-settings=\"{&quot;_animation&quot;:&quot;fadeInLeft&quot;}\" data-widget_type=\"heading.default\">\n\t\t\t\t<div class=\"elementor-widget-container\">\n\t\t\t\t\t<h2 class=\"elementor-heading-title elementor-size-default\">Produtos relacionados<\/h2>\t\t\t\t<\/div>\n\t\t\t\t<\/div>\n\t\t\t\t<div class=\"elementor-element elementor-element-e02e682 elementor-grid-4 elementor-grid-tablet-2 elementor-grid-mobile-1 elementor-widget elementor-widget-loop-grid\" data-id=\"e02e682\" data-element_type=\"widget\" data-settings=\"{&quot;template_id&quot;:2315,&quot;columns&quot;:4,&quot;row_gap&quot;:{&quot;unit&quot;:&quot;px&quot;,&quot;size&quot;:20,&quot;sizes&quot;:[]},&quot;pagination_type&quot;:&quot;numbers_and_prev_next&quot;,&quot;_skin&quot;:&quot;post&quot;,&quot;columns_tablet&quot;:&quot;2&quot;,&quot;columns_mobile&quot;:&quot;1&quot;,&quot;edit_handle_selector&quot;:&quot;[data-elementor-type=\\&quot;loop-item\\&quot;]&quot;,&quot;pagination_load_type&quot;:&quot;page_reload&quot;,&quot;row_gap_tablet&quot;:{&quot;unit&quot;:&quot;px&quot;,&quot;size&quot;:&quot;&quot;,&quot;sizes&quot;:[]},&quot;row_gap_mobile&quot;:{&quot;unit&quot;:&quot;px&quot;,&quot;size&quot;:&quot;&quot;,&quot;sizes&quot;:[]}}\" data-widget_type=\"loop-grid.post\">\n\t\t\t\t<div class=\"elementor-widget-container\">\n\t\t\t\t\t\t\t<div class=\"elementor-loop-container elementor-grid\" role=\"list\">\n\t\t<style id=\"loop-2315\">.elementor-2315 .elementor-element.elementor-element-e32aa13{--display:flex;--justify-content:center;--background-transition:0.3s;border-style:solid;--border-style:solid;border-width:1px 1px 1px 1px;--border-top-width:1px;--border-right-width:1px;--border-bottom-width:1px;--border-left-width:1px;border-color:#ECECEC;--border-color:#ECECEC;--border-radius:10px 10px 10px 10px;--padding-top:30px;--padding-bottom:30px;--padding-left:30px;--padding-right:30px;}.elementor-2315 .elementor-element.elementor-element-e32aa13:not(.elementor-motion-effects-element-type-background), .elementor-2315 .elementor-element.elementor-element-e32aa13 > .elementor-motion-effects-container > .elementor-motion-effects-layer{background-color:#F0F8EC;}.elementor-2315 .elementor-element.elementor-element-e32aa13:hover{background-color:#DFF0D6;box-shadow:0px 0px 18px -6px rgba(0, 0, 0, 0.3);}.elementor-2315 .elementor-element.elementor-element-67d9bb1{text-align:center;}.elementor-2315 .elementor-element.elementor-element-67d9bb1 .elementor-heading-title{font-size:22px;font-weight:600;}.elementor-2315 .elementor-element.elementor-element-7560ec9 > .elementor-widget-container{padding:0px 0px 20px 0px;}.elementor-2315 .elementor-element.elementor-element-7560ec9 .elementor-button{border-radius:30px 30px 30px 30px;}@media(min-width:768px){.elementor-2315 .elementor-element.elementor-element-e32aa13{--content-width:1400px;}}<\/style>\t\t<div data-elementor-type=\"loop-item\" data-elementor-id=\"2315\" class=\"elementor elementor-2315 e-loop-item e-loop-item-8645 post-8645 product type-product status-publish format-standard has-post-thumbnail hentry product-category-installation-tools product-category-testing-equipment\" data-elementor-post-type=\"elementor_library\" data-custom-edit-handle=\"1\">\n\t\t\t<div class=\"elementor-element elementor-element-e32aa13 e-flex e-con-boxed e-con e-parent\" data-id=\"e32aa13\" data-element_type=\"container\" data-settings=\"{&quot;background_background&quot;:&quot;classic&quot;}\">\n\t\t\t\t\t<div class=\"e-con-inner\">\n\t\t\t\t<div class=\"elementor-element elementor-element-c89a40c elementor-widget elementor-widget-theme-post-featured-image elementor-widget-image\" data-id=\"c89a40c\" data-element_type=\"widget\" data-widget_type=\"theme-post-featured-image.default\">\n\t\t\t\t<div class=\"elementor-widget-container\">\n\t\t\t\t\t\t\t\t\t\t\t\t\t\t\t\t<a href=\"https:\/\/www.mekeltech.com\/pt\/product\/professional-portable-evse-tester-charging-station-tester-type-1-type-2\/\">\n\t\t\t\t\t\t\t<img decoding=\"async\" width=\"800\" height=\"800\" src=\"https:\/\/www.mekeltech.com\/wp-content\/uploads\/2026\/01\/Portable-EVSE-Tester-Main.jpg\" class=\"attachment-full size-full wp-image-8641\" alt=\"Testador port\u00e1til de EVSE\" srcset=\"https:\/\/www.mekeltech.com\/wp-content\/uploads\/2026\/01\/Portable-EVSE-Tester-Main.jpg 800w, https:\/\/www.mekeltech.com\/wp-content\/uploads\/2026\/01\/Portable-EVSE-Tester-Main-300x300.jpg 300w, https:\/\/www.mekeltech.com\/wp-content\/uploads\/2026\/01\/Portable-EVSE-Tester-Main-150x150.jpg 150w, https:\/\/www.mekeltech.com\/wp-content\/uploads\/2026\/01\/Portable-EVSE-Tester-Main-768x768.jpg 768w, https:\/\/www.mekeltech.com\/wp-content\/uploads\/2026\/01\/Portable-EVSE-Tester-Main-12x12.jpg 12w\" sizes=\"(max-width: 800px) 100vw, 800px\" \/>\t\t\t\t\t\t\t\t<\/a>\n\t\t\t\t\t\t\t\t\t\t\t\t\t\t\t<\/div>\n\t\t\t\t<\/div>\n\t\t\t\t<div class=\"elementor-element elementor-element-67d9bb1 elementor-widget elementor-widget-heading\" data-id=\"67d9bb1\" data-element_type=\"widget\" data-widget_type=\"heading.default\">\n\t\t\t\t<div class=\"elementor-widget-container\">\n\t\t\t\t\t<p class=\"elementor-heading-title elementor-size-default\"><a href=\"https:\/\/www.mekeltech.com\/pt\/product\/professional-portable-evse-tester-charging-station-tester-type-1-type-2\/\">Verificador profissional port\u00e1til de EVSE - Verificador de esta\u00e7\u00f5es de carregamento (Tipo 1 e Tipo 2)<\/a><\/p>\t\t\t\t<\/div>\n\t\t\t\t<\/div>\n\t\t\t\t<div class=\"elementor-element elementor-element-7560ec9 elementor-align-center elementor-widget elementor-widget-button\" data-id=\"7560ec9\" data-element_type=\"widget\" data-widget_type=\"button.default\">\n\t\t\t\t<div class=\"elementor-widget-container\">\n\t\t\t\t\t\t\t\t\t<div class=\"elementor-button-wrapper\">\n\t\t\t\t\t<a class=\"elementor-button elementor-button-link elementor-size-sm\" href=\"https:\/\/www.mekeltech.com\/pt\/product\/professional-portable-evse-tester-charging-station-tester-type-1-type-2\/\">\n\t\t\t\t\t\t<span class=\"elementor-button-content-wrapper\">\n\t\t\t\t\t\t\t\t\t<span class=\"elementor-button-text\">Ler mais<\/span>\n\t\t\t\t\t<\/span>\n\t\t\t\t\t<\/a>\n\t\t\t\t<\/div>\n\t\t\t\t\t\t\t\t<\/div>\n\t\t\t\t<\/div>\n\t\t\t\t\t<\/div>\n\t\t\t\t<\/div>\n\t\t\t\t<\/div>\n\t\t\t\t<div data-elementor-type=\"loop-item\" data-elementor-id=\"2315\" class=\"elementor elementor-2315 e-loop-item e-loop-item-2701 post-2701 product type-product status-publish format-standard has-post-thumbnail hentry product-category-pillar-stand\" data-elementor-post-type=\"elementor_library\" data-custom-edit-handle=\"1\">\n\t\t\t<div class=\"elementor-element elementor-element-e32aa13 e-flex e-con-boxed e-con e-parent\" data-id=\"e32aa13\" data-element_type=\"container\" data-settings=\"{&quot;background_background&quot;:&quot;classic&quot;}\">\n\t\t\t\t\t<div class=\"e-con-inner\">\n\t\t\t\t<div class=\"elementor-element elementor-element-c89a40c elementor-widget elementor-widget-theme-post-featured-image elementor-widget-image\" data-id=\"c89a40c\" data-element_type=\"widget\" data-widget_type=\"theme-post-featured-image.default\">\n\t\t\t\t<div class=\"elementor-widget-container\">\n\t\t\t\t\t\t\t\t\t\t\t\t\t\t\t\t<a href=\"https:\/\/www.mekeltech.com\/pt\/product\/pillar-stand\/\">\n\t\t\t\t\t\t\t<img decoding=\"async\" width=\"800\" height=\"800\" src=\"https:\/\/www.mekeltech.com\/wp-content\/uploads\/2025\/04\/83.webp\" class=\"attachment-full size-full wp-image-2874\" alt=\"Suporte para pilar\" srcset=\"https:\/\/www.mekeltech.com\/wp-content\/uploads\/2025\/04\/83.webp 800w, https:\/\/www.mekeltech.com\/wp-content\/uploads\/2025\/04\/83-300x300.webp 300w, https:\/\/www.mekeltech.com\/wp-content\/uploads\/2025\/04\/83-150x150.webp 150w, https:\/\/www.mekeltech.com\/wp-content\/uploads\/2025\/04\/83-768x768.webp 768w\" sizes=\"(max-width: 800px) 100vw, 800px\" \/>\t\t\t\t\t\t\t\t<\/a>\n\t\t\t\t\t\t\t\t\t\t\t\t\t\t\t<\/div>\n\t\t\t\t<\/div>\n\t\t\t\t<div class=\"elementor-element elementor-element-67d9bb1 elementor-widget elementor-widget-heading\" data-id=\"67d9bb1\" data-element_type=\"widget\" data-widget_type=\"heading.default\">\n\t\t\t\t<div class=\"elementor-widget-container\">\n\t\t\t\t\t<p class=\"elementor-heading-title elementor-size-default\"><a href=\"https:\/\/www.mekeltech.com\/pt\/product\/pillar-stand\/\">Suporte para pilar<\/a><\/p>\t\t\t\t<\/div>\n\t\t\t\t<\/div>\n\t\t\t\t<div class=\"elementor-element elementor-element-7560ec9 elementor-align-center elementor-widget elementor-widget-button\" data-id=\"7560ec9\" data-element_type=\"widget\" data-widget_type=\"button.default\">\n\t\t\t\t<div class=\"elementor-widget-container\">\n\t\t\t\t\t\t\t\t\t<div class=\"elementor-button-wrapper\">\n\t\t\t\t\t<a class=\"elementor-button elementor-button-link elementor-size-sm\" href=\"https:\/\/www.mekeltech.com\/pt\/product\/pillar-stand\/\">\n\t\t\t\t\t\t<span class=\"elementor-button-content-wrapper\">\n\t\t\t\t\t\t\t\t\t<span class=\"elementor-button-text\">Ler mais<\/span>\n\t\t\t\t\t<\/span>\n\t\t\t\t\t<\/a>\n\t\t\t\t<\/div>\n\t\t\t\t\t\t\t\t<\/div>\n\t\t\t\t<\/div>\n\t\t\t\t\t<\/div>\n\t\t\t\t<\/div>\n\t\t\t\t<\/div>\n\t\t\t\t<div data-elementor-type=\"loop-item\" data-elementor-id=\"2315\" class=\"elementor elementor-2315 e-loop-item e-loop-item-2704 post-2704 product type-product status-publish format-standard has-post-thumbnail hentry product-category-installation-tools product-category-testing-equipment\" data-elementor-post-type=\"elementor_library\" data-custom-edit-handle=\"1\">\n\t\t\t<div class=\"elementor-element elementor-element-e32aa13 e-flex e-con-boxed e-con e-parent\" data-id=\"e32aa13\" data-element_type=\"container\" data-settings=\"{&quot;background_background&quot;:&quot;classic&quot;}\">\n\t\t\t\t\t<div class=\"e-con-inner\">\n\t\t\t\t<div class=\"elementor-element elementor-element-c89a40c elementor-widget elementor-widget-theme-post-featured-image elementor-widget-image\" data-id=\"c89a40c\" data-element_type=\"widget\" data-widget_type=\"theme-post-featured-image.default\">\n\t\t\t\t<div class=\"elementor-widget-container\">\n\t\t\t\t\t\t\t\t\t\t\t\t\t\t\t\t<a href=\"https:\/\/www.mekeltech.com\/pt\/product\/ev-charger-tester-box\/\">\n\t\t\t\t\t\t\t<img loading=\"lazy\" decoding=\"async\" width=\"800\" height=\"800\" src=\"https:\/\/www.mekeltech.com\/wp-content\/uploads\/2025\/12\/EV-charging-tester-main-pic.png\" class=\"attachment-full size-full wp-image-8358\" alt=\"Testador de carregadores el\u00e9ctricos\" srcset=\"https:\/\/www.mekeltech.com\/wp-content\/uploads\/2025\/12\/EV-charging-tester-main-pic.png 800w, https:\/\/www.mekeltech.com\/wp-content\/uploads\/2025\/12\/EV-charging-tester-main-pic-300x300.png 300w, https:\/\/www.mekeltech.com\/wp-content\/uploads\/2025\/12\/EV-charging-tester-main-pic-150x150.png 150w, https:\/\/www.mekeltech.com\/wp-content\/uploads\/2025\/12\/EV-charging-tester-main-pic-768x768.png 768w, https:\/\/www.mekeltech.com\/wp-content\/uploads\/2025\/12\/EV-charging-tester-main-pic-12x12.png 12w\" sizes=\"(max-width: 800px) 100vw, 800px\" \/>\t\t\t\t\t\t\t\t<\/a>\n\t\t\t\t\t\t\t\t\t\t\t\t\t\t\t<\/div>\n\t\t\t\t<\/div>\n\t\t\t\t<div class=\"elementor-element elementor-element-67d9bb1 elementor-widget elementor-widget-heading\" data-id=\"67d9bb1\" data-element_type=\"widget\" data-widget_type=\"heading.default\">\n\t\t\t\t<div class=\"elementor-widget-container\">\n\t\t\t\t\t<p class=\"elementor-heading-title elementor-size-default\"><a href=\"https:\/\/www.mekeltech.com\/pt\/product\/ev-charger-tester-box\/\">Caixa de teste do carregador EV<\/a><\/p>\t\t\t\t<\/div>\n\t\t\t\t<\/div>\n\t\t\t\t<div class=\"elementor-element elementor-element-7560ec9 elementor-align-center elementor-widget elementor-widget-button\" data-id=\"7560ec9\" data-element_type=\"widget\" data-widget_type=\"button.default\">\n\t\t\t\t<div class=\"elementor-widget-container\">\n\t\t\t\t\t\t\t\t\t<div class=\"elementor-button-wrapper\">\n\t\t\t\t\t<a class=\"elementor-button elementor-button-link elementor-size-sm\" href=\"https:\/\/www.mekeltech.com\/pt\/product\/ev-charger-tester-box\/\">\n\t\t\t\t\t\t<span class=\"elementor-button-content-wrapper\">\n\t\t\t\t\t\t\t\t\t<span class=\"elementor-button-text\">Ler mais<\/span>\n\t\t\t\t\t<\/span>\n\t\t\t\t\t<\/a>\n\t\t\t\t<\/div>\n\t\t\t\t\t\t\t\t<\/div>\n\t\t\t\t<\/div>\n\t\t\t\t\t<\/div>\n\t\t\t\t<\/div>\n\t\t\t\t<\/div>\n\t\t\t\t<div data-elementor-type=\"loop-item\" data-elementor-id=\"2315\" class=\"elementor elementor-2315 e-loop-item e-loop-item-2250 post-2250 product type-product status-publish format-standard has-post-thumbnail hentry product-category-circuit-breaker\" data-elementor-post-type=\"elementor_library\" data-custom-edit-handle=\"1\">\n\t\t\t<div class=\"elementor-element elementor-element-e32aa13 e-flex e-con-boxed e-con e-parent\" data-id=\"e32aa13\" data-element_type=\"container\" data-settings=\"{&quot;background_background&quot;:&quot;classic&quot;}\">\n\t\t\t\t\t<div class=\"e-con-inner\">\n\t\t\t\t<div class=\"elementor-element elementor-element-c89a40c elementor-widget elementor-widget-theme-post-featured-image elementor-widget-image\" data-id=\"c89a40c\" data-element_type=\"widget\" data-widget_type=\"theme-post-featured-image.default\">\n\t\t\t\t<div class=\"elementor-widget-container\">\n\t\t\t\t\t\t\t\t\t\t\t\t\t\t\t\t<a href=\"https:\/\/www.mekeltech.com\/pt\/product\/typeb-rccb\/\">\n\t\t\t\t\t\t\t<img loading=\"lazy\" decoding=\"async\" width=\"800\" height=\"800\" src=\"https:\/\/www.mekeltech.com\/wp-content\/uploads\/2025\/04\/30.webp\" class=\"attachment-full size-full wp-image-2255\" alt=\"TipoB RCCB\" srcset=\"https:\/\/www.mekeltech.com\/wp-content\/uploads\/2025\/04\/30.webp 800w, https:\/\/www.mekeltech.com\/wp-content\/uploads\/2025\/04\/30-300x300.webp 300w, https:\/\/www.mekeltech.com\/wp-content\/uploads\/2025\/04\/30-150x150.webp 150w, https:\/\/www.mekeltech.com\/wp-content\/uploads\/2025\/04\/30-768x768.webp 768w, https:\/\/www.mekeltech.com\/wp-content\/uploads\/2025\/04\/30-12x12.webp 12w\" sizes=\"(max-width: 800px) 100vw, 800px\" \/>\t\t\t\t\t\t\t\t<\/a>\n\t\t\t\t\t\t\t\t\t\t\t\t\t\t\t<\/div>\n\t\t\t\t<\/div>\n\t\t\t\t<div class=\"elementor-element elementor-element-67d9bb1 elementor-widget elementor-widget-heading\" data-id=\"67d9bb1\" data-element_type=\"widget\" data-widget_type=\"heading.default\">\n\t\t\t\t<div class=\"elementor-widget-container\">\n\t\t\t\t\t<p class=\"elementor-heading-title elementor-size-default\"><a href=\"https:\/\/www.mekeltech.com\/pt\/product\/typeb-rccb\/\">TipoB RCCB<\/a><\/p>\t\t\t\t<\/div>\n\t\t\t\t<\/div>\n\t\t\t\t<div class=\"elementor-element elementor-element-7560ec9 elementor-align-center elementor-widget elementor-widget-button\" data-id=\"7560ec9\" data-element_type=\"widget\" data-widget_type=\"button.default\">\n\t\t\t\t<div class=\"elementor-widget-container\">\n\t\t\t\t\t\t\t\t\t<div class=\"elementor-button-wrapper\">\n\t\t\t\t\t<a class=\"elementor-button elementor-button-link elementor-size-sm\" href=\"https:\/\/www.mekeltech.com\/pt\/product\/typeb-rccb\/\">\n\t\t\t\t\t\t<span class=\"elementor-button-content-wrapper\">\n\t\t\t\t\t\t\t\t\t<span class=\"elementor-button-text\">Ler mais<\/span>\n\t\t\t\t\t<\/span>\n\t\t\t\t\t<\/a>\n\t\t\t\t<\/div>\n\t\t\t\t\t\t\t\t<\/div>\n\t\t\t\t<\/div>\n\t\t\t\t\t<\/div>\n\t\t\t\t<\/div>\n\t\t\t\t<\/div>\n\t\t\t\t<\/div>\n\t\t\n\t\t\t\t<div class=\"e-load-more-anchor\" data-page=\"1\" data-max-page=\"2\" data-next-page=\"https:\/\/www.mekeltech.com\/wp-json\/wp\/v2\/pages\/2570\/page\/2\/\"><\/div>\n\t\t\t\t<nav class=\"elementor-pagination\" aria-label=\"Pagination\">\n\t\t\t<span class=\"page-numbers prev\">Anterior<\/span>\n<span aria-current=\"page\" class=\"page-numbers current\"><span class=\"elementor-screen-only\">P\u00e1gina<\/span>1<\/span>\n<a class=\"page-numbers\" href=\"https:\/\/www.mekeltech.com\/wp-json\/wp\/v2\/pages\/2570\/page\/2\/\"><span class=\"elementor-screen-only\">P\u00e1gina<\/span>2<\/a>\n<a class=\"page-numbers next\" href=\"https:\/\/www.mekeltech.com\/wp-json\/wp\/v2\/pages\/2570\/page\/2\/\">Seguinte<\/a>\t\t<\/nav>\n\t\t\t\t\t\t<\/div>\n\t\t\t\t<\/div>\n\t\t\t\t\t<\/div>\n\t\t\t\t<\/div>\n\t\t\t\t<\/div>","protected":false},"excerpt":{"rendered":"<p>Installer\/Operator Home Installer\/Operator As new charger designs roll out and electric safety standards updates regularly to keep up with the ever-growing charging demands, our clients who are in the business of installing and operating charging stations have shared their struggle of finding the right installation accessories including charger pedestal\/base, wiring, protective casing, and safety products [&hellip;]<\/p>","protected":false},"author":1,"featured_media":0,"parent":0,"menu_order":0,"comment_status":"closed","ping_status":"closed","template":"","meta":{"_acf_changed":false,"site-sidebar-layout":"no-sidebar","site-content-layout":"page-builder","ast-site-content-layout":"full-width-container","site-content-style":"unboxed","site-sidebar-style":"unboxed","ast-global-header-display":"","ast-banner-title-visibility":"","ast-main-header-display":"","ast-hfb-above-header-display":"","ast-hfb-below-header-display":"","ast-hfb-mobile-header-display":"","site-post-title":"disabled","ast-breadcrumbs-content":"","ast-featured-img":"disabled","footer-sml-layout":"","ast-disable-related-posts":"","theme-transparent-header-meta":"","adv-header-id-meta":"","stick-header-meta":"","header-above-stick-meta":"","header-main-stick-meta":"","header-below-stick-meta":"","astra-migrate-meta-layouts":"set","ast-page-background-enabled":"default","ast-page-background-meta":{"desktop":{"background-color":"","background-image":"","background-repeat":"repeat","background-position":"center center","background-size":"auto","background-attachment":"scroll","background-type":"","background-media":"","overlay-type":"","overlay-color":"","overlay-opacity":"","overlay-gradient":""},"tablet":{"background-color":"","background-image":"","background-repeat":"repeat","background-position":"center center","background-size":"auto","background-attachment":"scroll","background-type":"","background-media":"","overlay-type":"","overlay-color":"","overlay-opacity":"","overlay-gradient":""},"mobile":{"background-color":"","background-image":"","background-repeat":"repeat","background-position":"center center","background-size":"auto","background-attachment":"scroll","background-type":"","background-media":"","overlay-type":"","overlay-color":"","overlay-opacity":"","overlay-gradient":""}},"ast-content-background-meta":{"desktop":{"background-color":"var(--ast-global-color-5)","background-image":"","background-repeat":"repeat","background-position":"center center","background-size":"auto","background-attachment":"scroll","background-type":"","background-media":"","overlay-type":"","overlay-color":"","overlay-opacity":"","overlay-gradient":""},"tablet":{"background-color":"var(--ast-global-color-5)","background-image":"","background-repeat":"repeat","background-position":"center center","background-size":"auto","background-attachment":"scroll","background-type":"","background-media":"","overlay-type":"","overlay-color":"","overlay-opacity":"","overlay-gradient":""},"mobile":{"background-color":"var(--ast-global-color-5)","background-image":"","background-repeat":"repeat","background-position":"center center","background-size":"auto","background-attachment":"scroll","background-type":"","background-media":"","overlay-type":"","overlay-color":"","overlay-opacity":"","overlay-gradient":""}},"footnotes":""},"class_list":["post-2570","page","type-page","status-publish","hentry"],"acf":[],"_links":{"self":[{"href":"https:\/\/www.mekeltech.com\/pt\/wp-json\/wp\/v2\/pages\/2570","targetHints":{"allow":["GET"]}}],"collection":[{"href":"https:\/\/www.mekeltech.com\/pt\/wp-json\/wp\/v2\/pages"}],"about":[{"href":"https:\/\/www.mekeltech.com\/pt\/wp-json\/wp\/v2\/types\/page"}],"author":[{"embeddable":true,"href":"https:\/\/www.mekeltech.com\/pt\/wp-json\/wp\/v2\/users\/1"}],"replies":[{"embeddable":true,"href":"https:\/\/www.mekeltech.com\/pt\/wp-json\/wp\/v2\/comments?post=2570"}],"version-history":[{"count":81,"href":"https:\/\/www.mekeltech.com\/pt\/wp-json\/wp\/v2\/pages\/2570\/revisions"}],"predecessor-version":[{"id":7538,"href":"https:\/\/www.mekeltech.com\/pt\/wp-json\/wp\/v2\/pages\/2570\/revisions\/7538"}],"wp:attachment":[{"href":"https:\/\/www.mekeltech.com\/pt\/wp-json\/wp\/v2\/media?parent=2570"}],"curies":[{"name":"wp","href":"https:\/\/api.w.org\/{rel}","templated":true}]}}