{"id":4505,"date":"2025-06-18T16:47:51","date_gmt":"2025-06-18T08:47:51","guid":{"rendered":"https:\/\/www.mekeltech.com\/?post_type=product&#038;p=4505"},"modified":"2025-06-18T17:52:01","modified_gmt":"2025-06-18T09:52:01","slug":"type-2-standard-charging-connectors","status":"publish","type":"product","link":"https:\/\/www.mekeltech.com\/it\/product\/type-2-standard-charging-connectors\/","title":{"rendered":"Connettori di ricarica standard di tipo 2"},"content":{"rendered":"<p>I connettori Mekel Tipo 2 Maschio e Femmina sono caratterizzati da un design ergonomico e hanno dimostrato un'eccezionale durata, sicurezza e resistenza agli agenti atmosferici. Ora disponibili nelle varianti monofase e trifase, i connettori includono anche componenti interni di conduzione.<\/p>\n\n\n\n<h2 class=\"wp-block-heading\">Cosa sono i connettori femmina e maschio di tipo 2?<\/h2>\n\n\n\n<p>I connettori femmina e maschio di tipo 2 sono utilizzati per l'assemblaggio di cavi di ricarica CA di tipo 2. <\/p>\n\n\n\n<p>Il <strong>Connettore femmina<\/strong> \u00e8 utilizzato per l'estremit\u00e0 che si inserisce direttamente nelle prese del veicolo di tipo 2 o CCS2. <\/p>\n\n\n\n<p>Il <strong>Connettore maschio<\/strong> si usa per collegarsi alle stazioni di ricarica CA. <\/p>\n\n\n\n<p>Nel caso in cui il cliente intenda acquistare per il montaggio di stazioni di ricarica vincolate, \u00e8 sufficiente il connettore femmina, in quanto si tratta dell'estremit\u00e0 per il collegamento con la presa di ricarica del veicolo.<\/p>\n\n\n\n<h2 class=\"wp-block-heading\">Come funziona?<\/h2>\n\n\n\n<p>I cavi interni del cavo di ricarica di tipo 2, dopo la rimozione della guaina, devono essere stampati insieme ai terminali corrispondenti forniti insieme ai connettori. I terminali vengono poi assemblati sui componenti esterni in PC e nylon dei connettori.<\/p>\n\n\n\n<p>La conduzione e il rel\u00e8 dell'elettricit\u00e0 avvengono attraverso i terminali dei connettori femmina e maschio di tipo 2 per caricare il veicolo dalla stazione di ricarica.<\/p>\n\n\n\n<h2 class=\"wp-block-heading\">Perch\u00e9 scegliere i connettori di ricarica Mekel da tipo 2 a tipo 2?<\/h2>\n\n\n\n<h3 class=\"wp-block-heading\">Certificazioni leader del settore<\/h3>\n\n\n\n<p>Testati e certificati dal prestigioso laboratorio di prova TUV Rheinland per le certificazioni TUV, CE e UKCA. Mekel \u00e8 orgogliosa dei propri prodotti per la sicurezza certificata di tutti gli utenti finali.<\/p>\n\n\n\n<h3 class=\"wp-block-heading\">Qualit\u00e0 robusta<\/h3>\n\n\n\n<p>Costruiti con materiali di altissima qualit\u00e0, i connettori di tipo 2 di Mekel offrono il massimo valore grazie alla longevit\u00e0 del prodotto. Costruiti per sopportare oltre 10.000 cicli di utilizzo, i nostri connettori di tipo 2 sono adatti a tutte le aziende e ai singoli consumatori finali per un uso quotidiano.<\/p>\n\n\n\n<h3 class=\"wp-block-heading\">Protezione da ambienti e condizioni atmosferiche estreme<\/h3>\n\n\n\n<p>I connettori Mekel di tipo 2 hanno un livello di protezione IP65 per resistere a pioggia e neve. Sono stati testati per operare in condizioni climatiche estreme, da -35\u00b0C a +50\u00b0C. Testati in tutte le gamme di ambienti, i connettori sono adatti all'uso in paesi lungo l'equatore e in condizioni di gelo estremo anche nei paesi nordici.<\/p>\n\n\n\n<h3 class=\"wp-block-heading\">Caratteristiche principali dei connettori Mekel di tipo 2<\/h3>\n\n\n\n<p>1. Certificato TUV, CE, UKCA, RoHS<\/p>\n\n\n\n<ol class=\"wp-block-list\">\n<li><\/li>\n<\/ol>\n\n\n\n<p>2. Soluzioni di personalizzazione flessibili: Incisione laser di logo, lunghezza, colore, imballaggio.<\/p>\n\n\n\n<p>3. 2 anni di garanzia<\/p>\n\n\n\n<p>4. Ampia rete di distribuzione globale<\/p>\n\n\n\n<p>5. Protezione superiore contro l'acqua<\/p>\n\n\n\n<h2 class=\"wp-block-heading\">FAQ<\/h2>\n\n\n\n<p><strong>D: Quale connettore mi serve se produco stazioni di ricarica?<\/strong><\/p>\n\n\n\n<p>R: Se si costruiscono stazioni di ricarica collegate, in cui l'estremit\u00e0 del cavo di ricarica di tipo 2 \u00e8 collegata alla stazione di ricarica, \u00e8 sufficiente il connettore femmina. Il connettore femmina deve essere collegato all'estremit\u00e0 di ricarica del cavo e utilizzato per collegare il veicolo elettrico.<\/p>\n\n\n\n<p><strong>D: I connettori sono compatibili con i veicoli elettrici a batteria (BEV) e i veicoli elettrici ibridi plug-in (PHEV)?<\/strong><\/p>\n\n\n\n<p>R: Controllare la presa di ricarica dell'auto per verificare se \u00e8 di tipo 2 (Mennekes, 7 pin) o CCS 2 (7 pin + 2 pin). Il connettore femmina di tipo 2 \u00e8 compatibile con BEV e PHEV con ingresso di ricarica di tipo 2 e CCS. Il connettore maschio \u00e8 compatibile con le stazioni di ricarica, non con i veicoli.<\/p>\n\n\n\n<p><strong>D: I connettori sono dotati di certificazione di qualit\u00e0?<\/strong><\/p>\n\n\n\n<p>R: S\u00ec. I nostri connettori di tipo 2 sono conformi alle norme TUV, CE e UKCA. Si tratta dei requisiti di certificazione pi\u00f9 severi in Europa e nel Regno Unito. Garantire la massima qualit\u00e0 \u00e8 la nostra priorit\u00e0.<\/p>","protected":false},"excerpt":{"rendered":"<p>Mekel Type 2 Female and Male Connectors feature ergonomic design and are proven to be of exceptional durability, safety proof, and weather resistance. Now available in Single and three-phase variations, connectors also include internal conduction components. What are Type 2 Female and Male Connectors? Type 2 Female and Male Connectors are used for assembly of [&hellip;]<\/p>","protected":false},"author":4,"featured_media":4509,"menu_order":0,"template":"","format":"standard","meta":{"_acf_changed":false,"site-sidebar-layout":"default","site-content-layout":"","ast-site-content-layout":"default","site-content-style":"default","site-sidebar-style":"default","ast-global-header-display":"","ast-banner-title-visibility":"","ast-main-header-display":"","ast-hfb-above-header-display":"","ast-hfb-below-header-display":"","ast-hfb-mobile-header-display":"","site-post-title":"","ast-breadcrumbs-content":"","ast-featured-img":"","footer-sml-layout":"","ast-disable-related-posts":"","theme-transparent-header-meta":"","adv-header-id-meta":"","stick-header-meta":"","header-above-stick-meta":"","header-main-stick-meta":"","header-below-stick-meta":"","astra-migrate-meta-layouts":"set","ast-page-background-enabled":"default","ast-page-background-meta":{"desktop":{"background-color":"","background-image":"","background-repeat":"repeat","background-position":"center center","background-size":"auto","background-attachment":"scroll","background-type":"","background-media":"","overlay-type":"","overlay-color":"","overlay-opacity":"","overlay-gradient":""},"tablet":{"background-color":"","background-image":"","background-repeat":"repeat","background-position":"center center","background-size":"auto","background-attachment":"scroll","background-type":"","background-media":"","overlay-type":"","overlay-color":"","overlay-opacity":"","overlay-gradient":""},"mobile":{"background-color":"","background-image":"","background-repeat":"repeat","background-position":"center center","background-size":"auto","background-attachment":"scroll","background-type":"","background-media":"","overlay-type":"","overlay-color":"","overlay-opacity":"","overlay-gradient":""}},"ast-content-background-meta":{"desktop":{"background-color":"var(--ast-global-color-5)","background-image":"","background-repeat":"repeat","background-position":"center center","background-size":"auto","background-attachment":"scroll","background-type":"","background-media":"","overlay-type":"","overlay-color":"","overlay-opacity":"","overlay-gradient":""},"tablet":{"background-color":"var(--ast-global-color-5)","background-image":"","background-repeat":"repeat","background-position":"center center","background-size":"auto","background-attachment":"scroll","background-type":"","background-media":"","overlay-type":"","overlay-color":"","overlay-opacity":"","overlay-gradient":""},"mobile":{"background-color":"var(--ast-global-color-5)","background-image":"","background-repeat":"repeat","background-position":"center center","background-size":"auto","background-attachment":"scroll","background-type":"","background-media":"","overlay-type":"","overlay-color":"","overlay-opacity":"","overlay-gradient":""}},"footnotes":""},"product-category":[90],"product-tag":[],"class_list":["post-4505","product","type-product","status-publish","format-standard","has-post-thumbnail","hentry","product-category-charging-cable"],"acf":[],"_links":{"self":[{"href":"https:\/\/www.mekeltech.com\/it\/wp-json\/wp\/v2\/product\/4505","targetHints":{"allow":["GET"]}}],"collection":[{"href":"https:\/\/www.mekeltech.com\/it\/wp-json\/wp\/v2\/product"}],"about":[{"href":"https:\/\/www.mekeltech.com\/it\/wp-json\/wp\/v2\/types\/product"}],"author":[{"embeddable":true,"href":"https:\/\/www.mekeltech.com\/it\/wp-json\/wp\/v2\/users\/4"}],"version-history":[{"count":4,"href":"https:\/\/www.mekeltech.com\/it\/wp-json\/wp\/v2\/product\/4505\/revisions"}],"predecessor-version":[{"id":5994,"href":"https:\/\/www.mekeltech.com\/it\/wp-json\/wp\/v2\/product\/4505\/revisions\/5994"}],"wp:featuredmedia":[{"embeddable":true,"href":"https:\/\/www.mekeltech.com\/it\/wp-json\/wp\/v2\/media\/4509"}],"wp:attachment":[{"href":"https:\/\/www.mekeltech.com\/it\/wp-json\/wp\/v2\/media?parent=4505"}],"wp:term":[{"taxonomy":"product-category","embeddable":true,"href":"https:\/\/www.mekeltech.com\/it\/wp-json\/wp\/v2\/product-category?post=4505"},{"taxonomy":"product-tag","embeddable":true,"href":"https:\/\/www.mekeltech.com\/it\/wp-json\/wp\/v2\/product-tag?post=4505"}],"curies":[{"name":"wp","href":"https:\/\/api.w.org\/{rel}","templated":true}]}}