{"id":2981,"date":"2025-05-25T15:27:44","date_gmt":"2025-05-25T07:27:44","guid":{"rendered":"https:\/\/mekeltech.com\/?post_type=product&#038;p=2981"},"modified":"2025-09-05T10:41:59","modified_gmt":"2025-09-05T02:41:59","slug":"dc-charging-controller","status":"publish","type":"product","link":"https:\/\/www.mekeltech.com\/it\/product\/dc-charging-controller\/","title":{"rendered":"Controllore di carica CC"},"content":{"rendered":"<div data-elementor-type=\"wp-post\" data-elementor-id=\"2981\" class=\"elementor elementor-2981\" data-elementor-post-type=\"product\">\n\t\t\t\t<div class=\"elementor-element elementor-element-40a01cfc e-flex e-con-boxed e-con e-parent\" data-id=\"40a01cfc\" data-element_type=\"container\">\n\t\t\t\t\t<div class=\"e-con-inner\">\n\t\t\t\t<div class=\"elementor-element elementor-element-85de9aa elementor-widget elementor-widget-heading\" data-id=\"85de9aa\" data-element_type=\"widget\" data-widget_type=\"heading.default\">\n\t\t\t\t<div class=\"elementor-widget-container\">\n\t\t\t\t\t<h2 class=\"elementor-heading-title elementor-size-default\">Introduzione al controllore di carica CC<\/h2>\t\t\t\t<\/div>\n\t\t\t\t<\/div>\n\t\t\t\t<div class=\"elementor-element elementor-element-e2110a0 elementor-widget elementor-widget-text-editor\" data-id=\"e2110a0\" data-element_type=\"widget\" data-widget_type=\"text-editor.default\">\n\t\t\t\t<div class=\"elementor-widget-container\">\n\t\t\t\t\t\t\t\t\t<p>Il controller di ricarica DC di Mekel \u00e8 un'unit\u00e0 di controllo ad alte prestazioni responsabile delle funzioni di monitoraggio, controllo, comunicazione e protezione dell'intero processo di ricarica. \u00c8 dotato di un monitoraggio in tempo reale della tensione, della corrente, della temperatura e dello stato dei guasti, garantendo un'efficienza di picco (\u226596%) e un servizio ininterrotto negli scenari di ricarica pubblici e commerciali. Grazie al supporto integrato dei protocolli CCS, CHAdeMO e GB\/T, oltre alla conformit\u00e0 alle norme IEC 61851-23 e ISO 15118, il nostro controller offre una gestione intelligente della ricarica e una diagnostica remota.<\/p>\t\t\t\t\t\t\t\t<\/div>\n\t\t\t\t<\/div>\n\t\t\t\t<div class=\"elementor-element elementor-element-b0e9e6a elementor-widget elementor-widget-heading\" data-id=\"b0e9e6a\" data-element_type=\"widget\" data-widget_type=\"heading.default\">\n\t\t\t\t<div class=\"elementor-widget-container\">\n\t\t\t\t\t<h2 class=\"elementor-heading-title elementor-size-default\">Come funziona il controller di ricarica CC?<\/h2>\t\t\t\t<\/div>\n\t\t\t\t<\/div>\n\t\t\t\t<div class=\"elementor-element elementor-element-8118dc1 elementor-widget elementor-widget-text-editor\" data-id=\"8118dc1\" data-element_type=\"widget\" data-widget_type=\"text-editor.default\">\n\t\t\t\t<div class=\"elementor-widget-container\">\n\t\t\t\t\t\t\t\t\t<p>Dopo la verifica dell'utente, il controllore di carica DC stabilisce una comunicazione con il sistema di gestione della batteria del veicolo (BMS) e avvia il processo di carica. Durante la carica, il controllore monitora in tempo reale<strong>\u00a0<\/strong>tensione, corrente, temperatura, ecc. e regola l'uscita in base al feedback del BMS. Se si verificano problemi come sovratensione o surriscaldamento, il controller attiva i meccanismi di sicurezza e registra i dati relativi ai guasti. Una volta completata la ricarica, il controllore scollega il circuito in modo sicuro, gestisce il conteggio e la fatturazione e comunica con il cloud per qualsiasi altra segnalazione intelligente.<\/p>\t\t\t\t\t\t\t\t<\/div>\n\t\t\t\t<\/div>\n\t\t\t\t<div class=\"elementor-element elementor-element-e3577ea elementor-widget elementor-widget-heading\" data-id=\"e3577ea\" data-element_type=\"widget\" data-widget_type=\"heading.default\">\n\t\t\t\t<div class=\"elementor-widget-container\">\n\t\t\t\t\t<h2 class=\"elementor-heading-title elementor-size-default\">Perch\u00e9 scegliere il regolatore di carica DC di Mekel?<\/h2>\t\t\t\t<\/div>\n\t\t\t\t<\/div>\n\t\t\t\t<div class=\"elementor-element elementor-element-2748d70 elementor-widget elementor-widget-heading\" data-id=\"2748d70\" data-element_type=\"widget\" data-widget_type=\"heading.default\">\n\t\t\t\t<div class=\"elementor-widget-container\">\n\t\t\t\t\t<h3 class=\"elementor-heading-title elementor-size-default\">Gestione scalabile dell'alimentazione<\/h3>\t\t\t\t<\/div>\n\t\t\t\t<\/div>\n\t\t\t\t<div class=\"elementor-element elementor-element-4c6943e elementor-widget elementor-widget-text-editor\" data-id=\"4c6943e\" data-element_type=\"widget\" data-widget_type=\"text-editor.default\">\n\t\t\t\t<div class=\"elementor-widget-container\">\n\t\t\t\t\t\t\t\t\t<p>Il nostro controller di ricarica CC supporta pi\u00f9 moduli di potenza in parallelo, consentendo agli operatori delle stazioni di ricarica di scalare la capacit\u00e0 aggiungendo o sostituendo a caldo i moduli senza tempi di inattivit\u00e0. Questa architettura modulare riduce le spese di capitale per gli operatori e semplifica la manutenzione, in quanto i singoli moduli possono essere riparati o sostituiti senza mettere fuori servizio l'intera stazione.<\/p>\t\t\t\t\t\t\t\t<\/div>\n\t\t\t\t<\/div>\n\t\t\t\t<div class=\"elementor-element elementor-element-6800afa elementor-widget elementor-widget-heading\" data-id=\"6800afa\" data-element_type=\"widget\" data-widget_type=\"heading.default\">\n\t\t\t\t<div class=\"elementor-widget-container\">\n\t\t\t\t\t<h3 class=\"elementor-heading-title elementor-size-default\">Sicurezza e affidabilit\u00e0 avanzate<\/h3>\t\t\t\t<\/div>\n\t\t\t\t<\/div>\n\t\t\t\t<div class=\"elementor-element elementor-element-9e9c837 elementor-widget elementor-widget-text-editor\" data-id=\"9e9c837\" data-element_type=\"widget\" data-widget_type=\"text-editor.default\">\n\t\t\t\t<div class=\"elementor-widget-container\">\n\t\t\t\t\t\t\t\t\t<p>Dotato di meccanismi di protezione completi, il controller di ricarica CC scollega automaticamente i moduli difettosi e attiva sequenze di spegnimento sicuro per proteggere utenti e apparecchiature. Il controller di ricarica CC ha un valore MTBF superiore a 500.000 ore, che garantisce un'affidabilit\u00e0 a lungo termine in ambienti difficili come le super stazioni autostradali e i depositi di flotte.<\/p>\t\t\t\t\t\t\t\t<\/div>\n\t\t\t\t<\/div>\n\t\t\t\t<div class=\"elementor-element elementor-element-62c6537 elementor-widget elementor-widget-heading\" data-id=\"62c6537\" data-element_type=\"widget\" data-widget_type=\"heading.default\">\n\t\t\t\t<div class=\"elementor-widget-container\">\n\t\t\t\t\t<h3 class=\"elementor-heading-title elementor-size-default\">Connettivit\u00e0 intelligente e conformit\u00e0 completa<\/h3>\t\t\t\t<\/div>\n\t\t\t\t<\/div>\n\t\t\t\t<div class=\"elementor-element elementor-element-9a283df elementor-widget elementor-widget-text-editor\" data-id=\"9a283df\" data-element_type=\"widget\" data-widget_type=\"text-editor.default\">\n\t\t\t\t<div class=\"elementor-widget-container\">\n\t\t\t\t\t\t\t\t\t<p>Dotato di interfacce CAN, RS485 ed Ethernet e di porte 4G\/LTE e Wi-Fi, il controller di ricarica CC si integra perfettamente con i sistemi di back-office per il monitoraggio remoto, gli aggiornamenti del firmware e le operazioni di gestione del carico. Il supporto per il Plug &amp; Charge ISO 15118 consente l'autenticazione sicura e la fatturazione automatica, rendendo l'infrastruttura a prova di futuro per le funzioni emergenti V2G e smart-grid.<\/p>\t\t\t\t\t\t\t\t<\/div>\n\t\t\t\t<\/div>\n\t\t\t\t<div class=\"elementor-element elementor-element-71d855e elementor-widget elementor-widget-heading\" data-id=\"71d855e\" data-element_type=\"widget\" data-widget_type=\"heading.default\">\n\t\t\t\t<div class=\"elementor-widget-container\">\n\t\t\t\t\t<h2 class=\"elementor-heading-title elementor-size-default\">Caratteristiche principali del controller di ricarica CC<\/h2>\t\t\t\t<\/div>\n\t\t\t\t<\/div>\n\t\t\t\t<div class=\"elementor-element elementor-element-7476077 elementor-widget elementor-widget-text-editor\" data-id=\"7476077\" data-element_type=\"widget\" data-widget_type=\"text-editor.default\">\n\t\t\t\t<div class=\"elementor-widget-container\">\n\t\t\t\t\t\t\t\t\t<ul>\n<li>Supporto modulare per ridurre al minimo i tempi di inattivit\u00e0<\/li>\n<li>Misure rigorose di sicurezza e durata<\/li>\n<li>Caratteristiche di connettivit\u00e0 intelligenti<\/li>\n<li>Facile integrazione<\/li>\n<li>Supporto alla consegna globale e alla catena di fornitura \u00a0<\/li>\n<\/ul>\t\t\t\t\t\t\t\t<\/div>\n\t\t\t\t<\/div>\n\t\t\t\t\t<\/div>\n\t\t\t\t<\/div>\n\t\t\t\t<\/div>","protected":false},"excerpt":{"rendered":"<p>Introduction to DC Charging Controller Mekel\u2019s DC DC charging controller is a high-performance control unit responsible for the monitoring, control, communication, and protection functions of the entire charging process. It features real-time monitoring of voltage, current, temperature, and fault status, ensuring peak efficiency (\u226596%) and uninterrupted service in public and commercial charging scenarios. With integrated [&hellip;]<\/p>","protected":false},"author":1,"featured_media":2983,"menu_order":0,"template":"","format":"standard","meta":{"_acf_changed":true,"site-sidebar-layout":"default","site-content-layout":"","ast-site-content-layout":"default","site-content-style":"default","site-sidebar-style":"default","ast-global-header-display":"","ast-banner-title-visibility":"","ast-main-header-display":"","ast-hfb-above-header-display":"","ast-hfb-below-header-display":"","ast-hfb-mobile-header-display":"","site-post-title":"","ast-breadcrumbs-content":"","ast-featured-img":"","footer-sml-layout":"","ast-disable-related-posts":"","theme-transparent-header-meta":"","adv-header-id-meta":"","stick-header-meta":"","header-above-stick-meta":"","header-main-stick-meta":"","header-below-stick-meta":"","astra-migrate-meta-layouts":"set","ast-page-background-enabled":"default","ast-page-background-meta":{"desktop":{"background-color":"","background-image":"","background-repeat":"repeat","background-position":"center center","background-size":"auto","background-attachment":"scroll","background-type":"","background-media":"","overlay-type":"","overlay-color":"","overlay-opacity":"","overlay-gradient":""},"tablet":{"background-color":"","background-image":"","background-repeat":"repeat","background-position":"center center","background-size":"auto","background-attachment":"scroll","background-type":"","background-media":"","overlay-type":"","overlay-color":"","overlay-opacity":"","overlay-gradient":""},"mobile":{"background-color":"","background-image":"","background-repeat":"repeat","background-position":"center center","background-size":"auto","background-attachment":"scroll","background-type":"","background-media":"","overlay-type":"","overlay-color":"","overlay-opacity":"","overlay-gradient":""}},"ast-content-background-meta":{"desktop":{"background-color":"var(--ast-global-color-5)","background-image":"","background-repeat":"repeat","background-position":"center center","background-size":"auto","background-attachment":"scroll","background-type":"","background-media":"","overlay-type":"","overlay-color":"","overlay-opacity":"","overlay-gradient":""},"tablet":{"background-color":"var(--ast-global-color-5)","background-image":"","background-repeat":"repeat","background-position":"center center","background-size":"auto","background-attachment":"scroll","background-type":"","background-media":"","overlay-type":"","overlay-color":"","overlay-opacity":"","overlay-gradient":""},"mobile":{"background-color":"var(--ast-global-color-5)","background-image":"","background-repeat":"repeat","background-position":"center center","background-size":"auto","background-attachment":"scroll","background-type":"","background-media":"","overlay-type":"","overlay-color":"","overlay-opacity":"","overlay-gradient":""}},"footnotes":""},"product-category":[106],"product-tag":[],"class_list":["post-2981","product","type-product","status-publish","format-standard","has-post-thumbnail","hentry","product-category-dc-charging-controller"],"acf":[],"_links":{"self":[{"href":"https:\/\/www.mekeltech.com\/it\/wp-json\/wp\/v2\/product\/2981","targetHints":{"allow":["GET"]}}],"collection":[{"href":"https:\/\/www.mekeltech.com\/it\/wp-json\/wp\/v2\/product"}],"about":[{"href":"https:\/\/www.mekeltech.com\/it\/wp-json\/wp\/v2\/types\/product"}],"author":[{"embeddable":true,"href":"https:\/\/www.mekeltech.com\/it\/wp-json\/wp\/v2\/users\/1"}],"version-history":[{"count":14,"href":"https:\/\/www.mekeltech.com\/it\/wp-json\/wp\/v2\/product\/2981\/revisions"}],"predecessor-version":[{"id":6933,"href":"https:\/\/www.mekeltech.com\/it\/wp-json\/wp\/v2\/product\/2981\/revisions\/6933"}],"wp:featuredmedia":[{"embeddable":true,"href":"https:\/\/www.mekeltech.com\/it\/wp-json\/wp\/v2\/media\/2983"}],"wp:attachment":[{"href":"https:\/\/www.mekeltech.com\/it\/wp-json\/wp\/v2\/media?parent=2981"}],"wp:term":[{"taxonomy":"product-category","embeddable":true,"href":"https:\/\/www.mekeltech.com\/it\/wp-json\/wp\/v2\/product-category?post=2981"},{"taxonomy":"product-tag","embeddable":true,"href":"https:\/\/www.mekeltech.com\/it\/wp-json\/wp\/v2\/product-tag?post=2981"}],"curies":[{"name":"wp","href":"https:\/\/api.w.org\/{rel}","templated":true}]}}