{"id":2881,"date":"2025-05-25T10:32:10","date_gmt":"2025-05-25T02:32:10","guid":{"rendered":"https:\/\/mekeltech.com\/?post_type=product&#038;p=2881"},"modified":"2025-08-25T15:13:21","modified_gmt":"2025-08-25T07:13:21","slug":"dc-charging-cabinet","status":"publish","type":"product","link":"https:\/\/www.mekeltech.com\/it\/product\/dc-charging-cabinet\/","title":{"rendered":"Armadio di ricarica CC"},"content":{"rendered":"<div data-elementor-type=\"wp-post\" data-elementor-id=\"2881\" class=\"elementor elementor-2881\" data-elementor-post-type=\"product\">\n\t\t\t\t<div class=\"elementor-element elementor-element-b6b21d e-flex e-con-boxed e-con e-parent\" data-id=\"b6b21d\" data-element_type=\"container\">\n\t\t\t\t\t<div class=\"e-con-inner\">\n\t\t\t\t<div class=\"elementor-element elementor-element-1e94fb0 elementor-widget elementor-widget-heading\" data-id=\"1e94fb0\" data-element_type=\"widget\" data-widget_type=\"heading.default\">\n\t\t\t\t<div class=\"elementor-widget-container\">\n\t\t\t\t\t<h2 class=\"elementor-heading-title elementor-size-default\">Introduzione al quadro di ricarica CC<\/h2>\t\t\t\t<\/div>\n\t\t\t\t<\/div>\n\t\t\t\t<div class=\"elementor-element elementor-element-c888902 elementor-widget elementor-widget-text-editor\" data-id=\"c888902\" data-element_type=\"widget\" data-widget_type=\"text-editor.default\">\n\t\t\t\t<div class=\"elementor-widget-container\">\n\t\t\t\t\t\t\t\t\t<p>L'armadio di ricarica DC di Mekel \u00e8 una soluzione robusta e di alta qualit\u00e0 pensata per i produttori e gli assemblatori di stazioni di ricarica DC. Progettati per applicazioni ad alta potenza, i nostri armadietti offrono una durata eccezionale, resistenza agli agenti atmosferici e una personalizzazione flessibile per soddisfare le esigenze dei mercati globali. Con un'attenzione particolare al design strutturale robusto e alla compatibilit\u00e0 con diversi componenti interni, gli armadietti CC di Mekel sono la scelta ideale per costruire stazioni di ricarica CC affidabili e ad alte prestazioni.<\/p>\t\t\t\t\t\t\t\t<\/div>\n\t\t\t\t<\/div>\n\t\t\t\t<div class=\"elementor-element elementor-element-ca14b01 elementor-widget elementor-widget-heading\" data-id=\"ca14b01\" data-element_type=\"widget\" data-widget_type=\"heading.default\">\n\t\t\t\t<div class=\"elementor-widget-container\">\n\t\t\t\t\t<h2 class=\"elementor-heading-title elementor-size-default\">Che cos'\u00e8 un armadio di ricarica CC?<\/h2>\t\t\t\t<\/div>\n\t\t\t\t<\/div>\n\t\t\t\t<div class=\"elementor-element elementor-element-8c1cac7 elementor-widget elementor-widget-text-editor\" data-id=\"8c1cac7\" data-element_type=\"widget\" data-widget_type=\"text-editor.default\">\n\t\t\t\t<div class=\"elementor-widget-container\">\n\t\t\t\t\t\t\t\t\t<p>L'armadio di ricarica DC \u00e8 l'involucro esterno che ospita i componenti interni critici delle stazioni di ricarica DC ad alta potenza, compresi i moduli di potenza, i sistemi di raffreddamento e le unit\u00e0 di controllo. Progettato per l'integrazione compatibile di moduli di potenza impilati, il nostro cabinet supporta potenze di ricarica rapida da 60kW a 360kW. Questi armadi offrono un involucro sicuro e resistente alle intemperie. A differenza dei cabinet progettati su misura, che richiedono un investimento iniziale significativo, i cabinet Mekel offrono una soluzione economicamente vantaggiosa, che consente ai produttori e agli assemblatori di ottimizzare la produzione senza compromettere la qualit\u00e0 o le prestazioni.<\/p>\t\t\t\t\t\t\t\t<\/div>\n\t\t\t\t<\/div>\n\t\t\t\t<div class=\"elementor-element elementor-element-6d06177 elementor-widget elementor-widget-heading\" data-id=\"6d06177\" data-element_type=\"widget\" data-widget_type=\"heading.default\">\n\t\t\t\t<div class=\"elementor-widget-container\">\n\t\t\t\t\t<h2 class=\"elementor-heading-title elementor-size-default\">Come funziona la cabina di ricarica CC?<\/h2>\t\t\t\t<\/div>\n\t\t\t\t<\/div>\n\t\t\t\t<div class=\"elementor-element elementor-element-8e699c5 elementor-widget elementor-widget-text-editor\" data-id=\"8e699c5\" data-element_type=\"widget\" data-widget_type=\"text-editor.default\">\n\t\t\t\t<div class=\"elementor-widget-container\">\n\t\t\t\t\t\t\t\t\t<p>I produttori e gli assemblatori possono scegliere gli armadi in base ai componenti interni richiesti per i loro progetti di stazioni di ricarica in corrente continua, come i moduli di potenza per la potenza richiesta, i sistemi di gestione termica e le unit\u00e0 di comunicazione. Mekel fornisce progetti di compatibilit\u00e0 dettagliati e unit\u00e0 campione da verificare per garantire un'integrazione perfetta. I nostri armadi di ricarica DC sono progettati con layout interni modulari per accogliere componenti di dimensioni e configurazioni diverse, compresi i componenti dei moduli di potenza e le configurazioni delle pompe di raffreddamento a liquido per le varianti ad alta potenza in kW. Il nostro team di assistenza dedicato assiste i clienti nell'identificazione dell'armadio ottimale per le loro esigenze specifiche.<\/p>\t\t\t\t\t\t\t\t<\/div>\n\t\t\t\t<\/div>\n\t\t\t\t<div class=\"elementor-element elementor-element-9de7f12 elementor-widget elementor-widget-heading\" data-id=\"9de7f12\" data-element_type=\"widget\" data-widget_type=\"heading.default\">\n\t\t\t\t<div class=\"elementor-widget-container\">\n\t\t\t\t\t<h2 class=\"elementor-heading-title elementor-size-default\">Perch\u00e9 scegliere l'armadio di ricarica CC Mekel?<\/h2>\t\t\t\t<\/div>\n\t\t\t\t<\/div>\n\t\t\t\t<div class=\"elementor-element elementor-element-51d492b elementor-widget elementor-widget-heading\" data-id=\"51d492b\" data-element_type=\"widget\" data-widget_type=\"heading.default\">\n\t\t\t\t<div class=\"elementor-widget-container\">\n\t\t\t\t\t<h3 class=\"elementor-heading-title elementor-size-default\">Durata ineguagliabile per gli ambienti pi\u00f9 esigenti<\/h3>\t\t\t\t<\/div>\n\t\t\t\t<\/div>\n\t\t\t\t<div class=\"elementor-element elementor-element-424fa0e elementor-widget elementor-widget-text-editor\" data-id=\"424fa0e\" data-element_type=\"widget\" data-widget_type=\"text-editor.default\">\n\t\t\t\t<div class=\"elementor-widget-container\">\n\t\t\t\t\t\t\t\t\t<p>Gli armadietti di ricarica CC di Mekel sono costruiti con un grado di protezione IP54, il massimo del settore, che offre una protezione superiore contro l'ingresso di acqua e polvere. Questo li rende ideali per le installazioni all'esterno in condizioni climatiche estreme, dalla pioggia battente alle tempeste di polvere del deserto. Grazie all'elevato design strutturale e all'uso di materiali, i nostri armadietti di ricarica CC sono altamente resistenti agli urti, garantendo un'affidabilit\u00e0 a lungo termine in vari ambienti, come autostrade, siti industriali e parcheggi pubblici. Questa durata si traduce in una riduzione dei costi di manutenzione e in una maggiore fiducia dei clienti nelle operazioni quotidiane.<\/p>\t\t\t\t\t\t\t\t<\/div>\n\t\t\t\t<\/div>\n\t\t\t\t<div class=\"elementor-element elementor-element-ab135a8 elementor-widget elementor-widget-heading\" data-id=\"ab135a8\" data-element_type=\"widget\" data-widget_type=\"heading.default\">\n\t\t\t\t<div class=\"elementor-widget-container\">\n\t\t\t\t\t<h3 class=\"elementor-heading-title elementor-size-default\">Conformit\u00e0 alla certificazione globale<\/h3>\t\t\t\t<\/div>\n\t\t\t\t<\/div>\n\t\t\t\t<div class=\"elementor-element elementor-element-396ee10 elementor-widget elementor-widget-text-editor\" data-id=\"396ee10\" data-element_type=\"widget\" data-widget_type=\"text-editor.default\">\n\t\t\t\t<div class=\"elementor-widget-container\">\n\t\t\t\t\t\t\t\t\t<p>Gli armadi di ricarica DC di Mekel sono progettati per soddisfare i rigorosi standard globali, tra cui TUV, CE e UL. Che si tratti del mercato europeo, del Nord America o di altri mercati, i nostri armadi di ricarica DC semplificano il processo di certificazione delle stazioni di ricarica DC. Questa compatibilit\u00e0 globale consente ai produttori e agli assemblatori di realizzare con fiducia prodotti destinati a mercati diversi, senza dover ricorrere a costose riprogettazioni o a test aggiuntivi.<\/p>\t\t\t\t\t\t\t\t<\/div>\n\t\t\t\t<\/div>\n\t\t\t\t<div class=\"elementor-element elementor-element-e29c235 elementor-widget elementor-widget-heading\" data-id=\"e29c235\" data-element_type=\"widget\" data-widget_type=\"heading.default\">\n\t\t\t\t<div class=\"elementor-widget-container\">\n\t\t\t\t\t<h3 class=\"elementor-heading-title elementor-size-default\">Soluzioni flessibili per configurazioni interne<\/h3>\t\t\t\t<\/div>\n\t\t\t\t<\/div>\n\t\t\t\t<div class=\"elementor-element elementor-element-b91dfac elementor-widget elementor-widget-text-editor\" data-id=\"b91dfac\" data-element_type=\"widget\" data-widget_type=\"text-editor.default\">\n\t\t\t\t<div class=\"elementor-widget-container\">\n\t\t\t\t\t\t\t\t\t<p>Siamo consapevoli che le stazioni di ricarica in corrente continua hanno un design interno molto diverso. Gli armadi di ricarica CC di Mekel offrono layout interni adattabili per ospitare una serie di moduli di potenza, sistemi di raffreddamento e unit\u00e0 di controllo. Forniamo anche componenti interni e supporto alla progettazione. Il supporto al branding, che comprende loghi, componenti aggiuntivi, finiture cromatiche personalizzate e design dei pannelli su misura, consente ai produttori di allineare l'armadio alla propria identit\u00e0 di marchio.<\/p>\t\t\t\t\t\t\t\t<\/div>\n\t\t\t\t<\/div>\n\t\t\t\t<div class=\"elementor-element elementor-element-26d5be9 elementor-widget elementor-widget-heading\" data-id=\"26d5be9\" data-element_type=\"widget\" data-widget_type=\"heading.default\">\n\t\t\t\t<div class=\"elementor-widget-container\">\n\t\t\t\t\t<h2 class=\"elementor-heading-title elementor-size-default\">Caratteristiche principali degli armadietti di ricarica CC di Mekel<\/h2>\t\t\t\t<\/div>\n\t\t\t\t<\/div>\n\t\t\t\t<div class=\"elementor-element elementor-element-361f17d elementor-widget elementor-widget-text-editor\" data-id=\"361f17d\" data-element_type=\"widget\" data-widget_type=\"text-editor.default\">\n\t\t\t\t<div class=\"elementor-widget-container\">\n\t\t\t\t\t\t\t\t\t<ul>\n<li>Compatibile con la stazione di ricarica CC da 60kW-480kW<\/li>\n<li>Compatibile con TUV, CE e UL \u00a0<\/li>\n<li>Soluzioni personalizzabili: Incisione laser, finiture a colori, layout interni modulari \u00a0<\/li>\n<li>Garanzia di 2 anni \u00a0<\/li>\n<li>Protezione dalle intemperie superiore con classificazione IP54 \u00a0<\/li>\n<li>Supporto alla consegna globale e alla catena di fornitura \u00a0<\/li>\n<\/ul>\t\t\t\t\t\t\t\t<\/div>\n\t\t\t\t<\/div>\n\t\t\t\t<div class=\"elementor-element elementor-element-7e9555b elementor-widget elementor-widget-heading\" data-id=\"7e9555b\" data-element_type=\"widget\" data-widget_type=\"heading.default\">\n\t\t\t\t<div class=\"elementor-widget-container\">\n\t\t\t\t\t<h2 class=\"elementor-heading-title elementor-size-default\">Specifiche tecniche dell'armadio di ricarica CC<\/h2>\t\t\t\t<\/div>\n\t\t\t\t<\/div>\n\t\t\t\t<div class=\"elementor-element elementor-element-7ea9b34 elementor-widget elementor-widget-text-editor\" data-id=\"7ea9b34\" data-element_type=\"widget\" data-widget_type=\"text-editor.default\">\n\t\t\t\t<div class=\"elementor-widget-container\">\n\t\t\t\t\t\t\t\t\t<ul>\n<li>Stazione di ricarica CC ad alta potenza Armadio in metallo<\/li>\n<li>Gamma di potenza: 60kW - 480kW | Configurazioni a pistola singola o doppia \u00a0<\/li>\n<li>Grado di impermeabilit\u00e0: IP54<\/li>\n<li>Certificazioni: CE, IEC 61851<\/li>\n<\/ul>\t\t\t\t\t\t\t\t<\/div>\n\t\t\t\t<\/div>\n\t\t\t\t<div class=\"elementor-element elementor-element-c1b5f27 elementor-widget elementor-widget-heading\" data-id=\"c1b5f27\" data-element_type=\"widget\" data-widget_type=\"heading.default\">\n\t\t\t\t<div class=\"elementor-widget-container\">\n\t\t\t\t\t<h2 class=\"elementor-heading-title elementor-size-default\">FAQ<\/h2>\t\t\t\t<\/div>\n\t\t\t\t<\/div>\n\t\t\t\t<div class=\"elementor-element elementor-element-9c2b4dc elementor-widget elementor-widget-n-accordion\" data-id=\"9c2b4dc\" data-element_type=\"widget\" data-settings=\"{&quot;default_state&quot;:&quot;expanded&quot;,&quot;max_items_expended&quot;:&quot;one&quot;,&quot;n_accordion_animation_duration&quot;:{&quot;unit&quot;:&quot;ms&quot;,&quot;size&quot;:400,&quot;sizes&quot;:[]}}\" data-widget_type=\"nested-accordion.default\">\n\t\t\t\t<div class=\"elementor-widget-container\">\n\t\t\t\t\t\t\t<div class=\"e-n-accordion\" aria-label=\"Fisarmonica. Aprite i collegamenti con Invio o Spazio, chiudeteli con Escape e navigate con i tasti freccia.\">\n\t\t\t\t\t\t<details id=\"e-n-accordion-item-1630\" class=\"e-n-accordion-item\" open>\n\t\t\t\t<summary class=\"e-n-accordion-item-title\" data-accordion-index=\"1\" tabindex=\"0\" aria-expanded=\"true\" aria-controls=\"e-n-accordion-item-1630\" >\n\t\t\t\t\t<span class='e-n-accordion-item-title-header'><div class=\"e-n-accordion-item-title-text\"> Per quali tipi di stazioni di ricarica sono progettati gli armadietti di ricarica CC? <\/div><\/span>\n\t\t\t\t\t\t\t<span class='e-n-accordion-item-title-icon'>\n\t\t\t<span class='e-opened' ><svg aria-hidden=\"true\" class=\"e-font-icon-svg e-fas-minus\" viewbox=\"0 0 448 512\" xmlns=\"http:\/\/www.w3.org\/2000\/svg\"><path d=\"M416 208H32c-17.67 0-32 14.33-32 32v32c0 17.67 14.33 32 32 32h384c17.67 0 32-14.33 32-32v-32c0-17.67-14.33-32-32-32z\"><\/path><\/svg><\/span>\n\t\t\t<span class='e-closed'><svg aria-hidden=\"true\" class=\"e-font-icon-svg e-fas-plus\" viewbox=\"0 0 448 512\" xmlns=\"http:\/\/www.w3.org\/2000\/svg\"><path d=\"M416 208H272V64c0-17.67-14.33-32-32-32h-32c-17.67 0-32 14.33-32 32v144H32c-17.67 0-32 14.33-32 32v32c0 17.67 14.33 32 32 32h144v144c0 17.67 14.33 32 32 32h32c17.67 0 32-14.33 32-32V304h144c17.67 0 32-14.33 32-32v-32c0-17.67-14.33-32-32-32z\"><\/path><\/svg><\/span>\n\t\t<\/span>\n\n\t\t\t\t\t\t<\/summary>\n\t\t\t\t<div role=\"region\" aria-labelledby=\"e-n-accordion-item-1630\" class=\"elementor-element elementor-element-f29351f e-con-full e-flex e-con e-child\" data-id=\"f29351f\" data-element_type=\"container\">\n\t\t\t\t<div class=\"elementor-element elementor-element-8cd5127 elementor-widget elementor-widget-text-editor\" data-id=\"8cd5127\" data-element_type=\"widget\" data-widget_type=\"text-editor.default\">\n\t\t\t\t<div class=\"elementor-widget-container\">\n\t\t\t\t\t\t\t\t\t<p>Questi armadietti di ricarica CC sono progettati per stazioni di ricarica CC ad alta potenza con potenze da 60kW a 480kW. Sono adatti per ambienti interni ed esterni, comprese le applicazioni di ricarica commerciali, industriali e pubbliche.<\/p>\t\t\t\t\t\t\t\t<\/div>\n\t\t\t\t<\/div>\n\t\t\t\t<\/div>\n\t\t\t\t\t<\/details>\n\t\t\t\t\t\t<details id=\"e-n-accordion-item-1631\" class=\"e-n-accordion-item\" >\n\t\t\t\t<summary class=\"e-n-accordion-item-title\" data-accordion-index=\"2\" tabindex=\"-1\" aria-expanded=\"false\" aria-controls=\"e-n-accordion-item-1631\" >\n\t\t\t\t\t<span class='e-n-accordion-item-title-header'><div class=\"e-n-accordion-item-title-text\"> Gli armadietti di ricarica CC sono compatibili con i mercati globali? <\/div><\/span>\n\t\t\t\t\t\t\t<span class='e-n-accordion-item-title-icon'>\n\t\t\t<span class='e-opened' ><svg aria-hidden=\"true\" class=\"e-font-icon-svg e-fas-minus\" viewbox=\"0 0 448 512\" xmlns=\"http:\/\/www.w3.org\/2000\/svg\"><path d=\"M416 208H32c-17.67 0-32 14.33-32 32v32c0 17.67 14.33 32 32 32h384c17.67 0 32-14.33 32-32v-32c0-17.67-14.33-32-32-32z\"><\/path><\/svg><\/span>\n\t\t\t<span class='e-closed'><svg aria-hidden=\"true\" class=\"e-font-icon-svg e-fas-plus\" viewbox=\"0 0 448 512\" xmlns=\"http:\/\/www.w3.org\/2000\/svg\"><path d=\"M416 208H272V64c0-17.67-14.33-32-32-32h-32c-17.67 0-32 14.33-32 32v144H32c-17.67 0-32 14.33-32 32v32c0 17.67 14.33 32 32 32h144v144c0 17.67 14.33 32 32 32h32c17.67 0 32-14.33 32-32V304h144c17.67 0 32-14.33 32-32v-32c0-17.67-14.33-32-32-32z\"><\/path><\/svg><\/span>\n\t\t<\/span>\n\n\t\t\t\t\t\t<\/summary>\n\t\t\t\t<div role=\"region\" aria-labelledby=\"e-n-accordion-item-1631\" class=\"elementor-element elementor-element-9afbd5e e-con-full e-flex e-con e-child\" data-id=\"9afbd5e\" data-element_type=\"container\">\n\t\t\t\t<div class=\"elementor-element elementor-element-7c7c199 elementor-widget elementor-widget-text-editor\" data-id=\"7c7c199\" data-element_type=\"widget\" data-widget_type=\"text-editor.default\">\n\t\t\t\t<div class=\"elementor-widget-container\">\n\t\t\t\t\t\t\t\t\t<p>S\u00ec, gli armadietti di ricarica CC di Mekel sono conformi alle certificazioni TUV, CE e UL, che li rendono adatti all'impiego in Europa, Nord America e altre regioni del mondo.<\/p>\t\t\t\t\t\t\t\t<\/div>\n\t\t\t\t<\/div>\n\t\t\t\t<\/div>\n\t\t\t\t\t<\/details>\n\t\t\t\t\t\t<details id=\"e-n-accordion-item-1632\" class=\"e-n-accordion-item\" >\n\t\t\t\t<summary class=\"e-n-accordion-item-title\" data-accordion-index=\"3\" tabindex=\"-1\" aria-expanded=\"false\" aria-controls=\"e-n-accordion-item-1632\" >\n\t\t\t\t\t<span class='e-n-accordion-item-title-header'><div class=\"e-n-accordion-item-title-text\"> Come si sceglie l'armadietto di ricarica CC giusto per la propria stazione di ricarica CC? <\/div><\/span>\n\t\t\t\t\t\t\t<span class='e-n-accordion-item-title-icon'>\n\t\t\t<span class='e-opened' ><svg aria-hidden=\"true\" class=\"e-font-icon-svg e-fas-minus\" viewbox=\"0 0 448 512\" xmlns=\"http:\/\/www.w3.org\/2000\/svg\"><path d=\"M416 208H32c-17.67 0-32 14.33-32 32v32c0 17.67 14.33 32 32 32h384c17.67 0 32-14.33 32-32v-32c0-17.67-14.33-32-32-32z\"><\/path><\/svg><\/span>\n\t\t\t<span class='e-closed'><svg aria-hidden=\"true\" class=\"e-font-icon-svg e-fas-plus\" viewbox=\"0 0 448 512\" xmlns=\"http:\/\/www.w3.org\/2000\/svg\"><path d=\"M416 208H272V64c0-17.67-14.33-32-32-32h-32c-17.67 0-32 14.33-32 32v144H32c-17.67 0-32 14.33-32 32v32c0 17.67 14.33 32 32 32h144v144c0 17.67 14.33 32 32 32h32c17.67 0 32-14.33 32-32V304h144c17.67 0 32-14.33 32-32v-32c0-17.67-14.33-32-32-32z\"><\/path><\/svg><\/span>\n\t\t<\/span>\n\n\t\t\t\t\t\t<\/summary>\n\t\t\t\t<div role=\"region\" aria-labelledby=\"e-n-accordion-item-1632\" class=\"elementor-element elementor-element-b3631fb e-con-full e-flex e-con e-child\" data-id=\"b3631fb\" data-element_type=\"container\">\n\t\t\t\t<div class=\"elementor-element elementor-element-ee3eae4 elementor-widget elementor-widget-text-editor\" data-id=\"ee3eae4\" data-element_type=\"widget\" data-widget_type=\"text-editor.default\">\n\t\t\t\t<div class=\"elementor-widget-container\">\n\t\t\t\t\t\t\t\t\t<p>Iniziate identificando i componenti interni, come i moduli di alimentazione, i sistemi di raffreddamento e le unit\u00e0 di controllo, necessari per la vostra stazione di ricarica. Quindi, valutate i requisiti di spazio e di montaggio di questi componenti. Mekel fornisce specifiche dettagliate e supporto alla compatibilit\u00e0 per aiutarvi a scegliere l'armadio ideale. Contattate i nostri rappresentanti per un'assistenza personalizzata o per richiedere campioni e progetti.<\/p>\t\t\t\t\t\t\t\t<\/div>\n\t\t\t\t<\/div>\n\t\t\t\t<\/div>\n\t\t\t\t\t<\/details>\n\t\t\t\t\t<\/div>\n\t\t\t\t\t\t<\/div>\n\t\t\t\t<\/div>\n\t\t\t\t\t<\/div>\n\t\t\t\t<\/div>\n\t\t\t\t<\/div>","protected":false},"excerpt":{"rendered":"<p>Introduction to DC Charging Cabinet DC Charging Cabinet by Mekel is a robust, high-quality solution tailored for manufacturers and assemblers of DC charging stations. Designed for high-power applications, our cabinets offer exceptional durability, weather resistance, and flexible customization to meet the demands of global markets. With a focus on robust structural design and compatibility with [&hellip;]<\/p>","protected":false},"author":1,"featured_media":2882,"menu_order":0,"template":"","format":"standard","meta":{"_acf_changed":false,"site-sidebar-layout":"default","site-content-layout":"","ast-site-content-layout":"default","site-content-style":"default","site-sidebar-style":"default","ast-global-header-display":"","ast-banner-title-visibility":"","ast-main-header-display":"","ast-hfb-above-header-display":"","ast-hfb-below-header-display":"","ast-hfb-mobile-header-display":"","site-post-title":"","ast-breadcrumbs-content":"","ast-featured-img":"","footer-sml-layout":"","ast-disable-related-posts":"","theme-transparent-header-meta":"","adv-header-id-meta":"","stick-header-meta":"","header-above-stick-meta":"","header-main-stick-meta":"","header-below-stick-meta":"","astra-migrate-meta-layouts":"set","ast-page-background-enabled":"default","ast-page-background-meta":{"desktop":{"background-color":"","background-image":"","background-repeat":"repeat","background-position":"center center","background-size":"auto","background-attachment":"scroll","background-type":"","background-media":"","overlay-type":"","overlay-color":"","overlay-opacity":"","overlay-gradient":""},"tablet":{"background-color":"","background-image":"","background-repeat":"repeat","background-position":"center center","background-size":"auto","background-attachment":"scroll","background-type":"","background-media":"","overlay-type":"","overlay-color":"","overlay-opacity":"","overlay-gradient":""},"mobile":{"background-color":"","background-image":"","background-repeat":"repeat","background-position":"center center","background-size":"auto","background-attachment":"scroll","background-type":"","background-media":"","overlay-type":"","overlay-color":"","overlay-opacity":"","overlay-gradient":""}},"ast-content-background-meta":{"desktop":{"background-color":"var(--ast-global-color-5)","background-image":"","background-repeat":"repeat","background-position":"center center","background-size":"auto","background-attachment":"scroll","background-type":"","background-media":"","overlay-type":"","overlay-color":"","overlay-opacity":"","overlay-gradient":""},"tablet":{"background-color":"var(--ast-global-color-5)","background-image":"","background-repeat":"repeat","background-position":"center center","background-size":"auto","background-attachment":"scroll","background-type":"","background-media":"","overlay-type":"","overlay-color":"","overlay-opacity":"","overlay-gradient":""},"mobile":{"background-color":"var(--ast-global-color-5)","background-image":"","background-repeat":"repeat","background-position":"center center","background-size":"auto","background-attachment":"scroll","background-type":"","background-media":"","overlay-type":"","overlay-color":"","overlay-opacity":"","overlay-gradient":""}},"footnotes":""},"product-category":[103],"product-tag":[],"class_list":["post-2881","product","type-product","status-publish","format-standard","has-post-thumbnail","hentry","product-category-dc-charging-cabinet"],"acf":[],"_links":{"self":[{"href":"https:\/\/www.mekeltech.com\/it\/wp-json\/wp\/v2\/product\/2881","targetHints":{"allow":["GET"]}}],"collection":[{"href":"https:\/\/www.mekeltech.com\/it\/wp-json\/wp\/v2\/product"}],"about":[{"href":"https:\/\/www.mekeltech.com\/it\/wp-json\/wp\/v2\/types\/product"}],"author":[{"embeddable":true,"href":"https:\/\/www.mekeltech.com\/it\/wp-json\/wp\/v2\/users\/1"}],"version-history":[{"count":28,"href":"https:\/\/www.mekeltech.com\/it\/wp-json\/wp\/v2\/product\/2881\/revisions"}],"predecessor-version":[{"id":6985,"href":"https:\/\/www.mekeltech.com\/it\/wp-json\/wp\/v2\/product\/2881\/revisions\/6985"}],"wp:featuredmedia":[{"embeddable":true,"href":"https:\/\/www.mekeltech.com\/it\/wp-json\/wp\/v2\/media\/2882"}],"wp:attachment":[{"href":"https:\/\/www.mekeltech.com\/it\/wp-json\/wp\/v2\/media?parent=2881"}],"wp:term":[{"taxonomy":"product-category","embeddable":true,"href":"https:\/\/www.mekeltech.com\/it\/wp-json\/wp\/v2\/product-category?post=2881"},{"taxonomy":"product-tag","embeddable":true,"href":"https:\/\/www.mekeltech.com\/it\/wp-json\/wp\/v2\/product-tag?post=2881"}],"curies":[{"name":"wp","href":"https:\/\/api.w.org\/{rel}","templated":true}]}}