{"id":2847,"date":"2025-05-01T07:50:03","date_gmt":"2025-05-01T07:50:03","guid":{"rendered":"https:\/\/mekeltech.com\/?post_type=product&#038;p=2847"},"modified":"2025-09-04T10:43:01","modified_gmt":"2025-09-04T02:43:01","slug":"european-to-tesla-dc-ev-charging-adapter-type2-ccs2","status":"publish","type":"product","link":"https:\/\/www.mekeltech.com\/it\/product\/european-to-tesla-dc-ev-charging-adapter-type2-ccs2\/","title":{"rendered":"Adattatore di ricarica da Europa a Tesla DC EV (tipo 2 - CCS2)"},"content":{"rendered":"<p>Reliable and easy to use, the Type 2 to CCS2 DC EV charging adapter allows vehicles with European standard port (Type 2) to fast charge using Tesla DC chargers (CCS2). The product has a compact&nbsp;design for easy storage and is plug-and-play without needing additional setups. Comes with IP54 water resistance and temperature endurance of -30\u00b0C to +50\u00b0C for safety and durability&nbsp;that you can trust.<\/p>\n\n\n\n<h2 class=\"wp-block-heading has-medium-font-size\"><strong>Una soluzione per ogni standard di ricarica<\/strong><strong><\/strong><\/h2>\n\n\n\n<p>La nostra linea di adattatori per la ricarica dei veicoli elettrici offre soluzioni di conversione per ogni standard di ricarica in tutto il mondo, comprese le conversioni tra le porte di ricarica americane di tipo 1, Tesla NACS, europee di tipo 2, cinesi GBT e giapponesi Chademo.  Parlate con noi per scoprire i prodotti di adattamento perfetti per i vostri rispettivi mercati.<\/p>\n\n\n\n<h3 class=\"wp-block-heading has-medium-font-size\"><strong>Qualit\u00e0 costruttiva premium<\/strong><strong><\/strong><\/h3>\n\n\n\n<p>I nostri adattatori sono realizzati con un guscio termoplastico ad alta resistenza che garantisce una grande durata e una lega di rame argentata che offre una conduttivit\u00e0 di prim'ordine, che contribuir\u00e0 alla soddisfazione dei vostri clienti.<\/p>\n\n\n\n<h3 class=\"wp-block-heading has-medium-font-size\"><strong>Facile da usare e da portare in viaggio<\/strong><strong><\/strong><\/h3>\n\n\n\n<p>I nostri adattatori vantano un design compatto senza compromettere la funzionalit\u00e0. Supportano la ricarica ad alta velocit\u00e0 in c.a. o in c.c., pur stando comodamente all'interno del vano portaoggetti. \u00c8 sufficiente montare la pistola di ricarica e collegarla alla porta di ricarica del veicolo per un'esperienza di ricarica senza interruzioni.<\/p>\n\n\n\n<h2 class=\"wp-block-heading has-medium-font-size\"><strong>Prodotto Alto<\/strong><strong>luce<\/strong><strong><\/strong><\/h2>\n\n\n\n<ul class=\"wp-block-list\">\n<li>Tutti gli standard di ricarica<\/li>\n\n\n\n<li>Materiali pregiati<\/li>\n\n\n\n<li>Protezione dalle intemperie<\/li>\n\n\n\n<li>Prontezza di produzione<\/li>\n\n\n\n<li>Consegna rapida<\/li>\n<\/ul>\n\n\n\n<h2 class=\"wp-block-heading has-medium-font-size\"><strong>Prodotto<\/strong><strong>&nbsp;<\/strong><strong>Dettagli<\/strong><strong><\/strong><\/h2>\n\n\n\n<figure class=\"wp-block-table\"><table class=\"has-fixed-layout\"><tbody><tr><td><strong>Nome del prodotto<\/strong><strong><\/strong><\/td><td><strong>Tipo 2 a CCS2<\/strong> <strong>Adattatore di ricarica CC<\/strong><\/td><\/tr><tr><td><strong>Corrente nominale<\/strong><strong><\/strong><\/td><td><strong>Max 250A<\/strong><strong><\/strong><\/td><\/tr><tr><td><strong>Tensione nominale <\/strong><strong><\/strong><\/td><td><strong>Max 1000V DC<\/strong><strong><\/strong><\/td><\/tr><tr><td><strong>Resistenza all'acqua <\/strong><strong><\/strong><\/td><td><strong>IP54 (quando \u00e8 collegato)<\/strong><strong><\/strong><\/td><\/tr><tr><td><strong>Guscio esterno <\/strong><strong><\/strong><\/td><td><strong>Termoplastico<\/strong><strong>(TBC)<\/strong><strong><\/strong><\/td><\/tr><tr><td><strong>Pin conduttore<\/strong><strong><\/strong><\/td><td><strong>Lega di rame, argentata<\/strong><strong><\/strong><\/td><\/tr><tr><td><strong>Temperatura di lavoro <\/strong><strong><\/strong><\/td><td><strong>Da -30\u00b0C a +50\u00b0C<\/strong><strong><\/strong><\/td><\/tr><tr><td><strong>Peso netto<\/strong><strong><\/strong><\/td><td><strong>1,6 kg<\/strong><strong><\/strong><\/td><\/tr><tr><td><strong>Dimensioni<\/strong><strong><\/strong><\/td><td><strong>294*95*145 mm<\/strong><strong><\/strong><\/td><\/tr><\/tbody><\/table><\/figure>\n\n\n\n<p class=\"has-medium-font-size\"><\/p>\n\n\n\n<h2 class=\"wp-block-heading has-medium-font-size\"><strong>FAQ<\/strong><strong><\/strong><\/h2>\n\n\n\n<p><strong>Qual \u00e8 la funzione di un adattatore di ricarica per veicoli elettrici? <\/strong><\/p>\n\n\n\n<p>Un adattatore di ricarica EV consente a un veicolo di utilizzare una stazione di ricarica con uno standard di ricarica diverso. Ad esempio, un'auto importata dalla Cina con una porta di ricarica di tipo GBT pu\u00f2 essere ricaricata con la spina europea di tipo 2, utilizzando un adattatore da tipo 2 a GBT.<\/p>\n\n\n\n<p><strong class=\"\">Q: What safety certifications has this Type 2-CCS2 DC <strong>Adattatore per la ricarica dei veicoli elettrici<\/strong> passed?<\/strong><\/p>\n\n\n\n<p>R: Possiede la certificazione CE\/ROHS e i componenti principali hanno superato il test di resistenza alla polvere e all'acqua ISO 20653 e la certificazione ignifuga UL94 V-0.<\/p>\n\n\n\n<p><strong>Q: How much power does this Type 2-CCS2 <strong>Adattatore per la ricarica dei veicoli elettrici<\/strong> support for fast charging?<\/strong><\/p>\n\n\n\n<p>R: Questo prodotto supporta la ricarica rapida fino a 250A\/1000V DC (250kW), soddisfacendo le esigenze di ricarica a velocit\u00e0 estrema dei modelli mainstream.<\/p>\n\n\n\n<p><strong class=\"\">Q: Can this European to Tesla DC <strong>Adattatore per la ricarica dei veicoli elettrici<\/strong> be used normally in a low-temperature environment of -20\u2103?<\/strong><\/p>\n\n\n\n<p>R: S\u00ec, questo <strong class=\"\">Adattatore per la ricarica dei veicoli elettrici<\/strong> ha superato il test del freddo estremo a -30\u2103 e il sensore di temperatura incorporato viene utilizzato per il monitoraggio in tempo reale per garantire un funzionamento sicuro nell'intera gamma di temperature da -30\u00b0C a 50\u00b0C.<\/p>\n\n\n\n<p><strong class=\"\">Q: Does this <strong>Adattatore per la ricarica dei veicoli elettrici<\/strong> require additional setup or configuration?<\/strong><\/p>\n\n\n\n<p>A: No setup required. Our <strong class=\"\">Adattatore per la ricarica dei veicoli elettrici<\/strong> is fully plug-and-play and ready to use for a hassle-free experience.<\/p>","protected":false},"excerpt":{"rendered":"<p>Affidabile e facile da usare, l'adattatore di ricarica EV DC da Tipo 2 a CCS2 consente ai veicoli con porta standard europea (Tipo 2) di effettuare la ricarica rapida utilizzando i caricabatterie Tesla DC (CCS2). Il prodotto ha un design compatto per una facile conservazione ed \u00e8 plug-and-play senza bisogno di ulteriori configurazioni. \u00c8 dotato di resistenza all'acqua IP54 e alla temperatura di -30\u00b0C [...]<\/p>","protected":false},"author":1,"featured_media":3359,"menu_order":0,"template":"","format":"standard","meta":{"_acf_changed":true,"site-sidebar-layout":"default","site-content-layout":"","ast-site-content-layout":"default","site-content-style":"default","site-sidebar-style":"default","ast-global-header-display":"","ast-banner-title-visibility":"","ast-main-header-display":"","ast-hfb-above-header-display":"","ast-hfb-below-header-display":"","ast-hfb-mobile-header-display":"","site-post-title":"","ast-breadcrumbs-content":"","ast-featured-img":"","footer-sml-layout":"","ast-disable-related-posts":"","theme-transparent-header-meta":"","adv-header-id-meta":"","stick-header-meta":"","header-above-stick-meta":"","header-main-stick-meta":"","header-below-stick-meta":"","astra-migrate-meta-layouts":"set","ast-page-background-enabled":"default","ast-page-background-meta":{"desktop":{"background-color":"","background-image":"","background-repeat":"repeat","background-position":"center center","background-size":"auto","background-attachment":"scroll","background-type":"","background-media":"","overlay-type":"","overlay-color":"","overlay-opacity":"","overlay-gradient":""},"tablet":{"background-color":"","background-image":"","background-repeat":"repeat","background-position":"center center","background-size":"auto","background-attachment":"scroll","background-type":"","background-media":"","overlay-type":"","overlay-color":"","overlay-opacity":"","overlay-gradient":""},"mobile":{"background-color":"","background-image":"","background-repeat":"repeat","background-position":"center center","background-size":"auto","background-attachment":"scroll","background-type":"","background-media":"","overlay-type":"","overlay-color":"","overlay-opacity":"","overlay-gradient":""}},"ast-content-background-meta":{"desktop":{"background-color":"var(--ast-global-color-5)","background-image":"","background-repeat":"repeat","background-position":"center center","background-size":"auto","background-attachment":"scroll","background-type":"","background-media":"","overlay-type":"","overlay-color":"","overlay-opacity":"","overlay-gradient":""},"tablet":{"background-color":"var(--ast-global-color-5)","background-image":"","background-repeat":"repeat","background-position":"center center","background-size":"auto","background-attachment":"scroll","background-type":"","background-media":"","overlay-type":"","overlay-color":"","overlay-opacity":"","overlay-gradient":""},"mobile":{"background-color":"var(--ast-global-color-5)","background-image":"","background-repeat":"repeat","background-position":"center center","background-size":"auto","background-attachment":"scroll","background-type":"","background-media":"","overlay-type":"","overlay-color":"","overlay-opacity":"","overlay-gradient":""}},"footnotes":""},"product-category":[89],"product-tag":[],"class_list":["post-2847","product","type-product","status-publish","format-standard","has-post-thumbnail","hentry","product-category-charging-adapter"],"acf":[],"_links":{"self":[{"href":"https:\/\/www.mekeltech.com\/it\/wp-json\/wp\/v2\/product\/2847","targetHints":{"allow":["GET"]}}],"collection":[{"href":"https:\/\/www.mekeltech.com\/it\/wp-json\/wp\/v2\/product"}],"about":[{"href":"https:\/\/www.mekeltech.com\/it\/wp-json\/wp\/v2\/types\/product"}],"author":[{"embeddable":true,"href":"https:\/\/www.mekeltech.com\/it\/wp-json\/wp\/v2\/users\/1"}],"version-history":[{"count":8,"href":"https:\/\/www.mekeltech.com\/it\/wp-json\/wp\/v2\/product\/2847\/revisions"}],"predecessor-version":[{"id":7092,"href":"https:\/\/www.mekeltech.com\/it\/wp-json\/wp\/v2\/product\/2847\/revisions\/7092"}],"wp:featuredmedia":[{"embeddable":true,"href":"https:\/\/www.mekeltech.com\/it\/wp-json\/wp\/v2\/media\/3359"}],"wp:attachment":[{"href":"https:\/\/www.mekeltech.com\/it\/wp-json\/wp\/v2\/media?parent=2847"}],"wp:term":[{"taxonomy":"product-category","embeddable":true,"href":"https:\/\/www.mekeltech.com\/it\/wp-json\/wp\/v2\/product-category?post=2847"},{"taxonomy":"product-tag","embeddable":true,"href":"https:\/\/www.mekeltech.com\/it\/wp-json\/wp\/v2\/product-tag?post=2847"}],"curies":[{"name":"wp","href":"https:\/\/api.w.org\/{rel}","templated":true}]}}