{"id":2843,"date":"2025-05-03T07:45:54","date_gmt":"2025-05-03T07:45:54","guid":{"rendered":"https:\/\/mekeltech.com\/?post_type=product&#038;p=2843"},"modified":"2025-09-05T10:51:46","modified_gmt":"2025-09-05T02:51:46","slug":"ccs2-chademo-ev-charging-adapters","status":"publish","type":"product","link":"https:\/\/www.mekeltech.com\/it\/product\/ccs2-chademo-ev-charging-adapters\/","title":{"rendered":"Adattatori di ricarica per EV CCS2-CHAdeMO"},"content":{"rendered":"<h2 class=\"wp-block-heading\">Introduzione alla DC europea e giapponese (CCS2-CHAdeMO)<\/h2>\n\n\n\n<p>Affidabili e facili da usare, gli adattatori di ricarica CCS2 a CHAdeMO DC EV consentono ai veicoli con porta standard giapponese (CHAdeMO) di effettuare la ricarica rapida utilizzando caricabatterie CC standard europei (CCS2). Il prodotto ha un design compatto per una facile conservazione ed \u00e8 plug-and-play senza bisogno di ulteriori configurazioni. \u00c8 dotato di resistenza all'acqua IP54 e alla temperatura da -30\u00b0C a +50\u00b0C per una sicurezza e una durata di cui ci si pu\u00f2 fidare.<\/p>\n\n\n\n<h2 class=\"wp-block-heading\">Caratteristiche degli adattatori di ricarica Mekel EV<\/h2>\n\n\n\n<h3 class=\"wp-block-heading\">Una soluzione per ogni standard di ricarica<\/h3>\n\n\n\n<p>La nostra linea di adattatori per la ricarica dei veicoli elettrici offre soluzioni di conversione per ogni standard di ricarica in tutto il mondo, comprese le conversioni tra le porte di ricarica americane di tipo 1, Tesla NACS, europee di tipo 2, cinesi GBT e giapponesi Chademo.  Parlate con noi per scoprire i prodotti di adattamento perfetti per i vostri rispettivi mercati.<\/p>\n\n\n\n<h3 class=\"wp-block-heading has-medium-font-size\"><strong>Qualit\u00e0 costruttiva premium<\/strong><strong><\/strong><\/h3>\n\n\n\n<p>I nostri adattatori sono realizzati con un guscio termoplastico ad alta resistenza che garantisce una grande durata e una lega di rame argentata che offre una conduttivit\u00e0 di prim'ordine, che contribuir\u00e0 alla soddisfazione dei vostri clienti.<\/p>\n\n\n\n<h3 class=\"wp-block-heading has-medium-font-size\"><strong>Facile da usare e da portare in viaggio<\/strong><strong><\/strong><\/h3>\n\n\n\n<p>I nostri adattatori vantano un design compatto senza compromettere la funzionalit\u00e0. Supportano la ricarica ad alta velocit\u00e0 in c.a. o in c.c., pur stando comodamente all'interno del vano portaoggetti. \u00c8 sufficiente montare la pistola di ricarica e collegarla alla porta di ricarica del veicolo per un'esperienza di ricarica senza interruzioni.<\/p>\n\n\n\n<h2 class=\"wp-block-heading\"><strong>Prodotto Alto<\/strong><strong>luce<\/strong><strong><\/strong><\/h2>\n\n\n\n<p>Tutti gli standard di ricarica<\/p>\n\n\n\n<p>Materiali pregiati<\/p>\n\n\n\n<p>Protezione dalle intemperie<\/p>\n\n\n\n<p>Prontezza di produzione<\/p>\n\n\n\n<p>Consegna rapida<\/p>\n\n\n\n<h2 class=\"wp-block-heading has-medium-font-size\"><strong>Prodotto<\/strong><strong>&nbsp;<\/strong><strong>Dettagli<\/strong><strong><\/strong><\/h2>\n\n\n\n<figure class=\"wp-block-table\"><table class=\"has-fixed-layout\"><tbody><tr><td><strong>Nome del prodotto<\/strong><strong><\/strong><\/td><td><strong>Da CCS2 a CHAdeMO<\/strong> <strong>Adattatore di ricarica<\/strong><\/td><\/tr><tr><td><strong>Corrente nominale<\/strong><strong><\/strong><\/td><td><strong>Max 250A<\/strong><strong><\/strong><\/td><\/tr><tr><td><strong>Tensione nominale <\/strong><strong><\/strong><\/td><td><strong>Max 1000V DC<\/strong><strong><\/strong><\/td><\/tr><tr><td><strong>Resistenza all'acqua <\/strong><strong><\/strong><\/td><td><strong>IP54 (quando \u00e8 collegato)<\/strong><strong><\/strong><\/td><\/tr><tr><td><strong>Guscio esterno <\/strong><strong><\/strong><\/td><td><strong>Termoplastico<\/strong><strong>(TBC)<\/strong><strong><\/strong><\/td><\/tr><tr><td><strong>Pin conduttore<\/strong><strong><\/strong><\/td><td><strong>Lega di rame, argentata<\/strong><strong><\/strong><\/td><\/tr><tr><td><strong>Temperatura di lavoro <\/strong><strong><\/strong><\/td><td><strong>Da -30\u00b0C a +50\u00b0C<\/strong><strong><\/strong><\/td><\/tr><tr><td><strong>Peso netto<\/strong><strong><\/strong><\/td><td><strong>1,6 kg<\/strong><strong><\/strong><\/td><\/tr><tr><td><strong>Dimensioni<\/strong><strong><\/strong><\/td><td><strong>294*95*145 mm<\/strong><\/td><\/tr><\/tbody><\/table><\/figure>\n\n\n\n<h2 class=\"wp-block-heading has-medium-font-size\"><strong>FAQ<\/strong><strong><\/strong><\/h2>\n\n\n\n<p class=\"has-medium-font-size\">Qual \u00e8 la funzione di un adattatore di ricarica per veicoli elettrici? <\/p>\n\n\n\n<p>Un adattatore di ricarica EV consente a un veicolo di utilizzare una stazione di ricarica con uno standard di ricarica diverso. Ad esempio, un'auto importata dalla Cina e dotata di una porta di ricarica di tipo CHAdeMO pu\u00f2 essere ricaricata con la spina di tipo 2 europea, utilizzando un adattatore da tipo 2 a CHAdeMO.<\/p>\n\n\n\n<p class=\"has-medium-font-size\">Questi adattatori di ricarica CCS2 a CHAdeMO DC EV si caricano pi\u00f9 lentamente di quello originale?<\/p>\n\n\n\n<p>R: Questo prodotto utilizza conduttori in lega di rame argentato (resistenza &lt; 0,2m\u03a9), perdita di potenza &lt; 0,3%, e l&#039;efficienza di carica \u00e8 equivalente a quella delle pile a carica diretta.<\/p>\n\n\n\n<p class=\"has-medium-font-size\">Quale potenza supportano questi adattatori di ricarica CCS2-CHAdeMO per EV per la ricarica rapida?<\/p>\n\n\n\n<p>R: Questo prodotto supporta la ricarica rapida fino a 250A\/1000V DC (250kW), soddisfacendo le esigenze di ricarica a velocit\u00e0 estrema dei modelli mainstream.<\/p>\n\n\n\n<p class=\"has-medium-font-size\">Questo adattatore CCS2 a CHAdeMO DC pu\u00f2 essere utilizzato normalmente in un ambiente a bassa temperatura (-20\u2103)?<\/p>\n\n\n\n<p>R: S\u00ec, questi <strong>Adattatori di ricarica per veicoli elettrici<\/strong> hanno superato il test del freddo estremo a -30\u2103 e il sensore di temperatura incorporato viene utilizzato per il monitoraggio in tempo reale per garantire un funzionamento sicuro nell'intera gamma di temperature da -30\u00b0C a 50\u00b0C.<\/p>\n\n\n\n<p><\/p>","protected":false},"excerpt":{"rendered":"<p>Introduction to European to Japanese DC (CCS2-CHAdeMO) Reliable and easy to use, the CCS2 to CHAdeMO DC EV charging adapters allow vehicles with Japanese standard port (CHAdeMO ) to fast charge using European standard DC chargers (CCS2). The product has a compact&nbsp;design for easy storage and is plug-and-play without needing additional setups. Comes with IP54 [&hellip;]<\/p>","protected":false},"author":1,"featured_media":3352,"menu_order":0,"template":"","format":"standard","meta":{"_acf_changed":true,"site-sidebar-layout":"default","site-content-layout":"","ast-site-content-layout":"default","site-content-style":"default","site-sidebar-style":"default","ast-global-header-display":"","ast-banner-title-visibility":"","ast-main-header-display":"","ast-hfb-above-header-display":"","ast-hfb-below-header-display":"","ast-hfb-mobile-header-display":"","site-post-title":"","ast-breadcrumbs-content":"","ast-featured-img":"","footer-sml-layout":"","ast-disable-related-posts":"","theme-transparent-header-meta":"","adv-header-id-meta":"","stick-header-meta":"","header-above-stick-meta":"","header-main-stick-meta":"","header-below-stick-meta":"","astra-migrate-meta-layouts":"set","ast-page-background-enabled":"default","ast-page-background-meta":{"desktop":{"background-color":"","background-image":"","background-repeat":"repeat","background-position":"center center","background-size":"auto","background-attachment":"scroll","background-type":"","background-media":"","overlay-type":"","overlay-color":"","overlay-opacity":"","overlay-gradient":""},"tablet":{"background-color":"","background-image":"","background-repeat":"repeat","background-position":"center center","background-size":"auto","background-attachment":"scroll","background-type":"","background-media":"","overlay-type":"","overlay-color":"","overlay-opacity":"","overlay-gradient":""},"mobile":{"background-color":"","background-image":"","background-repeat":"repeat","background-position":"center center","background-size":"auto","background-attachment":"scroll","background-type":"","background-media":"","overlay-type":"","overlay-color":"","overlay-opacity":"","overlay-gradient":""}},"ast-content-background-meta":{"desktop":{"background-color":"var(--ast-global-color-5)","background-image":"","background-repeat":"repeat","background-position":"center center","background-size":"auto","background-attachment":"scroll","background-type":"","background-media":"","overlay-type":"","overlay-color":"","overlay-opacity":"","overlay-gradient":""},"tablet":{"background-color":"var(--ast-global-color-5)","background-image":"","background-repeat":"repeat","background-position":"center center","background-size":"auto","background-attachment":"scroll","background-type":"","background-media":"","overlay-type":"","overlay-color":"","overlay-opacity":"","overlay-gradient":""},"mobile":{"background-color":"var(--ast-global-color-5)","background-image":"","background-repeat":"repeat","background-position":"center center","background-size":"auto","background-attachment":"scroll","background-type":"","background-media":"","overlay-type":"","overlay-color":"","overlay-opacity":"","overlay-gradient":""}},"footnotes":""},"product-category":[89],"product-tag":[],"class_list":["post-2843","product","type-product","status-publish","format-standard","has-post-thumbnail","hentry","product-category-charging-adapter"],"acf":[],"_links":{"self":[{"href":"https:\/\/www.mekeltech.com\/it\/wp-json\/wp\/v2\/product\/2843","targetHints":{"allow":["GET"]}}],"collection":[{"href":"https:\/\/www.mekeltech.com\/it\/wp-json\/wp\/v2\/product"}],"about":[{"href":"https:\/\/www.mekeltech.com\/it\/wp-json\/wp\/v2\/types\/product"}],"author":[{"embeddable":true,"href":"https:\/\/www.mekeltech.com\/it\/wp-json\/wp\/v2\/users\/1"}],"version-history":[{"count":7,"href":"https:\/\/www.mekeltech.com\/it\/wp-json\/wp\/v2\/product\/2843\/revisions"}],"predecessor-version":[{"id":7093,"href":"https:\/\/www.mekeltech.com\/it\/wp-json\/wp\/v2\/product\/2843\/revisions\/7093"}],"wp:featuredmedia":[{"embeddable":true,"href":"https:\/\/www.mekeltech.com\/it\/wp-json\/wp\/v2\/media\/3352"}],"wp:attachment":[{"href":"https:\/\/www.mekeltech.com\/it\/wp-json\/wp\/v2\/media?parent=2843"}],"wp:term":[{"taxonomy":"product-category","embeddable":true,"href":"https:\/\/www.mekeltech.com\/it\/wp-json\/wp\/v2\/product-category?post=2843"},{"taxonomy":"product-tag","embeddable":true,"href":"https:\/\/www.mekeltech.com\/it\/wp-json\/wp\/v2\/product-tag?post=2843"}],"curies":[{"name":"wp","href":"https:\/\/api.w.org\/{rel}","templated":true}]}}