{"id":2841,"date":"2025-05-04T07:43:48","date_gmt":"2025-05-04T07:43:48","guid":{"rendered":"https:\/\/mekeltech.com\/?post_type=product&#038;p=2841"},"modified":"2025-08-07T11:58:34","modified_gmt":"2025-08-07T03:58:34","slug":"european-to-chinese-dc-ccs2-gbt-ev-charging-adapters","status":"publish","type":"product","link":"https:\/\/www.mekeltech.com\/it\/product\/european-to-chinese-dc-ccs2-gbt-ev-charging-adapters\/","title":{"rendered":"Adattatori di ricarica EV da europei a cinesi (CCS2-GBT)"},"content":{"rendered":"<h2 class=\"wp-block-heading\">Introduzione agli adattatori di ricarica EV da europei a cinesi (CCS2-GBT)<\/h2>\n\n\n\n<p>Affidabili e facili da usare, gli adattatori di ricarica CCS2-GBT DC EV consentono ai veicoli con porta standard cinese (GBT) di effettuare la ricarica rapida con i caricatori CC standard europei (CCS2). Il prodotto ha un design compatto che ne facilita lo stoccaggio ed \u00e8 plug-and-play senza bisogno di ulteriori configurazioni. \u00c8 dotato di resistenza all'acqua IP54 e alla temperatura da -30\u00b0C a +50\u00b0C per una sicurezza e una durata di cui ci si pu\u00f2 fidare.<\/p>\n\n\n\n<h2 class=\"wp-block-heading\">Caratteristiche degli adattatori di ricarica Mekel EV<\/h2>\n\n\n\n<h3 class=\"wp-block-heading has-medium-font-size\"><strong>Una soluzione per ogni standard di ricarica<\/strong><strong><\/strong><\/h3>\n\n\n\n<p>La linea di adattatori per la ricarica dei veicoli elettrici di Mekel offre soluzioni di conversione per tutti gli standard di ricarica in tutto il mondo, comprese le conversioni tra<strong>&nbsp;Americano di tipo 1, Tesla NACS, europeo di tipo 2, cinese GBT e giapponese Chademo.<\/strong>&nbsp;porte di ricarica.  Parlate con noi per scoprire i prodotti di adattamento perfetti per i vostri rispettivi mercati.<\/p>\n\n\n\n<h3 class=\"wp-block-heading has-medium-font-size\"><strong>Qualit\u00e0 costruttiva premium<\/strong><strong><\/strong><\/h3>\n\n\n\n<p>I nostri adattatori di ricarica sono realizzati con un guscio termoplastico ad alta resistenza che garantisce una grande durata e una lega di rame argentata che offre una conduttivit\u00e0 di prim'ordine, che contribuir\u00e0 alla soddisfazione dei clienti.<\/p>\n\n\n\n<h3 class=\"wp-block-heading has-medium-font-size\"><strong>Facile da usare e da portare in viaggio<\/strong><strong><\/strong><\/h3>\n\n\n\n<p>I nostri adattatori di ricarica EV vantano un design compatto senza compromettere la funzionalit\u00e0. Supportano la ricarica ad alta velocit\u00e0 in c.a. o in c.c., pur stando comodamente all'interno del vano portaoggetti. \u00c8 sufficiente montare la pistola di ricarica e collegarla alla porta di ricarica del veicolo per un'esperienza di ricarica senza interruzioni.<\/p>\n\n\n\n<h2 class=\"wp-block-heading\"><strong>Prodotto Alto<\/strong><strong>luce<\/strong><strong><\/strong><\/h2>\n\n\n\n<ul class=\"wp-block-list\">\n<li>Tutti gli standard di ricarica<\/li>\n\n\n\n<li>Materiali pregiati<\/li>\n\n\n\n<li>Protezione dalle intemperie<\/li>\n\n\n\n<li>Prontezza di produzione<\/li>\n\n\n\n<li>Consegna rapida<\/li>\n<\/ul>\n\n\n\n<h2 class=\"wp-block-heading\"><strong>Specifiche del prodotto<\/strong><\/h2>\n\n\n\n<figure class=\"wp-block-table\"><table class=\"has-fixed-layout\"><tbody><tr><td><strong>Nome del prodotto<\/strong><strong><\/strong><\/td><td><strong>Adattatore di ricarica da CCS2 a GBT<\/strong><strong><\/strong><\/td><\/tr><tr><td><strong>Corrente nominale<\/strong><strong><\/strong><\/td><td><strong>Max 250A<\/strong><strong><\/strong><\/td><\/tr><tr><td><strong>Tensione nominale <\/strong><strong><\/strong><\/td><td><strong>Max 1000V DC<\/strong><strong><\/strong><\/td><\/tr><tr><td><strong>Resistenza all'acqua<\/strong><\/td><td><strong>IP54 (quando \u00e8 collegato)<\/strong><strong><\/strong><\/td><\/tr><tr><td><strong>Guscio esterno <\/strong><strong><\/strong><\/td><td><strong>Termoplastico<\/strong><strong>(TBC)<\/strong><strong><\/strong><\/td><\/tr><tr><td><strong>Pin conduttore<\/strong><strong><\/strong><\/td><td><strong>Lega di rame, argentata<\/strong><strong><\/strong><\/td><\/tr><tr><td><strong>Temperatura di lavoro <\/strong><strong><\/strong><\/td><td><strong>Da -30\u00b0C a +50\u00b0C<\/strong><strong><\/strong><\/td><\/tr><tr><td><strong>Peso netto<\/strong><strong><\/strong><\/td><td><strong>1,6 kg<\/strong><strong><\/strong><\/td><\/tr><tr><td><strong>Dimensioni<\/strong><strong><\/strong><\/td><td><strong>294*95*145 mm<\/strong><strong><\/strong><\/td><\/tr><\/tbody><\/table><\/figure>\n\n\n\n<h2 class=\"wp-block-heading\"><strong>FAQ<\/strong><\/h2>\n\n\n\n<p><strong>D: Questi adattatori di ricarica EV da europei a cinesi si caricano pi\u00f9 lentamente di quelli originali?<\/strong><br>R: Questo prodotto utilizza conduttori in lega di rame argentato (resistenza &lt; 0,2m\u03a9), perdita di potenza &lt; 0,3%, e l&#039;efficienza di carica \u00e8 equivalente a quella delle pile a carica diretta.<\/p>\n\n\n\n<p><strong>D: Quali certificazioni di sicurezza ha superato questo adattatore di ricarica CC EV CCS2-GBT?<\/strong><br>R: Possiede la certificazione CE\/ROHS e i componenti principali hanno superato il test di resistenza alla polvere e all'acqua ISO 20653 e la certificazione ignifuga UL94 V-0.<\/p>\n\n\n\n<p><strong>D: Qual \u00e8 la potenza supportata dagli adattatori di ricarica CCS2-GBT per EV per la ricarica rapida?<\/strong><br>R: Questo prodotto supporta la ricarica rapida fino a 250A\/1000V DC (250kW), soddisfacendo le esigenze di ricarica a velocit\u00e0 estrema dei modelli mainstream.<\/p>\n\n\n\n<p><strong>D: Questo adattatore CC da europeo a cinese pu\u00f2 essere utilizzato normalmente in un ambiente a bassa temperatura di -20\u2103?<\/strong><br>R S\u00ec, questi adattatori di ricarica EV hanno superato il test del freddo estremo a -30\u2103 e il sensore di temperatura incorporato viene utilizzato per il monitoraggio in tempo reale per garantire un funzionamento sicuro nell'intera gamma di temperature da -30\u00b0C a 50\u00b0C.<\/p>","protected":false},"excerpt":{"rendered":"<p>Introduzione agli adattatori di ricarica EV da europeo a cinese (CCS2-GBT) Affidabili e facili da usare, gli adattatori di ricarica EV da CCS2 a GBT DC consentono ai veicoli con porta standard cinese (GBT) di effettuare la ricarica rapida utilizzando i caricatori DC standard europei (CCS2). Il prodotto ha un design compatto per una facile conservazione ed \u00e8 plug-and-play senza bisogno di ulteriori configurazioni. Viene [...]<\/p>","protected":false},"author":1,"featured_media":3338,"menu_order":0,"template":"","format":"standard","meta":{"_acf_changed":false,"site-sidebar-layout":"default","site-content-layout":"","ast-site-content-layout":"default","site-content-style":"default","site-sidebar-style":"default","ast-global-header-display":"","ast-banner-title-visibility":"","ast-main-header-display":"","ast-hfb-above-header-display":"","ast-hfb-below-header-display":"","ast-hfb-mobile-header-display":"","site-post-title":"","ast-breadcrumbs-content":"","ast-featured-img":"","footer-sml-layout":"","ast-disable-related-posts":"","theme-transparent-header-meta":"","adv-header-id-meta":"","stick-header-meta":"","header-above-stick-meta":"","header-main-stick-meta":"","header-below-stick-meta":"","astra-migrate-meta-layouts":"set","ast-page-background-enabled":"default","ast-page-background-meta":{"desktop":{"background-color":"","background-image":"","background-repeat":"repeat","background-position":"center center","background-size":"auto","background-attachment":"scroll","background-type":"","background-media":"","overlay-type":"","overlay-color":"","overlay-opacity":"","overlay-gradient":""},"tablet":{"background-color":"","background-image":"","background-repeat":"repeat","background-position":"center center","background-size":"auto","background-attachment":"scroll","background-type":"","background-media":"","overlay-type":"","overlay-color":"","overlay-opacity":"","overlay-gradient":""},"mobile":{"background-color":"","background-image":"","background-repeat":"repeat","background-position":"center center","background-size":"auto","background-attachment":"scroll","background-type":"","background-media":"","overlay-type":"","overlay-color":"","overlay-opacity":"","overlay-gradient":""}},"ast-content-background-meta":{"desktop":{"background-color":"var(--ast-global-color-5)","background-image":"","background-repeat":"repeat","background-position":"center center","background-size":"auto","background-attachment":"scroll","background-type":"","background-media":"","overlay-type":"","overlay-color":"","overlay-opacity":"","overlay-gradient":""},"tablet":{"background-color":"var(--ast-global-color-5)","background-image":"","background-repeat":"repeat","background-position":"center center","background-size":"auto","background-attachment":"scroll","background-type":"","background-media":"","overlay-type":"","overlay-color":"","overlay-opacity":"","overlay-gradient":""},"mobile":{"background-color":"var(--ast-global-color-5)","background-image":"","background-repeat":"repeat","background-position":"center center","background-size":"auto","background-attachment":"scroll","background-type":"","background-media":"","overlay-type":"","overlay-color":"","overlay-opacity":"","overlay-gradient":""}},"footnotes":""},"product-category":[89],"product-tag":[],"class_list":["post-2841","product","type-product","status-publish","format-standard","has-post-thumbnail","hentry","product-category-charging-adapter"],"acf":[],"_links":{"self":[{"href":"https:\/\/www.mekeltech.com\/it\/wp-json\/wp\/v2\/product\/2841","targetHints":{"allow":["GET"]}}],"collection":[{"href":"https:\/\/www.mekeltech.com\/it\/wp-json\/wp\/v2\/product"}],"about":[{"href":"https:\/\/www.mekeltech.com\/it\/wp-json\/wp\/v2\/types\/product"}],"author":[{"embeddable":true,"href":"https:\/\/www.mekeltech.com\/it\/wp-json\/wp\/v2\/users\/1"}],"version-history":[{"count":11,"href":"https:\/\/www.mekeltech.com\/it\/wp-json\/wp\/v2\/product\/2841\/revisions"}],"predecessor-version":[{"id":7090,"href":"https:\/\/www.mekeltech.com\/it\/wp-json\/wp\/v2\/product\/2841\/revisions\/7090"}],"wp:featuredmedia":[{"embeddable":true,"href":"https:\/\/www.mekeltech.com\/it\/wp-json\/wp\/v2\/media\/3338"}],"wp:attachment":[{"href":"https:\/\/www.mekeltech.com\/it\/wp-json\/wp\/v2\/media?parent=2841"}],"wp:term":[{"taxonomy":"product-category","embeddable":true,"href":"https:\/\/www.mekeltech.com\/it\/wp-json\/wp\/v2\/product-category?post=2841"},{"taxonomy":"product-tag","embeddable":true,"href":"https:\/\/www.mekeltech.com\/it\/wp-json\/wp\/v2\/product-tag?post=2841"}],"curies":[{"name":"wp","href":"https:\/\/api.w.org\/{rel}","templated":true}]}}