{"id":2424,"date":"2025-05-05T06:56:13","date_gmt":"2025-05-05T06:56:13","guid":{"rendered":"https:\/\/mekeltech.com\/?post_type=product&#038;p=2424"},"modified":"2025-08-07T12:19:23","modified_gmt":"2025-08-07T04:19:23","slug":"ccs2-to-gbt-dc-ev-charging-adapter","status":"publish","type":"product","link":"https:\/\/www.mekeltech.com\/it\/product\/ccs2-to-gbt-dc-ev-charging-adapter\/","title":{"rendered":"Adattatore di ricarica CCS2 - GBT DC EV"},"content":{"rendered":"<div data-elementor-type=\"wp-post\" data-elementor-id=\"2424\" class=\"elementor elementor-2424\" data-elementor-post-type=\"product\">\n\t\t\t\t<div class=\"elementor-element elementor-element-1ed46942 e-flex e-con-boxed e-con e-parent\" data-id=\"1ed46942\" data-element_type=\"container\">\n\t\t\t\t\t<div class=\"e-con-inner\">\n\t\t\t\t<div class=\"elementor-element elementor-element-f17077f elementor-widget elementor-widget-text-editor\" data-id=\"f17077f\" data-element_type=\"widget\" data-widget_type=\"text-editor.default\">\n\t\t\t\t<div class=\"elementor-widget-container\">\n\t\t\t\t\t\t\t\t\t\n<p>Affidabili e facili da usare, gli adattatori di ricarica CCS2-GBT DC EV consentono ai veicoli con porta standard cinese (GBT) di effettuare la ricarica rapida con i caricatori CC standard europei (CCS2). Il prodotto ha un design compatto che ne facilita lo stoccaggio ed \u00e8 plug-and-play senza bisogno di ulteriori configurazioni. \u00c8 dotato di resistenza all'acqua IP54 e alla temperatura da -30\u00b0C a +50\u00b0C per una sicurezza e una durata di cui ci si pu\u00f2 fidare.<\/p>\n\n<h2 class=\"wp-block-heading has-medium-font-size\"><strong>Una soluzione per ogni standard di ricarica<\/strong><\/h2>\n\n<p>La nostra linea di adattatori per la ricarica dei veicoli elettrici offre soluzioni di conversione per ogni standard di ricarica in tutto il mondo, comprese le conversioni tra le porte di ricarica americane di tipo 1, Tesla NACS, europee di tipo 2, cinesi GBT e giapponesi Chademo.  Parlate con noi per scoprire i prodotti di adattamento perfetti per i vostri rispettivi mercati.<\/p>\n\n<h2 class=\"wp-block-heading has-medium-font-size\"><strong>Qualit\u00e0 costruttiva premium<\/strong><\/h2>\n\n<p>I nostri adattatori sono realizzati con un guscio termoplastico ad alta resistenza che garantisce una grande durata e una lega di rame argentata che offre una conduttivit\u00e0 di prim'ordine, che contribuir\u00e0 alla soddisfazione dei vostri clienti.<\/p>\n\n<h2 class=\"wp-block-heading has-medium-font-size\"><strong>Facile da usare e da portare in viaggio<\/strong><\/h2>\n\n<p>I nostri adattatori vantano un design compatto senza compromettere la funzionalit\u00e0. Supportano la ricarica ad alta velocit\u00e0 in c.a. o in c.c., pur stando comodamente all'interno del vano portaoggetti. \u00c8 sufficiente montare la pistola di ricarica e collegarla alla porta di ricarica del veicolo per un'esperienza di ricarica senza interruzioni.<\/p>\n\n<h2 class=\"wp-block-heading has-medium-font-size\"><strong>Prodotto Alto<\/strong><strong>luce<\/strong><\/h2>\n\n<ul class=\"wp-block-list\">\n<li>Tutti gli standard di ricarica<\/li>\n\n<li>Materiali pregiati<\/li>\n\n<li>Protezione dalle intemperie<\/li>\n\n<li>Prontezza di produzione<\/li>\n\n<li>Consegna rapida<\/li>\n<\/ul>\n\n<h2 class=\"wp-block-heading has-medium-font-size\"><strong><strong>Specifiche del prodotto<\/strong><\/strong><\/h2>\n\n<figure class=\"wp-block-table\">\n<table class=\"has-fixed-layout\">\n<tbody>\n<tr>\n<td><strong>Nome del prodotto<\/strong><\/td>\n<td><strong>Adattatore di ricarica da CCS2 a GBT<\/strong><\/td>\n<\/tr>\n<tr>\n<td><strong>Corrente nominale<\/strong><\/td>\n<td><strong>Max 250A<\/strong><\/td>\n<\/tr>\n<tr>\n<td><strong>Tensione nominale <\/strong><\/td>\n<td><strong>Max 1000V DC<\/strong><\/td>\n<\/tr>\n<tr>\n<td><strong>Resistenza all'acqua <\/strong><\/td>\n<td><strong>IP54 (quando \u00e8 collegato)<\/strong><\/td>\n<\/tr>\n<tr>\n<td><strong>Guscio esterno <\/strong><\/td>\n<td><strong>Termoplastico<\/strong><strong>(TBC)<\/strong><\/td>\n<\/tr>\n<tr>\n<td><strong>Pin conduttore<\/strong><\/td>\n<td><strong>Lega di rame, argentata<\/strong><\/td>\n<\/tr>\n<tr>\n<td><strong>Temperatura di lavoro <\/strong><\/td>\n<td><strong>Da -30\u00b0C a +50\u00b0C<\/strong><\/td>\n<\/tr>\n<tr>\n<td><strong>Peso netto<\/strong><\/td>\n<td><strong>1,6 kg<\/strong><\/td>\n<\/tr>\n<tr>\n<td><strong>Dimensioni<\/strong><\/td>\n<td><strong>294*95*145 mm<\/strong><\/td>\n<\/tr>\n<\/tbody>\n<\/table>\n<\/figure>\n\n<h2 class=\"wp-block-heading has-medium-font-size\"><strong>FAQ<\/strong><\/h2>\n\n<p class=\"has-medium-font-size\"><strong>D: Qual \u00e8 la funzione di un adattatore di ricarica per veicoli elettrici?<\/strong><\/p>\n\n<p>Un adattatore di ricarica EV consente a un veicolo di utilizzare una stazione di ricarica con uno standard di ricarica diverso. Ad esempio, un'auto importata dalla Cina con una porta di ricarica di tipo GBT pu\u00f2 essere ricaricata con la spina europea di tipo 2, utilizzando un adattatore da tipo 2 a GBT.<\/p>\n\n<p><strong class=\"\">D: Questo adattatore di ricarica CCS2 a GBT DC EV si carica pi\u00f9 lentamente di quello originale?<\/strong><\/p>\n\n<p>R: Questo prodotto utilizza conduttori in lega di rame argentato (resistenza &lt; 0,2m\u03a9), perdita di potenza &lt; 0,3%, e l&#039;efficienza di carica \u00e8 equivalente a quella delle pile a carica diretta.<\/p>\n\n<p><strong class=\"\">D: Quali certificazioni di sicurezza ha superato questo adattatore di ricarica CCS2-GBT DC EV?<\/strong><\/p>\n\n<p>R: Possiede la certificazione CE\/ROHS e i componenti principali hanno superato il test di resistenza alla polvere e all'acqua ISO 20653 e la certificazione ignifuga UL94 V-0.<\/p>\n\n<p><strong class=\"\">D: Qual \u00e8 la potenza supportata da questo adattatore di ricarica EV da CCS2 a GBT per la ricarica rapida?<\/strong><\/p>\n\n<p>R: Questo prodotto supporta la ricarica rapida fino a 250A\/1000V DC (250kW), soddisfacendo le esigenze di ricarica a velocit\u00e0 estrema dei modelli mainstream.<\/p>\n\n<p><strong class=\"\">D: Questo adattatore di ricarica CCS2-GBT DC EV pu\u00f2 essere utilizzato normalmente in un ambiente a bassa temperatura (-20\u2103)?<\/strong><\/p>\n\n<p>R: S\u00ec, questo <strong class=\"\">Adattatore per la ricarica dei veicoli elettrici<\/strong> ha superato il test del freddo estremo a -30\u2103 e il sensore di temperatura incorporato viene utilizzato per il monitoraggio in tempo reale per garantire un funzionamento sicuro nell'intera gamma di temperature da -30\u00b0C a 50\u00b0C.<\/p>\n\t\t\t\t\t\t\t\t<\/div>\n\t\t\t\t<\/div>\n\t\t\t\t\t<\/div>\n\t\t\t\t<\/div>\n\t\t\t\t<\/div>","protected":false},"excerpt":{"rendered":"<p>Reliable and easy to use, the CCS2 to GBT DC EV charging adapters allow vehicles with Chinese standard port (GBT) to fast charge using European standard DC chargers (CCS2). The product has a compact\u00a0design for easy storage and is plug-and-play without needing additional setups. Comes with IP54 water resistance and temperature endurance of -30\u00b0C to [&hellip;]<\/p>","protected":false},"author":1,"featured_media":3496,"menu_order":15,"template":"","format":"standard","meta":{"_acf_changed":false,"site-sidebar-layout":"default","site-content-layout":"","ast-site-content-layout":"default","site-content-style":"default","site-sidebar-style":"default","ast-global-header-display":"","ast-banner-title-visibility":"","ast-main-header-display":"","ast-hfb-above-header-display":"","ast-hfb-below-header-display":"","ast-hfb-mobile-header-display":"","site-post-title":"","ast-breadcrumbs-content":"","ast-featured-img":"","footer-sml-layout":"","ast-disable-related-posts":"","theme-transparent-header-meta":"","adv-header-id-meta":"","stick-header-meta":"","header-above-stick-meta":"","header-main-stick-meta":"","header-below-stick-meta":"","astra-migrate-meta-layouts":"set","ast-page-background-enabled":"default","ast-page-background-meta":{"desktop":{"background-color":"","background-image":"","background-repeat":"repeat","background-position":"center center","background-size":"auto","background-attachment":"scroll","background-type":"","background-media":"","overlay-type":"","overlay-color":"","overlay-opacity":"","overlay-gradient":""},"tablet":{"background-color":"","background-image":"","background-repeat":"repeat","background-position":"center center","background-size":"auto","background-attachment":"scroll","background-type":"","background-media":"","overlay-type":"","overlay-color":"","overlay-opacity":"","overlay-gradient":""},"mobile":{"background-color":"","background-image":"","background-repeat":"repeat","background-position":"center center","background-size":"auto","background-attachment":"scroll","background-type":"","background-media":"","overlay-type":"","overlay-color":"","overlay-opacity":"","overlay-gradient":""}},"ast-content-background-meta":{"desktop":{"background-color":"var(--ast-global-color-5)","background-image":"","background-repeat":"repeat","background-position":"center center","background-size":"auto","background-attachment":"scroll","background-type":"","background-media":"","overlay-type":"","overlay-color":"","overlay-opacity":"","overlay-gradient":""},"tablet":{"background-color":"var(--ast-global-color-5)","background-image":"","background-repeat":"repeat","background-position":"center center","background-size":"auto","background-attachment":"scroll","background-type":"","background-media":"","overlay-type":"","overlay-color":"","overlay-opacity":"","overlay-gradient":""},"mobile":{"background-color":"var(--ast-global-color-5)","background-image":"","background-repeat":"repeat","background-position":"center center","background-size":"auto","background-attachment":"scroll","background-type":"","background-media":"","overlay-type":"","overlay-color":"","overlay-opacity":"","overlay-gradient":""}},"footnotes":""},"product-category":[89],"product-tag":[],"class_list":["post-2424","product","type-product","status-publish","format-standard","has-post-thumbnail","hentry","product-category-charging-adapter"],"acf":[],"_links":{"self":[{"href":"https:\/\/www.mekeltech.com\/it\/wp-json\/wp\/v2\/product\/2424","targetHints":{"allow":["GET"]}}],"collection":[{"href":"https:\/\/www.mekeltech.com\/it\/wp-json\/wp\/v2\/product"}],"about":[{"href":"https:\/\/www.mekeltech.com\/it\/wp-json\/wp\/v2\/types\/product"}],"author":[{"embeddable":true,"href":"https:\/\/www.mekeltech.com\/it\/wp-json\/wp\/v2\/users\/1"}],"version-history":[{"count":9,"href":"https:\/\/www.mekeltech.com\/it\/wp-json\/wp\/v2\/product\/2424\/revisions"}],"predecessor-version":[{"id":5823,"href":"https:\/\/www.mekeltech.com\/it\/wp-json\/wp\/v2\/product\/2424\/revisions\/5823"}],"wp:featuredmedia":[{"embeddable":true,"href":"https:\/\/www.mekeltech.com\/it\/wp-json\/wp\/v2\/media\/3496"}],"wp:attachment":[{"href":"https:\/\/www.mekeltech.com\/it\/wp-json\/wp\/v2\/media?parent=2424"}],"wp:term":[{"taxonomy":"product-category","embeddable":true,"href":"https:\/\/www.mekeltech.com\/it\/wp-json\/wp\/v2\/product-category?post=2424"},{"taxonomy":"product-tag","embeddable":true,"href":"https:\/\/www.mekeltech.com\/it\/wp-json\/wp\/v2\/product-tag?post=2424"}],"curies":[{"name":"wp","href":"https:\/\/api.w.org\/{rel}","templated":true}]}}