{"id":2278,"date":"2025-05-11T06:36:48","date_gmt":"2025-05-11T06:36:48","guid":{"rendered":"https:\/\/mekeltech.com\/?post_type=product&#038;p=2278"},"modified":"2025-09-05T10:38:57","modified_gmt":"2025-09-05T02:38:57","slug":"v2l-with-digital-display","status":"publish","type":"product","link":"https:\/\/www.mekeltech.com\/it\/product\/v2l-with-digital-display\/","title":{"rendered":"V2L con display digitale"},"content":{"rendered":"<div data-elementor-type=\"wp-post\" data-elementor-id=\"2278\" class=\"elementor elementor-2278\" data-elementor-post-type=\"product\">\n\t\t\t\t<div class=\"elementor-element elementor-element-73c0587a e-flex e-con-boxed e-con e-parent\" data-id=\"73c0587a\" data-element_type=\"container\">\n\t\t\t\t\t<div class=\"e-con-inner\">\n\t\t\t\t<div class=\"elementor-element elementor-element-96a467c elementor-widget elementor-widget-heading\" data-id=\"96a467c\" data-element_type=\"widget\" data-widget_type=\"heading.default\">\n\t\t\t\t<div class=\"elementor-widget-container\">\n\t\t\t\t\t<h2 class=\"elementor-heading-title elementor-size-default\">Standard per V2L con display digitale<\/h2>\t\t\t\t<\/div>\n\t\t\t\t<\/div>\n\t\t\t\t<div class=\"elementor-element elementor-element-2d41dae elementor-widget elementor-widget-text-editor\" data-id=\"2d41dae\" data-element_type=\"widget\" data-widget_type=\"text-editor.default\">\n\t\t\t\t<div class=\"elementor-widget-container\">\n\t\t\t\t\t\t\t\t\t<ul class=\"wp-block-list\">\n<li>Potenza in uscita: Fino a 3,6 kW (1 fase, 16 Amp)<\/li>\n<!-- \/wp:list-item --><!-- wp:list-item -->\n<li>Tipo di connettore: Tipo 2<\/li>\n<!-- \/wp:list-item --><!-- wp:list-item -->\n<li>Tipo di presa: Schuko, UK 3 Pin, presa multipla<\/li>\n<!-- \/wp:list-item --><!-- wp:list-item -->\n<li>Opzione cavo: Disponibile nelle opzioni da 3 m, 5 m e 10 m.<\/li>\n<!-- \/wp:list-item --><!-- wp:list-item -->\n<li>Veicoli compatibili: Hyundai Ioniq 5, Kia EV6, MG ZS EV, BYD Atto 3, Genesis GV60\/GV70 e altri veicoli elettrici abilitati al V2L.<\/li>\n<!-- \/wp:list-item --><!-- wp:list-item -->\n<li>Certificazioni: CE<\/li>\n<\/ul>\t\t\t\t\t\t\t\t<\/div>\n\t\t\t\t<\/div>\n\t\t\t\t<div class=\"elementor-element elementor-element-ccbf9c6 elementor-widget elementor-widget-text-editor\" data-id=\"ccbf9c6\" data-element_type=\"widget\" data-widget_type=\"text-editor.default\">\n\t\t\t\t<div class=\"elementor-widget-container\">\n\t\t\t\t\t\t\t\t\t<p>L'adattatore Mekel Vehicle-to-Load (V2L) con display digitale trasforma i veicoli elettrici in una fonte di alimentazione versatile, consentendo agli utenti di attingere alla batteria del veicolo per alimentare dispositivi esterni. Progettato per una perfetta integrazione con i veicoli elettrici con capacit\u00e0 V2L, questo adattatore supporta una vasta gamma di applicazioni, dal campeggio alle avventure all'aria aperta, fino all'alimentazione di emergenza durante le interruzioni. Grazie alle solide caratteristiche di sicurezza e alla compatibilit\u00e0 con i principali standard mondiali, il Mekel V2L con display digitale offre un'alimentazione affidabile e in movimento per esigenze personali e commerciali.<\/p>\t\t\t\t\t\t\t\t<\/div>\n\t\t\t\t<\/div>\n\t\t\t\t<div class=\"elementor-element elementor-element-ab3761a elementor-widget elementor-widget-heading\" data-id=\"ab3761a\" data-element_type=\"widget\" data-widget_type=\"heading.default\">\n\t\t\t\t<div class=\"elementor-widget-container\">\n\t\t\t\t\t<h2 class=\"elementor-heading-title elementor-size-default\">Che cos'\u00e8 il V2L con display digitale? <\/h2>\t\t\t\t<\/div>\n\t\t\t\t<\/div>\n\t\t\t\t<div class=\"elementor-element elementor-element-b179d57 elementor-widget elementor-widget-text-editor\" data-id=\"b179d57\" data-element_type=\"widget\" data-widget_type=\"text-editor.default\">\n\t\t\t\t<div class=\"elementor-widget-container\">\n\t\t\t\t\t\t\t\t\t<p>Il V2L con display digitale \u00e8 un dispositivo specializzato che si collega alla porta di ricarica di un veicolo elettrico, consentendo alla batteria ad alta capacit\u00e0 del veicolo di fornire corrente alternata a dispositivi esterni. I veicoli che supportano il V2L convertono la corrente continua (DC) della batteria in corrente alternata (AC) a bordo e forniscono l'AC attraverso il V2L con display digitale. Ci\u00f2 consente agli utenti di alimentare apparecchi intensivi come stufe elettriche, computer portatili, utensili elettrici o persino di ricaricare un altro veicolo elettrico. Ideale per luoghi remoti, campeggi o scenari di emergenza, il V2L con display digitale sblocca il potenziale inutilizzato della batteria del vostro EV, trasformandolo in una banca di energia mobile.<\/p>\t\t\t\t\t\t\t\t<\/div>\n\t\t\t\t<\/div>\n\t\t\t\t<div class=\"elementor-element elementor-element-6c75e56 elementor-widget elementor-widget-heading\" data-id=\"6c75e56\" data-element_type=\"widget\" data-widget_type=\"heading.default\">\n\t\t\t\t<div class=\"elementor-widget-container\">\n\t\t\t\t\t<h2 class=\"elementor-heading-title elementor-size-default\">Come funziona il V2L con display digitale?<\/h2>\t\t\t\t<\/div>\n\t\t\t\t<\/div>\n\t\t\t\t<div class=\"elementor-element elementor-element-d5500ed elementor-widget elementor-widget-text-editor\" data-id=\"d5500ed\" data-element_type=\"widget\" data-widget_type=\"text-editor.default\">\n\t\t\t\t<div class=\"elementor-widget-container\">\n\t\t\t\t\t\t\t\t\t<p>Il Mekel V2L con display digitale si inserisce direttamente nella porta di ricarica di tipo 2 di un veicolo elettrico compatibile V2L. Una volta collegato, l'inverter di bordo del veicolo converte la corrente continua della batteria in corrente alternata, che viene poi fornita al dispositivo collegato attraverso la presa da 230V dell'adattatore. Gli utenti attivano la modalit\u00e0 V2L tramite il sistema di infotainment del veicolo, con limiti di scarica personalizzabili per preservare l'autonomia della batteria durante la guida. L'adattatore supporta fino a 16A per i dispositivi di maggiore potenza, garantendo flessibilit\u00e0 in vari scenari.<\/p>\t\t\t\t\t\t\t\t<\/div>\n\t\t\t\t<\/div>\n\t\t\t\t<div class=\"elementor-element elementor-element-007ca1e elementor-widget elementor-widget-heading\" data-id=\"007ca1e\" data-element_type=\"widget\" data-widget_type=\"heading.default\">\n\t\t\t\t<div class=\"elementor-widget-container\">\n\t\t\t\t\t<h2 class=\"elementor-heading-title elementor-size-default\">Perch\u00e9 scegliere Mekel V2L con display digitale?<\/h2>\t\t\t\t<\/div>\n\t\t\t\t<\/div>\n\t\t\t\t<div class=\"elementor-element elementor-element-1715c9e elementor-widget elementor-widget-heading\" data-id=\"1715c9e\" data-element_type=\"widget\" data-widget_type=\"heading.default\">\n\t\t\t\t<div class=\"elementor-widget-container\">\n\t\t\t\t\t<h3 class=\"elementor-heading-title elementor-size-default\">Soluzione di alimentazione versatile<\/h3>\t\t\t\t<\/div>\n\t\t\t\t<\/div>\n\t\t\t\t<div class=\"elementor-element elementor-element-3ed9a7e elementor-widget elementor-widget-text-editor\" data-id=\"3ed9a7e\" data-element_type=\"widget\" data-widget_type=\"text-editor.default\">\n\t\t\t\t<div class=\"elementor-widget-container\">\n\t\t\t\t\t\t\t\t\t<p>Il Mekel V2L con display digitale consente ai proprietari di veicoli elettrici di sfruttare la batteria del veicolo per un'ampia gamma di applicazioni. Sia che si tratti di alimentare una macchina per il caff\u00e8 in campeggio, di far funzionare utensili elettrici in un cantiere remoto o di mantenere in funzione apparecchi essenziali come i frigoriferi durante un blackout, questo adattatore fornisce fino a 3,6 kW di potenza affidabile. Il V2L con display digitale supporta sia l'uso domestico che quello commerciale, rendendolo un accessorio essenziale per i moderni proprietari di veicoli elettrici.<\/p>\t\t\t\t\t\t\t\t<\/div>\n\t\t\t\t<\/div>\n\t\t\t\t<div class=\"elementor-element elementor-element-01c21cd elementor-widget elementor-widget-heading\" data-id=\"01c21cd\" data-element_type=\"widget\" data-widget_type=\"heading.default\">\n\t\t\t\t<div class=\"elementor-widget-container\">\n\t\t\t\t\t<h3 class=\"elementor-heading-title elementor-size-default\">Compatibilit\u00e0 universale<\/h3>\t\t\t\t<\/div>\n\t\t\t\t<\/div>\n\t\t\t\t<div class=\"elementor-element elementor-element-c931501 elementor-widget elementor-widget-text-editor\" data-id=\"c931501\" data-element_type=\"widget\" data-widget_type=\"text-editor.default\">\n\t\t\t\t<div class=\"elementor-widget-container\">\n\t\t\t\t\t\t\t\t\t<p>Progettato con un connettore di tipo 2, l'adattatore \u00e8 compatibile con un elenco crescente di veicoli elettrici abilitati al V2L, tra cui Hyundai Ioniq 5, Kia EV6, MG ZS EV e BYD Atto 3. La sua conformit\u00e0 agli standard globali ne garantisce l'utilizzo in pi\u00f9 mercati, dall'Europa al Nord America.<\/p>\t\t\t\t\t\t\t\t<\/div>\n\t\t\t\t<\/div>\n\t\t\t\t<div class=\"elementor-element elementor-element-c1c7d79 elementor-widget elementor-widget-heading\" data-id=\"c1c7d79\" data-element_type=\"widget\" data-widget_type=\"heading.default\">\n\t\t\t\t<div class=\"elementor-widget-container\">\n\t\t\t\t\t<h3 class=\"elementor-heading-title elementor-size-default\">Lunghezze dei cavi personalizzabili per V2L con display digitale<\/h3>\t\t\t\t<\/div>\n\t\t\t\t<\/div>\n\t\t\t\t<div class=\"elementor-element elementor-element-9eb2fac elementor-widget elementor-widget-text-editor\" data-id=\"9eb2fac\" data-element_type=\"widget\" data-widget_type=\"text-editor.default\">\n\t\t\t\t<div class=\"elementor-widget-container\">\n\t\t\t\t\t\t\t\t\t<p>La variante del cavo multipresa \u00e8 disponibile nelle lunghezze di 3m, 5m e 10m. La lunghezza personalizzabile consente al Mekel V2L con Display Digitale di adattarsi a diversi casi d'uso, dalle connessioni brevi per l'uso domestico alla portata estesa per le applicazioni esterne o commerciali. I clienti possono scegliere la lunghezza pi\u00f9 adatta alle loro esigenze di praticit\u00e0 e portabilit\u00e0.<\/p>\t\t\t\t\t\t\t\t<\/div>\n\t\t\t\t<\/div>\n\t\t\t\t<div class=\"elementor-element elementor-element-0917b6b elementor-widget elementor-widget-heading\" data-id=\"0917b6b\" data-element_type=\"widget\" data-widget_type=\"heading.default\">\n\t\t\t\t<div class=\"elementor-widget-container\">\n\t\t\t\t\t<h3 class=\"elementor-heading-title elementor-size-default\">Ampia gamma di modelli orientati allo scopo<\/h3>\t\t\t\t<\/div>\n\t\t\t\t<\/div>\n\t\t\t\t<div class=\"elementor-element elementor-element-1725825 elementor-widget elementor-widget-text-editor\" data-id=\"1725825\" data-element_type=\"widget\" data-widget_type=\"text-editor.default\">\n\t\t\t\t<div class=\"elementor-widget-container\">\n\t\t\t\t\t\t\t\t\t<p>Mekel offre diversi modelli di V2L con display digitale, con varie funzioni e budget. Tra questi, il V2L standard con display digitale, la variante premium con display LCD per la ricarica e la variante multipresa per la ricarica di pi\u00f9 apparecchi. Sia che i clienti siano orientati al budget o alle funzioni, Mekel ha la soluzione adatta a soddisfare le loro esigenze.<\/p>\t\t\t\t\t\t\t\t<\/div>\n\t\t\t\t<\/div>\n\t\t\t\t<div class=\"elementor-element elementor-element-831abff elementor-widget elementor-widget-heading\" data-id=\"831abff\" data-element_type=\"widget\" data-widget_type=\"heading.default\">\n\t\t\t\t<div class=\"elementor-widget-container\">\n\t\t\t\t\t<h3 class=\"elementor-heading-title elementor-size-default\">Soluzioni di personalizzazione flessibili<\/h3>\t\t\t\t<\/div>\n\t\t\t\t<\/div>\n\t\t\t\t<div class=\"elementor-element elementor-element-1818af7 elementor-widget elementor-widget-text-editor\" data-id=\"1818af7\" data-element_type=\"widget\" data-widget_type=\"text-editor.default\">\n\t\t\t\t<div class=\"elementor-widget-container\">\n\t\t\t\t\t\t\t\t\t<p>\u00c8 disponibile la personalizzazione con incisione laser, che consente ai clienti di scegliere di incidere il proprio logo sul V2L con display digitale. Mekel si dedica anche alla progettazione e all'approvvigionamento di imballaggi personalizzabili, per supportare ulteriormente i clienti nella comunicazione della loro identit\u00e0 di marca ai consumatori finali.<\/p>\t\t\t\t\t\t\t\t<\/div>\n\t\t\t\t<\/div>\n\t\t\t\t<div class=\"elementor-element elementor-element-7edd3bf elementor-widget elementor-widget-heading\" data-id=\"7edd3bf\" data-element_type=\"widget\" data-widget_type=\"heading.default\">\n\t\t\t\t<div class=\"elementor-widget-container\">\n\t\t\t\t\t<h2 class=\"elementor-heading-title elementor-size-default\">Caratteristiche principali di Mekel V2L con display digitale<\/h2>\t\t\t\t<\/div>\n\t\t\t\t<\/div>\n\t\t\t\t<div class=\"elementor-element elementor-element-2bcd456 elementor-widget elementor-widget-text-editor\" data-id=\"2bcd456\" data-element_type=\"widget\" data-widget_type=\"text-editor.default\">\n\t\t\t\t<div class=\"elementor-widget-container\">\n\t\t\t\t\t\t\t\t\t<ul>\n<li>Potenza elevata fino a 3,6 kW<\/li>\n<li>Connettore di tipo 2 per la compatibilit\u00e0 universale con i veicoli elettrici<\/li>\n<li>Pi\u00f9 opzioni di lunghezza del cavo per la variante a pi\u00f9 prese<\/li>\n<li>Opzioni di presa resistenti alle intemperie per una maggiore durata all'esterno<\/li>\n<li>Supporta un'ampia gamma di veicoli elettrici abilitati V2L<\/li>\n<li>Design plug-and-play di facile utilizzo<\/li>\n<\/ul>\t\t\t\t\t\t\t\t<\/div>\n\t\t\t\t<\/div>\n\t\t\t\t<div class=\"elementor-element elementor-element-e9417a1 elementor-widget elementor-widget-heading\" data-id=\"e9417a1\" data-element_type=\"widget\" data-widget_type=\"heading.default\">\n\t\t\t\t<div class=\"elementor-widget-container\">\n\t\t\t\t\t<h2 class=\"elementor-heading-title elementor-size-default\">Testimonianze dei clienti su V2L con display digitale<\/h2>\t\t\t\t<\/div>\n\t\t\t\t<\/div>\n\t\t\t\t<div class=\"elementor-element elementor-element-f33790f elementor-widget elementor-widget-text-editor\" data-id=\"f33790f\" data-element_type=\"widget\" data-widget_type=\"text-editor.default\">\n\t\t\t\t<div class=\"elementor-widget-container\">\n\t\t\t\t\t\t\t\t\t<p>\"Il Mekel V2L con display digitale ha cambiato le carte in tavola per i nostri viaggi in campeggio con la famiglia. L'abbiamo utilizzato con la nostra Kia EV6 per alimentare un frigorifero portatile e delle luci a stelo, e ha funzionato perfettamente. Il cavo da 5 m ci ha permesso di avere un'ampia portata. Lo consigliamo vivamente a chiunque abbia un EV con capacit\u00e0 V2L!\". - Sarah, appassionata di outdoor<\/p>\t\t\t\t\t\t\t\t<\/div>\n\t\t\t\t<\/div>\n\t\t\t\t<div class=\"elementor-element elementor-element-5cb7097 elementor-widget elementor-widget-heading\" data-id=\"5cb7097\" data-element_type=\"widget\" data-widget_type=\"heading.default\">\n\t\t\t\t<div class=\"elementor-widget-container\">\n\t\t\t\t\t<h2 class=\"elementor-heading-title elementor-size-default\">FAQ<\/h2>\t\t\t\t<\/div>\n\t\t\t\t<\/div>\n\t\t\t\t<div class=\"elementor-element elementor-element-9145808 elementor-widget elementor-widget-n-accordion\" data-id=\"9145808\" data-element_type=\"widget\" data-settings=\"{&quot;default_state&quot;:&quot;expanded&quot;,&quot;max_items_expended&quot;:&quot;one&quot;,&quot;n_accordion_animation_duration&quot;:{&quot;unit&quot;:&quot;ms&quot;,&quot;size&quot;:400,&quot;sizes&quot;:[]}}\" data-widget_type=\"nested-accordion.default\">\n\t\t\t\t<div class=\"elementor-widget-container\">\n\t\t\t\t\t\t\t<div class=\"e-n-accordion\" aria-label=\"Fisarmonica. Aprite i collegamenti con Invio o Spazio, chiudeteli con Escape e navigate con i tasti freccia.\">\n\t\t\t\t\t\t<details id=\"e-n-accordion-item-1520\" class=\"e-n-accordion-item\" open>\n\t\t\t\t<summary class=\"e-n-accordion-item-title\" data-accordion-index=\"1\" tabindex=\"0\" aria-expanded=\"true\" aria-controls=\"e-n-accordion-item-1520\" >\n\t\t\t\t\t<span class='e-n-accordion-item-title-header'><div class=\"e-n-accordion-item-title-text\"> Quali veicoli elettrici sono compatibili con il Mekel V2L con display digitale? <\/div><\/span>\n\t\t\t\t\t\t\t<span class='e-n-accordion-item-title-icon'>\n\t\t\t<span class='e-opened' ><svg aria-hidden=\"true\" class=\"e-font-icon-svg e-fas-minus\" viewbox=\"0 0 448 512\" xmlns=\"http:\/\/www.w3.org\/2000\/svg\"><path d=\"M416 208H32c-17.67 0-32 14.33-32 32v32c0 17.67 14.33 32 32 32h384c17.67 0 32-14.33 32-32v-32c0-17.67-14.33-32-32-32z\"><\/path><\/svg><\/span>\n\t\t\t<span class='e-closed'><svg aria-hidden=\"true\" class=\"e-font-icon-svg e-fas-plus\" viewbox=\"0 0 448 512\" xmlns=\"http:\/\/www.w3.org\/2000\/svg\"><path d=\"M416 208H272V64c0-17.67-14.33-32-32-32h-32c-17.67 0-32 14.33-32 32v144H32c-17.67 0-32 14.33-32 32v32c0 17.67 14.33 32 32 32h144v144c0 17.67 14.33 32 32 32h32c17.67 0 32-14.33 32-32V304h144c17.67 0 32-14.33 32-32v-32c0-17.67-14.33-32-32-32z\"><\/path><\/svg><\/span>\n\t\t<\/span>\n\n\t\t\t\t\t\t<\/summary>\n\t\t\t\t<div role=\"region\" aria-labelledby=\"e-n-accordion-item-1520\" class=\"elementor-element elementor-element-88cb4ce e-con-full e-flex e-con e-child\" data-id=\"88cb4ce\" data-element_type=\"container\">\n\t\t\t\t<div class=\"elementor-element elementor-element-aea238c elementor-widget elementor-widget-text-editor\" data-id=\"aea238c\" data-element_type=\"widget\" data-widget_type=\"text-editor.default\">\n\t\t\t\t<div class=\"elementor-widget-container\">\n\t\t\t\t\t\t\t\t\t<p>L'adattatore \u00e8 compatibile con i veicoli elettrici abilitati al V2L, tra cui Hyundai Ioniq 5, Kia EV6, MG ZS EV, BYD Atto 3, Genesis GV60\/GV70 e altri. I consumatori devono controllare il manuale del veicolo per verificare il supporto V2L.<\/p>\t\t\t\t\t\t\t\t<\/div>\n\t\t\t\t<\/div>\n\t\t\t\t<\/div>\n\t\t\t\t\t<\/details>\n\t\t\t\t\t\t<details id=\"e-n-accordion-item-1521\" class=\"e-n-accordion-item\" >\n\t\t\t\t<summary class=\"e-n-accordion-item-title\" data-accordion-index=\"2\" tabindex=\"-1\" aria-expanded=\"false\" aria-controls=\"e-n-accordion-item-1521\" >\n\t\t\t\t\t<span class='e-n-accordion-item-title-header'><div class=\"e-n-accordion-item-title-text\"> Quali apparecchi pu\u00f2 alimentare il V2L con display digitale? <\/div><\/span>\n\t\t\t\t\t\t\t<span class='e-n-accordion-item-title-icon'>\n\t\t\t<span class='e-opened' ><svg aria-hidden=\"true\" class=\"e-font-icon-svg e-fas-minus\" viewbox=\"0 0 448 512\" xmlns=\"http:\/\/www.w3.org\/2000\/svg\"><path d=\"M416 208H32c-17.67 0-32 14.33-32 32v32c0 17.67 14.33 32 32 32h384c17.67 0 32-14.33 32-32v-32c0-17.67-14.33-32-32-32z\"><\/path><\/svg><\/span>\n\t\t\t<span class='e-closed'><svg aria-hidden=\"true\" class=\"e-font-icon-svg e-fas-plus\" viewbox=\"0 0 448 512\" xmlns=\"http:\/\/www.w3.org\/2000\/svg\"><path d=\"M416 208H272V64c0-17.67-14.33-32-32-32h-32c-17.67 0-32 14.33-32 32v144H32c-17.67 0-32 14.33-32 32v32c0 17.67 14.33 32 32 32h144v144c0 17.67 14.33 32 32 32h32c17.67 0 32-14.33 32-32V304h144c17.67 0 32-14.33 32-32v-32c0-17.67-14.33-32-32-32z\"><\/path><\/svg><\/span>\n\t\t<\/span>\n\n\t\t\t\t\t\t<\/summary>\n\t\t\t\t<div role=\"region\" aria-labelledby=\"e-n-accordion-item-1521\" class=\"elementor-element elementor-element-1b6aa00 e-con-full e-flex e-con e-child\" data-id=\"1b6aa00\" data-element_type=\"container\">\n\t\t\t\t<div class=\"elementor-element elementor-element-da0611a elementor-widget elementor-widget-text-editor\" data-id=\"da0611a\" data-element_type=\"widget\" data-widget_type=\"text-editor.default\">\n\t\t\t\t<div class=\"elementor-widget-container\">\n\t\t\t\t\t\t\t\t\t<p>\u00c8 in grado di alimentare elettrodomestici come il forno portatile e il grill durante il campeggio, nonch\u00e9 frigoriferi e luci durante le interruzioni di corrente. La soglia superiore di potenza in uscita \u00e8 di 3,6 kW, sufficiente per la maggior parte degli elettrodomestici disponibili.<\/p>\t\t\t\t\t\t\t\t<\/div>\n\t\t\t\t<\/div>\n\t\t\t\t<\/div>\n\t\t\t\t\t<\/details>\n\t\t\t\t\t<\/div>\n\t\t\t\t\t\t<\/div>\n\t\t\t\t<\/div>\n\t\t\t\t\t<\/div>\n\t\t\t\t<\/div>\n\t\t\t\t<\/div>","protected":false},"excerpt":{"rendered":"<p>Standard for V2L with Digital Display Power Output: Up to 3.6 kW (1 Phase, 16 Amp) Connector Type: Type 2 Socket Type: Schuko, UK 3 Pin, Multi socket Cable Option: Available in 3m, 5m, and 10m options Compatible Vehicles: Hyundai Ioniq 5, Kia EV6, MG ZS EV, BYD Atto 3, Genesis GV60\/GV70, and other V2L-enabled [&hellip;]<\/p>","protected":false},"author":1,"featured_media":2280,"menu_order":0,"template":"","format":"standard","meta":{"_acf_changed":false,"site-sidebar-layout":"default","site-content-layout":"","ast-site-content-layout":"default","site-content-style":"default","site-sidebar-style":"default","ast-global-header-display":"","ast-banner-title-visibility":"","ast-main-header-display":"","ast-hfb-above-header-display":"","ast-hfb-below-header-display":"","ast-hfb-mobile-header-display":"","site-post-title":"","ast-breadcrumbs-content":"","ast-featured-img":"","footer-sml-layout":"","ast-disable-related-posts":"","theme-transparent-header-meta":"","adv-header-id-meta":"","stick-header-meta":"","header-above-stick-meta":"","header-main-stick-meta":"","header-below-stick-meta":"","astra-migrate-meta-layouts":"set","ast-page-background-enabled":"default","ast-page-background-meta":{"desktop":{"background-color":"","background-image":"","background-repeat":"repeat","background-position":"center center","background-size":"auto","background-attachment":"scroll","background-type":"","background-media":"","overlay-type":"","overlay-color":"","overlay-opacity":"","overlay-gradient":""},"tablet":{"background-color":"","background-image":"","background-repeat":"repeat","background-position":"center center","background-size":"auto","background-attachment":"scroll","background-type":"","background-media":"","overlay-type":"","overlay-color":"","overlay-opacity":"","overlay-gradient":""},"mobile":{"background-color":"","background-image":"","background-repeat":"repeat","background-position":"center center","background-size":"auto","background-attachment":"scroll","background-type":"","background-media":"","overlay-type":"","overlay-color":"","overlay-opacity":"","overlay-gradient":""}},"ast-content-background-meta":{"desktop":{"background-color":"var(--ast-global-color-5)","background-image":"","background-repeat":"repeat","background-position":"center center","background-size":"auto","background-attachment":"scroll","background-type":"","background-media":"","overlay-type":"","overlay-color":"","overlay-opacity":"","overlay-gradient":""},"tablet":{"background-color":"var(--ast-global-color-5)","background-image":"","background-repeat":"repeat","background-position":"center center","background-size":"auto","background-attachment":"scroll","background-type":"","background-media":"","overlay-type":"","overlay-color":"","overlay-opacity":"","overlay-gradient":""},"mobile":{"background-color":"var(--ast-global-color-5)","background-image":"","background-repeat":"repeat","background-position":"center center","background-size":"auto","background-attachment":"scroll","background-type":"","background-media":"","overlay-type":"","overlay-color":"","overlay-opacity":"","overlay-gradient":""}},"footnotes":""},"product-category":[93],"product-tag":[],"class_list":["post-2278","product","type-product","status-publish","format-standard","has-post-thumbnail","hentry","product-category-vehicle-to-load-v2l"],"acf":[],"_links":{"self":[{"href":"https:\/\/www.mekeltech.com\/it\/wp-json\/wp\/v2\/product\/2278","targetHints":{"allow":["GET"]}}],"collection":[{"href":"https:\/\/www.mekeltech.com\/it\/wp-json\/wp\/v2\/product"}],"about":[{"href":"https:\/\/www.mekeltech.com\/it\/wp-json\/wp\/v2\/types\/product"}],"author":[{"embeddable":true,"href":"https:\/\/www.mekeltech.com\/it\/wp-json\/wp\/v2\/users\/1"}],"version-history":[{"count":14,"href":"https:\/\/www.mekeltech.com\/it\/wp-json\/wp\/v2\/product\/2278\/revisions"}],"predecessor-version":[{"id":7130,"href":"https:\/\/www.mekeltech.com\/it\/wp-json\/wp\/v2\/product\/2278\/revisions\/7130"}],"wp:featuredmedia":[{"embeddable":true,"href":"https:\/\/www.mekeltech.com\/it\/wp-json\/wp\/v2\/media\/2280"}],"wp:attachment":[{"href":"https:\/\/www.mekeltech.com\/it\/wp-json\/wp\/v2\/media?parent=2278"}],"wp:term":[{"taxonomy":"product-category","embeddable":true,"href":"https:\/\/www.mekeltech.com\/it\/wp-json\/wp\/v2\/product-category?post=2278"},{"taxonomy":"product-tag","embeddable":true,"href":"https:\/\/www.mekeltech.com\/it\/wp-json\/wp\/v2\/product-tag?post=2278"}],"curies":[{"name":"wp","href":"https:\/\/api.w.org\/{rel}","templated":true}]}}