{"id":2233,"date":"2025-05-08T10:40:02","date_gmt":"2025-05-08T10:40:02","guid":{"rendered":"https:\/\/mekeltech.com\/?post_type=product&#038;p=2233"},"modified":"2025-08-06T10:28:26","modified_gmt":"2025-08-06T02:28:26","slug":"3-7kw-brd-series-with-type-2-plug","status":"publish","type":"product","link":"https:\/\/www.mekeltech.com\/it\/product\/3-7kw-brd-series-with-type-2-plug\/","title":{"rendered":"Caricabatterie portatile per veicoli elettrici da 3,7 kW - con spina di tipo 2"},"content":{"rendered":"<div data-elementor-type=\"wp-post\" data-elementor-id=\"2233\" class=\"elementor elementor-2233\" data-elementor-post-type=\"product\">\n\t\t\t\t<div class=\"elementor-element elementor-element-58449f64 e-flex e-con-boxed e-con e-parent\" data-id=\"58449f64\" data-element_type=\"container\">\n\t\t\t\t\t<div class=\"e-con-inner\">\n\t\t\t\t<div class=\"elementor-element elementor-element-6ebf6c99 elementor-widget elementor-widget-text-editor\" data-id=\"6ebf6c99\" data-element_type=\"widget\" data-widget_type=\"text-editor.default\">\n\t\t\t\t<div class=\"elementor-widget-container\">\n\t\t\t\t\t\t\t\t\t\n<h2 class=\"wp-block-heading has-medium-font-size\"><strong>Caricabatterie portatile per veicoli elettrici da 16A 3,7kW<\/strong><\/h2>\n\n<p>Il caricabatterie portatile per veicoli elettrici Mekel da 3,7 kW offre una comodit\u00e0 di ricarica senza interruzioni, sia che venga fissato in un punto, sia che venga utilizzato in movimento. Costruito per adattarsi ad ambienti interni ed esterni, \u00e8 il caricabatterie affidabile e portatile per i proprietari di veicoli elettrici che desiderano una ricarica facile e affidabile a casa o in viaggio.<\/p>\n\n<h2 class=\"wp-block-heading has-medium-font-size\"><strong>Quanto tempo ci vuole per alimentare un veicolo elettrico?<\/strong><\/h2>\n\n<p>Il tempo di ricarica di un veicolo elettrico dipende dalla capacit\u00e0 della batteria e dal livello di carica attuale. A differenza dei caricabatterie da 32A di maggiore potenza, il caricabatterie portatile Mekel da 3,7kW 16A privilegia una ricarica costante e affidabile rispetto alla velocit\u00e0. Per un tipico veicolo elettrico di medie dimensioni, si prevede una carica completa in circa 11-12 ore, perfetta per le soste notturne durante un viaggio. Per le ricariche pi\u00f9 brevi, il caricabatterie offre circa 20-30 km di autonomia all'ora, assicurando che il vostro veicolo sia pronto per la prossima tappa della vostra avventura entro la mattina.<\/p>\n\n<h2 class=\"has-medium-font-size\"><strong>Robusta durata: Costruito per la natura<\/strong><\/h2>\n\n<p>Il caricabatterie portatile monofase Mekel 16A \u00e8 stato progettato per resistere alle condizioni esterne pi\u00f9 difficili. Sia che sia stato accidentalmente rovesciato da un veicolo, sia che sia caduto su un terreno roccioso o che sia stato esposto alle intemperie, questo caricabatterie resiste. Progettato per la natura imprevedibile dei viaggi, continua a fornire prestazioni costanti indipendentemente dalla sfida.<\/p>\n\n<h2 class=\"has-medium-font-size\"><strong>Ideale per le avventure all'aperto<\/strong><\/h2>\n\n<p>Per i viaggiatori che vivono fuori dalla rete - pensiamo ai campeggiatori, agli appassionati di camper o ai lavoratori a distanza - questo caricabatterie portatile per veicoli elettrici \u00e8 un vero e proprio cambiamento. Il suo design compatto e facile da trasportare si adatta perfettamente alla vostra attrezzatura, assicurandovi una ricarica ovunque vi porti il vostro viaggio. Mantenete il vostro EV alimentato e i vostri piani in pista, anche nel bel mezzo del nulla.<\/p>\n\n<h2 class=\"has-medium-font-size\"><strong>Leggero e pronto per il viaggio<\/strong><\/h2>\n\n<p>Ricarica plug-and-play senza problemi<br \/>Il cavo di ricarica portatile Mekel \u00e8 stato progettato per essere trasportabile e quindi facile da portare in viaggio. Non \u00e8 necessaria alcuna configurazione complessa: basta collegare il cavo Mode 2 a una presa domestica o pubblica compatibile, collegare l'altra estremit\u00e0 alla presa di corrente del veicolo e iniziare a ricaricare. Questo design semplice \u00e8 perfetto per gli utenti che non hanno accesso a stazioni di ricarica fisse e offre flessibilit\u00e0 ovunque ci si trovi.<\/p>\n\n<h2 class=\"has-medium-font-size\"><strong>Costruito per tenervi in movimento<\/strong><\/h2>\n\n<p>Materiali di alta qualit\u00e0 per una potenza affidabile<br \/>La qualit\u00e0 \u00e8 importante quando si ricarica lontano dalla civilt\u00e0. Il caricabatterie portatile per veicoli elettrici Mekel da 240 V utilizza componenti di qualit\u00e0 superiore, tra cui il cablaggio in rame puro 100%, per una conduttivit\u00e0 e un'efficienza superiori. Questo garantisce una ricarica pi\u00f9 rapida e affidabile e prestazioni durature, anche in caso di utilizzo frequente. Meno tempi morti, pi\u00f9 esplorazione: affidatevi a questo caricabatterie per alimentare i vostri viaggi senza problemi.<\/p>\n\n<h2 class=\"has-medium-font-size\"><strong>Perch\u00e9 scegliere il caricabatterie portatile per veicoli elettrici Mekel 3,6kW 16A?<\/strong><\/h2>\n\n<ul class=\"wp-block-list\">\n<li>Ricarica remota\n<ul class=\"wp-block-list\">\n<li>Perfetto per le ricariche notturne in siti remoti, per avere la batteria piena all'alba per la giornata successiva.<\/li>\n<\/ul>\n<\/li>\n\n<li>Flessibilit\u00e0 di viaggio\n<ul class=\"wp-block-list\">\n<li>Ricaricate il vostro veicolo elettrico in qualsiasi punto di sosta con una presa di corrente Schuko o di altro tipo, per evitare viaggi in zone rurali o deviazioni spontanee senza infrastrutture di ricarica.<\/li>\n<\/ul>\n<\/li>\n\n<li>Linea di vita off-grid\n<ul class=\"wp-block-list\">\n<li>Quando si \u00e8 bloccati con la batteria scarica e nessuna stazione in vista, questo caricabatterie portatile nascosto nel bagagliaio pu\u00f2 salvare la situazione.<\/li>\n<\/ul>\n<\/li>\n\n<li>Potenza a portata di portafoglio\n<ul class=\"wp-block-list\">\n<li>Saltate i costosi caricabatterie pubblici ricaricandovi nei campeggi o a casa di amici, mantenendo intatto il vostro budget di viaggio.<\/li>\n<\/ul>\n<\/li>\n<\/ul>\n\t\t\t\t\t\t\t\t<\/div>\n\t\t\t\t<\/div>\n\t\t\t\t\t<\/div>\n\t\t\t\t<\/div>\n\t\t\t\t<\/div>","protected":false},"excerpt":{"rendered":"<p>16A 3.7kW Portable EV Charger The Mekel 3.7kW Portable EV Charger offers seamless plug-and-charge convenience, whether fixed in one spot or used on the move. Built to suit both indoor and outdoor settings, it is the dependable and portable charger for EV owners seeking easy, reliable charging at home or wherever they travel. How Long [&hellip;]<\/p>","protected":false},"author":1,"featured_media":2234,"menu_order":0,"template":"","format":"standard","meta":{"_acf_changed":false,"site-sidebar-layout":"default","site-content-layout":"","ast-site-content-layout":"default","site-content-style":"default","site-sidebar-style":"default","ast-global-header-display":"","ast-banner-title-visibility":"","ast-main-header-display":"","ast-hfb-above-header-display":"","ast-hfb-below-header-display":"","ast-hfb-mobile-header-display":"","site-post-title":"","ast-breadcrumbs-content":"","ast-featured-img":"","footer-sml-layout":"","ast-disable-related-posts":"","theme-transparent-header-meta":"","adv-header-id-meta":"","stick-header-meta":"","header-above-stick-meta":"","header-main-stick-meta":"","header-below-stick-meta":"","astra-migrate-meta-layouts":"set","ast-page-background-enabled":"default","ast-page-background-meta":{"desktop":{"background-color":"","background-image":"","background-repeat":"repeat","background-position":"center center","background-size":"auto","background-attachment":"scroll","background-type":"","background-media":"","overlay-type":"","overlay-color":"","overlay-opacity":"","overlay-gradient":""},"tablet":{"background-color":"","background-image":"","background-repeat":"repeat","background-position":"center center","background-size":"auto","background-attachment":"scroll","background-type":"","background-media":"","overlay-type":"","overlay-color":"","overlay-opacity":"","overlay-gradient":""},"mobile":{"background-color":"","background-image":"","background-repeat":"repeat","background-position":"center center","background-size":"auto","background-attachment":"scroll","background-type":"","background-media":"","overlay-type":"","overlay-color":"","overlay-opacity":"","overlay-gradient":""}},"ast-content-background-meta":{"desktop":{"background-color":"var(--ast-global-color-5)","background-image":"","background-repeat":"repeat","background-position":"center center","background-size":"auto","background-attachment":"scroll","background-type":"","background-media":"","overlay-type":"","overlay-color":"","overlay-opacity":"","overlay-gradient":""},"tablet":{"background-color":"var(--ast-global-color-5)","background-image":"","background-repeat":"repeat","background-position":"center center","background-size":"auto","background-attachment":"scroll","background-type":"","background-media":"","overlay-type":"","overlay-color":"","overlay-opacity":"","overlay-gradient":""},"mobile":{"background-color":"var(--ast-global-color-5)","background-image":"","background-repeat":"repeat","background-position":"center center","background-size":"auto","background-attachment":"scroll","background-type":"","background-media":"","overlay-type":"","overlay-color":"","overlay-opacity":"","overlay-gradient":""}},"footnotes":""},"product-category":[92],"product-tag":[],"class_list":["post-2233","product","type-product","status-publish","format-standard","has-post-thumbnail","hentry","product-category-portable-charger"],"acf":[],"_links":{"self":[{"href":"https:\/\/www.mekeltech.com\/it\/wp-json\/wp\/v2\/product\/2233","targetHints":{"allow":["GET"]}}],"collection":[{"href":"https:\/\/www.mekeltech.com\/it\/wp-json\/wp\/v2\/product"}],"about":[{"href":"https:\/\/www.mekeltech.com\/it\/wp-json\/wp\/v2\/types\/product"}],"author":[{"embeddable":true,"href":"https:\/\/www.mekeltech.com\/it\/wp-json\/wp\/v2\/users\/1"}],"version-history":[{"count":14,"href":"https:\/\/www.mekeltech.com\/it\/wp-json\/wp\/v2\/product\/2233\/revisions"}],"predecessor-version":[{"id":5925,"href":"https:\/\/www.mekeltech.com\/it\/wp-json\/wp\/v2\/product\/2233\/revisions\/5925"}],"wp:featuredmedia":[{"embeddable":true,"href":"https:\/\/www.mekeltech.com\/it\/wp-json\/wp\/v2\/media\/2234"}],"wp:attachment":[{"href":"https:\/\/www.mekeltech.com\/it\/wp-json\/wp\/v2\/media?parent=2233"}],"wp:term":[{"taxonomy":"product-category","embeddable":true,"href":"https:\/\/www.mekeltech.com\/it\/wp-json\/wp\/v2\/product-category?post=2233"},{"taxonomy":"product-tag","embeddable":true,"href":"https:\/\/www.mekeltech.com\/it\/wp-json\/wp\/v2\/product-tag?post=2233"}],"curies":[{"name":"wp","href":"https:\/\/api.w.org\/{rel}","templated":true}]}}