{"id":2221,"date":"2025-05-06T09:59:20","date_gmt":"2025-05-06T09:59:20","guid":{"rendered":"https:\/\/mekeltech.com\/?post_type=product&#038;p=2221"},"modified":"2025-06-18T18:06:28","modified_gmt":"2025-06-18T10:06:28","slug":"type-2-to-type-2-charging-cable","status":"publish","type":"product","link":"https:\/\/www.mekeltech.com\/it\/product\/type-2-to-type-2-charging-cable\/","title":{"rendered":"Cavo di ricarica da tipo 2 a tipo 2"},"content":{"rendered":"<h2 class=\"wp-block-heading\"><strong>Tipo 2 Standard<\/strong><\/h2>\n\n\n\n<ul class=\"wp-block-list\">\n<li>32A \/ 16A | 3 Fasi \/ 1 Fase<\/li>\n\n\n\n<li>Certificazione TUV, CE, UKCA, RoHS<\/li>\n\n\n\n<li>Materiale di rivestimento esterno in TPU ignifugo<\/li>\n<\/ul>\n\n\n\n<p>Il cavo di ricarica EV Mekel da Tipo 2 a Tipo 2 offre una compatibilit\u00e0 senza sforzo per i veicoli elettrici dotati di presa di Tipo 2 o CCS 2. Il cavo presenta un design ergonomico per l'impugnatura delle spine sia per l'ingresso del veicolo che per la stazione di ricarica. Realizzato con materiali di alta qualit\u00e0 e progettato per essere conforme agli attuali standard UE pi\u00f9 severi, questo cavo garantisce un'esperienza di ricarica affidabile e sicura a ogni utilizzo.<\/p>\n\n\n\n<h2 class=\"wp-block-heading\"><strong>Che cos'\u00e8 un cavo di ricarica da tipo 2 a tipo 2?<\/strong><\/h2>\n\n\n\n<p>Il cavo di ricarica da Tipo 2 a Tipo 2 viene utilizzato per la ricarica dei veicoli elettrici (EV) presso le stazioni di ricarica EV pubbliche o domestiche. Questi caricabatterie per EV sono in genere a corrente alternata (CA) con una gamma di potenza compresa tra 7kw e 22kw e non hanno un cavo legato all'estremit\u00e0 della stazione di ricarica. Questo cavo di ricarica \u00e8 particolarmente utile per le aree, tra cui l'Europa, in cui dominano i caricabatterie di tipo 2. Anche altri caricabatterie di tipo 2 dominanti nelle aree geografiche del Sud-Est asiatico e del Medio Oriente vedono l'utilizzo di questo prodotto. Funge da connettore, consentendo agli utenti di ricaricare presso diverse stazioni di ricarica, sia in viaggio che a casa.<\/p>\n\n\n\n<h2 class=\"wp-block-heading\"><strong>Come funziona?&nbsp;<\/strong><\/h2>\n\n\n\n<p>La spina maschio di tipo 2 del cavo si collega alla stazione di ricarica, mentre la spina femmina \u00e8 collegata al veicolo. Questa configurazione garantisce un'erogazione ottimale di energia elettrica e una comunicazione tra la stazione e il veicolo. Ci\u00f2 consente una ricarica sicura con livelli di potenza adeguati e la possibilit\u00e0 di identificare eventuali problemi durante il processo.<\/p>\n\n\n\n<h2 class=\"wp-block-heading\"><strong>Perch\u00e9 scegliere il cavo di ricarica Mekel da Tipo 2 a Tipo 2?<\/strong><\/h2>\n\n\n\n<h3 class=\"wp-block-heading\"><strong>Certificazioni leader del settore<\/strong><\/h3>\n\n\n\n<p>Testato e certificato dal prestigioso laboratorio TUV Rheinland per le certificazioni TUV, CE e UKCA, il cavo di ricarica di tipo 2 \u00e8 stato sottoposto a test rigorosi come nessun altro prodotto analogo sul mercato. Ci\u00f2 garantisce che ogni utente possa ricaricare il proprio veicolo elettrico in tutta tranquillit\u00e0, sapendo che la sicurezza certificata \u00e8 la massima priorit\u00e0 della produzione.<\/p>\n\n\n\n<h3 class=\"wp-block-heading\"><strong>Qualit\u00e0 robusta<\/strong><\/h3>\n\n\n\n<p>Che si tratti di una rete di stazioni di ricarica per veicoli elettrici o di una flotta di veicoli elettrici, il cavo di ricarica EV di tipo 2 di Mekel offre il massimo valore grazie alla longevit\u00e0 e alla robustezza del prodotto. Testato in ambienti con cicli di utilizzo, questo cavo \u00e8 costruito per resistere a pi\u00f9 di 10.000 cicli di utilizzo. Adatto a tutte le aziende e ai singoli clienti che ne fanno un uso quotidiano.<\/p>\n\n\n\n<h3 class=\"wp-block-heading\"><strong>Protezione da ambienti e condizioni atmosferiche estreme<\/strong><\/h3>\n\n\n\n<p>Il cavo di ricarica Mekel di tipo 2 garantisce prestazioni eccellenti sia in ambienti freddi che in ambienti caldi. Con un livello di protezione di 65\/54, il cavo \u00e8 progettato per resistere a pioggia e neve. Questo cavo \u00e8 stato progettato per essere utilizzato in tutti i tipi di ambienti, compreso il caldo estremo nei paesi lungo l'equatore e il freddo estremo nei paesi nordici.<\/p>\n\n\n\n<h2 class=\"wp-block-heading\"><strong>Caratteristiche principali del cavo di ricarica Mekel Type 2<\/strong><\/h2>\n\n\n\n<ul class=\"wp-block-list\">\n<li>Certificato TUV, CE, UKCA, RoHS<\/li>\n\n\n\n<li>Soluzioni di personalizzazione flessibili: Incisione laser di logo, lunghezza, colore, imballaggio<\/li>\n\n\n\n<li>2 anni di garanzia<\/li>\n\n\n\n<li>Protezione superiore contro l'acqua<\/li>\n\n\n\n<li>Ampia rete di consegna globale<\/li>\n<\/ul>\n\n\n\n<h2 class=\"wp-block-heading\"><strong>Specifiche tecniche<\/strong><\/h2>\n\n\n\n<h2 class=\"wp-block-heading\"><strong>Perch\u00e9 scegliere il cavo di ricarica Mekel di tipo 2<\/strong><\/h2>\n\n\n\n<ul class=\"wp-block-list\">\n<li><strong>Ricarica rapida<\/strong><\/li>\n\n\n\n<li><strong>Compatibilit\u00e0 tra i mercati<\/strong>\n<ul class=\"wp-block-list\">\n<li>Il cavo di ricarica Mekel di tipo 2 \u00e8 compatibile con i principali mercati, tra cui l'Europa, il Sud-Est asiatico e il Medio Oriente, consentendo una flessibilit\u00e0 di ricarica indipendentemente dalla flotta e dalla rete di stazioni di ricarica.<\/li>\n<\/ul>\n<\/li>\n\n\n\n<li><strong>Opzioni di personalizzazione flessibili<\/strong>\n<ul class=\"wp-block-list\">\n<li>Personalizzati in base alle vostre preferenze in termini di colore, lunghezza, logo e confezione del prodotto, mettono in mostra il vostro marchio aziendale per generare consapevolezza e attrazione tra gli utenti.<\/li>\n<\/ul>\n<\/li>\n<\/ul>\n\n\n\n<h2 class=\"wp-block-heading\"><strong>Testimonianze dei clienti<\/strong><\/h2>\n\n\n\n<p>\"Abbiamo aggiunto i cavi di ricarica di tipo 2 di Mekel per completare i nostri prodotti accessori EV che abbiamo distribuito attraverso il nostro negozio online. Siamo molto soddisfatti di come il team di Mekel ha lavorato con noi sul posizionamento del logo, sul layout e sul design generale della confezione. Questo aspetto era importante per noi, poich\u00e9 volevamo che l'immagine del nostro marchio fosse coerente. Il feedback dei clienti sul design e sulla qualit\u00e0 \u00e8 stato brillante. Ci aspettiamo di continuare a espandere il nostro volume come risultato\".<\/p>\n\n\n\n<ul class=\"wp-block-list\">\n<li>James, Distributore online<\/li>\n<\/ul>\n\n\n\n<h2 class=\"wp-block-heading\"><strong>FAQ<\/strong><\/h2>\n\n\n\n<p><strong>D: Questo cavo \u00e8 compatibile con i veicoli elettrici a batteria (BEV) e i veicoli elettrici ibridi plug-in (PHEV)?<\/strong><\/p>\n\n\n\n<p>R: Controllare la presa di ricarica dell'auto per verificare se \u00e8 di tipo 2 (Mennekes, 7 pin) o CCS 2 (7 pin + 2 pin). Il nostro cavo \u00e8 compatibile con BEV e PHEV con ingresso di ricarica di tipo 2 e CCS.<\/p>\n\n\n\n<p><strong>D: Il cavo \u00e8 dotato di certificazione di qualit\u00e0?<\/strong><\/p>\n\n\n\n<p>R: S\u00ec. I nostri cavi di ricarica di tipo 2 sono conformi alle norme TUV, CE e UKCA. Si tratta dei requisiti di certificazione pi\u00f9 severi in Europa e nel Regno Unito. Garantire la massima qualit\u00e0 \u00e8 la nostra massima priorit\u00e0<\/p>\n\n\n\n<p><strong>D: Dove pu\u00f2 essere utilizzato il cavo di ricarica di tipo 2?<\/strong><\/p>\n\n\n\n<p>R: Il cavo di ricarica di tipo 2 pu\u00f2 essere utilizzato in qualsiasi stazione di ricarica CA con una presa di tipo 2, indipendentemente dal fatto che si tratti di una stazione di ricarica pubblica o di una scatola a muro installata a casa. In genere le stazioni di ricarica con prese di tipo 2 sono presenti in Europa, nel Sud-Est asiatico e in Medio Oriente. Pertanto, il cavo di ricarica di tipo 2 \u00e8 estremamente versatile e compatibile.<\/p>\n\n\n\n<p><strong>D: Come scegliere il cavo giusto?<\/strong><\/p>\n\n\n\n<p>R: \u00c8 possibile verificare gli standard di ricarica del veicolo e della stazione di ricarica per determinare la quantit\u00e0 di kW che l'auto pu\u00f2 caricare. Si consiglia di utilizzare una potenza di 22kw, in quanto compatibile con tutti i veicoli e le stazioni di ricarica a corrente alternata e in grado di scendere a 11kw e 7kw di carica in diversi scenari. La lunghezza di 5 m \u00e8 ideale per l'uso quotidiano a casa e in viaggio. In alcuni ambienti commerciali, invece, potrebbero essere necessari cavi di lunghezza maggiore. Si consiglia di misurare tali distanze prima di decidere l'acquisto.<\/p>\n\n\n\n<p><strong>D: Pu\u00f2 essere utilizzato per una carica rapida in corrente continua?<\/strong><\/p>\n\n\n\n<p>R: No. Il nostro cavo di tipo 2 \u00e8 progettato per funzionare con la ricarica rapida CA e non deve essere utilizzato per la ricarica rapida CC. La ricarica in corrente continua richiede un'interfaccia e un cavo di ricarica diversi.<\/p>","protected":false},"excerpt":{"rendered":"<p>Type 2 Standard Mekel Type 2 to Type 2 EV Charging Cable provides effortless compatibility for electrical vehicles&nbsp;equipped&nbsp;with a Type 2 or CCS 2 socket. The cable features an ergonomic design for handle plugs for both the vehicle inlet and charging station ends. Crafted with high-quality materials and designed to comply with the current utmost [&hellip;]<\/p>","protected":false},"author":1,"featured_media":3405,"menu_order":0,"template":"","format":"standard","meta":{"_acf_changed":false,"site-sidebar-layout":"default","site-content-layout":"","ast-site-content-layout":"default","site-content-style":"default","site-sidebar-style":"default","ast-global-header-display":"","ast-banner-title-visibility":"","ast-main-header-display":"","ast-hfb-above-header-display":"","ast-hfb-below-header-display":"","ast-hfb-mobile-header-display":"","site-post-title":"","ast-breadcrumbs-content":"","ast-featured-img":"","footer-sml-layout":"","ast-disable-related-posts":"","theme-transparent-header-meta":"","adv-header-id-meta":"","stick-header-meta":"","header-above-stick-meta":"","header-main-stick-meta":"","header-below-stick-meta":"","astra-migrate-meta-layouts":"set","ast-page-background-enabled":"default","ast-page-background-meta":{"desktop":{"background-color":"","background-image":"","background-repeat":"repeat","background-position":"center center","background-size":"auto","background-attachment":"scroll","background-type":"","background-media":"","overlay-type":"","overlay-color":"","overlay-opacity":"","overlay-gradient":""},"tablet":{"background-color":"","background-image":"","background-repeat":"repeat","background-position":"center center","background-size":"auto","background-attachment":"scroll","background-type":"","background-media":"","overlay-type":"","overlay-color":"","overlay-opacity":"","overlay-gradient":""},"mobile":{"background-color":"","background-image":"","background-repeat":"repeat","background-position":"center center","background-size":"auto","background-attachment":"scroll","background-type":"","background-media":"","overlay-type":"","overlay-color":"","overlay-opacity":"","overlay-gradient":""}},"ast-content-background-meta":{"desktop":{"background-color":"var(--ast-global-color-5)","background-image":"","background-repeat":"repeat","background-position":"center center","background-size":"auto","background-attachment":"scroll","background-type":"","background-media":"","overlay-type":"","overlay-color":"","overlay-opacity":"","overlay-gradient":""},"tablet":{"background-color":"var(--ast-global-color-5)","background-image":"","background-repeat":"repeat","background-position":"center center","background-size":"auto","background-attachment":"scroll","background-type":"","background-media":"","overlay-type":"","overlay-color":"","overlay-opacity":"","overlay-gradient":""},"mobile":{"background-color":"var(--ast-global-color-5)","background-image":"","background-repeat":"repeat","background-position":"center center","background-size":"auto","background-attachment":"scroll","background-type":"","background-media":"","overlay-type":"","overlay-color":"","overlay-opacity":"","overlay-gradient":""}},"footnotes":""},"product-category":[90],"product-tag":[],"class_list":["post-2221","product","type-product","status-publish","format-standard","has-post-thumbnail","hentry","product-category-charging-cable"],"acf":[],"_links":{"self":[{"href":"https:\/\/www.mekeltech.com\/it\/wp-json\/wp\/v2\/product\/2221","targetHints":{"allow":["GET"]}}],"collection":[{"href":"https:\/\/www.mekeltech.com\/it\/wp-json\/wp\/v2\/product"}],"about":[{"href":"https:\/\/www.mekeltech.com\/it\/wp-json\/wp\/v2\/types\/product"}],"author":[{"embeddable":true,"href":"https:\/\/www.mekeltech.com\/it\/wp-json\/wp\/v2\/users\/1"}],"version-history":[{"count":8,"href":"https:\/\/www.mekeltech.com\/it\/wp-json\/wp\/v2\/product\/2221\/revisions"}],"predecessor-version":[{"id":4523,"href":"https:\/\/www.mekeltech.com\/it\/wp-json\/wp\/v2\/product\/2221\/revisions\/4523"}],"wp:featuredmedia":[{"embeddable":true,"href":"https:\/\/www.mekeltech.com\/it\/wp-json\/wp\/v2\/media\/3405"}],"wp:attachment":[{"href":"https:\/\/www.mekeltech.com\/it\/wp-json\/wp\/v2\/media?parent=2221"}],"wp:term":[{"taxonomy":"product-category","embeddable":true,"href":"https:\/\/www.mekeltech.com\/it\/wp-json\/wp\/v2\/product-category?post=2221"},{"taxonomy":"product-tag","embeddable":true,"href":"https:\/\/www.mekeltech.com\/it\/wp-json\/wp\/v2\/product-tag?post=2221"}],"curies":[{"name":"wp","href":"https:\/\/api.w.org\/{rel}","templated":true}]}}