{"id":6293,"date":"2025-08-19T14:11:01","date_gmt":"2025-08-19T06:11:01","guid":{"rendered":"https:\/\/www.mekeltech.com\/?post_type=product&#038;p=6293"},"modified":"2025-11-07T11:26:58","modified_gmt":"2025-11-07T03:26:58","slug":"mekel-7kw-charging-station-for-hyundai-electric-vehicles","status":"publish","type":"product","link":"https:\/\/www.mekeltech.com\/fr\/product\/mekel-7kw-charging-station-for-hyundai-electric-vehicles\/","title":{"rendered":"Station de recharge Mekel 7kW pour les v\u00e9hicules \u00e9lectriques Hyundai"},"content":{"rendered":"<div data-elementor-type=\"wp-post\" data-elementor-id=\"6293\" class=\"elementor elementor-6293\" data-elementor-post-type=\"product\">\n\t\t\t\t<div class=\"elementor-element elementor-element-4efdc9a2 e-flex e-con-boxed e-con e-parent\" data-id=\"4efdc9a2\" data-element_type=\"container\">\n\t\t\t\t\t<div class=\"e-con-inner\">\n\t\t\t\t<div class=\"elementor-element elementor-element-86027d2 elementor-widget elementor-widget-heading\" data-id=\"86027d2\" data-element_type=\"widget\" data-widget_type=\"heading.default\">\n\t\t\t\t<div class=\"elementor-widget-container\">\n\t\t\t\t\t<h2 class=\"elementor-heading-title elementor-size-default\">Une conception fiable et conviviale<\/h2>\t\t\t\t<\/div>\n\t\t\t\t<\/div>\n\t\t\t\t<div class=\"elementor-element elementor-element-1aee0b14 elementor-widget elementor-widget-text-editor\" data-id=\"1aee0b14\" data-element_type=\"widget\" data-widget_type=\"text-editor.default\">\n\t\t\t\t<div class=\"elementor-widget-container\">\n\t\t\t\t\t\t\t\t\t<p><strong>Station de charge AC 7kW compacte et performante con\u00e7ue pour les VE Hyundai \u00e0 la maison et dans les petites entreprises :<\/strong> La station de recharge Mekel 7kW pour v\u00e9hicules \u00e9lectriques Hyundai est une solution robuste et peu encombrante con\u00e7ue pour s'int\u00e9grer parfaitement \u00e0 tous les mod\u00e8les de v\u00e9hicules \u00e9lectriques Hyundai, tels que IONIQ 5, IONIQ 6, KONA Electric et SANTA FE Plug-in Hybrid. Parfait pour les garages r\u00e9sidentiels, les complexes d'appartements ou les locaux commerciaux l\u00e9gers, il offre des connecteurs compatibles avec Hyundai tels que le Type 2, CCS et NACS pour une compatibilit\u00e9 globale. Conforme aux normes IEC 61851-1 et IEC 62196-2, ce chargeur assure une charge coh\u00e9rente et \u00e0 haute efficacit\u00e9 optimis\u00e9e pour la technologie de batterie sophistiqu\u00e9e de Hyundai, permettant une meilleure livraison d'\u00e9nergie et une autonomie de conduite prolong\u00e9e.<\/p>\t\t\t\t\t\t\t\t<\/div>\n\t\t\t\t<\/div>\n\t\t\t\t<div class=\"elementor-element elementor-element-18211e0 elementor-widget elementor-widget-heading\" data-id=\"18211e0\" data-element_type=\"widget\" data-widget_type=\"heading.default\">\n\t\t\t\t<div class=\"elementor-widget-container\">\n\t\t\t\t\t<h2 class=\"elementor-heading-title elementor-size-default\">Sp\u00e9cifications techniques de la station de recharge 7kW pour les v\u00e9hicules \u00e9lectriques Hyundai<\/h2>\t\t\t\t<\/div>\n\t\t\t\t<\/div>\n\t\t\t\t<div class=\"elementor-element elementor-element-6f5c225 elementor-widget__width-initial elementor-widget elementor-widget-tablepress-table\" data-id=\"6f5c225\" data-element_type=\"widget\" data-widget_type=\"tablepress-table.default\">\n\t\t\t\t\t\n<table id=\"tablepress-23\" class=\"tablepress tablepress-id-23\">\n<tbody class=\"row-striping row-hover\">\n<tr class=\"row-1\">\n\t<td class=\"column-1\"><strong>Tension d'entr\u00e9e\/sortie<\/strong><\/td><td class=\"column-2\">230Vac +15%<\/td>\n<\/tr>\n<tr class=\"row-2\">\n\t<td class=\"column-1\"><strong>Courant de charge maximal<\/strong><\/td><td class=\"column-2\">32A (adapt\u00e9 aux exigences de charge de niveau 2 de Hyundai) <\/td>\n<\/tr>\n<tr class=\"row-3\">\n\t<td class=\"column-1\"><strong>Fr\u00e9quence de fonctionnement<\/strong><\/td><td class=\"column-2\">50Hz<\/td>\n<\/tr>\n<tr class=\"row-4\">\n\t<td class=\"column-1\"><strong>Temp\u00e9rature de fonctionnement<\/strong><\/td><td class=\"column-2\">De -25\u00b0C \u00e0 +50\u00b0C<\/td>\n<\/tr>\n<tr class=\"row-5\">\n\t<td class=\"column-1\"><strong>Temp\u00e9rature de stockage<strong><\/td><td class=\"column-2\">-40\u00b0C \u00e0 +60\u00b0C<\/td>\n<\/tr>\n<tr class=\"row-6\">\n\t<td class=\"column-1\"><strong>Classification de l'enceinte<strong><\/td><td class=\"column-2\">IP65 (\u00e9tanche \u00e0 la poussi\u00e8re et aux jets d'eau, id\u00e9al pour la recharge Hyundai en ext\u00e9rieur)  <\/td>\n<\/tr>\n<tr class=\"row-7\">\n\t<td class=\"column-1\"><strong>Options d'installation<strong><\/td><td class=\"column-2\">Montage mural ou sur socle polyvalent <\/td>\n<\/tr>\n<tr class=\"row-8\">\n\t<td class=\"column-1\"><strong>Dimensions<strong><\/td><td class=\"column-2\">186 mm x 354 mm x 111 mm <\/td>\n<\/tr>\n<tr class=\"row-9\">\n\t<td class=\"column-1\"><strong>Connectivit\u00e9<strong><\/td><td class=\"column-2\">HCI Bluetooth, Wi-Fi et 4G <\/td>\n<\/tr>\n<tr class=\"row-10\">\n\t<td class=\"column-1\"><strong>Certification<strong><\/td><td class=\"column-2\">Conformit\u00e9 CE<\/td>\n<\/tr>\n<\/tbody>\n<\/table>\n\t\t\t\t<\/div>\n\t\t\t\t<div class=\"elementor-element elementor-element-7ad9a17c elementor-widget__width-inherit elementor-widget elementor-widget-heading\" data-id=\"7ad9a17c\" data-element_type=\"widget\" data-widget_type=\"heading.default\">\n\t\t\t\t<div class=\"elementor-widget-container\">\n\t\t\t\t\t<h2 class=\"elementor-heading-title elementor-size-default\">Fonctions de s\u00e9curit\u00e9 avanc\u00e9es<\/h2>\t\t\t\t<\/div>\n\t\t\t\t<\/div>\n\t\t\t\t<div class=\"elementor-element elementor-element-323125d7 elementor-widget elementor-widget-text-editor\" data-id=\"323125d7\" data-element_type=\"widget\" data-widget_type=\"text-editor.default\">\n\t\t\t\t<div class=\"elementor-widget-container\">\n\t\t\t\t\t\t\t\t\t<p>Con\u00e7ue pour les propri\u00e9taires de Hyundai EV, la station de recharge 7kW pour v\u00e9hicules \u00e9lectriques Hyundai int\u00e8gre un ensemble de m\u00e9canismes de protection robustes pour assurer la s\u00e9curit\u00e9 du v\u00e9hicule :<\/p><ul><li>Mesures de protection contre les surtensions et les sous-tensions<\/li><li>Protection contre les surintensit\u00e9s<\/li><li>Contr\u00f4le de la temp\u00e9rature avec arr\u00eat automatique (se d\u00e9clenche \u00e0 80\u00b0C, reprend \u00e0 60\u00b0C)<\/li><li>D\u00e9tection du courant de fuite<\/li><li>Relay Bonding Safety System (syst\u00e8me de s\u00e9curit\u00e9 \u00e0 relais)<\/li><li>Fonction d'arr\u00eat d'urgence<\/li><\/ul>\t\t\t\t\t\t\t\t<\/div>\n\t\t\t\t<\/div>\n\t\t\t\t<div class=\"elementor-element elementor-element-5b959abc elementor-widget__width-inherit elementor-widget elementor-widget-heading\" data-id=\"5b959abc\" data-element_type=\"widget\" data-widget_type=\"heading.default\">\n\t\t\t\t<div class=\"elementor-widget-container\">\n\t\t\t\t\t<h2 class=\"elementor-heading-title elementor-size-default\">Modes de charge intelligents pour les v\u00e9hicules \u00e9lectriques Hyundai<\/h2>\t\t\t\t<\/div>\n\t\t\t\t<\/div>\n\t\t\t\t<div class=\"elementor-element elementor-element-34c006 elementor-widget elementor-widget-text-editor\" data-id=\"34c006\" data-element_type=\"widget\" data-widget_type=\"text-editor.default\">\n\t\t\t\t<div class=\"elementor-widget-container\">\n\t\t\t\t\t\t\t\t\t<ul><li>Activation flexible de la charge (application ou RFID)<\/li><li>Surveillance thermique en temps r\u00e9el pour prot\u00e9ger les syst\u00e8mes de batteries Hyundai<\/li><li>Ajustement dynamique du courant pour r\u00e9pondre aux exigences de Hyundai en mati\u00e8re de puissance<\/li><li>Indicateurs d'\u00e9tat de charge :<br \/><strong>Au repos :<\/strong> Vert fixe<br \/><strong>Connect\u00e9 :<\/strong> Vert clignotant<br \/><strong>Chargement :<\/strong> Bleu clignotant<br \/><strong>Fini :<\/strong> Bleu fixe<br \/><strong>D\u00e9faut :<\/strong> Clignotant en rouge avec les codes d'erreur<\/li><\/ul>\t\t\t\t\t\t\t\t<\/div>\n\t\t\t\t<\/div>\n\t\t\t\t<div class=\"elementor-element elementor-element-6966b969 elementor-widget__width-inherit elementor-widget elementor-widget-heading\" data-id=\"6966b969\" data-element_type=\"widget\" data-widget_type=\"heading.default\">\n\t\t\t\t<div class=\"elementor-widget-container\">\n\t\t\t\t\t<h2 class=\"elementor-heading-title elementor-size-default\">Chargement s\u00e9curis\u00e9 et sans effort pour les v\u00e9hicules \u00e9lectriques Hyundai<\/h2>\t\t\t\t<\/div>\n\t\t\t\t<\/div>\n\t\t\t\t<div class=\"elementor-element elementor-element-1d691e9b elementor-widget elementor-widget-text-editor\" data-id=\"1d691e9b\" data-element_type=\"widget\" data-widget_type=\"text-editor.default\">\n\t\t\t\t<div class=\"elementor-widget-container\">\n\t\t\t\t\t\t\t\t\t<p>Il suffit de brancher la station de recharge 7kW pour v\u00e9hicules \u00e9lectriques Hyundai sur votre Hyundai EV, et elle commence automatiquement \u00e0 fournir de l'\u00e9nergie, en s'adaptant aux besoins sp\u00e9cifiques de votre v\u00e9hicule. Son syst\u00e8me intelligent se synchronise avec les applications compatibles, permettant aux propri\u00e9taires de Hyundai de surveiller, de mettre en pause ou d'arr\u00eater la charge \u00e0 distance, garantissant ainsi une facilit\u00e9 d'utilisation et une performance optimale de la batterie avec un minimum d'effort.<\/p>\t\t\t\t\t\t\t\t<\/div>\n\t\t\t\t<\/div>\n\t\t\t\t<div class=\"elementor-element elementor-element-1ddabbac elementor-widget__width-inherit elementor-widget elementor-widget-heading\" data-id=\"1ddabbac\" data-element_type=\"widget\" data-widget_type=\"heading.default\">\n\t\t\t\t<div class=\"elementor-widget-container\">\n\t\t\t\t\t<h2 class=\"elementor-heading-title elementor-size-default\">Installation et utilisation ais\u00e9es - Faites monter en puissance votre Hyundai<\/h2>\t\t\t\t<\/div>\n\t\t\t\t<\/div>\n\t\t\t\t<div class=\"elementor-element elementor-element-33f65ee elementor-widget elementor-widget-text-editor\" data-id=\"33f65ee\" data-element_type=\"widget\" data-widget_type=\"text-editor.default\">\n\t\t\t\t<div class=\"elementor-widget-container\">\n\t\t\t\t\t\t\t\t\t<p>Con\u00e7ue pour une installation simple, la station de recharge 7kW est id\u00e9ale pour les conducteurs de Hyundai EV. Qu'elle soit mont\u00e9e sur le mur d'un garage ou install\u00e9e sur un socle ind\u00e9pendant \u00e0 l'ext\u00e9rieur, son bo\u00eetier \u00e9tanche conforme \u00e0 la norme IP65 garantit sa durabilit\u00e9 dans n'importe quel environnement tout en maintenant des performances de charge optimales.<\/p>\t\t\t\t\t\t\t\t<\/div>\n\t\t\t\t<\/div>\n\t\t\t\t<div class=\"elementor-element elementor-element-6265403 elementor-widget elementor-widget-heading\" data-id=\"6265403\" data-element_type=\"widget\" data-widget_type=\"heading.default\">\n\t\t\t\t<div class=\"elementor-widget-container\">\n\t\t\t\t\t<h2 class=\"elementor-heading-title elementor-size-default\">Pourquoi choisir la station de recharge Mekel 7kW pour votre Hyundai EV ?<\/h2>\t\t\t\t<\/div>\n\t\t\t\t<\/div>\n\t\t\t\t<div class=\"elementor-element elementor-element-6766460 elementor-widget elementor-widget-text-editor\" data-id=\"6766460\" data-element_type=\"widget\" data-widget_type=\"text-editor.default\">\n\t\t\t\t<div class=\"elementor-widget-container\">\n\t\t\t\t\t\t\t\t\t<ul><li>S\u00e9curit\u00e9 certifi\u00e9e : Caract\u00e9ristiques de protection compl\u00e8tes pour une charge quotidienne fiable des v\u00e9hicules \u00e9lectriques Hyundai.<\/li><li>Connectivit\u00e9 intelligente : Liens vers l'application \"Homelife\" pour la commande \u00e0 distance, am\u00e9liorant les fonctions connect\u00e9es de Hyundai.<\/li><li>Conception minimaliste : Pas d'\u00e9cran, pas de complexit\u00e9 - une solution fiable et conviviale pour la recharge \u00e0 domicile de Hyundai.<\/li><\/ul>\t\t\t\t\t\t\t\t<\/div>\n\t\t\t\t<\/div>\n\t\t\t\t\t<\/div>\n\t\t\t\t<\/div>\n\t\t\t\t<\/div>","protected":false},"excerpt":{"rendered":"<p>Dependable &amp; User-Friendly Design Compact, High-Performance AC 7kW Charging Station Tailored for Hyundai EVs in Home and Small Business Environments: The Mekel 7kW Charging Station for Hyundai Electric Vehicle is a robust, space-saving solution crafted for seamless integration with all Hyundai electric vehicle models, such as the IONIQ 5, IONIQ 6, KONA Electric, and SANTA [&hellip;]<\/p>","protected":false},"author":5,"featured_media":6294,"menu_order":0,"template":"","format":"standard","meta":{"_acf_changed":false,"site-sidebar-layout":"no-sidebar","site-content-layout":"page-builder","ast-site-content-layout":"full-width-container","site-content-style":"default","site-sidebar-style":"default","ast-global-header-display":"","ast-banner-title-visibility":"","ast-main-header-display":"","ast-hfb-above-header-display":"","ast-hfb-below-header-display":"","ast-hfb-mobile-header-display":"","site-post-title":"disabled","ast-breadcrumbs-content":"","ast-featured-img":"disabled","footer-sml-layout":"","ast-disable-related-posts":"","theme-transparent-header-meta":"","adv-header-id-meta":"","stick-header-meta":"","header-above-stick-meta":"","header-main-stick-meta":"","header-below-stick-meta":"","astra-migrate-meta-layouts":"set","ast-page-background-enabled":"default","ast-page-background-meta":{"desktop":{"background-color":"","background-image":"","background-repeat":"repeat","background-position":"center center","background-size":"auto","background-attachment":"scroll","background-type":"","background-media":"","overlay-type":"","overlay-color":"","overlay-opacity":"","overlay-gradient":""},"tablet":{"background-color":"","background-image":"","background-repeat":"repeat","background-position":"center center","background-size":"auto","background-attachment":"scroll","background-type":"","background-media":"","overlay-type":"","overlay-color":"","overlay-opacity":"","overlay-gradient":""},"mobile":{"background-color":"","background-image":"","background-repeat":"repeat","background-position":"center center","background-size":"auto","background-attachment":"scroll","background-type":"","background-media":"","overlay-type":"","overlay-color":"","overlay-opacity":"","overlay-gradient":""}},"ast-content-background-meta":{"desktop":{"background-color":"var(--ast-global-color-5)","background-image":"","background-repeat":"repeat","background-position":"center center","background-size":"auto","background-attachment":"scroll","background-type":"","background-media":"","overlay-type":"","overlay-color":"","overlay-opacity":"","overlay-gradient":""},"tablet":{"background-color":"var(--ast-global-color-5)","background-image":"","background-repeat":"repeat","background-position":"center center","background-size":"auto","background-attachment":"scroll","background-type":"","background-media":"","overlay-type":"","overlay-color":"","overlay-opacity":"","overlay-gradient":""},"mobile":{"background-color":"var(--ast-global-color-5)","background-image":"","background-repeat":"repeat","background-position":"center center","background-size":"auto","background-attachment":"scroll","background-type":"","background-media":"","overlay-type":"","overlay-color":"","overlay-opacity":"","overlay-gradient":""}},"footnotes":""},"product-category":[86,125],"product-tag":[],"class_list":["post-6293","product","type-product","status-publish","format-standard","has-post-thumbnail","hentry","product-category-charging-stations","product-category-hyundai-charger"],"acf":[],"_links":{"self":[{"href":"https:\/\/www.mekeltech.com\/fr\/wp-json\/wp\/v2\/product\/6293","targetHints":{"allow":["GET"]}}],"collection":[{"href":"https:\/\/www.mekeltech.com\/fr\/wp-json\/wp\/v2\/product"}],"about":[{"href":"https:\/\/www.mekeltech.com\/fr\/wp-json\/wp\/v2\/types\/product"}],"author":[{"embeddable":true,"href":"https:\/\/www.mekeltech.com\/fr\/wp-json\/wp\/v2\/users\/5"}],"version-history":[{"count":22,"href":"https:\/\/www.mekeltech.com\/fr\/wp-json\/wp\/v2\/product\/6293\/revisions"}],"predecessor-version":[{"id":6804,"href":"https:\/\/www.mekeltech.com\/fr\/wp-json\/wp\/v2\/product\/6293\/revisions\/6804"}],"wp:featuredmedia":[{"embeddable":true,"href":"https:\/\/www.mekeltech.com\/fr\/wp-json\/wp\/v2\/media\/6294"}],"wp:attachment":[{"href":"https:\/\/www.mekeltech.com\/fr\/wp-json\/wp\/v2\/media?parent=6293"}],"wp:term":[{"taxonomy":"product-category","embeddable":true,"href":"https:\/\/www.mekeltech.com\/fr\/wp-json\/wp\/v2\/product-category?post=6293"},{"taxonomy":"product-tag","embeddable":true,"href":"https:\/\/www.mekeltech.com\/fr\/wp-json\/wp\/v2\/product-tag?post=6293"}],"curies":[{"name":"wp","href":"https:\/\/api.w.org\/{rel}","templated":true}]}}