{"id":6268,"date":"2025-08-19T13:58:25","date_gmt":"2025-08-19T05:58:25","guid":{"rendered":"https:\/\/www.mekeltech.com\/?post_type=product&#038;p=6268"},"modified":"2025-11-07T11:27:14","modified_gmt":"2025-11-07T03:27:14","slug":"mekel-7kw-charging-station-for-byd-models","status":"publish","type":"product","link":"https:\/\/www.mekeltech.com\/fr\/product\/mekel-7kw-charging-station-for-byd-models\/","title":{"rendered":"Station de recharge Mekel 7kW pour les mod\u00e8les BYD"},"content":{"rendered":"<div data-elementor-type=\"wp-post\" data-elementor-id=\"6268\" class=\"elementor elementor-6268\" data-elementor-post-type=\"product\">\n\t\t\t\t<div class=\"elementor-element elementor-element-21e09ddc e-flex e-con-boxed e-con e-parent\" data-id=\"21e09ddc\" data-element_type=\"container\">\n\t\t\t\t\t<div class=\"e-con-inner\">\n\t\t\t\t<div class=\"elementor-element elementor-element-e642c5b elementor-widget elementor-widget-heading\" data-id=\"e642c5b\" data-element_type=\"widget\" data-widget_type=\"heading.default\">\n\t\t\t\t<div class=\"elementor-widget-container\">\n\t\t\t\t\t<h2 class=\"elementor-heading-title elementor-size-default\">S\u00e9curit\u00e9 et int\u00e9gration transparente<\/h2>\t\t\t\t<\/div>\n\t\t\t\t<\/div>\n\t\t\t\t<div class=\"elementor-element elementor-element-285b5ba5 elementor-widget elementor-widget-text-editor\" data-id=\"285b5ba5\" data-element_type=\"widget\" data-widget_type=\"text-editor.default\">\n\t\t\t\t<div class=\"elementor-widget-container\">\n\t\t\t\t\t\t\t\t\t<p><strong>Station de recharge compacte de 7 kW pour les mod\u00e8les BYD - recharge rapide et s\u00fbre \u00e0 la maison et dans les petites entreprises :<\/strong> La station de recharge 7kW de Mekel pour les mod\u00e8les BYD est une solution puissante et peu encombrante, sp\u00e9cialement con\u00e7ue pour une compatibilit\u00e9 parfaite avec tous les mod\u00e8les BYD, y compris l'Atto 3, le Dolphin et le Seal. Id\u00e9ale pour les garages domestiques, les complexes d'appartements ou les petites entreprises, elle est dot\u00e9e de connecteurs compatibles avec BYD, tels que les options GB\/T (norme chinoise), Type 2 et NACS, afin d'assurer une adaptation universelle sur les march\u00e9s mondiaux. Con\u00e7u selon les normes IEC 61851-1 et IEC 62196-2, ce chargeur offre une charge fiable et performante adapt\u00e9e aux syst\u00e8mes de batterie avanc\u00e9s de BYD, favorisant un transfert d'\u00e9nergie efficace et une autonomie accrue du v\u00e9hicule.<\/p>\t\t\t\t\t\t\t\t<\/div>\n\t\t\t\t<\/div>\n\t\t\t\t<div class=\"elementor-element elementor-element-54fc7d99 elementor-widget__width-inherit elementor-widget elementor-widget-heading\" data-id=\"54fc7d99\" data-element_type=\"widget\" data-widget_type=\"heading.default\">\n\t\t\t\t<div class=\"elementor-widget-container\">\n\t\t\t\t\t<h2 class=\"elementor-heading-title elementor-size-default\">Principales caract\u00e9ristiques techniques de la station de recharge de 7 kW pour les mod\u00e8les BYD<\/h2>\t\t\t\t<\/div>\n\t\t\t\t<\/div>\n\t\t\t\t<div class=\"elementor-element elementor-element-a0ef454 elementor-widget__width-initial elementor-widget elementor-widget-tablepress-table\" data-id=\"a0ef454\" data-element_type=\"widget\" data-widget_type=\"tablepress-table.default\">\n\t\t\t\t\t\n<table id=\"tablepress-22\" class=\"tablepress tablepress-id-22\">\n<tbody class=\"row-striping row-hover\">\n<tr class=\"row-1\">\n\t<td class=\"column-1\"><strong>Tension d'entr\u00e9e\/sortie<\/strong><\/td><td class=\"column-2\">230Vac +15%<\/td>\n<\/tr>\n<tr class=\"row-2\">\n\t<td class=\"column-1\"><strong>Courant de charge maximal<\/strong><\/td><td class=\"column-2\">32A (optimis\u00e9 pour les besoins de BYD en mati\u00e8re de charge de niveau 2) <\/td>\n<\/tr>\n<tr class=\"row-3\">\n\t<td class=\"column-1\"><strong>Fr\u00e9quence de fonctionnement<\/strong><\/td><td class=\"column-2\">50Hz<\/td>\n<\/tr>\n<tr class=\"row-4\">\n\t<td class=\"column-1\"><strong>Plage de temp\u00e9rature de fonctionnement<\/strong><\/td><td class=\"column-2\">De -20\u00b0C \u00e0 +50\u00b0C<\/td>\n<\/tr>\n<tr class=\"row-5\">\n\t<td class=\"column-1\"><strong>Plage de temp\u00e9rature de stockage<strong><\/td><td class=\"column-2\">-40\u00b0C \u00e0 +60\u00b0C<\/td>\n<\/tr>\n<tr class=\"row-6\">\n\t<td class=\"column-1\"><strong>Classification de l'enceinte<strong><\/td><td class=\"column-2\">IP65 (\u00e9tanche \u00e0 la poussi\u00e8re et prot\u00e9g\u00e9 des jets d'eau, parfait pour la recharge BYD en ext\u00e9rieur) <\/td>\n<\/tr>\n<tr class=\"row-7\">\n\t<td class=\"column-1\"><strong>Installation<strong><\/td><td class=\"column-2\">Installation flexible au mur ou sur socle<\/td>\n<\/tr>\n<tr class=\"row-8\">\n\t<td class=\"column-1\"><strong>Dimensions<strong><\/td><td class=\"column-2\">186 mm x 354 mm x 111 mm <\/td>\n<\/tr>\n<tr class=\"row-9\">\n\t<td class=\"column-1\"><strong>Communication<strong><\/td><td class=\"column-2\">HCI Bluetooth, Wi-Fi et 4G (pour une int\u00e9gration facile avec l'\u00e9cosyst\u00e8me d'applications de BYD) <\/td>\n<\/tr>\n<tr class=\"row-10\">\n\t<td class=\"column-1\"><strong>Certification<strong><\/td><td class=\"column-2\">Conformit\u00e9 CE<\/td>\n<\/tr>\n<\/tbody>\n<\/table>\n\t\t\t\t<\/div>\n\t\t\t\t<div class=\"elementor-element elementor-element-1eac94b5 elementor-widget__width-inherit elementor-widget elementor-widget-heading\" data-id=\"1eac94b5\" data-element_type=\"widget\" data-widget_type=\"heading.default\">\n\t\t\t\t<div class=\"elementor-widget-container\">\n\t\t\t\t\t<h2 class=\"elementor-heading-title elementor-size-default\">Dispositifs de s\u00e9curit\u00e9 multicouches int\u00e9gr\u00e9s<\/h2>\t\t\t\t<\/div>\n\t\t\t\t<\/div>\n\t\t\t\t<div class=\"elementor-element elementor-element-294016e2 elementor-widget elementor-widget-text-editor\" data-id=\"294016e2\" data-element_type=\"widget\" data-widget_type=\"text-editor.default\">\n\t\t\t\t<div class=\"elementor-widget-container\">\n\t\t\t\t\t\t\t\t\t<p>Con\u00e7ue pour les propri\u00e9taires de BYD, la station de recharge 7kW pour les mod\u00e8les BYD comprend des protections compl\u00e8tes pour prot\u00e9ger votre v\u00e9hicule :<\/p><ul><li>Protection contre les surtensions et les sous-tensions<\/li><li>Limitation de surintensit\u00e9<\/li><li>Surveillance et coupure de la temp\u00e9rature (activ\u00e9e \u00e0 80\u00b0C, r\u00e9tablie \u00e0 60\u00b0C)<\/li><li>Protection contre les courants de fuite<\/li><li>Circuit de s\u00e9curit\u00e9 de liaison des relais<\/li><li>Bouton d'arr\u00eat d'urgence<\/li><\/ul>\t\t\t\t\t\t\t\t<\/div>\n\t\t\t\t<\/div>\n\t\t\t\t<div class=\"elementor-element elementor-element-4ab3ab3d elementor-widget__width-inherit elementor-widget elementor-widget-heading\" data-id=\"4ab3ab3d\" data-element_type=\"widget\" data-widget_type=\"heading.default\">\n\t\t\t\t<div class=\"elementor-widget-container\">\n\t\t\t\t\t<h2 class=\"elementor-heading-title elementor-size-default\">Modes de fonctionnement intelligents pour la compatibilit\u00e9 BYD<\/h2>\t\t\t\t<\/div>\n\t\t\t\t<\/div>\n\t\t\t\t<div class=\"elementor-element elementor-element-6ae225b7 elementor-widget__width-initial elementor-widget elementor-widget-text-editor\" data-id=\"6ae225b7\" data-element_type=\"widget\" data-widget_type=\"text-editor.default\">\n\t\t\t\t<div class=\"elementor-widget-container\">\n\t\t\t\t\t\t\t\t\t<ul><li>Plusieurs options d'initiation de la charge (application, RFID)<\/li><li>Supervision de la temp\u00e9rature en temps r\u00e9el pour prot\u00e9ger les batteries BYD<\/li><li>Sortie de courant adaptative bas\u00e9e sur les conditions de charge, s'alignant sur les demandes de puissance dynamiques de BYD<\/li><li>Indication de l'\u00e9tat de charge :<br \/><strong>Au repos :<\/strong> Vert solide<br \/><strong>Plug-in :<\/strong> Vert clignotant<br \/><strong>Chargement :<\/strong> Bleu clignotant<br \/><strong>Compl\u00e8te :<\/strong> Bleu uni<br \/><strong>Erreur :<\/strong> Clignotement rouge avec codes de diagnostic<\/li><\/ul>\t\t\t\t\t\t\t\t<\/div>\n\t\t\t\t<\/div>\n\t\t\t\t<div class=\"elementor-element elementor-element-e7c2126 elementor-widget elementor-widget-heading\" data-id=\"e7c2126\" data-element_type=\"widget\" data-widget_type=\"heading.default\">\n\t\t\t\t<div class=\"elementor-widget-container\">\n\t\t\t\t\t<h2 class=\"elementor-heading-title elementor-size-default\">Un processus de recharge simple et s\u00fbr pour les v\u00e9hicules BYD<\/h2>\t\t\t\t<\/div>\n\t\t\t\t<\/div>\n\t\t\t\t<div class=\"elementor-element elementor-element-e529bb0 elementor-widget elementor-widget-text-editor\" data-id=\"e529bb0\" data-element_type=\"widget\" data-widget_type=\"text-editor.default\">\n\t\t\t\t<div class=\"elementor-widget-container\">\n\t\t\t\t\t\t\t\t\t<p>Connectez la station de recharge 7kW \u00e0 votre BYD, et elle lance automatiquement la fourniture d'\u00e9nergie, en reconnaissant et en s'adaptant aux exigences de votre v\u00e9hicule. Le syst\u00e8me de contr\u00f4le intelligent s'int\u00e8gre aux applications compatibles, permettant aux propri\u00e9taires de BYD de surveiller, de mettre en pause ou d'arr\u00eater la charge \u00e0 distance - r\u00e9duisant ainsi l'effort pratique tout en maximisant la commodit\u00e9 et la sant\u00e9 de la batterie.<\/p>\t\t\t\t\t\t\t\t<\/div>\n\t\t\t\t<\/div>\n\t\t\t\t<div class=\"elementor-element elementor-element-0c252f5 elementor-widget elementor-widget-heading\" data-id=\"0c252f5\" data-element_type=\"widget\" data-widget_type=\"heading.default\">\n\t\t\t\t<div class=\"elementor-widget-container\">\n\t\t\t\t\t<h2 class=\"elementor-heading-title elementor-size-default\">Installation et fonctionnement - Plug and Power pour les propri\u00e9taires de BYD<\/h2>\t\t\t\t<\/div>\n\t\t\t\t<\/div>\n\t\t\t\t<div class=\"elementor-element elementor-element-fff8f1a elementor-widget elementor-widget-text-editor\" data-id=\"fff8f1a\" data-element_type=\"widget\" data-widget_type=\"text-editor.default\">\n\t\t\t\t<div class=\"elementor-widget-container\">\n\t\t\t\t\t\t\t\t\t<p>Con\u00e7ue pour une installation rapide, la station de recharge de 7 kW est parfaite pour les passionn\u00e9s de BYD. Qu'elle soit fix\u00e9e au mur dans votre garage ou sur un socle \u00e0 l'ext\u00e9rieur, son bo\u00eetier IP65 r\u00e9sistant aux intemp\u00e9ries garantit sa durabilit\u00e9 dans n'importe quel environnement sans compromettre la vitesse ou l'efficacit\u00e9 de la recharge.<\/p>\t\t\t\t\t\t\t\t<\/div>\n\t\t\t\t<\/div>\n\t\t\t\t<div class=\"elementor-element elementor-element-400d3c8 elementor-widget elementor-widget-heading\" data-id=\"400d3c8\" data-element_type=\"widget\" data-widget_type=\"heading.default\">\n\t\t\t\t<div class=\"elementor-widget-container\">\n\t\t\t\t\t<h2 class=\"elementor-heading-title elementor-size-default\">Pourquoi choisir une borne de recharge de 7 kW pour votre BYD ?<\/h2>\t\t\t\t<\/div>\n\t\t\t\t<\/div>\n\t\t\t\t<div class=\"elementor-element elementor-element-6e5b283 elementor-widget elementor-widget-text-editor\" data-id=\"6e5b283\" data-element_type=\"widget\" data-widget_type=\"text-editor.default\">\n\t\t\t\t<div class=\"elementor-widget-container\">\n\t\t\t\t\t\t\t\t\t<ul><li>S\u00e9curit\u00e9 certifi\u00e9e : Ensemble complet de fonctions de protection pour une recharge quotidienne sans souci des mod\u00e8les BYD.<\/li><li>Contr\u00f4le par application intelligente : Se connecte \u00e0 l'application \"Homelife\" pour la gestion \u00e0 distance, en compl\u00e9ment de la connectivit\u00e9 propre \u00e0 BYD.<\/li><li>Pas d'\u00e9cran, pas de probl\u00e8me : Un design \u00e9pur\u00e9 ax\u00e9 sur la fiabilit\u00e9 et la facilit\u00e9, id\u00e9al pour les installations de recharge BYD \u00e0 domicile.<\/li><\/ul>\t\t\t\t\t\t\t\t<\/div>\n\t\t\t\t<\/div>\n\t\t\t\t\t<\/div>\n\t\t\t\t<\/div>\n\t\t\t\t<\/div>","protected":false},"excerpt":{"rendered":"<p>Safety &amp; Seamless Integration Compact 7kW Charging Station for BYD Models\u2014Fast, Safe Home &amp;amp; Small-Business Charging: Mekel\u2019s 7kW Charging Station for BYD Model is a powerful, space-efficient solution specifically engineered for seamless compatibility with all BYD models, including the Atto 3, Dolphin, and Seal. Ideal for home garages, apartment complexes, or small businesses, it features [&hellip;]<\/p>","protected":false},"author":5,"featured_media":6269,"menu_order":0,"template":"","format":"standard","meta":{"_acf_changed":false,"site-sidebar-layout":"no-sidebar","site-content-layout":"page-builder","ast-site-content-layout":"full-width-container","site-content-style":"default","site-sidebar-style":"default","ast-global-header-display":"","ast-banner-title-visibility":"","ast-main-header-display":"","ast-hfb-above-header-display":"","ast-hfb-below-header-display":"","ast-hfb-mobile-header-display":"","site-post-title":"disabled","ast-breadcrumbs-content":"","ast-featured-img":"disabled","footer-sml-layout":"","ast-disable-related-posts":"","theme-transparent-header-meta":"","adv-header-id-meta":"","stick-header-meta":"","header-above-stick-meta":"","header-main-stick-meta":"","header-below-stick-meta":"","astra-migrate-meta-layouts":"set","ast-page-background-enabled":"default","ast-page-background-meta":{"desktop":{"background-color":"","background-image":"","background-repeat":"repeat","background-position":"center center","background-size":"auto","background-attachment":"scroll","background-type":"","background-media":"","overlay-type":"","overlay-color":"","overlay-opacity":"","overlay-gradient":""},"tablet":{"background-color":"","background-image":"","background-repeat":"repeat","background-position":"center center","background-size":"auto","background-attachment":"scroll","background-type":"","background-media":"","overlay-type":"","overlay-color":"","overlay-opacity":"","overlay-gradient":""},"mobile":{"background-color":"","background-image":"","background-repeat":"repeat","background-position":"center center","background-size":"auto","background-attachment":"scroll","background-type":"","background-media":"","overlay-type":"","overlay-color":"","overlay-opacity":"","overlay-gradient":""}},"ast-content-background-meta":{"desktop":{"background-color":"var(--ast-global-color-5)","background-image":"","background-repeat":"repeat","background-position":"center center","background-size":"auto","background-attachment":"scroll","background-type":"","background-media":"","overlay-type":"","overlay-color":"","overlay-opacity":"","overlay-gradient":""},"tablet":{"background-color":"var(--ast-global-color-5)","background-image":"","background-repeat":"repeat","background-position":"center center","background-size":"auto","background-attachment":"scroll","background-type":"","background-media":"","overlay-type":"","overlay-color":"","overlay-opacity":"","overlay-gradient":""},"mobile":{"background-color":"var(--ast-global-color-5)","background-image":"","background-repeat":"repeat","background-position":"center center","background-size":"auto","background-attachment":"scroll","background-type":"","background-media":"","overlay-type":"","overlay-color":"","overlay-opacity":"","overlay-gradient":""}},"footnotes":""},"product-category":[121,86],"product-tag":[],"class_list":["post-6268","product","type-product","status-publish","format-standard","has-post-thumbnail","hentry","product-category-byd-charger","product-category-charging-stations"],"acf":[],"_links":{"self":[{"href":"https:\/\/www.mekeltech.com\/fr\/wp-json\/wp\/v2\/product\/6268","targetHints":{"allow":["GET"]}}],"collection":[{"href":"https:\/\/www.mekeltech.com\/fr\/wp-json\/wp\/v2\/product"}],"about":[{"href":"https:\/\/www.mekeltech.com\/fr\/wp-json\/wp\/v2\/types\/product"}],"author":[{"embeddable":true,"href":"https:\/\/www.mekeltech.com\/fr\/wp-json\/wp\/v2\/users\/5"}],"version-history":[{"count":23,"href":"https:\/\/www.mekeltech.com\/fr\/wp-json\/wp\/v2\/product\/6268\/revisions"}],"predecessor-version":[{"id":6794,"href":"https:\/\/www.mekeltech.com\/fr\/wp-json\/wp\/v2\/product\/6268\/revisions\/6794"}],"wp:featuredmedia":[{"embeddable":true,"href":"https:\/\/www.mekeltech.com\/fr\/wp-json\/wp\/v2\/media\/6269"}],"wp:attachment":[{"href":"https:\/\/www.mekeltech.com\/fr\/wp-json\/wp\/v2\/media?parent=6268"}],"wp:term":[{"taxonomy":"product-category","embeddable":true,"href":"https:\/\/www.mekeltech.com\/fr\/wp-json\/wp\/v2\/product-category?post=6268"},{"taxonomy":"product-tag","embeddable":true,"href":"https:\/\/www.mekeltech.com\/fr\/wp-json\/wp\/v2\/product-tag?post=6268"}],"curies":[{"name":"wp","href":"https:\/\/api.w.org\/{rel}","templated":true}]}}