{"id":6102,"date":"2025-08-18T13:53:59","date_gmt":"2025-08-18T05:53:59","guid":{"rendered":"https:\/\/www.mekeltech.com\/?post_type=product&#038;p=6102"},"modified":"2025-11-07T11:27:38","modified_gmt":"2025-11-07T03:27:38","slug":"mekel-7-11kw-series-charging-station-for-vinfast-electric-vehicles","status":"publish","type":"product","link":"https:\/\/www.mekeltech.com\/fr\/product\/mekel-7-11kw-series-charging-station-for-vinfast-electric-vehicles\/","title":{"rendered":"Mekel 7-11kW Series Charging Station pour les v\u00e9hicules \u00e9lectriques VinFast"},"content":{"rendered":"<div data-elementor-type=\"wp-post\" data-elementor-id=\"6102\" class=\"elementor elementor-6102\" data-elementor-post-type=\"product\">\n\t\t\t\t<div class=\"elementor-element elementor-element-760537b3 e-flex e-con-boxed e-con e-parent\" data-id=\"760537b3\" data-element_type=\"container\">\n\t\t\t\t\t<div class=\"e-con-inner\">\n\t\t\t\t<div class=\"elementor-element elementor-element-a938170 elementor-widget elementor-widget-heading\" data-id=\"a938170\" data-element_type=\"widget\" data-widget_type=\"heading.default\">\n\t\t\t\t<div class=\"elementor-widget-container\">\n\t\t\t\t\t<h2 class=\"elementor-heading-title elementor-size-default\">Safe, Efficient &amp; Tailored for VinFast EVs<\/h2>\t\t\t\t<\/div>\n\t\t\t\t<\/div>\n\t\t\t\t<div class=\"elementor-element elementor-element-3e8d232 elementor-widget elementor-widget-text-editor\" data-id=\"3e8d232\" data-element_type=\"widget\" data-widget_type=\"text-editor.default\">\n\t\t\t\t<div class=\"elementor-widget-container\">\n\t\t\t\t\t\t\t\t\t<p><strong>Compact and Reliable Charging for VinFast Owners in Homes and Residential Complexes:\u00a0<\/strong> Mekel\u2019s 7-11kW Series Charging Station is a sleek, high-performance solution designed for seamless compatibility with VinFast electric vehicles, including models like the VF e34, VF 8, VF 9, and VF 3. Perfect for home garages, apartment complexes, or small commercial settings, it features VinFast-compatible Type 2 connectors (global charging station options) . Compliant with IEC 61851-1, IEC 61851-21-2, UL 2231, and UL 2594 standards, this charger delivers reliable, efficient charging optimized for VinFast\u2019s advanced battery systems, enhancing energy delivery and supporting extended driving range.<\/p>\t\t\t\t\t\t\t\t<\/div>\n\t\t\t\t<\/div>\n\t\t\t\t<div class=\"elementor-element elementor-element-d20d2c5 elementor-widget elementor-widget-heading\" data-id=\"d20d2c5\" data-element_type=\"widget\" data-widget_type=\"heading.default\">\n\t\t\t\t<div class=\"elementor-widget-container\">\n\t\t\t\t\t<h2 class=\"elementor-heading-title elementor-size-default\">Key Technical Specifications of 7-11kW Series Charging Station<\/h2>\t\t\t\t<\/div>\n\t\t\t\t<\/div>\n\t\t\t\t<div class=\"elementor-element elementor-element-7c6e06b elementor-widget__width-initial elementor-widget elementor-widget-tablepress-table\" data-id=\"7c6e06b\" data-element_type=\"widget\" data-widget_type=\"tablepress-table.default\">\n\t\t\t\t\t\n<table id=\"tablepress-19\" class=\"tablepress tablepress-id-19\">\n<tbody class=\"row-striping row-hover\">\n<tr class=\"row-1\">\n\t<td class=\"column-1\"><strong>Tension d'entr\u00e9e\/sortie<\/strong><\/td><td class=\"column-2\">230Vac +15%<\/td>\n<\/tr>\n<tr class=\"row-2\">\n\t<td class=\"column-1\"><strong>Courant de charge maximal<\/strong><\/td><td class=\"column-2\">32A (optimis\u00e9 pour les exigences de charge de niveau 2 de BMW)<\/td>\n<\/tr>\n<tr class=\"row-3\">\n\t<td class=\"column-1\"><strong>Fr\u00e9quence de fonctionnement<\/strong><\/td><td class=\"column-2\">50-60Hz<\/td>\n<\/tr>\n<tr class=\"row-4\">\n\t<td class=\"column-1\"><strong>Plage de temp\u00e9rature de fonctionnement<\/strong><\/td><td class=\"column-2\">De -20\u00b0C \u00e0 +50\u00b0C<\/td>\n<\/tr>\n<tr class=\"row-5\">\n\t<td class=\"column-1\"><strong>Plage de temp\u00e9rature de stockage<strong><\/td><td class=\"column-2\">De -45\u00b0C \u00e0 +60\u00b0C<\/td>\n<\/tr>\n<tr class=\"row-6\">\n\t<td class=\"column-1\"><strong>Classification de l'enceinte<strong><\/td><td class=\"column-2\">IP55 (dust-tight and resistant to water jets, ideal for outdoor BMW charging)<\/td>\n<\/tr>\n<tr class=\"row-7\">\n\t<td class=\"column-1\"><strong>Installation<strong><\/td><td class=\"column-2\">Installation flexible au mur ou sur socle<\/td>\n<\/tr>\n<tr class=\"row-8\">\n\t<td class=\"column-1\"><strong>Dimensions<strong><\/td><td class=\"column-2\">196 mm x 320 mm x 97 mm<\/td>\n<\/tr>\n<tr class=\"row-9\">\n\t<td class=\"column-1\"><strong>Connectivit\u00e9<strong><\/td><td class=\"column-2\">Smart\u00a0charging station\u00a0features with HCI Bluetooth<\/td>\n<\/tr>\n<tr class=\"row-10\">\n\t<td class=\"column-1\"><strong>Certification<strong><\/td><td class=\"column-2\">Conformit\u00e9 CE<\/td>\n<\/tr>\n<\/tbody>\n<\/table>\n\t\t\t\t<\/div>\n\t\t\t\t<div class=\"elementor-element elementor-element-bbbdb05 elementor-widget elementor-widget-heading\" data-id=\"bbbdb05\" data-element_type=\"widget\" data-widget_type=\"heading.default\">\n\t\t\t\t<div class=\"elementor-widget-container\">\n\t\t\t\t\t<h2 class=\"elementor-heading-title elementor-size-default\">Dispositifs de s\u00e9curit\u00e9 multicouches int\u00e9gr\u00e9s<\/h2>\t\t\t\t<\/div>\n\t\t\t\t<\/div>\n\t\t\t\t<div class=\"elementor-element elementor-element-642b18e elementor-widget elementor-widget-text-editor\" data-id=\"642b18e\" data-element_type=\"widget\" data-widget_type=\"text-editor.default\">\n\t\t\t\t<div class=\"elementor-widget-container\">\n\t\t\t\t\t\t\t\t\t<p>Engineered for VinFast EV owners, the 7-11kw series charging station includes robust protections to ensure vehicle safety:<\/p><ul><li>Protection contre les surtensions et les sous-tensions<\/li><li>Limitation de surintensit\u00e9<\/li><li>Protection contre les courants de fuite<\/li><\/ul>\t\t\t\t\t\t\t\t<\/div>\n\t\t\t\t<\/div>\n\t\t\t\t<div class=\"elementor-element elementor-element-1e2a967 elementor-widget elementor-widget-heading\" data-id=\"1e2a967\" data-element_type=\"widget\" data-widget_type=\"heading.default\">\n\t\t\t\t<div class=\"elementor-widget-container\">\n\t\t\t\t\t<h2 class=\"elementor-heading-title elementor-size-default\">Effortless and Secure Charging for VinFast EVs<\/h2>\t\t\t\t<\/div>\n\t\t\t\t<\/div>\n\t\t\t\t<div class=\"elementor-element elementor-element-000673b elementor-widget elementor-widget-text-editor\" data-id=\"000673b\" data-element_type=\"widget\" data-widget_type=\"text-editor.default\">\n\t\t\t\t<div class=\"elementor-widget-container\">\n\t\t\t\t\t\t\t\t\t<p>Connect the 7-11kw series charging station to your VinFast EV, and it automatically begins power delivery, adapting to your vehicle\u2019s specific requirements. The integrated smart system syncs with the \u201cHomelife\u201d app, enabling VinFast owners to remotely monitor, schedule, or pause charging sessions, ensuring convenience and optimal battery performance with minimal effort.<\/p>\t\t\t\t\t\t\t\t<\/div>\n\t\t\t\t<\/div>\n\t\t\t\t<div class=\"elementor-element elementor-element-e51fef0 elementor-widget elementor-widget-heading\" data-id=\"e51fef0\" data-element_type=\"widget\" data-widget_type=\"heading.default\">\n\t\t\t\t<div class=\"elementor-widget-container\">\n\t\t\t\t\t<h2 class=\"elementor-heading-title elementor-size-default\">Quick Installation &amp; Reliable Operation for VinFast Owners<\/h2>\t\t\t\t<\/div>\n\t\t\t\t<\/div>\n\t\t\t\t<div class=\"elementor-element elementor-element-5d25084 elementor-widget elementor-widget-text-editor\" data-id=\"5d25084\" data-element_type=\"widget\" data-widget_type=\"text-editor.default\">\n\t\t\t\t<div class=\"elementor-widget-container\">\n\t\t\t\t\t\t\t\t\t<p>Designed for fast, hassle-free setup, the <span class=\"text-only\" data-eleid=\"7\">7-11kw series charging station <\/span>is ideal for VinFast enthusiasts. Whether wall-mounted in your garage or installed as a pedestal outdoors, its IP55-rated, weather-resistant housing ensures durability without compromising charging efficiency, making it a perfect choice for daily VinFast EV charging.<\/p>\t\t\t\t\t\t\t\t<\/div>\n\t\t\t\t<\/div>\n\t\t\t\t<div class=\"elementor-element elementor-element-02493bb elementor-widget elementor-widget-heading\" data-id=\"02493bb\" data-element_type=\"widget\" data-widget_type=\"heading.default\">\n\t\t\t\t<div class=\"elementor-widget-container\">\n\t\t\t\t\t<h2 class=\"elementor-heading-title elementor-size-default\">Why Choose This Mekel <span>7-11kw Series Charging Station<\/span><span>?<\/span><span><\/span><br><\/h2>\t\t\t\t<\/div>\n\t\t\t\t<\/div>\n\t\t\t\t<div class=\"elementor-element elementor-element-272dcfe elementor-widget elementor-widget-text-editor\" data-id=\"272dcfe\" data-element_type=\"widget\" data-widget_type=\"text-editor.default\">\n\t\t\t\t<div class=\"elementor-widget-container\">\n\t\t\t\t\t\t\t\t\t<ul><li><b><\/b><strong>Reliable Charging Station Design<\/strong>: Comprehensive protections ensure safe, reliable charging for VinFast\u2019s advanced EV systems.<\/li><li><b><\/b><strong><b>Minimalist, VinFast-Compatible Design<\/b><\/strong>: Screen-free operation complements VinFast\u2019s modern aesthetic, ideal for home charging.<\/li><li><b><\/b><strong><b>Connectivit\u00e9 intelligente<\/b><\/strong>: The \u201cHomelife\u201d app enhances VinFast\u2019s connected features, offering remote control and charging optimization.<\/li><\/ul>\t\t\t\t\t\t\t\t<\/div>\n\t\t\t\t<\/div>\n\t\t\t\t<div class=\"elementor-element elementor-element-761ce281 elementor-widget__width-inherit elementor-widget elementor-widget-heading\" data-id=\"761ce281\" data-element_type=\"widget\" data-widget_type=\"heading.default\">\n\t\t\t\t<div class=\"elementor-widget-container\">\n\t\t\t\t\t<h2 class=\"elementor-heading-title elementor-size-default\">FAQ<\/h2>\t\t\t\t<\/div>\n\t\t\t\t<\/div>\n\t\t\t\t<div class=\"elementor-element elementor-element-29ba8b3e elementor-widget elementor-widget-n-accordion\" data-id=\"29ba8b3e\" data-element_type=\"widget\" data-settings=\"{&quot;default_state&quot;:&quot;expanded&quot;,&quot;max_items_expended&quot;:&quot;one&quot;,&quot;n_accordion_animation_duration&quot;:{&quot;unit&quot;:&quot;ms&quot;,&quot;size&quot;:400,&quot;sizes&quot;:[]}}\" data-widget_type=\"nested-accordion.default\">\n\t\t\t\t<div class=\"elementor-widget-container\">\n\t\t\t\t\t\t\t<div class=\"e-n-accordion\" aria-label=\"Accord\u00e9on. Ouvrez les liens avec Enter ou Space, fermez-les avec Escape et naviguez avec les touches fl\u00e9ch\u00e9es.\">\n\t\t\t\t\t\t<details id=\"e-n-accordion-item-7000\" class=\"e-n-accordion-item\" open>\n\t\t\t\t<summary class=\"e-n-accordion-item-title\" data-accordion-index=\"1\" tabindex=\"0\" aria-expanded=\"true\" aria-controls=\"e-n-accordion-item-7000\" >\n\t\t\t\t\t<span class='e-n-accordion-item-title-header'><div class=\"e-n-accordion-item-title-text\"> How long does it take to charge a VinFast EV with the Mekel 7-11kw series charging station? <\/div><\/span>\n\t\t\t\t\t\t\t<span class='e-n-accordion-item-title-icon'>\n\t\t\t<span class='e-opened' ><svg aria-hidden=\"true\" class=\"e-font-icon-svg e-fas-minus\" viewbox=\"0 0 448 512\" xmlns=\"http:\/\/www.w3.org\/2000\/svg\"><path d=\"M416 208H32c-17.67 0-32 14.33-32 32v32c0 17.67 14.33 32 32 32h384c17.67 0 32-14.33 32-32v-32c0-17.67-14.33-32-32-32z\"><\/path><\/svg><\/span>\n\t\t\t<span class='e-closed'><svg aria-hidden=\"true\" class=\"e-font-icon-svg e-fas-plus\" viewbox=\"0 0 448 512\" xmlns=\"http:\/\/www.w3.org\/2000\/svg\"><path d=\"M416 208H272V64c0-17.67-14.33-32-32-32h-32c-17.67 0-32 14.33-32 32v144H32c-17.67 0-32 14.33-32 32v32c0 17.67 14.33 32 32 32h144v144c0 17.67 14.33 32 32 32h32c17.67 0 32-14.33 32-32V304h144c17.67 0 32-14.33 32-32v-32c0-17.67-14.33-32-32-32z\"><\/path><\/svg><\/span>\n\t\t<\/span>\n\n\t\t\t\t\t\t<\/summary>\n\t\t\t\t<div role=\"region\" aria-labelledby=\"e-n-accordion-item-7000\" class=\"elementor-element elementor-element-54c12bb6 e-con-full e-flex e-con e-child\" data-id=\"54c12bb6\" data-element_type=\"container\">\n\t\t\t\t<div class=\"elementor-element elementor-element-40803e15 elementor-widget__width-inherit elementor-widget elementor-widget-text-editor\" data-id=\"40803e15\" data-element_type=\"widget\" data-widget_type=\"text-editor.default\">\n\t\t\t\t<div class=\"elementor-widget-container\">\n\t\t\t\t\t\t\t\t\t<p>The 7-11kW Series Charging Station typically fully charges VinFast EVs, like the VF 8 or VF e34, in about 8 hours, ideal for overnight charging at homes or apartment complexes. At 22kW, charging times can be reduced to 5-6 hours, depending on the model and battery capacity.<\/p>\t\t\t\t\t\t\t\t<\/div>\n\t\t\t\t<\/div>\n\t\t\t\t<\/div>\n\t\t\t\t\t<\/details>\n\t\t\t\t\t\t<details id=\"e-n-accordion-item-7001\" class=\"e-n-accordion-item\" >\n\t\t\t\t<summary class=\"e-n-accordion-item-title\" data-accordion-index=\"2\" tabindex=\"-1\" aria-expanded=\"false\" aria-controls=\"e-n-accordion-item-7001\" >\n\t\t\t\t\t<span class='e-n-accordion-item-title-header'><div class=\"e-n-accordion-item-title-text\"> How do I choose between basic and smart charger models for my VinFast EV? <\/div><\/span>\n\t\t\t\t\t\t\t<span class='e-n-accordion-item-title-icon'>\n\t\t\t<span class='e-opened' ><svg aria-hidden=\"true\" class=\"e-font-icon-svg e-fas-minus\" viewbox=\"0 0 448 512\" xmlns=\"http:\/\/www.w3.org\/2000\/svg\"><path d=\"M416 208H32c-17.67 0-32 14.33-32 32v32c0 17.67 14.33 32 32 32h384c17.67 0 32-14.33 32-32v-32c0-17.67-14.33-32-32-32z\"><\/path><\/svg><\/span>\n\t\t\t<span class='e-closed'><svg aria-hidden=\"true\" class=\"e-font-icon-svg e-fas-plus\" viewbox=\"0 0 448 512\" xmlns=\"http:\/\/www.w3.org\/2000\/svg\"><path d=\"M416 208H272V64c0-17.67-14.33-32-32-32h-32c-17.67 0-32 14.33-32 32v144H32c-17.67 0-32 14.33-32 32v32c0 17.67 14.33 32 32 32h144v144c0 17.67 14.33 32 32 32h32c17.67 0 32-14.33 32-32V304h144c17.67 0 32-14.33 32-32v-32c0-17.67-14.33-32-32-32z\"><\/path><\/svg><\/span>\n\t\t<\/span>\n\n\t\t\t\t\t\t<\/summary>\n\t\t\t\t<div role=\"region\" aria-labelledby=\"e-n-accordion-item-7001\" class=\"elementor-element elementor-element-6140541b e-con-full e-flex e-con e-child\" data-id=\"6140541b\" data-element_type=\"container\">\n\t\t\t\t<div class=\"elementor-element elementor-element-122be59 elementor-widget__width-inherit elementor-widget elementor-widget-text-editor\" data-id=\"122be59\" data-element_type=\"widget\" data-widget_type=\"text-editor.default\">\n\t\t\t\t<div class=\"elementor-widget-container\">\n\t\t\t\t\t\t\t\t\t<p>Basic models are perfect for VinFast owners in areas with flat electricity rates, offering simple plug-and-play functionality. Smart chargers provide advanced features like energy tracking, remote control via the \u201cHomelife\u201d app, and off-peak scheduling, ideal for VinFast drivers seeking greater control or commercial applications.<\/p>\t\t\t\t\t\t\t\t<\/div>\n\t\t\t\t<\/div>\n\t\t\t\t<\/div>\n\t\t\t\t\t<\/details>\n\t\t\t\t\t\t<details id=\"e-n-accordion-item-7002\" class=\"e-n-accordion-item\" >\n\t\t\t\t<summary class=\"e-n-accordion-item-title\" data-accordion-index=\"3\" tabindex=\"-1\" aria-expanded=\"false\" aria-controls=\"e-n-accordion-item-7002\" >\n\t\t\t\t\t<span class='e-n-accordion-item-title-header'><div class=\"e-n-accordion-item-title-text\"> Are Mekel 7-11kw series charging station suitable for daily VinFast EV use? <\/div><\/span>\n\t\t\t\t\t\t\t<span class='e-n-accordion-item-title-icon'>\n\t\t\t<span class='e-opened' ><svg aria-hidden=\"true\" class=\"e-font-icon-svg e-fas-minus\" viewbox=\"0 0 448 512\" xmlns=\"http:\/\/www.w3.org\/2000\/svg\"><path d=\"M416 208H32c-17.67 0-32 14.33-32 32v32c0 17.67 14.33 32 32 32h384c17.67 0 32-14.33 32-32v-32c0-17.67-14.33-32-32-32z\"><\/path><\/svg><\/span>\n\t\t\t<span class='e-closed'><svg aria-hidden=\"true\" class=\"e-font-icon-svg e-fas-plus\" viewbox=\"0 0 448 512\" xmlns=\"http:\/\/www.w3.org\/2000\/svg\"><path d=\"M416 208H272V64c0-17.67-14.33-32-32-32h-32c-17.67 0-32 14.33-32 32v144H32c-17.67 0-32 14.33-32 32v32c0 17.67 14.33 32 32 32h144v144c0 17.67 14.33 32 32 32h32c17.67 0 32-14.33 32-32V304h144c17.67 0 32-14.33 32-32v-32c0-17.67-14.33-32-32-32z\"><\/path><\/svg><\/span>\n\t\t<\/span>\n\n\t\t\t\t\t\t<\/summary>\n\t\t\t\t<div role=\"region\" aria-labelledby=\"e-n-accordion-item-7002\" class=\"elementor-element elementor-element-2da2c7fd e-con-full e-flex e-con e-child\" data-id=\"2da2c7fd\" data-element_type=\"container\">\n\t\t\t\t<div class=\"elementor-element elementor-element-23321e88 elementor-widget__width-inherit elementor-widget elementor-widget-text-editor\" data-id=\"23321e88\" data-element_type=\"widget\" data-widget_type=\"text-editor.default\">\n\t\t\t\t<div class=\"elementor-widget-container\">\n\t\t\t\t\t\t\t\t\t<p>Yes, Mekel <span class=\"text-only\" data-eleid=\"7\">7-11kw series charging stations <\/span>are built for durability and consistent daily charging of VinFast EVs, provided your electrical system is properly configured and installed.<\/p>\t\t\t\t\t\t\t\t<\/div>\n\t\t\t\t<\/div>\n\t\t\t\t<\/div>\n\t\t\t\t\t<\/details>\n\t\t\t\t\t<\/div>\n\t\t\t\t\t\t<\/div>\n\t\t\t\t<\/div>\n\t\t\t\t\t<\/div>\n\t\t\t\t<\/div>\n\t\t\t\t<\/div>","protected":false},"excerpt":{"rendered":"<p>Safe, Efficient &amp; Tailored for VinFast EVs Compact and Reliable Charging for VinFast Owners in Homes and Residential Complexes:\u00a0 Mekel\u2019s 7-11kW Series Charging Station is a sleek, high-performance solution designed for seamless compatibility with VinFast electric vehicles, including models like the VF e34, VF 8, VF 9, and VF 3. Perfect for home garages, apartment [&hellip;]<\/p>","protected":false},"author":5,"featured_media":6239,"menu_order":0,"template":"","format":"standard","meta":{"_acf_changed":false,"site-sidebar-layout":"no-sidebar","site-content-layout":"page-builder","ast-site-content-layout":"full-width-container","site-content-style":"default","site-sidebar-style":"default","ast-global-header-display":"","ast-banner-title-visibility":"","ast-main-header-display":"","ast-hfb-above-header-display":"","ast-hfb-below-header-display":"","ast-hfb-mobile-header-display":"","site-post-title":"disabled","ast-breadcrumbs-content":"","ast-featured-img":"disabled","footer-sml-layout":"","ast-disable-related-posts":"","theme-transparent-header-meta":"","adv-header-id-meta":"","stick-header-meta":"","header-above-stick-meta":"","header-main-stick-meta":"","header-below-stick-meta":"","astra-migrate-meta-layouts":"set","ast-page-background-enabled":"default","ast-page-background-meta":{"desktop":{"background-color":"","background-image":"","background-repeat":"repeat","background-position":"center center","background-size":"auto","background-attachment":"scroll","background-type":"","background-media":"","overlay-type":"","overlay-color":"","overlay-opacity":"","overlay-gradient":""},"tablet":{"background-color":"","background-image":"","background-repeat":"repeat","background-position":"center center","background-size":"auto","background-attachment":"scroll","background-type":"","background-media":"","overlay-type":"","overlay-color":"","overlay-opacity":"","overlay-gradient":""},"mobile":{"background-color":"","background-image":"","background-repeat":"repeat","background-position":"center center","background-size":"auto","background-attachment":"scroll","background-type":"","background-media":"","overlay-type":"","overlay-color":"","overlay-opacity":"","overlay-gradient":""}},"ast-content-background-meta":{"desktop":{"background-color":"var(--ast-global-color-5)","background-image":"","background-repeat":"repeat","background-position":"center center","background-size":"auto","background-attachment":"scroll","background-type":"","background-media":"","overlay-type":"","overlay-color":"","overlay-opacity":"","overlay-gradient":""},"tablet":{"background-color":"var(--ast-global-color-5)","background-image":"","background-repeat":"repeat","background-position":"center center","background-size":"auto","background-attachment":"scroll","background-type":"","background-media":"","overlay-type":"","overlay-color":"","overlay-opacity":"","overlay-gradient":""},"mobile":{"background-color":"var(--ast-global-color-5)","background-image":"","background-repeat":"repeat","background-position":"center center","background-size":"auto","background-attachment":"scroll","background-type":"","background-media":"","overlay-type":"","overlay-color":"","overlay-opacity":"","overlay-gradient":""}},"footnotes":""},"product-category":[86,123],"product-tag":[],"class_list":["post-6102","product","type-product","status-publish","format-standard","has-post-thumbnail","hentry","product-category-charging-stations","product-category-vinfast-charger"],"acf":[],"_links":{"self":[{"href":"https:\/\/www.mekeltech.com\/fr\/wp-json\/wp\/v2\/product\/6102","targetHints":{"allow":["GET"]}}],"collection":[{"href":"https:\/\/www.mekeltech.com\/fr\/wp-json\/wp\/v2\/product"}],"about":[{"href":"https:\/\/www.mekeltech.com\/fr\/wp-json\/wp\/v2\/types\/product"}],"author":[{"embeddable":true,"href":"https:\/\/www.mekeltech.com\/fr\/wp-json\/wp\/v2\/users\/5"}],"version-history":[{"count":36,"href":"https:\/\/www.mekeltech.com\/fr\/wp-json\/wp\/v2\/product\/6102\/revisions"}],"predecessor-version":[{"id":6797,"href":"https:\/\/www.mekeltech.com\/fr\/wp-json\/wp\/v2\/product\/6102\/revisions\/6797"}],"wp:featuredmedia":[{"embeddable":true,"href":"https:\/\/www.mekeltech.com\/fr\/wp-json\/wp\/v2\/media\/6239"}],"wp:attachment":[{"href":"https:\/\/www.mekeltech.com\/fr\/wp-json\/wp\/v2\/media?parent=6102"}],"wp:term":[{"taxonomy":"product-category","embeddable":true,"href":"https:\/\/www.mekeltech.com\/fr\/wp-json\/wp\/v2\/product-category?post=6102"},{"taxonomy":"product-tag","embeddable":true,"href":"https:\/\/www.mekeltech.com\/fr\/wp-json\/wp\/v2\/product-tag?post=6102"}],"curies":[{"name":"wp","href":"https:\/\/api.w.org\/{rel}","templated":true}]}}