{"id":6076,"date":"2025-08-18T11:11:25","date_gmt":"2025-08-18T03:11:25","guid":{"rendered":"https:\/\/www.mekeltech.com\/?post_type=product&#038;p=6076"},"modified":"2025-11-07T11:28:03","modified_gmt":"2025-11-07T03:28:03","slug":"mekel-7-22kw-series-charging-station-for-bmw-evs","status":"publish","type":"product","link":"https:\/\/www.mekeltech.com\/fr\/product\/mekel-7-22kw-series-charging-station-for-bmw-evs\/","title":{"rendered":"Mekel 7-22kW Series Charging Station pour BMW EVs"},"content":{"rendered":"<div data-elementor-type=\"wp-post\" data-elementor-id=\"6076\" class=\"elementor elementor-6076\" data-elementor-post-type=\"product\">\n\t\t\t\t<div class=\"elementor-element elementor-element-2d6be227 e-flex e-con-boxed e-con e-parent\" data-id=\"2d6be227\" data-element_type=\"container\">\n\t\t\t\t\t<div class=\"e-con-inner\">\n\t\t\t\t<div class=\"elementor-element elementor-element-37021bfc elementor-widget__width-inherit elementor-widget elementor-widget-heading\" data-id=\"37021bfc\" data-element_type=\"widget\" data-widget_type=\"heading.default\">\n\t\t\t\t<div class=\"elementor-widget-container\">\n\t\t\t\t\t<h2 class=\"elementor-heading-title elementor-size-default\">S\u00fbre, efficace et adapt\u00e9e aux VE BMW<\/h2>\t\t\t\t<\/div>\n\t\t\t\t<\/div>\n\t\t\t\t<div class=\"elementor-element elementor-element-e8dbb4d elementor-widget elementor-widget-text-editor\" data-id=\"e8dbb4d\" data-element_type=\"widget\" data-widget_type=\"text-editor.default\">\n\t\t\t\t<div class=\"elementor-widget-container\">\n\t\t\t\t\t\t\t\t\t<p><strong>Recharge compacte et fiable pour les propri\u00e9taires de BMW dans les maisons et les complexes r\u00e9sidentiels :<\/strong> La station de recharge Mekel 7-22kW Series pour BMW EV est une solution \u00e9l\u00e9gante et performante con\u00e7ue pour une compatibilit\u00e9 parfaite avec les v\u00e9hicules \u00e9lectriques BMW, y compris les mod\u00e8les i4, iX, i7 et iX2. Con\u00e7ue pour les garages domestiques, les complexes d'appartements ou les petites structures commerciales, elle est \u00e9quip\u00e9e de connecteurs de type 2 compatibles avec BMW (avec des options de type 1 et NACS disponibles pour les march\u00e9s internationaux). Conforme aux normes IEC 61851-1, IEC 61851-21-2, UL 2231 et UL 2594, ce chargeur garantit une charge fiable et efficace adapt\u00e9e aux syst\u00e8mes de batterie avanc\u00e9s de BMW, optimisant la fourniture d'\u00e9nergie et permettant d'augmenter l'autonomie.<\/p>\t\t\t\t\t\t\t\t<\/div>\n\t\t\t\t<\/div>\n\t\t\t\t<div class=\"elementor-element elementor-element-04405c5 elementor-widget elementor-widget-heading\" data-id=\"04405c5\" data-element_type=\"widget\" data-widget_type=\"heading.default\">\n\t\t\t\t<div class=\"elementor-widget-container\">\n\t\t\t\t\t<h2 class=\"elementor-heading-title elementor-size-default\">Sp\u00e9cifications techniques de la station de recharge de la s\u00e9rie 7-22kW<\/h2>\t\t\t\t<\/div>\n\t\t\t\t<\/div>\n\t\t\t\t<div class=\"elementor-element elementor-element-fc7e180 elementor-widget__width-initial elementor-widget elementor-widget-tablepress-table\" data-id=\"fc7e180\" data-element_type=\"widget\" data-widget_type=\"tablepress-table.default\">\n\t\t\t\t\t\n<table id=\"tablepress-21\" class=\"tablepress tablepress-id-21\">\n<tbody class=\"row-striping row-hover\">\n<tr class=\"row-1\">\n\t<td class=\"column-1\"><strong>Tension d'entr\u00e9e\/sortie<\/strong><\/td><td class=\"column-2\">230Vac +15%<\/td>\n<\/tr>\n<tr class=\"row-2\">\n\t<td class=\"column-1\"><strong>Courant de charge maximal<\/strong><\/td><td class=\"column-2\">32A<\/td>\n<\/tr>\n<tr class=\"row-3\">\n\t<td class=\"column-1\"><strong>Fr\u00e9quence de fonctionnement<\/strong><\/td><td class=\"column-2\">50-60Hz<\/td>\n<\/tr>\n<tr class=\"row-4\">\n\t<td class=\"column-1\"><strong>Plage de temp\u00e9rature de fonctionnement<\/strong><\/td><td class=\"column-2\">De -20\u00b0C \u00e0 +50\u00b0C<\/td>\n<\/tr>\n<tr class=\"row-5\">\n\t<td class=\"column-1\"><strong>Plage de temp\u00e9rature de stockage<strong><\/td><td class=\"column-2\">De -45\u00b0C \u00e0 +60\u00b0C<\/td>\n<\/tr>\n<tr class=\"row-6\">\n\t<td class=\"column-1\"><strong>Classification de l'enceinte<strong><\/td><td class=\"column-2\">IP55 (station de recharge r\u00e9sistante aux intemp\u00e9ries pour une utilisation en ext\u00e9rieur)<\/td>\n<\/tr>\n<tr class=\"row-7\">\n\t<td class=\"column-1\"><strong>Installation<strong><\/td><td class=\"column-2\">Installation flexible au mur ou sur socle<\/td>\n<\/tr>\n<tr class=\"row-8\">\n\t<td class=\"column-1\"><strong>Dimensions<strong><\/td><td class=\"column-2\">196 mm x 320 mm x 97 mm<\/td>\n<\/tr>\n<tr class=\"row-9\">\n\t<td class=\"column-1\"><strong>Connectivit\u00e9<strong><\/td><td class=\"column-2\">HCI Bluetooth, Wi-Fi et 4G (pour l'int\u00e9gration avec l'\u00e9cosyst\u00e8me d'applications de VinFast)<\/td>\n<\/tr>\n<tr class=\"row-10\">\n\t<td class=\"column-1\"><strong>Certification<strong><\/td><td class=\"column-2\">Conformit\u00e9 CE<\/td>\n<\/tr>\n<\/tbody>\n<\/table>\n\t\t\t\t<\/div>\n\t\t\t\t<div class=\"elementor-element elementor-element-4aedccb elementor-widget elementor-widget-heading\" data-id=\"4aedccb\" data-element_type=\"widget\" data-widget_type=\"heading.default\">\n\t\t\t\t<div class=\"elementor-widget-container\">\n\t\t\t\t\t<h2 class=\"elementor-heading-title elementor-size-default\">Dispositifs de s\u00e9curit\u00e9 multicouches int\u00e9gr\u00e9s<\/h2>\t\t\t\t<\/div>\n\t\t\t\t<\/div>\n\t\t\t\t<div class=\"elementor-element elementor-element-ed497b1 elementor-widget elementor-widget-text-editor\" data-id=\"ed497b1\" data-element_type=\"widget\" data-widget_type=\"text-editor.default\">\n\t\t\t\t<div class=\"elementor-widget-container\">\n\t\t\t\t\t\t\t\t\t<p>Con\u00e7u pour les propri\u00e9taires de BMW EV, le chargeur comprend des protections robustes pour prot\u00e9ger votre v\u00e9hicule :<\/p><ul><li>Protection contre les surtensions et les sous-tensions<\/li><li>Limitation de surintensit\u00e9<\/li><li>Protection contre les courants de fuite<\/li><\/ul>\t\t\t\t\t\t\t\t<\/div>\n\t\t\t\t<\/div>\n\t\t\t\t<div class=\"elementor-element elementor-element-ecabdd2 elementor-widget elementor-widget-heading\" data-id=\"ecabdd2\" data-element_type=\"widget\" data-widget_type=\"heading.default\">\n\t\t\t\t<div class=\"elementor-widget-container\">\n\t\t\t\t\t<h2 class=\"elementor-heading-title elementor-size-default\">Recharge sans effort et s\u00e9curis\u00e9e pour les VE BMW<\/h2>\t\t\t\t<\/div>\n\t\t\t\t<\/div>\n\t\t\t\t<div class=\"elementor-element elementor-element-b003b34 elementor-widget elementor-widget-text-editor\" data-id=\"b003b34\" data-element_type=\"widget\" data-widget_type=\"text-editor.default\">\n\t\t\t\t<div class=\"elementor-widget-container\">\n\t\t\t\t\t\t\t\t\t<p>Il suffit de connecter la station de recharge Series 7-22kW \u00e0 votre BMW EV pour qu'elle commence automatiquement \u00e0 fournir de l'\u00e9nergie, en s'adaptant aux besoins sp\u00e9cifiques de votre v\u00e9hicule. Le syst\u00e8me intelligent int\u00e9gr\u00e9 se synchronise avec l'application \"Homelife\", permettant aux propri\u00e9taires de BMW de contr\u00f4ler \u00e0 distance, de programmer ou de mettre en pause les sessions de charge, garantissant ainsi la commodit\u00e9 et la performance optimale de la batterie avec un minimum d'effort.<\/p>\t\t\t\t\t\t\t\t<\/div>\n\t\t\t\t<\/div>\n\t\t\t\t<div class=\"elementor-element elementor-element-4ab37f3 elementor-widget elementor-widget-heading\" data-id=\"4ab37f3\" data-element_type=\"widget\" data-widget_type=\"heading.default\">\n\t\t\t\t<div class=\"elementor-widget-container\">\n\t\t\t\t\t<h2 class=\"elementor-heading-title elementor-size-default\">Installation rapide et fonctionnement fiable pour les propri\u00e9taires de BMW<\/h2>\t\t\t\t<\/div>\n\t\t\t\t<\/div>\n\t\t\t\t<div class=\"elementor-element elementor-element-3099ee4 elementor-widget elementor-widget-text-editor\" data-id=\"3099ee4\" data-element_type=\"widget\" data-widget_type=\"text-editor.default\">\n\t\t\t\t<div class=\"elementor-widget-container\">\n\t\t\t\t\t\t\t\t\t<p>Nos stations de recharge de la s\u00e9rie 7-22kW sont con\u00e7ues pour une installation rapide et sans souci, parfaite pour les passionn\u00e9s de BMW. Qu'il s'agisse d'un montage mural dans votre garage ou d'une installation sur socle \u00e0 l'ext\u00e9rieur, son bo\u00eetier r\u00e9sistant aux intemp\u00e9ries et conforme \u00e0 la norme IP55 garantit la durabilit\u00e9 sans compromettre l'efficacit\u00e9 de la charge, ce qui en fait un choix id\u00e9al pour la charge quotidienne des VE BMW.<\/p>\t\t\t\t\t\t\t\t<\/div>\n\t\t\t\t<\/div>\n\t\t\t\t<div class=\"elementor-element elementor-element-10d4d85 elementor-widget elementor-widget-heading\" data-id=\"10d4d85\" data-element_type=\"widget\" data-widget_type=\"heading.default\">\n\t\t\t\t<div class=\"elementor-widget-container\">\n\t\t\t\t\t<h2 class=\"elementor-heading-title elementor-size-default\">Pourquoi choisir une station de recharge de la s\u00e9rie 7-22kW pour les BMW EV ?<\/h2>\t\t\t\t<\/div>\n\t\t\t\t<\/div>\n\t\t\t\t<div class=\"elementor-element elementor-element-b8faed9 elementor-widget elementor-widget-text-editor\" data-id=\"b8faed9\" data-element_type=\"widget\" data-widget_type=\"text-editor.default\">\n\t\t\t\t<div class=\"elementor-widget-container\">\n\t\t\t\t\t\t\t\t\t<ul><li><b><\/b><strong>S\u00e9curit\u00e9 certifi\u00e9e des stations de recharge<\/strong>: Des protections compl\u00e8tes garantissent une recharge s\u00fbre et fiable pour les syst\u00e8mes EV sophistiqu\u00e9s de BMW.<\/li><li><b><\/b><strong><b>Design minimaliste, compatible avec BMW<\/b><\/strong>: Le fonctionnement sans \u00e9cran s'int\u00e8gre parfaitement \u00e0 l'esth\u00e9tique \u00e9pur\u00e9e de BMW, parfait pour la recharge \u00e0 domicile.<\/li><li><b><\/b><strong><b>Connectivit\u00e9 intelligente<\/b><\/strong>: L'application \"Homelife\" compl\u00e8te BMW ConnectedDrive, en offrant une commande \u00e0 distance et une optimisation de la charge.<\/li><\/ul>\t\t\t\t\t\t\t\t<\/div>\n\t\t\t\t<\/div>\n\t\t\t\t<div class=\"elementor-element elementor-element-63435266 elementor-widget__width-inherit elementor-widget elementor-widget-heading\" data-id=\"63435266\" data-element_type=\"widget\" data-widget_type=\"heading.default\">\n\t\t\t\t<div class=\"elementor-widget-container\">\n\t\t\t\t\t<h2 class=\"elementor-heading-title elementor-size-default\">FAQ<\/h2>\t\t\t\t<\/div>\n\t\t\t\t<\/div>\n\t\t\t\t<div class=\"elementor-element elementor-element-30d54b36 elementor-widget elementor-widget-n-accordion\" data-id=\"30d54b36\" data-element_type=\"widget\" data-settings=\"{&quot;default_state&quot;:&quot;expanded&quot;,&quot;max_items_expended&quot;:&quot;one&quot;,&quot;n_accordion_animation_duration&quot;:{&quot;unit&quot;:&quot;ms&quot;,&quot;size&quot;:400,&quot;sizes&quot;:[]}}\" data-widget_type=\"nested-accordion.default\">\n\t\t\t\t<div class=\"elementor-widget-container\">\n\t\t\t\t\t\t\t<div class=\"e-n-accordion\" aria-label=\"Accord\u00e9on. Ouvrez les liens avec Enter ou Space, fermez-les avec Escape et naviguez avec les touches fl\u00e9ch\u00e9es.\">\n\t\t\t\t\t\t<details id=\"e-n-accordion-item-8190\" class=\"e-n-accordion-item\" open>\n\t\t\t\t<summary class=\"e-n-accordion-item-title\" data-accordion-index=\"1\" tabindex=\"0\" aria-expanded=\"true\" aria-controls=\"e-n-accordion-item-8190\" >\n\t\t\t\t\t<span class='e-n-accordion-item-title-header'><div class=\"e-n-accordion-item-title-text\"> Combien de temps faut-il \u00e0 une station de recharge de la s\u00e9rie 7-22kW pour recharger une BMW EV avec les chargeurs Mekel ? <\/div><\/span>\n\t\t\t\t\t\t\t<span class='e-n-accordion-item-title-icon'>\n\t\t\t<span class='e-opened' ><svg aria-hidden=\"true\" class=\"e-font-icon-svg e-fas-minus\" viewbox=\"0 0 448 512\" xmlns=\"http:\/\/www.w3.org\/2000\/svg\"><path d=\"M416 208H32c-17.67 0-32 14.33-32 32v32c0 17.67 14.33 32 32 32h384c17.67 0 32-14.33 32-32v-32c0-17.67-14.33-32-32-32z\"><\/path><\/svg><\/span>\n\t\t\t<span class='e-closed'><svg aria-hidden=\"true\" class=\"e-font-icon-svg e-fas-plus\" viewbox=\"0 0 448 512\" xmlns=\"http:\/\/www.w3.org\/2000\/svg\"><path d=\"M416 208H272V64c0-17.67-14.33-32-32-32h-32c-17.67 0-32 14.33-32 32v144H32c-17.67 0-32 14.33-32 32v32c0 17.67 14.33 32 32 32h144v144c0 17.67 14.33 32 32 32h32c17.67 0 32-14.33 32-32V304h144c17.67 0 32-14.33 32-32v-32c0-17.67-14.33-32-32-32z\"><\/path><\/svg><\/span>\n\t\t<\/span>\n\n\t\t\t\t\t\t<\/summary>\n\t\t\t\t<div role=\"region\" aria-labelledby=\"e-n-accordion-item-8190\" class=\"elementor-element elementor-element-1764f8f1 e-con-full e-flex e-con e-child\" data-id=\"1764f8f1\" data-element_type=\"container\">\n\t\t\t\t<div class=\"elementor-element elementor-element-11ea3029 elementor-widget__width-inherit elementor-widget elementor-widget-text-editor\" data-id=\"11ea3029\" data-element_type=\"widget\" data-widget_type=\"text-editor.default\">\n\t\t\t\t<div class=\"elementor-widget-container\">\n\t\t\t\t\t\t\t\t\t<p>La station de recharge de la s\u00e9rie 7-22kW pour les VE BMW recharge compl\u00e8tement les VE BMW, comme l'i4 ou l'iX, en environ 8 heures, ce qui la rend id\u00e9ale pour la recharge de nuit chez les particuliers ou dans les complexes d'appartements.<\/p>\t\t\t\t\t\t\t\t<\/div>\n\t\t\t\t<\/div>\n\t\t\t\t<\/div>\n\t\t\t\t\t<\/details>\n\t\t\t\t\t\t<details id=\"e-n-accordion-item-8191\" class=\"e-n-accordion-item\" >\n\t\t\t\t<summary class=\"e-n-accordion-item-title\" data-accordion-index=\"2\" tabindex=\"-1\" aria-expanded=\"false\" aria-controls=\"e-n-accordion-item-8191\" >\n\t\t\t\t\t<span class='e-n-accordion-item-title-header'><div class=\"e-n-accordion-item-title-text\"> Comment choisir entre le chargeur de base et le chargeur intelligent pour ma BMW EV ? <\/div><\/span>\n\t\t\t\t\t\t\t<span class='e-n-accordion-item-title-icon'>\n\t\t\t<span class='e-opened' ><svg aria-hidden=\"true\" class=\"e-font-icon-svg e-fas-minus\" viewbox=\"0 0 448 512\" xmlns=\"http:\/\/www.w3.org\/2000\/svg\"><path d=\"M416 208H32c-17.67 0-32 14.33-32 32v32c0 17.67 14.33 32 32 32h384c17.67 0 32-14.33 32-32v-32c0-17.67-14.33-32-32-32z\"><\/path><\/svg><\/span>\n\t\t\t<span class='e-closed'><svg aria-hidden=\"true\" class=\"e-font-icon-svg e-fas-plus\" viewbox=\"0 0 448 512\" xmlns=\"http:\/\/www.w3.org\/2000\/svg\"><path d=\"M416 208H272V64c0-17.67-14.33-32-32-32h-32c-17.67 0-32 14.33-32 32v144H32c-17.67 0-32 14.33-32 32v32c0 17.67 14.33 32 32 32h144v144c0 17.67 14.33 32 32 32h32c17.67 0 32-14.33 32-32V304h144c17.67 0 32-14.33 32-32v-32c0-17.67-14.33-32-32-32z\"><\/path><\/svg><\/span>\n\t\t<\/span>\n\n\t\t\t\t\t\t<\/summary>\n\t\t\t\t<div role=\"region\" aria-labelledby=\"e-n-accordion-item-8191\" class=\"elementor-element elementor-element-6d6b92a e-con-full e-flex e-con e-child\" data-id=\"6d6b92a\" data-element_type=\"container\">\n\t\t\t\t<div class=\"elementor-element elementor-element-12066cb6 elementor-widget__width-inherit elementor-widget elementor-widget-text-editor\" data-id=\"12066cb6\" data-element_type=\"widget\" data-widget_type=\"text-editor.default\">\n\t\t\t\t<div class=\"elementor-widget-container\">\n\t\t\t\t\t\t\t\t\t<p>Les mod\u00e8les de base conviennent aux propri\u00e9taires de BMW dans les r\u00e9gions o\u00f9 les tarifs d'\u00e9lectricit\u00e9 sont constants, offrant une fonctionnalit\u00e9 plug-and-play simple. Les chargeurs intelligents offrent des fonctionnalit\u00e9s avanc\u00e9es telles que le suivi de l'\u00e9nergie, le contr\u00f4le \u00e0 distance via l'application \"Homelife\" et la programmation des heures creuses, ce qui est id\u00e9al pour les conducteurs de BMW \u00e0 la recherche d'un meilleur contr\u00f4le ou pour les applications commerciales.<\/p>\t\t\t\t\t\t\t\t<\/div>\n\t\t\t\t<\/div>\n\t\t\t\t<\/div>\n\t\t\t\t\t<\/details>\n\t\t\t\t\t\t<details id=\"e-n-accordion-item-8192\" class=\"e-n-accordion-item\" >\n\t\t\t\t<summary class=\"e-n-accordion-item-title\" data-accordion-index=\"3\" tabindex=\"-1\" aria-expanded=\"false\" aria-controls=\"e-n-accordion-item-8192\" >\n\t\t\t\t\t<span class='e-n-accordion-item-title-header'><div class=\"e-n-accordion-item-title-text\">  Les bornes de recharge Mekel 7-22kW sont-elles adapt\u00e9es \u00e0 l'utilisation quotidienne d'une BMW EV ? <\/div><\/span>\n\t\t\t\t\t\t\t<span class='e-n-accordion-item-title-icon'>\n\t\t\t<span class='e-opened' ><svg aria-hidden=\"true\" class=\"e-font-icon-svg e-fas-minus\" viewbox=\"0 0 448 512\" xmlns=\"http:\/\/www.w3.org\/2000\/svg\"><path d=\"M416 208H32c-17.67 0-32 14.33-32 32v32c0 17.67 14.33 32 32 32h384c17.67 0 32-14.33 32-32v-32c0-17.67-14.33-32-32-32z\"><\/path><\/svg><\/span>\n\t\t\t<span class='e-closed'><svg aria-hidden=\"true\" class=\"e-font-icon-svg e-fas-plus\" viewbox=\"0 0 448 512\" xmlns=\"http:\/\/www.w3.org\/2000\/svg\"><path d=\"M416 208H272V64c0-17.67-14.33-32-32-32h-32c-17.67 0-32 14.33-32 32v144H32c-17.67 0-32 14.33-32 32v32c0 17.67 14.33 32 32 32h144v144c0 17.67 14.33 32 32 32h32c17.67 0 32-14.33 32-32V304h144c17.67 0 32-14.33 32-32v-32c0-17.67-14.33-32-32-32z\"><\/path><\/svg><\/span>\n\t\t<\/span>\n\n\t\t\t\t\t\t<\/summary>\n\t\t\t\t<div role=\"region\" aria-labelledby=\"e-n-accordion-item-8192\" class=\"elementor-element elementor-element-7671a948 e-con-full e-flex e-con e-child\" data-id=\"7671a948\" data-element_type=\"container\">\n\t\t\t\t<div class=\"elementor-element elementor-element-100dc179 elementor-widget__width-inherit elementor-widget elementor-widget-text-editor\" data-id=\"100dc179\" data-element_type=\"widget\" data-widget_type=\"text-editor.default\">\n\t\t\t\t<div class=\"elementor-widget-container\">\n\t\t\t\t\t\t\t\t\t<p>Oui, les stations de charge Mekel 7-22kW pour BMW EV sont con\u00e7ues pour durer et permettre une charge quotidienne r\u00e9guli\u00e8re des BMW EV, \u00e0 condition que votre syst\u00e8me \u00e9lectrique soit correctement configur\u00e9 et install\u00e9.<\/p>\t\t\t\t\t\t\t\t<\/div>\n\t\t\t\t<\/div>\n\t\t\t\t<\/div>\n\t\t\t\t\t<\/details>\n\t\t\t\t\t<\/div>\n\t\t\t\t\t\t<\/div>\n\t\t\t\t<\/div>\n\t\t\t\t\t<\/div>\n\t\t\t\t<\/div>\n\t\t\t\t<\/div>","protected":false},"excerpt":{"rendered":"<p>Safe, Efficient &amp; Tailored for BMW EVs Compact and Reliable Charging for BMW Owners in Homes and Residential Complexes: Mekel\u2019s 7-22kW Series Charging Station for BMW EV is a sleek, high-performance solution crafted for seamless compatibility with BMW electric vehicles, including models like the i4, iX, i7, and iX2. Designed for home garages, apartment complexes, [&hellip;]<\/p>","protected":false},"author":5,"featured_media":6081,"menu_order":0,"template":"","format":"standard","meta":{"_acf_changed":false,"site-sidebar-layout":"no-sidebar","site-content-layout":"page-builder","ast-site-content-layout":"full-width-container","site-content-style":"default","site-sidebar-style":"default","ast-global-header-display":"","ast-banner-title-visibility":"","ast-main-header-display":"","ast-hfb-above-header-display":"","ast-hfb-below-header-display":"","ast-hfb-mobile-header-display":"","site-post-title":"disabled","ast-breadcrumbs-content":"","ast-featured-img":"disabled","footer-sml-layout":"","ast-disable-related-posts":"","theme-transparent-header-meta":"","adv-header-id-meta":"","stick-header-meta":"","header-above-stick-meta":"","header-main-stick-meta":"","header-below-stick-meta":"","astra-migrate-meta-layouts":"set","ast-page-background-enabled":"default","ast-page-background-meta":{"desktop":{"background-color":"","background-image":"","background-repeat":"repeat","background-position":"center center","background-size":"auto","background-attachment":"scroll","background-type":"","background-media":"","overlay-type":"","overlay-color":"","overlay-opacity":"","overlay-gradient":""},"tablet":{"background-color":"","background-image":"","background-repeat":"repeat","background-position":"center center","background-size":"auto","background-attachment":"scroll","background-type":"","background-media":"","overlay-type":"","overlay-color":"","overlay-opacity":"","overlay-gradient":""},"mobile":{"background-color":"","background-image":"","background-repeat":"repeat","background-position":"center center","background-size":"auto","background-attachment":"scroll","background-type":"","background-media":"","overlay-type":"","overlay-color":"","overlay-opacity":"","overlay-gradient":""}},"ast-content-background-meta":{"desktop":{"background-color":"var(--ast-global-color-5)","background-image":"","background-repeat":"repeat","background-position":"center center","background-size":"auto","background-attachment":"scroll","background-type":"","background-media":"","overlay-type":"","overlay-color":"","overlay-opacity":"","overlay-gradient":""},"tablet":{"background-color":"var(--ast-global-color-5)","background-image":"","background-repeat":"repeat","background-position":"center center","background-size":"auto","background-attachment":"scroll","background-type":"","background-media":"","overlay-type":"","overlay-color":"","overlay-opacity":"","overlay-gradient":""},"mobile":{"background-color":"var(--ast-global-color-5)","background-image":"","background-repeat":"repeat","background-position":"center center","background-size":"auto","background-attachment":"scroll","background-type":"","background-media":"","overlay-type":"","overlay-color":"","overlay-opacity":"","overlay-gradient":""}},"footnotes":""},"product-category":[128,86],"product-tag":[],"class_list":["post-6076","product","type-product","status-publish","format-standard","has-post-thumbnail","hentry","product-category-bmw-charger","product-category-charging-stations"],"acf":[],"_links":{"self":[{"href":"https:\/\/www.mekeltech.com\/fr\/wp-json\/wp\/v2\/product\/6076","targetHints":{"allow":["GET"]}}],"collection":[{"href":"https:\/\/www.mekeltech.com\/fr\/wp-json\/wp\/v2\/product"}],"about":[{"href":"https:\/\/www.mekeltech.com\/fr\/wp-json\/wp\/v2\/types\/product"}],"author":[{"embeddable":true,"href":"https:\/\/www.mekeltech.com\/fr\/wp-json\/wp\/v2\/users\/5"}],"version-history":[{"count":35,"href":"https:\/\/www.mekeltech.com\/fr\/wp-json\/wp\/v2\/product\/6076\/revisions"}],"predecessor-version":[{"id":7150,"href":"https:\/\/www.mekeltech.com\/fr\/wp-json\/wp\/v2\/product\/6076\/revisions\/7150"}],"wp:featuredmedia":[{"embeddable":true,"href":"https:\/\/www.mekeltech.com\/fr\/wp-json\/wp\/v2\/media\/6081"}],"wp:attachment":[{"href":"https:\/\/www.mekeltech.com\/fr\/wp-json\/wp\/v2\/media?parent=6076"}],"wp:term":[{"taxonomy":"product-category","embeddable":true,"href":"https:\/\/www.mekeltech.com\/fr\/wp-json\/wp\/v2\/product-category?post=6076"},{"taxonomy":"product-tag","embeddable":true,"href":"https:\/\/www.mekeltech.com\/fr\/wp-json\/wp\/v2\/product-tag?post=6076"}],"curies":[{"name":"wp","href":"https:\/\/api.w.org\/{rel}","templated":true}]}}