{"id":5322,"date":"2025-07-20T17:03:39","date_gmt":"2025-07-20T09:03:39","guid":{"rendered":"https:\/\/www.mekeltech.com\/?post_type=product&#038;p=5322"},"modified":"2025-11-07T11:30:03","modified_gmt":"2025-11-07T03:30:03","slug":"7kw-bolt-series-ev-charging-station","status":"publish","type":"product","link":"https:\/\/www.mekeltech.com\/fr\/product\/7kw-bolt-series-ev-charging-station\/","title":{"rendered":"Station de charge pour VE de la s\u00e9rie Bolt 7kW AC"},"content":{"rendered":"<div data-elementor-type=\"wp-post\" data-elementor-id=\"5322\" class=\"elementor elementor-5322\" data-elementor-post-type=\"product\">\n\t\t\t\t<div class=\"elementor-element elementor-element-4c283dd6 e-flex e-con-boxed e-con e-parent\" data-id=\"4c283dd6\" data-element_type=\"container\">\n\t\t\t\t\t<div class=\"e-con-inner\">\n\t\t\t\t<div class=\"elementor-element elementor-element-9bd4d94 elementor-widget elementor-widget-heading\" data-id=\"9bd4d94\" data-element_type=\"widget\" data-widget_type=\"heading.default\">\n\t\t\t\t<div class=\"elementor-widget-container\">\n\t\t\t\t\t<h2 class=\"elementor-heading-title elementor-size-default\">Introduction \u00e0 la station de recharge pour VE de la s\u00e9rie Bolt 7kW AC<\/h2>\t\t\t\t<\/div>\n\t\t\t\t<\/div>\n\t\t\t\t<div class=\"elementor-element elementor-element-59ea24b elementor-widget elementor-widget-text-editor\" data-id=\"59ea24b\" data-element_type=\"widget\" data-widget_type=\"text-editor.default\">\n\t\t\t\t<div class=\"elementor-widget-container\">\n\t\t\t\t\t\t\t\t\t<p>La station de recharge pour VE de la s\u00e9rie Bolt de 7 kW est con\u00e7ue pour les conducteurs qui recherchent une solution fiable, efficace et conviviale pour la recharge des VE r\u00e9sidentiels et des VE commerciaux l\u00e9gers. Ce chargeur compact de VE \u00e0 courant alternatif combine des performances \u00e9lev\u00e9es avec une connectivit\u00e9 intelligente, offrant une int\u00e9gration transparente dans les garages r\u00e9sidentiels, les complexes d'appartements et les installations de petites entreprises. Gr\u00e2ce \u00e0 ses options d'installation murale ou sur socle, il s'adapte \u00e0 toutes les configurations. Con\u00e7ue pour la durabilit\u00e9 et la s\u00e9curit\u00e9, la s\u00e9rie Bolt offre des performances de charge constantes pour une large gamme de v\u00e9hicules \u00e9lectriques, ce qui en fait le choix id\u00e9al pour une charge quotidienne durable et sans souci.<\/p>\t\t\t\t\t\t\t\t<\/div>\n\t\t\t\t<\/div>\n\t\t\t\t<div class=\"elementor-element elementor-element-27ddf955 elementor-widget__width-inherit elementor-widget elementor-widget-heading\" data-id=\"27ddf955\" data-element_type=\"widget\" data-widget_type=\"heading.default\">\n\t\t\t\t<div class=\"elementor-widget-container\">\n\t\t\t\t\t<h2 class=\"elementor-heading-title elementor-size-default\">Borne de recharge pour VE de la s\u00e9rie Bolt 7kW pour une utilisation r\u00e9sidentielle et commerciale l\u00e9g\u00e8re<\/h2>\t\t\t\t<\/div>\n\t\t\t\t<\/div>\n\t\t\t\t<div class=\"elementor-element elementor-element-7a01444a elementor-widget elementor-widget-text-editor\" data-id=\"7a01444a\" data-element_type=\"widget\" data-widget_type=\"text-editor.default\">\n\t\t\t\t<div class=\"elementor-widget-container\">\n\t\t\t\t\t\t\t\t\t<p>Cette station de recharge pour VE de 7 kW de la s\u00e9rie Bolt est un chargeur de VE puissant mais compact, con\u00e7u pour la recharge de VE \u00e0 domicile et les applications commerciales l\u00e9g\u00e8res. \u00c9quip\u00e9e de connecteurs de type 2 (NACS et GBT \u00e9galement disponibles) et conforme aux normes IEC 61851-1 et IEC 62196-2, elle garantit des performances de charge et une s\u00e9curit\u00e9 fiables sur les march\u00e9s mondiaux. La station de recharge pour VE de la s\u00e9rie Bolt de 7 kW pour une utilisation r\u00e9sidentielle et commerciale l\u00e9g\u00e8re est con\u00e7ue pour r\u00e9pondre aux besoins des utilisateurs quotidiens, fournissant une alimentation stable pour divers mod\u00e8les de v\u00e9hicules \u00e9lectriques tout en conservant un design \u00e9l\u00e9gant et peu encombrant.<\/p>\t\t\t\t\t\t\t\t<\/div>\n\t\t\t\t<\/div>\n\t\t\t\t<div class=\"elementor-element elementor-element-de8f08d elementor-widget__width-initial elementor-widget elementor-widget-image\" data-id=\"de8f08d\" data-element_type=\"widget\" data-widget_type=\"image.default\">\n\t\t\t\t<div class=\"elementor-widget-container\">\n\t\t\t\t\t\t\t\t\t\t\t\t\t\t\t<img fetchpriority=\"high\" decoding=\"async\" width=\"2560\" height=\"2560\" src=\"https:\/\/www.mekeltech.com\/wp-content\/uploads\/2025\/07\/Features-scaled.webp\" class=\"attachment-full size-full wp-image-5293\" alt=\"Couleurs de la station de recharge 7kW Bolt Series\" srcset=\"https:\/\/www.mekeltech.com\/wp-content\/uploads\/2025\/07\/Features-scaled.webp 2560w, https:\/\/www.mekeltech.com\/wp-content\/uploads\/2025\/07\/Features-300x300.webp 300w, https:\/\/www.mekeltech.com\/wp-content\/uploads\/2025\/07\/Features-1024x1024.webp 1024w, https:\/\/www.mekeltech.com\/wp-content\/uploads\/2025\/07\/Features-150x150.webp 150w, https:\/\/www.mekeltech.com\/wp-content\/uploads\/2025\/07\/Features-768x768.webp 768w, https:\/\/www.mekeltech.com\/wp-content\/uploads\/2025\/07\/Features-1536x1536.webp 1536w, https:\/\/www.mekeltech.com\/wp-content\/uploads\/2025\/07\/Features-2048x2048.webp 2048w, https:\/\/www.mekeltech.com\/wp-content\/uploads\/2025\/07\/Features-12x12.webp 12w\" sizes=\"(max-width: 2560px) 100vw, 2560px\" \/>\t\t\t\t\t\t\t\t\t\t\t\t\t\t\t<\/div>\n\t\t\t\t<\/div>\n\t\t\t\t<div class=\"elementor-element elementor-element-5bbeaee7 elementor-widget__width-inherit elementor-widget elementor-widget-heading\" data-id=\"5bbeaee7\" data-element_type=\"widget\" data-widget_type=\"heading.default\">\n\t\t\t\t<div class=\"elementor-widget-container\">\n\t\t\t\t\t<h2 class=\"elementor-heading-title elementor-size-default\">Principales sp\u00e9cifications techniques <span>Station de recharge pour VE de la s\u00e9rie Bolt 7kW<\/span><span><\/span><br><\/h2>\t\t\t\t<\/div>\n\t\t\t\t<\/div>\n\t\t\t\t<div class=\"elementor-element elementor-element-6ed10e9 elementor-widget__width-inherit elementor-widget elementor-widget-shortcode\" data-id=\"6ed10e9\" data-element_type=\"widget\" data-widget_type=\"shortcode.default\">\n\t\t\t\t<div class=\"elementor-widget-container\">\n\t\t\t\t\t\t\t<div class=\"elementor-shortcode\">\n<table id=\"tablepress-16\" class=\"tablepress tablepress-id-16\">\n<tbody class=\"row-striping row-hover\">\n<tr class=\"row-1\">\n\t<td class=\"column-1\"><b>Tension d'entr\u00e9e\/sortie<\/b><\/td><td class=\"column-2\">230Vac \u00b115%<\/td>\n<\/tr>\n<tr class=\"row-2\">\n\t<td class=\"column-1\"><b>Courant de charge maximal<\/b><\/td><td class=\"column-2\">32A<\/td>\n<\/tr>\n<tr class=\"row-3\">\n\t<td class=\"column-1\"><b>Fr\u00e9quence de fonctionnement<\/b><\/td><td class=\"column-2\">50Hz<\/td>\n<\/tr>\n<tr class=\"row-4\">\n\t<td class=\"column-1\"><b>Plage de temp\u00e9rature de fonctionnement<\/b><\/td><td class=\"column-2\">De -25\u00b0C \u00e0 +50\u00b0C<\/td>\n<\/tr>\n<tr class=\"row-5\">\n\t<td class=\"column-1\"><b>Plage de temp\u00e9rature de stockage<\/b><\/td><td class=\"column-2\">-40\u00b0C \u00e0 +60\u00b0C<\/td>\n<\/tr>\n<tr class=\"row-6\">\n\t<td class=\"column-1\"><b>Classification de l'enceinte<\/b><\/td><td class=\"column-2\">IP65 (\u00e9tanche \u00e0 la poussi\u00e8re et prot\u00e9g\u00e9 contre les jets d'eau)<\/td>\n<\/tr>\n<tr class=\"row-7\">\n\t<td class=\"column-1\"><b>Installation<\/b><\/td><td class=\"column-2\">Installation flexible au mur ou sur socle<\/td>\n<\/tr>\n<tr class=\"row-8\">\n\t<td class=\"column-1\"><b>Dimensions<\/b><\/td><td class=\"column-2\">186 mm x 354 mm x 111 mm<\/td>\n<\/tr>\n<tr class=\"row-9\">\n\t<td class=\"column-1\"><b>Communication<\/b><\/td><td class=\"column-2\">HCI Bluetooth \/ Wi-Fi \/ 4G<\/td>\n<\/tr>\n<tr class=\"row-10\">\n\t<td class=\"column-1\"><b>Certification<\/b><\/td><td class=\"column-2\">Conformit\u00e9 CE<\/td>\n<\/tr>\n<\/tbody>\n<\/table>\n<\/div>\n\t\t\t\t\t\t<\/div>\n\t\t\t\t<\/div>\n\t\t\t\t<div class=\"elementor-element elementor-element-1f68b3b1 elementor-widget__width-inherit elementor-widget elementor-widget-heading\" data-id=\"1f68b3b1\" data-element_type=\"widget\" data-widget_type=\"heading.default\">\n\t\t\t\t<div class=\"elementor-widget-container\">\n\t\t\t\t\t<h2 class=\"elementor-heading-title elementor-size-default\">Dispositifs de s\u00e9curit\u00e9 multicouches int\u00e9gr\u00e9s<\/h2>\t\t\t\t<\/div>\n\t\t\t\t<\/div>\n\t\t\t\t<div class=\"elementor-element elementor-element-fdade0c elementor-widget elementor-widget-text-editor\" data-id=\"fdade0c\" data-element_type=\"widget\" data-widget_type=\"text-editor.default\">\n\t\t\t\t<div class=\"elementor-widget-container\">\n\t\t\t\t\t\t\t\t\t<p data-start=\"2973\" data-end=\"3100\">Le chargeur 7kW Bolt Series EV int\u00e8gre de multiples protections de s\u00e9curit\u00e9 pour assurer une charge stable et s\u00e9curis\u00e9e \u00e0 chaque fois :<\/p><ul><li data-start=\"3103\" data-end=\"3134\">Protection contre les surtensions et les sous-tensions<\/li><li data-start=\"3137\" data-end=\"3159\">Limitation de la surintensit\u00e9<\/li><li data-start=\"3162\" data-end=\"3231\">Contr\u00f4le de la temp\u00e9rature en temps r\u00e9el avec coupure et r\u00e9cup\u00e9ration automatiques<\/li><li data-start=\"3234\" data-end=\"3262\">Protection contre les courants de fuite<\/li><li data-start=\"3265\" data-end=\"3295\">Relais de liaison du circuit de s\u00e9curit\u00e9<\/li><li data-start=\"3298\" data-end=\"3340\">Bouton d'arr\u00eat d'urgence pour un arr\u00eat rapide<\/li><\/ul><p data-start=\"3342\" data-end=\"3438\">Ces caract\u00e9ristiques en font l'une des stations de recharge pour VE les plus fiables pour une utilisation quotidienne.<\/p>\t\t\t\t\t\t\t\t<\/div>\n\t\t\t\t<\/div>\n\t\t\t\t<div class=\"elementor-element elementor-element-3914d2e3 elementor-widget__width-inherit elementor-widget elementor-widget-heading\" data-id=\"3914d2e3\" data-element_type=\"widget\" data-widget_type=\"heading.default\">\n\t\t\t\t<div class=\"elementor-widget-container\">\n\t\t\t\t\t<h2 class=\"elementor-heading-title elementor-size-default\">Modes de fonctionnement intelligents <\/h2>\t\t\t\t<\/div>\n\t\t\t\t<\/div>\n\t\t\t\t<div class=\"elementor-element elementor-element-68287f7f elementor-widget elementor-widget-text-editor\" data-id=\"68287f7f\" data-element_type=\"widget\" data-widget_type=\"text-editor.default\">\n\t\t\t\t<div class=\"elementor-widget-container\">\n\t\t\t\t\t\t\t\t\t<p data-start=\"3479\" data-end=\"3777\">La station de recharge pour VE de la s\u00e9rie Bolt 7kW prend en charge plusieurs options d'initiation de la charge, notamment le contr\u00f4le par application mobile et l'authentification RFID. La supervision de la temp\u00e9rature en temps r\u00e9el et la sortie de courant adaptative garantissent l'efficacit\u00e9 et la s\u00e9curit\u00e9. Des indicateurs LED clairs affichent l'\u00e9tat de charge en un coup d'\u0153il :<\/p><ul><li data-start=\"3780\" data-end=\"3799\">Au repos : Vert fixe<\/li><li data-start=\"3802\" data-end=\"3827\">Branchement : Vert clignotant<\/li><li data-start=\"3830\" data-end=\"3855\">Chargement : Bleu clignotant<\/li><li data-start=\"3858\" data-end=\"3880\">Complet : Solide bleu<\/li><li data-start=\"3883\" data-end=\"3926\">Erreur : Clignotement rouge avec codes de diagnostic<\/li><\/ul>\t\t\t\t\t\t\t\t<\/div>\n\t\t\t\t<\/div>\n\t\t\t\t<div class=\"elementor-element elementor-element-2cfbc15a elementor-widget__width-inherit elementor-widget elementor-widget-heading\" data-id=\"2cfbc15a\" data-element_type=\"widget\" data-widget_type=\"heading.default\">\n\t\t\t\t<div class=\"elementor-widget-container\">\n\t\t\t\t\t<h2 class=\"elementor-heading-title elementor-size-default\">Processus de chargement simple et s\u00fbr <span>Station de recharge pour VE de la s\u00e9rie Bolt 7kW<\/span><span><\/span><br><\/h2>\t\t\t\t<\/div>\n\t\t\t\t<\/div>\n\t\t\t\t<div class=\"elementor-element elementor-element-731a2499 elementor-widget elementor-widget-text-editor\" data-id=\"731a2499\" data-element_type=\"widget\" data-widget_type=\"text-editor.default\">\n\t\t\t\t<div class=\"elementor-widget-container\">\n\t\t\t\t\t\t\t\t\t<p>Une fois connect\u00e9e \u00e0 votre v\u00e9hicule \u00e9lectrique, la station de recharge pour VE de la s\u00e9rie Bolt de 7 kW commence automatiquement \u00e0 fournir de l'\u00e9nergie. Les utilisateurs peuvent surveiller, mettre en pause ou arr\u00eater la charge \u00e0 distance \u00e0 l'aide d'une application compatible, ce qui r\u00e9duit les manipulations manuelles et am\u00e9liore la commodit\u00e9.<\/p>\t\t\t\t\t\t\t\t<\/div>\n\t\t\t\t<\/div>\n\t\t\t\t<div class=\"elementor-element elementor-element-b6120fa elementor-widget__width-inherit elementor-widget elementor-widget-heading\" data-id=\"b6120fa\" data-element_type=\"widget\" data-widget_type=\"heading.default\">\n\t\t\t\t<div class=\"elementor-widget-container\">\n\t\t\t\t\t<h2 class=\"elementor-heading-title elementor-size-default\">Installation et fonctionnement <span>- Branchement et alimentation<\/span><span><\/span><br><\/h2>\t\t\t\t<\/div>\n\t\t\t\t<\/div>\n\t\t\t\t<div class=\"elementor-element elementor-element-eb00a85 elementor-widget elementor-widget-text-editor\" data-id=\"eb00a85\" data-element_type=\"widget\" data-widget_type=\"text-editor.default\">\n\t\t\t\t<div class=\"elementor-widget-container\">\n\t\t\t\t\t\t\t\t\t<p data-start=\"4269\" data-end=\"4510\">La station de recharge pour VE de la s\u00e9rie Bolt 7kW est con\u00e7ue pour une installation simple et rapide. Qu'il s'agisse d'un montage mural ou sur socle, son bo\u00eetier r\u00e9sistant aux intemp\u00e9ries assure une durabilit\u00e9 dans les environnements ext\u00e9rieurs sans compromettre les performances.<\/p>\t\t\t\t\t\t\t\t<\/div>\n\t\t\t\t<\/div>\n\t\t\t\t<div class=\"elementor-element elementor-element-33f6a2aa elementor-widget__width-inherit elementor-widget elementor-widget-heading\" data-id=\"33f6a2aa\" data-element_type=\"widget\" data-widget_type=\"heading.default\">\n\t\t\t\t<div class=\"elementor-widget-container\">\n\t\t\t\t\t<h2 class=\"elementor-heading-title elementor-size-default\">Pourquoi choisir la station de recharge pour VE de la s\u00e9rie Bolt de 7 kW ?<\/h2>\t\t\t\t<\/div>\n\t\t\t\t<\/div>\n\t\t\t\t<div class=\"elementor-element elementor-element-964621e elementor-widget elementor-widget-text-editor\" data-id=\"964621e\" data-element_type=\"widget\" data-widget_type=\"text-editor.default\">\n\t\t\t\t<div class=\"elementor-widget-container\">\n\t\t\t\t\t\t\t\t\t<ul><li data-start=\"4558\" data-end=\"4654\"><strong data-start=\"4558\" data-end=\"4579\">S\u00e9curit\u00e9 certifi\u00e9e :<\/strong> Enti\u00e8rement \u00e9quip\u00e9 de m\u00e9canismes de protection avanc\u00e9s pour une utilisation quotidienne en toute s\u00e9curit\u00e9.<\/li><li data-start=\"4657\" data-end=\"4739\"><strong data-start=\"4657\" data-end=\"4679\">Contr\u00f4le de l'application intelligente :<\/strong> Gestion \u00e0 distance transparente via l'application mobile \"Homelife\".<\/li><li data-start=\"4742\" data-end=\"4837\"><strong data-start=\"4742\" data-end=\"4764\">Design minimaliste :<\/strong> Pas d'\u00e9cran pour une maintenance r\u00e9duite, id\u00e9al pour les environnements r\u00e9sidentiels.<\/li><\/ul>\t\t\t\t\t\t\t\t<\/div>\n\t\t\t\t<\/div>\n\t\t\t\t\t<\/div>\n\t\t\t\t<\/div>\n\t\t\t\t<\/div>","protected":false},"excerpt":{"rendered":"<p>Introduction to 7kW Bolt Series AC EV Charging Station The 7kW Bolt Series EV Charging Station is designed for drivers seeking a reliable, efficient, and user-friendly solution for both residential EV charging and light commercial EV charging. This compact AC EV charger combines high performance with smart connectivity, offering seamless integration into home garages, apartment [&hellip;]<\/p>","protected":false},"author":4,"featured_media":5398,"menu_order":0,"template":"","format":"standard","meta":{"_acf_changed":false,"site-sidebar-layout":"default","site-content-layout":"page-builder","ast-site-content-layout":"default","site-content-style":"default","site-sidebar-style":"default","ast-global-header-display":"","ast-banner-title-visibility":"","ast-main-header-display":"","ast-hfb-above-header-display":"","ast-hfb-below-header-display":"","ast-hfb-mobile-header-display":"","site-post-title":"disabled","ast-breadcrumbs-content":"","ast-featured-img":"disabled","footer-sml-layout":"","ast-disable-related-posts":"","theme-transparent-header-meta":"","adv-header-id-meta":"","stick-header-meta":"","header-above-stick-meta":"","header-main-stick-meta":"","header-below-stick-meta":"","astra-migrate-meta-layouts":"set","ast-page-background-enabled":"default","ast-page-background-meta":{"desktop":{"background-color":"","background-image":"","background-repeat":"repeat","background-position":"center center","background-size":"auto","background-attachment":"scroll","background-type":"","background-media":"","overlay-type":"","overlay-color":"","overlay-opacity":"","overlay-gradient":""},"tablet":{"background-color":"","background-image":"","background-repeat":"repeat","background-position":"center center","background-size":"auto","background-attachment":"scroll","background-type":"","background-media":"","overlay-type":"","overlay-color":"","overlay-opacity":"","overlay-gradient":""},"mobile":{"background-color":"","background-image":"","background-repeat":"repeat","background-position":"center center","background-size":"auto","background-attachment":"scroll","background-type":"","background-media":"","overlay-type":"","overlay-color":"","overlay-opacity":"","overlay-gradient":""}},"ast-content-background-meta":{"desktop":{"background-color":"var(--ast-global-color-5)","background-image":"","background-repeat":"repeat","background-position":"center center","background-size":"auto","background-attachment":"scroll","background-type":"","background-media":"","overlay-type":"","overlay-color":"","overlay-opacity":"","overlay-gradient":""},"tablet":{"background-color":"var(--ast-global-color-5)","background-image":"","background-repeat":"repeat","background-position":"center center","background-size":"auto","background-attachment":"scroll","background-type":"","background-media":"","overlay-type":"","overlay-color":"","overlay-opacity":"","overlay-gradient":""},"mobile":{"background-color":"var(--ast-global-color-5)","background-image":"","background-repeat":"repeat","background-position":"center center","background-size":"auto","background-attachment":"scroll","background-type":"","background-media":"","overlay-type":"","overlay-color":"","overlay-opacity":"","overlay-gradient":""}},"footnotes":""},"product-category":[116,86],"product-tag":[],"class_list":["post-5322","product","type-product","status-publish","format-standard","has-post-thumbnail","hentry","product-category-ac-charging-station","product-category-charging-stations"],"acf":[],"_links":{"self":[{"href":"https:\/\/www.mekeltech.com\/fr\/wp-json\/wp\/v2\/product\/5322","targetHints":{"allow":["GET"]}}],"collection":[{"href":"https:\/\/www.mekeltech.com\/fr\/wp-json\/wp\/v2\/product"}],"about":[{"href":"https:\/\/www.mekeltech.com\/fr\/wp-json\/wp\/v2\/types\/product"}],"author":[{"embeddable":true,"href":"https:\/\/www.mekeltech.com\/fr\/wp-json\/wp\/v2\/users\/4"}],"version-history":[{"count":23,"href":"https:\/\/www.mekeltech.com\/fr\/wp-json\/wp\/v2\/product\/5322\/revisions"}],"predecessor-version":[{"id":7819,"href":"https:\/\/www.mekeltech.com\/fr\/wp-json\/wp\/v2\/product\/5322\/revisions\/7819"}],"wp:featuredmedia":[{"embeddable":true,"href":"https:\/\/www.mekeltech.com\/fr\/wp-json\/wp\/v2\/media\/5398"}],"wp:attachment":[{"href":"https:\/\/www.mekeltech.com\/fr\/wp-json\/wp\/v2\/media?parent=5322"}],"wp:term":[{"taxonomy":"product-category","embeddable":true,"href":"https:\/\/www.mekeltech.com\/fr\/wp-json\/wp\/v2\/product-category?post=5322"},{"taxonomy":"product-tag","embeddable":true,"href":"https:\/\/www.mekeltech.com\/fr\/wp-json\/wp\/v2\/product-tag?post=5322"}],"curies":[{"name":"wp","href":"https:\/\/api.w.org\/{rel}","templated":true}]}}