{"id":5310,"date":"2025-07-20T16:55:24","date_gmt":"2025-07-20T08:55:24","guid":{"rendered":"https:\/\/www.mekeltech.com\/?post_type=product&#038;p=5310"},"modified":"2025-11-07T11:35:24","modified_gmt":"2025-11-07T03:35:24","slug":"7kw-pulse-series-ev-charging-station","status":"publish","type":"product","link":"https:\/\/www.mekeltech.com\/fr\/product\/7kw-pulse-series-ev-charging-station\/","title":{"rendered":"Station de recharge pour VE de la s\u00e9rie Pulse 7kW AC"},"content":{"rendered":"<div data-elementor-type=\"wp-post\" data-elementor-id=\"5310\" class=\"elementor elementor-5310\" data-elementor-post-type=\"product\">\n\t\t\t\t<div class=\"elementor-element elementor-element-47391fed e-flex e-con-boxed e-con e-parent\" data-id=\"47391fed\" data-element_type=\"container\">\n\t\t\t\t\t<div class=\"e-con-inner\">\n\t\t\t\t<div class=\"elementor-element elementor-element-81a621d elementor-widget elementor-widget-heading\" data-id=\"81a621d\" data-element_type=\"widget\" data-widget_type=\"heading.default\">\n\t\t\t\t<div class=\"elementor-widget-container\">\n\t\t\t\t\t<h2 class=\"elementor-heading-title elementor-size-default\">Introduction \u00e0 la station de recharge pour v\u00e9hicules \u00e9lectriques de la s\u00e9rie Pulse 7kW<\/h2>\t\t\t\t<\/div>\n\t\t\t\t<\/div>\n\t\t\t\t<div class=\"elementor-element elementor-element-01ece3f elementor-widget elementor-widget-text-editor\" data-id=\"01ece3f\" data-element_type=\"widget\" data-widget_type=\"text-editor.default\">\n\t\t\t\t<div class=\"elementor-widget-container\">\n\t\t\t\t\t\t\t\t\t<p data-start=\"582\" data-end=\"1333\">La station de recharge Mekel 7kW Pulse Series EV est une solution de recharge r\u00e9sidentielle avanc\u00e9e con\u00e7ue pour les propri\u00e9taires de v\u00e9hicules \u00e9lectriques \u00e0 la recherche d'efficacit\u00e9, de s\u00e9curit\u00e9 et de commodit\u00e9. La station de recharge 7kW Pulse Series EV offre des performances constantes \u00e0 l'int\u00e9rieur comme \u00e0 l'ext\u00e9rieur, ce qui en fait une solution parfaite pour les garages domestiques, les complexes d'appartements et les petites installations commerciales.<br data-start=\"970\" data-end=\"973\" \/>Avec des options d'installation flexibles, une compatibilit\u00e9 avec les connecteurs de type 2, de type 1 et NACS, et le respect des normes de s\u00e9curit\u00e9 internationales, la s\u00e9rie Pulse assure une recharge fiable des v\u00e9hicules \u00e9lectriques pour une large gamme de mod\u00e8les de VE. Con\u00e7ue avec un profil \u00e9l\u00e9gant et peu encombrant, elle offre une exp\u00e9rience de charge de haute qualit\u00e9 pour les besoins de l'e-mobilit\u00e9 moderne.<\/p>\t\t\t\t\t\t\t\t<\/div>\n\t\t\t\t<\/div>\n\t\t\t\t<div class=\"elementor-element elementor-element-15cfc62 elementor-widget__width-inherit elementor-widget elementor-widget-heading\" data-id=\"15cfc62\" data-element_type=\"widget\" data-widget_type=\"heading.default\">\n\t\t\t\t<div class=\"elementor-widget-container\">\n\t\t\t\t\t<h2 class=\"elementor-heading-title elementor-size-default\">7kW Pulse Series EV Charging Station pour les maisons et les complexes r\u00e9sidentiels<\/h2>\t\t\t\t<\/div>\n\t\t\t\t<\/div>\n\t\t\t\t<div class=\"elementor-element elementor-element-54a05936 elementor-widget elementor-widget-text-editor\" data-id=\"54a05936\" data-element_type=\"widget\" data-widget_type=\"text-editor.default\">\n\t\t\t\t<div class=\"elementor-widget-container\">\n\t\t\t\t\t\t\t\t\t<p data-start=\"1413\" data-end=\"2036\">La station de recharge pour VE de la s\u00e9rie Pulse 7kW de Mekel est id\u00e9ale pour les environnements de recharge compacts, des garages priv\u00e9s aux places de stationnement partag\u00e9es dans les immeubles r\u00e9sidentiels. Con\u00e7ue pour r\u00e9pondre aux normes mondiales de s\u00e9curit\u00e9 et de performance telles que IEC 61851-1, IEC 61851-21-2, UL 2231 et UL 2594, elle offre une tranquillit\u00e9 d'esprit pour la recharge quotidienne des v\u00e9hicules \u00e9lectriques.<br data-start=\"1765\" data-end=\"1768\" \/>L'unit\u00e9 prend en charge plusieurs options de connecteur de charge - Type 2, Type 1 et NACS - ce qui la rend compatible avec un large \u00e9ventail de marques de VE. Son bo\u00eetier IP55 garantit un fonctionnement fiable m\u00eame dans des conditions m\u00e9t\u00e9orologiques difficiles, ce qui permet de l'utiliser aussi bien \u00e0 l'int\u00e9rieur qu'\u00e0 l'ext\u00e9rieur.<\/p>\t\t\t\t\t\t\t\t<\/div>\n\t\t\t\t<\/div>\n\t\t\t\t<div class=\"elementor-element elementor-element-3f9703da elementor-widget__width-inherit elementor-widget elementor-widget-heading\" data-id=\"3f9703da\" data-element_type=\"widget\" data-widget_type=\"heading.default\">\n\t\t\t\t<div class=\"elementor-widget-container\">\n\t\t\t\t\t<h2 class=\"elementor-heading-title elementor-size-default\">Principales caract\u00e9ristiques techniques de la station de recharge pour v\u00e9hicules \u00e9lectriques de la s\u00e9rie Pulse 7kW<\/h2>\t\t\t\t<\/div>\n\t\t\t\t<\/div>\n\t\t\t\t<div class=\"elementor-element elementor-element-1b55473a elementor-widget__width-inherit elementor-widget elementor-widget-shortcode\" data-id=\"1b55473a\" data-element_type=\"widget\" data-widget_type=\"shortcode.default\">\n\t\t\t\t<div class=\"elementor-widget-container\">\n\t\t\t\t\t\t\t<div class=\"elementor-shortcode\">\n<table id=\"tablepress-15\" class=\"tablepress tablepress-id-15\">\n<tbody class=\"row-striping row-hover\">\n<tr class=\"row-1\">\n\t<td class=\"column-1\"><b>Tension d'entr\u00e9e\/sortie<\/b><\/td><td class=\"column-2\">230Vac \u00b115%<\/td>\n<\/tr>\n<tr class=\"row-2\">\n\t<td class=\"column-1\"><b>Courant de charge maximal<\/b><\/td><td class=\"column-2\">32A<\/td>\n<\/tr>\n<tr class=\"row-3\">\n\t<td class=\"column-1\"><b>Fr\u00e9quence de fonctionnement<\/b><\/td><td class=\"column-2\">50-60Hz<\/td>\n<\/tr>\n<tr class=\"row-4\">\n\t<td class=\"column-1\"><b>Plage de temp\u00e9rature de fonctionnement<\/b><\/td><td class=\"column-2\">De -20\u00b0C \u00e0 +50\u00b0C<\/td>\n<\/tr>\n<tr class=\"row-5\">\n\t<td class=\"column-1\"><b>Plage de temp\u00e9rature de stockage<\/b><\/td><td class=\"column-2\">De -45\u00b0C \u00e0 +60\u00b0C<\/td>\n<\/tr>\n<tr class=\"row-6\">\n\t<td class=\"column-1\"><b>Classification de l'enceinte<\/b><\/td><td class=\"column-2\">IP55 (\u00e9tanche \u00e0 la poussi\u00e8re et prot\u00e9g\u00e9 contre les jets d'eau)<\/td>\n<\/tr>\n<tr class=\"row-7\">\n\t<td class=\"column-1\"><b>Installation<\/b><\/td><td class=\"column-2\">Installation flexible au mur ou sur socle<\/td>\n<\/tr>\n<tr class=\"row-8\">\n\t<td class=\"column-1\"><b>Dimensions<\/b><\/td><td class=\"column-2\">196 mm x 320 mm x 97 mm<\/td>\n<\/tr>\n<tr class=\"row-9\">\n\t<td class=\"column-1\"><b>Communication<\/b><\/td><td class=\"column-2\">HCI Bluetooth \/ Wi-Fi \/ 4G<\/td>\n<\/tr>\n<tr class=\"row-10\">\n\t<td class=\"column-1\"><b>Certification<\/b><\/td><td class=\"column-2\">Conformit\u00e9 CE<\/td>\n<\/tr>\n<\/tbody>\n<\/table>\n<\/div>\n\t\t\t\t\t\t<\/div>\n\t\t\t\t<\/div>\n\t\t\t\t<div class=\"elementor-element elementor-element-26e33b52 elementor-widget__width-inherit elementor-widget elementor-widget-heading\" data-id=\"26e33b52\" data-element_type=\"widget\" data-widget_type=\"heading.default\">\n\t\t\t\t<div class=\"elementor-widget-container\">\n\t\t\t\t\t<h2 class=\"elementor-heading-title elementor-size-default\">Dispositifs de s\u00e9curit\u00e9 multicouches int\u00e9gr\u00e9s<\/h2>\t\t\t\t<\/div>\n\t\t\t\t<\/div>\n\t\t\t\t<div class=\"elementor-element elementor-element-73aa4f6e elementor-widget elementor-widget-text-editor\" data-id=\"73aa4f6e\" data-element_type=\"widget\" data-widget_type=\"text-editor.default\">\n\t\t\t\t<div class=\"elementor-widget-container\">\n\t\t\t\t\t\t\t\t\t<p data-start=\"2530\" data-end=\"2675\">La station de recharge pour v\u00e9hicules \u00e9lectriques de la s\u00e9rie Pulse 7kW int\u00e8gre de multiples syst\u00e8mes de protection pour prot\u00e9ger \u00e0 la fois le v\u00e9hicule et le r\u00e9seau \u00e9lectrique. Les caract\u00e9ristiques sont les suivantes :<\/p><ul><li data-start=\"2678\" data-end=\"2709\">Protection contre les surtensions et les sous-tensions<\/li><li data-start=\"2712\" data-end=\"2734\">Limitation de la surintensit\u00e9<\/li><li data-start=\"2737\" data-end=\"2765\">Protection contre les courants de fuite<\/li><\/ul><p data-start=\"2767\" data-end=\"2892\">Ces mesures de s\u00e9curit\u00e9 garantissent des sessions de charge stables, minimisent les risques et maximisent la fiabilit\u00e9 \u00e0 long terme pour une utilisation quotidienne.<\/p>\t\t\t\t\t\t\t\t<\/div>\n\t\t\t\t<\/div>\n\t\t\t\t<div class=\"elementor-element elementor-element-50c43177 elementor-widget__width-inherit elementor-widget elementor-widget-heading\" data-id=\"50c43177\" data-element_type=\"widget\" data-widget_type=\"heading.default\">\n\t\t\t\t<div class=\"elementor-widget-container\">\n\t\t\t\t\t<h2 class=\"elementor-heading-title elementor-size-default\">Une op\u00e9ration de chargement s\u00fbre et sans effort <\/h2>\t\t\t\t<\/div>\n\t\t\t\t<\/div>\n\t\t\t\t<div class=\"elementor-element elementor-element-1cad065e elementor-widget elementor-widget-text-editor\" data-id=\"1cad065e\" data-element_type=\"widget\" data-widget_type=\"text-editor.default\">\n\t\t\t\t<div class=\"elementor-widget-container\">\n\t\t\t\t\t\t\t\t\t<p>Gr\u00e2ce \u00e0 sa conception \" plug-and-play \", la station de recharge pour VE de la s\u00e9rie Pulse 7 kW d\u00e9marre automatiquement la charge une fois connect\u00e9e \u00e0 un v\u00e9hicule compatible. La connectivit\u00e9 intelligente int\u00e9gr\u00e9e prend en charge le fonctionnement \u00e0 distance via Bluetooth, Wi-Fi ou 4G, ce qui permet aux utilisateurs de contr\u00f4ler les sessions de charge \u00e0 tout moment et en tout lieu. La surveillance, la programmation et la gestion de l'\u00e9nergie sont ainsi faciles et efficaces.<\/p>\t\t\t\t\t\t\t\t<\/div>\n\t\t\t\t<\/div>\n\t\t\t\t<div class=\"elementor-element elementor-element-12020b23 elementor-widget__width-inherit elementor-widget elementor-widget-heading\" data-id=\"12020b23\" data-element_type=\"widget\" data-widget_type=\"heading.default\">\n\t\t\t\t<div class=\"elementor-widget-container\">\n\t\t\t\t\t<h2 class=\"elementor-heading-title elementor-size-default\">Installation rapide et utilisation fiable<\/h2>\t\t\t\t<\/div>\n\t\t\t\t<\/div>\n\t\t\t\t<div class=\"elementor-element elementor-element-135a00cf elementor-widget elementor-widget-text-editor\" data-id=\"135a00cf\" data-element_type=\"widget\" data-widget_type=\"text-editor.default\">\n\t\t\t\t<div class=\"elementor-widget-container\">\n\t\t\t\t\t\t\t\t\t<p>La station de recharge Mekel 7kW Pulse Series EV est con\u00e7ue pour une installation sans probl\u00e8me. Son design minimaliste, sans \u00e9cran, acc\u00e9l\u00e8re le d\u00e9ploiement et r\u00e9duit les besoins de maintenance. Qu'elle soit install\u00e9e sur un mur ou un pi\u00e9destal, le bo\u00eetier IP55 offre une durabilit\u00e9 contre la poussi\u00e8re, la pluie et d'autres facteurs environnementaux, ce qui la rend adapt\u00e9e aux applications r\u00e9sidentielles et commerciales l\u00e9g\u00e8res.<\/p>\t\t\t\t\t\t\t\t<\/div>\n\t\t\t\t<\/div>\n\t\t\t\t<div class=\"elementor-element elementor-element-66821b2 elementor-widget__width-inherit elementor-widget elementor-widget-heading\" data-id=\"66821b2\" data-element_type=\"widget\" data-widget_type=\"heading.default\">\n\t\t\t\t<div class=\"elementor-widget-container\">\n\t\t\t\t\t<h2 class=\"elementor-heading-title elementor-size-default\">Pourquoi choisir cette station de recharge Mekel 7kW Pulse Series EV ?<\/h2>\t\t\t\t<\/div>\n\t\t\t\t<\/div>\n\t\t\t\t<div class=\"elementor-element elementor-element-e859d8c elementor-widget elementor-widget-text-editor\" data-id=\"e859d8c\" data-element_type=\"widget\" data-widget_type=\"text-editor.default\">\n\t\t\t\t<div class=\"elementor-widget-container\">\n\t\t\t\t\t\t\t\t\t<ul><li data-start=\"3802\" data-end=\"3893\"><strong data-start=\"3802\" data-end=\"3828\">Une conception de la s\u00e9curit\u00e9 fond\u00e9e sur la confiance :<\/strong> De multiples protections int\u00e9gr\u00e9es garantissent un fonctionnement s\u00fbr \u00e0 long terme.<\/li><li data-start=\"3896\" data-end=\"3994\"><strong data-start=\"3896\" data-end=\"3926\">Design minimaliste et moderne :<\/strong> La structure sans \u00e9cran est id\u00e9ale pour la recharge quotidienne des VE \u00e0 domicile.<\/li><li data-start=\"3997\" data-end=\"4090\"><strong data-start=\"3997\" data-end=\"4022\">Compatibilit\u00e9 mondiale :<\/strong> Prend en charge les principaux types de connecteurs et r\u00e9pond aux normes internationales.<\/li><\/ul>\t\t\t\t\t\t\t\t<\/div>\n\t\t\t\t<\/div>\n\t\t\t\t<div class=\"elementor-element elementor-element-1d2bdbc5 elementor-widget__width-inherit elementor-widget elementor-widget-heading\" data-id=\"1d2bdbc5\" data-element_type=\"widget\" data-widget_type=\"heading.default\">\n\t\t\t\t<div class=\"elementor-widget-container\">\n\t\t\t\t\t<h2 class=\"elementor-heading-title elementor-size-default\">FAQ<\/h2>\t\t\t\t<\/div>\n\t\t\t\t<\/div>\n\t\t\t\t<div class=\"elementor-element elementor-element-1115fca8 elementor-widget elementor-widget-n-accordion\" data-id=\"1115fca8\" data-element_type=\"widget\" data-settings=\"{&quot;default_state&quot;:&quot;expanded&quot;,&quot;max_items_expended&quot;:&quot;one&quot;,&quot;n_accordion_animation_duration&quot;:{&quot;unit&quot;:&quot;ms&quot;,&quot;size&quot;:400,&quot;sizes&quot;:[]}}\" data-widget_type=\"nested-accordion.default\">\n\t\t\t\t<div class=\"elementor-widget-container\">\n\t\t\t\t\t\t\t<div class=\"e-n-accordion\" aria-label=\"Accord\u00e9on. Ouvrez les liens avec Enter ou Space, fermez-les avec Escape et naviguez avec les touches fl\u00e9ch\u00e9es.\">\n\t\t\t\t\t\t<details id=\"e-n-accordion-item-2860\" class=\"e-n-accordion-item\" open>\n\t\t\t\t<summary class=\"e-n-accordion-item-title\" data-accordion-index=\"1\" tabindex=\"0\" aria-expanded=\"true\" aria-controls=\"e-n-accordion-item-2860\" >\n\t\t\t\t\t<span class='e-n-accordion-item-title-header'><div class=\"e-n-accordion-item-title-text\"> Q : Combien de temps faut-il \u00e0 la station de recharge 7kW Pulse Series EV pour charger un v\u00e9hicule \u00e9quip\u00e9 d'un chargeur Mekel Pulse Series AC ? <\/div><\/span>\n\t\t\t\t\t\t\t<span class='e-n-accordion-item-title-icon'>\n\t\t\t<span class='e-opened' ><svg aria-hidden=\"true\" class=\"e-font-icon-svg e-fas-minus\" viewbox=\"0 0 448 512\" xmlns=\"http:\/\/www.w3.org\/2000\/svg\"><path d=\"M416 208H32c-17.67 0-32 14.33-32 32v32c0 17.67 14.33 32 32 32h384c17.67 0 32-14.33 32-32v-32c0-17.67-14.33-32-32-32z\"><\/path><\/svg><\/span>\n\t\t\t<span class='e-closed'><svg aria-hidden=\"true\" class=\"e-font-icon-svg e-fas-plus\" viewbox=\"0 0 448 512\" xmlns=\"http:\/\/www.w3.org\/2000\/svg\"><path d=\"M416 208H272V64c0-17.67-14.33-32-32-32h-32c-17.67 0-32 14.33-32 32v144H32c-17.67 0-32 14.33-32 32v32c0 17.67 14.33 32 32 32h144v144c0 17.67 14.33 32 32 32h32c17.67 0 32-14.33 32-32V304h144c17.67 0 32-14.33 32-32v-32c0-17.67-14.33-32-32-32z\"><\/path><\/svg><\/span>\n\t\t<\/span>\n\n\t\t\t\t\t\t<\/summary>\n\t\t\t\t<div role=\"region\" aria-labelledby=\"e-n-accordion-item-2860\" class=\"elementor-element elementor-element-74f26f6c e-con-full e-flex e-con e-child\" data-id=\"74f26f6c\" data-element_type=\"container\">\n\t\t\t\t<div class=\"elementor-element elementor-element-5951754f elementor-widget__width-inherit elementor-widget elementor-widget-text-editor\" data-id=\"5951754f\" data-element_type=\"widget\" data-widget_type=\"text-editor.default\">\n\t\t\t\t<div class=\"elementor-widget-container\">\n\t\t\t\t\t\t\t\t\t<p>R : Cette station de recharge pour VE de la s\u00e9rie Pulse 7kW n\u00e9cessite environ 8 heures pour une charge compl\u00e8te, ce qui la rend id\u00e9ale pour la recharge de nuit dans les maisons et les complexes r\u00e9sidentiels.<\/p>\t\t\t\t\t\t\t\t<\/div>\n\t\t\t\t<\/div>\n\t\t\t\t<\/div>\n\t\t\t\t\t<\/details>\n\t\t\t\t\t\t<details id=\"e-n-accordion-item-2861\" class=\"e-n-accordion-item\" >\n\t\t\t\t<summary class=\"e-n-accordion-item-title\" data-accordion-index=\"2\" tabindex=\"-1\" aria-expanded=\"false\" aria-controls=\"e-n-accordion-item-2861\" >\n\t\t\t\t\t<span class='e-n-accordion-item-title-header'><div class=\"e-n-accordion-item-title-text\"> Q : Comment choisir entre le chargeur de base et le chargeur intelligent ? <\/div><\/span>\n\t\t\t\t\t\t\t<span class='e-n-accordion-item-title-icon'>\n\t\t\t<span class='e-opened' ><svg aria-hidden=\"true\" class=\"e-font-icon-svg e-fas-minus\" viewbox=\"0 0 448 512\" xmlns=\"http:\/\/www.w3.org\/2000\/svg\"><path d=\"M416 208H32c-17.67 0-32 14.33-32 32v32c0 17.67 14.33 32 32 32h384c17.67 0 32-14.33 32-32v-32c0-17.67-14.33-32-32-32z\"><\/path><\/svg><\/span>\n\t\t\t<span class='e-closed'><svg aria-hidden=\"true\" class=\"e-font-icon-svg e-fas-plus\" viewbox=\"0 0 448 512\" xmlns=\"http:\/\/www.w3.org\/2000\/svg\"><path d=\"M416 208H272V64c0-17.67-14.33-32-32-32h-32c-17.67 0-32 14.33-32 32v144H32c-17.67 0-32 14.33-32 32v32c0 17.67 14.33 32 32 32h144v144c0 17.67 14.33 32 32 32h32c17.67 0 32-14.33 32-32V304h144c17.67 0 32-14.33 32-32v-32c0-17.67-14.33-32-32-32z\"><\/path><\/svg><\/span>\n\t\t<\/span>\n\n\t\t\t\t\t\t<\/summary>\n\t\t\t\t<div role=\"region\" aria-labelledby=\"e-n-accordion-item-2861\" class=\"elementor-element elementor-element-634d8957 e-con-full e-flex e-con e-child\" data-id=\"634d8957\" data-element_type=\"container\">\n\t\t\t\t<div class=\"elementor-element elementor-element-286b3940 elementor-widget__width-inherit elementor-widget elementor-widget-text-editor\" data-id=\"286b3940\" data-element_type=\"widget\" data-widget_type=\"text-editor.default\">\n\t\t\t\t<div class=\"elementor-widget-container\">\n\t\t\t\t\t\t\t\t\t<p>R : Les mod\u00e8les de base sont parfaits pour une utilisation domestique simple, en particulier dans les r\u00e9gions o\u00f9 les tarifs d'\u00e9lectricit\u00e9 sont fixes. Les stations de recharge Smart 7kW Pulse Series EV offrent des fonctionnalit\u00e9s avanc\u00e9es telles que le suivi \u00e9nerg\u00e9tique, le contr\u00f4le \u00e0 distance et la programmation des heures creuses, ce qui est id\u00e9al pour les utilisateurs \u00e0 la recherche de solutions de recharge intelligentes.<\/p>\t\t\t\t\t\t\t\t<\/div>\n\t\t\t\t<\/div>\n\t\t\t\t<\/div>\n\t\t\t\t\t<\/details>\n\t\t\t\t\t\t<details id=\"e-n-accordion-item-2862\" class=\"e-n-accordion-item\" >\n\t\t\t\t<summary class=\"e-n-accordion-item-title\" data-accordion-index=\"3\" tabindex=\"-1\" aria-expanded=\"false\" aria-controls=\"e-n-accordion-item-2862\" >\n\t\t\t\t\t<span class='e-n-accordion-item-title-header'><div class=\"e-n-accordion-item-title-text\"> Q : Les stations de recharge Mekel 7kW Pulse Series EV sont-elles adapt\u00e9es \u00e0 une utilisation quotidienne \u00e0 long terme ? <\/div><\/span>\n\t\t\t\t\t\t\t<span class='e-n-accordion-item-title-icon'>\n\t\t\t<span class='e-opened' ><svg aria-hidden=\"true\" class=\"e-font-icon-svg e-fas-minus\" viewbox=\"0 0 448 512\" xmlns=\"http:\/\/www.w3.org\/2000\/svg\"><path d=\"M416 208H32c-17.67 0-32 14.33-32 32v32c0 17.67 14.33 32 32 32h384c17.67 0 32-14.33 32-32v-32c0-17.67-14.33-32-32-32z\"><\/path><\/svg><\/span>\n\t\t\t<span class='e-closed'><svg aria-hidden=\"true\" class=\"e-font-icon-svg e-fas-plus\" viewbox=\"0 0 448 512\" xmlns=\"http:\/\/www.w3.org\/2000\/svg\"><path d=\"M416 208H272V64c0-17.67-14.33-32-32-32h-32c-17.67 0-32 14.33-32 32v144H32c-17.67 0-32 14.33-32 32v32c0 17.67 14.33 32 32 32h144v144c0 17.67 14.33 32 32 32h32c17.67 0 32-14.33 32-32V304h144c17.67 0 32-14.33 32-32v-32c0-17.67-14.33-32-32-32z\"><\/path><\/svg><\/span>\n\t\t<\/span>\n\n\t\t\t\t\t\t<\/summary>\n\t\t\t\t<div role=\"region\" aria-labelledby=\"e-n-accordion-item-2862\" class=\"elementor-element elementor-element-5f9d202c e-con-full e-flex e-con e-child\" data-id=\"5f9d202c\" data-element_type=\"container\">\n\t\t\t\t<div class=\"elementor-element elementor-element-279de42b elementor-widget__width-inherit elementor-widget elementor-widget-text-editor\" data-id=\"279de42b\" data-element_type=\"widget\" data-widget_type=\"text-editor.default\">\n\t\t\t\t<div class=\"elementor-widget-container\">\n\t\t\t\t\t\t\t\t\t<p>R : Oui. Construites pour durer, les stations de recharge Mekel 7kW Pulse Series EV sont con\u00e7ues pour supporter les cycles de charge quotidiens, \u00e0 condition que votre syst\u00e8me \u00e9lectrique soit correctement configur\u00e9 et install\u00e9 par un professionnel.<\/p>\t\t\t\t\t\t\t\t<\/div>\n\t\t\t\t<\/div>\n\t\t\t\t<\/div>\n\t\t\t\t\t<\/details>\n\t\t\t\t\t<\/div>\n\t\t\t\t\t\t<\/div>\n\t\t\t\t<\/div>\n\t\t\t\t\t<\/div>\n\t\t\t\t<\/div>\n\t\t\t\t<\/div>","protected":false},"excerpt":{"rendered":"<p>Introduction to 7kW Pulse Series EV Charging Station The Mekel 7kW Pulse Series EV charging station is an advanced home and residential charging solution engineered for electric vehicle owners seeking efficiency, safety, and convenience. The 7kW Pulse Series EV Charging Station delivers consistent performance in both indoor and outdoor environments, making it a perfect fit [&hellip;]<\/p>","protected":false},"author":4,"featured_media":5535,"menu_order":0,"template":"","format":"standard","meta":{"_acf_changed":false,"site-sidebar-layout":"no-sidebar","site-content-layout":"page-builder","ast-site-content-layout":"full-width-container","site-content-style":"default","site-sidebar-style":"default","ast-global-header-display":"","ast-banner-title-visibility":"","ast-main-header-display":"","ast-hfb-above-header-display":"","ast-hfb-below-header-display":"","ast-hfb-mobile-header-display":"","site-post-title":"disabled","ast-breadcrumbs-content":"","ast-featured-img":"disabled","footer-sml-layout":"","ast-disable-related-posts":"","theme-transparent-header-meta":"","adv-header-id-meta":"","stick-header-meta":"","header-above-stick-meta":"","header-main-stick-meta":"","header-below-stick-meta":"","astra-migrate-meta-layouts":"set","ast-page-background-enabled":"default","ast-page-background-meta":{"desktop":{"background-color":"","background-image":"","background-repeat":"repeat","background-position":"center center","background-size":"auto","background-attachment":"scroll","background-type":"","background-media":"","overlay-type":"","overlay-color":"","overlay-opacity":"","overlay-gradient":""},"tablet":{"background-color":"","background-image":"","background-repeat":"repeat","background-position":"center center","background-size":"auto","background-attachment":"scroll","background-type":"","background-media":"","overlay-type":"","overlay-color":"","overlay-opacity":"","overlay-gradient":""},"mobile":{"background-color":"","background-image":"","background-repeat":"repeat","background-position":"center center","background-size":"auto","background-attachment":"scroll","background-type":"","background-media":"","overlay-type":"","overlay-color":"","overlay-opacity":"","overlay-gradient":""}},"ast-content-background-meta":{"desktop":{"background-color":"var(--ast-global-color-5)","background-image":"","background-repeat":"repeat","background-position":"center center","background-size":"auto","background-attachment":"scroll","background-type":"","background-media":"","overlay-type":"","overlay-color":"","overlay-opacity":"","overlay-gradient":""},"tablet":{"background-color":"var(--ast-global-color-5)","background-image":"","background-repeat":"repeat","background-position":"center center","background-size":"auto","background-attachment":"scroll","background-type":"","background-media":"","overlay-type":"","overlay-color":"","overlay-opacity":"","overlay-gradient":""},"mobile":{"background-color":"var(--ast-global-color-5)","background-image":"","background-repeat":"repeat","background-position":"center center","background-size":"auto","background-attachment":"scroll","background-type":"","background-media":"","overlay-type":"","overlay-color":"","overlay-opacity":"","overlay-gradient":""}},"footnotes":""},"product-category":[116,86],"product-tag":[],"class_list":["post-5310","product","type-product","status-publish","format-standard","has-post-thumbnail","hentry","product-category-ac-charging-station","product-category-charging-stations"],"acf":[],"_links":{"self":[{"href":"https:\/\/www.mekeltech.com\/fr\/wp-json\/wp\/v2\/product\/5310","targetHints":{"allow":["GET"]}}],"collection":[{"href":"https:\/\/www.mekeltech.com\/fr\/wp-json\/wp\/v2\/product"}],"about":[{"href":"https:\/\/www.mekeltech.com\/fr\/wp-json\/wp\/v2\/types\/product"}],"author":[{"embeddable":true,"href":"https:\/\/www.mekeltech.com\/fr\/wp-json\/wp\/v2\/users\/4"}],"version-history":[{"count":22,"href":"https:\/\/www.mekeltech.com\/fr\/wp-json\/wp\/v2\/product\/5310\/revisions"}],"predecessor-version":[{"id":7822,"href":"https:\/\/www.mekeltech.com\/fr\/wp-json\/wp\/v2\/product\/5310\/revisions\/7822"}],"wp:featuredmedia":[{"embeddable":true,"href":"https:\/\/www.mekeltech.com\/fr\/wp-json\/wp\/v2\/media\/5535"}],"wp:attachment":[{"href":"https:\/\/www.mekeltech.com\/fr\/wp-json\/wp\/v2\/media?parent=5310"}],"wp:term":[{"taxonomy":"product-category","embeddable":true,"href":"https:\/\/www.mekeltech.com\/fr\/wp-json\/wp\/v2\/product-category?post=5310"},{"taxonomy":"product-tag","embeddable":true,"href":"https:\/\/www.mekeltech.com\/fr\/wp-json\/wp\/v2\/product-tag?post=5310"}],"curies":[{"name":"wp","href":"https:\/\/api.w.org\/{rel}","templated":true}]}}