{"id":5033,"date":"2025-07-13T17:36:26","date_gmt":"2025-07-13T09:36:26","guid":{"rendered":"https:\/\/www.mekeltech.com\/?post_type=product&#038;p=5033"},"modified":"2025-08-06T17:51:10","modified_gmt":"2025-08-06T09:51:10","slug":"j1772-type-1-nacs-ac-ev-charging-adapter","status":"publish","type":"product","link":"https:\/\/www.mekeltech.com\/fr\/product\/j1772-type-1-nacs-ac-ev-charging-adapter\/","title":{"rendered":"J1772 (Type 1) vers NACS AC EV Charging Adapter (Adaptateur de charge pour VE)"},"content":{"rendered":"<div data-elementor-type=\"wp-post\" data-elementor-id=\"5033\" class=\"elementor elementor-5033\" data-elementor-post-type=\"product\">\n\t\t\t\t<div class=\"elementor-element elementor-element-5c24d720 e-flex e-con-boxed e-con e-parent\" data-id=\"5c24d720\" data-element_type=\"container\">\n\t\t\t\t\t<div class=\"e-con-inner\">\n\t\t\t\t<div class=\"elementor-element elementor-element-6ccc7f76 elementor-widget__width-inherit elementor-widget elementor-widget-heading\" data-id=\"6ccc7f76\" data-element_type=\"widget\" data-widget_type=\"heading.default\">\n\t\t\t\t<div class=\"elementor-widget-container\">\n\t\t\t\t\t<h2 class=\"elementor-heading-title elementor-size-default\">Introduction \u00e0 l'adaptateur CA J1772 (Type 1) vers NACS\t<\/h2>\t\t\t\t<\/div>\n\t\t\t\t<\/div>\n\t\t\t\t<div class=\"elementor-element elementor-element-47752917 elementor-widget elementor-widget-text-editor\" data-id=\"47752917\" data-element_type=\"widget\" data-widget_type=\"text-editor.default\">\n\t\t\t\t<div class=\"elementor-widget-container\">\n\t\t\t\t\t\t\t\t\t<p>Largement utilis\u00e9e sur le march\u00e9 nord-am\u00e9ricain, la <strong>J1772 (Type 1) vers NACS AC <\/strong><strong>C<\/strong><strong>harging <\/strong><strong>A<\/strong><strong>adaptateur<\/strong>\u00a0permet aux v\u00e9hicules conformes \u00e0 la norme NACS de se recharger aux stations de recharge J1772 (Type1). Son design compact et pr\u00eat \u00e0 l'emploi le rend facile \u00e0 ranger et \u00e0 utiliser. Il est \u00e9galement dot\u00e9 d'une protection IP54 contre les intemp\u00e9ries et d'une temp\u00e9rature de fonctionnement de -30\u00b0C \u00e0 +50\u00b0C, ce qui lui permet de r\u00e9sister aux conditions ext\u00e9rieures difficiles.<\/p>\t\t\t\t\t\t\t\t<\/div>\n\t\t\t\t<\/div>\n\t\t\t\t<div class=\"elementor-element elementor-element-2d7e21e6 elementor-widget__width-inherit elementor-widget elementor-widget-heading\" data-id=\"2d7e21e6\" data-element_type=\"widget\" data-widget_type=\"heading.default\">\n\t\t\t\t<div class=\"elementor-widget-container\">\n\t\t\t\t\t<h2 class=\"elementor-heading-title elementor-size-default\">Une solution pour chaque norme de recharge<\/h2>\t\t\t\t<\/div>\n\t\t\t\t<\/div>\n\t\t\t\t<div class=\"elementor-element elementor-element-3da801ab elementor-widget elementor-widget-text-editor\" data-id=\"3da801ab\" data-element_type=\"widget\" data-widget_type=\"text-editor.default\">\n\t\t\t\t<div class=\"elementor-widget-container\">\n\t\t\t\t\t\t\t\t\t<p>Nos adaptateurs de charge pour VE couvrent tous les principaux standards internationaux, y compris le Type 1 (J1772), NACS (Tesla), Type 2 et CCS2 (Europe), GB\/T (Chine), et CHAdeMO (Japon). Discutez avec notre \u00e9quipe d\u00e8s aujourd'hui pour d\u00e9couvrir les solutions d'adaptateurs qui vous conviennent le mieux.<\/p>\t\t\t\t\t\t\t\t<\/div>\n\t\t\t\t<\/div>\n\t\t\t\t<div class=\"elementor-element elementor-element-4adf3b5c elementor-widget__width-inherit elementor-widget elementor-widget-heading\" data-id=\"4adf3b5c\" data-element_type=\"widget\" data-widget_type=\"heading.default\">\n\t\t\t\t<div class=\"elementor-widget-container\">\n\t\t\t\t\t<h3 class=\"elementor-heading-title elementor-size-default\">Qualit\u00e9 de construction sup\u00e9rieure<\/h3>\t\t\t\t<\/div>\n\t\t\t\t<\/div>\n\t\t\t\t<div class=\"elementor-element elementor-element-6260924 elementor-widget elementor-widget-text-editor\" data-id=\"6260924\" data-element_type=\"widget\" data-widget_type=\"text-editor.default\">\n\t\t\t\t<div class=\"elementor-widget-container\">\n\t\t\t\t\t\t\t\t\t<p>Con\u00e7ue avec une coque thermoplastique tr\u00e8s r\u00e9sistante pour une durabilit\u00e9 exceptionnelle et un alliage de cuivre plaqu\u00e9 argent pour assurer une conductivit\u00e9 sup\u00e9rieure, notre <strong>J1772 (Type 1)<\/strong><strong>\u00a0<\/strong><strong>\u00e0 l'adaptateur CA du NACS<\/strong>\u00a0offre des performances fiables, ce qui permet \u00e0 nos clients d'\u00eatre tr\u00e8s satisfaits et d'avoir peu de probl\u00e8mes apr\u00e8s-vente.<\/p>\t\t\t\t\t\t\t\t<\/div>\n\t\t\t\t<\/div>\n\t\t\t\t<div class=\"elementor-element elementor-element-237aa1bd elementor-widget__width-inherit elementor-widget elementor-widget-heading\" data-id=\"237aa1bd\" data-element_type=\"widget\" data-widget_type=\"heading.default\">\n\t\t\t\t<div class=\"elementor-widget-container\">\n\t\t\t\t\t<h3 class=\"elementor-heading-title elementor-size-default\">Facile \u00e0 utiliser et \u00e0 transporter<\/h3>\t\t\t\t<\/div>\n\t\t\t\t<\/div>\n\t\t\t\t<div class=\"elementor-element elementor-element-7500cec4 elementor-widget elementor-widget-text-editor\" data-id=\"7500cec4\" data-element_type=\"widget\" data-widget_type=\"text-editor.default\">\n\t\t\t\t<div class=\"elementor-widget-container\">\n\t\t\t\t\t\t\t\t\t<p>Mekel's <strong>J1772 (Type 1)<\/strong><strong>\u00a0<\/strong><strong>\u00e0 l'adaptateur CA du NACS<\/strong>\u00a0associe un design compact et \u00e9pur\u00e9 \u00e0 des capacit\u00e9s de charge compl\u00e8tes, ce qui permet de le ranger facilement dans une bo\u00eete \u00e0 gants. Ultra-l\u00e9g\u00e8re et dot\u00e9e d'une conception \"plug-and-play\", l'utilisateur peut simplement l'attacher au c\u00e2ble de charge et la brancher sur la prise du v\u00e9hicule pour une exp\u00e9rience de charge transparente.<\/p>\t\t\t\t\t\t\t\t<\/div>\n\t\t\t\t<\/div>\n\t\t\t\t<div class=\"elementor-element elementor-element-36f81276 elementor-widget__width-inherit elementor-widget elementor-widget-heading\" data-id=\"36f81276\" data-element_type=\"widget\" data-widget_type=\"heading.default\">\n\t\t\t\t<div class=\"elementor-widget-container\">\n\t\t\t\t\t<h2 class=\"elementor-heading-title elementor-size-default\">Produit phare<\/h2>\t\t\t\t<\/div>\n\t\t\t\t<\/div>\n\t\t<div class=\"elementor-element elementor-element-6baca7d e-grid e-con-full e-con e-child\" data-id=\"6baca7d\" data-element_type=\"container\">\n\t\t\t\t<div class=\"elementor-element elementor-element-e4779fc elementor-view-stacked elementor-shape-rounded elementor-position-left elementor-mobile-position-top elementor-widget elementor-widget-icon-box\" data-id=\"e4779fc\" data-element_type=\"widget\" data-widget_type=\"icon-box.default\">\n\t\t\t\t<div class=\"elementor-widget-container\">\n\t\t\t\t\t\t\t<div class=\"elementor-icon-box-wrapper\">\n\n\t\t\t\t\t\t<div class=\"elementor-icon-box-icon\">\n\t\t\t\t<span  class=\"elementor-icon\">\n\t\t\t\t<svg aria-hidden=\"true\" class=\"e-font-icon-svg e-fas-star\" viewbox=\"0 0 576 512\" xmlns=\"http:\/\/www.w3.org\/2000\/svg\"><path d=\"M259.3 17.8L194 150.2 47.9 171.5c-26.2 3.8-36.7 36.1-17.7 54.6l105.7 103-25 145.5c-4.5 26.3 23.2 46 46.4 33.7L288 439.6l130.7 68.7c23.2 12.2 50.9-7.4 46.4-33.7l-25-145.5 105.7-103c19-18.5 8.5-50.8-17.7-54.6L382 150.2 316.7 17.8c-11.7-23.6-45.6-23.9-57.4 0z\"><\/path><\/svg>\t\t\t\t<\/span>\n\t\t\t<\/div>\n\t\t\t\n\t\t\t\t\t\t<div class=\"elementor-icon-box-content\">\n\n\t\t\t\t\t\t\t\t\t<h3 class=\"elementor-icon-box-title\">\n\t\t\t\t\t\t<span  >\n\t\t\t\t\t\t\tMat\u00e9riaux de premi\u00e8re qualit\u00e9\t\t\t\t\t\t<\/span>\n\t\t\t\t\t<\/h3>\n\t\t\t\t\n\t\t\t\t\n\t\t\t<\/div>\n\t\t\t\n\t\t<\/div>\n\t\t\t\t\t\t<\/div>\n\t\t\t\t<\/div>\n\t\t\t\t<div class=\"elementor-element elementor-element-5bece5ea elementor-view-stacked elementor-shape-rounded elementor-position-left elementor-mobile-position-top elementor-widget elementor-widget-icon-box\" data-id=\"5bece5ea\" data-element_type=\"widget\" data-widget_type=\"icon-box.default\">\n\t\t\t\t<div class=\"elementor-widget-container\">\n\t\t\t\t\t\t\t<div class=\"elementor-icon-box-wrapper\">\n\n\t\t\t\t\t\t<div class=\"elementor-icon-box-icon\">\n\t\t\t\t<span  class=\"elementor-icon\">\n\t\t\t\t<i aria-hidden=\"true\" class=\"icon icon-weather\"><\/i>\t\t\t\t<\/span>\n\t\t\t<\/div>\n\t\t\t\n\t\t\t\t\t\t<div class=\"elementor-icon-box-content\">\n\n\t\t\t\t\t\t\t\t\t<h3 class=\"elementor-icon-box-title\">\n\t\t\t\t\t\t<span  >\n\t\t\t\t\t\t\tProtection contre les intemp\u00e9ries\t\t\t\t\t\t<\/span>\n\t\t\t\t\t<\/h3>\n\t\t\t\t\n\t\t\t\t\n\t\t\t<\/div>\n\t\t\t\n\t\t<\/div>\n\t\t\t\t\t\t<\/div>\n\t\t\t\t<\/div>\n\t\t\t\t<div class=\"elementor-element elementor-element-b2d4a0e elementor-view-stacked elementor-shape-rounded elementor-position-left elementor-mobile-position-top elementor-widget elementor-widget-icon-box\" data-id=\"b2d4a0e\" data-element_type=\"widget\" data-widget_type=\"icon-box.default\">\n\t\t\t\t<div class=\"elementor-widget-container\">\n\t\t\t\t\t\t\t<div class=\"elementor-icon-box-wrapper\">\n\n\t\t\t\t\t\t<div class=\"elementor-icon-box-icon\">\n\t\t\t\t<span  class=\"elementor-icon\">\n\t\t\t\t<svg aria-hidden=\"true\" class=\"e-font-icon-svg e-fas-shipping-fast\" viewbox=\"0 0 640 512\" xmlns=\"http:\/\/www.w3.org\/2000\/svg\"><path d=\"M624 352h-16V243.9c0-12.7-5.1-24.9-14.1-33.9L494 110.1c-9-9-21.2-14.1-33.9-14.1H416V48c0-26.5-21.5-48-48-48H112C85.5 0 64 21.5 64 48v48H8c-4.4 0-8 3.6-8 8v16c0 4.4 3.6 8 8 8h272c4.4 0 8 3.6 8 8v16c0 4.4-3.6 8-8 8H40c-4.4 0-8 3.6-8 8v16c0 4.4 3.6 8 8 8h208c4.4 0 8 3.6 8 8v16c0 4.4-3.6 8-8 8H8c-4.4 0-8 3.6-8 8v16c0 4.4 3.6 8 8 8h208c4.4 0 8 3.6 8 8v16c0 4.4-3.6 8-8 8H64v128c0 53 43 96 96 96s96-43 96-96h128c0 53 43 96 96 96s96-43 96-96h48c8.8 0 16-7.2 16-16v-32c0-8.8-7.2-16-16-16zM160 464c-26.5 0-48-21.5-48-48s21.5-48 48-48 48 21.5 48 48-21.5 48-48 48zm320 0c-26.5 0-48-21.5-48-48s21.5-48 48-48 48 21.5 48 48-21.5 48-48 48zm80-208H416V144h44.1l99.9 99.9V256z\"><\/path><\/svg>\t\t\t\t<\/span>\n\t\t\t<\/div>\n\t\t\t\n\t\t\t\t\t\t<div class=\"elementor-icon-box-content\">\n\n\t\t\t\t\t\t\t\t\t<h3 class=\"elementor-icon-box-title\">\n\t\t\t\t\t\t<span  >\n\t\t\t\t\t\t\tPr\u00eat \u00e0 exp\u00e9dier Volume disponible\t\t\t\t\t\t<\/span>\n\t\t\t\t\t<\/h3>\n\t\t\t\t\n\t\t\t\t\n\t\t\t<\/div>\n\t\t\t\n\t\t<\/div>\n\t\t\t\t\t\t<\/div>\n\t\t\t\t<\/div>\n\t\t\t\t<div class=\"elementor-element elementor-element-1df29f98 elementor-view-stacked elementor-shape-rounded elementor-position-left elementor-mobile-position-top elementor-widget elementor-widget-icon-box\" data-id=\"1df29f98\" data-element_type=\"widget\" data-widget_type=\"icon-box.default\">\n\t\t\t\t<div class=\"elementor-widget-container\">\n\t\t\t\t\t\t\t<div class=\"elementor-icon-box-wrapper\">\n\n\t\t\t\t\t\t<div class=\"elementor-icon-box-icon\">\n\t\t\t\t<span  class=\"elementor-icon\">\n\t\t\t\t<i aria-hidden=\"true\" class=\"icon icon-rocket-ship\"><\/i>\t\t\t\t<\/span>\n\t\t\t<\/div>\n\t\t\t\n\t\t\t\t\t\t<div class=\"elementor-icon-box-content\">\n\n\t\t\t\t\t\t\t\t\t<h3 class=\"elementor-icon-box-title\">\n\t\t\t\t\t\t<span  >\n\t\t\t\t\t\t\tLivraison rapide\t\t\t\t\t\t<\/span>\n\t\t\t\t\t<\/h3>\n\t\t\t\t\n\t\t\t\t\n\t\t\t<\/div>\n\t\t\t\n\t\t<\/div>\n\t\t\t\t\t\t<\/div>\n\t\t\t\t<\/div>\n\t\t\t\t<div class=\"elementor-element elementor-element-6fd0c8e3 elementor-view-stacked elementor-shape-rounded elementor-position-left elementor-mobile-position-top elementor-widget elementor-widget-icon-box\" data-id=\"6fd0c8e3\" data-element_type=\"widget\" data-widget_type=\"icon-box.default\">\n\t\t\t\t<div class=\"elementor-widget-container\">\n\t\t\t\t\t\t\t<div class=\"elementor-icon-box-wrapper\">\n\n\t\t\t\t\t\t<div class=\"elementor-icon-box-icon\">\n\t\t\t\t<span  class=\"elementor-icon\">\n\t\t\t\t<svg aria-hidden=\"true\" class=\"e-font-icon-svg e-fas-box-open\" viewbox=\"0 0 640 512\" xmlns=\"http:\/\/www.w3.org\/2000\/svg\"><path d=\"M425.7 256c-16.9 0-32.8-9-41.4-23.4L320 126l-64.2 106.6c-8.7 14.5-24.6 23.5-41.5 23.5-4.5 0-9-.6-13.3-1.9L64 215v178c0 14.7 10 27.5 24.2 31l216.2 54.1c10.2 2.5 20.9 2.5 31 0L551.8 424c14.2-3.6 24.2-16.4 24.2-31V215l-137 39.1c-4.3 1.3-8.8 1.9-13.3 1.9zm212.6-112.2L586.8 41c-3.1-6.2-9.8-9.8-16.7-8.9L320 64l91.7 152.1c3.8 6.3 11.4 9.3 18.5 7.3l197.9-56.5c9.9-2.9 14.7-13.9 10.2-23.1zM53.2 41L1.7 143.8c-4.6 9.2.3 20.2 10.1 23l197.9 56.5c7.1 2 14.7-1 18.5-7.3L320 64 69.8 32.1c-6.9-.8-13.5 2.7-16.6 8.9z\"><\/path><\/svg>\t\t\t\t<\/span>\n\t\t\t<\/div>\n\t\t\t\n\t\t\t\t\t\t<div class=\"elementor-icon-box-content\">\n\n\t\t\t\t\t\t\t\t\t<h3 class=\"elementor-icon-box-title\">\n\t\t\t\t\t\t<span  >\n\t\t\t\t\t\t\tSolutions d'emballage compl\u00e8tes\t\t\t\t\t\t<\/span>\n\t\t\t\t\t<\/h3>\n\t\t\t\t\n\t\t\t\t\n\t\t\t<\/div>\n\t\t\t\n\t\t<\/div>\n\t\t\t\t\t\t<\/div>\n\t\t\t\t<\/div>\n\t\t\t\t<\/div>\n\t\t\t\t<div class=\"elementor-element elementor-element-4dad5fc1 elementor-widget__width-inherit elementor-widget elementor-widget-heading\" data-id=\"4dad5fc1\" data-element_type=\"widget\" data-widget_type=\"heading.default\">\n\t\t\t\t<div class=\"elementor-widget-container\">\n\t\t\t\t\t<h2 class=\"elementor-heading-title elementor-size-default\">D\u00e9tails du produit<\/h2>\t\t\t\t<\/div>\n\t\t\t\t<\/div>\n\t\t\t\t<div class=\"elementor-element elementor-element-3bfdf494 elementor-widget__width-inherit elementor-widget elementor-widget-shortcode\" data-id=\"3bfdf494\" data-element_type=\"widget\" data-widget_type=\"shortcode.default\">\n\t\t\t\t<div class=\"elementor-widget-container\">\n\t\t\t\t\t\t\t<div class=\"elementor-shortcode\">\n<table id=\"tablepress-6\" class=\"tablepress tablepress-id-6\">\n<tbody class=\"row-striping row-hover\">\n<tr class=\"row-1\">\n\t<td class=\"column-1\"><b>Nom du produit<\/b><\/td><td class=\"column-2\">J1772 (Type 1) vers adaptateur CA NACS<\/td>\n<\/tr>\n<tr class=\"row-2\">\n\t<td class=\"column-1\"><b>Courant nominal<\/b><\/td><td class=\"column-2\">60A \/ 80A AC<\/td>\n<\/tr>\n<tr class=\"row-3\">\n\t<td class=\"column-1\"><b>Tension nominale<\/b><\/td><td class=\"column-2\">250V AC<\/td>\n<\/tr>\n<tr class=\"row-4\">\n\t<td class=\"column-1\"><b>R\u00e9sistance \u00e0 l'eau<\/b><\/td><td class=\"column-2\">IP54 (branch\u00e9)<\/td>\n<\/tr>\n<tr class=\"row-5\">\n\t<td class=\"column-1\"><b>Coquille ext\u00e9rieure<\/b><\/td><td class=\"column-2\">Thermoplastique<\/td>\n<\/tr>\n<tr class=\"row-6\">\n\t<td class=\"column-1\"><b>Broche conductrice<\/b><\/td><td class=\"column-2\">Alliage de cuivre, plaqu\u00e9 argent<\/td>\n<\/tr>\n<tr class=\"row-7\">\n\t<td class=\"column-1\"><b>Temp\u00e9rature de fonctionnement<\/b><\/td><td class=\"column-2\">De -30\u00b0C \u00e0 +50\u00b0C<\/td>\n<\/tr>\n<tr class=\"row-8\">\n\t<td class=\"column-1\"><b>Poids net<\/b><\/td><td class=\"column-2\">0,19 kg<\/td>\n<\/tr>\n<tr class=\"row-9\">\n\t<td class=\"column-1\"><b>Dimensions<\/b><\/td><td class=\"column-2\">88*60*61mm<\/td>\n<\/tr>\n<\/tbody>\n<\/table>\n<\/div>\n\t\t\t\t\t\t<\/div>\n\t\t\t\t<\/div>\n\t\t\t\t<div class=\"elementor-element elementor-element-156106c6 elementor-widget__width-inherit elementor-widget elementor-widget-heading\" data-id=\"156106c6\" data-element_type=\"widget\" data-widget_type=\"heading.default\">\n\t\t\t\t<div class=\"elementor-widget-container\">\n\t\t\t\t\t<h2 class=\"elementor-heading-title elementor-size-default\">FAQ<\/h2>\t\t\t\t<\/div>\n\t\t\t\t<\/div>\n\t\t\t\t<div class=\"elementor-element elementor-element-d9e532 elementor-widget elementor-widget-n-accordion\" data-id=\"d9e532\" data-element_type=\"widget\" data-settings=\"{&quot;default_state&quot;:&quot;expanded&quot;,&quot;max_items_expended&quot;:&quot;one&quot;,&quot;n_accordion_animation_duration&quot;:{&quot;unit&quot;:&quot;ms&quot;,&quot;size&quot;:400,&quot;sizes&quot;:[]}}\" data-widget_type=\"nested-accordion.default\">\n\t\t\t\t<div class=\"elementor-widget-container\">\n\t\t\t\t\t\t\t<div class=\"e-n-accordion\" aria-label=\"Accord\u00e9on. Ouvrez les liens avec Enter ou Space, fermez-les avec Escape et naviguez avec les touches fl\u00e9ch\u00e9es.\">\n\t\t\t\t\t\t<details id=\"e-n-accordion-item-1420\" class=\"e-n-accordion-item\" open>\n\t\t\t\t<summary class=\"e-n-accordion-item-title\" data-accordion-index=\"1\" tabindex=\"0\" aria-expanded=\"true\" aria-controls=\"e-n-accordion-item-1420\" >\n\t\t\t\t\t<span class='e-n-accordion-item-title-header'><div class=\"e-n-accordion-item-title-text\"> Quelle est la fonction d'un adaptateur de charge pour VE ?  <\/div><\/span>\n\t\t\t\t\t\t\t<span class='e-n-accordion-item-title-icon'>\n\t\t\t<span class='e-opened' ><svg aria-hidden=\"true\" class=\"e-font-icon-svg e-fas-minus\" viewbox=\"0 0 448 512\" xmlns=\"http:\/\/www.w3.org\/2000\/svg\"><path d=\"M416 208H32c-17.67 0-32 14.33-32 32v32c0 17.67 14.33 32 32 32h384c17.67 0 32-14.33 32-32v-32c0-17.67-14.33-32-32-32z\"><\/path><\/svg><\/span>\n\t\t\t<span class='e-closed'><svg aria-hidden=\"true\" class=\"e-font-icon-svg e-fas-plus\" viewbox=\"0 0 448 512\" xmlns=\"http:\/\/www.w3.org\/2000\/svg\"><path d=\"M416 208H272V64c0-17.67-14.33-32-32-32h-32c-17.67 0-32 14.33-32 32v144H32c-17.67 0-32 14.33-32 32v32c0 17.67 14.33 32 32 32h144v144c0 17.67 14.33 32 32 32h32c17.67 0 32-14.33 32-32V304h144c17.67 0 32-14.33 32-32v-32c0-17.67-14.33-32-32-32z\"><\/path><\/svg><\/span>\n\t\t<\/span>\n\n\t\t\t\t\t\t<\/summary>\n\t\t\t\t<div role=\"region\" aria-labelledby=\"e-n-accordion-item-1420\" class=\"elementor-element elementor-element-1fdba48b e-con-full e-flex e-con e-child\" data-id=\"1fdba48b\" data-element_type=\"container\">\n\t\t\t\t<div class=\"elementor-element elementor-element-4f5d1f77 elementor-widget__width-inherit elementor-widget elementor-widget-text-editor\" data-id=\"4f5d1f77\" data-element_type=\"widget\" data-widget_type=\"text-editor.default\">\n\t\t\t\t<div class=\"elementor-widget-container\">\n\t\t\t\t\t\t\t\t\t<p>Un adaptateur de charge pour VE permet aux v\u00e9hicules \u00e9lectriques de se connecter \u00e0 des stations de charge pour VE qui utilisent une norme de prise diff\u00e9rente. Par exemple, l'adaptateur <strong>J1772 (Type 1) vers adaptateur CA NACS <\/strong>permet \u00e0 un v\u00e9hicule \u00e9quip\u00e9 d'un port NACS de se recharger sur des stations de recharge en courant alternatif \u00e9quip\u00e9es de connecteurs J1772 (type 1).<\/p>\t\t\t\t\t\t\t\t<\/div>\n\t\t\t\t<\/div>\n\t\t\t\t<\/div>\n\t\t\t\t\t<\/details>\n\t\t\t\t\t\t<details id=\"e-n-accordion-item-1421\" class=\"e-n-accordion-item\" >\n\t\t\t\t<summary class=\"e-n-accordion-item-title\" data-accordion-index=\"2\" tabindex=\"-1\" aria-expanded=\"false\" aria-controls=\"e-n-accordion-item-1421\" >\n\t\t\t\t\t<span class='e-n-accordion-item-title-header'><div class=\"e-n-accordion-item-title-text\"> L'adaptateur de Mekel n\u00e9cessite-t-il une installation ou une configuration suppl\u00e9mentaire ?  <\/div><\/span>\n\t\t\t\t\t\t\t<span class='e-n-accordion-item-title-icon'>\n\t\t\t<span class='e-opened' ><svg aria-hidden=\"true\" class=\"e-font-icon-svg e-fas-minus\" viewbox=\"0 0 448 512\" xmlns=\"http:\/\/www.w3.org\/2000\/svg\"><path d=\"M416 208H32c-17.67 0-32 14.33-32 32v32c0 17.67 14.33 32 32 32h384c17.67 0 32-14.33 32-32v-32c0-17.67-14.33-32-32-32z\"><\/path><\/svg><\/span>\n\t\t\t<span class='e-closed'><svg aria-hidden=\"true\" class=\"e-font-icon-svg e-fas-plus\" viewbox=\"0 0 448 512\" xmlns=\"http:\/\/www.w3.org\/2000\/svg\"><path d=\"M416 208H272V64c0-17.67-14.33-32-32-32h-32c-17.67 0-32 14.33-32 32v144H32c-17.67 0-32 14.33-32 32v32c0 17.67 14.33 32 32 32h144v144c0 17.67 14.33 32 32 32h32c17.67 0 32-14.33 32-32V304h144c17.67 0 32-14.33 32-32v-32c0-17.67-14.33-32-32-32z\"><\/path><\/svg><\/span>\n\t\t<\/span>\n\n\t\t\t\t\t\t<\/summary>\n\t\t\t\t<div role=\"region\" aria-labelledby=\"e-n-accordion-item-1421\" class=\"elementor-element elementor-element-24b898ac e-con-full e-flex e-con e-child\" data-id=\"24b898ac\" data-element_type=\"container\">\n\t\t\t\t<div class=\"elementor-element elementor-element-3051fc2f elementor-widget__width-inherit elementor-widget elementor-widget-text-editor\" data-id=\"3051fc2f\" data-element_type=\"widget\" data-widget_type=\"text-editor.default\">\n\t\t\t\t<div class=\"elementor-widget-container\">\n\t\t\t\t\t\t\t\t\t<p>Aucune installation n'est n\u00e9cessaire. Notre adaptateur de charge pour VE est enti\u00e8rement plug-and-play et pr\u00eat \u00e0 l'emploi pour une exp\u00e9rience sans tracas.<\/p>\t\t\t\t\t\t\t\t<\/div>\n\t\t\t\t<\/div>\n\t\t\t\t<\/div>\n\t\t\t\t\t<\/details>\n\t\t\t\t\t\t<details id=\"e-n-accordion-item-1422\" class=\"e-n-accordion-item\" >\n\t\t\t\t<summary class=\"e-n-accordion-item-title\" data-accordion-index=\"3\" tabindex=\"-1\" aria-expanded=\"false\" aria-controls=\"e-n-accordion-item-1422\" >\n\t\t\t\t\t<span class='e-n-accordion-item-title-header'><div class=\"e-n-accordion-item-title-text\"> Cet adaptateur de charge pour VE peut-il \u00eatre utilis\u00e9 \u00e0 l'ext\u00e9rieur et par mauvais temps ?  <\/div><\/span>\n\t\t\t\t\t\t\t<span class='e-n-accordion-item-title-icon'>\n\t\t\t<span class='e-opened' ><svg aria-hidden=\"true\" class=\"e-font-icon-svg e-fas-minus\" viewbox=\"0 0 448 512\" xmlns=\"http:\/\/www.w3.org\/2000\/svg\"><path d=\"M416 208H32c-17.67 0-32 14.33-32 32v32c0 17.67 14.33 32 32 32h384c17.67 0 32-14.33 32-32v-32c0-17.67-14.33-32-32-32z\"><\/path><\/svg><\/span>\n\t\t\t<span class='e-closed'><svg aria-hidden=\"true\" class=\"e-font-icon-svg e-fas-plus\" viewbox=\"0 0 448 512\" xmlns=\"http:\/\/www.w3.org\/2000\/svg\"><path d=\"M416 208H272V64c0-17.67-14.33-32-32-32h-32c-17.67 0-32 14.33-32 32v144H32c-17.67 0-32 14.33-32 32v32c0 17.67 14.33 32 32 32h144v144c0 17.67 14.33 32 32 32h32c17.67 0 32-14.33 32-32V304h144c17.67 0 32-14.33 32-32v-32c0-17.67-14.33-32-32-32z\"><\/path><\/svg><\/span>\n\t\t<\/span>\n\n\t\t\t\t\t\t<\/summary>\n\t\t\t\t<div role=\"region\" aria-labelledby=\"e-n-accordion-item-1422\" class=\"elementor-element elementor-element-74784273 e-con-full e-flex e-con e-child\" data-id=\"74784273\" data-element_type=\"container\">\n\t\t\t\t<div class=\"elementor-element elementor-element-6a5a8bb6 elementor-widget__width-inherit elementor-widget elementor-widget-text-editor\" data-id=\"6a5a8bb6\" data-element_type=\"widget\" data-widget_type=\"text-editor.default\">\n\t\t\t\t<div class=\"elementor-widget-container\">\n\t\t\t\t\t\t\t\t\t<p>Absolument ! Avec un indice de protection IP54, notre adaptateur de charge pour VE offre une excellente protection contre l'eau et la poussi\u00e8re, ce qui le rend id\u00e9al par temps de pluie ou de neige.<\/p>\t\t\t\t\t\t\t\t<\/div>\n\t\t\t\t<\/div>\n\t\t\t\t<\/div>\n\t\t\t\t\t<\/details>\n\t\t\t\t\t<\/div>\n\t\t\t\t\t\t<\/div>\n\t\t\t\t<\/div>\n\t\t\t\t\t<\/div>\n\t\t\t\t<\/div>\n\t\t\t\t<\/div>","protected":false},"excerpt":{"rendered":"<p>Introduction to J1772 (Type 1) to NACS AC Adapter Widely used within\u00a0the North America\u00a0market, the J1772 (Type 1) to NACS AC Charging Adapter\u00a0allows NACS-standard vehicles to charge at J1772 (Type1) Charging\u00a0stations. Its compact, plug-and-play design makes\u00a0it easy to store and effortless to use. It also comes with\u00a0IP54 weather protection and operating temperature of -30\u00b0C to [&hellip;]<\/p>","protected":false},"author":4,"featured_media":4548,"menu_order":0,"template":"","format":"standard","meta":{"_acf_changed":false,"site-sidebar-layout":"no-sidebar","site-content-layout":"page-builder","ast-site-content-layout":"full-width-container","site-content-style":"default","site-sidebar-style":"default","ast-global-header-display":"","ast-banner-title-visibility":"","ast-main-header-display":"","ast-hfb-above-header-display":"","ast-hfb-below-header-display":"","ast-hfb-mobile-header-display":"","site-post-title":"disabled","ast-breadcrumbs-content":"","ast-featured-img":"disabled","footer-sml-layout":"","ast-disable-related-posts":"","theme-transparent-header-meta":"","adv-header-id-meta":"","stick-header-meta":"","header-above-stick-meta":"","header-main-stick-meta":"","header-below-stick-meta":"","astra-migrate-meta-layouts":"set","ast-page-background-enabled":"default","ast-page-background-meta":{"desktop":{"background-color":"","background-image":"","background-repeat":"repeat","background-position":"center center","background-size":"auto","background-attachment":"scroll","background-type":"","background-media":"","overlay-type":"","overlay-color":"","overlay-opacity":"","overlay-gradient":""},"tablet":{"background-color":"","background-image":"","background-repeat":"repeat","background-position":"center center","background-size":"auto","background-attachment":"scroll","background-type":"","background-media":"","overlay-type":"","overlay-color":"","overlay-opacity":"","overlay-gradient":""},"mobile":{"background-color":"","background-image":"","background-repeat":"repeat","background-position":"center center","background-size":"auto","background-attachment":"scroll","background-type":"","background-media":"","overlay-type":"","overlay-color":"","overlay-opacity":"","overlay-gradient":""}},"ast-content-background-meta":{"desktop":{"background-color":"var(--ast-global-color-5)","background-image":"","background-repeat":"repeat","background-position":"center center","background-size":"auto","background-attachment":"scroll","background-type":"","background-media":"","overlay-type":"","overlay-color":"","overlay-opacity":"","overlay-gradient":""},"tablet":{"background-color":"var(--ast-global-color-5)","background-image":"","background-repeat":"repeat","background-position":"center center","background-size":"auto","background-attachment":"scroll","background-type":"","background-media":"","overlay-type":"","overlay-color":"","overlay-opacity":"","overlay-gradient":""},"mobile":{"background-color":"var(--ast-global-color-5)","background-image":"","background-repeat":"repeat","background-position":"center center","background-size":"auto","background-attachment":"scroll","background-type":"","background-media":"","overlay-type":"","overlay-color":"","overlay-opacity":"","overlay-gradient":""}},"footnotes":""},"product-category":[84,89],"product-tag":[],"class_list":["post-5033","product","type-product","status-publish","format-standard","has-post-thumbnail","hentry","product-category-charging-accessories","product-category-charging-adapter"],"acf":[],"_links":{"self":[{"href":"https:\/\/www.mekeltech.com\/fr\/wp-json\/wp\/v2\/product\/5033","targetHints":{"allow":["GET"]}}],"collection":[{"href":"https:\/\/www.mekeltech.com\/fr\/wp-json\/wp\/v2\/product"}],"about":[{"href":"https:\/\/www.mekeltech.com\/fr\/wp-json\/wp\/v2\/types\/product"}],"author":[{"embeddable":true,"href":"https:\/\/www.mekeltech.com\/fr\/wp-json\/wp\/v2\/users\/4"}],"version-history":[{"count":10,"href":"https:\/\/www.mekeltech.com\/fr\/wp-json\/wp\/v2\/product\/5033\/revisions"}],"predecessor-version":[{"id":5784,"href":"https:\/\/www.mekeltech.com\/fr\/wp-json\/wp\/v2\/product\/5033\/revisions\/5784"}],"wp:featuredmedia":[{"embeddable":true,"href":"https:\/\/www.mekeltech.com\/fr\/wp-json\/wp\/v2\/media\/4548"}],"wp:attachment":[{"href":"https:\/\/www.mekeltech.com\/fr\/wp-json\/wp\/v2\/media?parent=5033"}],"wp:term":[{"taxonomy":"product-category","embeddable":true,"href":"https:\/\/www.mekeltech.com\/fr\/wp-json\/wp\/v2\/product-category?post=5033"},{"taxonomy":"product-tag","embeddable":true,"href":"https:\/\/www.mekeltech.com\/fr\/wp-json\/wp\/v2\/product-tag?post=5033"}],"curies":[{"name":"wp","href":"https:\/\/api.w.org\/{rel}","templated":true}]}}