{"id":4505,"date":"2025-06-18T16:47:51","date_gmt":"2025-06-18T08:47:51","guid":{"rendered":"https:\/\/www.mekeltech.com\/?post_type=product&#038;p=4505"},"modified":"2025-06-18T17:52:01","modified_gmt":"2025-06-18T09:52:01","slug":"type-2-standard-charging-connectors","status":"publish","type":"product","link":"https:\/\/www.mekeltech.com\/fr\/product\/type-2-standard-charging-connectors\/","title":{"rendered":"Connecteurs de charge standard de type 2"},"content":{"rendered":"<p>Les connecteurs femelles et m\u00e2les de type 2 de Mekel pr\u00e9sentent une conception ergonomique et sont reconnus pour leur durabilit\u00e9 exceptionnelle, leur s\u00e9curit\u00e9 et leur r\u00e9sistance aux intemp\u00e9ries. D\u00e9sormais disponibles en version monophas\u00e9e et triphas\u00e9e, les connecteurs comprennent \u00e9galement des composants de conduction internes.<\/p>\n\n\n\n<h2 class=\"wp-block-heading\">Qu'est-ce qu'un connecteur m\u00e2le ou femelle de type 2 ?<\/h2>\n\n\n\n<p>Les connecteurs femelles et m\u00e2les de type 2 sont utilis\u00e9s pour l'assemblage des c\u00e2bles de charge CA de type 2. <\/p>\n\n\n\n<p>Le <strong>Connecteur femelle<\/strong> est utilis\u00e9 pour l'extr\u00e9mit\u00e9 qui se branche directement dans les prises de v\u00e9hicule de type 2 ou CCS2. <\/p>\n\n\n\n<p>Le <strong>Connecteur m\u00e2le<\/strong> est utilis\u00e9 pour se connecter \u00e0 des stations de recharge en courant alternatif. <\/p>\n\n\n\n<p>Si le client a l'intention d'acheter pour l'assemblage de stations de recharge attach\u00e9es, le connecteur femelle est suffisant, car c'est l'extr\u00e9mit\u00e9 \u00e0 connecter \u00e0 la prise de recharge du v\u00e9hicule.<\/p>\n\n\n\n<h2 class=\"wp-block-heading\">Comment cela fonctionne-t-il ?<\/h2>\n\n\n\n<p>Les c\u00e2bles internes du c\u00e2ble de charge de type 2, apr\u00e8s avoir retir\u00e9 la gaine du c\u00e2ble, doivent \u00eatre estampill\u00e9s avec les bornes correspondantes fournies avec les connecteurs. Les bornes sont ensuite assembl\u00e9es sur les composants de l'enveloppe ext\u00e9rieure en PC et en nylon des connecteurs.<\/p>\n\n\n\n<p>La conduction et le relais de l'\u00e9lectricit\u00e9 se font \u00e0 travers les bornes des connecteurs femelles et m\u00e2les de type 2 pour charger le v\u00e9hicule \u00e9lectrique \u00e0 partir de la station de charge.<\/p>\n\n\n\n<h2 class=\"wp-block-heading\">Pourquoi choisir les connecteurs de charge Mekel de type 2 \u00e0 type 2 ?<\/h2>\n\n\n\n<h3 class=\"wp-block-heading\">Certifications \u00e0 la pointe de l'industrie<\/h3>\n\n\n\n<p>Test\u00e9 et certifi\u00e9 par le prestigieux laboratoire d'essai TUV Rheinland pour les certifications TUV, CE et UKCA. Mekel est fier de ses produits qui offrent une s\u00e9curit\u00e9 certifi\u00e9e \u00e0 tous les utilisateurs finaux.<\/p>\n\n\n\n<h3 class=\"wp-block-heading\">Une qualit\u00e9 robuste<\/h3>\n\n\n\n<p>Fabriqu\u00e9s avec des mat\u00e9riaux de la plus haute qualit\u00e9, les connecteurs de type 2 de Mekel vous offrent la meilleure valeur possible gr\u00e2ce \u00e0 la long\u00e9vit\u00e9 du produit. Con\u00e7us pour supporter plus de 10 000 cycles d'utilisation, nos connecteurs de type 2 conviennent \u00e0 toutes les entreprises et \u00e0 tous les consommateurs finaux dans le cadre d'une utilisation quotidienne.<\/p>\n\n\n\n<h3 class=\"wp-block-heading\">Prot\u00e9g\u00e9 contre les environnements et les conditions m\u00e9t\u00e9orologiques extr\u00eames<\/h3>\n\n\n\n<p>Les connecteurs de type 2 de Mekel sont dot\u00e9s d'un niveau de protection IP65 qui leur permet de r\u00e9sister \u00e0 la pluie et \u00e0 la neige. Ils ont \u00e9t\u00e9 test\u00e9s pour fonctionner dans des conditions climatiques extr\u00eames allant de -35\u00b0C \u00e0 +50\u00b0C. Test\u00e9s dans toutes sortes d'environnements, les connecteurs conviennent aux pays situ\u00e9s le long de l'\u00e9quateur et aux conditions de gel extr\u00eames des pays nordiques.<\/p>\n\n\n\n<h3 class=\"wp-block-heading\">Caract\u00e9ristiques principales des connecteurs Mekel de type 2<\/h3>\n\n\n\n<p>1. Certifi\u00e9 TUV, CE, UKCA, RoHS<\/p>\n\n\n\n<ol class=\"wp-block-list\">\n<li><\/li>\n<\/ol>\n\n\n\n<p>2. Solutions de personnalisation flexibles : Gravure au laser du logo, de la longueur, de la couleur, de l'emballage<\/p>\n\n\n\n<p>3. 2 ans de garantie<\/p>\n\n\n\n<p>4. Un vaste r\u00e9seau de distribution mondial<\/p>\n\n\n\n<p>5. Protection sup\u00e9rieure contre l'eau<\/p>\n\n\n\n<h2 class=\"wp-block-heading\">FAQ<\/h2>\n\n\n\n<p><strong>Q : De quel connecteur ai-je besoin si je fabrique des stations de recharge ?<\/strong><\/p>\n\n\n\n<p>R : Si vous construisez des stations de charge attach\u00e9es, dans lesquelles l'extr\u00e9mit\u00e9 du c\u00e2ble de charge de type 2 est attach\u00e9e \u00e0 votre station de charge, vous n'aurez besoin que du connecteur femelle. Le connecteur femelle doit \u00eatre fix\u00e9 \u00e0 l'extr\u00e9mit\u00e9 de charge du c\u00e2ble et utilis\u00e9 pour connecter le v\u00e9hicule \u00e9lectrique \u00e0 la station de charge.<\/p>\n\n\n\n<p><strong>Q : Les connecteurs sont-ils compatibles avec les v\u00e9hicules \u00e9lectriques \u00e0 batterie (BEV) et les v\u00e9hicules \u00e9lectriques hybrides rechargeables (PHEV) ?<\/strong><\/p>\n\n\n\n<p>R : Veuillez v\u00e9rifier l'entr\u00e9e de charge du v\u00e9hicule pour voir si elle est de type 2 (Mennekes, 7 broches) ou CCS 2 (7 broches + 2 broches). Le connecteur femelle de type 2 est compatible avec les BEV et PHEV dot\u00e9s d'entr\u00e9es de charge de type 2 et CCS. Le connecteur m\u00e2le est compatible avec les stations de recharge, pas avec les v\u00e9hicules.<\/p>\n\n\n\n<p><strong>Q : Les connecteurs sont-ils accompagn\u00e9s d'un certificat de qualit\u00e9 ?<\/strong><\/p>\n\n\n\n<p>R : Oui. Nos connecteurs de type 2 sont conformes aux normes TUV, CE et UKCA. Il s'agit des exigences de certification les plus strictes en Europe et au Royaume-Uni. Garantir une qualit\u00e9 de pointe est notre priorit\u00e9 absolue.<\/p>","protected":false},"excerpt":{"rendered":"<p>Mekel Type 2 Female and Male Connectors feature ergonomic design and are proven to be of exceptional durability, safety proof, and weather resistance. Now available in Single and three-phase variations, connectors also include internal conduction components. What are Type 2 Female and Male Connectors? Type 2 Female and Male Connectors are used for assembly of [&hellip;]<\/p>","protected":false},"author":4,"featured_media":4509,"menu_order":0,"template":"","format":"standard","meta":{"_acf_changed":false,"site-sidebar-layout":"default","site-content-layout":"","ast-site-content-layout":"default","site-content-style":"default","site-sidebar-style":"default","ast-global-header-display":"","ast-banner-title-visibility":"","ast-main-header-display":"","ast-hfb-above-header-display":"","ast-hfb-below-header-display":"","ast-hfb-mobile-header-display":"","site-post-title":"","ast-breadcrumbs-content":"","ast-featured-img":"","footer-sml-layout":"","ast-disable-related-posts":"","theme-transparent-header-meta":"","adv-header-id-meta":"","stick-header-meta":"","header-above-stick-meta":"","header-main-stick-meta":"","header-below-stick-meta":"","astra-migrate-meta-layouts":"set","ast-page-background-enabled":"default","ast-page-background-meta":{"desktop":{"background-color":"","background-image":"","background-repeat":"repeat","background-position":"center center","background-size":"auto","background-attachment":"scroll","background-type":"","background-media":"","overlay-type":"","overlay-color":"","overlay-opacity":"","overlay-gradient":""},"tablet":{"background-color":"","background-image":"","background-repeat":"repeat","background-position":"center center","background-size":"auto","background-attachment":"scroll","background-type":"","background-media":"","overlay-type":"","overlay-color":"","overlay-opacity":"","overlay-gradient":""},"mobile":{"background-color":"","background-image":"","background-repeat":"repeat","background-position":"center center","background-size":"auto","background-attachment":"scroll","background-type":"","background-media":"","overlay-type":"","overlay-color":"","overlay-opacity":"","overlay-gradient":""}},"ast-content-background-meta":{"desktop":{"background-color":"var(--ast-global-color-5)","background-image":"","background-repeat":"repeat","background-position":"center center","background-size":"auto","background-attachment":"scroll","background-type":"","background-media":"","overlay-type":"","overlay-color":"","overlay-opacity":"","overlay-gradient":""},"tablet":{"background-color":"var(--ast-global-color-5)","background-image":"","background-repeat":"repeat","background-position":"center center","background-size":"auto","background-attachment":"scroll","background-type":"","background-media":"","overlay-type":"","overlay-color":"","overlay-opacity":"","overlay-gradient":""},"mobile":{"background-color":"var(--ast-global-color-5)","background-image":"","background-repeat":"repeat","background-position":"center center","background-size":"auto","background-attachment":"scroll","background-type":"","background-media":"","overlay-type":"","overlay-color":"","overlay-opacity":"","overlay-gradient":""}},"footnotes":""},"product-category":[90],"product-tag":[],"class_list":["post-4505","product","type-product","status-publish","format-standard","has-post-thumbnail","hentry","product-category-charging-cable"],"acf":[],"_links":{"self":[{"href":"https:\/\/www.mekeltech.com\/fr\/wp-json\/wp\/v2\/product\/4505","targetHints":{"allow":["GET"]}}],"collection":[{"href":"https:\/\/www.mekeltech.com\/fr\/wp-json\/wp\/v2\/product"}],"about":[{"href":"https:\/\/www.mekeltech.com\/fr\/wp-json\/wp\/v2\/types\/product"}],"author":[{"embeddable":true,"href":"https:\/\/www.mekeltech.com\/fr\/wp-json\/wp\/v2\/users\/4"}],"version-history":[{"count":4,"href":"https:\/\/www.mekeltech.com\/fr\/wp-json\/wp\/v2\/product\/4505\/revisions"}],"predecessor-version":[{"id":5994,"href":"https:\/\/www.mekeltech.com\/fr\/wp-json\/wp\/v2\/product\/4505\/revisions\/5994"}],"wp:featuredmedia":[{"embeddable":true,"href":"https:\/\/www.mekeltech.com\/fr\/wp-json\/wp\/v2\/media\/4509"}],"wp:attachment":[{"href":"https:\/\/www.mekeltech.com\/fr\/wp-json\/wp\/v2\/media?parent=4505"}],"wp:term":[{"taxonomy":"product-category","embeddable":true,"href":"https:\/\/www.mekeltech.com\/fr\/wp-json\/wp\/v2\/product-category?post=4505"},{"taxonomy":"product-tag","embeddable":true,"href":"https:\/\/www.mekeltech.com\/fr\/wp-json\/wp\/v2\/product-tag?post=4505"}],"curies":[{"name":"wp","href":"https:\/\/api.w.org\/{rel}","templated":true}]}}