{"id":3403,"date":"2025-05-07T08:56:08","date_gmt":"2025-05-07T08:56:08","guid":{"rendered":"https:\/\/www.mekeltech.com\/?post_type=product&#038;p=3403"},"modified":"2025-07-24T17:23:54","modified_gmt":"2025-07-24T09:23:54","slug":"7-22kw-portable-ev-charger-offerings","status":"publish","type":"product","link":"https:\/\/www.mekeltech.com\/fr\/product\/7-22kw-portable-ev-charger-offerings\/","title":{"rendered":"Chargeur portable EV 7-22kW"},"content":{"rendered":"<div data-elementor-type=\"wp-post\" data-elementor-id=\"3403\" class=\"elementor elementor-3403\" data-elementor-post-type=\"product\">\n\t\t\t\t<div class=\"elementor-element elementor-element-75f90086 e-flex e-con-boxed e-con e-parent\" data-id=\"75f90086\" data-element_type=\"container\">\n\t\t\t\t\t<div class=\"e-con-inner\">\n\t\t\t\t<div class=\"elementor-element elementor-element-3eda3a2 elementor-widget elementor-widget-text-editor\" data-id=\"3eda3a2\" data-element_type=\"widget\" data-widget_type=\"text-editor.default\">\n\t\t\t\t<div class=\"elementor-widget-container\">\n\t\t\t\t\t\t\t\t\t<p>Les chargeurs portables pour VE de 7 \u00e0 22 kW de Mekel offrent une fonctionnalit\u00e9 de branchement et de recharge sans effort, qu'ils soient mont\u00e9s sur place ou emport\u00e9s en d\u00e9placement. Con\u00e7u pour les environnements int\u00e9rieurs et ext\u00e9rieurs, il s'agit d'un outil de charge polyvalent pour les entreprises qui souhaitent d\u00e9velopper leurs activit\u00e9s dans le domaine des VE et pour les propri\u00e9taires de VE individuels qui recherchent une charge sans probl\u00e8me \u00e0 la maison et en d\u00e9placement.<\/p>\t\t\t\t\t\t\t\t<\/div>\n\t\t\t\t<\/div>\n\t\t\t\t<div class=\"elementor-element elementor-element-cac0e9e elementor-widget elementor-widget-heading\" data-id=\"cac0e9e\" data-element_type=\"widget\" data-widget_type=\"heading.default\">\n\t\t\t\t<div class=\"elementor-widget-container\">\n\t\t\t\t\t<h2 class=\"elementor-heading-title elementor-size-default\">Chargement acc\u00e9l\u00e9r\u00e9 avec le chargeur portable Mekel 7kW pour VE<\/h2>\t\t\t\t<\/div>\n\t\t\t\t<\/div>\n\t\t\t\t<div class=\"elementor-element elementor-element-9e44ca2 elementor-widget elementor-widget-text-editor\" data-id=\"9e44ca2\" data-element_type=\"widget\" data-widget_type=\"text-editor.default\">\n\t\t\t\t<div class=\"elementor-widget-container\">\n\t\t\t\t\t\t\t\t\t<p>Exploitant jusqu'\u00e0 22 kilowatts, les chargeurs portables pour VE 7-22kW de Mekel garantissent une recharge rapide et fiable dans les foyers, sur les lieux de travail et dans les centres commerciaux. Avec des options de connecteur de type 2, NACS et de type 1, il s'int\u00e8gre parfaitement aux mod\u00e8les de VE dans toutes les zones g\u00e9ographiques. Pour les entreprises et les particuliers, ce chargeur stimule l'efficacit\u00e9 op\u00e9rationnelle en r\u00e9duisant consid\u00e9rablement le temps de charge par rapport aux chargeurs portables de 3,7 kW, ce qui permet aux flottes et aux VE personnels d'\u00eatre pr\u00eats \u00e0 rouler avec un d\u00e9lai de charge minimal.<\/p>\t\t\t\t\t\t\t\t<\/div>\n\t\t\t\t<\/div>\n\t\t\t\t<div class=\"elementor-element elementor-element-a1641b5 elementor-widget elementor-widget-heading\" data-id=\"a1641b5\" data-element_type=\"widget\" data-widget_type=\"heading.default\">\n\t\t\t\t<div class=\"elementor-widget-container\">\n\t\t\t\t\t<h2 class=\"elementor-heading-title elementor-size-default\">Combien de temps dure la charge avec un chargeur portable de 22 kW ?<\/h2>\t\t\t\t<\/div>\n\t\t\t\t<\/div>\n\t\t\t\t<div class=\"elementor-element elementor-element-e34927b elementor-widget elementor-widget-text-editor\" data-id=\"e34927b\" data-element_type=\"widget\" data-widget_type=\"text-editor.default\">\n\t\t\t\t<div class=\"elementor-widget-container\">\n\t\t\t\t\t\t\t\t\t<p>La dur\u00e9e de la charge d\u00e9pend de la taille de la batterie du v\u00e9hicule \u00e9lectrique. En moyenne, ce chargeur de 22 kW offre une autonomie d'environ 100 km par heure. Une charge compl\u00e8te dure g\u00e9n\u00e9ralement de 3 \u00e0 4 heures - plus longtemps pour les batteries de grande capacit\u00e9 comme celles d'une Tesla Model X, moins longtemps pour les plus petites. Des variables telles que la stabilit\u00e9 de la puissance et la conception du v\u00e9hicule jouent \u00e9galement un r\u00f4le, ce qui en fait un choix solide pour la recharge de nuit ou pendant les heures de travail.<\/p>\t\t\t\t\t\t\t\t<\/div>\n\t\t\t\t<\/div>\n\t\t\t\t<div class=\"elementor-element elementor-element-de7c0e0 elementor-widget elementor-widget-heading\" data-id=\"de7c0e0\" data-element_type=\"widget\" data-widget_type=\"heading.default\">\n\t\t\t\t<div class=\"elementor-widget-container\">\n\t\t\t\t\t<h2 class=\"elementor-heading-title elementor-size-default\">La mobilit\u00e9 au service d'une conception robuste<\/h2>\t\t\t\t<\/div>\n\t\t\t\t<\/div>\n\t\t\t\t<div class=\"elementor-element elementor-element-4ede38a elementor-widget elementor-widget-text-editor\" data-id=\"4ede38a\" data-element_type=\"widget\" data-widget_type=\"text-editor.default\">\n\t\t\t\t<div class=\"elementor-widget-container\">\n\t\t\t\t\t\t\t\t\t<p>Les chargeurs portables Mekel 7-22kW pour v\u00e9hicules \u00e9lectriques sont con\u00e7us pour \u00eatre portatifs sans pour autant sacrifier la durabilit\u00e9. Son cadre l\u00e9ger et ses poign\u00e9es ergonomiques permettent de le d\u00e9placer facilement d'un site \u00e0 l'autre ou \u00e0 l'int\u00e9rieur d'une installation, tandis que son bo\u00eetier robuste le prot\u00e8ge contre les chocs et les intemp\u00e9ries. Cette adaptabilit\u00e9 r\u00e9pond aux besoins dynamiques des entreprises, qu'il s'agisse d'espaces \u00e9v\u00e9nementiels, de d\u00e9p\u00f4ts de flotte ou de fournisseurs de services mobiles.<\/p>\t\t\t\t\t\t\t\t<\/div>\n\t\t\t\t<\/div>\n\t\t\t\t<div class=\"elementor-element elementor-element-49c839a elementor-widget elementor-widget-heading\" data-id=\"49c839a\" data-element_type=\"widget\" data-widget_type=\"heading.default\">\n\t\t\t\t<div class=\"elementor-widget-container\">\n\t\t\t\t\t<h2 class=\"elementor-heading-title elementor-size-default\">Chargement simplifi\u00e9 gr\u00e2ce \u00e0 une interface intuitive<\/h2>\t\t\t\t<\/div>\n\t\t\t\t<\/div>\n\t\t\t\t<div class=\"elementor-element elementor-element-9ff5d66 elementor-widget elementor-widget-text-editor\" data-id=\"9ff5d66\" data-element_type=\"widget\" data-widget_type=\"text-editor.default\">\n\t\t\t\t<div class=\"elementor-widget-container\">\n\t\t\t\t\t\t\t\t\t<p>La recharge ne doit pas vous ralentir. Le chargeur portable Mekl 7-22kW pour VE est dot\u00e9 d'un design simple pour une utilisation sans effort :<\/p>\n<p><!-- \/wp:paragraph --><!-- wp:list --><\/p>\n<ul class=\"wp-block-list\"><!-- wp:list-item -->\n<li><strong>\u00c9cran LCD clair<\/strong>: Suivi des statistiques de charge, comme le courant et la temp\u00e9rature, en temps r\u00e9el.<\/li>\n<!-- \/wp:list-item --><!-- wp:list-item -->\n<li><strong>Contr\u00f4les accessibles<\/strong>: Des boutons faciles \u00e0 utiliser permettent une installation rapide, m\u00eame pour les novices.<\/li>\n<!-- \/wp:list-item --><!-- wp:list-item -->\n<li><strong>Bouchons de cabriolet<\/strong>: Fiches CEE interchangeables et diverses prises domestiques pour des sc\u00e9narios d'utilisation adapt\u00e9s.<\/li>\n<\/ul>\t\t\t\t\t\t\t\t<\/div>\n\t\t\t\t<\/div>\n\t\t\t\t<div class=\"elementor-element elementor-element-7d8b103 elementor-widget elementor-widget-heading\" data-id=\"7d8b103\" data-element_type=\"widget\" data-widget_type=\"heading.default\">\n\t\t\t\t<div class=\"elementor-widget-container\">\n\t\t\t\t\t<h2 class=\"elementor-heading-title elementor-size-default\">Nos variantes de chargeurs portables pour VE de 7 \u00e0 22 kW<\/h2>\t\t\t\t<\/div>\n\t\t\t\t<\/div>\n\t\t\t\t<div class=\"elementor-element elementor-element-455ce53 elementor-widget elementor-widget-text-editor\" data-id=\"455ce53\" data-element_type=\"widget\" data-widget_type=\"text-editor.default\">\n\t\t\t\t<div class=\"elementor-widget-container\">\n\t\t\t\t\t\t\t\t\t<p>Nous savons que les entreprises \u00e9voluent, c'est pourquoi notre gamme de chargeurs portables pour VE de 7 \u00e0 22 kW comprend des mod\u00e8les con\u00e7us pour offrir des performances constantes et de haute qualit\u00e9, adapt\u00e9es \u00e0 vos exigences op\u00e9rationnelles.<\/p>\t\t\t\t\t\t\t\t<\/div>\n\t\t\t\t<\/div>\n\t\t\t\t<div class=\"elementor-element elementor-element-bc17b39 elementor-widget elementor-widget-heading\" data-id=\"bc17b39\" data-element_type=\"widget\" data-widget_type=\"heading.default\">\n\t\t\t\t<div class=\"elementor-widget-container\">\n\t\t\t\t\t<h2 class=\"elementor-heading-title elementor-size-default\">Personnalisation de la facturation en fonction des besoins de l'entreprise<\/h2>\t\t\t\t<\/div>\n\t\t\t\t<\/div>\n\t\t\t\t<div class=\"elementor-element elementor-element-3cc1251 elementor-widget elementor-widget-text-editor\" data-id=\"3cc1251\" data-element_type=\"widget\" data-widget_type=\"text-editor.default\">\n\t\t\t\t<div class=\"elementor-widget-container\">\n\t\t\t\t\t\t\t\t\t<p>Adaptez le chargeur portable Mekel 7kW aux besoins de votre entreprise. Choisissez entre les connecteurs de type 2, NACS ou de type 1, ajustez la longueur et la couleur du c\u00e2ble et imprimez votre logo. Cette personnalisation renforce et am\u00e9liore la pr\u00e9sence de votre marque.<\/p>\t\t\t\t\t\t\t\t<\/div>\n\t\t\t\t<\/div>\n\t\t\t\t<div class=\"elementor-element elementor-element-1a73415 elementor-widget elementor-widget-heading\" data-id=\"1a73415\" data-element_type=\"widget\" data-widget_type=\"heading.default\">\n\t\t\t\t<div class=\"elementor-widget-container\">\n\t\t\t\t\t<h2 class=\"elementor-heading-title elementor-size-default\">Sc\u00e9narios de charge pour les chargeurs portables Mekel 7-22kW pour VE<\/h2>\t\t\t\t<\/div>\n\t\t\t\t<\/div>\n\t\t\t\t<div class=\"elementor-element elementor-element-46cb4a6 elementor-widget elementor-widget-heading\" data-id=\"46cb4a6\" data-element_type=\"widget\" data-widget_type=\"heading.default\">\n\t\t\t\t<div class=\"elementor-widget-container\">\n\t\t\t\t\t<h3 class=\"elementor-heading-title elementor-size-default\">Une alimentation fiable \u00e0 la maison ou au bureau<\/h3>\t\t\t\t<\/div>\n\t\t\t\t<\/div>\n\t\t\t\t<div class=\"elementor-element elementor-element-81ca670 elementor-widget elementor-widget-text-editor\" data-id=\"81ca670\" data-element_type=\"widget\" data-widget_type=\"text-editor.default\">\n\t\t\t\t<div class=\"elementor-widget-container\">\n\t\t\t\t\t\t\t\t\t<p>Le chargeur portable EV 7-22kW de Mekel offre une solution fiable pour les environnements int\u00e9rieurs, tels que les garages domestiques ou les terrains de bureaux. Branchez-le sur une prise 220-240V AC pour une recharge efficace pendant la nuit ou sur des prises CEE jusqu'\u00e0 400V AC et vous serez assur\u00e9 que les v\u00e9hicules sont compl\u00e8tement aliment\u00e9s le matin.<\/p>\t\t\t\t\t\t\t\t<\/div>\n\t\t\t\t<\/div>\n\t\t\t\t<div class=\"elementor-element elementor-element-41845dc elementor-widget elementor-widget-heading\" data-id=\"41845dc\" data-element_type=\"widget\" data-widget_type=\"heading.default\">\n\t\t\t\t<div class=\"elementor-widget-container\">\n\t\t\t\t\t<h3 class=\"elementor-heading-title elementor-size-default\">Flexibilit\u00e9 de la recharge en d\u00e9placement<\/h3>\t\t\t\t<\/div>\n\t\t\t\t<\/div>\n\t\t\t\t<div class=\"elementor-element elementor-element-1a294f0 elementor-widget elementor-widget-text-editor\" data-id=\"1a294f0\" data-element_type=\"widget\" data-widget_type=\"text-editor.default\">\n\t\t\t\t<div class=\"elementor-widget-container\">\n\t\t\t\t\t\t\t\t\t<p>Suffisamment compacts pour tenir dans le coffre d'un v\u00e9hicule, les chargeurs portables Mekel 7-22kW pour VE servent de lignes de vie \u00e9lectriques mobiles. Parfaits pour les d\u00e9placements dans les zones rurales et pour les sauvegardes d'urgence, ils se branchent sur n'importe quelle prise de courant compatible pour fournir une charge r\u00e9guli\u00e8re o\u00f9 que vous alliez. Cela permet aux utilisateurs d'avoir l'esprit tranquille lorsque la d\u00e9pendance aux stations de recharge publiques est limit\u00e9e.<\/p>\t\t\t\t\t\t\t\t<\/div>\n\t\t\t\t<\/div>\n\t\t\t\t<div class=\"elementor-element elementor-element-7237687 elementor-widget elementor-widget-heading\" data-id=\"7237687\" data-element_type=\"widget\" data-widget_type=\"heading.default\">\n\t\t\t\t<div class=\"elementor-widget-container\">\n\t\t\t\t\t<h2 class=\"elementor-heading-title elementor-size-default\">FAQ<\/h2>\t\t\t\t<\/div>\n\t\t\t\t<\/div>\n\t\t\t\t<div class=\"elementor-element elementor-element-6dcb7f4 elementor-widget elementor-widget-text-editor\" data-id=\"6dcb7f4\" data-element_type=\"widget\" data-widget_type=\"text-editor.default\">\n\t\t\t\t<div class=\"elementor-widget-container\">\n\t\t\t\t\t\t\t\t\t<p>Q : Quelle est la vitesse de charge d'un chargeur portable pour VE de 7 \u00e0 22 kW (32 A) ?<br \/>R : En fonction de la prise connect\u00e9e, la charge \u00e0 7 kW ajoute 45 \u00e0 55 km d'autonomie par heure, en fonction de la taille et de l'efficacit\u00e9 de la batterie. \u00c0 22 kW, il ajoute environ 110 km d'autonomie par heure. Ce rythme convient \u00e0 la recharge de flotte pendant la nuit ou \u00e0 l'utilisation pendant la journ\u00e9e, ce qui permet aux v\u00e9hicules d'\u00eatre pr\u00eats \u00e0 l'action.<\/p>\n<p><!-- \/wp:paragraph --><!-- wp:paragraph --><\/p>\n<p>Q : Est-il compatible avec tous les v\u00e9hicules \u00e9lectriques ?<br \/>R : Oui, les chargeurs Mekel 7-22kW sont compatibles avec les VE \u00e9quip\u00e9s de connecteurs de type 2, NACS ou de type 1, y compris les mod\u00e8les Tesla, Nissan, BMW et autres. V\u00e9rifiez les sp\u00e9cifications de votre v\u00e9hicule pour une correspondance parfaite, car les prises de charge des VE varient selon les r\u00e9gions.<\/p>\n<p><!-- \/wp:paragraph --><!-- wp:paragraph --><\/p>\n<p>Q : Quelle est la configuration \u00e9lectrique n\u00e9cessaire ?<br \/>R : Il faut une prise CEE monophas\u00e9e de 32A pour charger \u00e0 7kW, et une prise CEE triphas\u00e9e de 32A pour 22kW. Si les deux ne sont pas disponibles, vous pouvez \u00e9galement changer le connecteur de la prise pour charger, ce qui vous offre la plus grande flexibilit\u00e9 dans diff\u00e9rentes situations.<\/p>\n<p><!-- \/wp:paragraph --><!-- wp:paragraph --><\/p>\n<p>Q : Peut-il r\u00e9pondre \u00e0 la fois aux besoins fixes et mobiles des entreprises ?<br \/>R : Oui, il est adaptable pour une utilisation stationnaire \u00e0 la maison ou au bureau et suffisamment portable pour les d\u00e9placements, ce qui en fait une solution de secours polyvalente pour les flottes ou les op\u00e9rations \u00e0 distance.<\/p>\n<p><!-- \/wp:paragraph --><!-- wp:paragraph --><\/p>\n<p>Q : Est-il con\u00e7u pour les conditions ext\u00e9rieures ?<br \/>R : Absolument. Avec un indice de protection IP66, il r\u00e9siste \u00e0 la pluie, \u00e0 la poussi\u00e8re et aux temp\u00e9ratures extr\u00eames, ce qui garantit sa fiabilit\u00e9 dans n'importe quel environnement professionnel.<\/p>\t\t\t\t\t\t\t\t<\/div>\n\t\t\t\t<\/div>\n\t\t\t\t\t<\/div>\n\t\t\t\t<\/div>\n\t\t\t\t<\/div>","protected":false},"excerpt":{"rendered":"<p>Mekel\u2019s 7-22kW Portable EV Chargers delivers effortless plug-and-charge functionality, whether mounted in place or taken on the go. Designed for both indoor and outdoor environments, it\u2019s a versatile charging asset for businesses aiming to scale their EV operations and for individual EV owners looking for hassle free charging at home and on the go. Accelerated [&hellip;]<\/p>","protected":false},"author":1,"featured_media":2261,"menu_order":0,"template":"","format":"standard","meta":{"_acf_changed":false,"site-sidebar-layout":"default","site-content-layout":"","ast-site-content-layout":"default","site-content-style":"default","site-sidebar-style":"default","ast-global-header-display":"","ast-banner-title-visibility":"","ast-main-header-display":"","ast-hfb-above-header-display":"","ast-hfb-below-header-display":"","ast-hfb-mobile-header-display":"","site-post-title":"","ast-breadcrumbs-content":"","ast-featured-img":"","footer-sml-layout":"","ast-disable-related-posts":"","theme-transparent-header-meta":"","adv-header-id-meta":"","stick-header-meta":"","header-above-stick-meta":"","header-main-stick-meta":"","header-below-stick-meta":"","astra-migrate-meta-layouts":"set","ast-page-background-enabled":"default","ast-page-background-meta":{"desktop":{"background-color":"","background-image":"","background-repeat":"repeat","background-position":"center center","background-size":"auto","background-attachment":"scroll","background-type":"","background-media":"","overlay-type":"","overlay-color":"","overlay-opacity":"","overlay-gradient":""},"tablet":{"background-color":"","background-image":"","background-repeat":"repeat","background-position":"center center","background-size":"auto","background-attachment":"scroll","background-type":"","background-media":"","overlay-type":"","overlay-color":"","overlay-opacity":"","overlay-gradient":""},"mobile":{"background-color":"","background-image":"","background-repeat":"repeat","background-position":"center center","background-size":"auto","background-attachment":"scroll","background-type":"","background-media":"","overlay-type":"","overlay-color":"","overlay-opacity":"","overlay-gradient":""}},"ast-content-background-meta":{"desktop":{"background-color":"var(--ast-global-color-5)","background-image":"","background-repeat":"repeat","background-position":"center center","background-size":"auto","background-attachment":"scroll","background-type":"","background-media":"","overlay-type":"","overlay-color":"","overlay-opacity":"","overlay-gradient":""},"tablet":{"background-color":"var(--ast-global-color-5)","background-image":"","background-repeat":"repeat","background-position":"center center","background-size":"auto","background-attachment":"scroll","background-type":"","background-media":"","overlay-type":"","overlay-color":"","overlay-opacity":"","overlay-gradient":""},"mobile":{"background-color":"var(--ast-global-color-5)","background-image":"","background-repeat":"repeat","background-position":"center center","background-size":"auto","background-attachment":"scroll","background-type":"","background-media":"","overlay-type":"","overlay-color":"","overlay-opacity":"","overlay-gradient":""}},"footnotes":""},"product-category":[92],"product-tag":[],"class_list":["post-3403","product","type-product","status-publish","format-standard","has-post-thumbnail","hentry","product-category-portable-charger"],"acf":[],"_links":{"self":[{"href":"https:\/\/www.mekeltech.com\/fr\/wp-json\/wp\/v2\/product\/3403","targetHints":{"allow":["GET"]}}],"collection":[{"href":"https:\/\/www.mekeltech.com\/fr\/wp-json\/wp\/v2\/product"}],"about":[{"href":"https:\/\/www.mekeltech.com\/fr\/wp-json\/wp\/v2\/types\/product"}],"author":[{"embeddable":true,"href":"https:\/\/www.mekeltech.com\/fr\/wp-json\/wp\/v2\/users\/1"}],"version-history":[{"count":6,"href":"https:\/\/www.mekeltech.com\/fr\/wp-json\/wp\/v2\/product\/3403\/revisions"}],"predecessor-version":[{"id":5427,"href":"https:\/\/www.mekeltech.com\/fr\/wp-json\/wp\/v2\/product\/3403\/revisions\/5427"}],"wp:featuredmedia":[{"embeddable":true,"href":"https:\/\/www.mekeltech.com\/fr\/wp-json\/wp\/v2\/media\/2261"}],"wp:attachment":[{"href":"https:\/\/www.mekeltech.com\/fr\/wp-json\/wp\/v2\/media?parent=3403"}],"wp:term":[{"taxonomy":"product-category","embeddable":true,"href":"https:\/\/www.mekeltech.com\/fr\/wp-json\/wp\/v2\/product-category?post=3403"},{"taxonomy":"product-tag","embeddable":true,"href":"https:\/\/www.mekeltech.com\/fr\/wp-json\/wp\/v2\/product-tag?post=3403"}],"curies":[{"name":"wp","href":"https:\/\/api.w.org\/{rel}","templated":true}]}}