{"id":2981,"date":"2025-05-25T15:27:44","date_gmt":"2025-05-25T07:27:44","guid":{"rendered":"https:\/\/mekeltech.com\/?post_type=product&#038;p=2981"},"modified":"2025-09-05T10:41:59","modified_gmt":"2025-09-05T02:41:59","slug":"dc-charging-controller","status":"publish","type":"product","link":"https:\/\/www.mekeltech.com\/fr\/product\/dc-charging-controller\/","title":{"rendered":"Contr\u00f4leur de charge DC"},"content":{"rendered":"<div data-elementor-type=\"wp-post\" data-elementor-id=\"2981\" class=\"elementor elementor-2981\" data-elementor-post-type=\"product\">\n\t\t\t\t<div class=\"elementor-element elementor-element-40a01cfc e-flex e-con-boxed e-con e-parent\" data-id=\"40a01cfc\" data-element_type=\"container\">\n\t\t\t\t\t<div class=\"e-con-inner\">\n\t\t\t\t<div class=\"elementor-element elementor-element-85de9aa elementor-widget elementor-widget-heading\" data-id=\"85de9aa\" data-element_type=\"widget\" data-widget_type=\"heading.default\">\n\t\t\t\t<div class=\"elementor-widget-container\">\n\t\t\t\t\t<h2 class=\"elementor-heading-title elementor-size-default\">Introduction au contr\u00f4leur de charge CC<\/h2>\t\t\t\t<\/div>\n\t\t\t\t<\/div>\n\t\t\t\t<div class=\"elementor-element elementor-element-e2110a0 elementor-widget elementor-widget-text-editor\" data-id=\"e2110a0\" data-element_type=\"widget\" data-widget_type=\"text-editor.default\">\n\t\t\t\t<div class=\"elementor-widget-container\">\n\t\t\t\t\t\t\t\t\t<p>Le contr\u00f4leur de charge DC de Mekel est une unit\u00e9 de contr\u00f4le haute performance responsable des fonctions de surveillance, de contr\u00f4le, de communication et de protection de l'ensemble du processus de charge. Il offre une surveillance en temps r\u00e9el de la tension, du courant, de la temp\u00e9rature et de l'\u00e9tat des d\u00e9fauts, garantissant une efficacit\u00e9 maximale (\u226596%) et un service ininterrompu dans les sc\u00e9narios de charge publics et commerciaux. Avec une prise en charge int\u00e9gr\u00e9e des protocoles CCS, CHAdeMO et GB\/T, ainsi que la conformit\u00e9 aux normes IEC 61851-23 et ISO 15118, notre contr\u00f4leur offre une gestion intelligente de la charge et un diagnostic \u00e0 distance.<\/p>\t\t\t\t\t\t\t\t<\/div>\n\t\t\t\t<\/div>\n\t\t\t\t<div class=\"elementor-element elementor-element-b0e9e6a elementor-widget elementor-widget-heading\" data-id=\"b0e9e6a\" data-element_type=\"widget\" data-widget_type=\"heading.default\">\n\t\t\t\t<div class=\"elementor-widget-container\">\n\t\t\t\t\t<h2 class=\"elementor-heading-title elementor-size-default\">Comment fonctionne le contr\u00f4leur de charge DC ?<\/h2>\t\t\t\t<\/div>\n\t\t\t\t<\/div>\n\t\t\t\t<div class=\"elementor-element elementor-element-8118dc1 elementor-widget elementor-widget-text-editor\" data-id=\"8118dc1\" data-element_type=\"widget\" data-widget_type=\"text-editor.default\">\n\t\t\t\t<div class=\"elementor-widget-container\">\n\t\t\t\t\t\t\t\t\t<p>Une fois la v\u00e9rification de l'utilisateur r\u00e9ussie, le contr\u00f4leur de charge CC \u00e9tablit la communication avec le syst\u00e8me de gestion de la batterie du v\u00e9hicule (BMS) et lance le processus de charge. Pendant la charge, le contr\u00f4leur surveille en temps r\u00e9el<strong>\u00a0<\/strong>et ajuste la sortie en fonction des informations fournies par le syst\u00e8me de gestion des b\u00e2timents. En cas de probl\u00e8mes tels qu'une surtension ou une surchauffe, le contr\u00f4leur active les m\u00e9canismes de s\u00e9curit\u00e9 et enregistre les donn\u00e9es de d\u00e9faillance. Une fois la charge termin\u00e9e, le contr\u00f4leur d\u00e9connecte le circuit en toute s\u00e9curit\u00e9, g\u00e8re le comptage et la facturation, et communique avec le cloud pour tout autre rapport intelligent.<\/p>\t\t\t\t\t\t\t\t<\/div>\n\t\t\t\t<\/div>\n\t\t\t\t<div class=\"elementor-element elementor-element-e3577ea elementor-widget elementor-widget-heading\" data-id=\"e3577ea\" data-element_type=\"widget\" data-widget_type=\"heading.default\">\n\t\t\t\t<div class=\"elementor-widget-container\">\n\t\t\t\t\t<h2 class=\"elementor-heading-title elementor-size-default\">Pourquoi choisir le contr\u00f4leur de charge DC de Mekel ?<\/h2>\t\t\t\t<\/div>\n\t\t\t\t<\/div>\n\t\t\t\t<div class=\"elementor-element elementor-element-2748d70 elementor-widget elementor-widget-heading\" data-id=\"2748d70\" data-element_type=\"widget\" data-widget_type=\"heading.default\">\n\t\t\t\t<div class=\"elementor-widget-container\">\n\t\t\t\t\t<h3 class=\"elementor-heading-title elementor-size-default\">Gestion \u00e9volutive de l'\u00e9nergie<\/h3>\t\t\t\t<\/div>\n\t\t\t\t<\/div>\n\t\t\t\t<div class=\"elementor-element elementor-element-4c6943e elementor-widget elementor-widget-text-editor\" data-id=\"4c6943e\" data-element_type=\"widget\" data-widget_type=\"text-editor.default\">\n\t\t\t\t<div class=\"elementor-widget-container\">\n\t\t\t\t\t\t\t\t\t<p>Notre contr\u00f4leur de charge CC prend en charge plusieurs modules d'alimentation en parall\u00e8le, ce qui permet aux op\u00e9rateurs de stations de charge d'augmenter leur capacit\u00e9 en ajoutant ou en rempla\u00e7ant des modules \u00e0 chaud sans temps d'arr\u00eat. Cette architecture modulaire r\u00e9duit les d\u00e9penses d'investissement pour les op\u00e9rateurs et simplifie la maintenance, puisque les modules individuels peuvent \u00eatre entretenus ou remplac\u00e9s sans mettre l'ensemble de la station hors service.<\/p>\t\t\t\t\t\t\t\t<\/div>\n\t\t\t\t<\/div>\n\t\t\t\t<div class=\"elementor-element elementor-element-6800afa elementor-widget elementor-widget-heading\" data-id=\"6800afa\" data-element_type=\"widget\" data-widget_type=\"heading.default\">\n\t\t\t\t<div class=\"elementor-widget-container\">\n\t\t\t\t\t<h3 class=\"elementor-heading-title elementor-size-default\">S\u00e9curit\u00e9 et fiabilit\u00e9 avanc\u00e9es<\/h3>\t\t\t\t<\/div>\n\t\t\t\t<\/div>\n\t\t\t\t<div class=\"elementor-element elementor-element-9e9c837 elementor-widget elementor-widget-text-editor\" data-id=\"9e9c837\" data-element_type=\"widget\" data-widget_type=\"text-editor.default\">\n\t\t\t\t<div class=\"elementor-widget-container\">\n\t\t\t\t\t\t\t\t\t<p>Dot\u00e9 de m\u00e9canismes de protection complets, le contr\u00f4leur de charge CC d\u00e9connecte automatiquement les modules d\u00e9fectueux et d\u00e9clenche des s\u00e9quences d'arr\u00eat en toute s\u00e9curit\u00e9 pour prot\u00e9ger les utilisateurs et les \u00e9quipements. Le contr\u00f4leur de charge CC a un MTBF sup\u00e9rieur \u00e0 500 000 heures, ce qui garantit une fiabilit\u00e9 \u00e0 long terme dans des environnements exigeants tels que les super-stations d'autoroute et les d\u00e9p\u00f4ts de flotte.<\/p>\t\t\t\t\t\t\t\t<\/div>\n\t\t\t\t<\/div>\n\t\t\t\t<div class=\"elementor-element elementor-element-62c6537 elementor-widget elementor-widget-heading\" data-id=\"62c6537\" data-element_type=\"widget\" data-widget_type=\"heading.default\">\n\t\t\t\t<div class=\"elementor-widget-container\">\n\t\t\t\t\t<h3 class=\"elementor-heading-title elementor-size-default\">Connectivit\u00e9 intelligente et conformit\u00e9 totale<\/h3>\t\t\t\t<\/div>\n\t\t\t\t<\/div>\n\t\t\t\t<div class=\"elementor-element elementor-element-9a283df elementor-widget elementor-widget-text-editor\" data-id=\"9a283df\" data-element_type=\"widget\" data-widget_type=\"text-editor.default\">\n\t\t\t\t<div class=\"elementor-widget-container\">\n\t\t\t\t\t\t\t\t\t<p>Dot\u00e9 d'interfaces CAN, RS485 et Ethernet, de ports 4G\/LTE et Wi-Fi, le contr\u00f4leur de charge CC s'int\u00e8gre de mani\u00e8re transparente aux syst\u00e8mes de back-office pour la surveillance \u00e0 distance, les mises \u00e0 jour du micrologiciel et les op\u00e9rations de gestion de la charge. La prise en charge de la norme ISO 15118 Plug &amp; Charge permet une authentification s\u00e9curis\u00e9e et une facturation automatis\u00e9e, pr\u00e9parant ainsi votre infrastructure aux fonctions \u00e9mergentes V2G et smart-grid.<\/p>\t\t\t\t\t\t\t\t<\/div>\n\t\t\t\t<\/div>\n\t\t\t\t<div class=\"elementor-element elementor-element-71d855e elementor-widget elementor-widget-heading\" data-id=\"71d855e\" data-element_type=\"widget\" data-widget_type=\"heading.default\">\n\t\t\t\t<div class=\"elementor-widget-container\">\n\t\t\t\t\t<h2 class=\"elementor-heading-title elementor-size-default\">Principales caract\u00e9ristiques du contr\u00f4leur de charge DC<\/h2>\t\t\t\t<\/div>\n\t\t\t\t<\/div>\n\t\t\t\t<div class=\"elementor-element elementor-element-7476077 elementor-widget elementor-widget-text-editor\" data-id=\"7476077\" data-element_type=\"widget\" data-widget_type=\"text-editor.default\">\n\t\t\t\t<div class=\"elementor-widget-container\">\n\t\t\t\t\t\t\t\t\t<ul>\n<li>Un support modulaire pour minimiser les temps d'arr\u00eat<\/li>\n<li>Mesures rigoureuses de s\u00e9curit\u00e9 et de durabilit\u00e9<\/li>\n<li>Fonctions de connectivit\u00e9 intelligentes<\/li>\n<li>Int\u00e9gration facile<\/li>\n<li>Livraison mondiale et soutien \u00e0 la cha\u00eene d'approvisionnement \u00a0<\/li>\n<\/ul>\t\t\t\t\t\t\t\t<\/div>\n\t\t\t\t<\/div>\n\t\t\t\t\t<\/div>\n\t\t\t\t<\/div>\n\t\t\t\t<\/div>","protected":false},"excerpt":{"rendered":"<p>Introduction to DC Charging Controller Mekel\u2019s DC DC charging controller is a high-performance control unit responsible for the monitoring, control, communication, and protection functions of the entire charging process. It features real-time monitoring of voltage, current, temperature, and fault status, ensuring peak efficiency (\u226596%) and uninterrupted service in public and commercial charging scenarios. With integrated [&hellip;]<\/p>","protected":false},"author":1,"featured_media":2983,"menu_order":0,"template":"","format":"standard","meta":{"_acf_changed":true,"site-sidebar-layout":"default","site-content-layout":"","ast-site-content-layout":"default","site-content-style":"default","site-sidebar-style":"default","ast-global-header-display":"","ast-banner-title-visibility":"","ast-main-header-display":"","ast-hfb-above-header-display":"","ast-hfb-below-header-display":"","ast-hfb-mobile-header-display":"","site-post-title":"","ast-breadcrumbs-content":"","ast-featured-img":"","footer-sml-layout":"","ast-disable-related-posts":"","theme-transparent-header-meta":"","adv-header-id-meta":"","stick-header-meta":"","header-above-stick-meta":"","header-main-stick-meta":"","header-below-stick-meta":"","astra-migrate-meta-layouts":"set","ast-page-background-enabled":"default","ast-page-background-meta":{"desktop":{"background-color":"","background-image":"","background-repeat":"repeat","background-position":"center center","background-size":"auto","background-attachment":"scroll","background-type":"","background-media":"","overlay-type":"","overlay-color":"","overlay-opacity":"","overlay-gradient":""},"tablet":{"background-color":"","background-image":"","background-repeat":"repeat","background-position":"center center","background-size":"auto","background-attachment":"scroll","background-type":"","background-media":"","overlay-type":"","overlay-color":"","overlay-opacity":"","overlay-gradient":""},"mobile":{"background-color":"","background-image":"","background-repeat":"repeat","background-position":"center center","background-size":"auto","background-attachment":"scroll","background-type":"","background-media":"","overlay-type":"","overlay-color":"","overlay-opacity":"","overlay-gradient":""}},"ast-content-background-meta":{"desktop":{"background-color":"var(--ast-global-color-5)","background-image":"","background-repeat":"repeat","background-position":"center center","background-size":"auto","background-attachment":"scroll","background-type":"","background-media":"","overlay-type":"","overlay-color":"","overlay-opacity":"","overlay-gradient":""},"tablet":{"background-color":"var(--ast-global-color-5)","background-image":"","background-repeat":"repeat","background-position":"center center","background-size":"auto","background-attachment":"scroll","background-type":"","background-media":"","overlay-type":"","overlay-color":"","overlay-opacity":"","overlay-gradient":""},"mobile":{"background-color":"var(--ast-global-color-5)","background-image":"","background-repeat":"repeat","background-position":"center center","background-size":"auto","background-attachment":"scroll","background-type":"","background-media":"","overlay-type":"","overlay-color":"","overlay-opacity":"","overlay-gradient":""}},"footnotes":""},"product-category":[106],"product-tag":[],"class_list":["post-2981","product","type-product","status-publish","format-standard","has-post-thumbnail","hentry","product-category-dc-charging-controller"],"acf":[],"_links":{"self":[{"href":"https:\/\/www.mekeltech.com\/fr\/wp-json\/wp\/v2\/product\/2981","targetHints":{"allow":["GET"]}}],"collection":[{"href":"https:\/\/www.mekeltech.com\/fr\/wp-json\/wp\/v2\/product"}],"about":[{"href":"https:\/\/www.mekeltech.com\/fr\/wp-json\/wp\/v2\/types\/product"}],"author":[{"embeddable":true,"href":"https:\/\/www.mekeltech.com\/fr\/wp-json\/wp\/v2\/users\/1"}],"version-history":[{"count":14,"href":"https:\/\/www.mekeltech.com\/fr\/wp-json\/wp\/v2\/product\/2981\/revisions"}],"predecessor-version":[{"id":6933,"href":"https:\/\/www.mekeltech.com\/fr\/wp-json\/wp\/v2\/product\/2981\/revisions\/6933"}],"wp:featuredmedia":[{"embeddable":true,"href":"https:\/\/www.mekeltech.com\/fr\/wp-json\/wp\/v2\/media\/2983"}],"wp:attachment":[{"href":"https:\/\/www.mekeltech.com\/fr\/wp-json\/wp\/v2\/media?parent=2981"}],"wp:term":[{"taxonomy":"product-category","embeddable":true,"href":"https:\/\/www.mekeltech.com\/fr\/wp-json\/wp\/v2\/product-category?post=2981"},{"taxonomy":"product-tag","embeddable":true,"href":"https:\/\/www.mekeltech.com\/fr\/wp-json\/wp\/v2\/product-tag?post=2981"}],"curies":[{"name":"wp","href":"https:\/\/api.w.org\/{rel}","templated":true}]}}