{"id":2896,"date":"2025-05-25T13:46:28","date_gmt":"2025-05-25T05:46:28","guid":{"rendered":"https:\/\/mekeltech.com\/?post_type=product&#038;p=2896"},"modified":"2025-08-22T15:36:19","modified_gmt":"2025-08-22T07:36:19","slug":"30kw-dc-charging-module","status":"publish","type":"product","link":"https:\/\/www.mekeltech.com\/fr\/product\/30kw-dc-charging-module\/","title":{"rendered":"Module de charge DC 30kW"},"content":{"rendered":"<div data-elementor-type=\"wp-post\" data-elementor-id=\"2896\" class=\"elementor elementor-2896\" data-elementor-post-type=\"product\">\n\t\t\t\t<div class=\"elementor-element elementor-element-13feab28 e-flex e-con-boxed e-con e-parent\" data-id=\"13feab28\" data-element_type=\"container\">\n\t\t\t\t\t<div class=\"e-con-inner\">\n\t\t\t\t<div class=\"elementor-element elementor-element-fe21823 elementor-widget elementor-widget-heading\" data-id=\"fe21823\" data-element_type=\"widget\" data-widget_type=\"heading.default\">\n\t\t\t\t<div class=\"elementor-widget-container\">\n\t\t\t\t\t<h2 class=\"elementor-heading-title elementor-size-default\">Introduction au module de charge Mekel 30kW DC<\/h2>\t\t\t\t<\/div>\n\t\t\t\t<\/div>\n\t\t\t\t<div class=\"elementor-element elementor-element-276505b elementor-widget elementor-widget-text-editor\" data-id=\"276505b\" data-element_type=\"widget\" data-widget_type=\"text-editor.default\">\n\t\t\t\t<div class=\"elementor-widget-container\">\n\t\t\t\t\t\t\t\t\t<p>Le module de charge CC de Mekel est une unit\u00e9 de conversion de puissance \u00e0 haute performance qui est cruciale pour le fonctionnement des stations de charge CC. Disponibles de 20KW \u00e0 30KW de sortie par module et supportant une large gamme de tension de 150V \u00e0 1000V DC, nos modules sont empilables dans l'armoire de charge pour fournir une charge rapide et fiable. Avec une efficacit\u00e9 maximale de \u226596%, des syst\u00e8mes de contr\u00f4le intelligents et des caract\u00e9ristiques de s\u00e9curit\u00e9 robustes, nous avons le module de charge CC parfait pour vos besoins en mati\u00e8re de stations de charge.<\/p>\t\t\t\t\t\t\t\t<\/div>\n\t\t\t\t<\/div>\n\t\t\t\t<div class=\"elementor-element elementor-element-abaec29 elementor-widget elementor-widget-heading\" data-id=\"abaec29\" data-element_type=\"widget\" data-widget_type=\"heading.default\">\n\t\t\t\t<div class=\"elementor-widget-container\">\n\t\t\t\t\t<h2 class=\"elementor-heading-title elementor-size-default\">Comment fonctionne un module de charge CC ?<\/h2>\t\t\t\t<\/div>\n\t\t\t\t<\/div>\n\t\t\t\t<div class=\"elementor-element elementor-element-0c5c828 elementor-widget elementor-widget-text-editor\" data-id=\"0c5c828\" data-element_type=\"widget\" data-widget_type=\"text-editor.default\">\n\t\t\t\t<div class=\"elementor-widget-container\">\n\t\t\t\t\t\t\t\t\t<p>Le module d'alimentation CC convertit la puissance d'entr\u00e9e CA en une sortie CC r\u00e9gul\u00e9e adapt\u00e9e \u00e0 la charge rapide CC. Il maintient une puissance de sortie constante sur une large plage de tension afin de garantir des performances de charge constantes. Des algorithmes de contr\u00f4le avanc\u00e9s g\u00e8rent la tension et le courant, tandis que des m\u00e9canismes de protection int\u00e9gr\u00e9s prot\u00e8gent contre les surtensions, les surintensit\u00e9s, les courts-circuits et les anomalies thermiques. Les interfaces de communication, telles que les protocoles CAN, facilitent l'int\u00e9gration transparente avec les syst\u00e8mes de gestion des stations de charge pour une surveillance et un contr\u00f4le en temps r\u00e9el.<\/p>\t\t\t\t\t\t\t\t<\/div>\n\t\t\t\t<\/div>\n\t\t\t\t<div class=\"elementor-element elementor-element-f02d7ee elementor-widget elementor-widget-heading\" data-id=\"f02d7ee\" data-element_type=\"widget\" data-widget_type=\"heading.default\">\n\t\t\t\t<div class=\"elementor-widget-container\">\n\t\t\t\t\t<h2 class=\"elementor-heading-title elementor-size-default\">Pourquoi choisir le module de charge Mekel 30kW DC ?<\/h2>\t\t\t\t<\/div>\n\t\t\t\t<\/div>\n\t\t\t\t<div class=\"elementor-element elementor-element-7fb6fe2 elementor-widget elementor-widget-heading\" data-id=\"7fb6fe2\" data-element_type=\"widget\" data-widget_type=\"heading.default\">\n\t\t\t\t<div class=\"elementor-widget-container\">\n\t\t\t\t\t<h3 class=\"elementor-heading-title elementor-size-default\">Efficacit\u00e9 et performance \u00e9lev\u00e9es<\/h3>\t\t\t\t<\/div>\n\t\t\t\t<\/div>\n\t\t\t\t<div class=\"elementor-element elementor-element-4a392bc elementor-widget elementor-widget-text-editor\" data-id=\"4a392bc\" data-element_type=\"widget\" data-widget_type=\"text-editor.default\">\n\t\t\t\t<div class=\"elementor-widget-container\">\n\t\t\t\t\t\t\t\t\t<p>Avec une efficacit\u00e9 de conversion \u00e9nerg\u00e9tique exceptionnelle, nos modules d'alimentation CC ont un rendement de pointe de \u226596% avec des pertes d'\u00e9nergie minimales, ce qui vous permet d'\u00e9conomiser des co\u00fbts op\u00e9rationnels. La large plage de tension de sortie et la capacit\u00e9 \u00e0 maintenir une puissance de sortie constante garantissent la compatibilit\u00e9 avec les diff\u00e9rentes batteries embarqu\u00e9es des VE et contribuent \u00e0 accro\u00eetre la satisfaction des clients.<\/p>\t\t\t\t\t\t\t\t<\/div>\n\t\t\t\t<\/div>\n\t\t\t\t<div class=\"elementor-element elementor-element-a047f5d elementor-widget elementor-widget-heading\" data-id=\"a047f5d\" data-element_type=\"widget\" data-widget_type=\"heading.default\">\n\t\t\t\t<div class=\"elementor-widget-container\">\n\t\t\t\t\t<h3 class=\"elementor-heading-title elementor-size-default\">S\u00e9curit\u00e9 et fiabilit\u00e9 robustes<\/h3>\t\t\t\t<\/div>\n\t\t\t\t<\/div>\n\t\t\t\t<div class=\"elementor-element elementor-element-4827519 elementor-widget elementor-widget-text-editor\" data-id=\"4827519\" data-element_type=\"widget\" data-widget_type=\"text-editor.default\">\n\t\t\t\t<div class=\"elementor-widget-container\">\n\t\t\t\t\t\t\t\t\t<p>\u00c9quip\u00e9s de multiples fonctions de protection, notamment contre les risques de surtension, de surintensit\u00e9, de court-circuit et de surchauffe, nos modules de charge DC garantissent un fonctionnement s\u00fbr dans des conditions d'exploitation vari\u00e9es. Avec un MTBF (Mean Time Between Failures) allant jusqu'\u00e0 500 000 heures, les modules de charge de Mekel ont fait leurs preuves en mati\u00e8re de fiabilit\u00e9 et de long\u00e9vit\u00e9 dans des conditions exigeantes.<\/p>\t\t\t\t\t\t\t\t<\/div>\n\t\t\t\t<\/div>\n\t\t\t\t<div class=\"elementor-element elementor-element-ee661b6 elementor-widget elementor-widget-heading\" data-id=\"ee661b6\" data-element_type=\"widget\" data-widget_type=\"heading.default\">\n\t\t\t\t<div class=\"elementor-widget-container\">\n\t\t\t\t\t<h3 class=\"elementor-heading-title elementor-size-default\">Int\u00e9gration polyvalente et conformit\u00e9<\/h3>\t\t\t\t<\/div>\n\t\t\t\t<\/div>\n\t\t\t\t<div class=\"elementor-element elementor-element-00d21ed elementor-widget elementor-widget-text-editor\" data-id=\"00d21ed\" data-element_type=\"widget\" data-widget_type=\"text-editor.default\">\n\t\t\t\t<div class=\"elementor-widget-container\">\n\t\t\t\t\t\t\t\t\t<p>Les modules de charge CC de Mekel sont con\u00e7us pour s'int\u00e9grer facilement dans les infrastructures de charge existantes et prennent en charge les protocoles de communication standard tels que CAN pour l'interop\u00e9rabilit\u00e9. Nos modules sont conformes aux normes internationales, notamment UL2202, IEC61851-1, IEC61851-23 et IEC61851-21-2, ce qui garantit l'alignement sur les exigences internationales en mati\u00e8re de s\u00e9curit\u00e9 et de fonctionnement.<\/p>\t\t\t\t\t\t\t\t<\/div>\n\t\t\t\t<\/div>\n\t\t\t\t<div class=\"elementor-element elementor-element-f026999 elementor-widget elementor-widget-heading\" data-id=\"f026999\" data-element_type=\"widget\" data-widget_type=\"heading.default\">\n\t\t\t\t<div class=\"elementor-widget-container\">\n\t\t\t\t\t<h2 class=\"elementor-heading-title elementor-size-default\">Caract\u00e9ristiques principales<\/h2>\t\t\t\t<\/div>\n\t\t\t\t<\/div>\n\t\t\t\t<div class=\"elementor-element elementor-element-3e5cf685 elementor-widget elementor-widget-text-editor\" data-id=\"3e5cf685\" data-element_type=\"widget\" data-widget_type=\"text-editor.default\">\n\t\t\t\t<div class=\"elementor-widget-container\">\n\t\t\t\t\t\t\t\t\t\n<ul class=\"wp-block-list\">\n<li>Efficacit\u00e9 et performances exceptionnelles<\/li>\n\n<li>Garantie de 2 ans \u00a0<\/li>\n\n<li>Des dispositifs de s\u00e9curit\u00e9 complets<\/li>\n\n<li>Int\u00e9gration facile<\/li>\n\n<li>Livraison mondiale et soutien \u00e0 la cha\u00eene d'approvisionnement \u00a0<\/li>\n<\/ul>\n<!-- \/wp:list -->\t\t\t\t\t\t\t\t<\/div>\n\t\t\t\t<\/div>\n\t\t\t\t\t<\/div>\n\t\t\t\t<\/div>\n\t\t\t\t<\/div>","protected":false},"excerpt":{"rendered":"<p>Introduction to Mekel 30kW DC Charging Module Mekel\u2019s DC Charging Module is a high-performance power conversion unit that is crucial for the functioning of DC charging stations. Available from 20KW to 30KW of output per module and supporting a wide voltage range of 150V to 1000V DC, our modules are stackable within the charging cabinet\u00a0to [&hellip;]<\/p>","protected":false},"author":1,"featured_media":2897,"menu_order":0,"template":"","format":"standard","meta":{"_acf_changed":false,"site-sidebar-layout":"default","site-content-layout":"","ast-site-content-layout":"default","site-content-style":"default","site-sidebar-style":"default","ast-global-header-display":"","ast-banner-title-visibility":"","ast-main-header-display":"","ast-hfb-above-header-display":"","ast-hfb-below-header-display":"","ast-hfb-mobile-header-display":"","site-post-title":"","ast-breadcrumbs-content":"","ast-featured-img":"","footer-sml-layout":"","ast-disable-related-posts":"","theme-transparent-header-meta":"","adv-header-id-meta":"","stick-header-meta":"","header-above-stick-meta":"","header-main-stick-meta":"","header-below-stick-meta":"","astra-migrate-meta-layouts":"set","ast-page-background-enabled":"default","ast-page-background-meta":{"desktop":{"background-color":"","background-image":"","background-repeat":"repeat","background-position":"center center","background-size":"auto","background-attachment":"scroll","background-type":"","background-media":"","overlay-type":"","overlay-color":"","overlay-opacity":"","overlay-gradient":""},"tablet":{"background-color":"","background-image":"","background-repeat":"repeat","background-position":"center center","background-size":"auto","background-attachment":"scroll","background-type":"","background-media":"","overlay-type":"","overlay-color":"","overlay-opacity":"","overlay-gradient":""},"mobile":{"background-color":"","background-image":"","background-repeat":"repeat","background-position":"center center","background-size":"auto","background-attachment":"scroll","background-type":"","background-media":"","overlay-type":"","overlay-color":"","overlay-opacity":"","overlay-gradient":""}},"ast-content-background-meta":{"desktop":{"background-color":"var(--ast-global-color-5)","background-image":"","background-repeat":"repeat","background-position":"center center","background-size":"auto","background-attachment":"scroll","background-type":"","background-media":"","overlay-type":"","overlay-color":"","overlay-opacity":"","overlay-gradient":""},"tablet":{"background-color":"var(--ast-global-color-5)","background-image":"","background-repeat":"repeat","background-position":"center center","background-size":"auto","background-attachment":"scroll","background-type":"","background-media":"","overlay-type":"","overlay-color":"","overlay-opacity":"","overlay-gradient":""},"mobile":{"background-color":"var(--ast-global-color-5)","background-image":"","background-repeat":"repeat","background-position":"center center","background-size":"auto","background-attachment":"scroll","background-type":"","background-media":"","overlay-type":"","overlay-color":"","overlay-opacity":"","overlay-gradient":""}},"footnotes":""},"product-category":[105],"product-tag":[],"class_list":["post-2896","product","type-product","status-publish","format-standard","has-post-thumbnail","hentry","product-category-dc-charging-module"],"acf":[],"_links":{"self":[{"href":"https:\/\/www.mekeltech.com\/fr\/wp-json\/wp\/v2\/product\/2896","targetHints":{"allow":["GET"]}}],"collection":[{"href":"https:\/\/www.mekeltech.com\/fr\/wp-json\/wp\/v2\/product"}],"about":[{"href":"https:\/\/www.mekeltech.com\/fr\/wp-json\/wp\/v2\/types\/product"}],"author":[{"embeddable":true,"href":"https:\/\/www.mekeltech.com\/fr\/wp-json\/wp\/v2\/users\/1"}],"version-history":[{"count":18,"href":"https:\/\/www.mekeltech.com\/fr\/wp-json\/wp\/v2\/product\/2896\/revisions"}],"predecessor-version":[{"id":6963,"href":"https:\/\/www.mekeltech.com\/fr\/wp-json\/wp\/v2\/product\/2896\/revisions\/6963"}],"wp:featuredmedia":[{"embeddable":true,"href":"https:\/\/www.mekeltech.com\/fr\/wp-json\/wp\/v2\/media\/2897"}],"wp:attachment":[{"href":"https:\/\/www.mekeltech.com\/fr\/wp-json\/wp\/v2\/media?parent=2896"}],"wp:term":[{"taxonomy":"product-category","embeddable":true,"href":"https:\/\/www.mekeltech.com\/fr\/wp-json\/wp\/v2\/product-category?post=2896"},{"taxonomy":"product-tag","embeddable":true,"href":"https:\/\/www.mekeltech.com\/fr\/wp-json\/wp\/v2\/product-tag?post=2896"}],"curies":[{"name":"wp","href":"https:\/\/api.w.org\/{rel}","templated":true}]}}