{"id":2881,"date":"2025-05-25T10:32:10","date_gmt":"2025-05-25T02:32:10","guid":{"rendered":"https:\/\/mekeltech.com\/?post_type=product&#038;p=2881"},"modified":"2025-08-25T15:13:21","modified_gmt":"2025-08-25T07:13:21","slug":"dc-charging-cabinet","status":"publish","type":"product","link":"https:\/\/www.mekeltech.com\/fr\/product\/dc-charging-cabinet\/","title":{"rendered":"Armoire de chargement DC"},"content":{"rendered":"<div data-elementor-type=\"wp-post\" data-elementor-id=\"2881\" class=\"elementor elementor-2881\" data-elementor-post-type=\"product\">\n\t\t\t\t<div class=\"elementor-element elementor-element-b6b21d e-flex e-con-boxed e-con e-parent\" data-id=\"b6b21d\" data-element_type=\"container\">\n\t\t\t\t\t<div class=\"e-con-inner\">\n\t\t\t\t<div class=\"elementor-element elementor-element-1e94fb0 elementor-widget elementor-widget-heading\" data-id=\"1e94fb0\" data-element_type=\"widget\" data-widget_type=\"heading.default\">\n\t\t\t\t<div class=\"elementor-widget-container\">\n\t\t\t\t\t<h2 class=\"elementor-heading-title elementor-size-default\">Introduction \u00e0 l'armoire de chargement CC<\/h2>\t\t\t\t<\/div>\n\t\t\t\t<\/div>\n\t\t\t\t<div class=\"elementor-element elementor-element-c888902 elementor-widget elementor-widget-text-editor\" data-id=\"c888902\" data-element_type=\"widget\" data-widget_type=\"text-editor.default\">\n\t\t\t\t<div class=\"elementor-widget-container\">\n\t\t\t\t\t\t\t\t\t<p>L'armoire de recharge DC de Mekel est une solution robuste et de haute qualit\u00e9 con\u00e7ue pour les fabricants et les assembleurs de stations de recharge DC. Con\u00e7ues pour des applications de haute puissance, nos armoires offrent une durabilit\u00e9 exceptionnelle, une r\u00e9sistance aux intemp\u00e9ries et une personnalisation flexible pour r\u00e9pondre aux exigences des march\u00e9s mondiaux. En mettant l'accent sur une conception structurelle robuste et sur la compatibilit\u00e9 avec divers composants internes, les armoires CC de Mekel sont le choix id\u00e9al pour construire des stations de recharge CC fiables et performantes.<\/p>\t\t\t\t\t\t\t\t<\/div>\n\t\t\t\t<\/div>\n\t\t\t\t<div class=\"elementor-element elementor-element-ca14b01 elementor-widget elementor-widget-heading\" data-id=\"ca14b01\" data-element_type=\"widget\" data-widget_type=\"heading.default\">\n\t\t\t\t<div class=\"elementor-widget-container\">\n\t\t\t\t\t<h2 class=\"elementor-heading-title elementor-size-default\">Qu'est-ce qu'une armoire de chargement CC ?<\/h2>\t\t\t\t<\/div>\n\t\t\t\t<\/div>\n\t\t\t\t<div class=\"elementor-element elementor-element-8c1cac7 elementor-widget elementor-widget-text-editor\" data-id=\"8c1cac7\" data-element_type=\"widget\" data-widget_type=\"text-editor.default\">\n\t\t\t\t<div class=\"elementor-widget-container\">\n\t\t\t\t\t\t\t\t\t<p>L'armoire de recharge DC est l'enveloppe ext\u00e9rieure qui abrite les composants internes essentiels des stations de recharge DC \u00e0 haute puissance, notamment les modules d'alimentation, les syst\u00e8mes de refroidissement et les unit\u00e9s de contr\u00f4le. Con\u00e7ue pour l'int\u00e9gration compatible de modules d'alimentation superpos\u00e9s, notre armoire prend en charge des puissances de charge rapide allant de 60 kW \u00e0 360 kW. Ces armoires constituent une enceinte s\u00e9curis\u00e9e et r\u00e9sistante aux intemp\u00e9ries. Contrairement aux conceptions d'armoires sur mesure qui n\u00e9cessitent un investissement initial important, les armoires sur \u00e9tag\u00e8re de Mekel offrent une solution rentable, permettant aux fabricants et aux assembleurs de rationaliser la production sans compromettre la qualit\u00e9 ou les performances.<\/p>\t\t\t\t\t\t\t\t<\/div>\n\t\t\t\t<\/div>\n\t\t\t\t<div class=\"elementor-element elementor-element-6d06177 elementor-widget elementor-widget-heading\" data-id=\"6d06177\" data-element_type=\"widget\" data-widget_type=\"heading.default\">\n\t\t\t\t<div class=\"elementor-widget-container\">\n\t\t\t\t\t<h2 class=\"elementor-heading-title elementor-size-default\">Comment fonctionne l'armoire de recharge CC ?<\/h2>\t\t\t\t<\/div>\n\t\t\t\t<\/div>\n\t\t\t\t<div class=\"elementor-element elementor-element-8e699c5 elementor-widget elementor-widget-text-editor\" data-id=\"8e699c5\" data-element_type=\"widget\" data-widget_type=\"text-editor.default\">\n\t\t\t\t<div class=\"elementor-widget-container\">\n\t\t\t\t\t\t\t\t\t<p>Les fabricants et les assembleurs peuvent s\u00e9lectionner les armoires en fonction des composants internes requis pour leurs conceptions de stations de recharge CC, tels que les modules de puissance pour la sortie requise, les syst\u00e8mes de gestion thermique et les unit\u00e9s de communication. Mekel fournit des plans de compatibilit\u00e9 d\u00e9taill\u00e9s et des \u00e9chantillons d'unit\u00e9s pour v\u00e9rification afin d'assurer une int\u00e9gration parfaite. Nos armoires de recharge DC sont con\u00e7ues avec des agencements internes modulaires pour s'adapter aux diff\u00e9rentes tailles et configurations des composants, y compris les composants des modules de puissance et les configurations des pompes de refroidissement liquide pour les variantes de puissance \u00e9lev\u00e9e en kW. Notre \u00e9quipe d'assistance sp\u00e9cialis\u00e9e aide les clients \u00e0 identifier l'armoire optimale pour leurs besoins sp\u00e9cifiques.<\/p>\t\t\t\t\t\t\t\t<\/div>\n\t\t\t\t<\/div>\n\t\t\t\t<div class=\"elementor-element elementor-element-9de7f12 elementor-widget elementor-widget-heading\" data-id=\"9de7f12\" data-element_type=\"widget\" data-widget_type=\"heading.default\">\n\t\t\t\t<div class=\"elementor-widget-container\">\n\t\t\t\t\t<h2 class=\"elementor-heading-title elementor-size-default\">Pourquoi choisir l'armoire de recharge Mekel DC ?<\/h2>\t\t\t\t<\/div>\n\t\t\t\t<\/div>\n\t\t\t\t<div class=\"elementor-element elementor-element-51d492b elementor-widget elementor-widget-heading\" data-id=\"51d492b\" data-element_type=\"widget\" data-widget_type=\"heading.default\">\n\t\t\t\t<div class=\"elementor-widget-container\">\n\t\t\t\t\t<h3 class=\"elementor-heading-title elementor-size-default\">Durabilit\u00e9 in\u00e9gal\u00e9e pour les environnements exigeants<\/h3>\t\t\t\t<\/div>\n\t\t\t\t<\/div>\n\t\t\t\t<div class=\"elementor-element elementor-element-424fa0e elementor-widget elementor-widget-text-editor\" data-id=\"424fa0e\" data-element_type=\"widget\" data-widget_type=\"text-editor.default\">\n\t\t\t\t<div class=\"elementor-widget-container\">\n\t\t\t\t\t\t\t\t\t<p>Les armoires de recharge DC de Mekel sont construites avec un indice de protection IP54, le meilleur de l'industrie, offrant une protection sup\u00e9rieure contre la p\u00e9n\u00e9tration de l'eau et de la poussi\u00e8re. Elles sont donc id\u00e9ales pour les installations ext\u00e9rieures dans des conditions m\u00e9t\u00e9orologiques extr\u00eames, qu'il s'agisse de fortes pluies ou de temp\u00eates de poussi\u00e8re dans le d\u00e9sert. Gr\u00e2ce \u00e0 leur conception structurelle et \u00e0 l'utilisation de mat\u00e9riaux de haute qualit\u00e9, nos armoires de recharge CC sont tr\u00e8s r\u00e9sistantes aux chocs, ce qui garantit une fiabilit\u00e9 \u00e0 long terme dans divers environnements, notamment le long des autoroutes, sur les sites industriels et dans les parkings publics. Cette durabilit\u00e9 se traduit par des co\u00fbts de maintenance r\u00e9duits et une confiance accrue des clients dans les op\u00e9rations quotidiennes.<\/p>\t\t\t\t\t\t\t\t<\/div>\n\t\t\t\t<\/div>\n\t\t\t\t<div class=\"elementor-element elementor-element-ab135a8 elementor-widget elementor-widget-heading\" data-id=\"ab135a8\" data-element_type=\"widget\" data-widget_type=\"heading.default\">\n\t\t\t\t<div class=\"elementor-widget-container\">\n\t\t\t\t\t<h3 class=\"elementor-heading-title elementor-size-default\">Conformit\u00e9 \u00e0 la certification mondiale<\/h3>\t\t\t\t<\/div>\n\t\t\t\t<\/div>\n\t\t\t\t<div class=\"elementor-element elementor-element-396ee10 elementor-widget elementor-widget-text-editor\" data-id=\"396ee10\" data-element_type=\"widget\" data-widget_type=\"text-editor.default\">\n\t\t\t\t<div class=\"elementor-widget-container\">\n\t\t\t\t\t\t\t\t\t<p>Les armoires de recharge DC de Mekel sont con\u00e7ues pour r\u00e9pondre \u00e0 des normes internationales strictes, notamment TUV, CE et UL. Que vous visiez le march\u00e9 europ\u00e9en, l'Am\u00e9rique du Nord ou d'autres march\u00e9s, nos armoires de recharge DC simplifient le processus de certification de vos stations de recharge DC. Cette compatibilit\u00e9 mondiale permet aux fabricants et aux assembleurs de concevoir en toute confiance des produits destin\u00e9s \u00e0 divers march\u00e9s, sans avoir \u00e0 proc\u00e9der \u00e0 des reconceptions co\u00fbteuses ou \u00e0 des tests suppl\u00e9mentaires.<\/p>\t\t\t\t\t\t\t\t<\/div>\n\t\t\t\t<\/div>\n\t\t\t\t<div class=\"elementor-element elementor-element-e29c235 elementor-widget elementor-widget-heading\" data-id=\"e29c235\" data-element_type=\"widget\" data-widget_type=\"heading.default\">\n\t\t\t\t<div class=\"elementor-widget-container\">\n\t\t\t\t\t<h3 class=\"elementor-heading-title elementor-size-default\">Solutions flexibles pour les configurations internes<\/h3>\t\t\t\t<\/div>\n\t\t\t\t<\/div>\n\t\t\t\t<div class=\"elementor-element elementor-element-b91dfac elementor-widget elementor-widget-text-editor\" data-id=\"b91dfac\" data-element_type=\"widget\" data-widget_type=\"text-editor.default\">\n\t\t\t\t<div class=\"elementor-widget-container\">\n\t\t\t\t\t\t\t\t\t<p>Nous comprenons que les stations de recharge CC varient consid\u00e9rablement dans leurs conceptions internes. Les armoires de recharge DC de Mekel offrent des dispositions internes adaptables pour accueillir une gamme de modules d'alimentation, de syst\u00e8mes de refroidissement et d'unit\u00e9s de contr\u00f4le. Nous fournissons \u00e9galement des composants internes et une assistance \u00e0 la conception. Le soutien \u00e0 la marque, y compris les logos, les compl\u00e9ments, les finitions de couleurs personnalis\u00e9es et les conceptions de panneaux sur mesure, permet aux fabricants d'aligner l'armoire sur leur identit\u00e9 de marque unique.<\/p>\t\t\t\t\t\t\t\t<\/div>\n\t\t\t\t<\/div>\n\t\t\t\t<div class=\"elementor-element elementor-element-26d5be9 elementor-widget elementor-widget-heading\" data-id=\"26d5be9\" data-element_type=\"widget\" data-widget_type=\"heading.default\">\n\t\t\t\t<div class=\"elementor-widget-container\">\n\t\t\t\t\t<h2 class=\"elementor-heading-title elementor-size-default\">Principales caract\u00e9ristiques des armoires de recharge Mekel DC<\/h2>\t\t\t\t<\/div>\n\t\t\t\t<\/div>\n\t\t\t\t<div class=\"elementor-element elementor-element-361f17d elementor-widget elementor-widget-text-editor\" data-id=\"361f17d\" data-element_type=\"widget\" data-widget_type=\"text-editor.default\">\n\t\t\t\t<div class=\"elementor-widget-container\">\n\t\t\t\t\t\t\t\t\t<ul>\n<li>Compatible avec les stations de recharge 60kW-480kW DC<\/li>\n<li>Compatible TUV, CE, UL \u00a0<\/li>\n<li>Solutions personnalisables : Gravure au laser, finitions en couleur, agencements internes modulaires \u00a0<\/li>\n<li>Garantie de 2 ans \u00a0<\/li>\n<li>Protection sup\u00e9rieure contre les intemp\u00e9ries gr\u00e2ce \u00e0 l'indice de protection IP54 \u00a0<\/li>\n<li>Livraison mondiale et soutien \u00e0 la cha\u00eene d'approvisionnement \u00a0<\/li>\n<\/ul>\t\t\t\t\t\t\t\t<\/div>\n\t\t\t\t<\/div>\n\t\t\t\t<div class=\"elementor-element elementor-element-7e9555b elementor-widget elementor-widget-heading\" data-id=\"7e9555b\" data-element_type=\"widget\" data-widget_type=\"heading.default\">\n\t\t\t\t<div class=\"elementor-widget-container\">\n\t\t\t\t\t<h2 class=\"elementor-heading-title elementor-size-default\">Sp\u00e9cifications techniques de l'armoire de chargement CC<\/h2>\t\t\t\t<\/div>\n\t\t\t\t<\/div>\n\t\t\t\t<div class=\"elementor-element elementor-element-7ea9b34 elementor-widget elementor-widget-text-editor\" data-id=\"7ea9b34\" data-element_type=\"widget\" data-widget_type=\"text-editor.default\">\n\t\t\t\t<div class=\"elementor-widget-container\">\n\t\t\t\t\t\t\t\t\t<ul>\n<li>Station de charge CC haute puissance Armoire m\u00e9tallique<\/li>\n<li>Gamme de puissance : 60kW - 480kW | Configurations \u00e0 un ou deux pistolets \u00a0<\/li>\n<li>Degr\u00e9 d'\u00e9tanch\u00e9it\u00e9 : IP54<\/li>\n<li>Certifications : CE, IEC 61851<\/li>\n<\/ul>\t\t\t\t\t\t\t\t<\/div>\n\t\t\t\t<\/div>\n\t\t\t\t<div class=\"elementor-element elementor-element-c1b5f27 elementor-widget elementor-widget-heading\" data-id=\"c1b5f27\" data-element_type=\"widget\" data-widget_type=\"heading.default\">\n\t\t\t\t<div class=\"elementor-widget-container\">\n\t\t\t\t\t<h2 class=\"elementor-heading-title elementor-size-default\">FAQ<\/h2>\t\t\t\t<\/div>\n\t\t\t\t<\/div>\n\t\t\t\t<div class=\"elementor-element elementor-element-9c2b4dc elementor-widget elementor-widget-n-accordion\" data-id=\"9c2b4dc\" data-element_type=\"widget\" data-settings=\"{&quot;default_state&quot;:&quot;expanded&quot;,&quot;max_items_expended&quot;:&quot;one&quot;,&quot;n_accordion_animation_duration&quot;:{&quot;unit&quot;:&quot;ms&quot;,&quot;size&quot;:400,&quot;sizes&quot;:[]}}\" data-widget_type=\"nested-accordion.default\">\n\t\t\t\t<div class=\"elementor-widget-container\">\n\t\t\t\t\t\t\t<div class=\"e-n-accordion\" aria-label=\"Accord\u00e9on. Ouvrez les liens avec Enter ou Space, fermez-les avec Escape et naviguez avec les touches fl\u00e9ch\u00e9es.\">\n\t\t\t\t\t\t<details id=\"e-n-accordion-item-1630\" class=\"e-n-accordion-item\" open>\n\t\t\t\t<summary class=\"e-n-accordion-item-title\" data-accordion-index=\"1\" tabindex=\"0\" aria-expanded=\"true\" aria-controls=\"e-n-accordion-item-1630\" >\n\t\t\t\t\t<span class='e-n-accordion-item-title-header'><div class=\"e-n-accordion-item-title-text\"> Pour quels types de stations de recharge les armoires de recharge DC sont-elles con\u00e7ues ? <\/div><\/span>\n\t\t\t\t\t\t\t<span class='e-n-accordion-item-title-icon'>\n\t\t\t<span class='e-opened' ><svg aria-hidden=\"true\" class=\"e-font-icon-svg e-fas-minus\" viewbox=\"0 0 448 512\" xmlns=\"http:\/\/www.w3.org\/2000\/svg\"><path d=\"M416 208H32c-17.67 0-32 14.33-32 32v32c0 17.67 14.33 32 32 32h384c17.67 0 32-14.33 32-32v-32c0-17.67-14.33-32-32-32z\"><\/path><\/svg><\/span>\n\t\t\t<span class='e-closed'><svg aria-hidden=\"true\" class=\"e-font-icon-svg e-fas-plus\" viewbox=\"0 0 448 512\" xmlns=\"http:\/\/www.w3.org\/2000\/svg\"><path d=\"M416 208H272V64c0-17.67-14.33-32-32-32h-32c-17.67 0-32 14.33-32 32v144H32c-17.67 0-32 14.33-32 32v32c0 17.67 14.33 32 32 32h144v144c0 17.67 14.33 32 32 32h32c17.67 0 32-14.33 32-32V304h144c17.67 0 32-14.33 32-32v-32c0-17.67-14.33-32-32-32z\"><\/path><\/svg><\/span>\n\t\t<\/span>\n\n\t\t\t\t\t\t<\/summary>\n\t\t\t\t<div role=\"region\" aria-labelledby=\"e-n-accordion-item-1630\" class=\"elementor-element elementor-element-f29351f e-con-full e-flex e-con e-child\" data-id=\"f29351f\" data-element_type=\"container\">\n\t\t\t\t<div class=\"elementor-element elementor-element-8cd5127 elementor-widget elementor-widget-text-editor\" data-id=\"8cd5127\" data-element_type=\"widget\" data-widget_type=\"text-editor.default\">\n\t\t\t\t<div class=\"elementor-widget-container\">\n\t\t\t\t\t\t\t\t\t<p>Ces armoires de recharge DC sont con\u00e7ues pour les stations de recharge DC de haute puissance avec des puissances de sortie allant de 60kW \u00e0 480kW. Elles conviennent aux environnements int\u00e9rieurs et ext\u00e9rieurs, y compris les applications de recharge commerciales, industrielles et publiques.<\/p>\t\t\t\t\t\t\t\t<\/div>\n\t\t\t\t<\/div>\n\t\t\t\t<\/div>\n\t\t\t\t\t<\/details>\n\t\t\t\t\t\t<details id=\"e-n-accordion-item-1631\" class=\"e-n-accordion-item\" >\n\t\t\t\t<summary class=\"e-n-accordion-item-title\" data-accordion-index=\"2\" tabindex=\"-1\" aria-expanded=\"false\" aria-controls=\"e-n-accordion-item-1631\" >\n\t\t\t\t\t<span class='e-n-accordion-item-title-header'><div class=\"e-n-accordion-item-title-text\"> Les armoires de recharge \u00e0 courant continu sont-elles compatibles avec les march\u00e9s mondiaux ? <\/div><\/span>\n\t\t\t\t\t\t\t<span class='e-n-accordion-item-title-icon'>\n\t\t\t<span class='e-opened' ><svg aria-hidden=\"true\" class=\"e-font-icon-svg e-fas-minus\" viewbox=\"0 0 448 512\" xmlns=\"http:\/\/www.w3.org\/2000\/svg\"><path d=\"M416 208H32c-17.67 0-32 14.33-32 32v32c0 17.67 14.33 32 32 32h384c17.67 0 32-14.33 32-32v-32c0-17.67-14.33-32-32-32z\"><\/path><\/svg><\/span>\n\t\t\t<span class='e-closed'><svg aria-hidden=\"true\" class=\"e-font-icon-svg e-fas-plus\" viewbox=\"0 0 448 512\" xmlns=\"http:\/\/www.w3.org\/2000\/svg\"><path d=\"M416 208H272V64c0-17.67-14.33-32-32-32h-32c-17.67 0-32 14.33-32 32v144H32c-17.67 0-32 14.33-32 32v32c0 17.67 14.33 32 32 32h144v144c0 17.67 14.33 32 32 32h32c17.67 0 32-14.33 32-32V304h144c17.67 0 32-14.33 32-32v-32c0-17.67-14.33-32-32-32z\"><\/path><\/svg><\/span>\n\t\t<\/span>\n\n\t\t\t\t\t\t<\/summary>\n\t\t\t\t<div role=\"region\" aria-labelledby=\"e-n-accordion-item-1631\" class=\"elementor-element elementor-element-9afbd5e e-con-full e-flex e-con e-child\" data-id=\"9afbd5e\" data-element_type=\"container\">\n\t\t\t\t<div class=\"elementor-element elementor-element-7c7c199 elementor-widget elementor-widget-text-editor\" data-id=\"7c7c199\" data-element_type=\"widget\" data-widget_type=\"text-editor.default\">\n\t\t\t\t<div class=\"elementor-widget-container\">\n\t\t\t\t\t\t\t\t\t<p>Oui, les armoires de recharge DC de Mekel sont conformes aux certifications TUV, CE et UL, ce qui permet de les d\u00e9ployer en Europe, en Am\u00e9rique du Nord et dans d'autres r\u00e9gions du monde.<\/p>\t\t\t\t\t\t\t\t<\/div>\n\t\t\t\t<\/div>\n\t\t\t\t<\/div>\n\t\t\t\t\t<\/details>\n\t\t\t\t\t\t<details id=\"e-n-accordion-item-1632\" class=\"e-n-accordion-item\" >\n\t\t\t\t<summary class=\"e-n-accordion-item-title\" data-accordion-index=\"3\" tabindex=\"-1\" aria-expanded=\"false\" aria-controls=\"e-n-accordion-item-1632\" >\n\t\t\t\t\t<span class='e-n-accordion-item-title-header'><div class=\"e-n-accordion-item-title-text\"> Comment choisir l'armoire de recharge DC adapt\u00e9e \u00e0 ma station de recharge DC ? <\/div><\/span>\n\t\t\t\t\t\t\t<span class='e-n-accordion-item-title-icon'>\n\t\t\t<span class='e-opened' ><svg aria-hidden=\"true\" class=\"e-font-icon-svg e-fas-minus\" viewbox=\"0 0 448 512\" xmlns=\"http:\/\/www.w3.org\/2000\/svg\"><path d=\"M416 208H32c-17.67 0-32 14.33-32 32v32c0 17.67 14.33 32 32 32h384c17.67 0 32-14.33 32-32v-32c0-17.67-14.33-32-32-32z\"><\/path><\/svg><\/span>\n\t\t\t<span class='e-closed'><svg aria-hidden=\"true\" class=\"e-font-icon-svg e-fas-plus\" viewbox=\"0 0 448 512\" xmlns=\"http:\/\/www.w3.org\/2000\/svg\"><path d=\"M416 208H272V64c0-17.67-14.33-32-32-32h-32c-17.67 0-32 14.33-32 32v144H32c-17.67 0-32 14.33-32 32v32c0 17.67 14.33 32 32 32h144v144c0 17.67 14.33 32 32 32h32c17.67 0 32-14.33 32-32V304h144c17.67 0 32-14.33 32-32v-32c0-17.67-14.33-32-32-32z\"><\/path><\/svg><\/span>\n\t\t<\/span>\n\n\t\t\t\t\t\t<\/summary>\n\t\t\t\t<div role=\"region\" aria-labelledby=\"e-n-accordion-item-1632\" class=\"elementor-element elementor-element-b3631fb e-con-full e-flex e-con e-child\" data-id=\"b3631fb\" data-element_type=\"container\">\n\t\t\t\t<div class=\"elementor-element elementor-element-ee3eae4 elementor-widget elementor-widget-text-editor\" data-id=\"ee3eae4\" data-element_type=\"widget\" data-widget_type=\"text-editor.default\">\n\t\t\t\t<div class=\"elementor-widget-container\">\n\t\t\t\t\t\t\t\t\t<p>Commencez par identifier les composants internes, tels que les modules d'alimentation, les syst\u00e8mes de refroidissement et les unit\u00e9s de contr\u00f4le, n\u00e9cessaires \u00e0 votre station de recharge. Ensuite, \u00e9valuez l'espace et les exigences de montage pour ces composants. Mekel fournit des sp\u00e9cifications d\u00e9taill\u00e9es et un support de compatibilit\u00e9 pour vous aider \u00e0 choisir l'armoire id\u00e9ale. Contactez nos repr\u00e9sentants pour une assistance personnalis\u00e9e ou pour demander des \u00e9chantillons et des plans.<\/p>\t\t\t\t\t\t\t\t<\/div>\n\t\t\t\t<\/div>\n\t\t\t\t<\/div>\n\t\t\t\t\t<\/details>\n\t\t\t\t\t<\/div>\n\t\t\t\t\t\t<\/div>\n\t\t\t\t<\/div>\n\t\t\t\t\t<\/div>\n\t\t\t\t<\/div>\n\t\t\t\t<\/div>","protected":false},"excerpt":{"rendered":"<p>Introduction to DC Charging Cabinet DC Charging Cabinet by Mekel is a robust, high-quality solution tailored for manufacturers and assemblers of DC charging stations. Designed for high-power applications, our cabinets offer exceptional durability, weather resistance, and flexible customization to meet the demands of global markets. With a focus on robust structural design and compatibility with [&hellip;]<\/p>","protected":false},"author":1,"featured_media":2882,"menu_order":0,"template":"","format":"standard","meta":{"_acf_changed":false,"site-sidebar-layout":"default","site-content-layout":"","ast-site-content-layout":"default","site-content-style":"default","site-sidebar-style":"default","ast-global-header-display":"","ast-banner-title-visibility":"","ast-main-header-display":"","ast-hfb-above-header-display":"","ast-hfb-below-header-display":"","ast-hfb-mobile-header-display":"","site-post-title":"","ast-breadcrumbs-content":"","ast-featured-img":"","footer-sml-layout":"","ast-disable-related-posts":"","theme-transparent-header-meta":"","adv-header-id-meta":"","stick-header-meta":"","header-above-stick-meta":"","header-main-stick-meta":"","header-below-stick-meta":"","astra-migrate-meta-layouts":"set","ast-page-background-enabled":"default","ast-page-background-meta":{"desktop":{"background-color":"","background-image":"","background-repeat":"repeat","background-position":"center center","background-size":"auto","background-attachment":"scroll","background-type":"","background-media":"","overlay-type":"","overlay-color":"","overlay-opacity":"","overlay-gradient":""},"tablet":{"background-color":"","background-image":"","background-repeat":"repeat","background-position":"center center","background-size":"auto","background-attachment":"scroll","background-type":"","background-media":"","overlay-type":"","overlay-color":"","overlay-opacity":"","overlay-gradient":""},"mobile":{"background-color":"","background-image":"","background-repeat":"repeat","background-position":"center center","background-size":"auto","background-attachment":"scroll","background-type":"","background-media":"","overlay-type":"","overlay-color":"","overlay-opacity":"","overlay-gradient":""}},"ast-content-background-meta":{"desktop":{"background-color":"var(--ast-global-color-5)","background-image":"","background-repeat":"repeat","background-position":"center center","background-size":"auto","background-attachment":"scroll","background-type":"","background-media":"","overlay-type":"","overlay-color":"","overlay-opacity":"","overlay-gradient":""},"tablet":{"background-color":"var(--ast-global-color-5)","background-image":"","background-repeat":"repeat","background-position":"center center","background-size":"auto","background-attachment":"scroll","background-type":"","background-media":"","overlay-type":"","overlay-color":"","overlay-opacity":"","overlay-gradient":""},"mobile":{"background-color":"var(--ast-global-color-5)","background-image":"","background-repeat":"repeat","background-position":"center center","background-size":"auto","background-attachment":"scroll","background-type":"","background-media":"","overlay-type":"","overlay-color":"","overlay-opacity":"","overlay-gradient":""}},"footnotes":""},"product-category":[103],"product-tag":[],"class_list":["post-2881","product","type-product","status-publish","format-standard","has-post-thumbnail","hentry","product-category-dc-charging-cabinet"],"acf":[],"_links":{"self":[{"href":"https:\/\/www.mekeltech.com\/fr\/wp-json\/wp\/v2\/product\/2881","targetHints":{"allow":["GET"]}}],"collection":[{"href":"https:\/\/www.mekeltech.com\/fr\/wp-json\/wp\/v2\/product"}],"about":[{"href":"https:\/\/www.mekeltech.com\/fr\/wp-json\/wp\/v2\/types\/product"}],"author":[{"embeddable":true,"href":"https:\/\/www.mekeltech.com\/fr\/wp-json\/wp\/v2\/users\/1"}],"version-history":[{"count":28,"href":"https:\/\/www.mekeltech.com\/fr\/wp-json\/wp\/v2\/product\/2881\/revisions"}],"predecessor-version":[{"id":6985,"href":"https:\/\/www.mekeltech.com\/fr\/wp-json\/wp\/v2\/product\/2881\/revisions\/6985"}],"wp:featuredmedia":[{"embeddable":true,"href":"https:\/\/www.mekeltech.com\/fr\/wp-json\/wp\/v2\/media\/2882"}],"wp:attachment":[{"href":"https:\/\/www.mekeltech.com\/fr\/wp-json\/wp\/v2\/media?parent=2881"}],"wp:term":[{"taxonomy":"product-category","embeddable":true,"href":"https:\/\/www.mekeltech.com\/fr\/wp-json\/wp\/v2\/product-category?post=2881"},{"taxonomy":"product-tag","embeddable":true,"href":"https:\/\/www.mekeltech.com\/fr\/wp-json\/wp\/v2\/product-tag?post=2881"}],"curies":[{"name":"wp","href":"https:\/\/api.w.org\/{rel}","templated":true}]}}