{"id":2859,"date":"2025-05-09T07:59:57","date_gmt":"2025-05-09T07:59:57","guid":{"rendered":"https:\/\/mekeltech.com\/?post_type=product&#038;p=2859"},"modified":"2025-08-21T09:45:44","modified_gmt":"2025-08-21T01:45:44","slug":"dc-v2l-discharger-for-tesla-nacs-port","status":"publish","type":"product","link":"https:\/\/www.mekeltech.com\/fr\/product\/dc-v2l-discharger-for-tesla-nacs-port\/","title":{"rendered":"Chargeur DC V2L pour Tesla NACS Port - Solution d'alimentation portable pour VE"},"content":{"rendered":"<div data-elementor-type=\"wp-post\" data-elementor-id=\"2859\" class=\"elementor elementor-2859\" data-elementor-post-type=\"product\">\n\t\t\t\t<div class=\"elementor-element elementor-element-4a0c9806 e-flex e-con-boxed e-con e-parent\" data-id=\"4a0c9806\" data-element_type=\"container\">\n\t\t\t\t\t<div class=\"e-con-inner\">\n\t\t\t\t<div class=\"elementor-element elementor-element-4f6cc8a elementor-widget elementor-widget-heading\" data-id=\"4f6cc8a\" data-element_type=\"widget\" data-widget_type=\"heading.default\">\n\t\t\t\t<div class=\"elementor-widget-container\">\n\t\t\t\t\t<h2 class=\"elementor-heading-title elementor-size-default\">Chargeur DC V2L pour Tesla NACS Port<\/h2>\t\t\t\t<\/div>\n\t\t\t\t<\/div>\n\t\t\t\t<div class=\"elementor-element elementor-element-dbd82cd elementor-widget elementor-widget-text-editor\" data-id=\"dbd82cd\" data-element_type=\"widget\" data-widget_type=\"text-editor.default\">\n\t\t\t\t<div class=\"elementor-widget-container\">\n\t\t\t\t\t\t\t\t\t<div data-lark-html-role=\"root\"><span class=\"text-only\" data-eleid=\"10\"><span class=\"text-only\" data-eleid=\"10\">Vous poss\u00e9dez une Tesla \/ un mod\u00e8le de VE qui n'a pas de fonctions V2L int\u00e9gr\u00e9es ? Maintenant avec nos d\u00e9chargeurs DC V2L innovants <span style=\"font-size: 16px;\">pour Tesla NACS<\/span><\/span><\/span><span class=\"text-only\" data-eleid=\"10\">Gr\u00e2ce \u00e0 notre chargeur DC V2L, vous pouvez utiliser sans effort la batterie de votre voiture pour alimenter vos appareils \u00e9lectroniques lorsque vous \u00eates sur la route. Notre d\u00e9chargeur DC V2L utilise le port de charge DC de la voiture comme source d'alimentation et dispose de 2 prises avec une puissance allant jusqu'\u00e0 3,5KW pour le port Tesla NACS et 5KW pour le port CCS2. Vous pouvez l'utiliser pour alimenter tous vos appareils de camping tels que grill, cuisini\u00e8re, r\u00e9frig\u00e9rateur, lampes, etc. Vous pouvez \u00e9galement l'utiliser comme source d'alimentation de secours en cas de panne de courant.<\/span><\/div>\t\t\t\t\t\t\t\t<\/div>\n\t\t\t\t<\/div>\n\t\t\t\t<div class=\"elementor-element elementor-element-b47661f elementor-widget elementor-widget-heading\" data-id=\"b47661f\" data-element_type=\"widget\" data-widget_type=\"heading.default\">\n\t\t\t\t<div class=\"elementor-widget-container\">\n\t\t\t\t\t<h2 class=\"elementor-heading-title elementor-size-default\">Comment fonctionne notre d\u00e9chargeur DC V2L pour Tesla NACS ? <\/h2>\t\t\t\t<\/div>\n\t\t\t\t<\/div>\n\t\t\t\t<div class=\"elementor-element elementor-element-53e5d74d elementor-widget elementor-widget-text-editor\" data-id=\"53e5d74d\" data-element_type=\"widget\" data-widget_type=\"text-editor.default\">\n\t\t\t\t<div class=\"elementor-widget-container\">\n\t\t\t\t\t\t\t\t\t<p data-start=\"1160\" data-end=\"1477\">Normalement, les v\u00e9hicules dot\u00e9s d'une fonction V2L int\u00e9gr\u00e9e fournissent une alimentation en courant alternatif directement par le port de charge, qui peut \u00eatre utilis\u00e9 avec un simple adaptateur V2L. Cependant, de nombreux mod\u00e8les de v\u00e9hicules \u00e9lectriques, tels que Tesla, n'ont pas de fonction V2L native. Cette situation peut \u00eatre frustrante pour les propri\u00e9taires de VE qui souhaitent tirer le meilleur parti de la capacit\u00e9 de la batterie de leur v\u00e9hicule.<\/p><p data-start=\"1479\" data-end=\"1889\">Le Mekel DC V2L Discharger pour Tesla NACS r\u00e9sout cette limitation en tirant le courant continu directement du port de charge CC de votre voiture et en le convertissant en courant alternatif par le biais d'un onduleur int\u00e9gr\u00e9. Cela garantit une conversion s\u00fbre et efficace de l'\u00e9nergie pour alimenter vos appareils. Il suffit de connecter le chargeur au port de charge de votre v\u00e9hicule, de l'allumer et vous \u00eates pr\u00eat \u00e0 alimenter vos appareils comme si vous vous branchiez sur une prise de courant domestique.<\/p>\t\t\t\t\t\t\t\t<\/div>\n\t\t\t\t<\/div>\n\t\t\t\t<div class=\"elementor-element elementor-element-d2d73f4 elementor-widget elementor-widget-heading\" data-id=\"d2d73f4\" data-element_type=\"widget\" data-widget_type=\"heading.default\">\n\t\t\t\t<div class=\"elementor-widget-container\">\n\t\t\t\t\t<h2 class=\"elementor-heading-title elementor-size-default\">Principales caract\u00e9ristiques du chargeur DC V2L pour le port Tesla NACS<\/h2>\t\t\t\t<\/div>\n\t\t\t\t<\/div>\n\t\t\t\t<div class=\"elementor-element elementor-element-7eccb48 elementor-widget elementor-widget-text-editor\" data-id=\"7eccb48\" data-element_type=\"widget\" data-widget_type=\"text-editor.default\">\n\t\t\t\t<div class=\"elementor-widget-container\">\n\t\t\t\t\t\t\t\t\t<ul><li data-lark-html-role=\"root\"><span class=\"text-only\" data-eleid=\"22\">Pour les v\u00e9hicules sans fonctions V2L int\u00e9gr\u00e9es <\/span><\/li><li data-lark-html-role=\"root\"><span class=\"text-only\" data-eleid=\"24\">Fonctionne avec les ports NACS (Tesla) ou CCS2 <\/span><\/li><li data-lark-html-role=\"root\"><span class=\"text-only\" data-eleid=\"26\">Puissance \u00e9lev\u00e9e jusqu'\u00e0 5KW <\/span><\/li><li data-lark-html-role=\"root\"><span class=\"text-only\" data-eleid=\"28\">Prises de courant doubles<\/span><\/li><\/ul>\t\t\t\t\t\t\t\t<\/div>\n\t\t\t\t<\/div>\n\t\t\t\t\t<\/div>\n\t\t\t\t<\/div>\n\t\t\t\t<\/div>","protected":false},"excerpt":{"rendered":"<p>DC V2L Discharger for Tesla NACS Port Do you own a Tesla \/ an EV model that doesn\u2019t have built-in V2L functions? Now with our innovative DC V2L dischargers for Tesla NACS, you can effortlessly use your car battery to power your electronic appliances when you are on the road. Our DC V2L Discharger uses [&hellip;]<\/p>","protected":false},"author":1,"featured_media":2860,"menu_order":0,"template":"","format":"standard","meta":{"_acf_changed":false,"site-sidebar-layout":"default","site-content-layout":"","ast-site-content-layout":"default","site-content-style":"default","site-sidebar-style":"default","ast-global-header-display":"","ast-banner-title-visibility":"","ast-main-header-display":"","ast-hfb-above-header-display":"","ast-hfb-below-header-display":"","ast-hfb-mobile-header-display":"","site-post-title":"","ast-breadcrumbs-content":"","ast-featured-img":"","footer-sml-layout":"","ast-disable-related-posts":"","theme-transparent-header-meta":"","adv-header-id-meta":"","stick-header-meta":"","header-above-stick-meta":"","header-main-stick-meta":"","header-below-stick-meta":"","astra-migrate-meta-layouts":"set","ast-page-background-enabled":"default","ast-page-background-meta":{"desktop":{"background-color":"","background-image":"","background-repeat":"repeat","background-position":"center center","background-size":"auto","background-attachment":"scroll","background-type":"","background-media":"","overlay-type":"","overlay-color":"","overlay-opacity":"","overlay-gradient":""},"tablet":{"background-color":"","background-image":"","background-repeat":"repeat","background-position":"center center","background-size":"auto","background-attachment":"scroll","background-type":"","background-media":"","overlay-type":"","overlay-color":"","overlay-opacity":"","overlay-gradient":""},"mobile":{"background-color":"","background-image":"","background-repeat":"repeat","background-position":"center center","background-size":"auto","background-attachment":"scroll","background-type":"","background-media":"","overlay-type":"","overlay-color":"","overlay-opacity":"","overlay-gradient":""}},"ast-content-background-meta":{"desktop":{"background-color":"var(--ast-global-color-5)","background-image":"","background-repeat":"repeat","background-position":"center center","background-size":"auto","background-attachment":"scroll","background-type":"","background-media":"","overlay-type":"","overlay-color":"","overlay-opacity":"","overlay-gradient":""},"tablet":{"background-color":"var(--ast-global-color-5)","background-image":"","background-repeat":"repeat","background-position":"center center","background-size":"auto","background-attachment":"scroll","background-type":"","background-media":"","overlay-type":"","overlay-color":"","overlay-opacity":"","overlay-gradient":""},"mobile":{"background-color":"var(--ast-global-color-5)","background-image":"","background-repeat":"repeat","background-position":"center center","background-size":"auto","background-attachment":"scroll","background-type":"","background-media":"","overlay-type":"","overlay-color":"","overlay-opacity":"","overlay-gradient":""}},"footnotes":""},"product-category":[93],"product-tag":[],"class_list":["post-2859","product","type-product","status-publish","format-standard","has-post-thumbnail","hentry","product-category-vehicle-to-load-v2l"],"acf":[],"_links":{"self":[{"href":"https:\/\/www.mekeltech.com\/fr\/wp-json\/wp\/v2\/product\/2859","targetHints":{"allow":["GET"]}}],"collection":[{"href":"https:\/\/www.mekeltech.com\/fr\/wp-json\/wp\/v2\/product"}],"about":[{"href":"https:\/\/www.mekeltech.com\/fr\/wp-json\/wp\/v2\/types\/product"}],"author":[{"embeddable":true,"href":"https:\/\/www.mekeltech.com\/fr\/wp-json\/wp\/v2\/users\/1"}],"version-history":[{"count":20,"href":"https:\/\/www.mekeltech.com\/fr\/wp-json\/wp\/v2\/product\/2859\/revisions"}],"predecessor-version":[{"id":6116,"href":"https:\/\/www.mekeltech.com\/fr\/wp-json\/wp\/v2\/product\/2859\/revisions\/6116"}],"wp:featuredmedia":[{"embeddable":true,"href":"https:\/\/www.mekeltech.com\/fr\/wp-json\/wp\/v2\/media\/2860"}],"wp:attachment":[{"href":"https:\/\/www.mekeltech.com\/fr\/wp-json\/wp\/v2\/media?parent=2859"}],"wp:term":[{"taxonomy":"product-category","embeddable":true,"href":"https:\/\/www.mekeltech.com\/fr\/wp-json\/wp\/v2\/product-category?post=2859"},{"taxonomy":"product-tag","embeddable":true,"href":"https:\/\/www.mekeltech.com\/fr\/wp-json\/wp\/v2\/product-tag?post=2859"}],"curies":[{"name":"wp","href":"https:\/\/api.w.org\/{rel}","templated":true}]}}