{"id":2855,"date":"2025-05-10T07:58:42","date_gmt":"2025-05-10T07:58:42","guid":{"rendered":"https:\/\/mekeltech.com\/?post_type=product&#038;p=2855"},"modified":"2025-09-05T11:37:20","modified_gmt":"2025-09-05T03:37:20","slug":"dc-v2l-discharger-for-ccs2-port","status":"publish","type":"product","link":"https:\/\/www.mekeltech.com\/fr\/product\/dc-v2l-discharger-for-ccs2-port\/","title":{"rendered":"Chargeur DC V2L pour le port CCS2 - Solution d'alimentation portable pour VE"},"content":{"rendered":"<div data-elementor-type=\"wp-post\" data-elementor-id=\"2855\" class=\"elementor elementor-2855\" data-elementor-post-type=\"product\">\n\t\t\t\t<div class=\"elementor-element elementor-element-4a95899e e-flex e-con-boxed e-con e-parent\" data-id=\"4a95899e\" data-element_type=\"container\">\n\t\t\t\t\t<div class=\"e-con-inner\">\n\t\t\t\t<div class=\"elementor-element elementor-element-da866a4 elementor-widget elementor-widget-heading\" data-id=\"da866a4\" data-element_type=\"widget\" data-widget_type=\"heading.default\">\n\t\t\t\t<div class=\"elementor-widget-container\">\n\t\t\t\t\t<h2 class=\"elementor-heading-title elementor-size-default\">Chargeur DC V2L pour le port CCS2<\/h2>\t\t\t\t<\/div>\n\t\t\t\t<\/div>\n\t\t\t\t<div class=\"elementor-element elementor-element-1ee4811 elementor-widget elementor-widget-text-editor\" data-id=\"1ee4811\" data-element_type=\"widget\" data-widget_type=\"text-editor.default\">\n\t\t\t\t<div class=\"elementor-widget-container\">\n\t\t\t\t\t\t\t\t\t<div data-lark-html-role=\"root\"><span class=\"text-only\" data-eleid=\"10\"> Vous poss\u00e9dez une Tesla \/ un mod\u00e8le de VE qui n'a pas de fonctions V2L int\u00e9gr\u00e9es ? D\u00e9sormais, gr\u00e2ce \u00e0 nos d\u00e9chargeurs DC V2L innovants pour le port CCS2, vous pouvez utiliser sans effort la batterie de votre voiture pour alimenter vos appareils \u00e9lectroniques lorsque vous \u00eates sur la route. Notre d\u00e9chargeur DC V2L utilise le port de charge DC de la voiture comme source d'alimentation et dispose de 2 prises avec une puissance allant jusqu'\u00e0 3,5KW pour le port Tesla NACS et 5KW pour le port CCS2. Vous pouvez l'utiliser pour alimenter tous vos appareils de camping tels que le gril, la cuisini\u00e8re, le r\u00e9frig\u00e9rateur, les lumi\u00e8res, etc. Vous pouvez \u00e9galement l'utiliser comme source d'alimentation de secours en cas de panne de courant.<\/span><\/div>\t\t\t\t\t\t\t\t<\/div>\n\t\t\t\t<\/div>\n\t\t\t\t<div class=\"elementor-element elementor-element-f2c233c elementor-widget elementor-widget-heading\" data-id=\"f2c233c\" data-element_type=\"widget\" data-widget_type=\"heading.default\">\n\t\t\t\t<div class=\"elementor-widget-container\">\n\t\t\t\t\t<h2 class=\"elementor-heading-title elementor-size-default\">\nComment fonctionne notre d\u00e9chargeur DC V2L pour le port CCS2 ?<\/h2>\t\t\t\t<\/div>\n\t\t\t\t<\/div>\n\t\t\t\t<div class=\"elementor-element elementor-element-5cf6907c elementor-widget elementor-widget-text-editor\" data-id=\"5cf6907c\" data-element_type=\"widget\" data-widget_type=\"text-editor.default\">\n\t\t\t\t<div class=\"elementor-widget-container\">\n\t\t\t\t\t\t\t\t\t<div data-lark-html-role=\"root\"><span class=\"text-only\" data-eleid=\"15\">En r\u00e8gle g\u00e9n\u00e9rale, les v\u00e9hicules qui prennent en charge le V2L fournissent du courant alternatif directement par leur port de charge, qui est ensuite utilis\u00e9 pour alimenter des appareils \u00e9lectroniques \u00e0 l'aide d'un simple adaptateur V2L. Toutefois, certains v\u00e9hicules tels que Tesla ne prennent pas en charge le V2L de cette mani\u00e8re habituelle, ce qui peut s'av\u00e9rer p\u00e9nible pour les propri\u00e9taires qui ne veulent pas compromettre leur mode de vie actif. <\/span> <span class=\"text-only\" data-eleid=\"17\">Le chargeur DC V2L pour port CCS2 de Mekel contourne intelligemment cette contrainte en tirant le courant continu directement du port de charge CC de la voiture, qui est ensuite converti en courant alternatif par l'onduleur du chargeur afin d'alimenter en toute s\u00e9curit\u00e9 vos appareils externes. Il suffit de brancher l'appareil sur le port de charge de la voiture, de l'allumer et il est pr\u00eat \u00e0 charger vos appareils. <\/span><\/div>\t\t\t\t\t\t\t\t<\/div>\n\t\t\t\t<\/div>\n\t\t\t\t<div class=\"elementor-element elementor-element-3d00db9 elementor-widget elementor-widget-heading\" data-id=\"3d00db9\" data-element_type=\"widget\" data-widget_type=\"heading.default\">\n\t\t\t\t<div class=\"elementor-widget-container\">\n\t\t\t\t\t<h2 class=\"elementor-heading-title elementor-size-default\">Principales caract\u00e9ristiques du d\u00e9chargeur DC V2L pour le port CCS2<\/h2>\t\t\t\t<\/div>\n\t\t\t\t<\/div>\n\t\t\t\t<div class=\"elementor-element elementor-element-bc22011 elementor-widget elementor-widget-text-editor\" data-id=\"bc22011\" data-element_type=\"widget\" data-widget_type=\"text-editor.default\">\n\t\t\t\t<div class=\"elementor-widget-container\">\n\t\t\t\t\t\t\t\t\t<ul>\n<li data-lark-html-role=\"root\"><span class=\"text-only\" data-eleid=\"22\">Pour les v\u00e9hicules sans fonctions V2L int\u00e9gr\u00e9es <\/span><\/li>\n<li data-lark-html-role=\"root\"><span class=\"text-only\" data-eleid=\"24\">Fonctionne avec les ports NACS (Tesla) ou CCS2 <\/span><\/li>\n<li data-lark-html-role=\"root\"><span class=\"text-only\" data-eleid=\"26\">Puissance \u00e9lev\u00e9e jusqu'\u00e0 5KW <\/span><\/li>\n<li data-lark-html-role=\"root\"><span class=\"text-only\" data-eleid=\"28\">Prises de courant doubles<\/span><\/li>\n<\/ul>\t\t\t\t\t\t\t\t<\/div>\n\t\t\t\t<\/div>\n\t\t\t\t\t<\/div>\n\t\t\t\t<\/div>\n\t\t\t\t<\/div>","protected":false},"excerpt":{"rendered":"<p>DC V2L Discharger for CCS2 Port Do you own a Tesla \/ an EV model that doesn\u2019t have built-in V2L functions? Now with our innovative DC V2L dischargers for CCS2 Port, you can effortlessly use your car battery to power your electronic appliances when you are on the road. Our DC V2L Discharger uses the [&hellip;]<\/p>","protected":false},"author":1,"featured_media":2857,"menu_order":0,"template":"","format":"standard","meta":{"_acf_changed":true,"site-sidebar-layout":"default","site-content-layout":"","ast-site-content-layout":"default","site-content-style":"default","site-sidebar-style":"default","ast-global-header-display":"","ast-banner-title-visibility":"","ast-main-header-display":"","ast-hfb-above-header-display":"","ast-hfb-below-header-display":"","ast-hfb-mobile-header-display":"","site-post-title":"disabled","ast-breadcrumbs-content":"","ast-featured-img":"disabled","footer-sml-layout":"","ast-disable-related-posts":"","theme-transparent-header-meta":"","adv-header-id-meta":"","stick-header-meta":"","header-above-stick-meta":"","header-main-stick-meta":"","header-below-stick-meta":"","astra-migrate-meta-layouts":"set","ast-page-background-enabled":"default","ast-page-background-meta":{"desktop":{"background-color":"","background-image":"","background-repeat":"repeat","background-position":"center center","background-size":"auto","background-attachment":"scroll","background-type":"","background-media":"","overlay-type":"","overlay-color":"","overlay-opacity":"","overlay-gradient":""},"tablet":{"background-color":"","background-image":"","background-repeat":"repeat","background-position":"center center","background-size":"auto","background-attachment":"scroll","background-type":"","background-media":"","overlay-type":"","overlay-color":"","overlay-opacity":"","overlay-gradient":""},"mobile":{"background-color":"","background-image":"","background-repeat":"repeat","background-position":"center center","background-size":"auto","background-attachment":"scroll","background-type":"","background-media":"","overlay-type":"","overlay-color":"","overlay-opacity":"","overlay-gradient":""}},"ast-content-background-meta":{"desktop":{"background-color":"var(--ast-global-color-5)","background-image":"","background-repeat":"repeat","background-position":"center center","background-size":"auto","background-attachment":"scroll","background-type":"","background-media":"","overlay-type":"","overlay-color":"","overlay-opacity":"","overlay-gradient":""},"tablet":{"background-color":"var(--ast-global-color-5)","background-image":"","background-repeat":"repeat","background-position":"center center","background-size":"auto","background-attachment":"scroll","background-type":"","background-media":"","overlay-type":"","overlay-color":"","overlay-opacity":"","overlay-gradient":""},"mobile":{"background-color":"var(--ast-global-color-5)","background-image":"","background-repeat":"repeat","background-position":"center center","background-size":"auto","background-attachment":"scroll","background-type":"","background-media":"","overlay-type":"","overlay-color":"","overlay-opacity":"","overlay-gradient":""}},"footnotes":""},"product-category":[93],"product-tag":[],"class_list":["post-2855","product","type-product","status-publish","format-standard","has-post-thumbnail","hentry","product-category-vehicle-to-load-v2l"],"acf":[],"_links":{"self":[{"href":"https:\/\/www.mekeltech.com\/fr\/wp-json\/wp\/v2\/product\/2855","targetHints":{"allow":["GET"]}}],"collection":[{"href":"https:\/\/www.mekeltech.com\/fr\/wp-json\/wp\/v2\/product"}],"about":[{"href":"https:\/\/www.mekeltech.com\/fr\/wp-json\/wp\/v2\/types\/product"}],"author":[{"embeddable":true,"href":"https:\/\/www.mekeltech.com\/fr\/wp-json\/wp\/v2\/users\/1"}],"version-history":[{"count":27,"href":"https:\/\/www.mekeltech.com\/fr\/wp-json\/wp\/v2\/product\/2855\/revisions"}],"predecessor-version":[{"id":7162,"href":"https:\/\/www.mekeltech.com\/fr\/wp-json\/wp\/v2\/product\/2855\/revisions\/7162"}],"wp:featuredmedia":[{"embeddable":true,"href":"https:\/\/www.mekeltech.com\/fr\/wp-json\/wp\/v2\/media\/2857"}],"wp:attachment":[{"href":"https:\/\/www.mekeltech.com\/fr\/wp-json\/wp\/v2\/media?parent=2855"}],"wp:term":[{"taxonomy":"product-category","embeddable":true,"href":"https:\/\/www.mekeltech.com\/fr\/wp-json\/wp\/v2\/product-category?post=2855"},{"taxonomy":"product-tag","embeddable":true,"href":"https:\/\/www.mekeltech.com\/fr\/wp-json\/wp\/v2\/product-tag?post=2855"}],"curies":[{"name":"wp","href":"https:\/\/api.w.org\/{rel}","templated":true}]}}