{"id":2845,"date":"2025-05-02T07:48:19","date_gmt":"2025-05-02T07:48:19","guid":{"rendered":"https:\/\/mekeltech.com\/?post_type=product&#038;p=2845"},"modified":"2025-08-07T17:06:11","modified_gmt":"2025-08-07T09:06:11","slug":"european-to-tesla-ac-type2-ccs2-ev-charging-adapter","status":"publish","type":"product","link":"https:\/\/www.mekeltech.com\/fr\/product\/european-to-tesla-ac-type2-ccs2-ev-charging-adapter\/","title":{"rendered":"Adaptateur de charge europ\u00e9en vers Tesla AC (Type 2 - CCS2) pour VE"},"content":{"rendered":"<p>Fiable et facile \u00e0 utiliser, l'adaptateur de charge CCS2 vers GBT DC EV permet aux v\u00e9hicules \u00e9quip\u00e9s d'un port standard chinois (GBT) de se recharger rapidement \u00e0 l'aide de chargeurs DC standard europ\u00e9ens (CCS2). Le produit a un design compact pour un stockage facile et est pr\u00eat \u00e0 l'emploi sans n\u00e9cessiter d'installation suppl\u00e9mentaire. La r\u00e9sistance \u00e0 l'eau IP54 et la r\u00e9sistance \u00e0 la temp\u00e9rature de -30\u00b0C \u00e0 +50\u00b0C garantissent une s\u00e9curit\u00e9 et une durabilit\u00e9 auxquelles vous pouvez faire confiance.<\/p>\n\n\n\n<p class=\"has-medium-font-size\"><strong>Une solution pour chaque norme de recharge<\/strong><strong><\/strong><\/p>\n\n\n\n<p>Notre gamme d'adaptateurs de charge pour VE offre des solutions de conversion pour chaque norme de charge \u00e0 travers le monde, y compris des conversions entre les ports de charge am\u00e9ricains de type 1, Tesla NACS, europ\u00e9ens de type 2, chinois GBT et japonais Chademo.  Contactez-nous pour d\u00e9couvrir les adaptateurs parfaits pour vos march\u00e9s respectifs.<\/p>\n\n\n\n<p class=\"has-medium-font-size\"><strong>Qualit\u00e9 de construction sup\u00e9rieure<\/strong><strong><\/strong><\/p>\n\n\n\n<p>Nos adaptateurs sont fabriqu\u00e9s \u00e0 partir d'une coque thermoplastique tr\u00e8s r\u00e9sistante qui offre une grande durabilit\u00e9 et d'un alliage de cuivre plaqu\u00e9 argent qui offre une conductivit\u00e9 de premier ordre, ce qui contribuera \u00e0 la satisfaction de vos clients.<\/p>\n\n\n\n<p class=\"has-medium-font-size\"><strong>Facile \u00e0 utiliser et \u00e0 transporter<\/strong><strong><\/strong><\/p>\n\n\n\n<p>Nos adaptateurs sont compacts sans pour autant compromettre leur fonctionnalit\u00e9. Ils prennent en charge la recharge \u00e0 grande vitesse en courant alternatif ou continu, tout en se logeant confortablement dans une bo\u00eete \u00e0 gants. Il suffit de l'installer sur le pistolet de charge et de le brancher sur le port de charge du v\u00e9hicule pour une exp\u00e9rience de charge transparente.<\/p>\n\n\n\n<p class=\"has-medium-font-size\"><strong>Produit Haut<\/strong><strong>lumi\u00e8re<\/strong><strong><\/strong><\/p>\n\n\n\n<ul class=\"wp-block-list\">\n<li>Toutes les normes de tarification<\/li>\n\n\n\n<li>Mat\u00e9riaux de premi\u00e8re qualit\u00e9<\/li>\n\n\n\n<li>Protection contre les intemp\u00e9ries<\/li>\n\n\n\n<li>Pr\u00e9paration de la production<\/li>\n\n\n\n<li>Livraison rapide<\/li>\n<\/ul>\n\n\n\n<p class=\"has-medium-font-size\"><strong>Produit<\/strong><strong>&nbsp;<\/strong><strong>D\u00e9tails<\/strong><strong><\/strong><\/p>\n\n\n\n<figure class=\"wp-block-table\"><table class=\"has-fixed-layout\"><tbody><tr><td><strong>Nom du produit<\/strong><strong><\/strong><\/td><td><strong>Adaptateur de charge CCS2 vers GBT<\/strong><strong><\/strong><\/td><\/tr><tr><td><strong>Courant nominal<\/strong><strong><\/strong><\/td><td><strong>Max 250A<\/strong><strong><\/strong><\/td><\/tr><tr><td><strong>Tension nominale <\/strong><strong><\/strong><\/td><td><strong>Max 1000V DC<\/strong><strong><\/strong><\/td><\/tr><tr><td><strong>R\u00e9sistance \u00e0 l'eau <\/strong><strong><\/strong><\/td><td><strong>IP54 (lorsqu'il est branch\u00e9)<\/strong><strong><\/strong><\/td><\/tr><tr><td><strong>Coquille ext\u00e9rieure <\/strong><strong><\/strong><\/td><td><strong>Thermoplastique<\/strong><strong>\uff08TBC\uff09<\/strong><strong><\/strong><\/td><\/tr><tr><td><strong>Broche conductrice<\/strong><strong><\/strong><\/td><td><strong>Alliage de cuivre, plaqu\u00e9 argent<\/strong><strong><\/strong><\/td><\/tr><tr><td><strong>Temp\u00e9rature de fonctionnement <\/strong><strong><\/strong><\/td><td><strong>De -30\u00b0C \u00e0 +50\u00b0C<\/strong><strong><\/strong><\/td><\/tr><tr><td><strong>Poids net<\/strong><strong><\/strong><\/td><td><strong>1,6 kg<\/strong><strong><\/strong><\/td><\/tr><tr><td><strong>Dimensions<\/strong><strong><\/strong><\/td><td><strong>294*95*145mm<\/strong><strong><\/strong><\/td><\/tr><\/tbody><\/table><\/figure>\n\n\n\n<p class=\"has-medium-font-size\"><strong>FAQ<\/strong><strong><\/strong><\/p>\n\n\n\n<p class=\"has-medium-font-size\"><strong>Quelle est la fonction d'un adaptateur de charge pour VE ? <\/strong><strong><\/strong><\/p>\n\n\n\n<p>Un adaptateur de charge pour VE permet \u00e0 un v\u00e9hicule d'utiliser une station de charge dont la norme de charge est diff\u00e9rente. Par exemple, une voiture import\u00e9e de Chine et dot\u00e9e d'un port de charge de type GBT peut \u00eatre recharg\u00e9e avec la prise europ\u00e9enne de type 2, \u00e0 l'aide d'un adaptateur de type 2 \u00e0 GBT.<\/p>\n\n\n\n<p><strong class=\"\">Comment connecter l'adaptateur de charge europ\u00e9en \u00e0 Tesla AC (Type 2 - CCS2) ?<\/strong><\/p>\n\n\n\n<p>Pour utiliser le <strong>Adaptateur de charge pour VE<\/strong>Avec l'adaptateur, il suffit d'ins\u00e9rer la prise de type 2 de la station dans l'extr\u00e9mit\u00e9 femelle de l'adaptateur, puis de brancher l'extr\u00e9mit\u00e9 m\u00e2le compatible avec Tesla dans le port de charge de votre v\u00e9hicule. La charge d\u00e9marre automatiquement en quelques secondes.<\/p>\n\n\n\n<p><strong class=\"\">L'adaptateur de charge europ\u00e9en vers Tesla AC (Type 2 - CCS2) ralentira-t-il ma vitesse de charge par rapport \u00e0 un connecteur mural Tesla ?<\/strong><\/p>\n\n\n\n<p>Non. Les conducteurs plaqu\u00e9s argent de la <strong class=\"\">Adaptateur de charge pour VE<\/strong> introduisent une perte de puissance &lt;0,3%, de sorte que les vitesses de charge en courant alternatif de 11 kW ou 22 kW restent identiques \u00e0 celles de la charge directe de type 2.<\/p>\n\n\n\n<p><\/p>","protected":false},"excerpt":{"rendered":"<p>Reliable and easy to use, the CCS2 to GBT DC EV charging adapter allows vehicles with Chinese standard port (GBT) to fast charge using European standard DC chargers (CCS2). The product has a compact\u00a0design for easy storage and is plug-and-play without needing additional setups. Comes with IP54 water resistance and temperature endurance of -30\u00b0C to [&hellip;]<\/p>","protected":false},"author":1,"featured_media":3356,"menu_order":0,"template":"","format":"standard","meta":{"_acf_changed":false,"site-sidebar-layout":"default","site-content-layout":"","ast-site-content-layout":"default","site-content-style":"default","site-sidebar-style":"default","ast-global-header-display":"","ast-banner-title-visibility":"","ast-main-header-display":"","ast-hfb-above-header-display":"","ast-hfb-below-header-display":"","ast-hfb-mobile-header-display":"","site-post-title":"","ast-breadcrumbs-content":"","ast-featured-img":"","footer-sml-layout":"","ast-disable-related-posts":"","theme-transparent-header-meta":"","adv-header-id-meta":"","stick-header-meta":"","header-above-stick-meta":"","header-main-stick-meta":"","header-below-stick-meta":"","astra-migrate-meta-layouts":"set","ast-page-background-enabled":"default","ast-page-background-meta":{"desktop":{"background-color":"","background-image":"","background-repeat":"repeat","background-position":"center center","background-size":"auto","background-attachment":"scroll","background-type":"","background-media":"","overlay-type":"","overlay-color":"","overlay-opacity":"","overlay-gradient":""},"tablet":{"background-color":"","background-image":"","background-repeat":"repeat","background-position":"center center","background-size":"auto","background-attachment":"scroll","background-type":"","background-media":"","overlay-type":"","overlay-color":"","overlay-opacity":"","overlay-gradient":""},"mobile":{"background-color":"","background-image":"","background-repeat":"repeat","background-position":"center center","background-size":"auto","background-attachment":"scroll","background-type":"","background-media":"","overlay-type":"","overlay-color":"","overlay-opacity":"","overlay-gradient":""}},"ast-content-background-meta":{"desktop":{"background-color":"var(--ast-global-color-5)","background-image":"","background-repeat":"repeat","background-position":"center center","background-size":"auto","background-attachment":"scroll","background-type":"","background-media":"","overlay-type":"","overlay-color":"","overlay-opacity":"","overlay-gradient":""},"tablet":{"background-color":"var(--ast-global-color-5)","background-image":"","background-repeat":"repeat","background-position":"center center","background-size":"auto","background-attachment":"scroll","background-type":"","background-media":"","overlay-type":"","overlay-color":"","overlay-opacity":"","overlay-gradient":""},"mobile":{"background-color":"var(--ast-global-color-5)","background-image":"","background-repeat":"repeat","background-position":"center center","background-size":"auto","background-attachment":"scroll","background-type":"","background-media":"","overlay-type":"","overlay-color":"","overlay-opacity":"","overlay-gradient":""}},"footnotes":""},"product-category":[89],"product-tag":[],"class_list":["post-2845","product","type-product","status-publish","format-standard","has-post-thumbnail","hentry","product-category-charging-adapter"],"acf":[],"_links":{"self":[{"href":"https:\/\/www.mekeltech.com\/fr\/wp-json\/wp\/v2\/product\/2845","targetHints":{"allow":["GET"]}}],"collection":[{"href":"https:\/\/www.mekeltech.com\/fr\/wp-json\/wp\/v2\/product"}],"about":[{"href":"https:\/\/www.mekeltech.com\/fr\/wp-json\/wp\/v2\/types\/product"}],"author":[{"embeddable":true,"href":"https:\/\/www.mekeltech.com\/fr\/wp-json\/wp\/v2\/users\/1"}],"version-history":[{"count":5,"href":"https:\/\/www.mekeltech.com\/fr\/wp-json\/wp\/v2\/product\/2845\/revisions"}],"predecessor-version":[{"id":5829,"href":"https:\/\/www.mekeltech.com\/fr\/wp-json\/wp\/v2\/product\/2845\/revisions\/5829"}],"wp:featuredmedia":[{"embeddable":true,"href":"https:\/\/www.mekeltech.com\/fr\/wp-json\/wp\/v2\/media\/3356"}],"wp:attachment":[{"href":"https:\/\/www.mekeltech.com\/fr\/wp-json\/wp\/v2\/media?parent=2845"}],"wp:term":[{"taxonomy":"product-category","embeddable":true,"href":"https:\/\/www.mekeltech.com\/fr\/wp-json\/wp\/v2\/product-category?post=2845"},{"taxonomy":"product-tag","embeddable":true,"href":"https:\/\/www.mekeltech.com\/fr\/wp-json\/wp\/v2\/product-tag?post=2845"}],"curies":[{"name":"wp","href":"https:\/\/api.w.org\/{rel}","templated":true}]}}