{"id":2843,"date":"2025-05-03T07:45:54","date_gmt":"2025-05-03T07:45:54","guid":{"rendered":"https:\/\/mekeltech.com\/?post_type=product&#038;p=2843"},"modified":"2025-09-05T10:51:46","modified_gmt":"2025-09-05T02:51:46","slug":"ccs2-chademo-ev-charging-adapters","status":"publish","type":"product","link":"https:\/\/www.mekeltech.com\/fr\/product\/ccs2-chademo-ev-charging-adapters\/","title":{"rendered":"CCS2-CHAdeMO Adaptateurs de charge pour v\u00e9hicules \u00e9lectriques"},"content":{"rendered":"<h2 class=\"wp-block-heading\">Introduction aux DC europ\u00e9ens et japonais (CCS2-CHAdeMO)<\/h2>\n\n\n\n<p>Fiables et faciles \u00e0 utiliser, les adaptateurs de charge CCS2 vers CHAdeMO DC EV permettent aux v\u00e9hicules \u00e9quip\u00e9s d'un port standard japonais (CHAdeMO ) de se recharger rapidement \u00e0 l'aide de chargeurs CC standard europ\u00e9ens (CCS2). Le produit a un design compact pour un stockage facile et est pr\u00eat \u00e0 l'emploi sans n\u00e9cessiter d'installation suppl\u00e9mentaire. La r\u00e9sistance \u00e0 l'eau IP54 et la r\u00e9sistance \u00e0 la temp\u00e9rature de -30\u00b0C \u00e0 +50\u00b0C garantissent une s\u00e9curit\u00e9 et une durabilit\u00e9 auxquelles vous pouvez faire confiance.<\/p>\n\n\n\n<h2 class=\"wp-block-heading\">Caract\u00e9ristiques des adaptateurs de charge Mekel EV<\/h2>\n\n\n\n<h3 class=\"wp-block-heading\">Une solution pour chaque norme de recharge<\/h3>\n\n\n\n<p>Notre gamme d'adaptateurs de charge pour VE offre des solutions de conversion pour chaque norme de charge \u00e0 travers le monde, y compris des conversions entre les ports de charge am\u00e9ricains de type 1, Tesla NACS, europ\u00e9ens de type 2, chinois GBT et japonais Chademo.  N'h\u00e9sitez pas \u00e0 nous contacter pour d\u00e9couvrir les adaptateurs parfaits pour vos march\u00e9s respectifs.<\/p>\n\n\n\n<h3 class=\"wp-block-heading has-medium-font-size\"><strong>Qualit\u00e9 de construction sup\u00e9rieure<\/strong><strong><\/strong><\/h3>\n\n\n\n<p>Nos adaptateurs sont fabriqu\u00e9s \u00e0 partir d'une coque thermoplastique tr\u00e8s r\u00e9sistante qui offre une grande durabilit\u00e9 et d'un alliage de cuivre plaqu\u00e9 argent qui offre une conductivit\u00e9 de premier ordre, ce qui contribuera \u00e0 la satisfaction de vos clients.<\/p>\n\n\n\n<h3 class=\"wp-block-heading has-medium-font-size\"><strong>Facile \u00e0 utiliser et \u00e0 transporter<\/strong><strong><\/strong><\/h3>\n\n\n\n<p>Nos adaptateurs sont compacts sans pour autant compromettre leur fonctionnalit\u00e9. Ils prennent en charge la recharge \u00e0 grande vitesse en courant alternatif ou continu, tout en se logeant confortablement dans une bo\u00eete \u00e0 gants. Il suffit de l'installer sur le pistolet de charge et de le brancher sur le port de charge du v\u00e9hicule pour une exp\u00e9rience de charge transparente.<\/p>\n\n\n\n<h2 class=\"wp-block-heading\"><strong>Produit Haut<\/strong><strong>lumi\u00e8re<\/strong><strong><\/strong><\/h2>\n\n\n\n<p>Toutes les normes de tarification<\/p>\n\n\n\n<p>Mat\u00e9riaux de premi\u00e8re qualit\u00e9<\/p>\n\n\n\n<p>Protection contre les intemp\u00e9ries<\/p>\n\n\n\n<p>Pr\u00e9paration de la production<\/p>\n\n\n\n<p>Livraison rapide<\/p>\n\n\n\n<h2 class=\"wp-block-heading has-medium-font-size\"><strong>Produit<\/strong><strong>&nbsp;<\/strong><strong>D\u00e9tails<\/strong><strong><\/strong><\/h2>\n\n\n\n<figure class=\"wp-block-table\"><table class=\"has-fixed-layout\"><tbody><tr><td><strong>Nom du produit<\/strong><strong><\/strong><\/td><td><strong>CCS2 \u00e0 CHAdeMO<\/strong> <strong>Adaptateur de charge<\/strong><\/td><\/tr><tr><td><strong>Courant nominal<\/strong><strong><\/strong><\/td><td><strong>Max 250A<\/strong><strong><\/strong><\/td><\/tr><tr><td><strong>Tension nominale <\/strong><strong><\/strong><\/td><td><strong>Max 1000V DC<\/strong><strong><\/strong><\/td><\/tr><tr><td><strong>R\u00e9sistance \u00e0 l'eau <\/strong><strong><\/strong><\/td><td><strong>IP54 (lorsqu'il est branch\u00e9)<\/strong><strong><\/strong><\/td><\/tr><tr><td><strong>Coquille ext\u00e9rieure <\/strong><strong><\/strong><\/td><td><strong>Thermoplastique<\/strong><strong>\uff08TBC\uff09<\/strong><strong><\/strong><\/td><\/tr><tr><td><strong>Broche conductrice<\/strong><strong><\/strong><\/td><td><strong>Alliage de cuivre, plaqu\u00e9 argent<\/strong><strong><\/strong><\/td><\/tr><tr><td><strong>Temp\u00e9rature de fonctionnement <\/strong><strong><\/strong><\/td><td><strong>De -30\u00b0C \u00e0 +50\u00b0C<\/strong><strong><\/strong><\/td><\/tr><tr><td><strong>Poids net<\/strong><strong><\/strong><\/td><td><strong>1,6 kg<\/strong><strong><\/strong><\/td><\/tr><tr><td><strong>Dimensions<\/strong><strong><\/strong><\/td><td><strong>294*95*145mm<\/strong><\/td><\/tr><\/tbody><\/table><\/figure>\n\n\n\n<h2 class=\"wp-block-heading has-medium-font-size\"><strong>FAQ<\/strong><strong><\/strong><\/h2>\n\n\n\n<p class=\"has-medium-font-size\">Quelle est la fonction d'un adaptateur de charge pour VE ? <\/p>\n\n\n\n<p>Un adaptateur de charge pour VE permet \u00e0 un v\u00e9hicule d'utiliser une station de charge dont la norme de charge est diff\u00e9rente. Par exemple, une voiture import\u00e9e de Chine et dot\u00e9e d'un port de charge de type CHAdeMO peut \u00eatre recharg\u00e9e avec la prise europ\u00e9enne de type 2, \u00e0 l'aide d'un adaptateur de type 2 \u00e0 CHAdeMO.<\/p>\n\n\n\n<p class=\"has-medium-font-size\">Ces adaptateurs de charge CCS2 vers CHAdeMO DC EV chargeront-ils plus lentement que l'adaptateur d'origine ?<\/p>\n\n\n\n<p>R : Ce produit utilise des conducteurs en alliage de cuivre plaqu\u00e9 argent (r\u00e9sistance &lt; 0,2m\u03a9), perte de puissance &lt; 0,3%, et l&#039;efficacit\u00e9 de la charge est \u00e9quivalente \u00e0 celle des piles \u00e0 charge directe.<\/p>\n\n\n\n<p class=\"has-medium-font-size\">Quelle puissance ces adaptateurs de charge pour VE CCS2-CHAdeMO prennent-ils en charge pour la charge rapide ?<\/p>\n\n\n\n<p>R : Ce produit prend en charge la charge rapide en courant continu jusqu'\u00e0 250A\/1000V (250kW), r\u00e9pondant ainsi aux besoins de charge \u00e0 vitesse extr\u00eame des mod\u00e8les grand public.<\/p>\n\n\n\n<p class=\"has-medium-font-size\">Cet adaptateur CCS2 vers CHAdeMO peut-il \u00eatre utilis\u00e9 normalement dans un environnement \u00e0 basse temp\u00e9rature de -20\u2103 ?<\/p>\n\n\n\n<p>R : Oui, ces <strong>Adaptateurs de charge pour VE<\/strong> ont pass\u00e9 le test du froid extr\u00eame de -30\u2103, et le capteur de temp\u00e9rature int\u00e9gr\u00e9 est utilis\u00e9 pour la surveillance en temps r\u00e9el afin d'assurer un fonctionnement s\u00fbr dans la plage de temp\u00e9rature compl\u00e8te de -30\u00b0C \u00e0 50\u00b0C.<\/p>\n\n\n\n<p><\/p>","protected":false},"excerpt":{"rendered":"<p>Introduction to European to Japanese DC (CCS2-CHAdeMO) Reliable and easy to use, the CCS2 to CHAdeMO DC EV charging adapters allow vehicles with Japanese standard port (CHAdeMO ) to fast charge using European standard DC chargers (CCS2). The product has a compact&nbsp;design for easy storage and is plug-and-play without needing additional setups. Comes with IP54 [&hellip;]<\/p>","protected":false},"author":1,"featured_media":3352,"menu_order":0,"template":"","format":"standard","meta":{"_acf_changed":true,"site-sidebar-layout":"default","site-content-layout":"","ast-site-content-layout":"default","site-content-style":"default","site-sidebar-style":"default","ast-global-header-display":"","ast-banner-title-visibility":"","ast-main-header-display":"","ast-hfb-above-header-display":"","ast-hfb-below-header-display":"","ast-hfb-mobile-header-display":"","site-post-title":"","ast-breadcrumbs-content":"","ast-featured-img":"","footer-sml-layout":"","ast-disable-related-posts":"","theme-transparent-header-meta":"","adv-header-id-meta":"","stick-header-meta":"","header-above-stick-meta":"","header-main-stick-meta":"","header-below-stick-meta":"","astra-migrate-meta-layouts":"set","ast-page-background-enabled":"default","ast-page-background-meta":{"desktop":{"background-color":"","background-image":"","background-repeat":"repeat","background-position":"center center","background-size":"auto","background-attachment":"scroll","background-type":"","background-media":"","overlay-type":"","overlay-color":"","overlay-opacity":"","overlay-gradient":""},"tablet":{"background-color":"","background-image":"","background-repeat":"repeat","background-position":"center center","background-size":"auto","background-attachment":"scroll","background-type":"","background-media":"","overlay-type":"","overlay-color":"","overlay-opacity":"","overlay-gradient":""},"mobile":{"background-color":"","background-image":"","background-repeat":"repeat","background-position":"center center","background-size":"auto","background-attachment":"scroll","background-type":"","background-media":"","overlay-type":"","overlay-color":"","overlay-opacity":"","overlay-gradient":""}},"ast-content-background-meta":{"desktop":{"background-color":"var(--ast-global-color-5)","background-image":"","background-repeat":"repeat","background-position":"center center","background-size":"auto","background-attachment":"scroll","background-type":"","background-media":"","overlay-type":"","overlay-color":"","overlay-opacity":"","overlay-gradient":""},"tablet":{"background-color":"var(--ast-global-color-5)","background-image":"","background-repeat":"repeat","background-position":"center center","background-size":"auto","background-attachment":"scroll","background-type":"","background-media":"","overlay-type":"","overlay-color":"","overlay-opacity":"","overlay-gradient":""},"mobile":{"background-color":"var(--ast-global-color-5)","background-image":"","background-repeat":"repeat","background-position":"center center","background-size":"auto","background-attachment":"scroll","background-type":"","background-media":"","overlay-type":"","overlay-color":"","overlay-opacity":"","overlay-gradient":""}},"footnotes":""},"product-category":[89],"product-tag":[],"class_list":["post-2843","product","type-product","status-publish","format-standard","has-post-thumbnail","hentry","product-category-charging-adapter"],"acf":[],"_links":{"self":[{"href":"https:\/\/www.mekeltech.com\/fr\/wp-json\/wp\/v2\/product\/2843","targetHints":{"allow":["GET"]}}],"collection":[{"href":"https:\/\/www.mekeltech.com\/fr\/wp-json\/wp\/v2\/product"}],"about":[{"href":"https:\/\/www.mekeltech.com\/fr\/wp-json\/wp\/v2\/types\/product"}],"author":[{"embeddable":true,"href":"https:\/\/www.mekeltech.com\/fr\/wp-json\/wp\/v2\/users\/1"}],"version-history":[{"count":7,"href":"https:\/\/www.mekeltech.com\/fr\/wp-json\/wp\/v2\/product\/2843\/revisions"}],"predecessor-version":[{"id":7093,"href":"https:\/\/www.mekeltech.com\/fr\/wp-json\/wp\/v2\/product\/2843\/revisions\/7093"}],"wp:featuredmedia":[{"embeddable":true,"href":"https:\/\/www.mekeltech.com\/fr\/wp-json\/wp\/v2\/media\/3352"}],"wp:attachment":[{"href":"https:\/\/www.mekeltech.com\/fr\/wp-json\/wp\/v2\/media?parent=2843"}],"wp:term":[{"taxonomy":"product-category","embeddable":true,"href":"https:\/\/www.mekeltech.com\/fr\/wp-json\/wp\/v2\/product-category?post=2843"},{"taxonomy":"product-tag","embeddable":true,"href":"https:\/\/www.mekeltech.com\/fr\/wp-json\/wp\/v2\/product-tag?post=2843"}],"curies":[{"name":"wp","href":"https:\/\/api.w.org\/{rel}","templated":true}]}}