{"id":2841,"date":"2025-05-04T07:43:48","date_gmt":"2025-05-04T07:43:48","guid":{"rendered":"https:\/\/mekeltech.com\/?post_type=product&#038;p=2841"},"modified":"2025-08-07T11:58:34","modified_gmt":"2025-08-07T03:58:34","slug":"european-to-chinese-dc-ccs2-gbt-ev-charging-adapters","status":"publish","type":"product","link":"https:\/\/www.mekeltech.com\/fr\/product\/european-to-chinese-dc-ccs2-gbt-ev-charging-adapters\/","title":{"rendered":"Adaptateurs de charge pour VE de l'Europe vers le CC chinois (CCS2-GBT)"},"content":{"rendered":"<h2 class=\"wp-block-heading\">Introduction to European to Chinese DC (CCS2-GBT) EV Charging Adapters<\/h2>\n\n\n\n<p>Fiables et faciles \u00e0 utiliser, les adaptateurs de charge CCS2 vers GBT DC EV permettent aux v\u00e9hicules \u00e9quip\u00e9s d'un port standard chinois (GBT) de se recharger rapidement \u00e0 l'aide de chargeurs DC standard europ\u00e9ens (CCS2). Le produit a un design compact pour un stockage facile et est pr\u00eat \u00e0 l'emploi sans n\u00e9cessiter d'installation suppl\u00e9mentaire. La r\u00e9sistance \u00e0 l'eau IP54 et la r\u00e9sistance \u00e0 la temp\u00e9rature de -30\u00b0C \u00e0 +50\u00b0C garantissent une s\u00e9curit\u00e9 et une durabilit\u00e9 auxquelles vous pouvez faire confiance.<\/p>\n\n\n\n<h2 class=\"wp-block-heading\">Caract\u00e9ristiques des adaptateurs de charge Mekel EV<\/h2>\n\n\n\n<h3 class=\"wp-block-heading has-medium-font-size\"><strong>Une solution pour chaque norme de recharge<\/strong><strong><\/strong><\/h3>\n\n\n\n<p>Mekel&#8217;s EV charging adapter lineup provides conversion solutions for every charging standard across&nbsp;the world, including conversions between<strong>&nbsp;American&nbsp;Type 1, Tesla&nbsp;NACS, European&nbsp;Type 2, Chinese&nbsp;GBT, and Japanese&nbsp;Chademo<\/strong>&nbsp;charging ports. &nbsp;Speak with us to find out about the perfect adaptor products for your respective markets<\/p>\n\n\n\n<h3 class=\"wp-block-heading has-medium-font-size\"><strong>Qualit\u00e9 de construction sup\u00e9rieure<\/strong><strong><\/strong><\/h3>\n\n\n\n<p>Our charging adapters are made with high-strength thermoplastic&nbsp;shell that provide great durability and silver-plated&nbsp;copper alloy that delivers top-class conductivity, which will help drive your customers\u2019&nbsp;satisfaction<\/p>\n\n\n\n<h3 class=\"wp-block-heading has-medium-font-size\"><strong>Facile \u00e0 utiliser et \u00e0 transporter<\/strong><strong><\/strong><\/h3>\n\n\n\n<p>Our EV charging adapters boast compact designs without compromising functionality. It supports high speed AC or DC charging, all while fits comfortably&nbsp;inside a glovebox. Simply fit onto the charging gun and plug into vehicle\u2019s charging port fora seamless&nbsp;charging experience<\/p>\n\n\n\n<h2 class=\"wp-block-heading\"><strong>Produit Haut<\/strong><strong>lumi\u00e8re<\/strong><strong><\/strong><\/h2>\n\n\n\n<ul class=\"wp-block-list\">\n<li>Toutes les normes de tarification<\/li>\n\n\n\n<li>Mat\u00e9riaux de premi\u00e8re qualit\u00e9<\/li>\n\n\n\n<li>Protection contre les intemp\u00e9ries<\/li>\n\n\n\n<li>Pr\u00e9paration de la production<\/li>\n\n\n\n<li>Livraison rapide<\/li>\n<\/ul>\n\n\n\n<h2 class=\"wp-block-heading\"><strong>Product&nbsp;Specifications<\/strong><\/h2>\n\n\n\n<figure class=\"wp-block-table\"><table class=\"has-fixed-layout\"><tbody><tr><td><strong>Nom du produit<\/strong><strong><\/strong><\/td><td><strong>Adaptateur de charge CCS2 vers GBT<\/strong><strong><\/strong><\/td><\/tr><tr><td><strong>Courant nominal<\/strong><strong><\/strong><\/td><td><strong>Max 250A<\/strong><strong><\/strong><\/td><\/tr><tr><td><strong>Tension nominale <\/strong><strong><\/strong><\/td><td><strong>Max 1000V DC<\/strong><strong><\/strong><\/td><\/tr><tr><td><strong>R\u00e9sistance \u00e0 l'eau<\/strong><\/td><td><strong>IP54 (lorsqu'il est branch\u00e9)<\/strong><strong><\/strong><\/td><\/tr><tr><td><strong>Coquille ext\u00e9rieure <\/strong><strong><\/strong><\/td><td><strong>Thermoplastique<\/strong><strong>\uff08TBC\uff09<\/strong><strong><\/strong><\/td><\/tr><tr><td><strong>Broche conductrice<\/strong><strong><\/strong><\/td><td><strong>Alliage de cuivre, plaqu\u00e9 argent<\/strong><strong><\/strong><\/td><\/tr><tr><td><strong>Temp\u00e9rature de fonctionnement <\/strong><strong><\/strong><\/td><td><strong>De -30\u00b0C \u00e0 +50\u00b0C<\/strong><strong><\/strong><\/td><\/tr><tr><td><strong>Poids net<\/strong><strong><\/strong><\/td><td><strong>1,6 kg<\/strong><strong><\/strong><\/td><\/tr><tr><td><strong>Dimensions<\/strong><strong><\/strong><\/td><td><strong>294*95*145mm<\/strong><strong><\/strong><\/td><\/tr><\/tbody><\/table><\/figure>\n\n\n\n<h2 class=\"wp-block-heading\"><strong>FAQ<\/strong><\/h2>\n\n\n\n<p><strong>Q: Will these European to Chinese DC EV charging adapters charge slower than the original one?<\/strong><br>R : Ce produit utilise des conducteurs en alliage de cuivre plaqu\u00e9 argent (r\u00e9sistance &lt; 0,2m\u03a9), perte de puissance &lt; 0,3%, et l&#039;efficacit\u00e9 de la charge est \u00e9quivalente \u00e0 celle des piles \u00e0 charge directe.<\/p>\n\n\n\n<p><strong>Q: What safety certifications has this CCS2-GBT DC EV charging adapter passed?<\/strong><br>A: It holds CE\/ROHS certification, and core components have passed ISO 20653 dust and water resistance test and UL94 V-0 flame retardant certification.<\/p>\n\n\n\n<p><strong>Q: How much power do CCS2-GBT EV charging adapters support for fast charging?<\/strong><br>R : Ce produit prend en charge la charge rapide en courant continu jusqu'\u00e0 250A\/1000V (250kW), r\u00e9pondant ainsi aux besoins de charge \u00e0 vitesse extr\u00eame des mod\u00e8les grand public.<\/p>\n\n\n\n<p><strong>Q: Can this European to Chinese DC adapter be used normally in a low temperature environment of -20\u2103?<\/strong><br>A Yes, these EV charging adapters have passed the -30\u2103 extreme cold test, and the built-in temperature sensor is used for real-time monitoring to ensure safe operation in the full temperature range of -30\u00b0C to 50\u00b0C.<\/p>","protected":false},"excerpt":{"rendered":"<p>Introduction aux adaptateurs de charge pour VE du CC europ\u00e9en au CC chinois (CCS2-GBT) Fiables et faciles \u00e0 utiliser, les adaptateurs de charge pour VE du CCS2 au CC GBT permettent aux v\u00e9hicules dot\u00e9s d'un port standard chinois (GBT) de se recharger rapidement \u00e0 l'aide de chargeurs CC au standard europ\u00e9en (CCS2). Le produit a un design compact pour un stockage facile et est pr\u00eat \u00e0 l'emploi sans n\u00e9cessiter d'installation suppl\u00e9mentaire. Il est livr\u00e9 [...]<\/p>","protected":false},"author":1,"featured_media":3338,"menu_order":0,"template":"","format":"standard","meta":{"_acf_changed":false,"site-sidebar-layout":"default","site-content-layout":"","ast-site-content-layout":"default","site-content-style":"default","site-sidebar-style":"default","ast-global-header-display":"","ast-banner-title-visibility":"","ast-main-header-display":"","ast-hfb-above-header-display":"","ast-hfb-below-header-display":"","ast-hfb-mobile-header-display":"","site-post-title":"","ast-breadcrumbs-content":"","ast-featured-img":"","footer-sml-layout":"","ast-disable-related-posts":"","theme-transparent-header-meta":"","adv-header-id-meta":"","stick-header-meta":"","header-above-stick-meta":"","header-main-stick-meta":"","header-below-stick-meta":"","astra-migrate-meta-layouts":"set","ast-page-background-enabled":"default","ast-page-background-meta":{"desktop":{"background-color":"","background-image":"","background-repeat":"repeat","background-position":"center center","background-size":"auto","background-attachment":"scroll","background-type":"","background-media":"","overlay-type":"","overlay-color":"","overlay-opacity":"","overlay-gradient":""},"tablet":{"background-color":"","background-image":"","background-repeat":"repeat","background-position":"center center","background-size":"auto","background-attachment":"scroll","background-type":"","background-media":"","overlay-type":"","overlay-color":"","overlay-opacity":"","overlay-gradient":""},"mobile":{"background-color":"","background-image":"","background-repeat":"repeat","background-position":"center center","background-size":"auto","background-attachment":"scroll","background-type":"","background-media":"","overlay-type":"","overlay-color":"","overlay-opacity":"","overlay-gradient":""}},"ast-content-background-meta":{"desktop":{"background-color":"var(--ast-global-color-5)","background-image":"","background-repeat":"repeat","background-position":"center center","background-size":"auto","background-attachment":"scroll","background-type":"","background-media":"","overlay-type":"","overlay-color":"","overlay-opacity":"","overlay-gradient":""},"tablet":{"background-color":"var(--ast-global-color-5)","background-image":"","background-repeat":"repeat","background-position":"center center","background-size":"auto","background-attachment":"scroll","background-type":"","background-media":"","overlay-type":"","overlay-color":"","overlay-opacity":"","overlay-gradient":""},"mobile":{"background-color":"var(--ast-global-color-5)","background-image":"","background-repeat":"repeat","background-position":"center center","background-size":"auto","background-attachment":"scroll","background-type":"","background-media":"","overlay-type":"","overlay-color":"","overlay-opacity":"","overlay-gradient":""}},"footnotes":""},"product-category":[89],"product-tag":[],"class_list":["post-2841","product","type-product","status-publish","format-standard","has-post-thumbnail","hentry","product-category-charging-adapter"],"acf":[],"_links":{"self":[{"href":"https:\/\/www.mekeltech.com\/fr\/wp-json\/wp\/v2\/product\/2841","targetHints":{"allow":["GET"]}}],"collection":[{"href":"https:\/\/www.mekeltech.com\/fr\/wp-json\/wp\/v2\/product"}],"about":[{"href":"https:\/\/www.mekeltech.com\/fr\/wp-json\/wp\/v2\/types\/product"}],"author":[{"embeddable":true,"href":"https:\/\/www.mekeltech.com\/fr\/wp-json\/wp\/v2\/users\/1"}],"version-history":[{"count":11,"href":"https:\/\/www.mekeltech.com\/fr\/wp-json\/wp\/v2\/product\/2841\/revisions"}],"predecessor-version":[{"id":7090,"href":"https:\/\/www.mekeltech.com\/fr\/wp-json\/wp\/v2\/product\/2841\/revisions\/7090"}],"wp:featuredmedia":[{"embeddable":true,"href":"https:\/\/www.mekeltech.com\/fr\/wp-json\/wp\/v2\/media\/3338"}],"wp:attachment":[{"href":"https:\/\/www.mekeltech.com\/fr\/wp-json\/wp\/v2\/media?parent=2841"}],"wp:term":[{"taxonomy":"product-category","embeddable":true,"href":"https:\/\/www.mekeltech.com\/fr\/wp-json\/wp\/v2\/product-category?post=2841"},{"taxonomy":"product-tag","embeddable":true,"href":"https:\/\/www.mekeltech.com\/fr\/wp-json\/wp\/v2\/product-tag?post=2841"}],"curies":[{"name":"wp","href":"https:\/\/api.w.org\/{rel}","templated":true}]}}